{"id":8166,"date":"2023-10-30T14:36:14","date_gmt":"2023-10-30T14:36:14","guid":{"rendered":"https:\/\/abaa.mx\/tienda\/?post_type=product&#038;p=8166"},"modified":"2023-10-30T14:36:15","modified_gmt":"2023-10-30T14:36:15","slug":"odometro-de-rueda-grande-820201","status":"publish","type":"product","link":"https:\/\/abaa.mx\/tienda\/odometro-de-rueda-grande-820201\/","title":{"rendered":"Od\u00f3metro de Rueda Grande &#8211; 820201"},"content":{"rendered":"","protected":false},"excerpt":{"rendered":"<p>El distanci\u00f3metro digital de rueda grande modelo SC-820201 tiene la aptitud de efectuar mediciones de distancia en segmentos rectos y de cualquier forma viable. Su rueda peque\u00f1a permite entrar a lugares de tama\u00f1o reducido d\u00e1ndole un alcance mejorado en comparaci\u00f3n con od\u00f3metros de rueda grande. Apps : Asfalto\/preciso \/pavimentaci\u00f3n, Materiales para cercas Construcci\u00f3n ligera , Carreteras y construcci\u00f3n pesada, Revisi\u00f3n de campo y paisajismo, Arquitectura, Inmuebles comerciales o residenciales, Material para techado, Medici\u00f3n de campo atl\u00e9tico. Contenido del paquete : Medidor de distancia con tripi\u00e9 incluido. Estuche suave para transporte.<\/p>\n","protected":false},"featured_media":8168,"comment_status":"open","ping_status":"closed","template":"","meta":{"_joinchat":[]},"product_brand":[],"product_cat":[93],"product_tag":[],"class_list":{"0":"post-8166","1":"product","2":"type-product","3":"status-publish","4":"has-post-thumbnail","6":"product_cat-distanciometros","8":"first","9":"instock","10":"shipping-taxable","11":"product-type-simple"},"yoast_head":"<!-- This site is optimized with the Yoast SEO plugin v26.4 - https:\/\/yoast.com\/wordpress\/plugins\/seo\/ -->\n<title>Od\u00f3metro de Rueda Grande - 820201 - Abaa tienda online<\/title>\n<meta name=\"robots\" content=\"index, follow, max-snippet:-1, max-image-preview:large, max-video-preview:-1\" \/>\n<link rel=\"canonical\" href=\"https:\/\/abaa.mx\/tienda\/odometro-de-rueda-grande-820201\/\" \/>\n<meta property=\"og:locale\" content=\"es_MX\" \/>\n<meta property=\"og:type\" content=\"article\" \/>\n<meta property=\"og:title\" content=\"Od\u00f3metro de Rueda Grande - 820201 - Abaa tienda online\" \/>\n<meta property=\"og:description\" content=\"El distanci\u00f3metro digital de rueda grande modelo SC-820201 tiene la aptitud de efectuar mediciones de distancia en segmentos rectos y de cualquier forma viable. Su rueda peque\u00f1a permite entrar a lugares de tama\u00f1o reducido d\u00e1ndole un alcance mejorado en comparaci\u00f3n con od\u00f3metros de rueda grande. Apps : Asfalto\/preciso \/pavimentaci\u00f3n, Materiales para cercas Construcci\u00f3n ligera , Carreteras y construcci\u00f3n pesada, Revisi\u00f3n de campo y paisajismo, Arquitectura, Inmuebles comerciales o residenciales, Material para techado, Medici\u00f3n de campo atl\u00e9tico. Contenido del paquete : Medidor de distancia con tripi\u00e9 incluido. Estuche suave para transporte.\" \/>\n<meta property=\"og:url\" content=\"https:\/\/abaa.mx\/tienda\/odometro-de-rueda-grande-820201\/\" \/>\n<meta property=\"og:site_name\" content=\"Abaa tienda online\" \/>\n<meta property=\"article:modified_time\" content=\"2023-10-30T14:36:15+00:00\" \/>\n<meta property=\"og:image\" content=\"https:\/\/abaa.mx\/tienda\/wp-content\/uploads\/2023\/10\/SICHUAN-MM-820201.jpg\" \/>\n\t<meta property=\"og:image:width\" content=\"263\" \/>\n\t<meta property=\"og:image:height\" content=\"265\" \/>\n\t<meta property=\"og:image:type\" content=\"image\/jpeg\" \/>\n<meta name=\"twitter:card\" content=\"summary_large_image\" \/>\n<script type=\"application\/ld+json\" class=\"yoast-schema-graph\">{\"@context\":\"https:\/\/schema.org\",\"@graph\":[{\"@type\":\"WebPage\",\"@id\":\"https:\/\/abaa.mx\/tienda\/odometro-de-rueda-grande-820201\/\",\"url\":\"https:\/\/abaa.mx\/tienda\/odometro-de-rueda-grande-820201\/\",\"name\":\"Od\u00f3metro de Rueda Grande - 820201 - Abaa tienda online\",\"isPartOf\":{\"@id\":\"https:\/\/abaa.mx\/tienda\/#website\"},\"primaryImageOfPage\":{\"@id\":\"https:\/\/abaa.mx\/tienda\/odometro-de-rueda-grande-820201\/#primaryimage\"},\"image\":{\"@id\":\"https:\/\/abaa.mx\/tienda\/odometro-de-rueda-grande-820201\/#primaryimage\"},\"thumbnailUrl\":\"https:\/\/abaa.mx\/tienda\/wp-content\/uploads\/2023\/10\/SICHUAN-MM-820201.jpg\",\"datePublished\":\"2023-10-30T14:36:14+00:00\",\"dateModified\":\"2023-10-30T14:36:15+00:00\",\"breadcrumb\":{\"@id\":\"https:\/\/abaa.mx\/tienda\/odometro-de-rueda-grande-820201\/#breadcrumb\"},\"inLanguage\":\"es\",\"potentialAction\":[{\"@type\":\"ReadAction\",\"target\":[\"https:\/\/abaa.mx\/tienda\/odometro-de-rueda-grande-820201\/\"]}]},{\"@type\":\"ImageObject\",\"inLanguage\":\"es\",\"@id\":\"https:\/\/abaa.mx\/tienda\/odometro-de-rueda-grande-820201\/#primaryimage\",\"url\":\"https:\/\/abaa.mx\/tienda\/wp-content\/uploads\/2023\/10\/SICHUAN-MM-820201.jpg\",\"contentUrl\":\"https:\/\/abaa.mx\/tienda\/wp-content\/uploads\/2023\/10\/SICHUAN-MM-820201.jpg\",\"width\":263,\"height\":265,\"caption\":\"SICHUAN MM-820201\"},{\"@type\":\"BreadcrumbList\",\"@id\":\"https:\/\/abaa.mx\/tienda\/odometro-de-rueda-grande-820201\/#breadcrumb\",\"itemListElement\":[{\"@type\":\"ListItem\",\"position\":1,\"name\":\"Inicio\",\"item\":\"https:\/\/abaa.mx\/tienda\/\"},{\"@type\":\"ListItem\",\"position\":2,\"name\":\"Tienda\",\"item\":\"https:\/\/abaa.mx\/tienda\/\"},{\"@type\":\"ListItem\",\"position\":3,\"name\":\"Od\u00f3metro de Rueda Grande &#8211; 820201\"}]},{\"@type\":\"WebSite\",\"@id\":\"https:\/\/abaa.mx\/tienda\/#website\",\"url\":\"https:\/\/abaa.mx\/tienda\/\",\"name\":\"Abaa tienda online\",\"description\":\"Instrumentos de medici\u00f3n\",\"publisher\":{\"@id\":\"https:\/\/abaa.mx\/tienda\/#organization\"},\"potentialAction\":[{\"@type\":\"SearchAction\",\"target\":{\"@type\":\"EntryPoint\",\"urlTemplate\":\"https:\/\/abaa.mx\/tienda\/?s={search_term_string}\"},\"query-input\":{\"@type\":\"PropertyValueSpecification\",\"valueRequired\":true,\"valueName\":\"search_term_string\"}}],\"inLanguage\":\"es\"},{\"@type\":\"Organization\",\"@id\":\"https:\/\/abaa.mx\/tienda\/#organization\",\"name\":\"Abaa tienda online\",\"url\":\"https:\/\/abaa.mx\/tienda\/\",\"logo\":{\"@type\":\"ImageObject\",\"inLanguage\":\"es\",\"@id\":\"https:\/\/abaa.mx\/tienda\/#\/schema\/logo\/image\/\",\"url\":\"https:\/\/abaa.mx\/tienda\/wp-content\/uploads\/2024\/01\/abaa-metrologia-tienda.png\",\"contentUrl\":\"https:\/\/abaa.mx\/tienda\/wp-content\/uploads\/2024\/01\/abaa-metrologia-tienda.png\",\"width\":300,\"height\":141,\"caption\":\"Abaa tienda online\"},\"image\":{\"@id\":\"https:\/\/abaa.mx\/tienda\/#\/schema\/logo\/image\/\"}}]}<\/script>\n<!-- \/ Yoast SEO plugin. -->","yoast_head_json":{"title":"Od\u00f3metro de Rueda Grande - 820201 - Abaa tienda online","robots":{"index":"index","follow":"follow","max-snippet":"max-snippet:-1","max-image-preview":"max-image-preview:large","max-video-preview":"max-video-preview:-1"},"canonical":"https:\/\/abaa.mx\/tienda\/odometro-de-rueda-grande-820201\/","og_locale":"es_MX","og_type":"article","og_title":"Od\u00f3metro de Rueda Grande - 820201 - Abaa tienda online","og_description":"El distanci\u00f3metro digital de rueda grande modelo SC-820201 tiene la aptitud de efectuar mediciones de distancia en segmentos rectos y de cualquier forma viable. Su rueda peque\u00f1a permite entrar a lugares de tama\u00f1o reducido d\u00e1ndole un alcance mejorado en comparaci\u00f3n con od\u00f3metros de rueda grande. Apps : Asfalto\/preciso \/pavimentaci\u00f3n, Materiales para cercas Construcci\u00f3n ligera , Carreteras y construcci\u00f3n pesada, Revisi\u00f3n de campo y paisajismo, Arquitectura, Inmuebles comerciales o residenciales, Material para techado, Medici\u00f3n de campo atl\u00e9tico. Contenido del paquete : Medidor de distancia con tripi\u00e9 incluido. Estuche suave para transporte.","og_url":"https:\/\/abaa.mx\/tienda\/odometro-de-rueda-grande-820201\/","og_site_name":"Abaa tienda online","article_modified_time":"2023-10-30T14:36:15+00:00","og_image":[{"width":263,"height":265,"url":"https:\/\/abaa.mx\/tienda\/wp-content\/uploads\/2023\/10\/SICHUAN-MM-820201.jpg","type":"image\/jpeg"}],"twitter_card":"summary_large_image","schema":{"@context":"https:\/\/schema.org","@graph":[{"@type":"WebPage","@id":"https:\/\/abaa.mx\/tienda\/odometro-de-rueda-grande-820201\/","url":"https:\/\/abaa.mx\/tienda\/odometro-de-rueda-grande-820201\/","name":"Od\u00f3metro de Rueda Grande - 820201 - Abaa tienda online","isPartOf":{"@id":"https:\/\/abaa.mx\/tienda\/#website"},"primaryImageOfPage":{"@id":"https:\/\/abaa.mx\/tienda\/odometro-de-rueda-grande-820201\/#primaryimage"},"image":{"@id":"https:\/\/abaa.mx\/tienda\/odometro-de-rueda-grande-820201\/#primaryimage"},"thumbnailUrl":"https:\/\/abaa.mx\/tienda\/wp-content\/uploads\/2023\/10\/SICHUAN-MM-820201.jpg","datePublished":"2023-10-30T14:36:14+00:00","dateModified":"2023-10-30T14:36:15+00:00","breadcrumb":{"@id":"https:\/\/abaa.mx\/tienda\/odometro-de-rueda-grande-820201\/#breadcrumb"},"inLanguage":"es","potentialAction":[{"@type":"ReadAction","target":["https:\/\/abaa.mx\/tienda\/odometro-de-rueda-grande-820201\/"]}]},{"@type":"ImageObject","inLanguage":"es","@id":"https:\/\/abaa.mx\/tienda\/odometro-de-rueda-grande-820201\/#primaryimage","url":"https:\/\/abaa.mx\/tienda\/wp-content\/uploads\/2023\/10\/SICHUAN-MM-820201.jpg","contentUrl":"https:\/\/abaa.mx\/tienda\/wp-content\/uploads\/2023\/10\/SICHUAN-MM-820201.jpg","width":263,"height":265,"caption":"SICHUAN MM-820201"},{"@type":"BreadcrumbList","@id":"https:\/\/abaa.mx\/tienda\/odometro-de-rueda-grande-820201\/#breadcrumb","itemListElement":[{"@type":"ListItem","position":1,"name":"Inicio","item":"https:\/\/abaa.mx\/tienda\/"},{"@type":"ListItem","position":2,"name":"Tienda","item":"https:\/\/abaa.mx\/tienda\/"},{"@type":"ListItem","position":3,"name":"Od\u00f3metro de Rueda Grande &#8211; 820201"}]},{"@type":"WebSite","@id":"https:\/\/abaa.mx\/tienda\/#website","url":"https:\/\/abaa.mx\/tienda\/","name":"Abaa tienda online","description":"Instrumentos de medici\u00f3n","publisher":{"@id":"https:\/\/abaa.mx\/tienda\/#organization"},"potentialAction":[{"@type":"SearchAction","target":{"@type":"EntryPoint","urlTemplate":"https:\/\/abaa.mx\/tienda\/?s={search_term_string}"},"query-input":{"@type":"PropertyValueSpecification","valueRequired":true,"valueName":"search_term_string"}}],"inLanguage":"es"},{"@type":"Organization","@id":"https:\/\/abaa.mx\/tienda\/#organization","name":"Abaa tienda online","url":"https:\/\/abaa.mx\/tienda\/","logo":{"@type":"ImageObject","inLanguage":"es","@id":"https:\/\/abaa.mx\/tienda\/#\/schema\/logo\/image\/","url":"https:\/\/abaa.mx\/tienda\/wp-content\/uploads\/2024\/01\/abaa-metrologia-tienda.png","contentUrl":"https:\/\/abaa.mx\/tienda\/wp-content\/uploads\/2024\/01\/abaa-metrologia-tienda.png","width":300,"height":141,"caption":"Abaa tienda online"},"image":{"@id":"https:\/\/abaa.mx\/tienda\/#\/schema\/logo\/image\/"}}]}},"_links":{"self":[{"href":"https:\/\/abaa.mx\/tienda\/wp-json\/wp\/v2\/product\/8166","targetHints":{"allow":["GET"]}}],"collection":[{"href":"https:\/\/abaa.mx\/tienda\/wp-json\/wp\/v2\/product"}],"about":[{"href":"https:\/\/abaa.mx\/tienda\/wp-json\/wp\/v2\/types\/product"}],"replies":[{"embeddable":true,"href":"https:\/\/abaa.mx\/tienda\/wp-json\/wp\/v2\/comments?post=8166"}],"wp:featuredmedia":[{"embeddable":true,"href":"https:\/\/abaa.mx\/tienda\/wp-json\/wp\/v2\/media\/8168"}],"wp:attachment":[{"href":"https:\/\/abaa.mx\/tienda\/wp-json\/wp\/v2\/media?parent=8166"}],"wp:term":[{"taxonomy":"product_brand","embeddable":true,"href":"https:\/\/abaa.mx\/tienda\/wp-json\/wp\/v2\/product_brand?post=8166"},{"taxonomy":"product_cat","embeddable":true,"href":"https:\/\/abaa.mx\/tienda\/wp-json\/wp\/v2\/product_cat?post=8166"},{"taxonomy":"product_tag","embeddable":true,"href":"https:\/\/abaa.mx\/tienda\/wp-json\/wp\/v2\/product_tag?post=8166"}],"curies":[{"name":"wp","href":"https:\/\/api.w.org\/{rel}","templated":true}]}}