{"id":8164,"date":"2023-10-27T21:03:53","date_gmt":"2023-10-27T21:03:53","guid":{"rendered":"https:\/\/abaa.mx\/tienda\/?post_type=product&#038;p=8164"},"modified":"2023-12-04T15:30:56","modified_gmt":"2023-12-04T15:30:56","slug":"odometro-digital-rueda-pequena-820099","status":"publish","type":"product","link":"https:\/\/abaa.mx\/tienda\/odometro-digital-rueda-pequena-820099\/","title":{"rendered":"Od\u00f3metro Digital Rueda Peque\u00f1a &#8211; 820099"},"content":{"rendered":"<p>Od\u00f3metro Digital Rueda Pequena &#8211; 820099<\/p>\n","protected":false},"excerpt":{"rendered":"<p>El Pod\u00f3metro an\u00e1logo (Distanci\u00f3metro) de rueda grande modelo SC-820201 es un equipo simple y servible para la medici\u00f3n de longitud de segmentos lineales o de manera irregular Especificaciones : Es un equipo particularmente \u00fatil en la medici\u00f3n de distancia en trabajos de aplicaci\u00f3n de Asfalto, concreto , pavimentaci\u00f3n, materiales para cercas, construcci\u00f3n r\u00e1pida , carreteras y construcci\u00f3n pesada, revisi\u00f3n de campo y paisajismo: Otras mediciones que requieren de mediciones con este aparato son arquitectura, inmuebles comerciales o residenciales, calculo para material para techado, medici\u00f3n de campos deportivos.<\/p>\n<p><b>Especificaciones:<\/b><\/p>\n<ul>\n<li>Contador:An\u00e1logo<\/li>\n<li>Rango: 99,999.9 Metros\/Pies\/Yardas.<\/li>\n<li>Longitud de equipo:1,010 mm de longitud<\/li>\n<li>Precisi\u00f3n:99.9%<\/li>\n<li>Unidades:Conversi\u00f3n Metros\/Pies\/Yardas.<\/li>\n<li>Di\u00e1metro Rueda: 10cm<\/li>\n<\/ul>\n","protected":false},"featured_media":8165,"comment_status":"open","ping_status":"closed","template":"","meta":{"_joinchat":[]},"product_brand":[],"product_cat":[93],"product_tag":[],"class_list":{"0":"post-8164","1":"product","2":"type-product","3":"status-publish","4":"has-post-thumbnail","6":"product_cat-distanciometros","8":"first","9":"instock","10":"shipping-taxable","11":"product-type-simple"},"yoast_head":"<!-- This site is optimized with the Yoast SEO plugin v26.4 - https:\/\/yoast.com\/wordpress\/plugins\/seo\/ -->\n<title>Od\u00f3metro Digital Rueda Peque\u00f1a - 820099 - Abaa tienda online<\/title>\n<meta name=\"robots\" content=\"index, follow, max-snippet:-1, max-image-preview:large, max-video-preview:-1\" \/>\n<link rel=\"canonical\" href=\"https:\/\/abaa.mx\/tienda\/odometro-digital-rueda-pequena-820099\/\" \/>\n<meta property=\"og:locale\" content=\"es_MX\" \/>\n<meta property=\"og:type\" content=\"article\" \/>\n<meta property=\"og:title\" content=\"Od\u00f3metro Digital Rueda Peque\u00f1a - 820099 - Abaa tienda online\" \/>\n<meta property=\"og:description\" content=\"El Pod\u00f3metro an\u00e1logo (Distanci\u00f3metro) de rueda grande modelo SC-820201 es un equipo simple y servible para la medici\u00f3n de longitud de segmentos lineales o de manera irregular Especificaciones : Es un equipo particularmente \u00fatil en la medici\u00f3n de distancia en trabajos de aplicaci\u00f3n de Asfalto, concreto , pavimentaci\u00f3n, materiales para cercas, construcci\u00f3n r\u00e1pida , carreteras y construcci\u00f3n pesada, revisi\u00f3n de campo y paisajismo: Otras mediciones que requieren de mediciones con este aparato son arquitectura, inmuebles comerciales o residenciales, calculo para material para techado, medici\u00f3n de campos deportivos.  Especificaciones:   Contador:An\u00e1logo  Rango: 99,999.9 Metros\/Pies\/Yardas.  Longitud de equipo:1,010 mm de longitud  Precisi\u00f3n:99.9%  Unidades:Conversi\u00f3n Metros\/Pies\/Yardas.  Di\u00e1metro Rueda: 10cm\" \/>\n<meta property=\"og:url\" content=\"https:\/\/abaa.mx\/tienda\/odometro-digital-rueda-pequena-820099\/\" \/>\n<meta property=\"og:site_name\" content=\"Abaa tienda online\" \/>\n<meta property=\"article:modified_time\" content=\"2023-12-04T15:30:56+00:00\" \/>\n<meta property=\"og:image\" content=\"https:\/\/abaa.mx\/tienda\/wp-content\/uploads\/2023\/10\/SICHUAN-MM-820099.jpg\" \/>\n\t<meta property=\"og:image:width\" content=\"208\" \/>\n\t<meta property=\"og:image:height\" content=\"292\" \/>\n\t<meta property=\"og:image:type\" content=\"image\/jpeg\" \/>\n<meta name=\"twitter:card\" content=\"summary_large_image\" \/>\n<meta name=\"twitter:label1\" content=\"Tiempo de lectura\" \/>\n\t<meta name=\"twitter:data1\" content=\"1 minuto\" \/>\n<script type=\"application\/ld+json\" class=\"yoast-schema-graph\">{\"@context\":\"https:\/\/schema.org\",\"@graph\":[{\"@type\":\"WebPage\",\"@id\":\"https:\/\/abaa.mx\/tienda\/odometro-digital-rueda-pequena-820099\/\",\"url\":\"https:\/\/abaa.mx\/tienda\/odometro-digital-rueda-pequena-820099\/\",\"name\":\"Od\u00f3metro Digital Rueda Peque\u00f1a - 820099 - Abaa tienda online\",\"isPartOf\":{\"@id\":\"https:\/\/abaa.mx\/tienda\/#website\"},\"primaryImageOfPage\":{\"@id\":\"https:\/\/abaa.mx\/tienda\/odometro-digital-rueda-pequena-820099\/#primaryimage\"},\"image\":{\"@id\":\"https:\/\/abaa.mx\/tienda\/odometro-digital-rueda-pequena-820099\/#primaryimage\"},\"thumbnailUrl\":\"https:\/\/abaa.mx\/tienda\/wp-content\/uploads\/2023\/10\/SICHUAN-MM-820099.jpg\",\"datePublished\":\"2023-10-27T21:03:53+00:00\",\"dateModified\":\"2023-12-04T15:30:56+00:00\",\"breadcrumb\":{\"@id\":\"https:\/\/abaa.mx\/tienda\/odometro-digital-rueda-pequena-820099\/#breadcrumb\"},\"inLanguage\":\"es\",\"potentialAction\":[{\"@type\":\"ReadAction\",\"target\":[\"https:\/\/abaa.mx\/tienda\/odometro-digital-rueda-pequena-820099\/\"]}]},{\"@type\":\"ImageObject\",\"inLanguage\":\"es\",\"@id\":\"https:\/\/abaa.mx\/tienda\/odometro-digital-rueda-pequena-820099\/#primaryimage\",\"url\":\"https:\/\/abaa.mx\/tienda\/wp-content\/uploads\/2023\/10\/SICHUAN-MM-820099.jpg\",\"contentUrl\":\"https:\/\/abaa.mx\/tienda\/wp-content\/uploads\/2023\/10\/SICHUAN-MM-820099.jpg\",\"width\":208,\"height\":292,\"caption\":\"SICHUAN MM-820099\"},{\"@type\":\"BreadcrumbList\",\"@id\":\"https:\/\/abaa.mx\/tienda\/odometro-digital-rueda-pequena-820099\/#breadcrumb\",\"itemListElement\":[{\"@type\":\"ListItem\",\"position\":1,\"name\":\"Inicio\",\"item\":\"https:\/\/abaa.mx\/tienda\/\"},{\"@type\":\"ListItem\",\"position\":2,\"name\":\"Tienda\",\"item\":\"https:\/\/abaa.mx\/tienda\/\"},{\"@type\":\"ListItem\",\"position\":3,\"name\":\"Od\u00f3metro Digital Rueda Peque\u00f1a &#8211; 820099\"}]},{\"@type\":\"WebSite\",\"@id\":\"https:\/\/abaa.mx\/tienda\/#website\",\"url\":\"https:\/\/abaa.mx\/tienda\/\",\"name\":\"Abaa tienda online\",\"description\":\"Instrumentos de medici\u00f3n\",\"publisher\":{\"@id\":\"https:\/\/abaa.mx\/tienda\/#organization\"},\"potentialAction\":[{\"@type\":\"SearchAction\",\"target\":{\"@type\":\"EntryPoint\",\"urlTemplate\":\"https:\/\/abaa.mx\/tienda\/?s={search_term_string}\"},\"query-input\":{\"@type\":\"PropertyValueSpecification\",\"valueRequired\":true,\"valueName\":\"search_term_string\"}}],\"inLanguage\":\"es\"},{\"@type\":\"Organization\",\"@id\":\"https:\/\/abaa.mx\/tienda\/#organization\",\"name\":\"Abaa tienda online\",\"url\":\"https:\/\/abaa.mx\/tienda\/\",\"logo\":{\"@type\":\"ImageObject\",\"inLanguage\":\"es\",\"@id\":\"https:\/\/abaa.mx\/tienda\/#\/schema\/logo\/image\/\",\"url\":\"https:\/\/abaa.mx\/tienda\/wp-content\/uploads\/2024\/01\/abaa-metrologia-tienda.png\",\"contentUrl\":\"https:\/\/abaa.mx\/tienda\/wp-content\/uploads\/2024\/01\/abaa-metrologia-tienda.png\",\"width\":300,\"height\":141,\"caption\":\"Abaa tienda online\"},\"image\":{\"@id\":\"https:\/\/abaa.mx\/tienda\/#\/schema\/logo\/image\/\"}}]}<\/script>\n<!-- \/ Yoast SEO plugin. -->","yoast_head_json":{"title":"Od\u00f3metro Digital Rueda Peque\u00f1a - 820099 - Abaa tienda online","robots":{"index":"index","follow":"follow","max-snippet":"max-snippet:-1","max-image-preview":"max-image-preview:large","max-video-preview":"max-video-preview:-1"},"canonical":"https:\/\/abaa.mx\/tienda\/odometro-digital-rueda-pequena-820099\/","og_locale":"es_MX","og_type":"article","og_title":"Od\u00f3metro Digital Rueda Peque\u00f1a - 820099 - Abaa tienda online","og_description":"El Pod\u00f3metro an\u00e1logo (Distanci\u00f3metro) de rueda grande modelo SC-820201 es un equipo simple y servible para la medici\u00f3n de longitud de segmentos lineales o de manera irregular Especificaciones : Es un equipo particularmente \u00fatil en la medici\u00f3n de distancia en trabajos de aplicaci\u00f3n de Asfalto, concreto , pavimentaci\u00f3n, materiales para cercas, construcci\u00f3n r\u00e1pida , carreteras y construcci\u00f3n pesada, revisi\u00f3n de campo y paisajismo: Otras mediciones que requieren de mediciones con este aparato son arquitectura, inmuebles comerciales o residenciales, calculo para material para techado, medici\u00f3n de campos deportivos.  Especificaciones:   Contador:An\u00e1logo  Rango: 99,999.9 Metros\/Pies\/Yardas.  Longitud de equipo:1,010 mm de longitud  Precisi\u00f3n:99.9%  Unidades:Conversi\u00f3n Metros\/Pies\/Yardas.  Di\u00e1metro Rueda: 10cm","og_url":"https:\/\/abaa.mx\/tienda\/odometro-digital-rueda-pequena-820099\/","og_site_name":"Abaa tienda online","article_modified_time":"2023-12-04T15:30:56+00:00","og_image":[{"width":208,"height":292,"url":"https:\/\/abaa.mx\/tienda\/wp-content\/uploads\/2023\/10\/SICHUAN-MM-820099.jpg","type":"image\/jpeg"}],"twitter_card":"summary_large_image","twitter_misc":{"Tiempo de lectura":"1 minuto"},"schema":{"@context":"https:\/\/schema.org","@graph":[{"@type":"WebPage","@id":"https:\/\/abaa.mx\/tienda\/odometro-digital-rueda-pequena-820099\/","url":"https:\/\/abaa.mx\/tienda\/odometro-digital-rueda-pequena-820099\/","name":"Od\u00f3metro Digital Rueda Peque\u00f1a - 820099 - Abaa tienda online","isPartOf":{"@id":"https:\/\/abaa.mx\/tienda\/#website"},"primaryImageOfPage":{"@id":"https:\/\/abaa.mx\/tienda\/odometro-digital-rueda-pequena-820099\/#primaryimage"},"image":{"@id":"https:\/\/abaa.mx\/tienda\/odometro-digital-rueda-pequena-820099\/#primaryimage"},"thumbnailUrl":"https:\/\/abaa.mx\/tienda\/wp-content\/uploads\/2023\/10\/SICHUAN-MM-820099.jpg","datePublished":"2023-10-27T21:03:53+00:00","dateModified":"2023-12-04T15:30:56+00:00","breadcrumb":{"@id":"https:\/\/abaa.mx\/tienda\/odometro-digital-rueda-pequena-820099\/#breadcrumb"},"inLanguage":"es","potentialAction":[{"@type":"ReadAction","target":["https:\/\/abaa.mx\/tienda\/odometro-digital-rueda-pequena-820099\/"]}]},{"@type":"ImageObject","inLanguage":"es","@id":"https:\/\/abaa.mx\/tienda\/odometro-digital-rueda-pequena-820099\/#primaryimage","url":"https:\/\/abaa.mx\/tienda\/wp-content\/uploads\/2023\/10\/SICHUAN-MM-820099.jpg","contentUrl":"https:\/\/abaa.mx\/tienda\/wp-content\/uploads\/2023\/10\/SICHUAN-MM-820099.jpg","width":208,"height":292,"caption":"SICHUAN MM-820099"},{"@type":"BreadcrumbList","@id":"https:\/\/abaa.mx\/tienda\/odometro-digital-rueda-pequena-820099\/#breadcrumb","itemListElement":[{"@type":"ListItem","position":1,"name":"Inicio","item":"https:\/\/abaa.mx\/tienda\/"},{"@type":"ListItem","position":2,"name":"Tienda","item":"https:\/\/abaa.mx\/tienda\/"},{"@type":"ListItem","position":3,"name":"Od\u00f3metro Digital Rueda Peque\u00f1a &#8211; 820099"}]},{"@type":"WebSite","@id":"https:\/\/abaa.mx\/tienda\/#website","url":"https:\/\/abaa.mx\/tienda\/","name":"Abaa tienda online","description":"Instrumentos de medici\u00f3n","publisher":{"@id":"https:\/\/abaa.mx\/tienda\/#organization"},"potentialAction":[{"@type":"SearchAction","target":{"@type":"EntryPoint","urlTemplate":"https:\/\/abaa.mx\/tienda\/?s={search_term_string}"},"query-input":{"@type":"PropertyValueSpecification","valueRequired":true,"valueName":"search_term_string"}}],"inLanguage":"es"},{"@type":"Organization","@id":"https:\/\/abaa.mx\/tienda\/#organization","name":"Abaa tienda online","url":"https:\/\/abaa.mx\/tienda\/","logo":{"@type":"ImageObject","inLanguage":"es","@id":"https:\/\/abaa.mx\/tienda\/#\/schema\/logo\/image\/","url":"https:\/\/abaa.mx\/tienda\/wp-content\/uploads\/2024\/01\/abaa-metrologia-tienda.png","contentUrl":"https:\/\/abaa.mx\/tienda\/wp-content\/uploads\/2024\/01\/abaa-metrologia-tienda.png","width":300,"height":141,"caption":"Abaa tienda online"},"image":{"@id":"https:\/\/abaa.mx\/tienda\/#\/schema\/logo\/image\/"}}]}},"_links":{"self":[{"href":"https:\/\/abaa.mx\/tienda\/wp-json\/wp\/v2\/product\/8164","targetHints":{"allow":["GET"]}}],"collection":[{"href":"https:\/\/abaa.mx\/tienda\/wp-json\/wp\/v2\/product"}],"about":[{"href":"https:\/\/abaa.mx\/tienda\/wp-json\/wp\/v2\/types\/product"}],"replies":[{"embeddable":true,"href":"https:\/\/abaa.mx\/tienda\/wp-json\/wp\/v2\/comments?post=8164"}],"wp:featuredmedia":[{"embeddable":true,"href":"https:\/\/abaa.mx\/tienda\/wp-json\/wp\/v2\/media\/8165"}],"wp:attachment":[{"href":"https:\/\/abaa.mx\/tienda\/wp-json\/wp\/v2\/media?parent=8164"}],"wp:term":[{"taxonomy":"product_brand","embeddable":true,"href":"https:\/\/abaa.mx\/tienda\/wp-json\/wp\/v2\/product_brand?post=8164"},{"taxonomy":"product_cat","embeddable":true,"href":"https:\/\/abaa.mx\/tienda\/wp-json\/wp\/v2\/product_cat?post=8164"},{"taxonomy":"product_tag","embeddable":true,"href":"https:\/\/abaa.mx\/tienda\/wp-json\/wp\/v2\/product_tag?post=8164"}],"curies":[{"name":"wp","href":"https:\/\/api.w.org\/{rel}","templated":true}]}}