{"id":8159,"date":"2023-12-11T16:07:10","date_gmt":"2023-12-11T16:07:10","guid":{"rendered":"https:\/\/abaa.mx\/tienda\/?post_type=product&#038;p=8159"},"modified":"2023-12-11T16:21:08","modified_gmt":"2023-12-11T16:21:08","slug":"amperimetro-de-gancho-be40-trotec","status":"publish","type":"product","link":"https:\/\/abaa.mx\/tienda\/amperimetro-de-gancho-be40-trotec\/","title":{"rendered":"Amper\u00edmetro de gancho be40 trotec"},"content":{"rendered":"<p class=\"bodytext\">La medida de la corriente se realiza sin contacto a trav\u00e9s del campo electromagn\u00e9tico, por lo que con este m\u00e9todo no hay que interrumpir el circuito de corriente. Por esa raz\u00f3n, con el BE40 tambi\u00e9n se puede comprobar instalaciones en funcionamiento que no pueden ser desconectadas con ese prop\u00f3sito.<\/p>\n<p class=\"bodytext\">La carcasa robusta del BE40, con una protecci\u00f3n de goma suave inyectada, permite un manejo ergon\u00f3mico con una sola mano. La estructura compacta con mand\u00edbulas en forma de gota y la pantalla iluminada simplifica el uso en entornos industriales, armarios de distribuci\u00f3n estrechos y zonas de dif\u00edcil acceso.<\/p>\n<p>&nbsp;<\/p>\n<p><strong>Caracter\u00edsticas:<\/strong><\/p>\n<ul>\n<li>Rango de medici\u00f3n Corriente: 0,01 A AC &#8211; 1000 A AC.<\/li>\n<li>Rango de medici\u00f3n Voltaje: 0 &#8211; 600 V (AC\/DC).<\/li>\n<li>Rango de medici\u00f3n Resistencia: 0,01 \u03a9 &#8211; 20 M\u03a9.<\/li>\n<li>Gran pantalla retroiluminada (3 3\/4-digit).<\/li>\n<li>Di\u00e1metro de conductor \/ abertura de la sonda de corriente: ca. 30 mm.<\/li>\n<li>Prueba de diodos: corriente de prueba 0,3 mA, tensi\u00f3n soportada 1,5 VDC.<\/li>\n<li>Se\u00f1al ac\u00fastica de continuidad: cayendo por debajo de &lt;120 \u03a9, corriente de prueba &lt;1 mA.<\/li>\n<li>Indicaci\u00f3n del rango de medici\u00f3n: \u201eOL\u201c en el Display.<\/li>\n<li>Medici\u00f3n de la tasa: 2 mediciones\/segundo.<\/li>\n<li>Impedancia de entrada: 7,8 M\u03a9 (VDC y VAC).<\/li>\n<li>AC Rango de corriente: 50\/60Hz (AAC).<\/li>\n<li>AC Rango de tensi\u00f3n: 50\/60Hz (VAC).<\/li>\n<li>Temperatura ambiental (FUNCIONAMIENTO): -10\u00b0C hasta 50\u00b0C (14\u00b0F hasta 122\u00b0F).<\/li>\n<li>Temperatura ambiental (Almac\u00e9n): -30\u00b0C hasta 60\u00b0C (-22\u00b0F hasta 140\u00b0F).<\/li>\n<li>Humedad relativa: 0% ~ max. 85%.<\/li>\n<li>Circuito de medici\u00f3n (Categor\u00eda) \/ Estandarizaci\u00f3n: CAT III 600V \/ IEC 61010.<\/li>\n<li>Micro-Ambiente: Grado de contaminaci\u00f3n 2.<\/li>\n<li>Bater\u00edas: 2 x 1,5V AAA.<\/li>\n<li>Desconexi\u00f3n autom\u00e1tica: despu\u00e9s de 15 minutos sin actividad.<\/li>\n<li>Dimensiones: 229 x 80 x 48 mm.<\/li>\n<li>Pesot: 303 g.<\/li>\n<\/ul>\n","protected":false},"excerpt":{"rendered":"<p>Con la pinza amperim\u00e9trica BE40 se puede comprobar de manera sencilla la corriente bajo carga, la tensi\u00f3n alterna o la continuidad de circuitos, fusibles y contactos.<\/p>\n","protected":false},"featured_media":9732,"comment_status":"open","ping_status":"closed","template":"","meta":{"_joinchat":[]},"product_brand":[],"product_cat":[15],"product_tag":[],"class_list":{"0":"post-8159","1":"product","2":"type-product","3":"status-publish","4":"has-post-thumbnail","6":"product_cat-sin-categorizar","8":"first","9":"instock","10":"shipping-taxable","11":"product-type-simple"},"yoast_head":"<!-- This site is optimized with the Yoast SEO plugin v26.4 - https:\/\/yoast.com\/wordpress\/plugins\/seo\/ -->\n<title>Amper\u00edmetro de gancho be40 trotec - Abaa tienda online<\/title>\n<meta name=\"robots\" content=\"index, follow, max-snippet:-1, max-image-preview:large, max-video-preview:-1\" \/>\n<link rel=\"canonical\" href=\"https:\/\/abaa.mx\/tienda\/amperimetro-de-gancho-be40-trotec\/\" \/>\n<meta property=\"og:locale\" content=\"es_MX\" \/>\n<meta property=\"og:type\" content=\"article\" \/>\n<meta property=\"og:title\" content=\"Amper\u00edmetro de gancho be40 trotec - Abaa tienda online\" \/>\n<meta property=\"og:description\" content=\"Con la pinza amperim\u00e9trica BE40 se puede comprobar de manera sencilla la corriente bajo carga, la tensi\u00f3n alterna o la continuidad de circuitos, fusibles y contactos.\" \/>\n<meta property=\"og:url\" content=\"https:\/\/abaa.mx\/tienda\/amperimetro-de-gancho-be40-trotec\/\" \/>\n<meta property=\"og:site_name\" content=\"Abaa tienda online\" \/>\n<meta property=\"article:modified_time\" content=\"2023-12-11T16:21:08+00:00\" \/>\n<meta property=\"og:image\" content=\"https:\/\/abaa.mx\/tienda\/wp-content\/uploads\/2023\/12\/Amperimetro-de-gancho-be40.jpg\" \/>\n\t<meta property=\"og:image:width\" content=\"950\" \/>\n\t<meta property=\"og:image:height\" content=\"950\" \/>\n\t<meta property=\"og:image:type\" content=\"image\/jpeg\" \/>\n<meta name=\"twitter:card\" content=\"summary_large_image\" \/>\n<meta name=\"twitter:label1\" content=\"Tiempo de lectura\" \/>\n\t<meta name=\"twitter:data1\" content=\"2 minutos\" \/>\n<script type=\"application\/ld+json\" class=\"yoast-schema-graph\">{\"@context\":\"https:\/\/schema.org\",\"@graph\":[{\"@type\":\"WebPage\",\"@id\":\"https:\/\/abaa.mx\/tienda\/amperimetro-de-gancho-be40-trotec\/\",\"url\":\"https:\/\/abaa.mx\/tienda\/amperimetro-de-gancho-be40-trotec\/\",\"name\":\"Amper\u00edmetro de gancho be40 trotec - Abaa tienda online\",\"isPartOf\":{\"@id\":\"https:\/\/abaa.mx\/tienda\/#website\"},\"primaryImageOfPage\":{\"@id\":\"https:\/\/abaa.mx\/tienda\/amperimetro-de-gancho-be40-trotec\/#primaryimage\"},\"image\":{\"@id\":\"https:\/\/abaa.mx\/tienda\/amperimetro-de-gancho-be40-trotec\/#primaryimage\"},\"thumbnailUrl\":\"https:\/\/abaa.mx\/tienda\/wp-content\/uploads\/2023\/12\/Amperimetro-de-gancho-be40.jpg\",\"datePublished\":\"2023-12-11T16:07:10+00:00\",\"dateModified\":\"2023-12-11T16:21:08+00:00\",\"breadcrumb\":{\"@id\":\"https:\/\/abaa.mx\/tienda\/amperimetro-de-gancho-be40-trotec\/#breadcrumb\"},\"inLanguage\":\"es\",\"potentialAction\":[{\"@type\":\"ReadAction\",\"target\":[\"https:\/\/abaa.mx\/tienda\/amperimetro-de-gancho-be40-trotec\/\"]}]},{\"@type\":\"ImageObject\",\"inLanguage\":\"es\",\"@id\":\"https:\/\/abaa.mx\/tienda\/amperimetro-de-gancho-be40-trotec\/#primaryimage\",\"url\":\"https:\/\/abaa.mx\/tienda\/wp-content\/uploads\/2023\/12\/Amperimetro-de-gancho-be40.jpg\",\"contentUrl\":\"https:\/\/abaa.mx\/tienda\/wp-content\/uploads\/2023\/12\/Amperimetro-de-gancho-be40.jpg\",\"width\":950,\"height\":950,\"caption\":\"Amper\u00edmetro de gancho be40\"},{\"@type\":\"BreadcrumbList\",\"@id\":\"https:\/\/abaa.mx\/tienda\/amperimetro-de-gancho-be40-trotec\/#breadcrumb\",\"itemListElement\":[{\"@type\":\"ListItem\",\"position\":1,\"name\":\"Inicio\",\"item\":\"https:\/\/abaa.mx\/tienda\/\"},{\"@type\":\"ListItem\",\"position\":2,\"name\":\"Tienda\",\"item\":\"https:\/\/abaa.mx\/tienda\/\"},{\"@type\":\"ListItem\",\"position\":3,\"name\":\"Amper\u00edmetro de gancho be40 trotec\"}]},{\"@type\":\"WebSite\",\"@id\":\"https:\/\/abaa.mx\/tienda\/#website\",\"url\":\"https:\/\/abaa.mx\/tienda\/\",\"name\":\"Abaa tienda online\",\"description\":\"Instrumentos de medici\u00f3n\",\"publisher\":{\"@id\":\"https:\/\/abaa.mx\/tienda\/#organization\"},\"potentialAction\":[{\"@type\":\"SearchAction\",\"target\":{\"@type\":\"EntryPoint\",\"urlTemplate\":\"https:\/\/abaa.mx\/tienda\/?s={search_term_string}\"},\"query-input\":{\"@type\":\"PropertyValueSpecification\",\"valueRequired\":true,\"valueName\":\"search_term_string\"}}],\"inLanguage\":\"es\"},{\"@type\":\"Organization\",\"@id\":\"https:\/\/abaa.mx\/tienda\/#organization\",\"name\":\"Abaa tienda online\",\"url\":\"https:\/\/abaa.mx\/tienda\/\",\"logo\":{\"@type\":\"ImageObject\",\"inLanguage\":\"es\",\"@id\":\"https:\/\/abaa.mx\/tienda\/#\/schema\/logo\/image\/\",\"url\":\"https:\/\/abaa.mx\/tienda\/wp-content\/uploads\/2024\/01\/abaa-metrologia-tienda.png\",\"contentUrl\":\"https:\/\/abaa.mx\/tienda\/wp-content\/uploads\/2024\/01\/abaa-metrologia-tienda.png\",\"width\":300,\"height\":141,\"caption\":\"Abaa tienda online\"},\"image\":{\"@id\":\"https:\/\/abaa.mx\/tienda\/#\/schema\/logo\/image\/\"}}]}<\/script>\n<!-- \/ Yoast SEO plugin. -->","yoast_head_json":{"title":"Amper\u00edmetro de gancho be40 trotec - Abaa tienda online","robots":{"index":"index","follow":"follow","max-snippet":"max-snippet:-1","max-image-preview":"max-image-preview:large","max-video-preview":"max-video-preview:-1"},"canonical":"https:\/\/abaa.mx\/tienda\/amperimetro-de-gancho-be40-trotec\/","og_locale":"es_MX","og_type":"article","og_title":"Amper\u00edmetro de gancho be40 trotec - Abaa tienda online","og_description":"Con la pinza amperim\u00e9trica BE40 se puede comprobar de manera sencilla la corriente bajo carga, la tensi\u00f3n alterna o la continuidad de circuitos, fusibles y contactos.","og_url":"https:\/\/abaa.mx\/tienda\/amperimetro-de-gancho-be40-trotec\/","og_site_name":"Abaa tienda online","article_modified_time":"2023-12-11T16:21:08+00:00","og_image":[{"width":950,"height":950,"url":"https:\/\/abaa.mx\/tienda\/wp-content\/uploads\/2023\/12\/Amperimetro-de-gancho-be40.jpg","type":"image\/jpeg"}],"twitter_card":"summary_large_image","twitter_misc":{"Tiempo de lectura":"2 minutos"},"schema":{"@context":"https:\/\/schema.org","@graph":[{"@type":"WebPage","@id":"https:\/\/abaa.mx\/tienda\/amperimetro-de-gancho-be40-trotec\/","url":"https:\/\/abaa.mx\/tienda\/amperimetro-de-gancho-be40-trotec\/","name":"Amper\u00edmetro de gancho be40 trotec - Abaa tienda online","isPartOf":{"@id":"https:\/\/abaa.mx\/tienda\/#website"},"primaryImageOfPage":{"@id":"https:\/\/abaa.mx\/tienda\/amperimetro-de-gancho-be40-trotec\/#primaryimage"},"image":{"@id":"https:\/\/abaa.mx\/tienda\/amperimetro-de-gancho-be40-trotec\/#primaryimage"},"thumbnailUrl":"https:\/\/abaa.mx\/tienda\/wp-content\/uploads\/2023\/12\/Amperimetro-de-gancho-be40.jpg","datePublished":"2023-12-11T16:07:10+00:00","dateModified":"2023-12-11T16:21:08+00:00","breadcrumb":{"@id":"https:\/\/abaa.mx\/tienda\/amperimetro-de-gancho-be40-trotec\/#breadcrumb"},"inLanguage":"es","potentialAction":[{"@type":"ReadAction","target":["https:\/\/abaa.mx\/tienda\/amperimetro-de-gancho-be40-trotec\/"]}]},{"@type":"ImageObject","inLanguage":"es","@id":"https:\/\/abaa.mx\/tienda\/amperimetro-de-gancho-be40-trotec\/#primaryimage","url":"https:\/\/abaa.mx\/tienda\/wp-content\/uploads\/2023\/12\/Amperimetro-de-gancho-be40.jpg","contentUrl":"https:\/\/abaa.mx\/tienda\/wp-content\/uploads\/2023\/12\/Amperimetro-de-gancho-be40.jpg","width":950,"height":950,"caption":"Amper\u00edmetro de gancho be40"},{"@type":"BreadcrumbList","@id":"https:\/\/abaa.mx\/tienda\/amperimetro-de-gancho-be40-trotec\/#breadcrumb","itemListElement":[{"@type":"ListItem","position":1,"name":"Inicio","item":"https:\/\/abaa.mx\/tienda\/"},{"@type":"ListItem","position":2,"name":"Tienda","item":"https:\/\/abaa.mx\/tienda\/"},{"@type":"ListItem","position":3,"name":"Amper\u00edmetro de gancho be40 trotec"}]},{"@type":"WebSite","@id":"https:\/\/abaa.mx\/tienda\/#website","url":"https:\/\/abaa.mx\/tienda\/","name":"Abaa tienda online","description":"Instrumentos de medici\u00f3n","publisher":{"@id":"https:\/\/abaa.mx\/tienda\/#organization"},"potentialAction":[{"@type":"SearchAction","target":{"@type":"EntryPoint","urlTemplate":"https:\/\/abaa.mx\/tienda\/?s={search_term_string}"},"query-input":{"@type":"PropertyValueSpecification","valueRequired":true,"valueName":"search_term_string"}}],"inLanguage":"es"},{"@type":"Organization","@id":"https:\/\/abaa.mx\/tienda\/#organization","name":"Abaa tienda online","url":"https:\/\/abaa.mx\/tienda\/","logo":{"@type":"ImageObject","inLanguage":"es","@id":"https:\/\/abaa.mx\/tienda\/#\/schema\/logo\/image\/","url":"https:\/\/abaa.mx\/tienda\/wp-content\/uploads\/2024\/01\/abaa-metrologia-tienda.png","contentUrl":"https:\/\/abaa.mx\/tienda\/wp-content\/uploads\/2024\/01\/abaa-metrologia-tienda.png","width":300,"height":141,"caption":"Abaa tienda online"},"image":{"@id":"https:\/\/abaa.mx\/tienda\/#\/schema\/logo\/image\/"}}]}},"_links":{"self":[{"href":"https:\/\/abaa.mx\/tienda\/wp-json\/wp\/v2\/product\/8159","targetHints":{"allow":["GET"]}}],"collection":[{"href":"https:\/\/abaa.mx\/tienda\/wp-json\/wp\/v2\/product"}],"about":[{"href":"https:\/\/abaa.mx\/tienda\/wp-json\/wp\/v2\/types\/product"}],"replies":[{"embeddable":true,"href":"https:\/\/abaa.mx\/tienda\/wp-json\/wp\/v2\/comments?post=8159"}],"wp:featuredmedia":[{"embeddable":true,"href":"https:\/\/abaa.mx\/tienda\/wp-json\/wp\/v2\/media\/9732"}],"wp:attachment":[{"href":"https:\/\/abaa.mx\/tienda\/wp-json\/wp\/v2\/media?parent=8159"}],"wp:term":[{"taxonomy":"product_brand","embeddable":true,"href":"https:\/\/abaa.mx\/tienda\/wp-json\/wp\/v2\/product_brand?post=8159"},{"taxonomy":"product_cat","embeddable":true,"href":"https:\/\/abaa.mx\/tienda\/wp-json\/wp\/v2\/product_cat?post=8159"},{"taxonomy":"product_tag","embeddable":true,"href":"https:\/\/abaa.mx\/tienda\/wp-json\/wp\/v2\/product_tag?post=8159"}],"curies":[{"name":"wp","href":"https:\/\/api.w.org\/{rel}","templated":true}]}}