{"id":8158,"date":"2023-10-27T20:58:43","date_gmt":"2023-10-27T20:58:43","guid":{"rendered":"https:\/\/abaa.mx\/tienda\/?post_type=product&#038;p=8158"},"modified":"2023-10-27T20:58:43","modified_gmt":"2023-10-27T20:58:43","slug":"cuenta-metros-digital-a-110v-de-0-999999-metros-dj96-s","status":"publish","type":"product","link":"https:\/\/abaa.mx\/tienda\/cuenta-metros-digital-a-110v-de-0-999999-metros-dj96-s\/","title":{"rendered":"Cuenta Metros Digital a 110V de 0-999,999 metros DJ96-S"},"content":{"rendered":"<p>Cuenta Metros Digital a 110V de 0-999,999 metros DJ96-S<\/p>\n","protected":false},"excerpt":{"rendered":"<h3>Caracter\u00edsticas:<\/h3>\n<p>Ampliamente utilizado para contar la longitud de textiles, estampados, cuero artificial y m\u00e1s.<br \/>\nGirando 3 c\u00edrculos en 1 metro de longitud, no se puede contar en reversa, reinicie el conteo tras reiniciar el cero.<br \/>\nEst\u00e1 equipado con 2 ruedas para mayor estabilidad y precisi\u00f3n en la medici\u00f3n.<\/p>\n<h3>Especificaciones:<\/h3>\n<ul>\n<li>Di\u00e1metro del eje: 8 mm.<\/li>\n<li>El voltaje de la fuente de alimentaci\u00f3n: AC110V.<\/li>\n<li>El tama\u00f1o de instalaci\u00f3n: 47 * 46 (mm).<\/li>\n<li>Di\u00e1metro de la rueda: 96,5 MM.<\/li>\n<li>El ancho de la rueda: 12 MM.<\/li>\n<li>La velocidad de conteo: 350 \/ min.<\/li>\n<li>Bot\u00f3n de reinicio: s\u00ed.<\/li>\n<li>Rango de conteo: 0-999999.<\/li>\n<li>Mantenimiento de energ\u00eda: s\u00ed.<\/li>\n<\/ul>\n","protected":false},"featured_media":8161,"comment_status":"open","ping_status":"closed","template":"","meta":{"_joinchat":[]},"product_brand":[],"product_cat":[93],"product_tag":[],"class_list":{"0":"post-8158","1":"product","2":"type-product","3":"status-publish","4":"has-post-thumbnail","6":"product_cat-distanciometros","8":"first","9":"instock","10":"shipping-taxable","11":"product-type-simple"},"yoast_head":"<!-- This site is optimized with the Yoast SEO plugin v26.4 - https:\/\/yoast.com\/wordpress\/plugins\/seo\/ -->\n<title>Cuenta Metros Digital a 110V de 0-999,999 metros DJ96-S - Abaa tienda online<\/title>\n<meta name=\"robots\" content=\"index, follow, max-snippet:-1, max-image-preview:large, max-video-preview:-1\" \/>\n<link rel=\"canonical\" href=\"https:\/\/abaa.mx\/tienda\/cuenta-metros-digital-a-110v-de-0-999999-metros-dj96-s\/\" \/>\n<meta property=\"og:locale\" content=\"es_MX\" \/>\n<meta property=\"og:type\" content=\"article\" \/>\n<meta property=\"og:title\" content=\"Cuenta Metros Digital a 110V de 0-999,999 metros DJ96-S - Abaa tienda online\" \/>\n<meta property=\"og:description\" content=\"Caracter\u00edsticas: Ampliamente utilizado para contar la longitud de textiles, estampados, cuero artificial y m\u00e1s. Girando 3 c\u00edrculos en 1 metro de longitud, no se puede contar en reversa, reinicie el conteo tras reiniciar el cero. Est\u00e1 equipado con 2 ruedas para mayor estabilidad y precisi\u00f3n en la medici\u00f3n. Especificaciones:   Di\u00e1metro del eje: 8 mm.  El voltaje de la fuente de alimentaci\u00f3n: AC110V.  El tama\u00f1o de instalaci\u00f3n: 47 * 46 (mm).  Di\u00e1metro de la rueda: 96,5 MM.  El ancho de la rueda: 12 MM.  La velocidad de conteo: 350 \/ min.  Bot\u00f3n de reinicio: s\u00ed.  Rango de conteo: 0-999999.  Mantenimiento de energ\u00eda: s\u00ed.\" \/>\n<meta property=\"og:url\" content=\"https:\/\/abaa.mx\/tienda\/cuenta-metros-digital-a-110v-de-0-999999-metros-dj96-s\/\" \/>\n<meta property=\"og:site_name\" content=\"Abaa tienda online\" \/>\n<meta property=\"og:image\" content=\"https:\/\/abaa.mx\/tienda\/wp-content\/uploads\/2023\/10\/ALFAMETRIC-DJ96-S.jpg\" \/>\n\t<meta property=\"og:image:width\" content=\"640\" \/>\n\t<meta property=\"og:image:height\" content=\"640\" \/>\n\t<meta property=\"og:image:type\" content=\"image\/jpeg\" \/>\n<meta name=\"twitter:card\" content=\"summary_large_image\" \/>\n<meta name=\"twitter:label1\" content=\"Tiempo de lectura\" \/>\n\t<meta name=\"twitter:data1\" content=\"1 minuto\" \/>\n<script type=\"application\/ld+json\" class=\"yoast-schema-graph\">{\"@context\":\"https:\/\/schema.org\",\"@graph\":[{\"@type\":\"WebPage\",\"@id\":\"https:\/\/abaa.mx\/tienda\/cuenta-metros-digital-a-110v-de-0-999999-metros-dj96-s\/\",\"url\":\"https:\/\/abaa.mx\/tienda\/cuenta-metros-digital-a-110v-de-0-999999-metros-dj96-s\/\",\"name\":\"Cuenta Metros Digital a 110V de 0-999,999 metros DJ96-S - Abaa tienda online\",\"isPartOf\":{\"@id\":\"https:\/\/abaa.mx\/tienda\/#website\"},\"primaryImageOfPage\":{\"@id\":\"https:\/\/abaa.mx\/tienda\/cuenta-metros-digital-a-110v-de-0-999999-metros-dj96-s\/#primaryimage\"},\"image\":{\"@id\":\"https:\/\/abaa.mx\/tienda\/cuenta-metros-digital-a-110v-de-0-999999-metros-dj96-s\/#primaryimage\"},\"thumbnailUrl\":\"https:\/\/abaa.mx\/tienda\/wp-content\/uploads\/2023\/10\/ALFAMETRIC-DJ96-S.jpg\",\"datePublished\":\"2023-10-27T20:58:43+00:00\",\"breadcrumb\":{\"@id\":\"https:\/\/abaa.mx\/tienda\/cuenta-metros-digital-a-110v-de-0-999999-metros-dj96-s\/#breadcrumb\"},\"inLanguage\":\"es\",\"potentialAction\":[{\"@type\":\"ReadAction\",\"target\":[\"https:\/\/abaa.mx\/tienda\/cuenta-metros-digital-a-110v-de-0-999999-metros-dj96-s\/\"]}]},{\"@type\":\"ImageObject\",\"inLanguage\":\"es\",\"@id\":\"https:\/\/abaa.mx\/tienda\/cuenta-metros-digital-a-110v-de-0-999999-metros-dj96-s\/#primaryimage\",\"url\":\"https:\/\/abaa.mx\/tienda\/wp-content\/uploads\/2023\/10\/ALFAMETRIC-DJ96-S.jpg\",\"contentUrl\":\"https:\/\/abaa.mx\/tienda\/wp-content\/uploads\/2023\/10\/ALFAMETRIC-DJ96-S.jpg\",\"width\":640,\"height\":640,\"caption\":\"ALFAMETRIC-DJ96-S\"},{\"@type\":\"BreadcrumbList\",\"@id\":\"https:\/\/abaa.mx\/tienda\/cuenta-metros-digital-a-110v-de-0-999999-metros-dj96-s\/#breadcrumb\",\"itemListElement\":[{\"@type\":\"ListItem\",\"position\":1,\"name\":\"Inicio\",\"item\":\"https:\/\/abaa.mx\/tienda\/\"},{\"@type\":\"ListItem\",\"position\":2,\"name\":\"Tienda\",\"item\":\"https:\/\/abaa.mx\/tienda\/\"},{\"@type\":\"ListItem\",\"position\":3,\"name\":\"Cuenta Metros Digital a 110V de 0-999,999 metros DJ96-S\"}]},{\"@type\":\"WebSite\",\"@id\":\"https:\/\/abaa.mx\/tienda\/#website\",\"url\":\"https:\/\/abaa.mx\/tienda\/\",\"name\":\"Abaa tienda online\",\"description\":\"Instrumentos de medici\u00f3n\",\"publisher\":{\"@id\":\"https:\/\/abaa.mx\/tienda\/#organization\"},\"potentialAction\":[{\"@type\":\"SearchAction\",\"target\":{\"@type\":\"EntryPoint\",\"urlTemplate\":\"https:\/\/abaa.mx\/tienda\/?s={search_term_string}\"},\"query-input\":{\"@type\":\"PropertyValueSpecification\",\"valueRequired\":true,\"valueName\":\"search_term_string\"}}],\"inLanguage\":\"es\"},{\"@type\":\"Organization\",\"@id\":\"https:\/\/abaa.mx\/tienda\/#organization\",\"name\":\"Abaa tienda online\",\"url\":\"https:\/\/abaa.mx\/tienda\/\",\"logo\":{\"@type\":\"ImageObject\",\"inLanguage\":\"es\",\"@id\":\"https:\/\/abaa.mx\/tienda\/#\/schema\/logo\/image\/\",\"url\":\"https:\/\/abaa.mx\/tienda\/wp-content\/uploads\/2024\/01\/abaa-metrologia-tienda.png\",\"contentUrl\":\"https:\/\/abaa.mx\/tienda\/wp-content\/uploads\/2024\/01\/abaa-metrologia-tienda.png\",\"width\":300,\"height\":141,\"caption\":\"Abaa tienda online\"},\"image\":{\"@id\":\"https:\/\/abaa.mx\/tienda\/#\/schema\/logo\/image\/\"}}]}<\/script>\n<!-- \/ Yoast SEO plugin. -->","yoast_head_json":{"title":"Cuenta Metros Digital a 110V de 0-999,999 metros DJ96-S - Abaa tienda online","robots":{"index":"index","follow":"follow","max-snippet":"max-snippet:-1","max-image-preview":"max-image-preview:large","max-video-preview":"max-video-preview:-1"},"canonical":"https:\/\/abaa.mx\/tienda\/cuenta-metros-digital-a-110v-de-0-999999-metros-dj96-s\/","og_locale":"es_MX","og_type":"article","og_title":"Cuenta Metros Digital a 110V de 0-999,999 metros DJ96-S - Abaa tienda online","og_description":"Caracter\u00edsticas: Ampliamente utilizado para contar la longitud de textiles, estampados, cuero artificial y m\u00e1s. Girando 3 c\u00edrculos en 1 metro de longitud, no se puede contar en reversa, reinicie el conteo tras reiniciar el cero. Est\u00e1 equipado con 2 ruedas para mayor estabilidad y precisi\u00f3n en la medici\u00f3n. Especificaciones:   Di\u00e1metro del eje: 8 mm.  El voltaje de la fuente de alimentaci\u00f3n: AC110V.  El tama\u00f1o de instalaci\u00f3n: 47 * 46 (mm).  Di\u00e1metro de la rueda: 96,5 MM.  El ancho de la rueda: 12 MM.  La velocidad de conteo: 350 \/ min.  Bot\u00f3n de reinicio: s\u00ed.  Rango de conteo: 0-999999.  Mantenimiento de energ\u00eda: s\u00ed.","og_url":"https:\/\/abaa.mx\/tienda\/cuenta-metros-digital-a-110v-de-0-999999-metros-dj96-s\/","og_site_name":"Abaa tienda online","og_image":[{"width":640,"height":640,"url":"https:\/\/abaa.mx\/tienda\/wp-content\/uploads\/2023\/10\/ALFAMETRIC-DJ96-S.jpg","type":"image\/jpeg"}],"twitter_card":"summary_large_image","twitter_misc":{"Tiempo de lectura":"1 minuto"},"schema":{"@context":"https:\/\/schema.org","@graph":[{"@type":"WebPage","@id":"https:\/\/abaa.mx\/tienda\/cuenta-metros-digital-a-110v-de-0-999999-metros-dj96-s\/","url":"https:\/\/abaa.mx\/tienda\/cuenta-metros-digital-a-110v-de-0-999999-metros-dj96-s\/","name":"Cuenta Metros Digital a 110V de 0-999,999 metros DJ96-S - Abaa tienda online","isPartOf":{"@id":"https:\/\/abaa.mx\/tienda\/#website"},"primaryImageOfPage":{"@id":"https:\/\/abaa.mx\/tienda\/cuenta-metros-digital-a-110v-de-0-999999-metros-dj96-s\/#primaryimage"},"image":{"@id":"https:\/\/abaa.mx\/tienda\/cuenta-metros-digital-a-110v-de-0-999999-metros-dj96-s\/#primaryimage"},"thumbnailUrl":"https:\/\/abaa.mx\/tienda\/wp-content\/uploads\/2023\/10\/ALFAMETRIC-DJ96-S.jpg","datePublished":"2023-10-27T20:58:43+00:00","breadcrumb":{"@id":"https:\/\/abaa.mx\/tienda\/cuenta-metros-digital-a-110v-de-0-999999-metros-dj96-s\/#breadcrumb"},"inLanguage":"es","potentialAction":[{"@type":"ReadAction","target":["https:\/\/abaa.mx\/tienda\/cuenta-metros-digital-a-110v-de-0-999999-metros-dj96-s\/"]}]},{"@type":"ImageObject","inLanguage":"es","@id":"https:\/\/abaa.mx\/tienda\/cuenta-metros-digital-a-110v-de-0-999999-metros-dj96-s\/#primaryimage","url":"https:\/\/abaa.mx\/tienda\/wp-content\/uploads\/2023\/10\/ALFAMETRIC-DJ96-S.jpg","contentUrl":"https:\/\/abaa.mx\/tienda\/wp-content\/uploads\/2023\/10\/ALFAMETRIC-DJ96-S.jpg","width":640,"height":640,"caption":"ALFAMETRIC-DJ96-S"},{"@type":"BreadcrumbList","@id":"https:\/\/abaa.mx\/tienda\/cuenta-metros-digital-a-110v-de-0-999999-metros-dj96-s\/#breadcrumb","itemListElement":[{"@type":"ListItem","position":1,"name":"Inicio","item":"https:\/\/abaa.mx\/tienda\/"},{"@type":"ListItem","position":2,"name":"Tienda","item":"https:\/\/abaa.mx\/tienda\/"},{"@type":"ListItem","position":3,"name":"Cuenta Metros Digital a 110V de 0-999,999 metros DJ96-S"}]},{"@type":"WebSite","@id":"https:\/\/abaa.mx\/tienda\/#website","url":"https:\/\/abaa.mx\/tienda\/","name":"Abaa tienda online","description":"Instrumentos de medici\u00f3n","publisher":{"@id":"https:\/\/abaa.mx\/tienda\/#organization"},"potentialAction":[{"@type":"SearchAction","target":{"@type":"EntryPoint","urlTemplate":"https:\/\/abaa.mx\/tienda\/?s={search_term_string}"},"query-input":{"@type":"PropertyValueSpecification","valueRequired":true,"valueName":"search_term_string"}}],"inLanguage":"es"},{"@type":"Organization","@id":"https:\/\/abaa.mx\/tienda\/#organization","name":"Abaa tienda online","url":"https:\/\/abaa.mx\/tienda\/","logo":{"@type":"ImageObject","inLanguage":"es","@id":"https:\/\/abaa.mx\/tienda\/#\/schema\/logo\/image\/","url":"https:\/\/abaa.mx\/tienda\/wp-content\/uploads\/2024\/01\/abaa-metrologia-tienda.png","contentUrl":"https:\/\/abaa.mx\/tienda\/wp-content\/uploads\/2024\/01\/abaa-metrologia-tienda.png","width":300,"height":141,"caption":"Abaa tienda online"},"image":{"@id":"https:\/\/abaa.mx\/tienda\/#\/schema\/logo\/image\/"}}]}},"_links":{"self":[{"href":"https:\/\/abaa.mx\/tienda\/wp-json\/wp\/v2\/product\/8158","targetHints":{"allow":["GET"]}}],"collection":[{"href":"https:\/\/abaa.mx\/tienda\/wp-json\/wp\/v2\/product"}],"about":[{"href":"https:\/\/abaa.mx\/tienda\/wp-json\/wp\/v2\/types\/product"}],"replies":[{"embeddable":true,"href":"https:\/\/abaa.mx\/tienda\/wp-json\/wp\/v2\/comments?post=8158"}],"wp:featuredmedia":[{"embeddable":true,"href":"https:\/\/abaa.mx\/tienda\/wp-json\/wp\/v2\/media\/8161"}],"wp:attachment":[{"href":"https:\/\/abaa.mx\/tienda\/wp-json\/wp\/v2\/media?parent=8158"}],"wp:term":[{"taxonomy":"product_brand","embeddable":true,"href":"https:\/\/abaa.mx\/tienda\/wp-json\/wp\/v2\/product_brand?post=8158"},{"taxonomy":"product_cat","embeddable":true,"href":"https:\/\/abaa.mx\/tienda\/wp-json\/wp\/v2\/product_cat?post=8158"},{"taxonomy":"product_tag","embeddable":true,"href":"https:\/\/abaa.mx\/tienda\/wp-json\/wp\/v2\/product_tag?post=8158"}],"curies":[{"name":"wp","href":"https:\/\/api.w.org\/{rel}","templated":true}]}}