{"id":8152,"date":"2023-10-27T20:42:39","date_gmt":"2023-10-27T20:42:39","guid":{"rendered":"https:\/\/abaa.mx\/tienda\/?post_type=product&#038;p=8152"},"modified":"2023-10-27T20:42:39","modified_gmt":"2023-10-27T20:42:39","slug":"dinamometro-analogo-300-lbf-psh300","status":"publish","type":"product","link":"https:\/\/abaa.mx\/tienda\/dinamometro-analogo-300-lbf-psh300\/","title":{"rendered":"Dinam\u00f3metro An\u00e1logo 300 lbf &#8211; PSH300"},"content":{"rendered":"<p>Dinam\u00f3metro An\u00e1logo 300 lbf &#8211; PSH300<\/p>\n","protected":false},"excerpt":{"rendered":"<p>El dinam\u00f3metro de 300 lbf de aptitud modelo IM-PSH300 marca Imada fu\u00e9 dise\u00f1ado con una carcaza resistente y resortes de empleo industrial que sobrevivir\u00e1 al \u00e1mbito siempre demandante de la l\u00ednea de producci\u00f3n. Los resortes de prominente desempe\u00f1o ajustados se encargar\u00e1n de que el aparato conserve su precisi\u00f3n por un largo per\u00edodo de tiempo garantiz\u00e1ndole resultados fiables.<\/p>\n<p>El anillo de &#8220;tara&#8221; le permitir\u00e1 poner en cero la medici\u00f3n al inicio de la prueba compensando el esfuerzo derivado de la colocaci\u00f3n de accesorios de sujeci\u00f3n. El selector de picos de lectura\/retenci\u00f3n de valor en car\u00e1tula les dejar\u00e1 registrar las transiciones de fuerza o registrar las lecturas m\u00e1ximas en una prueba de esfuerzo. (Nota: los equipos an\u00e1logos no son apropiados para pruebas de cargas de impacto o para destructoras ).<\/p>\n<p>El instrumento no necesita bater\u00edas y es intr\u00ednsecamente seguro para su empleo en ambientes de peligro.<\/p>\n<p>El aparato incluye un dinam\u00f3metro, estuche pl\u00e1stico recio par transporte, manerales, accesorios para la medici\u00f3n como: 4 puntas de compresi\u00f3n (c\u00f3nica, biselada, chafl\u00e1n y plana), gancho peque\u00f1o, gancho con extensi\u00f3n y (4) tornillos de montaje para acoplar el dinam\u00f3metro en un banco de pruebas o en otra ubicaci\u00f3n persistente.<\/p>\n<ul>\n<li>Precisi\u00f3n: \u00b1 0.5%.<\/li>\n<li>S. Capacidad de sobrecarga: 135% de la capacidad nominal.<\/li>\n<li>Tama\u00f1o del eje: M10, 5 \/ 16-18 (Adaptador disponible).<\/li>\n<\/ul>\n","protected":false},"featured_media":8154,"comment_status":"open","ping_status":"closed","template":"","meta":{"_joinchat":[]},"product_brand":[],"product_cat":[92],"product_tag":[],"class_list":{"0":"post-8152","1":"product","2":"type-product","3":"status-publish","4":"has-post-thumbnail","6":"product_cat-dinamometros","8":"first","9":"instock","10":"shipping-taxable","11":"product-type-simple"},"yoast_head":"<!-- This site is optimized with the Yoast SEO plugin v26.4 - https:\/\/yoast.com\/wordpress\/plugins\/seo\/ -->\n<title>Dinam\u00f3metro An\u00e1logo 300 lbf - PSH300 - Abaa tienda online<\/title>\n<meta name=\"robots\" content=\"index, follow, max-snippet:-1, max-image-preview:large, max-video-preview:-1\" \/>\n<link rel=\"canonical\" href=\"https:\/\/abaa.mx\/tienda\/dinamometro-analogo-300-lbf-psh300\/\" \/>\n<meta property=\"og:locale\" content=\"es_MX\" \/>\n<meta property=\"og:type\" content=\"article\" \/>\n<meta property=\"og:title\" content=\"Dinam\u00f3metro An\u00e1logo 300 lbf - PSH300 - Abaa tienda online\" \/>\n<meta property=\"og:description\" content=\"El dinam\u00f3metro de 300 lbf de aptitud modelo IM-PSH300 marca Imada fu\u00e9 dise\u00f1ado con una carcaza resistente y resortes de empleo industrial que sobrevivir\u00e1 al \u00e1mbito siempre demandante de la l\u00ednea de producci\u00f3n. Los resortes de prominente desempe\u00f1o ajustados se encargar\u00e1n de que el aparato conserve su precisi\u00f3n por un largo per\u00edodo de tiempo garantiz\u00e1ndole resultados fiables.  El anillo de &quot;tara&quot; le permitir\u00e1 poner en cero la medici\u00f3n al inicio de la prueba compensando el esfuerzo derivado de la colocaci\u00f3n de accesorios de sujeci\u00f3n. El selector de picos de lectura\/retenci\u00f3n de valor en car\u00e1tula les dejar\u00e1 registrar las transiciones de fuerza o registrar las lecturas m\u00e1ximas en una prueba de esfuerzo. (Nota: los equipos an\u00e1logos no son apropiados para pruebas de cargas de impacto o para destructoras ).  El instrumento no necesita bater\u00edas y es intr\u00ednsecamente seguro para su empleo en ambientes de peligro.  El aparato incluye un dinam\u00f3metro, estuche pl\u00e1stico recio par transporte, manerales, accesorios para la medici\u00f3n como: 4 puntas de compresi\u00f3n (c\u00f3nica, biselada, chafl\u00e1n y plana), gancho peque\u00f1o, gancho con extensi\u00f3n y (4) tornillos de montaje para acoplar el dinam\u00f3metro en un banco de pruebas o en otra ubicaci\u00f3n persistente.   Precisi\u00f3n: \u00b1 0.5%.  S. Capacidad de sobrecarga: 135% de la capacidad nominal.  Tama\u00f1o del eje: M10, 5 \/ 16-18 (Adaptador disponible).\" \/>\n<meta property=\"og:url\" content=\"https:\/\/abaa.mx\/tienda\/dinamometro-analogo-300-lbf-psh300\/\" \/>\n<meta property=\"og:site_name\" content=\"Abaa tienda online\" \/>\n<meta property=\"og:image\" content=\"https:\/\/abaa.mx\/tienda\/wp-content\/uploads\/2023\/10\/IMADA-PSH300.jpg\" \/>\n\t<meta property=\"og:image:width\" content=\"599\" \/>\n\t<meta property=\"og:image:height\" content=\"599\" \/>\n\t<meta property=\"og:image:type\" content=\"image\/jpeg\" \/>\n<meta name=\"twitter:card\" content=\"summary_large_image\" \/>\n<meta name=\"twitter:label1\" content=\"Tiempo de lectura\" \/>\n\t<meta name=\"twitter:data1\" content=\"1 minuto\" \/>\n<script type=\"application\/ld+json\" class=\"yoast-schema-graph\">{\"@context\":\"https:\/\/schema.org\",\"@graph\":[{\"@type\":\"WebPage\",\"@id\":\"https:\/\/abaa.mx\/tienda\/dinamometro-analogo-300-lbf-psh300\/\",\"url\":\"https:\/\/abaa.mx\/tienda\/dinamometro-analogo-300-lbf-psh300\/\",\"name\":\"Dinam\u00f3metro An\u00e1logo 300 lbf - PSH300 - Abaa tienda online\",\"isPartOf\":{\"@id\":\"https:\/\/abaa.mx\/tienda\/#website\"},\"primaryImageOfPage\":{\"@id\":\"https:\/\/abaa.mx\/tienda\/dinamometro-analogo-300-lbf-psh300\/#primaryimage\"},\"image\":{\"@id\":\"https:\/\/abaa.mx\/tienda\/dinamometro-analogo-300-lbf-psh300\/#primaryimage\"},\"thumbnailUrl\":\"https:\/\/abaa.mx\/tienda\/wp-content\/uploads\/2023\/10\/IMADA-PSH300.jpg\",\"datePublished\":\"2023-10-27T20:42:39+00:00\",\"breadcrumb\":{\"@id\":\"https:\/\/abaa.mx\/tienda\/dinamometro-analogo-300-lbf-psh300\/#breadcrumb\"},\"inLanguage\":\"es\",\"potentialAction\":[{\"@type\":\"ReadAction\",\"target\":[\"https:\/\/abaa.mx\/tienda\/dinamometro-analogo-300-lbf-psh300\/\"]}]},{\"@type\":\"ImageObject\",\"inLanguage\":\"es\",\"@id\":\"https:\/\/abaa.mx\/tienda\/dinamometro-analogo-300-lbf-psh300\/#primaryimage\",\"url\":\"https:\/\/abaa.mx\/tienda\/wp-content\/uploads\/2023\/10\/IMADA-PSH300.jpg\",\"contentUrl\":\"https:\/\/abaa.mx\/tienda\/wp-content\/uploads\/2023\/10\/IMADA-PSH300.jpg\",\"width\":599,\"height\":599,\"caption\":\"IMADA-PSH300\"},{\"@type\":\"BreadcrumbList\",\"@id\":\"https:\/\/abaa.mx\/tienda\/dinamometro-analogo-300-lbf-psh300\/#breadcrumb\",\"itemListElement\":[{\"@type\":\"ListItem\",\"position\":1,\"name\":\"Inicio\",\"item\":\"https:\/\/abaa.mx\/tienda\/\"},{\"@type\":\"ListItem\",\"position\":2,\"name\":\"Tienda\",\"item\":\"https:\/\/abaa.mx\/tienda\/\"},{\"@type\":\"ListItem\",\"position\":3,\"name\":\"Dinam\u00f3metro An\u00e1logo 300 lbf &#8211; PSH300\"}]},{\"@type\":\"WebSite\",\"@id\":\"https:\/\/abaa.mx\/tienda\/#website\",\"url\":\"https:\/\/abaa.mx\/tienda\/\",\"name\":\"Abaa tienda online\",\"description\":\"Instrumentos de medici\u00f3n\",\"publisher\":{\"@id\":\"https:\/\/abaa.mx\/tienda\/#organization\"},\"potentialAction\":[{\"@type\":\"SearchAction\",\"target\":{\"@type\":\"EntryPoint\",\"urlTemplate\":\"https:\/\/abaa.mx\/tienda\/?s={search_term_string}\"},\"query-input\":{\"@type\":\"PropertyValueSpecification\",\"valueRequired\":true,\"valueName\":\"search_term_string\"}}],\"inLanguage\":\"es\"},{\"@type\":\"Organization\",\"@id\":\"https:\/\/abaa.mx\/tienda\/#organization\",\"name\":\"Abaa tienda online\",\"url\":\"https:\/\/abaa.mx\/tienda\/\",\"logo\":{\"@type\":\"ImageObject\",\"inLanguage\":\"es\",\"@id\":\"https:\/\/abaa.mx\/tienda\/#\/schema\/logo\/image\/\",\"url\":\"https:\/\/abaa.mx\/tienda\/wp-content\/uploads\/2024\/01\/abaa-metrologia-tienda.png\",\"contentUrl\":\"https:\/\/abaa.mx\/tienda\/wp-content\/uploads\/2024\/01\/abaa-metrologia-tienda.png\",\"width\":300,\"height\":141,\"caption\":\"Abaa tienda online\"},\"image\":{\"@id\":\"https:\/\/abaa.mx\/tienda\/#\/schema\/logo\/image\/\"}}]}<\/script>\n<!-- \/ Yoast SEO plugin. -->","yoast_head_json":{"title":"Dinam\u00f3metro An\u00e1logo 300 lbf - PSH300 - Abaa tienda online","robots":{"index":"index","follow":"follow","max-snippet":"max-snippet:-1","max-image-preview":"max-image-preview:large","max-video-preview":"max-video-preview:-1"},"canonical":"https:\/\/abaa.mx\/tienda\/dinamometro-analogo-300-lbf-psh300\/","og_locale":"es_MX","og_type":"article","og_title":"Dinam\u00f3metro An\u00e1logo 300 lbf - PSH300 - Abaa tienda online","og_description":"El dinam\u00f3metro de 300 lbf de aptitud modelo IM-PSH300 marca Imada fu\u00e9 dise\u00f1ado con una carcaza resistente y resortes de empleo industrial que sobrevivir\u00e1 al \u00e1mbito siempre demandante de la l\u00ednea de producci\u00f3n. Los resortes de prominente desempe\u00f1o ajustados se encargar\u00e1n de que el aparato conserve su precisi\u00f3n por un largo per\u00edodo de tiempo garantiz\u00e1ndole resultados fiables.  El anillo de \"tara\" le permitir\u00e1 poner en cero la medici\u00f3n al inicio de la prueba compensando el esfuerzo derivado de la colocaci\u00f3n de accesorios de sujeci\u00f3n. El selector de picos de lectura\/retenci\u00f3n de valor en car\u00e1tula les dejar\u00e1 registrar las transiciones de fuerza o registrar las lecturas m\u00e1ximas en una prueba de esfuerzo. (Nota: los equipos an\u00e1logos no son apropiados para pruebas de cargas de impacto o para destructoras ).  El instrumento no necesita bater\u00edas y es intr\u00ednsecamente seguro para su empleo en ambientes de peligro.  El aparato incluye un dinam\u00f3metro, estuche pl\u00e1stico recio par transporte, manerales, accesorios para la medici\u00f3n como: 4 puntas de compresi\u00f3n (c\u00f3nica, biselada, chafl\u00e1n y plana), gancho peque\u00f1o, gancho con extensi\u00f3n y (4) tornillos de montaje para acoplar el dinam\u00f3metro en un banco de pruebas o en otra ubicaci\u00f3n persistente.   Precisi\u00f3n: \u00b1 0.5%.  S. Capacidad de sobrecarga: 135% de la capacidad nominal.  Tama\u00f1o del eje: M10, 5 \/ 16-18 (Adaptador disponible).","og_url":"https:\/\/abaa.mx\/tienda\/dinamometro-analogo-300-lbf-psh300\/","og_site_name":"Abaa tienda online","og_image":[{"width":599,"height":599,"url":"https:\/\/abaa.mx\/tienda\/wp-content\/uploads\/2023\/10\/IMADA-PSH300.jpg","type":"image\/jpeg"}],"twitter_card":"summary_large_image","twitter_misc":{"Tiempo de lectura":"1 minuto"},"schema":{"@context":"https:\/\/schema.org","@graph":[{"@type":"WebPage","@id":"https:\/\/abaa.mx\/tienda\/dinamometro-analogo-300-lbf-psh300\/","url":"https:\/\/abaa.mx\/tienda\/dinamometro-analogo-300-lbf-psh300\/","name":"Dinam\u00f3metro An\u00e1logo 300 lbf - PSH300 - Abaa tienda online","isPartOf":{"@id":"https:\/\/abaa.mx\/tienda\/#website"},"primaryImageOfPage":{"@id":"https:\/\/abaa.mx\/tienda\/dinamometro-analogo-300-lbf-psh300\/#primaryimage"},"image":{"@id":"https:\/\/abaa.mx\/tienda\/dinamometro-analogo-300-lbf-psh300\/#primaryimage"},"thumbnailUrl":"https:\/\/abaa.mx\/tienda\/wp-content\/uploads\/2023\/10\/IMADA-PSH300.jpg","datePublished":"2023-10-27T20:42:39+00:00","breadcrumb":{"@id":"https:\/\/abaa.mx\/tienda\/dinamometro-analogo-300-lbf-psh300\/#breadcrumb"},"inLanguage":"es","potentialAction":[{"@type":"ReadAction","target":["https:\/\/abaa.mx\/tienda\/dinamometro-analogo-300-lbf-psh300\/"]}]},{"@type":"ImageObject","inLanguage":"es","@id":"https:\/\/abaa.mx\/tienda\/dinamometro-analogo-300-lbf-psh300\/#primaryimage","url":"https:\/\/abaa.mx\/tienda\/wp-content\/uploads\/2023\/10\/IMADA-PSH300.jpg","contentUrl":"https:\/\/abaa.mx\/tienda\/wp-content\/uploads\/2023\/10\/IMADA-PSH300.jpg","width":599,"height":599,"caption":"IMADA-PSH300"},{"@type":"BreadcrumbList","@id":"https:\/\/abaa.mx\/tienda\/dinamometro-analogo-300-lbf-psh300\/#breadcrumb","itemListElement":[{"@type":"ListItem","position":1,"name":"Inicio","item":"https:\/\/abaa.mx\/tienda\/"},{"@type":"ListItem","position":2,"name":"Tienda","item":"https:\/\/abaa.mx\/tienda\/"},{"@type":"ListItem","position":3,"name":"Dinam\u00f3metro An\u00e1logo 300 lbf &#8211; PSH300"}]},{"@type":"WebSite","@id":"https:\/\/abaa.mx\/tienda\/#website","url":"https:\/\/abaa.mx\/tienda\/","name":"Abaa tienda online","description":"Instrumentos de medici\u00f3n","publisher":{"@id":"https:\/\/abaa.mx\/tienda\/#organization"},"potentialAction":[{"@type":"SearchAction","target":{"@type":"EntryPoint","urlTemplate":"https:\/\/abaa.mx\/tienda\/?s={search_term_string}"},"query-input":{"@type":"PropertyValueSpecification","valueRequired":true,"valueName":"search_term_string"}}],"inLanguage":"es"},{"@type":"Organization","@id":"https:\/\/abaa.mx\/tienda\/#organization","name":"Abaa tienda online","url":"https:\/\/abaa.mx\/tienda\/","logo":{"@type":"ImageObject","inLanguage":"es","@id":"https:\/\/abaa.mx\/tienda\/#\/schema\/logo\/image\/","url":"https:\/\/abaa.mx\/tienda\/wp-content\/uploads\/2024\/01\/abaa-metrologia-tienda.png","contentUrl":"https:\/\/abaa.mx\/tienda\/wp-content\/uploads\/2024\/01\/abaa-metrologia-tienda.png","width":300,"height":141,"caption":"Abaa tienda online"},"image":{"@id":"https:\/\/abaa.mx\/tienda\/#\/schema\/logo\/image\/"}}]}},"_links":{"self":[{"href":"https:\/\/abaa.mx\/tienda\/wp-json\/wp\/v2\/product\/8152","targetHints":{"allow":["GET"]}}],"collection":[{"href":"https:\/\/abaa.mx\/tienda\/wp-json\/wp\/v2\/product"}],"about":[{"href":"https:\/\/abaa.mx\/tienda\/wp-json\/wp\/v2\/types\/product"}],"replies":[{"embeddable":true,"href":"https:\/\/abaa.mx\/tienda\/wp-json\/wp\/v2\/comments?post=8152"}],"wp:featuredmedia":[{"embeddable":true,"href":"https:\/\/abaa.mx\/tienda\/wp-json\/wp\/v2\/media\/8154"}],"wp:attachment":[{"href":"https:\/\/abaa.mx\/tienda\/wp-json\/wp\/v2\/media?parent=8152"}],"wp:term":[{"taxonomy":"product_brand","embeddable":true,"href":"https:\/\/abaa.mx\/tienda\/wp-json\/wp\/v2\/product_brand?post=8152"},{"taxonomy":"product_cat","embeddable":true,"href":"https:\/\/abaa.mx\/tienda\/wp-json\/wp\/v2\/product_cat?post=8152"},{"taxonomy":"product_tag","embeddable":true,"href":"https:\/\/abaa.mx\/tienda\/wp-json\/wp\/v2\/product_tag?post=8152"}],"curies":[{"name":"wp","href":"https:\/\/api.w.org\/{rel}","templated":true}]}}