{"id":8148,"date":"2023-10-27T20:39:15","date_gmt":"2023-10-27T20:39:15","guid":{"rendered":"https:\/\/abaa.mx\/tienda\/?post_type=product&#038;p=8148"},"modified":"2023-10-27T20:39:16","modified_gmt":"2023-10-27T20:39:16","slug":"medidor-de-crimpado-motorizado-act220","status":"publish","type":"product","link":"https:\/\/abaa.mx\/tienda\/medidor-de-crimpado-motorizado-act220\/","title":{"rendered":"Medidor de Crimpado Motorizado &#8211; ACT220"},"content":{"rendered":"<p>Medidor de Crimpado Motorizado &#8211; ACT220<\/p>\n","protected":false},"excerpt":{"rendered":"<p>Probador autom\u00e1tico de crimpado de alambre Modelo: ACT-220 capacidad 220 lbf Modos de prueba destructivos y no destructivos.<\/p>\n<ul>\n<li>El kit incluye, agarre de terminal, agarre de leva de alambre, software de adquisici\u00f3n de datos ACT Logger, cable USB, certificado de calibraci\u00f3n trazable a NIST<\/li>\n<li>Memoria de 1.500 datos para recuperaci\u00f3n o descarga (salida RS-232C)<\/li>\n<li>Muchos accesorios de engarzado opcionales disponibles<\/li>\n<li>Velocidades digitales seleccionables 10\/25\/50\/100 mm \/ min<\/li>\n<li>Pantalla EL electroluminiscente, muy visible en la oscuridad o en la luz del sol brillante n Sello de fecha y hora<\/li>\n<li>Unidades seleccionables: lbf, kgf y N<\/li>\n<li>Forzar la duraci\u00f3n de la retenci\u00f3n hasta 999 segundos en incrementos de 1 segundo<\/li>\n<li>Los men\u00fas f\u00e1ciles de usar, la pantalla electroluminiscente EL y el teclado simplifican la programaci\u00f3n de la prueba de crimpado. Seleccione unidades, pruebas destructivas o no destructivas y mantenga la duraci\u00f3n. Guarde en la memoria hasta 26 perfiles de prueba de crimpado de cables individuales.<\/li>\n<li>Guarde hasta 26 configuraciones de prueba en la memoria<\/li>\n<li>Indicadores LED codificados por colores para pruebas Go \/ No Go<\/li>\n<\/ul>\n","protected":false},"featured_media":8151,"comment_status":"open","ping_status":"closed","template":"","meta":{"_joinchat":[]},"product_brand":[],"product_cat":[92],"product_tag":[],"class_list":{"0":"post-8148","1":"product","2":"type-product","3":"status-publish","4":"has-post-thumbnail","6":"product_cat-dinamometros","8":"first","9":"instock","10":"shipping-taxable","11":"product-type-simple"},"yoast_head":"<!-- This site is optimized with the Yoast SEO plugin v26.4 - https:\/\/yoast.com\/wordpress\/plugins\/seo\/ -->\n<title>Medidor de Crimpado Motorizado - ACT220 - Abaa tienda online<\/title>\n<meta name=\"robots\" content=\"index, follow, max-snippet:-1, max-image-preview:large, max-video-preview:-1\" \/>\n<link rel=\"canonical\" href=\"https:\/\/abaa.mx\/tienda\/medidor-de-crimpado-motorizado-act220\/\" \/>\n<meta property=\"og:locale\" content=\"es_MX\" \/>\n<meta property=\"og:type\" content=\"article\" \/>\n<meta property=\"og:title\" content=\"Medidor de Crimpado Motorizado - ACT220 - Abaa tienda online\" \/>\n<meta property=\"og:description\" content=\"Probador autom\u00e1tico de crimpado de alambre Modelo: ACT-220 capacidad 220 lbf Modos de prueba destructivos y no destructivos.   El kit incluye, agarre de terminal, agarre de leva de alambre, software de adquisici\u00f3n de datos ACT Logger, cable USB, certificado de calibraci\u00f3n trazable a NIST  Memoria de 1.500 datos para recuperaci\u00f3n o descarga (salida RS-232C)  Muchos accesorios de engarzado opcionales disponibles  Velocidades digitales seleccionables 10\/25\/50\/100 mm \/ min  Pantalla EL electroluminiscente, muy visible en la oscuridad o en la luz del sol brillante n Sello de fecha y hora  Unidades seleccionables: lbf, kgf y N  Forzar la duraci\u00f3n de la retenci\u00f3n hasta 999 segundos en incrementos de 1 segundo  Los men\u00fas f\u00e1ciles de usar, la pantalla electroluminiscente EL y el teclado simplifican la programaci\u00f3n de la prueba de crimpado. Seleccione unidades, pruebas destructivas o no destructivas y mantenga la duraci\u00f3n. Guarde en la memoria hasta 26 perfiles de prueba de crimpado de cables individuales.  Guarde hasta 26 configuraciones de prueba en la memoria  Indicadores LED codificados por colores para pruebas Go \/ No Go\" \/>\n<meta property=\"og:url\" content=\"https:\/\/abaa.mx\/tienda\/medidor-de-crimpado-motorizado-act220\/\" \/>\n<meta property=\"og:site_name\" content=\"Abaa tienda online\" \/>\n<meta property=\"article:modified_time\" content=\"2023-10-27T20:39:16+00:00\" \/>\n<meta property=\"og:image\" content=\"https:\/\/abaa.mx\/tienda\/wp-content\/uploads\/2023\/10\/IMADA-ACT220.jpg\" \/>\n\t<meta property=\"og:image:width\" content=\"552\" \/>\n\t<meta property=\"og:image:height\" content=\"434\" \/>\n\t<meta property=\"og:image:type\" content=\"image\/jpeg\" \/>\n<meta name=\"twitter:card\" content=\"summary_large_image\" \/>\n<meta name=\"twitter:label1\" content=\"Tiempo de lectura\" \/>\n\t<meta name=\"twitter:data1\" content=\"1 minuto\" \/>\n<script type=\"application\/ld+json\" class=\"yoast-schema-graph\">{\"@context\":\"https:\/\/schema.org\",\"@graph\":[{\"@type\":\"WebPage\",\"@id\":\"https:\/\/abaa.mx\/tienda\/medidor-de-crimpado-motorizado-act220\/\",\"url\":\"https:\/\/abaa.mx\/tienda\/medidor-de-crimpado-motorizado-act220\/\",\"name\":\"Medidor de Crimpado Motorizado - ACT220 - Abaa tienda online\",\"isPartOf\":{\"@id\":\"https:\/\/abaa.mx\/tienda\/#website\"},\"primaryImageOfPage\":{\"@id\":\"https:\/\/abaa.mx\/tienda\/medidor-de-crimpado-motorizado-act220\/#primaryimage\"},\"image\":{\"@id\":\"https:\/\/abaa.mx\/tienda\/medidor-de-crimpado-motorizado-act220\/#primaryimage\"},\"thumbnailUrl\":\"https:\/\/abaa.mx\/tienda\/wp-content\/uploads\/2023\/10\/IMADA-ACT220.jpg\",\"datePublished\":\"2023-10-27T20:39:15+00:00\",\"dateModified\":\"2023-10-27T20:39:16+00:00\",\"breadcrumb\":{\"@id\":\"https:\/\/abaa.mx\/tienda\/medidor-de-crimpado-motorizado-act220\/#breadcrumb\"},\"inLanguage\":\"es\",\"potentialAction\":[{\"@type\":\"ReadAction\",\"target\":[\"https:\/\/abaa.mx\/tienda\/medidor-de-crimpado-motorizado-act220\/\"]}]},{\"@type\":\"ImageObject\",\"inLanguage\":\"es\",\"@id\":\"https:\/\/abaa.mx\/tienda\/medidor-de-crimpado-motorizado-act220\/#primaryimage\",\"url\":\"https:\/\/abaa.mx\/tienda\/wp-content\/uploads\/2023\/10\/IMADA-ACT220.jpg\",\"contentUrl\":\"https:\/\/abaa.mx\/tienda\/wp-content\/uploads\/2023\/10\/IMADA-ACT220.jpg\",\"width\":552,\"height\":434,\"caption\":\"IMADA-ACT220\"},{\"@type\":\"BreadcrumbList\",\"@id\":\"https:\/\/abaa.mx\/tienda\/medidor-de-crimpado-motorizado-act220\/#breadcrumb\",\"itemListElement\":[{\"@type\":\"ListItem\",\"position\":1,\"name\":\"Inicio\",\"item\":\"https:\/\/abaa.mx\/tienda\/\"},{\"@type\":\"ListItem\",\"position\":2,\"name\":\"Tienda\",\"item\":\"https:\/\/abaa.mx\/tienda\/\"},{\"@type\":\"ListItem\",\"position\":3,\"name\":\"Medidor de Crimpado Motorizado &#8211; ACT220\"}]},{\"@type\":\"WebSite\",\"@id\":\"https:\/\/abaa.mx\/tienda\/#website\",\"url\":\"https:\/\/abaa.mx\/tienda\/\",\"name\":\"Abaa tienda online\",\"description\":\"Instrumentos de medici\u00f3n\",\"publisher\":{\"@id\":\"https:\/\/abaa.mx\/tienda\/#organization\"},\"potentialAction\":[{\"@type\":\"SearchAction\",\"target\":{\"@type\":\"EntryPoint\",\"urlTemplate\":\"https:\/\/abaa.mx\/tienda\/?s={search_term_string}\"},\"query-input\":{\"@type\":\"PropertyValueSpecification\",\"valueRequired\":true,\"valueName\":\"search_term_string\"}}],\"inLanguage\":\"es\"},{\"@type\":\"Organization\",\"@id\":\"https:\/\/abaa.mx\/tienda\/#organization\",\"name\":\"Abaa tienda online\",\"url\":\"https:\/\/abaa.mx\/tienda\/\",\"logo\":{\"@type\":\"ImageObject\",\"inLanguage\":\"es\",\"@id\":\"https:\/\/abaa.mx\/tienda\/#\/schema\/logo\/image\/\",\"url\":\"https:\/\/abaa.mx\/tienda\/wp-content\/uploads\/2024\/01\/abaa-metrologia-tienda.png\",\"contentUrl\":\"https:\/\/abaa.mx\/tienda\/wp-content\/uploads\/2024\/01\/abaa-metrologia-tienda.png\",\"width\":300,\"height\":141,\"caption\":\"Abaa tienda online\"},\"image\":{\"@id\":\"https:\/\/abaa.mx\/tienda\/#\/schema\/logo\/image\/\"}}]}<\/script>\n<!-- \/ Yoast SEO plugin. -->","yoast_head_json":{"title":"Medidor de Crimpado Motorizado - ACT220 - Abaa tienda online","robots":{"index":"index","follow":"follow","max-snippet":"max-snippet:-1","max-image-preview":"max-image-preview:large","max-video-preview":"max-video-preview:-1"},"canonical":"https:\/\/abaa.mx\/tienda\/medidor-de-crimpado-motorizado-act220\/","og_locale":"es_MX","og_type":"article","og_title":"Medidor de Crimpado Motorizado - ACT220 - Abaa tienda online","og_description":"Probador autom\u00e1tico de crimpado de alambre Modelo: ACT-220 capacidad 220 lbf Modos de prueba destructivos y no destructivos.   El kit incluye, agarre de terminal, agarre de leva de alambre, software de adquisici\u00f3n de datos ACT Logger, cable USB, certificado de calibraci\u00f3n trazable a NIST  Memoria de 1.500 datos para recuperaci\u00f3n o descarga (salida RS-232C)  Muchos accesorios de engarzado opcionales disponibles  Velocidades digitales seleccionables 10\/25\/50\/100 mm \/ min  Pantalla EL electroluminiscente, muy visible en la oscuridad o en la luz del sol brillante n Sello de fecha y hora  Unidades seleccionables: lbf, kgf y N  Forzar la duraci\u00f3n de la retenci\u00f3n hasta 999 segundos en incrementos de 1 segundo  Los men\u00fas f\u00e1ciles de usar, la pantalla electroluminiscente EL y el teclado simplifican la programaci\u00f3n de la prueba de crimpado. Seleccione unidades, pruebas destructivas o no destructivas y mantenga la duraci\u00f3n. Guarde en la memoria hasta 26 perfiles de prueba de crimpado de cables individuales.  Guarde hasta 26 configuraciones de prueba en la memoria  Indicadores LED codificados por colores para pruebas Go \/ No Go","og_url":"https:\/\/abaa.mx\/tienda\/medidor-de-crimpado-motorizado-act220\/","og_site_name":"Abaa tienda online","article_modified_time":"2023-10-27T20:39:16+00:00","og_image":[{"width":552,"height":434,"url":"https:\/\/abaa.mx\/tienda\/wp-content\/uploads\/2023\/10\/IMADA-ACT220.jpg","type":"image\/jpeg"}],"twitter_card":"summary_large_image","twitter_misc":{"Tiempo de lectura":"1 minuto"},"schema":{"@context":"https:\/\/schema.org","@graph":[{"@type":"WebPage","@id":"https:\/\/abaa.mx\/tienda\/medidor-de-crimpado-motorizado-act220\/","url":"https:\/\/abaa.mx\/tienda\/medidor-de-crimpado-motorizado-act220\/","name":"Medidor de Crimpado Motorizado - ACT220 - Abaa tienda online","isPartOf":{"@id":"https:\/\/abaa.mx\/tienda\/#website"},"primaryImageOfPage":{"@id":"https:\/\/abaa.mx\/tienda\/medidor-de-crimpado-motorizado-act220\/#primaryimage"},"image":{"@id":"https:\/\/abaa.mx\/tienda\/medidor-de-crimpado-motorizado-act220\/#primaryimage"},"thumbnailUrl":"https:\/\/abaa.mx\/tienda\/wp-content\/uploads\/2023\/10\/IMADA-ACT220.jpg","datePublished":"2023-10-27T20:39:15+00:00","dateModified":"2023-10-27T20:39:16+00:00","breadcrumb":{"@id":"https:\/\/abaa.mx\/tienda\/medidor-de-crimpado-motorizado-act220\/#breadcrumb"},"inLanguage":"es","potentialAction":[{"@type":"ReadAction","target":["https:\/\/abaa.mx\/tienda\/medidor-de-crimpado-motorizado-act220\/"]}]},{"@type":"ImageObject","inLanguage":"es","@id":"https:\/\/abaa.mx\/tienda\/medidor-de-crimpado-motorizado-act220\/#primaryimage","url":"https:\/\/abaa.mx\/tienda\/wp-content\/uploads\/2023\/10\/IMADA-ACT220.jpg","contentUrl":"https:\/\/abaa.mx\/tienda\/wp-content\/uploads\/2023\/10\/IMADA-ACT220.jpg","width":552,"height":434,"caption":"IMADA-ACT220"},{"@type":"BreadcrumbList","@id":"https:\/\/abaa.mx\/tienda\/medidor-de-crimpado-motorizado-act220\/#breadcrumb","itemListElement":[{"@type":"ListItem","position":1,"name":"Inicio","item":"https:\/\/abaa.mx\/tienda\/"},{"@type":"ListItem","position":2,"name":"Tienda","item":"https:\/\/abaa.mx\/tienda\/"},{"@type":"ListItem","position":3,"name":"Medidor de Crimpado Motorizado &#8211; ACT220"}]},{"@type":"WebSite","@id":"https:\/\/abaa.mx\/tienda\/#website","url":"https:\/\/abaa.mx\/tienda\/","name":"Abaa tienda online","description":"Instrumentos de medici\u00f3n","publisher":{"@id":"https:\/\/abaa.mx\/tienda\/#organization"},"potentialAction":[{"@type":"SearchAction","target":{"@type":"EntryPoint","urlTemplate":"https:\/\/abaa.mx\/tienda\/?s={search_term_string}"},"query-input":{"@type":"PropertyValueSpecification","valueRequired":true,"valueName":"search_term_string"}}],"inLanguage":"es"},{"@type":"Organization","@id":"https:\/\/abaa.mx\/tienda\/#organization","name":"Abaa tienda online","url":"https:\/\/abaa.mx\/tienda\/","logo":{"@type":"ImageObject","inLanguage":"es","@id":"https:\/\/abaa.mx\/tienda\/#\/schema\/logo\/image\/","url":"https:\/\/abaa.mx\/tienda\/wp-content\/uploads\/2024\/01\/abaa-metrologia-tienda.png","contentUrl":"https:\/\/abaa.mx\/tienda\/wp-content\/uploads\/2024\/01\/abaa-metrologia-tienda.png","width":300,"height":141,"caption":"Abaa tienda online"},"image":{"@id":"https:\/\/abaa.mx\/tienda\/#\/schema\/logo\/image\/"}}]}},"_links":{"self":[{"href":"https:\/\/abaa.mx\/tienda\/wp-json\/wp\/v2\/product\/8148","targetHints":{"allow":["GET"]}}],"collection":[{"href":"https:\/\/abaa.mx\/tienda\/wp-json\/wp\/v2\/product"}],"about":[{"href":"https:\/\/abaa.mx\/tienda\/wp-json\/wp\/v2\/types\/product"}],"replies":[{"embeddable":true,"href":"https:\/\/abaa.mx\/tienda\/wp-json\/wp\/v2\/comments?post=8148"}],"wp:featuredmedia":[{"embeddable":true,"href":"https:\/\/abaa.mx\/tienda\/wp-json\/wp\/v2\/media\/8151"}],"wp:attachment":[{"href":"https:\/\/abaa.mx\/tienda\/wp-json\/wp\/v2\/media?parent=8148"}],"wp:term":[{"taxonomy":"product_brand","embeddable":true,"href":"https:\/\/abaa.mx\/tienda\/wp-json\/wp\/v2\/product_brand?post=8148"},{"taxonomy":"product_cat","embeddable":true,"href":"https:\/\/abaa.mx\/tienda\/wp-json\/wp\/v2\/product_cat?post=8148"},{"taxonomy":"product_tag","embeddable":true,"href":"https:\/\/abaa.mx\/tienda\/wp-json\/wp\/v2\/product_tag?post=8148"}],"curies":[{"name":"wp","href":"https:\/\/api.w.org\/{rel}","templated":true}]}}