{"id":8144,"date":"2023-10-27T20:39:41","date_gmt":"2023-10-27T20:39:41","guid":{"rendered":"https:\/\/abaa.mx\/tienda\/?post_type=product&#038;p=8144"},"modified":"2023-10-27T20:39:42","modified_gmt":"2023-10-27T20:39:42","slug":"dinamometro-digital-serie-dst-indicador-de-fuerza-dst","status":"publish","type":"product","link":"https:\/\/abaa.mx\/tienda\/dinamometro-digital-serie-dst-indicador-de-fuerza-dst\/","title":{"rendered":"Dinam\u00f3metro Digital Serie DST Indicador de fuerza &#8211; DST"},"content":{"rendered":"<p>Dinam\u00f3metro Digital Serie DST Indicador de fuerza &#8211; DST<\/p>\n","protected":false},"excerpt":{"rendered":"<p><b>Medidor digital de fuerza DST<\/b>\u00a0<b>Indicador de fuerza b\u00e1sico f\u00e1cil de usar con gran pantalla LCD Iluminada<\/b>\u00a0<b>Caracter\u00edsticas est\u00e1ndar:<\/b><\/p>\n<ul>\n<li>Construcci\u00f3n met\u00e1lica ergon\u00f3mica, duradera y resistente<\/li>\n<li>Capacidad de sobrecarga 200% F.S .; La pantalla parpadea en el l\u00edmite de sobrecarga<\/li>\n<li>Operaci\u00f3n seleccionable en tiempo real o modo pico<\/li>\n<li>Medidor de fuerza b\u00e1sico f\u00e1cil de usar<\/li>\n<li>Pantalla LCD retroiluminada con men\u00fas f\u00e1ciles de usar<\/li>\n<li>Salida USB y RS-232C<\/li>\n<li>Funciona con bater\u00edas internas Ni-MH (reemplazables por el usuario) o adaptador de CA; carga con puerto USB o cargador port\u00e1til<\/li>\n<li>Velocidad de muestreo ultra alta de 30,000 \/ seg<\/li>\n<\/ul>\n","protected":false},"featured_media":8150,"comment_status":"open","ping_status":"closed","template":"","meta":{"_joinchat":[]},"product_brand":[],"product_cat":[92],"product_tag":[],"class_list":{"0":"post-8144","1":"product","2":"type-product","3":"status-publish","4":"has-post-thumbnail","6":"product_cat-dinamometros","8":"first","9":"instock","10":"shipping-taxable","11":"product-type-simple"},"yoast_head":"<!-- This site is optimized with the Yoast SEO plugin v26.4 - https:\/\/yoast.com\/wordpress\/plugins\/seo\/ -->\n<title>Dinam\u00f3metro Digital Serie DST Indicador de fuerza - DST - Abaa tienda online<\/title>\n<meta name=\"robots\" content=\"index, follow, max-snippet:-1, max-image-preview:large, max-video-preview:-1\" \/>\n<link rel=\"canonical\" href=\"https:\/\/abaa.mx\/tienda\/dinamometro-digital-serie-dst-indicador-de-fuerza-dst\/\" \/>\n<meta property=\"og:locale\" content=\"es_MX\" \/>\n<meta property=\"og:type\" content=\"article\" \/>\n<meta property=\"og:title\" content=\"Dinam\u00f3metro Digital Serie DST Indicador de fuerza - DST - Abaa tienda online\" \/>\n<meta property=\"og:description\" content=\"Medidor digital de fuerza DST\u00a0Indicador de fuerza b\u00e1sico f\u00e1cil de usar con gran pantalla LCD Iluminada\u00a0Caracter\u00edsticas est\u00e1ndar:   Construcci\u00f3n met\u00e1lica ergon\u00f3mica, duradera y resistente  Capacidad de sobrecarga 200% F.S .; La pantalla parpadea en el l\u00edmite de sobrecarga  Operaci\u00f3n seleccionable en tiempo real o modo pico  Medidor de fuerza b\u00e1sico f\u00e1cil de usar  Pantalla LCD retroiluminada con men\u00fas f\u00e1ciles de usar  Salida USB y RS-232C  Funciona con bater\u00edas internas Ni-MH (reemplazables por el usuario) o adaptador de CA; carga con puerto USB o cargador port\u00e1til  Velocidad de muestreo ultra alta de 30,000 \/ seg\" \/>\n<meta property=\"og:url\" content=\"https:\/\/abaa.mx\/tienda\/dinamometro-digital-serie-dst-indicador-de-fuerza-dst\/\" \/>\n<meta property=\"og:site_name\" content=\"Abaa tienda online\" \/>\n<meta property=\"article:modified_time\" content=\"2023-10-27T20:39:42+00:00\" \/>\n<meta property=\"og:image\" content=\"https:\/\/abaa.mx\/tienda\/wp-content\/uploads\/2023\/10\/IMADA-DST-1.jpg\" \/>\n\t<meta property=\"og:image:width\" content=\"476\" \/>\n\t<meta property=\"og:image:height\" content=\"506\" \/>\n\t<meta property=\"og:image:type\" content=\"image\/jpeg\" \/>\n<meta name=\"twitter:card\" content=\"summary_large_image\" \/>\n<meta name=\"twitter:label1\" content=\"Tiempo de lectura\" \/>\n\t<meta name=\"twitter:data1\" content=\"1 minuto\" \/>\n<script type=\"application\/ld+json\" class=\"yoast-schema-graph\">{\"@context\":\"https:\/\/schema.org\",\"@graph\":[{\"@type\":\"WebPage\",\"@id\":\"https:\/\/abaa.mx\/tienda\/dinamometro-digital-serie-dst-indicador-de-fuerza-dst\/\",\"url\":\"https:\/\/abaa.mx\/tienda\/dinamometro-digital-serie-dst-indicador-de-fuerza-dst\/\",\"name\":\"Dinam\u00f3metro Digital Serie DST Indicador de fuerza - DST - Abaa tienda online\",\"isPartOf\":{\"@id\":\"https:\/\/abaa.mx\/tienda\/#website\"},\"primaryImageOfPage\":{\"@id\":\"https:\/\/abaa.mx\/tienda\/dinamometro-digital-serie-dst-indicador-de-fuerza-dst\/#primaryimage\"},\"image\":{\"@id\":\"https:\/\/abaa.mx\/tienda\/dinamometro-digital-serie-dst-indicador-de-fuerza-dst\/#primaryimage\"},\"thumbnailUrl\":\"https:\/\/abaa.mx\/tienda\/wp-content\/uploads\/2023\/10\/IMADA-DST-1.jpg\",\"datePublished\":\"2023-10-27T20:39:41+00:00\",\"dateModified\":\"2023-10-27T20:39:42+00:00\",\"breadcrumb\":{\"@id\":\"https:\/\/abaa.mx\/tienda\/dinamometro-digital-serie-dst-indicador-de-fuerza-dst\/#breadcrumb\"},\"inLanguage\":\"es\",\"potentialAction\":[{\"@type\":\"ReadAction\",\"target\":[\"https:\/\/abaa.mx\/tienda\/dinamometro-digital-serie-dst-indicador-de-fuerza-dst\/\"]}]},{\"@type\":\"ImageObject\",\"inLanguage\":\"es\",\"@id\":\"https:\/\/abaa.mx\/tienda\/dinamometro-digital-serie-dst-indicador-de-fuerza-dst\/#primaryimage\",\"url\":\"https:\/\/abaa.mx\/tienda\/wp-content\/uploads\/2023\/10\/IMADA-DST-1.jpg\",\"contentUrl\":\"https:\/\/abaa.mx\/tienda\/wp-content\/uploads\/2023\/10\/IMADA-DST-1.jpg\",\"width\":476,\"height\":506,\"caption\":\"IMADA-DST\"},{\"@type\":\"BreadcrumbList\",\"@id\":\"https:\/\/abaa.mx\/tienda\/dinamometro-digital-serie-dst-indicador-de-fuerza-dst\/#breadcrumb\",\"itemListElement\":[{\"@type\":\"ListItem\",\"position\":1,\"name\":\"Inicio\",\"item\":\"https:\/\/abaa.mx\/tienda\/\"},{\"@type\":\"ListItem\",\"position\":2,\"name\":\"Tienda\",\"item\":\"https:\/\/abaa.mx\/tienda\/\"},{\"@type\":\"ListItem\",\"position\":3,\"name\":\"Dinam\u00f3metro Digital Serie DST Indicador de fuerza &#8211; DST\"}]},{\"@type\":\"WebSite\",\"@id\":\"https:\/\/abaa.mx\/tienda\/#website\",\"url\":\"https:\/\/abaa.mx\/tienda\/\",\"name\":\"Abaa tienda online\",\"description\":\"Instrumentos de medici\u00f3n\",\"publisher\":{\"@id\":\"https:\/\/abaa.mx\/tienda\/#organization\"},\"potentialAction\":[{\"@type\":\"SearchAction\",\"target\":{\"@type\":\"EntryPoint\",\"urlTemplate\":\"https:\/\/abaa.mx\/tienda\/?s={search_term_string}\"},\"query-input\":{\"@type\":\"PropertyValueSpecification\",\"valueRequired\":true,\"valueName\":\"search_term_string\"}}],\"inLanguage\":\"es\"},{\"@type\":\"Organization\",\"@id\":\"https:\/\/abaa.mx\/tienda\/#organization\",\"name\":\"Abaa tienda online\",\"url\":\"https:\/\/abaa.mx\/tienda\/\",\"logo\":{\"@type\":\"ImageObject\",\"inLanguage\":\"es\",\"@id\":\"https:\/\/abaa.mx\/tienda\/#\/schema\/logo\/image\/\",\"url\":\"https:\/\/abaa.mx\/tienda\/wp-content\/uploads\/2024\/01\/abaa-metrologia-tienda.png\",\"contentUrl\":\"https:\/\/abaa.mx\/tienda\/wp-content\/uploads\/2024\/01\/abaa-metrologia-tienda.png\",\"width\":300,\"height\":141,\"caption\":\"Abaa tienda online\"},\"image\":{\"@id\":\"https:\/\/abaa.mx\/tienda\/#\/schema\/logo\/image\/\"}}]}<\/script>\n<!-- \/ Yoast SEO plugin. -->","yoast_head_json":{"title":"Dinam\u00f3metro Digital Serie DST Indicador de fuerza - DST - Abaa tienda online","robots":{"index":"index","follow":"follow","max-snippet":"max-snippet:-1","max-image-preview":"max-image-preview:large","max-video-preview":"max-video-preview:-1"},"canonical":"https:\/\/abaa.mx\/tienda\/dinamometro-digital-serie-dst-indicador-de-fuerza-dst\/","og_locale":"es_MX","og_type":"article","og_title":"Dinam\u00f3metro Digital Serie DST Indicador de fuerza - DST - Abaa tienda online","og_description":"Medidor digital de fuerza DST\u00a0Indicador de fuerza b\u00e1sico f\u00e1cil de usar con gran pantalla LCD Iluminada\u00a0Caracter\u00edsticas est\u00e1ndar:   Construcci\u00f3n met\u00e1lica ergon\u00f3mica, duradera y resistente  Capacidad de sobrecarga 200% F.S .; La pantalla parpadea en el l\u00edmite de sobrecarga  Operaci\u00f3n seleccionable en tiempo real o modo pico  Medidor de fuerza b\u00e1sico f\u00e1cil de usar  Pantalla LCD retroiluminada con men\u00fas f\u00e1ciles de usar  Salida USB y RS-232C  Funciona con bater\u00edas internas Ni-MH (reemplazables por el usuario) o adaptador de CA; carga con puerto USB o cargador port\u00e1til  Velocidad de muestreo ultra alta de 30,000 \/ seg","og_url":"https:\/\/abaa.mx\/tienda\/dinamometro-digital-serie-dst-indicador-de-fuerza-dst\/","og_site_name":"Abaa tienda online","article_modified_time":"2023-10-27T20:39:42+00:00","og_image":[{"width":476,"height":506,"url":"https:\/\/abaa.mx\/tienda\/wp-content\/uploads\/2023\/10\/IMADA-DST-1.jpg","type":"image\/jpeg"}],"twitter_card":"summary_large_image","twitter_misc":{"Tiempo de lectura":"1 minuto"},"schema":{"@context":"https:\/\/schema.org","@graph":[{"@type":"WebPage","@id":"https:\/\/abaa.mx\/tienda\/dinamometro-digital-serie-dst-indicador-de-fuerza-dst\/","url":"https:\/\/abaa.mx\/tienda\/dinamometro-digital-serie-dst-indicador-de-fuerza-dst\/","name":"Dinam\u00f3metro Digital Serie DST Indicador de fuerza - DST - Abaa tienda online","isPartOf":{"@id":"https:\/\/abaa.mx\/tienda\/#website"},"primaryImageOfPage":{"@id":"https:\/\/abaa.mx\/tienda\/dinamometro-digital-serie-dst-indicador-de-fuerza-dst\/#primaryimage"},"image":{"@id":"https:\/\/abaa.mx\/tienda\/dinamometro-digital-serie-dst-indicador-de-fuerza-dst\/#primaryimage"},"thumbnailUrl":"https:\/\/abaa.mx\/tienda\/wp-content\/uploads\/2023\/10\/IMADA-DST-1.jpg","datePublished":"2023-10-27T20:39:41+00:00","dateModified":"2023-10-27T20:39:42+00:00","breadcrumb":{"@id":"https:\/\/abaa.mx\/tienda\/dinamometro-digital-serie-dst-indicador-de-fuerza-dst\/#breadcrumb"},"inLanguage":"es","potentialAction":[{"@type":"ReadAction","target":["https:\/\/abaa.mx\/tienda\/dinamometro-digital-serie-dst-indicador-de-fuerza-dst\/"]}]},{"@type":"ImageObject","inLanguage":"es","@id":"https:\/\/abaa.mx\/tienda\/dinamometro-digital-serie-dst-indicador-de-fuerza-dst\/#primaryimage","url":"https:\/\/abaa.mx\/tienda\/wp-content\/uploads\/2023\/10\/IMADA-DST-1.jpg","contentUrl":"https:\/\/abaa.mx\/tienda\/wp-content\/uploads\/2023\/10\/IMADA-DST-1.jpg","width":476,"height":506,"caption":"IMADA-DST"},{"@type":"BreadcrumbList","@id":"https:\/\/abaa.mx\/tienda\/dinamometro-digital-serie-dst-indicador-de-fuerza-dst\/#breadcrumb","itemListElement":[{"@type":"ListItem","position":1,"name":"Inicio","item":"https:\/\/abaa.mx\/tienda\/"},{"@type":"ListItem","position":2,"name":"Tienda","item":"https:\/\/abaa.mx\/tienda\/"},{"@type":"ListItem","position":3,"name":"Dinam\u00f3metro Digital Serie DST Indicador de fuerza &#8211; DST"}]},{"@type":"WebSite","@id":"https:\/\/abaa.mx\/tienda\/#website","url":"https:\/\/abaa.mx\/tienda\/","name":"Abaa tienda online","description":"Instrumentos de medici\u00f3n","publisher":{"@id":"https:\/\/abaa.mx\/tienda\/#organization"},"potentialAction":[{"@type":"SearchAction","target":{"@type":"EntryPoint","urlTemplate":"https:\/\/abaa.mx\/tienda\/?s={search_term_string}"},"query-input":{"@type":"PropertyValueSpecification","valueRequired":true,"valueName":"search_term_string"}}],"inLanguage":"es"},{"@type":"Organization","@id":"https:\/\/abaa.mx\/tienda\/#organization","name":"Abaa tienda online","url":"https:\/\/abaa.mx\/tienda\/","logo":{"@type":"ImageObject","inLanguage":"es","@id":"https:\/\/abaa.mx\/tienda\/#\/schema\/logo\/image\/","url":"https:\/\/abaa.mx\/tienda\/wp-content\/uploads\/2024\/01\/abaa-metrologia-tienda.png","contentUrl":"https:\/\/abaa.mx\/tienda\/wp-content\/uploads\/2024\/01\/abaa-metrologia-tienda.png","width":300,"height":141,"caption":"Abaa tienda online"},"image":{"@id":"https:\/\/abaa.mx\/tienda\/#\/schema\/logo\/image\/"}}]}},"_links":{"self":[{"href":"https:\/\/abaa.mx\/tienda\/wp-json\/wp\/v2\/product\/8144","targetHints":{"allow":["GET"]}}],"collection":[{"href":"https:\/\/abaa.mx\/tienda\/wp-json\/wp\/v2\/product"}],"about":[{"href":"https:\/\/abaa.mx\/tienda\/wp-json\/wp\/v2\/types\/product"}],"replies":[{"embeddable":true,"href":"https:\/\/abaa.mx\/tienda\/wp-json\/wp\/v2\/comments?post=8144"}],"wp:featuredmedia":[{"embeddable":true,"href":"https:\/\/abaa.mx\/tienda\/wp-json\/wp\/v2\/media\/8150"}],"wp:attachment":[{"href":"https:\/\/abaa.mx\/tienda\/wp-json\/wp\/v2\/media?parent=8144"}],"wp:term":[{"taxonomy":"product_brand","embeddable":true,"href":"https:\/\/abaa.mx\/tienda\/wp-json\/wp\/v2\/product_brand?post=8144"},{"taxonomy":"product_cat","embeddable":true,"href":"https:\/\/abaa.mx\/tienda\/wp-json\/wp\/v2\/product_cat?post=8144"},{"taxonomy":"product_tag","embeddable":true,"href":"https:\/\/abaa.mx\/tienda\/wp-json\/wp\/v2\/product_tag?post=8144"}],"curies":[{"name":"wp","href":"https:\/\/api.w.org\/{rel}","templated":true}]}}