{"id":8133,"date":"2023-10-27T20:19:10","date_gmt":"2023-10-27T20:19:10","guid":{"rendered":"https:\/\/abaa.mx\/tienda\/?post_type=product&#038;p=8133"},"modified":"2023-10-27T20:19:11","modified_gmt":"2023-10-27T20:19:11","slug":"dinamometro-digital-serie-ds2-rango-0-4-hasta-220-lbf-ds2","status":"publish","type":"product","link":"https:\/\/abaa.mx\/tienda\/dinamometro-digital-serie-ds2-rango-0-4-hasta-220-lbf-ds2\/","title":{"rendered":"Dinam\u00f3metro Digital Serie DS2 Rango 0.4 hasta 220 lbf -DS2"},"content":{"rendered":"<p>Dinam\u00f3metro Digital Serie DS2 Rango 0.4 hasta 220 lbf -DS2<\/p>\n","protected":false},"excerpt":{"rendered":"<p><b>Caracter\u00edsticas principales:<\/b><\/p>\n<p>El dinam\u00f3metro tiene una LCD de n\u00fameros grandes que puede ser le\u00edda con sencillez puesto que puede ser girada 180\u00ba a conveniencia del usuario. Cuenta con un \u00edcono que se\u00f1ala la orientaci\u00f3n del esfuerzo (tensi\u00f3n o compresi\u00f3n). Programa l\u00edmites de sacrificios prominente y bajo para poder realizar evaluaciones veloces con m\u00e9todo &#8220;pasa\/no-pasa&#8221;. Puede efectuar pruebas tanto en tensi\u00f3n como en compresi\u00f3n. Grabe sus datos de forma directa a la memoria interna del dinam\u00f3metro y consulte. Resistencia a la sobre carga de 200% de escala completa. alarma de sobre carga visual y auditiva al lograr 110% de la escala completa. Aplicaciones :Pruebas de tensi\u00f3n, compresi\u00f3n, desprendimiento, rasgado, peeling a 45\u00ba y 90\u00ba, adherencia de etiquetas, perforaci\u00f3n, separaci\u00f3n , prueba de empaques, pruebas de esfuerzo STPS. Contenido de la Caja: Dinam\u00f3metro, 5 puntas de prueba para compresi\u00f3n, extensi\u00f3n del v\u00e1stago , gancho, cargador, manual de operaci\u00f3n, estuche recio y certificado de calibraci\u00f3n emitido por el fabricante trazable al NIST. Certificado de calibraci\u00f3n emitido por laboratorio acreditado ante la regla ISO\/IEC 17025 libre como servicio agregada. Solicitud a nuestro equipo de ventas par obtener mayor informaci\u00f3n. Condiciones de Operaci\u00f3n: 32\u00b0 a cien \u00b0F (0\u00b0 a 40\u00b0C) Precisi\u00f3n: \u00b1(0.2% FS. \u00b11 LSD)<\/p>\n","protected":false},"featured_media":8142,"comment_status":"open","ping_status":"closed","template":"","meta":{"_joinchat":[]},"product_brand":[],"product_cat":[92],"product_tag":[],"class_list":{"0":"post-8133","1":"product","2":"type-product","3":"status-publish","4":"has-post-thumbnail","6":"product_cat-dinamometros","8":"first","9":"instock","10":"shipping-taxable","11":"product-type-simple"},"yoast_head":"<!-- This site is optimized with the Yoast SEO plugin v26.4 - https:\/\/yoast.com\/wordpress\/plugins\/seo\/ -->\n<title>Dinam\u00f3metro Digital Serie DS2 Rango 0.4 hasta 220 lbf -DS2 - Abaa tienda online<\/title>\n<meta name=\"robots\" content=\"index, follow, max-snippet:-1, max-image-preview:large, max-video-preview:-1\" \/>\n<link rel=\"canonical\" href=\"https:\/\/abaa.mx\/tienda\/dinamometro-digital-serie-ds2-rango-0-4-hasta-220-lbf-ds2\/\" \/>\n<meta property=\"og:locale\" content=\"es_MX\" \/>\n<meta property=\"og:type\" content=\"article\" \/>\n<meta property=\"og:title\" content=\"Dinam\u00f3metro Digital Serie DS2 Rango 0.4 hasta 220 lbf -DS2 - Abaa tienda online\" \/>\n<meta property=\"og:description\" content=\"Caracter\u00edsticas principales:  El dinam\u00f3metro tiene una LCD de n\u00fameros grandes que puede ser le\u00edda con sencillez puesto que puede ser girada 180\u00ba a conveniencia del usuario. Cuenta con un \u00edcono que se\u00f1ala la orientaci\u00f3n del esfuerzo (tensi\u00f3n o compresi\u00f3n). Programa l\u00edmites de sacrificios prominente y bajo para poder realizar evaluaciones veloces con m\u00e9todo &quot;pasa\/no-pasa&quot;. Puede efectuar pruebas tanto en tensi\u00f3n como en compresi\u00f3n. Grabe sus datos de forma directa a la memoria interna del dinam\u00f3metro y consulte. Resistencia a la sobre carga de 200% de escala completa. alarma de sobre carga visual y auditiva al lograr 110% de la escala completa. Aplicaciones :Pruebas de tensi\u00f3n, compresi\u00f3n, desprendimiento, rasgado, peeling a 45\u00ba y 90\u00ba, adherencia de etiquetas, perforaci\u00f3n, separaci\u00f3n , prueba de empaques, pruebas de esfuerzo STPS. Contenido de la Caja: Dinam\u00f3metro, 5 puntas de prueba para compresi\u00f3n, extensi\u00f3n del v\u00e1stago , gancho, cargador, manual de operaci\u00f3n, estuche recio y certificado de calibraci\u00f3n emitido por el fabricante trazable al NIST. Certificado de calibraci\u00f3n emitido por laboratorio acreditado ante la regla ISO\/IEC 17025 libre como servicio agregada. Solicitud a nuestro equipo de ventas par obtener mayor informaci\u00f3n. Condiciones de Operaci\u00f3n: 32\u00b0 a cien \u00b0F (0\u00b0 a 40\u00b0C) Precisi\u00f3n: \u00b1(0.2% FS. \u00b11 LSD)\" \/>\n<meta property=\"og:url\" content=\"https:\/\/abaa.mx\/tienda\/dinamometro-digital-serie-ds2-rango-0-4-hasta-220-lbf-ds2\/\" \/>\n<meta property=\"og:site_name\" content=\"Abaa tienda online\" \/>\n<meta property=\"article:modified_time\" content=\"2023-10-27T20:19:11+00:00\" \/>\n<meta property=\"og:image\" content=\"https:\/\/abaa.mx\/tienda\/wp-content\/uploads\/2023\/10\/IMADA-DS2-1.jpg\" \/>\n\t<meta property=\"og:image:width\" content=\"562\" \/>\n\t<meta property=\"og:image:height\" content=\"422\" \/>\n\t<meta property=\"og:image:type\" content=\"image\/jpeg\" \/>\n<meta name=\"twitter:card\" content=\"summary_large_image\" \/>\n<meta name=\"twitter:label1\" content=\"Tiempo de lectura\" \/>\n\t<meta name=\"twitter:data1\" content=\"1 minuto\" \/>\n<script type=\"application\/ld+json\" class=\"yoast-schema-graph\">{\"@context\":\"https:\/\/schema.org\",\"@graph\":[{\"@type\":\"WebPage\",\"@id\":\"https:\/\/abaa.mx\/tienda\/dinamometro-digital-serie-ds2-rango-0-4-hasta-220-lbf-ds2\/\",\"url\":\"https:\/\/abaa.mx\/tienda\/dinamometro-digital-serie-ds2-rango-0-4-hasta-220-lbf-ds2\/\",\"name\":\"Dinam\u00f3metro Digital Serie DS2 Rango 0.4 hasta 220 lbf -DS2 - Abaa tienda online\",\"isPartOf\":{\"@id\":\"https:\/\/abaa.mx\/tienda\/#website\"},\"primaryImageOfPage\":{\"@id\":\"https:\/\/abaa.mx\/tienda\/dinamometro-digital-serie-ds2-rango-0-4-hasta-220-lbf-ds2\/#primaryimage\"},\"image\":{\"@id\":\"https:\/\/abaa.mx\/tienda\/dinamometro-digital-serie-ds2-rango-0-4-hasta-220-lbf-ds2\/#primaryimage\"},\"thumbnailUrl\":\"https:\/\/abaa.mx\/tienda\/wp-content\/uploads\/2023\/10\/IMADA-DS2-1.jpg\",\"datePublished\":\"2023-10-27T20:19:10+00:00\",\"dateModified\":\"2023-10-27T20:19:11+00:00\",\"breadcrumb\":{\"@id\":\"https:\/\/abaa.mx\/tienda\/dinamometro-digital-serie-ds2-rango-0-4-hasta-220-lbf-ds2\/#breadcrumb\"},\"inLanguage\":\"es\",\"potentialAction\":[{\"@type\":\"ReadAction\",\"target\":[\"https:\/\/abaa.mx\/tienda\/dinamometro-digital-serie-ds2-rango-0-4-hasta-220-lbf-ds2\/\"]}]},{\"@type\":\"ImageObject\",\"inLanguage\":\"es\",\"@id\":\"https:\/\/abaa.mx\/tienda\/dinamometro-digital-serie-ds2-rango-0-4-hasta-220-lbf-ds2\/#primaryimage\",\"url\":\"https:\/\/abaa.mx\/tienda\/wp-content\/uploads\/2023\/10\/IMADA-DS2-1.jpg\",\"contentUrl\":\"https:\/\/abaa.mx\/tienda\/wp-content\/uploads\/2023\/10\/IMADA-DS2-1.jpg\",\"width\":562,\"height\":422,\"caption\":\"IMADA-DS2\"},{\"@type\":\"BreadcrumbList\",\"@id\":\"https:\/\/abaa.mx\/tienda\/dinamometro-digital-serie-ds2-rango-0-4-hasta-220-lbf-ds2\/#breadcrumb\",\"itemListElement\":[{\"@type\":\"ListItem\",\"position\":1,\"name\":\"Inicio\",\"item\":\"https:\/\/abaa.mx\/tienda\/\"},{\"@type\":\"ListItem\",\"position\":2,\"name\":\"Tienda\",\"item\":\"https:\/\/abaa.mx\/tienda\/\"},{\"@type\":\"ListItem\",\"position\":3,\"name\":\"Dinam\u00f3metro Digital Serie DS2 Rango 0.4 hasta 220 lbf -DS2\"}]},{\"@type\":\"WebSite\",\"@id\":\"https:\/\/abaa.mx\/tienda\/#website\",\"url\":\"https:\/\/abaa.mx\/tienda\/\",\"name\":\"Abaa tienda online\",\"description\":\"Instrumentos de medici\u00f3n\",\"publisher\":{\"@id\":\"https:\/\/abaa.mx\/tienda\/#organization\"},\"potentialAction\":[{\"@type\":\"SearchAction\",\"target\":{\"@type\":\"EntryPoint\",\"urlTemplate\":\"https:\/\/abaa.mx\/tienda\/?s={search_term_string}\"},\"query-input\":{\"@type\":\"PropertyValueSpecification\",\"valueRequired\":true,\"valueName\":\"search_term_string\"}}],\"inLanguage\":\"es\"},{\"@type\":\"Organization\",\"@id\":\"https:\/\/abaa.mx\/tienda\/#organization\",\"name\":\"Abaa tienda online\",\"url\":\"https:\/\/abaa.mx\/tienda\/\",\"logo\":{\"@type\":\"ImageObject\",\"inLanguage\":\"es\",\"@id\":\"https:\/\/abaa.mx\/tienda\/#\/schema\/logo\/image\/\",\"url\":\"https:\/\/abaa.mx\/tienda\/wp-content\/uploads\/2024\/01\/abaa-metrologia-tienda.png\",\"contentUrl\":\"https:\/\/abaa.mx\/tienda\/wp-content\/uploads\/2024\/01\/abaa-metrologia-tienda.png\",\"width\":300,\"height\":141,\"caption\":\"Abaa tienda online\"},\"image\":{\"@id\":\"https:\/\/abaa.mx\/tienda\/#\/schema\/logo\/image\/\"}}]}<\/script>\n<!-- \/ Yoast SEO plugin. -->","yoast_head_json":{"title":"Dinam\u00f3metro Digital Serie DS2 Rango 0.4 hasta 220 lbf -DS2 - Abaa tienda online","robots":{"index":"index","follow":"follow","max-snippet":"max-snippet:-1","max-image-preview":"max-image-preview:large","max-video-preview":"max-video-preview:-1"},"canonical":"https:\/\/abaa.mx\/tienda\/dinamometro-digital-serie-ds2-rango-0-4-hasta-220-lbf-ds2\/","og_locale":"es_MX","og_type":"article","og_title":"Dinam\u00f3metro Digital Serie DS2 Rango 0.4 hasta 220 lbf -DS2 - Abaa tienda online","og_description":"Caracter\u00edsticas principales:  El dinam\u00f3metro tiene una LCD de n\u00fameros grandes que puede ser le\u00edda con sencillez puesto que puede ser girada 180\u00ba a conveniencia del usuario. Cuenta con un \u00edcono que se\u00f1ala la orientaci\u00f3n del esfuerzo (tensi\u00f3n o compresi\u00f3n). Programa l\u00edmites de sacrificios prominente y bajo para poder realizar evaluaciones veloces con m\u00e9todo \"pasa\/no-pasa\". Puede efectuar pruebas tanto en tensi\u00f3n como en compresi\u00f3n. Grabe sus datos de forma directa a la memoria interna del dinam\u00f3metro y consulte. Resistencia a la sobre carga de 200% de escala completa. alarma de sobre carga visual y auditiva al lograr 110% de la escala completa. Aplicaciones :Pruebas de tensi\u00f3n, compresi\u00f3n, desprendimiento, rasgado, peeling a 45\u00ba y 90\u00ba, adherencia de etiquetas, perforaci\u00f3n, separaci\u00f3n , prueba de empaques, pruebas de esfuerzo STPS. Contenido de la Caja: Dinam\u00f3metro, 5 puntas de prueba para compresi\u00f3n, extensi\u00f3n del v\u00e1stago , gancho, cargador, manual de operaci\u00f3n, estuche recio y certificado de calibraci\u00f3n emitido por el fabricante trazable al NIST. Certificado de calibraci\u00f3n emitido por laboratorio acreditado ante la regla ISO\/IEC 17025 libre como servicio agregada. Solicitud a nuestro equipo de ventas par obtener mayor informaci\u00f3n. Condiciones de Operaci\u00f3n: 32\u00b0 a cien \u00b0F (0\u00b0 a 40\u00b0C) Precisi\u00f3n: \u00b1(0.2% FS. \u00b11 LSD)","og_url":"https:\/\/abaa.mx\/tienda\/dinamometro-digital-serie-ds2-rango-0-4-hasta-220-lbf-ds2\/","og_site_name":"Abaa tienda online","article_modified_time":"2023-10-27T20:19:11+00:00","og_image":[{"width":562,"height":422,"url":"https:\/\/abaa.mx\/tienda\/wp-content\/uploads\/2023\/10\/IMADA-DS2-1.jpg","type":"image\/jpeg"}],"twitter_card":"summary_large_image","twitter_misc":{"Tiempo de lectura":"1 minuto"},"schema":{"@context":"https:\/\/schema.org","@graph":[{"@type":"WebPage","@id":"https:\/\/abaa.mx\/tienda\/dinamometro-digital-serie-ds2-rango-0-4-hasta-220-lbf-ds2\/","url":"https:\/\/abaa.mx\/tienda\/dinamometro-digital-serie-ds2-rango-0-4-hasta-220-lbf-ds2\/","name":"Dinam\u00f3metro Digital Serie DS2 Rango 0.4 hasta 220 lbf -DS2 - Abaa tienda online","isPartOf":{"@id":"https:\/\/abaa.mx\/tienda\/#website"},"primaryImageOfPage":{"@id":"https:\/\/abaa.mx\/tienda\/dinamometro-digital-serie-ds2-rango-0-4-hasta-220-lbf-ds2\/#primaryimage"},"image":{"@id":"https:\/\/abaa.mx\/tienda\/dinamometro-digital-serie-ds2-rango-0-4-hasta-220-lbf-ds2\/#primaryimage"},"thumbnailUrl":"https:\/\/abaa.mx\/tienda\/wp-content\/uploads\/2023\/10\/IMADA-DS2-1.jpg","datePublished":"2023-10-27T20:19:10+00:00","dateModified":"2023-10-27T20:19:11+00:00","breadcrumb":{"@id":"https:\/\/abaa.mx\/tienda\/dinamometro-digital-serie-ds2-rango-0-4-hasta-220-lbf-ds2\/#breadcrumb"},"inLanguage":"es","potentialAction":[{"@type":"ReadAction","target":["https:\/\/abaa.mx\/tienda\/dinamometro-digital-serie-ds2-rango-0-4-hasta-220-lbf-ds2\/"]}]},{"@type":"ImageObject","inLanguage":"es","@id":"https:\/\/abaa.mx\/tienda\/dinamometro-digital-serie-ds2-rango-0-4-hasta-220-lbf-ds2\/#primaryimage","url":"https:\/\/abaa.mx\/tienda\/wp-content\/uploads\/2023\/10\/IMADA-DS2-1.jpg","contentUrl":"https:\/\/abaa.mx\/tienda\/wp-content\/uploads\/2023\/10\/IMADA-DS2-1.jpg","width":562,"height":422,"caption":"IMADA-DS2"},{"@type":"BreadcrumbList","@id":"https:\/\/abaa.mx\/tienda\/dinamometro-digital-serie-ds2-rango-0-4-hasta-220-lbf-ds2\/#breadcrumb","itemListElement":[{"@type":"ListItem","position":1,"name":"Inicio","item":"https:\/\/abaa.mx\/tienda\/"},{"@type":"ListItem","position":2,"name":"Tienda","item":"https:\/\/abaa.mx\/tienda\/"},{"@type":"ListItem","position":3,"name":"Dinam\u00f3metro Digital Serie DS2 Rango 0.4 hasta 220 lbf -DS2"}]},{"@type":"WebSite","@id":"https:\/\/abaa.mx\/tienda\/#website","url":"https:\/\/abaa.mx\/tienda\/","name":"Abaa tienda online","description":"Instrumentos de medici\u00f3n","publisher":{"@id":"https:\/\/abaa.mx\/tienda\/#organization"},"potentialAction":[{"@type":"SearchAction","target":{"@type":"EntryPoint","urlTemplate":"https:\/\/abaa.mx\/tienda\/?s={search_term_string}"},"query-input":{"@type":"PropertyValueSpecification","valueRequired":true,"valueName":"search_term_string"}}],"inLanguage":"es"},{"@type":"Organization","@id":"https:\/\/abaa.mx\/tienda\/#organization","name":"Abaa tienda online","url":"https:\/\/abaa.mx\/tienda\/","logo":{"@type":"ImageObject","inLanguage":"es","@id":"https:\/\/abaa.mx\/tienda\/#\/schema\/logo\/image\/","url":"https:\/\/abaa.mx\/tienda\/wp-content\/uploads\/2024\/01\/abaa-metrologia-tienda.png","contentUrl":"https:\/\/abaa.mx\/tienda\/wp-content\/uploads\/2024\/01\/abaa-metrologia-tienda.png","width":300,"height":141,"caption":"Abaa tienda online"},"image":{"@id":"https:\/\/abaa.mx\/tienda\/#\/schema\/logo\/image\/"}}]}},"_links":{"self":[{"href":"https:\/\/abaa.mx\/tienda\/wp-json\/wp\/v2\/product\/8133","targetHints":{"allow":["GET"]}}],"collection":[{"href":"https:\/\/abaa.mx\/tienda\/wp-json\/wp\/v2\/product"}],"about":[{"href":"https:\/\/abaa.mx\/tienda\/wp-json\/wp\/v2\/types\/product"}],"replies":[{"embeddable":true,"href":"https:\/\/abaa.mx\/tienda\/wp-json\/wp\/v2\/comments?post=8133"}],"wp:featuredmedia":[{"embeddable":true,"href":"https:\/\/abaa.mx\/tienda\/wp-json\/wp\/v2\/media\/8142"}],"wp:attachment":[{"href":"https:\/\/abaa.mx\/tienda\/wp-json\/wp\/v2\/media?parent=8133"}],"wp:term":[{"taxonomy":"product_brand","embeddable":true,"href":"https:\/\/abaa.mx\/tienda\/wp-json\/wp\/v2\/product_brand?post=8133"},{"taxonomy":"product_cat","embeddable":true,"href":"https:\/\/abaa.mx\/tienda\/wp-json\/wp\/v2\/product_cat?post=8133"},{"taxonomy":"product_tag","embeddable":true,"href":"https:\/\/abaa.mx\/tienda\/wp-json\/wp\/v2\/product_tag?post=8133"}],"curies":[{"name":"wp","href":"https:\/\/api.w.org\/{rel}","templated":true}]}}