{"id":8130,"date":"2023-10-27T20:06:57","date_gmt":"2023-10-27T20:06:57","guid":{"rendered":"https:\/\/abaa.mx\/tienda\/?post_type=product&#038;p=8130"},"modified":"2023-10-27T20:06:58","modified_gmt":"2023-10-27T20:06:58","slug":"kit-pruebas-de-pelicula-plastica-ptc919","status":"publish","type":"product","link":"https:\/\/abaa.mx\/tienda\/kit-pruebas-de-pelicula-plastica-ptc919\/","title":{"rendered":"Kit pruebas de pel\u00edcula pl\u00e1stica &#8211; PTC919"},"content":{"rendered":"<p>Kit pruebas de pel\u00edcula pl\u00e1stica &#8211; PTC919<\/p>\n","protected":false},"excerpt":{"rendered":"<p>El Estuche de prueba m\u00e9trica de pel\u00edcula profesional incluye:<\/p>\n<ul>\n<li>Una funda de pl\u00e1stico negro de alto impacto de pl\u00e1stico.<\/li>\n<li>Una cinta m\u00e9trica de 10 pies \/ 3,05 m.<\/li>\n<li>Un indicador de estiramiento de pel\u00edcula HI-10.<\/li>\n<li>Un cuchillo de pel\u00edcula FK-500.<\/li>\n<li>Una escala 0-175 oz.\/0-4961 g para pesar la pel\u00edcula.<\/li>\n<li>Una balanza de fuerza de pel\u00edcula FFG-100 0-50 libras \/ 0-23 kg con placa de tracci\u00f3n.<\/li>\n<li>Un calibrador de espesor de pel\u00edcula (micr\u00f3metro) 0-0.50 in \/ 0-12.7 mm.<\/li>\n<\/ul>\n<p>&nbsp;<\/p>\n","protected":false},"featured_media":8137,"comment_status":"open","ping_status":"closed","template":"","meta":{"_joinchat":[]},"product_brand":[],"product_cat":[92],"product_tag":[],"class_list":{"0":"post-8130","1":"product","2":"type-product","3":"status-publish","4":"has-post-thumbnail","6":"product_cat-dinamometros","8":"first","9":"instock","10":"shipping-taxable","11":"product-type-simple"},"yoast_head":"<!-- This site is optimized with the Yoast SEO plugin v26.4 - https:\/\/yoast.com\/wordpress\/plugins\/seo\/ -->\n<title>Kit pruebas de pel\u00edcula pl\u00e1stica - PTC919 - Abaa tienda online<\/title>\n<meta name=\"robots\" content=\"index, follow, max-snippet:-1, max-image-preview:large, max-video-preview:-1\" \/>\n<link rel=\"canonical\" href=\"https:\/\/abaa.mx\/tienda\/kit-pruebas-de-pelicula-plastica-ptc919\/\" \/>\n<meta property=\"og:locale\" content=\"es_MX\" \/>\n<meta property=\"og:type\" content=\"article\" \/>\n<meta property=\"og:title\" content=\"Kit pruebas de pel\u00edcula pl\u00e1stica - PTC919 - Abaa tienda online\" \/>\n<meta property=\"og:description\" content=\"El Estuche de prueba m\u00e9trica de pel\u00edcula profesional incluye:   Una funda de pl\u00e1stico negro de alto impacto de pl\u00e1stico.  Una cinta m\u00e9trica de 10 pies \/ 3,05 m.  Un indicador de estiramiento de pel\u00edcula HI-10.  Un cuchillo de pel\u00edcula FK-500.  Una escala 0-175 oz.\/0-4961 g para pesar la pel\u00edcula.  Una balanza de fuerza de pel\u00edcula FFG-100 0-50 libras \/ 0-23 kg con placa de tracci\u00f3n.  Un calibrador de espesor de pel\u00edcula (micr\u00f3metro) 0-0.50 in \/ 0-12.7 mm.  &nbsp;\" \/>\n<meta property=\"og:url\" content=\"https:\/\/abaa.mx\/tienda\/kit-pruebas-de-pelicula-plastica-ptc919\/\" \/>\n<meta property=\"og:site_name\" content=\"Abaa tienda online\" \/>\n<meta property=\"article:modified_time\" content=\"2023-10-27T20:06:58+00:00\" \/>\n<meta property=\"og:image\" content=\"https:\/\/abaa.mx\/tienda\/wp-content\/uploads\/2023\/10\/PTC919-HIGHLIGHT-1.jpg\" \/>\n\t<meta property=\"og:image:width\" content=\"649\" \/>\n\t<meta property=\"og:image:height\" content=\"421\" \/>\n\t<meta property=\"og:image:type\" content=\"image\/jpeg\" \/>\n<meta name=\"twitter:card\" content=\"summary_large_image\" \/>\n<meta name=\"twitter:label1\" content=\"Tiempo de lectura\" \/>\n\t<meta name=\"twitter:data1\" content=\"1 minuto\" \/>\n<script type=\"application\/ld+json\" class=\"yoast-schema-graph\">{\"@context\":\"https:\/\/schema.org\",\"@graph\":[{\"@type\":\"WebPage\",\"@id\":\"https:\/\/abaa.mx\/tienda\/kit-pruebas-de-pelicula-plastica-ptc919\/\",\"url\":\"https:\/\/abaa.mx\/tienda\/kit-pruebas-de-pelicula-plastica-ptc919\/\",\"name\":\"Kit pruebas de pel\u00edcula pl\u00e1stica - PTC919 - Abaa tienda online\",\"isPartOf\":{\"@id\":\"https:\/\/abaa.mx\/tienda\/#website\"},\"primaryImageOfPage\":{\"@id\":\"https:\/\/abaa.mx\/tienda\/kit-pruebas-de-pelicula-plastica-ptc919\/#primaryimage\"},\"image\":{\"@id\":\"https:\/\/abaa.mx\/tienda\/kit-pruebas-de-pelicula-plastica-ptc919\/#primaryimage\"},\"thumbnailUrl\":\"https:\/\/abaa.mx\/tienda\/wp-content\/uploads\/2023\/10\/PTC919-HIGHLIGHT-1.jpg\",\"datePublished\":\"2023-10-27T20:06:57+00:00\",\"dateModified\":\"2023-10-27T20:06:58+00:00\",\"breadcrumb\":{\"@id\":\"https:\/\/abaa.mx\/tienda\/kit-pruebas-de-pelicula-plastica-ptc919\/#breadcrumb\"},\"inLanguage\":\"es\",\"potentialAction\":[{\"@type\":\"ReadAction\",\"target\":[\"https:\/\/abaa.mx\/tienda\/kit-pruebas-de-pelicula-plastica-ptc919\/\"]}]},{\"@type\":\"ImageObject\",\"inLanguage\":\"es\",\"@id\":\"https:\/\/abaa.mx\/tienda\/kit-pruebas-de-pelicula-plastica-ptc919\/#primaryimage\",\"url\":\"https:\/\/abaa.mx\/tienda\/wp-content\/uploads\/2023\/10\/PTC919-HIGHLIGHT-1.jpg\",\"contentUrl\":\"https:\/\/abaa.mx\/tienda\/wp-content\/uploads\/2023\/10\/PTC919-HIGHLIGHT-1.jpg\",\"width\":649,\"height\":421,\"caption\":\"PTC919-HIGHLIGHT\"},{\"@type\":\"BreadcrumbList\",\"@id\":\"https:\/\/abaa.mx\/tienda\/kit-pruebas-de-pelicula-plastica-ptc919\/#breadcrumb\",\"itemListElement\":[{\"@type\":\"ListItem\",\"position\":1,\"name\":\"Inicio\",\"item\":\"https:\/\/abaa.mx\/tienda\/\"},{\"@type\":\"ListItem\",\"position\":2,\"name\":\"Tienda\",\"item\":\"https:\/\/abaa.mx\/tienda\/\"},{\"@type\":\"ListItem\",\"position\":3,\"name\":\"Kit pruebas de pel\u00edcula pl\u00e1stica &#8211; PTC919\"}]},{\"@type\":\"WebSite\",\"@id\":\"https:\/\/abaa.mx\/tienda\/#website\",\"url\":\"https:\/\/abaa.mx\/tienda\/\",\"name\":\"Abaa tienda online\",\"description\":\"Instrumentos de medici\u00f3n\",\"publisher\":{\"@id\":\"https:\/\/abaa.mx\/tienda\/#organization\"},\"potentialAction\":[{\"@type\":\"SearchAction\",\"target\":{\"@type\":\"EntryPoint\",\"urlTemplate\":\"https:\/\/abaa.mx\/tienda\/?s={search_term_string}\"},\"query-input\":{\"@type\":\"PropertyValueSpecification\",\"valueRequired\":true,\"valueName\":\"search_term_string\"}}],\"inLanguage\":\"es\"},{\"@type\":\"Organization\",\"@id\":\"https:\/\/abaa.mx\/tienda\/#organization\",\"name\":\"Abaa tienda online\",\"url\":\"https:\/\/abaa.mx\/tienda\/\",\"logo\":{\"@type\":\"ImageObject\",\"inLanguage\":\"es\",\"@id\":\"https:\/\/abaa.mx\/tienda\/#\/schema\/logo\/image\/\",\"url\":\"https:\/\/abaa.mx\/tienda\/wp-content\/uploads\/2024\/01\/abaa-metrologia-tienda.png\",\"contentUrl\":\"https:\/\/abaa.mx\/tienda\/wp-content\/uploads\/2024\/01\/abaa-metrologia-tienda.png\",\"width\":300,\"height\":141,\"caption\":\"Abaa tienda online\"},\"image\":{\"@id\":\"https:\/\/abaa.mx\/tienda\/#\/schema\/logo\/image\/\"}}]}<\/script>\n<!-- \/ Yoast SEO plugin. -->","yoast_head_json":{"title":"Kit pruebas de pel\u00edcula pl\u00e1stica - PTC919 - Abaa tienda online","robots":{"index":"index","follow":"follow","max-snippet":"max-snippet:-1","max-image-preview":"max-image-preview:large","max-video-preview":"max-video-preview:-1"},"canonical":"https:\/\/abaa.mx\/tienda\/kit-pruebas-de-pelicula-plastica-ptc919\/","og_locale":"es_MX","og_type":"article","og_title":"Kit pruebas de pel\u00edcula pl\u00e1stica - PTC919 - Abaa tienda online","og_description":"El Estuche de prueba m\u00e9trica de pel\u00edcula profesional incluye:   Una funda de pl\u00e1stico negro de alto impacto de pl\u00e1stico.  Una cinta m\u00e9trica de 10 pies \/ 3,05 m.  Un indicador de estiramiento de pel\u00edcula HI-10.  Un cuchillo de pel\u00edcula FK-500.  Una escala 0-175 oz.\/0-4961 g para pesar la pel\u00edcula.  Una balanza de fuerza de pel\u00edcula FFG-100 0-50 libras \/ 0-23 kg con placa de tracci\u00f3n.  Un calibrador de espesor de pel\u00edcula (micr\u00f3metro) 0-0.50 in \/ 0-12.7 mm.  &nbsp;","og_url":"https:\/\/abaa.mx\/tienda\/kit-pruebas-de-pelicula-plastica-ptc919\/","og_site_name":"Abaa tienda online","article_modified_time":"2023-10-27T20:06:58+00:00","og_image":[{"width":649,"height":421,"url":"https:\/\/abaa.mx\/tienda\/wp-content\/uploads\/2023\/10\/PTC919-HIGHLIGHT-1.jpg","type":"image\/jpeg"}],"twitter_card":"summary_large_image","twitter_misc":{"Tiempo de lectura":"1 minuto"},"schema":{"@context":"https:\/\/schema.org","@graph":[{"@type":"WebPage","@id":"https:\/\/abaa.mx\/tienda\/kit-pruebas-de-pelicula-plastica-ptc919\/","url":"https:\/\/abaa.mx\/tienda\/kit-pruebas-de-pelicula-plastica-ptc919\/","name":"Kit pruebas de pel\u00edcula pl\u00e1stica - PTC919 - Abaa tienda online","isPartOf":{"@id":"https:\/\/abaa.mx\/tienda\/#website"},"primaryImageOfPage":{"@id":"https:\/\/abaa.mx\/tienda\/kit-pruebas-de-pelicula-plastica-ptc919\/#primaryimage"},"image":{"@id":"https:\/\/abaa.mx\/tienda\/kit-pruebas-de-pelicula-plastica-ptc919\/#primaryimage"},"thumbnailUrl":"https:\/\/abaa.mx\/tienda\/wp-content\/uploads\/2023\/10\/PTC919-HIGHLIGHT-1.jpg","datePublished":"2023-10-27T20:06:57+00:00","dateModified":"2023-10-27T20:06:58+00:00","breadcrumb":{"@id":"https:\/\/abaa.mx\/tienda\/kit-pruebas-de-pelicula-plastica-ptc919\/#breadcrumb"},"inLanguage":"es","potentialAction":[{"@type":"ReadAction","target":["https:\/\/abaa.mx\/tienda\/kit-pruebas-de-pelicula-plastica-ptc919\/"]}]},{"@type":"ImageObject","inLanguage":"es","@id":"https:\/\/abaa.mx\/tienda\/kit-pruebas-de-pelicula-plastica-ptc919\/#primaryimage","url":"https:\/\/abaa.mx\/tienda\/wp-content\/uploads\/2023\/10\/PTC919-HIGHLIGHT-1.jpg","contentUrl":"https:\/\/abaa.mx\/tienda\/wp-content\/uploads\/2023\/10\/PTC919-HIGHLIGHT-1.jpg","width":649,"height":421,"caption":"PTC919-HIGHLIGHT"},{"@type":"BreadcrumbList","@id":"https:\/\/abaa.mx\/tienda\/kit-pruebas-de-pelicula-plastica-ptc919\/#breadcrumb","itemListElement":[{"@type":"ListItem","position":1,"name":"Inicio","item":"https:\/\/abaa.mx\/tienda\/"},{"@type":"ListItem","position":2,"name":"Tienda","item":"https:\/\/abaa.mx\/tienda\/"},{"@type":"ListItem","position":3,"name":"Kit pruebas de pel\u00edcula pl\u00e1stica &#8211; PTC919"}]},{"@type":"WebSite","@id":"https:\/\/abaa.mx\/tienda\/#website","url":"https:\/\/abaa.mx\/tienda\/","name":"Abaa tienda online","description":"Instrumentos de medici\u00f3n","publisher":{"@id":"https:\/\/abaa.mx\/tienda\/#organization"},"potentialAction":[{"@type":"SearchAction","target":{"@type":"EntryPoint","urlTemplate":"https:\/\/abaa.mx\/tienda\/?s={search_term_string}"},"query-input":{"@type":"PropertyValueSpecification","valueRequired":true,"valueName":"search_term_string"}}],"inLanguage":"es"},{"@type":"Organization","@id":"https:\/\/abaa.mx\/tienda\/#organization","name":"Abaa tienda online","url":"https:\/\/abaa.mx\/tienda\/","logo":{"@type":"ImageObject","inLanguage":"es","@id":"https:\/\/abaa.mx\/tienda\/#\/schema\/logo\/image\/","url":"https:\/\/abaa.mx\/tienda\/wp-content\/uploads\/2024\/01\/abaa-metrologia-tienda.png","contentUrl":"https:\/\/abaa.mx\/tienda\/wp-content\/uploads\/2024\/01\/abaa-metrologia-tienda.png","width":300,"height":141,"caption":"Abaa tienda online"},"image":{"@id":"https:\/\/abaa.mx\/tienda\/#\/schema\/logo\/image\/"}}]}},"_links":{"self":[{"href":"https:\/\/abaa.mx\/tienda\/wp-json\/wp\/v2\/product\/8130","targetHints":{"allow":["GET"]}}],"collection":[{"href":"https:\/\/abaa.mx\/tienda\/wp-json\/wp\/v2\/product"}],"about":[{"href":"https:\/\/abaa.mx\/tienda\/wp-json\/wp\/v2\/types\/product"}],"replies":[{"embeddable":true,"href":"https:\/\/abaa.mx\/tienda\/wp-json\/wp\/v2\/comments?post=8130"}],"wp:featuredmedia":[{"embeddable":true,"href":"https:\/\/abaa.mx\/tienda\/wp-json\/wp\/v2\/media\/8137"}],"wp:attachment":[{"href":"https:\/\/abaa.mx\/tienda\/wp-json\/wp\/v2\/media?parent=8130"}],"wp:term":[{"taxonomy":"product_brand","embeddable":true,"href":"https:\/\/abaa.mx\/tienda\/wp-json\/wp\/v2\/product_brand?post=8130"},{"taxonomy":"product_cat","embeddable":true,"href":"https:\/\/abaa.mx\/tienda\/wp-json\/wp\/v2\/product_cat?post=8130"},{"taxonomy":"product_tag","embeddable":true,"href":"https:\/\/abaa.mx\/tienda\/wp-json\/wp\/v2\/product_tag?post=8130"}],"curies":[{"name":"wp","href":"https:\/\/api.w.org\/{rel}","templated":true}]}}