{"id":813,"date":"2020-10-06T23:23:56","date_gmt":"2020-10-06T23:23:56","guid":{"rendered":"https:\/\/abaa.mx\/tienda\/?post_type=product&#038;p=813"},"modified":"2025-08-08T18:10:58","modified_gmt":"2025-08-08T18:10:58","slug":"termometro-taylor-6065n","status":"publish","type":"product","link":"https:\/\/abaa.mx\/tienda\/termometro-taylor-6065n\/","title":{"rendered":"Term\u00f3metro Taylor 6065N"},"content":{"rendered":"<p>Caracter\u00edsticas de Term\u00f3metro Taylor 6065N<\/p>\n<table>\n<tbody>\n<tr>\n<td width=\"599\">Funci\u00f3n.<\/td>\n<\/tr>\n<tr>\n<td width=\"599\">Preparaci\u00f3n de alimentos.<\/td>\n<\/tr>\n<tr>\n<td width=\"599\">Rango Celsius.<\/td>\n<\/tr>\n<tr>\n<td width=\"599\">-40\u00b0C a 7\u00b0C.<\/td>\n<\/tr>\n<tr>\n<td width=\"599\">Precisi\u00f3n.<\/td>\n<\/tr>\n<tr>\n<td width=\"599\">+\/-2\u00b0C en punto medio, +\/- 4\u00b0C en extremos.<\/td>\n<\/tr>\n<tr>\n<td width=\"599\">Lectura.<\/td>\n<\/tr>\n<tr>\n<td width=\"599\">An\u00e1logo.<\/td>\n<\/tr>\n<tr>\n<td width=\"599\">Montaje.<\/td>\n<\/tr>\n<tr>\n<td width=\"599\">Temperatura interna.<\/td>\n<\/tr>\n<tr>\n<td width=\"599\">Material.<\/td>\n<\/tr>\n<tr>\n<td width=\"599\">Acero inoxidable.<\/td>\n<\/tr>\n<tr>\n<td width=\"599\">Uso.<\/td>\n<\/tr>\n<tr>\n<td width=\"599\">Cocina.<\/td>\n<\/tr>\n<\/tbody>\n<\/table>\n","protected":false},"excerpt":{"rendered":"<p>Es un term\u00f3metro de lectura instant\u00e1nea, es un instrumento de medici\u00f3n, es ideal para tu compa\u00f1\u00eda.<\/p>\n<table>\n<tbody>\n<tr>\n<td width=\"599\">Carcasa de metal.<\/td>\n<\/tr>\n<tr>\n<td width=\"599\">Manga de bolsillo protectora con clip que se puede usar como una extensi\u00f3n de mando.<\/td>\n<\/tr>\n<tr>\n<td width=\"599\">Dise\u00f1o de f\u00e1cil lectura.<\/td>\n<\/tr>\n<tr>\n<td width=\"599\">Re-ajustable.<\/td>\n<\/tr>\n<tr>\n<td width=\"599\">Llave de re-ajuste.<\/td>\n<\/tr>\n<tr>\n<td width=\"599\">Lente de pl\u00e1stico Lexan inastillable.<\/td>\n<\/tr>\n<tr>\n<td width=\"599\">Car\u00e1tula gr\u00e1fica de alta visibilidad.<\/td>\n<\/tr>\n<tr>\n<td width=\"599\">Se puede someter a servicio de calibraci\u00f3n.<\/td>\n<\/tr>\n<\/tbody>\n<\/table>\n","protected":false},"featured_media":1051,"comment_status":"open","ping_status":"closed","template":"","meta":{"_joinchat":[]},"product_brand":[],"product_cat":[57],"product_tag":[],"class_list":{"0":"post-813","1":"product","2":"type-product","3":"status-publish","4":"has-post-thumbnail","6":"product_cat-termometros","8":"first","9":"instock","10":"shipping-taxable","11":"product-type-simple"},"yoast_head":"<!-- This site is optimized with the Yoast SEO plugin v26.4 - https:\/\/yoast.com\/wordpress\/plugins\/seo\/ -->\n<title>Term\u00f3metro Taylor 6065N - Abaa tienda online<\/title>\n<meta name=\"robots\" content=\"index, follow, max-snippet:-1, max-image-preview:large, max-video-preview:-1\" \/>\n<link rel=\"canonical\" href=\"https:\/\/abaa.mx\/tienda\/termometro-taylor-6065n\/\" \/>\n<meta property=\"og:locale\" content=\"es_MX\" \/>\n<meta property=\"og:type\" content=\"article\" \/>\n<meta property=\"og:title\" content=\"Term\u00f3metro Taylor 6065N - Abaa tienda online\" \/>\n<meta property=\"og:description\" content=\"Es un term\u00f3metro de lectura instant\u00e1nea, es un instrumento de medici\u00f3n, es ideal para tu compa\u00f1\u00eda.    Carcasa de metal.   Manga de bolsillo protectora con clip que se puede usar como una extensi\u00f3n de mando.   Dise\u00f1o de f\u00e1cil lectura.   Re-ajustable.   Llave de re-ajuste.   Lente de pl\u00e1stico Lexan inastillable.   Car\u00e1tula gr\u00e1fica de alta visibilidad.   Se puede someter a servicio de calibraci\u00f3n.\" \/>\n<meta property=\"og:url\" content=\"https:\/\/abaa.mx\/tienda\/termometro-taylor-6065n\/\" \/>\n<meta property=\"og:site_name\" content=\"Abaa tienda online\" \/>\n<meta property=\"article:modified_time\" content=\"2025-08-08T18:10:58+00:00\" \/>\n<meta property=\"og:image\" content=\"https:\/\/abaa.mx\/tienda\/wp-content\/uploads\/2020\/10\/Termometro-Taylor-6065N.jpg\" \/>\n\t<meta property=\"og:image:width\" content=\"800\" \/>\n\t<meta property=\"og:image:height\" content=\"800\" \/>\n\t<meta property=\"og:image:type\" content=\"image\/jpeg\" \/>\n<meta name=\"twitter:card\" content=\"summary_large_image\" \/>\n<script type=\"application\/ld+json\" class=\"yoast-schema-graph\">{\"@context\":\"https:\/\/schema.org\",\"@graph\":[{\"@type\":\"WebPage\",\"@id\":\"https:\/\/abaa.mx\/tienda\/termometro-taylor-6065n\/\",\"url\":\"https:\/\/abaa.mx\/tienda\/termometro-taylor-6065n\/\",\"name\":\"Term\u00f3metro Taylor 6065N - Abaa tienda online\",\"isPartOf\":{\"@id\":\"https:\/\/abaa.mx\/tienda\/#website\"},\"primaryImageOfPage\":{\"@id\":\"https:\/\/abaa.mx\/tienda\/termometro-taylor-6065n\/#primaryimage\"},\"image\":{\"@id\":\"https:\/\/abaa.mx\/tienda\/termometro-taylor-6065n\/#primaryimage\"},\"thumbnailUrl\":\"https:\/\/abaa.mx\/tienda\/wp-content\/uploads\/2020\/10\/Termometro-Taylor-6065N.jpg\",\"datePublished\":\"2020-10-06T23:23:56+00:00\",\"dateModified\":\"2025-08-08T18:10:58+00:00\",\"breadcrumb\":{\"@id\":\"https:\/\/abaa.mx\/tienda\/termometro-taylor-6065n\/#breadcrumb\"},\"inLanguage\":\"es\",\"potentialAction\":[{\"@type\":\"ReadAction\",\"target\":[\"https:\/\/abaa.mx\/tienda\/termometro-taylor-6065n\/\"]}]},{\"@type\":\"ImageObject\",\"inLanguage\":\"es\",\"@id\":\"https:\/\/abaa.mx\/tienda\/termometro-taylor-6065n\/#primaryimage\",\"url\":\"https:\/\/abaa.mx\/tienda\/wp-content\/uploads\/2020\/10\/Termometro-Taylor-6065N.jpg\",\"contentUrl\":\"https:\/\/abaa.mx\/tienda\/wp-content\/uploads\/2020\/10\/Termometro-Taylor-6065N.jpg\",\"width\":800,\"height\":800,\"caption\":\"Term\u00f3metro Taylor 6065N\"},{\"@type\":\"BreadcrumbList\",\"@id\":\"https:\/\/abaa.mx\/tienda\/termometro-taylor-6065n\/#breadcrumb\",\"itemListElement\":[{\"@type\":\"ListItem\",\"position\":1,\"name\":\"Inicio\",\"item\":\"https:\/\/abaa.mx\/tienda\/\"},{\"@type\":\"ListItem\",\"position\":2,\"name\":\"Tienda\",\"item\":\"https:\/\/abaa.mx\/tienda\/\"},{\"@type\":\"ListItem\",\"position\":3,\"name\":\"Term\u00f3metro Taylor 6065N\"}]},{\"@type\":\"WebSite\",\"@id\":\"https:\/\/abaa.mx\/tienda\/#website\",\"url\":\"https:\/\/abaa.mx\/tienda\/\",\"name\":\"Abaa tienda online\",\"description\":\"Instrumentos de medici\u00f3n\",\"publisher\":{\"@id\":\"https:\/\/abaa.mx\/tienda\/#organization\"},\"potentialAction\":[{\"@type\":\"SearchAction\",\"target\":{\"@type\":\"EntryPoint\",\"urlTemplate\":\"https:\/\/abaa.mx\/tienda\/?s={search_term_string}\"},\"query-input\":{\"@type\":\"PropertyValueSpecification\",\"valueRequired\":true,\"valueName\":\"search_term_string\"}}],\"inLanguage\":\"es\"},{\"@type\":\"Organization\",\"@id\":\"https:\/\/abaa.mx\/tienda\/#organization\",\"name\":\"Abaa tienda online\",\"url\":\"https:\/\/abaa.mx\/tienda\/\",\"logo\":{\"@type\":\"ImageObject\",\"inLanguage\":\"es\",\"@id\":\"https:\/\/abaa.mx\/tienda\/#\/schema\/logo\/image\/\",\"url\":\"https:\/\/abaa.mx\/tienda\/wp-content\/uploads\/2024\/01\/abaa-metrologia-tienda.png\",\"contentUrl\":\"https:\/\/abaa.mx\/tienda\/wp-content\/uploads\/2024\/01\/abaa-metrologia-tienda.png\",\"width\":300,\"height\":141,\"caption\":\"Abaa tienda online\"},\"image\":{\"@id\":\"https:\/\/abaa.mx\/tienda\/#\/schema\/logo\/image\/\"}}]}<\/script>\n<!-- \/ Yoast SEO plugin. -->","yoast_head_json":{"title":"Term\u00f3metro Taylor 6065N - Abaa tienda online","robots":{"index":"index","follow":"follow","max-snippet":"max-snippet:-1","max-image-preview":"max-image-preview:large","max-video-preview":"max-video-preview:-1"},"canonical":"https:\/\/abaa.mx\/tienda\/termometro-taylor-6065n\/","og_locale":"es_MX","og_type":"article","og_title":"Term\u00f3metro Taylor 6065N - Abaa tienda online","og_description":"Es un term\u00f3metro de lectura instant\u00e1nea, es un instrumento de medici\u00f3n, es ideal para tu compa\u00f1\u00eda.    Carcasa de metal.   Manga de bolsillo protectora con clip que se puede usar como una extensi\u00f3n de mando.   Dise\u00f1o de f\u00e1cil lectura.   Re-ajustable.   Llave de re-ajuste.   Lente de pl\u00e1stico Lexan inastillable.   Car\u00e1tula gr\u00e1fica de alta visibilidad.   Se puede someter a servicio de calibraci\u00f3n.","og_url":"https:\/\/abaa.mx\/tienda\/termometro-taylor-6065n\/","og_site_name":"Abaa tienda online","article_modified_time":"2025-08-08T18:10:58+00:00","og_image":[{"width":800,"height":800,"url":"https:\/\/abaa.mx\/tienda\/wp-content\/uploads\/2020\/10\/Termometro-Taylor-6065N.jpg","type":"image\/jpeg"}],"twitter_card":"summary_large_image","schema":{"@context":"https:\/\/schema.org","@graph":[{"@type":"WebPage","@id":"https:\/\/abaa.mx\/tienda\/termometro-taylor-6065n\/","url":"https:\/\/abaa.mx\/tienda\/termometro-taylor-6065n\/","name":"Term\u00f3metro Taylor 6065N - Abaa tienda online","isPartOf":{"@id":"https:\/\/abaa.mx\/tienda\/#website"},"primaryImageOfPage":{"@id":"https:\/\/abaa.mx\/tienda\/termometro-taylor-6065n\/#primaryimage"},"image":{"@id":"https:\/\/abaa.mx\/tienda\/termometro-taylor-6065n\/#primaryimage"},"thumbnailUrl":"https:\/\/abaa.mx\/tienda\/wp-content\/uploads\/2020\/10\/Termometro-Taylor-6065N.jpg","datePublished":"2020-10-06T23:23:56+00:00","dateModified":"2025-08-08T18:10:58+00:00","breadcrumb":{"@id":"https:\/\/abaa.mx\/tienda\/termometro-taylor-6065n\/#breadcrumb"},"inLanguage":"es","potentialAction":[{"@type":"ReadAction","target":["https:\/\/abaa.mx\/tienda\/termometro-taylor-6065n\/"]}]},{"@type":"ImageObject","inLanguage":"es","@id":"https:\/\/abaa.mx\/tienda\/termometro-taylor-6065n\/#primaryimage","url":"https:\/\/abaa.mx\/tienda\/wp-content\/uploads\/2020\/10\/Termometro-Taylor-6065N.jpg","contentUrl":"https:\/\/abaa.mx\/tienda\/wp-content\/uploads\/2020\/10\/Termometro-Taylor-6065N.jpg","width":800,"height":800,"caption":"Term\u00f3metro Taylor 6065N"},{"@type":"BreadcrumbList","@id":"https:\/\/abaa.mx\/tienda\/termometro-taylor-6065n\/#breadcrumb","itemListElement":[{"@type":"ListItem","position":1,"name":"Inicio","item":"https:\/\/abaa.mx\/tienda\/"},{"@type":"ListItem","position":2,"name":"Tienda","item":"https:\/\/abaa.mx\/tienda\/"},{"@type":"ListItem","position":3,"name":"Term\u00f3metro Taylor 6065N"}]},{"@type":"WebSite","@id":"https:\/\/abaa.mx\/tienda\/#website","url":"https:\/\/abaa.mx\/tienda\/","name":"Abaa tienda online","description":"Instrumentos de medici\u00f3n","publisher":{"@id":"https:\/\/abaa.mx\/tienda\/#organization"},"potentialAction":[{"@type":"SearchAction","target":{"@type":"EntryPoint","urlTemplate":"https:\/\/abaa.mx\/tienda\/?s={search_term_string}"},"query-input":{"@type":"PropertyValueSpecification","valueRequired":true,"valueName":"search_term_string"}}],"inLanguage":"es"},{"@type":"Organization","@id":"https:\/\/abaa.mx\/tienda\/#organization","name":"Abaa tienda online","url":"https:\/\/abaa.mx\/tienda\/","logo":{"@type":"ImageObject","inLanguage":"es","@id":"https:\/\/abaa.mx\/tienda\/#\/schema\/logo\/image\/","url":"https:\/\/abaa.mx\/tienda\/wp-content\/uploads\/2024\/01\/abaa-metrologia-tienda.png","contentUrl":"https:\/\/abaa.mx\/tienda\/wp-content\/uploads\/2024\/01\/abaa-metrologia-tienda.png","width":300,"height":141,"caption":"Abaa tienda online"},"image":{"@id":"https:\/\/abaa.mx\/tienda\/#\/schema\/logo\/image\/"}}]}},"_links":{"self":[{"href":"https:\/\/abaa.mx\/tienda\/wp-json\/wp\/v2\/product\/813","targetHints":{"allow":["GET"]}}],"collection":[{"href":"https:\/\/abaa.mx\/tienda\/wp-json\/wp\/v2\/product"}],"about":[{"href":"https:\/\/abaa.mx\/tienda\/wp-json\/wp\/v2\/types\/product"}],"replies":[{"embeddable":true,"href":"https:\/\/abaa.mx\/tienda\/wp-json\/wp\/v2\/comments?post=813"}],"wp:featuredmedia":[{"embeddable":true,"href":"https:\/\/abaa.mx\/tienda\/wp-json\/wp\/v2\/media\/1051"}],"wp:attachment":[{"href":"https:\/\/abaa.mx\/tienda\/wp-json\/wp\/v2\/media?parent=813"}],"wp:term":[{"taxonomy":"product_brand","embeddable":true,"href":"https:\/\/abaa.mx\/tienda\/wp-json\/wp\/v2\/product_brand?post=813"},{"taxonomy":"product_cat","embeddable":true,"href":"https:\/\/abaa.mx\/tienda\/wp-json\/wp\/v2\/product_cat?post=813"},{"taxonomy":"product_tag","embeddable":true,"href":"https:\/\/abaa.mx\/tienda\/wp-json\/wp\/v2\/product_tag?post=813"}],"curies":[{"name":"wp","href":"https:\/\/api.w.org\/{rel}","templated":true}]}}