{"id":8119,"date":"2023-10-27T19:55:10","date_gmt":"2023-10-27T19:55:10","guid":{"rendered":"https:\/\/abaa.mx\/tienda\/?post_type=product&#038;p=8119"},"modified":"2023-10-27T19:55:11","modified_gmt":"2023-10-27T19:55:11","slug":"dinamometro-digital-100kg-fg5100","status":"publish","type":"product","link":"https:\/\/abaa.mx\/tienda\/dinamometro-digital-100kg-fg5100\/","title":{"rendered":"Dinam\u00f3metro Digital 100Kg &#8211; FG5100"},"content":{"rendered":"<p>Dinam\u00f3metro Digital 100Kg &#8211; FG5100<\/p>\n","protected":false},"excerpt":{"rendered":"<p>Dinam\u00f3metro FG5100K tiene la aptitud de medir esfuerzo en 2 direcciones: tensi\u00f3n y compresi\u00f3n con aptitud de 100 kg. Tiene un alta resoluci\u00f3n, eficiencia y alta respetabilidad.<\/p>\n<p>Especificaciones principales : Aptitud para medir tensi\u00f3n y compresi\u00f3n. Capacidad de 100 kg, alta resoluci\u00f3n, alta eficiencia y alta respetabilidad. Sensor separado. Selecci\u00f3n de direcci\u00f3n de pantalla, positivo o invertido. Pantalla LCD de 5 d\u00edgitos con luz de fondo. Interfaz para PC de RS-232. Emplea 6 bater\u00edas de 1.5 V AA (UM-3) O adaptador DC 9V. El bot\u00f3n de ajuste a cero puede marchar para las dos operaciones, para medici\u00f3n habitual y en operaci\u00f3n de \u201cRetenci\u00f3n de datos\u201d.<\/p>\n<p>Dimensiones y peso: 215 x 90 x 45mm (8.5 x 3.5 x 1.8 pulgadas), 450 g (0.99 libras) Contenido de la caja: Manual de instrucciones , sensor con 2 ganchos, cable de 2 metros, estuche.<\/p>\n<p>Condiciones de Operaci\u00f3n: 0oC a 50oC (32oF a 122oF), RH de menos del 80%<\/p>\n","protected":false},"featured_media":8126,"comment_status":"open","ping_status":"closed","template":"","meta":{"_joinchat":[]},"product_brand":[],"product_cat":[92],"product_tag":[],"class_list":{"0":"post-8119","1":"product","2":"type-product","3":"status-publish","4":"has-post-thumbnail","6":"product_cat-dinamometros","8":"first","9":"instock","10":"shipping-taxable","11":"product-type-simple"},"yoast_head":"<!-- This site is optimized with the Yoast SEO plugin v26.4 - https:\/\/yoast.com\/wordpress\/plugins\/seo\/ -->\n<title>Dinam\u00f3metro Digital 100Kg - FG5100 - Abaa tienda online<\/title>\n<meta name=\"robots\" content=\"index, follow, max-snippet:-1, max-image-preview:large, max-video-preview:-1\" \/>\n<link rel=\"canonical\" href=\"https:\/\/abaa.mx\/tienda\/dinamometro-digital-100kg-fg5100\/\" \/>\n<meta property=\"og:locale\" content=\"es_MX\" \/>\n<meta property=\"og:type\" content=\"article\" \/>\n<meta property=\"og:title\" content=\"Dinam\u00f3metro Digital 100Kg - FG5100 - Abaa tienda online\" \/>\n<meta property=\"og:description\" content=\"Dinam\u00f3metro FG5100K tiene la aptitud de medir esfuerzo en 2 direcciones: tensi\u00f3n y compresi\u00f3n con aptitud de 100 kg. Tiene un alta resoluci\u00f3n, eficiencia y alta respetabilidad.  Especificaciones principales : Aptitud para medir tensi\u00f3n y compresi\u00f3n. Capacidad de 100 kg, alta resoluci\u00f3n, alta eficiencia y alta respetabilidad. Sensor separado. Selecci\u00f3n de direcci\u00f3n de pantalla, positivo o invertido. Pantalla LCD de 5 d\u00edgitos con luz de fondo. Interfaz para PC de RS-232. Emplea 6 bater\u00edas de 1.5 V AA (UM-3) O adaptador DC 9V. El bot\u00f3n de ajuste a cero puede marchar para las dos operaciones, para medici\u00f3n habitual y en operaci\u00f3n de \u201cRetenci\u00f3n de datos\u201d.  Dimensiones y peso: 215 x 90 x 45mm (8.5 x 3.5 x 1.8 pulgadas), 450 g (0.99 libras) Contenido de la caja: Manual de instrucciones , sensor con 2 ganchos, cable de 2 metros, estuche.  Condiciones de Operaci\u00f3n: 0oC a 50oC (32oF a 122oF), RH de menos del 80%\" \/>\n<meta property=\"og:url\" content=\"https:\/\/abaa.mx\/tienda\/dinamometro-digital-100kg-fg5100\/\" \/>\n<meta property=\"og:site_name\" content=\"Abaa tienda online\" \/>\n<meta property=\"article:modified_time\" content=\"2023-10-27T19:55:11+00:00\" \/>\n<meta property=\"og:image\" content=\"https:\/\/abaa.mx\/tienda\/wp-content\/uploads\/2023\/10\/LUTRO-FG5100.jpg\" \/>\n\t<meta property=\"og:image:width\" content=\"500\" \/>\n\t<meta property=\"og:image:height\" content=\"500\" \/>\n\t<meta property=\"og:image:type\" content=\"image\/jpeg\" \/>\n<meta name=\"twitter:card\" content=\"summary_large_image\" \/>\n<meta name=\"twitter:label1\" content=\"Tiempo de lectura\" \/>\n\t<meta name=\"twitter:data1\" content=\"1 minuto\" \/>\n<script type=\"application\/ld+json\" class=\"yoast-schema-graph\">{\"@context\":\"https:\/\/schema.org\",\"@graph\":[{\"@type\":\"WebPage\",\"@id\":\"https:\/\/abaa.mx\/tienda\/dinamometro-digital-100kg-fg5100\/\",\"url\":\"https:\/\/abaa.mx\/tienda\/dinamometro-digital-100kg-fg5100\/\",\"name\":\"Dinam\u00f3metro Digital 100Kg - FG5100 - Abaa tienda online\",\"isPartOf\":{\"@id\":\"https:\/\/abaa.mx\/tienda\/#website\"},\"primaryImageOfPage\":{\"@id\":\"https:\/\/abaa.mx\/tienda\/dinamometro-digital-100kg-fg5100\/#primaryimage\"},\"image\":{\"@id\":\"https:\/\/abaa.mx\/tienda\/dinamometro-digital-100kg-fg5100\/#primaryimage\"},\"thumbnailUrl\":\"https:\/\/abaa.mx\/tienda\/wp-content\/uploads\/2023\/10\/LUTRO-FG5100.jpg\",\"datePublished\":\"2023-10-27T19:55:10+00:00\",\"dateModified\":\"2023-10-27T19:55:11+00:00\",\"breadcrumb\":{\"@id\":\"https:\/\/abaa.mx\/tienda\/dinamometro-digital-100kg-fg5100\/#breadcrumb\"},\"inLanguage\":\"es\",\"potentialAction\":[{\"@type\":\"ReadAction\",\"target\":[\"https:\/\/abaa.mx\/tienda\/dinamometro-digital-100kg-fg5100\/\"]}]},{\"@type\":\"ImageObject\",\"inLanguage\":\"es\",\"@id\":\"https:\/\/abaa.mx\/tienda\/dinamometro-digital-100kg-fg5100\/#primaryimage\",\"url\":\"https:\/\/abaa.mx\/tienda\/wp-content\/uploads\/2023\/10\/LUTRO-FG5100.jpg\",\"contentUrl\":\"https:\/\/abaa.mx\/tienda\/wp-content\/uploads\/2023\/10\/LUTRO-FG5100.jpg\",\"width\":500,\"height\":500,\"caption\":\"LUTRO-FG5100\"},{\"@type\":\"BreadcrumbList\",\"@id\":\"https:\/\/abaa.mx\/tienda\/dinamometro-digital-100kg-fg5100\/#breadcrumb\",\"itemListElement\":[{\"@type\":\"ListItem\",\"position\":1,\"name\":\"Inicio\",\"item\":\"https:\/\/abaa.mx\/tienda\/\"},{\"@type\":\"ListItem\",\"position\":2,\"name\":\"Tienda\",\"item\":\"https:\/\/abaa.mx\/tienda\/\"},{\"@type\":\"ListItem\",\"position\":3,\"name\":\"Dinam\u00f3metro Digital 100Kg &#8211; FG5100\"}]},{\"@type\":\"WebSite\",\"@id\":\"https:\/\/abaa.mx\/tienda\/#website\",\"url\":\"https:\/\/abaa.mx\/tienda\/\",\"name\":\"Abaa tienda online\",\"description\":\"Instrumentos de medici\u00f3n\",\"publisher\":{\"@id\":\"https:\/\/abaa.mx\/tienda\/#organization\"},\"potentialAction\":[{\"@type\":\"SearchAction\",\"target\":{\"@type\":\"EntryPoint\",\"urlTemplate\":\"https:\/\/abaa.mx\/tienda\/?s={search_term_string}\"},\"query-input\":{\"@type\":\"PropertyValueSpecification\",\"valueRequired\":true,\"valueName\":\"search_term_string\"}}],\"inLanguage\":\"es\"},{\"@type\":\"Organization\",\"@id\":\"https:\/\/abaa.mx\/tienda\/#organization\",\"name\":\"Abaa tienda online\",\"url\":\"https:\/\/abaa.mx\/tienda\/\",\"logo\":{\"@type\":\"ImageObject\",\"inLanguage\":\"es\",\"@id\":\"https:\/\/abaa.mx\/tienda\/#\/schema\/logo\/image\/\",\"url\":\"https:\/\/abaa.mx\/tienda\/wp-content\/uploads\/2024\/01\/abaa-metrologia-tienda.png\",\"contentUrl\":\"https:\/\/abaa.mx\/tienda\/wp-content\/uploads\/2024\/01\/abaa-metrologia-tienda.png\",\"width\":300,\"height\":141,\"caption\":\"Abaa tienda online\"},\"image\":{\"@id\":\"https:\/\/abaa.mx\/tienda\/#\/schema\/logo\/image\/\"}}]}<\/script>\n<!-- \/ Yoast SEO plugin. -->","yoast_head_json":{"title":"Dinam\u00f3metro Digital 100Kg - FG5100 - Abaa tienda online","robots":{"index":"index","follow":"follow","max-snippet":"max-snippet:-1","max-image-preview":"max-image-preview:large","max-video-preview":"max-video-preview:-1"},"canonical":"https:\/\/abaa.mx\/tienda\/dinamometro-digital-100kg-fg5100\/","og_locale":"es_MX","og_type":"article","og_title":"Dinam\u00f3metro Digital 100Kg - FG5100 - Abaa tienda online","og_description":"Dinam\u00f3metro FG5100K tiene la aptitud de medir esfuerzo en 2 direcciones: tensi\u00f3n y compresi\u00f3n con aptitud de 100 kg. Tiene un alta resoluci\u00f3n, eficiencia y alta respetabilidad.  Especificaciones principales : Aptitud para medir tensi\u00f3n y compresi\u00f3n. Capacidad de 100 kg, alta resoluci\u00f3n, alta eficiencia y alta respetabilidad. Sensor separado. Selecci\u00f3n de direcci\u00f3n de pantalla, positivo o invertido. Pantalla LCD de 5 d\u00edgitos con luz de fondo. Interfaz para PC de RS-232. Emplea 6 bater\u00edas de 1.5 V AA (UM-3) O adaptador DC 9V. El bot\u00f3n de ajuste a cero puede marchar para las dos operaciones, para medici\u00f3n habitual y en operaci\u00f3n de \u201cRetenci\u00f3n de datos\u201d.  Dimensiones y peso: 215 x 90 x 45mm (8.5 x 3.5 x 1.8 pulgadas), 450 g (0.99 libras) Contenido de la caja: Manual de instrucciones , sensor con 2 ganchos, cable de 2 metros, estuche.  Condiciones de Operaci\u00f3n: 0oC a 50oC (32oF a 122oF), RH de menos del 80%","og_url":"https:\/\/abaa.mx\/tienda\/dinamometro-digital-100kg-fg5100\/","og_site_name":"Abaa tienda online","article_modified_time":"2023-10-27T19:55:11+00:00","og_image":[{"width":500,"height":500,"url":"https:\/\/abaa.mx\/tienda\/wp-content\/uploads\/2023\/10\/LUTRO-FG5100.jpg","type":"image\/jpeg"}],"twitter_card":"summary_large_image","twitter_misc":{"Tiempo de lectura":"1 minuto"},"schema":{"@context":"https:\/\/schema.org","@graph":[{"@type":"WebPage","@id":"https:\/\/abaa.mx\/tienda\/dinamometro-digital-100kg-fg5100\/","url":"https:\/\/abaa.mx\/tienda\/dinamometro-digital-100kg-fg5100\/","name":"Dinam\u00f3metro Digital 100Kg - FG5100 - Abaa tienda online","isPartOf":{"@id":"https:\/\/abaa.mx\/tienda\/#website"},"primaryImageOfPage":{"@id":"https:\/\/abaa.mx\/tienda\/dinamometro-digital-100kg-fg5100\/#primaryimage"},"image":{"@id":"https:\/\/abaa.mx\/tienda\/dinamometro-digital-100kg-fg5100\/#primaryimage"},"thumbnailUrl":"https:\/\/abaa.mx\/tienda\/wp-content\/uploads\/2023\/10\/LUTRO-FG5100.jpg","datePublished":"2023-10-27T19:55:10+00:00","dateModified":"2023-10-27T19:55:11+00:00","breadcrumb":{"@id":"https:\/\/abaa.mx\/tienda\/dinamometro-digital-100kg-fg5100\/#breadcrumb"},"inLanguage":"es","potentialAction":[{"@type":"ReadAction","target":["https:\/\/abaa.mx\/tienda\/dinamometro-digital-100kg-fg5100\/"]}]},{"@type":"ImageObject","inLanguage":"es","@id":"https:\/\/abaa.mx\/tienda\/dinamometro-digital-100kg-fg5100\/#primaryimage","url":"https:\/\/abaa.mx\/tienda\/wp-content\/uploads\/2023\/10\/LUTRO-FG5100.jpg","contentUrl":"https:\/\/abaa.mx\/tienda\/wp-content\/uploads\/2023\/10\/LUTRO-FG5100.jpg","width":500,"height":500,"caption":"LUTRO-FG5100"},{"@type":"BreadcrumbList","@id":"https:\/\/abaa.mx\/tienda\/dinamometro-digital-100kg-fg5100\/#breadcrumb","itemListElement":[{"@type":"ListItem","position":1,"name":"Inicio","item":"https:\/\/abaa.mx\/tienda\/"},{"@type":"ListItem","position":2,"name":"Tienda","item":"https:\/\/abaa.mx\/tienda\/"},{"@type":"ListItem","position":3,"name":"Dinam\u00f3metro Digital 100Kg &#8211; FG5100"}]},{"@type":"WebSite","@id":"https:\/\/abaa.mx\/tienda\/#website","url":"https:\/\/abaa.mx\/tienda\/","name":"Abaa tienda online","description":"Instrumentos de medici\u00f3n","publisher":{"@id":"https:\/\/abaa.mx\/tienda\/#organization"},"potentialAction":[{"@type":"SearchAction","target":{"@type":"EntryPoint","urlTemplate":"https:\/\/abaa.mx\/tienda\/?s={search_term_string}"},"query-input":{"@type":"PropertyValueSpecification","valueRequired":true,"valueName":"search_term_string"}}],"inLanguage":"es"},{"@type":"Organization","@id":"https:\/\/abaa.mx\/tienda\/#organization","name":"Abaa tienda online","url":"https:\/\/abaa.mx\/tienda\/","logo":{"@type":"ImageObject","inLanguage":"es","@id":"https:\/\/abaa.mx\/tienda\/#\/schema\/logo\/image\/","url":"https:\/\/abaa.mx\/tienda\/wp-content\/uploads\/2024\/01\/abaa-metrologia-tienda.png","contentUrl":"https:\/\/abaa.mx\/tienda\/wp-content\/uploads\/2024\/01\/abaa-metrologia-tienda.png","width":300,"height":141,"caption":"Abaa tienda online"},"image":{"@id":"https:\/\/abaa.mx\/tienda\/#\/schema\/logo\/image\/"}}]}},"_links":{"self":[{"href":"https:\/\/abaa.mx\/tienda\/wp-json\/wp\/v2\/product\/8119","targetHints":{"allow":["GET"]}}],"collection":[{"href":"https:\/\/abaa.mx\/tienda\/wp-json\/wp\/v2\/product"}],"about":[{"href":"https:\/\/abaa.mx\/tienda\/wp-json\/wp\/v2\/types\/product"}],"replies":[{"embeddable":true,"href":"https:\/\/abaa.mx\/tienda\/wp-json\/wp\/v2\/comments?post=8119"}],"wp:featuredmedia":[{"embeddable":true,"href":"https:\/\/abaa.mx\/tienda\/wp-json\/wp\/v2\/media\/8126"}],"wp:attachment":[{"href":"https:\/\/abaa.mx\/tienda\/wp-json\/wp\/v2\/media?parent=8119"}],"wp:term":[{"taxonomy":"product_brand","embeddable":true,"href":"https:\/\/abaa.mx\/tienda\/wp-json\/wp\/v2\/product_brand?post=8119"},{"taxonomy":"product_cat","embeddable":true,"href":"https:\/\/abaa.mx\/tienda\/wp-json\/wp\/v2\/product_cat?post=8119"},{"taxonomy":"product_tag","embeddable":true,"href":"https:\/\/abaa.mx\/tienda\/wp-json\/wp\/v2\/product_tag?post=8119"}],"curies":[{"name":"wp","href":"https:\/\/api.w.org\/{rel}","templated":true}]}}