{"id":8118,"date":"2023-10-27T19:57:32","date_gmt":"2023-10-27T19:57:32","guid":{"rendered":"https:\/\/abaa.mx\/tienda\/?post_type=product&#038;p=8118"},"modified":"2024-01-04T17:31:41","modified_gmt":"2024-01-04T17:31:41","slug":"elitech-ti-s1-digital-indicator","status":"publish","type":"product","link":"https:\/\/abaa.mx\/tienda\/elitech-ti-s1-digital-indicator\/","title":{"rendered":"Elitech ti-1s digital indicator"},"content":{"rendered":"<h4 class=\"panel-title accordion-header\">Detalles del producto<\/h4>\n<div id=\"collapse-736815\" class=\"panel-collapse collapse show\">\n<ul>\n<li>F\u00e1cil de arrancar y parar rompiendo la pegatina en la parte superior \/ inferior.<\/li>\n<li>Transfiera r\u00e1pidamente y vea informes en su aplicaci\u00f3n gratuita de dispositivo Android (tel\u00e9fono o tableta) usando NFC.<\/li>\n<li>Peque\u00f1o y ligero, lo que es conveniente para adjuntarlo con cualquier paquete.<\/li>\n<li>Bater\u00eda de 2 a\u00f1os de duraci\u00f3n, que proporciona un registro de temperatura en todo el env\u00edo.<\/li>\n<li>De confianza en ciencias de la vida, agentes biol\u00f3gicos, alimentos de cadena de fr\u00edo, instrumentos de precisi\u00f3n y otras aplicaciones.<\/li>\n<\/ul>\n<h3 class=\"panel-title accordion-header\">Datos t\u00e9cnicos<\/h3>\n<div id=\"collapse-736816\" class=\"panel-collapse collapse show\">\n<ul>\n<li>Rango de medici\u00f3n -30 \u00b0C ~ 60 \u00b0C<\/li>\n<li>Precisi\u00f3n \u00b10.5 \u00b0C (-20 \u00b0C ~ 40 \u00b0C), \u00b11 \u00b0C (otros)<\/li>\n<li>Sensor NTC incorporado<\/li>\n<li>Intervalo de muestreo: 1 min ~ 24 h<\/li>\n<li>Retraso de inicio 1min ~ 24h<\/li>\n<li>Modo de inicio Comienza rompiendo la pegatina superior<\/li>\n<li>Modo de parada Parada rompiendo la pegatina inferior<\/li>\n<li>Umbral de alarma: 1 l\u00edmite superior y 1 l\u00edmite inferior<\/li>\n<li>Tipo de alarma Simple, Acumulativa<\/li>\n<li>Interfaz de datos NFC (solo Android)<\/li>\n<li>Duraci\u00f3n de la bater\u00eda 2 a\u00f1os<\/li>\n<li>Protecci\u00f3n IP54<\/li>\n<li>Peso 10g<\/li>\n<li>Dimensiones: 34 mm * 48 mm * 4,5 mm<\/li>\n<\/ul>\n<\/div>\n<\/div>\n","protected":false},"excerpt":{"rendered":"<p>TI-1S es una etiqueta de temperatura con funci\u00f3n de comunicaci\u00f3n NFC, utilizada principalmente en ciencias de la vida, agentes biol\u00f3gicos, alimentos de la cadena de fr\u00edo, instrumentos de precisi\u00f3n y otros escenarios de aplicaci\u00f3n. El producto es delgado y peque\u00f1o, simple, confiable y f\u00e1cil de iniciar y detener. Est\u00e1 especialmente indicado para los productos envasados m\u00e1s peque\u00f1os. Admite la lectura de datos clave durante el monitoreo a trav\u00e9s de terminales port\u00e1tiles como tel\u00e9fonos m\u00f3viles con funciones NFC y una bater\u00eda de larga duraci\u00f3n para garantizar el monitoreo de datos durante todo el proceso de uso.<\/p>\n","protected":false},"featured_media":8123,"comment_status":"open","ping_status":"closed","template":"","meta":{"_joinchat":[]},"product_brand":[],"product_cat":[15],"product_tag":[],"class_list":{"0":"post-8118","1":"product","2":"type-product","3":"status-publish","4":"has-post-thumbnail","6":"product_cat-sin-categorizar","8":"first","9":"instock","10":"shipping-taxable","11":"product-type-simple"},"yoast_head":"<!-- This site is optimized with the Yoast SEO plugin v26.4 - https:\/\/yoast.com\/wordpress\/plugins\/seo\/ -->\n<title>Elitech ti-1s digital indicator - Abaa tienda online<\/title>\n<meta name=\"robots\" content=\"index, follow, max-snippet:-1, max-image-preview:large, max-video-preview:-1\" \/>\n<link rel=\"canonical\" href=\"https:\/\/abaa.mx\/tienda\/elitech-ti-s1-digital-indicator\/\" \/>\n<meta property=\"og:locale\" content=\"es_MX\" \/>\n<meta property=\"og:type\" content=\"article\" \/>\n<meta property=\"og:title\" content=\"Elitech ti-1s digital indicator - Abaa tienda online\" \/>\n<meta property=\"og:description\" content=\"TI-1S es una etiqueta de temperatura con funci\u00f3n de comunicaci\u00f3n NFC, utilizada principalmente en ciencias de la vida, agentes biol\u00f3gicos, alimentos de la cadena de fr\u00edo, instrumentos de precisi\u00f3n y otros escenarios de aplicaci\u00f3n. El producto es delgado y peque\u00f1o, simple, confiable y f\u00e1cil de iniciar y detener. Est\u00e1 especialmente indicado para los productos envasados m\u00e1s peque\u00f1os. Admite la lectura de datos clave durante el monitoreo a trav\u00e9s de terminales port\u00e1tiles como tel\u00e9fonos m\u00f3viles con funciones NFC y una bater\u00eda de larga duraci\u00f3n para garantizar el monitoreo de datos durante todo el proceso de uso.\" \/>\n<meta property=\"og:url\" content=\"https:\/\/abaa.mx\/tienda\/elitech-ti-s1-digital-indicator\/\" \/>\n<meta property=\"og:site_name\" content=\"Abaa tienda online\" \/>\n<meta property=\"article:modified_time\" content=\"2024-01-04T17:31:41+00:00\" \/>\n<meta property=\"og:image\" content=\"https:\/\/abaa.mx\/tienda\/wp-content\/uploads\/2023\/10\/Elitech-TI-S1.jpg\" \/>\n\t<meta property=\"og:image:width\" content=\"309\" \/>\n\t<meta property=\"og:image:height\" content=\"260\" \/>\n\t<meta property=\"og:image:type\" content=\"image\/jpeg\" \/>\n<meta name=\"twitter:card\" content=\"summary_large_image\" \/>\n<meta name=\"twitter:label1\" content=\"Tiempo de lectura\" \/>\n\t<meta name=\"twitter:data1\" content=\"1 minuto\" \/>\n<script type=\"application\/ld+json\" class=\"yoast-schema-graph\">{\"@context\":\"https:\/\/schema.org\",\"@graph\":[{\"@type\":\"WebPage\",\"@id\":\"https:\/\/abaa.mx\/tienda\/elitech-ti-s1-digital-indicator\/\",\"url\":\"https:\/\/abaa.mx\/tienda\/elitech-ti-s1-digital-indicator\/\",\"name\":\"Elitech ti-1s digital indicator - Abaa tienda online\",\"isPartOf\":{\"@id\":\"https:\/\/abaa.mx\/tienda\/#website\"},\"primaryImageOfPage\":{\"@id\":\"https:\/\/abaa.mx\/tienda\/elitech-ti-s1-digital-indicator\/#primaryimage\"},\"image\":{\"@id\":\"https:\/\/abaa.mx\/tienda\/elitech-ti-s1-digital-indicator\/#primaryimage\"},\"thumbnailUrl\":\"https:\/\/abaa.mx\/tienda\/wp-content\/uploads\/2023\/10\/Elitech-TI-S1.jpg\",\"datePublished\":\"2023-10-27T19:57:32+00:00\",\"dateModified\":\"2024-01-04T17:31:41+00:00\",\"breadcrumb\":{\"@id\":\"https:\/\/abaa.mx\/tienda\/elitech-ti-s1-digital-indicator\/#breadcrumb\"},\"inLanguage\":\"es\",\"potentialAction\":[{\"@type\":\"ReadAction\",\"target\":[\"https:\/\/abaa.mx\/tienda\/elitech-ti-s1-digital-indicator\/\"]}]},{\"@type\":\"ImageObject\",\"inLanguage\":\"es\",\"@id\":\"https:\/\/abaa.mx\/tienda\/elitech-ti-s1-digital-indicator\/#primaryimage\",\"url\":\"https:\/\/abaa.mx\/tienda\/wp-content\/uploads\/2023\/10\/Elitech-TI-S1.jpg\",\"contentUrl\":\"https:\/\/abaa.mx\/tienda\/wp-content\/uploads\/2023\/10\/Elitech-TI-S1.jpg\",\"width\":309,\"height\":260,\"caption\":\"Elitech TI-S1\"},{\"@type\":\"BreadcrumbList\",\"@id\":\"https:\/\/abaa.mx\/tienda\/elitech-ti-s1-digital-indicator\/#breadcrumb\",\"itemListElement\":[{\"@type\":\"ListItem\",\"position\":1,\"name\":\"Inicio\",\"item\":\"https:\/\/abaa.mx\/tienda\/\"},{\"@type\":\"ListItem\",\"position\":2,\"name\":\"Tienda\",\"item\":\"https:\/\/abaa.mx\/tienda\/\"},{\"@type\":\"ListItem\",\"position\":3,\"name\":\"Elitech ti-1s digital indicator\"}]},{\"@type\":\"WebSite\",\"@id\":\"https:\/\/abaa.mx\/tienda\/#website\",\"url\":\"https:\/\/abaa.mx\/tienda\/\",\"name\":\"Abaa tienda online\",\"description\":\"Instrumentos de medici\u00f3n\",\"publisher\":{\"@id\":\"https:\/\/abaa.mx\/tienda\/#organization\"},\"potentialAction\":[{\"@type\":\"SearchAction\",\"target\":{\"@type\":\"EntryPoint\",\"urlTemplate\":\"https:\/\/abaa.mx\/tienda\/?s={search_term_string}\"},\"query-input\":{\"@type\":\"PropertyValueSpecification\",\"valueRequired\":true,\"valueName\":\"search_term_string\"}}],\"inLanguage\":\"es\"},{\"@type\":\"Organization\",\"@id\":\"https:\/\/abaa.mx\/tienda\/#organization\",\"name\":\"Abaa tienda online\",\"url\":\"https:\/\/abaa.mx\/tienda\/\",\"logo\":{\"@type\":\"ImageObject\",\"inLanguage\":\"es\",\"@id\":\"https:\/\/abaa.mx\/tienda\/#\/schema\/logo\/image\/\",\"url\":\"https:\/\/abaa.mx\/tienda\/wp-content\/uploads\/2024\/01\/abaa-metrologia-tienda.png\",\"contentUrl\":\"https:\/\/abaa.mx\/tienda\/wp-content\/uploads\/2024\/01\/abaa-metrologia-tienda.png\",\"width\":300,\"height\":141,\"caption\":\"Abaa tienda online\"},\"image\":{\"@id\":\"https:\/\/abaa.mx\/tienda\/#\/schema\/logo\/image\/\"}}]}<\/script>\n<!-- \/ Yoast SEO plugin. -->","yoast_head_json":{"title":"Elitech ti-1s digital indicator - Abaa tienda online","robots":{"index":"index","follow":"follow","max-snippet":"max-snippet:-1","max-image-preview":"max-image-preview:large","max-video-preview":"max-video-preview:-1"},"canonical":"https:\/\/abaa.mx\/tienda\/elitech-ti-s1-digital-indicator\/","og_locale":"es_MX","og_type":"article","og_title":"Elitech ti-1s digital indicator - Abaa tienda online","og_description":"TI-1S es una etiqueta de temperatura con funci\u00f3n de comunicaci\u00f3n NFC, utilizada principalmente en ciencias de la vida, agentes biol\u00f3gicos, alimentos de la cadena de fr\u00edo, instrumentos de precisi\u00f3n y otros escenarios de aplicaci\u00f3n. El producto es delgado y peque\u00f1o, simple, confiable y f\u00e1cil de iniciar y detener. Est\u00e1 especialmente indicado para los productos envasados m\u00e1s peque\u00f1os. Admite la lectura de datos clave durante el monitoreo a trav\u00e9s de terminales port\u00e1tiles como tel\u00e9fonos m\u00f3viles con funciones NFC y una bater\u00eda de larga duraci\u00f3n para garantizar el monitoreo de datos durante todo el proceso de uso.","og_url":"https:\/\/abaa.mx\/tienda\/elitech-ti-s1-digital-indicator\/","og_site_name":"Abaa tienda online","article_modified_time":"2024-01-04T17:31:41+00:00","og_image":[{"width":309,"height":260,"url":"https:\/\/abaa.mx\/tienda\/wp-content\/uploads\/2023\/10\/Elitech-TI-S1.jpg","type":"image\/jpeg"}],"twitter_card":"summary_large_image","twitter_misc":{"Tiempo de lectura":"1 minuto"},"schema":{"@context":"https:\/\/schema.org","@graph":[{"@type":"WebPage","@id":"https:\/\/abaa.mx\/tienda\/elitech-ti-s1-digital-indicator\/","url":"https:\/\/abaa.mx\/tienda\/elitech-ti-s1-digital-indicator\/","name":"Elitech ti-1s digital indicator - Abaa tienda online","isPartOf":{"@id":"https:\/\/abaa.mx\/tienda\/#website"},"primaryImageOfPage":{"@id":"https:\/\/abaa.mx\/tienda\/elitech-ti-s1-digital-indicator\/#primaryimage"},"image":{"@id":"https:\/\/abaa.mx\/tienda\/elitech-ti-s1-digital-indicator\/#primaryimage"},"thumbnailUrl":"https:\/\/abaa.mx\/tienda\/wp-content\/uploads\/2023\/10\/Elitech-TI-S1.jpg","datePublished":"2023-10-27T19:57:32+00:00","dateModified":"2024-01-04T17:31:41+00:00","breadcrumb":{"@id":"https:\/\/abaa.mx\/tienda\/elitech-ti-s1-digital-indicator\/#breadcrumb"},"inLanguage":"es","potentialAction":[{"@type":"ReadAction","target":["https:\/\/abaa.mx\/tienda\/elitech-ti-s1-digital-indicator\/"]}]},{"@type":"ImageObject","inLanguage":"es","@id":"https:\/\/abaa.mx\/tienda\/elitech-ti-s1-digital-indicator\/#primaryimage","url":"https:\/\/abaa.mx\/tienda\/wp-content\/uploads\/2023\/10\/Elitech-TI-S1.jpg","contentUrl":"https:\/\/abaa.mx\/tienda\/wp-content\/uploads\/2023\/10\/Elitech-TI-S1.jpg","width":309,"height":260,"caption":"Elitech TI-S1"},{"@type":"BreadcrumbList","@id":"https:\/\/abaa.mx\/tienda\/elitech-ti-s1-digital-indicator\/#breadcrumb","itemListElement":[{"@type":"ListItem","position":1,"name":"Inicio","item":"https:\/\/abaa.mx\/tienda\/"},{"@type":"ListItem","position":2,"name":"Tienda","item":"https:\/\/abaa.mx\/tienda\/"},{"@type":"ListItem","position":3,"name":"Elitech ti-1s digital indicator"}]},{"@type":"WebSite","@id":"https:\/\/abaa.mx\/tienda\/#website","url":"https:\/\/abaa.mx\/tienda\/","name":"Abaa tienda online","description":"Instrumentos de medici\u00f3n","publisher":{"@id":"https:\/\/abaa.mx\/tienda\/#organization"},"potentialAction":[{"@type":"SearchAction","target":{"@type":"EntryPoint","urlTemplate":"https:\/\/abaa.mx\/tienda\/?s={search_term_string}"},"query-input":{"@type":"PropertyValueSpecification","valueRequired":true,"valueName":"search_term_string"}}],"inLanguage":"es"},{"@type":"Organization","@id":"https:\/\/abaa.mx\/tienda\/#organization","name":"Abaa tienda online","url":"https:\/\/abaa.mx\/tienda\/","logo":{"@type":"ImageObject","inLanguage":"es","@id":"https:\/\/abaa.mx\/tienda\/#\/schema\/logo\/image\/","url":"https:\/\/abaa.mx\/tienda\/wp-content\/uploads\/2024\/01\/abaa-metrologia-tienda.png","contentUrl":"https:\/\/abaa.mx\/tienda\/wp-content\/uploads\/2024\/01\/abaa-metrologia-tienda.png","width":300,"height":141,"caption":"Abaa tienda online"},"image":{"@id":"https:\/\/abaa.mx\/tienda\/#\/schema\/logo\/image\/"}}]}},"_links":{"self":[{"href":"https:\/\/abaa.mx\/tienda\/wp-json\/wp\/v2\/product\/8118","targetHints":{"allow":["GET"]}}],"collection":[{"href":"https:\/\/abaa.mx\/tienda\/wp-json\/wp\/v2\/product"}],"about":[{"href":"https:\/\/abaa.mx\/tienda\/wp-json\/wp\/v2\/types\/product"}],"replies":[{"embeddable":true,"href":"https:\/\/abaa.mx\/tienda\/wp-json\/wp\/v2\/comments?post=8118"}],"wp:featuredmedia":[{"embeddable":true,"href":"https:\/\/abaa.mx\/tienda\/wp-json\/wp\/v2\/media\/8123"}],"wp:attachment":[{"href":"https:\/\/abaa.mx\/tienda\/wp-json\/wp\/v2\/media?parent=8118"}],"wp:term":[{"taxonomy":"product_brand","embeddable":true,"href":"https:\/\/abaa.mx\/tienda\/wp-json\/wp\/v2\/product_brand?post=8118"},{"taxonomy":"product_cat","embeddable":true,"href":"https:\/\/abaa.mx\/tienda\/wp-json\/wp\/v2\/product_cat?post=8118"},{"taxonomy":"product_tag","embeddable":true,"href":"https:\/\/abaa.mx\/tienda\/wp-json\/wp\/v2\/product_tag?post=8118"}],"curies":[{"name":"wp","href":"https:\/\/api.w.org\/{rel}","templated":true}]}}