{"id":8110,"date":"2023-10-27T19:18:22","date_gmt":"2023-10-27T19:18:22","guid":{"rendered":"https:\/\/abaa.mx\/tienda\/?post_type=product&#038;p=8110"},"modified":"2023-10-27T19:18:23","modified_gmt":"2023-10-27T19:18:23","slug":"base-manual-horizontal-manivela-sh220","status":"publish","type":"product","link":"https:\/\/abaa.mx\/tienda\/base-manual-horizontal-manivela-sh220\/","title":{"rendered":"Base Manual Horizontal Manivela &#8211; SH220"},"content":{"rendered":"<p>Base Manual Horizontal Manivela &#8211; SH220<\/p>\n","protected":false},"excerpt":{"rendered":"<p><b>Aplicaciones:<\/b><\/p>\n<p>Pruebas de tensi\u00f3n\/compresi\u00f3n, pruebas de desprendimiento, pruebas fuerza\/tiempo, pruebas de adherencia, pruebas peeling, prueba de resortes, pruebas destructoras y no-destructoras , pruebas de fatiga, pruebas de elongaci\u00f3n, etc\u00e9tera. Dimensiones y peso: 160 x 243 x 600 Contenido de la caja: Banco de prueba, palanca, manual de operaci\u00f3n-<b>Condiciones de operaci\u00f3n:<\/b>\u00a0-5o hasta 40 oC\u00a0<b>SH-220.<\/b><\/p>\n<p><b>\u00a0Caracter\u00edsticas est\u00e1ndar:<\/b><\/p>\n<ul>\n<li>Resoluci\u00f3n 0.0005 &#8220;\/0.01 mm.<\/li>\n<li>El dise\u00f1o horizontal es ideal para pruebas push \/ pull y otras aplicaciones.<\/li>\n<li>Un soporte para pruebas de compresi\u00f3n (empuje) y tensi\u00f3n (pull).<\/li>\n<li>La rueda manual proporciona una velocidad relativamente constante para pruebas repetibles.<\/li>\n<li>Pantalla Bot\u00f3n pulsador para pulgadas\/mm, ajuste cero y encendido\/apagado.<\/li>\n<li>Medidor de distancia digital opcional.<\/li>\n<li>Distancia de recorrido por rotaci\u00f3n de la rueda 1.2mm.<\/li>\n<li>El indicador permanece en su lugar cuando se suelta la rueda manual.<\/li>\n<li>Carrera: 11.8 &#8220;(300 mm).<\/li>\n<li>Precisi\u00f3n \u00b1 0.01 &#8220;\/0.2mm.<\/li>\n<\/ul>\n","protected":false},"featured_media":8114,"comment_status":"open","ping_status":"closed","template":"","meta":{"_joinchat":[]},"product_brand":[],"product_cat":[92],"product_tag":[],"class_list":{"0":"post-8110","1":"product","2":"type-product","3":"status-publish","4":"has-post-thumbnail","6":"product_cat-dinamometros","8":"first","9":"instock","10":"shipping-taxable","11":"product-type-simple"},"yoast_head":"<!-- This site is optimized with the Yoast SEO plugin v26.4 - https:\/\/yoast.com\/wordpress\/plugins\/seo\/ -->\n<title>Base Manual Horizontal Manivela - SH220 - Abaa tienda online<\/title>\n<meta name=\"robots\" content=\"index, follow, max-snippet:-1, max-image-preview:large, max-video-preview:-1\" \/>\n<link rel=\"canonical\" href=\"https:\/\/abaa.mx\/tienda\/base-manual-horizontal-manivela-sh220\/\" \/>\n<meta property=\"og:locale\" content=\"es_MX\" \/>\n<meta property=\"og:type\" content=\"article\" \/>\n<meta property=\"og:title\" content=\"Base Manual Horizontal Manivela - SH220 - Abaa tienda online\" \/>\n<meta property=\"og:description\" content=\"Aplicaciones:  Pruebas de tensi\u00f3n\/compresi\u00f3n, pruebas de desprendimiento, pruebas fuerza\/tiempo, pruebas de adherencia, pruebas peeling, prueba de resortes, pruebas destructoras y no-destructoras , pruebas de fatiga, pruebas de elongaci\u00f3n, etc\u00e9tera. Dimensiones y peso: 160 x 243 x 600 Contenido de la caja: Banco de prueba, palanca, manual de operaci\u00f3n-Condiciones de operaci\u00f3n:\u00a0-5o hasta 40 oC\u00a0SH-220.  \u00a0Caracter\u00edsticas est\u00e1ndar:   Resoluci\u00f3n 0.0005 &quot;\/0.01 mm.  El dise\u00f1o horizontal es ideal para pruebas push \/ pull y otras aplicaciones.  Un soporte para pruebas de compresi\u00f3n (empuje) y tensi\u00f3n (pull).  La rueda manual proporciona una velocidad relativamente constante para pruebas repetibles.  Pantalla Bot\u00f3n pulsador para pulgadas\/mm, ajuste cero y encendido\/apagado.  Medidor de distancia digital opcional.  Distancia de recorrido por rotaci\u00f3n de la rueda 1.2mm.  El indicador permanece en su lugar cuando se suelta la rueda manual.  Carrera: 11.8 &quot;(300 mm).  Precisi\u00f3n \u00b1 0.01 &quot;\/0.2mm.\" \/>\n<meta property=\"og:url\" content=\"https:\/\/abaa.mx\/tienda\/base-manual-horizontal-manivela-sh220\/\" \/>\n<meta property=\"og:site_name\" content=\"Abaa tienda online\" \/>\n<meta property=\"article:modified_time\" content=\"2023-10-27T19:18:23+00:00\" \/>\n<meta property=\"og:image\" content=\"https:\/\/abaa.mx\/tienda\/wp-content\/uploads\/2023\/10\/IMADA-SH220-2.jpg\" \/>\n\t<meta property=\"og:image:width\" content=\"611\" \/>\n\t<meta property=\"og:image:height\" content=\"419\" \/>\n\t<meta property=\"og:image:type\" content=\"image\/jpeg\" \/>\n<meta name=\"twitter:card\" content=\"summary_large_image\" \/>\n<meta name=\"twitter:label1\" content=\"Tiempo de lectura\" \/>\n\t<meta name=\"twitter:data1\" content=\"1 minuto\" \/>\n<script type=\"application\/ld+json\" class=\"yoast-schema-graph\">{\"@context\":\"https:\/\/schema.org\",\"@graph\":[{\"@type\":\"WebPage\",\"@id\":\"https:\/\/abaa.mx\/tienda\/base-manual-horizontal-manivela-sh220\/\",\"url\":\"https:\/\/abaa.mx\/tienda\/base-manual-horizontal-manivela-sh220\/\",\"name\":\"Base Manual Horizontal Manivela - SH220 - Abaa tienda online\",\"isPartOf\":{\"@id\":\"https:\/\/abaa.mx\/tienda\/#website\"},\"primaryImageOfPage\":{\"@id\":\"https:\/\/abaa.mx\/tienda\/base-manual-horizontal-manivela-sh220\/#primaryimage\"},\"image\":{\"@id\":\"https:\/\/abaa.mx\/tienda\/base-manual-horizontal-manivela-sh220\/#primaryimage\"},\"thumbnailUrl\":\"https:\/\/abaa.mx\/tienda\/wp-content\/uploads\/2023\/10\/IMADA-SH220-2.jpg\",\"datePublished\":\"2023-10-27T19:18:22+00:00\",\"dateModified\":\"2023-10-27T19:18:23+00:00\",\"breadcrumb\":{\"@id\":\"https:\/\/abaa.mx\/tienda\/base-manual-horizontal-manivela-sh220\/#breadcrumb\"},\"inLanguage\":\"es\",\"potentialAction\":[{\"@type\":\"ReadAction\",\"target\":[\"https:\/\/abaa.mx\/tienda\/base-manual-horizontal-manivela-sh220\/\"]}]},{\"@type\":\"ImageObject\",\"inLanguage\":\"es\",\"@id\":\"https:\/\/abaa.mx\/tienda\/base-manual-horizontal-manivela-sh220\/#primaryimage\",\"url\":\"https:\/\/abaa.mx\/tienda\/wp-content\/uploads\/2023\/10\/IMADA-SH220-2.jpg\",\"contentUrl\":\"https:\/\/abaa.mx\/tienda\/wp-content\/uploads\/2023\/10\/IMADA-SH220-2.jpg\",\"width\":611,\"height\":419,\"caption\":\"IMADA-SH220\"},{\"@type\":\"BreadcrumbList\",\"@id\":\"https:\/\/abaa.mx\/tienda\/base-manual-horizontal-manivela-sh220\/#breadcrumb\",\"itemListElement\":[{\"@type\":\"ListItem\",\"position\":1,\"name\":\"Inicio\",\"item\":\"https:\/\/abaa.mx\/tienda\/\"},{\"@type\":\"ListItem\",\"position\":2,\"name\":\"Tienda\",\"item\":\"https:\/\/abaa.mx\/tienda\/\"},{\"@type\":\"ListItem\",\"position\":3,\"name\":\"Base Manual Horizontal Manivela &#8211; SH220\"}]},{\"@type\":\"WebSite\",\"@id\":\"https:\/\/abaa.mx\/tienda\/#website\",\"url\":\"https:\/\/abaa.mx\/tienda\/\",\"name\":\"Abaa tienda online\",\"description\":\"Instrumentos de medici\u00f3n\",\"publisher\":{\"@id\":\"https:\/\/abaa.mx\/tienda\/#organization\"},\"potentialAction\":[{\"@type\":\"SearchAction\",\"target\":{\"@type\":\"EntryPoint\",\"urlTemplate\":\"https:\/\/abaa.mx\/tienda\/?s={search_term_string}\"},\"query-input\":{\"@type\":\"PropertyValueSpecification\",\"valueRequired\":true,\"valueName\":\"search_term_string\"}}],\"inLanguage\":\"es\"},{\"@type\":\"Organization\",\"@id\":\"https:\/\/abaa.mx\/tienda\/#organization\",\"name\":\"Abaa tienda online\",\"url\":\"https:\/\/abaa.mx\/tienda\/\",\"logo\":{\"@type\":\"ImageObject\",\"inLanguage\":\"es\",\"@id\":\"https:\/\/abaa.mx\/tienda\/#\/schema\/logo\/image\/\",\"url\":\"https:\/\/abaa.mx\/tienda\/wp-content\/uploads\/2024\/01\/abaa-metrologia-tienda.png\",\"contentUrl\":\"https:\/\/abaa.mx\/tienda\/wp-content\/uploads\/2024\/01\/abaa-metrologia-tienda.png\",\"width\":300,\"height\":141,\"caption\":\"Abaa tienda online\"},\"image\":{\"@id\":\"https:\/\/abaa.mx\/tienda\/#\/schema\/logo\/image\/\"}}]}<\/script>\n<!-- \/ Yoast SEO plugin. -->","yoast_head_json":{"title":"Base Manual Horizontal Manivela - SH220 - Abaa tienda online","robots":{"index":"index","follow":"follow","max-snippet":"max-snippet:-1","max-image-preview":"max-image-preview:large","max-video-preview":"max-video-preview:-1"},"canonical":"https:\/\/abaa.mx\/tienda\/base-manual-horizontal-manivela-sh220\/","og_locale":"es_MX","og_type":"article","og_title":"Base Manual Horizontal Manivela - SH220 - Abaa tienda online","og_description":"Aplicaciones:  Pruebas de tensi\u00f3n\/compresi\u00f3n, pruebas de desprendimiento, pruebas fuerza\/tiempo, pruebas de adherencia, pruebas peeling, prueba de resortes, pruebas destructoras y no-destructoras , pruebas de fatiga, pruebas de elongaci\u00f3n, etc\u00e9tera. Dimensiones y peso: 160 x 243 x 600 Contenido de la caja: Banco de prueba, palanca, manual de operaci\u00f3n-Condiciones de operaci\u00f3n:\u00a0-5o hasta 40 oC\u00a0SH-220.  \u00a0Caracter\u00edsticas est\u00e1ndar:   Resoluci\u00f3n 0.0005 \"\/0.01 mm.  El dise\u00f1o horizontal es ideal para pruebas push \/ pull y otras aplicaciones.  Un soporte para pruebas de compresi\u00f3n (empuje) y tensi\u00f3n (pull).  La rueda manual proporciona una velocidad relativamente constante para pruebas repetibles.  Pantalla Bot\u00f3n pulsador para pulgadas\/mm, ajuste cero y encendido\/apagado.  Medidor de distancia digital opcional.  Distancia de recorrido por rotaci\u00f3n de la rueda 1.2mm.  El indicador permanece en su lugar cuando se suelta la rueda manual.  Carrera: 11.8 \"(300 mm).  Precisi\u00f3n \u00b1 0.01 \"\/0.2mm.","og_url":"https:\/\/abaa.mx\/tienda\/base-manual-horizontal-manivela-sh220\/","og_site_name":"Abaa tienda online","article_modified_time":"2023-10-27T19:18:23+00:00","og_image":[{"width":611,"height":419,"url":"https:\/\/abaa.mx\/tienda\/wp-content\/uploads\/2023\/10\/IMADA-SH220-2.jpg","type":"image\/jpeg"}],"twitter_card":"summary_large_image","twitter_misc":{"Tiempo de lectura":"1 minuto"},"schema":{"@context":"https:\/\/schema.org","@graph":[{"@type":"WebPage","@id":"https:\/\/abaa.mx\/tienda\/base-manual-horizontal-manivela-sh220\/","url":"https:\/\/abaa.mx\/tienda\/base-manual-horizontal-manivela-sh220\/","name":"Base Manual Horizontal Manivela - SH220 - Abaa tienda online","isPartOf":{"@id":"https:\/\/abaa.mx\/tienda\/#website"},"primaryImageOfPage":{"@id":"https:\/\/abaa.mx\/tienda\/base-manual-horizontal-manivela-sh220\/#primaryimage"},"image":{"@id":"https:\/\/abaa.mx\/tienda\/base-manual-horizontal-manivela-sh220\/#primaryimage"},"thumbnailUrl":"https:\/\/abaa.mx\/tienda\/wp-content\/uploads\/2023\/10\/IMADA-SH220-2.jpg","datePublished":"2023-10-27T19:18:22+00:00","dateModified":"2023-10-27T19:18:23+00:00","breadcrumb":{"@id":"https:\/\/abaa.mx\/tienda\/base-manual-horizontal-manivela-sh220\/#breadcrumb"},"inLanguage":"es","potentialAction":[{"@type":"ReadAction","target":["https:\/\/abaa.mx\/tienda\/base-manual-horizontal-manivela-sh220\/"]}]},{"@type":"ImageObject","inLanguage":"es","@id":"https:\/\/abaa.mx\/tienda\/base-manual-horizontal-manivela-sh220\/#primaryimage","url":"https:\/\/abaa.mx\/tienda\/wp-content\/uploads\/2023\/10\/IMADA-SH220-2.jpg","contentUrl":"https:\/\/abaa.mx\/tienda\/wp-content\/uploads\/2023\/10\/IMADA-SH220-2.jpg","width":611,"height":419,"caption":"IMADA-SH220"},{"@type":"BreadcrumbList","@id":"https:\/\/abaa.mx\/tienda\/base-manual-horizontal-manivela-sh220\/#breadcrumb","itemListElement":[{"@type":"ListItem","position":1,"name":"Inicio","item":"https:\/\/abaa.mx\/tienda\/"},{"@type":"ListItem","position":2,"name":"Tienda","item":"https:\/\/abaa.mx\/tienda\/"},{"@type":"ListItem","position":3,"name":"Base Manual Horizontal Manivela &#8211; SH220"}]},{"@type":"WebSite","@id":"https:\/\/abaa.mx\/tienda\/#website","url":"https:\/\/abaa.mx\/tienda\/","name":"Abaa tienda online","description":"Instrumentos de medici\u00f3n","publisher":{"@id":"https:\/\/abaa.mx\/tienda\/#organization"},"potentialAction":[{"@type":"SearchAction","target":{"@type":"EntryPoint","urlTemplate":"https:\/\/abaa.mx\/tienda\/?s={search_term_string}"},"query-input":{"@type":"PropertyValueSpecification","valueRequired":true,"valueName":"search_term_string"}}],"inLanguage":"es"},{"@type":"Organization","@id":"https:\/\/abaa.mx\/tienda\/#organization","name":"Abaa tienda online","url":"https:\/\/abaa.mx\/tienda\/","logo":{"@type":"ImageObject","inLanguage":"es","@id":"https:\/\/abaa.mx\/tienda\/#\/schema\/logo\/image\/","url":"https:\/\/abaa.mx\/tienda\/wp-content\/uploads\/2024\/01\/abaa-metrologia-tienda.png","contentUrl":"https:\/\/abaa.mx\/tienda\/wp-content\/uploads\/2024\/01\/abaa-metrologia-tienda.png","width":300,"height":141,"caption":"Abaa tienda online"},"image":{"@id":"https:\/\/abaa.mx\/tienda\/#\/schema\/logo\/image\/"}}]}},"_links":{"self":[{"href":"https:\/\/abaa.mx\/tienda\/wp-json\/wp\/v2\/product\/8110","targetHints":{"allow":["GET"]}}],"collection":[{"href":"https:\/\/abaa.mx\/tienda\/wp-json\/wp\/v2\/product"}],"about":[{"href":"https:\/\/abaa.mx\/tienda\/wp-json\/wp\/v2\/types\/product"}],"replies":[{"embeddable":true,"href":"https:\/\/abaa.mx\/tienda\/wp-json\/wp\/v2\/comments?post=8110"}],"wp:featuredmedia":[{"embeddable":true,"href":"https:\/\/abaa.mx\/tienda\/wp-json\/wp\/v2\/media\/8114"}],"wp:attachment":[{"href":"https:\/\/abaa.mx\/tienda\/wp-json\/wp\/v2\/media?parent=8110"}],"wp:term":[{"taxonomy":"product_brand","embeddable":true,"href":"https:\/\/abaa.mx\/tienda\/wp-json\/wp\/v2\/product_brand?post=8110"},{"taxonomy":"product_cat","embeddable":true,"href":"https:\/\/abaa.mx\/tienda\/wp-json\/wp\/v2\/product_cat?post=8110"},{"taxonomy":"product_tag","embeddable":true,"href":"https:\/\/abaa.mx\/tienda\/wp-json\/wp\/v2\/product_tag?post=8110"}],"curies":[{"name":"wp","href":"https:\/\/api.w.org\/{rel}","templated":true}]}}