{"id":8109,"date":"2023-10-27T19:35:38","date_gmt":"2023-10-27T19:35:38","guid":{"rendered":"https:\/\/abaa.mx\/tienda\/?post_type=product&#038;p=8109"},"modified":"2023-10-27T19:35:39","modified_gmt":"2023-10-27T19:35:39","slug":"dinamometro-analogo-fb32oz","status":"publish","type":"product","link":"https:\/\/abaa.mx\/tienda\/dinamometro-analogo-fb32oz\/","title":{"rendered":"Dinam\u00f3metro An\u00e1logo &#8211; FB32OZ"},"content":{"rendered":"<p>Dinam\u00f3metro An\u00e1logo &#8211; FB32OZ<\/p>\n","protected":false},"excerpt":{"rendered":"<p>\u00bfQu\u00e9 se incluye con el indicador?<\/p>\n<p>La serie FB se vende en kits completos con medidor de fuerza, estuche duro, cinco complementos de medici\u00f3n (cabeza plana, c\u00f3nica, cincel, muesca y gancho peque\u00f1o), tal como un eje de extensi\u00f3n de 3 pulgadas. Tambi\u00e9n est\u00e1 disponible un mango opcional para facilitar la medici\u00f3n de cargas pesadas.<\/p>\n<p>Todos los calibradores tienen dentro un certificado de calibraci\u00f3n libremente trazable al NIST. Los certificados ISO-17025 est\u00e1n disponibles por un cargo agregada.<\/p>\n<p>Nota: Los calibradores de fuerza mec\u00e1nica no son sugeridos para aplicaciones de pruebas destructoras o cargas de choque.<\/p>\n","protected":false},"featured_media":8125,"comment_status":"open","ping_status":"closed","template":"","meta":{"_joinchat":[]},"product_brand":[],"product_cat":[92],"product_tag":[],"class_list":{"0":"post-8109","1":"product","2":"type-product","3":"status-publish","4":"has-post-thumbnail","6":"product_cat-dinamometros","8":"first","9":"instock","10":"shipping-taxable","11":"product-type-simple"},"yoast_head":"<!-- This site is optimized with the Yoast SEO plugin v26.4 - https:\/\/yoast.com\/wordpress\/plugins\/seo\/ -->\n<title>Dinam\u00f3metro An\u00e1logo - FB32OZ - Abaa tienda online<\/title>\n<meta name=\"robots\" content=\"index, follow, max-snippet:-1, max-image-preview:large, max-video-preview:-1\" \/>\n<link rel=\"canonical\" href=\"https:\/\/abaa.mx\/tienda\/dinamometro-analogo-fb32oz\/\" \/>\n<meta property=\"og:locale\" content=\"es_MX\" \/>\n<meta property=\"og:type\" content=\"article\" \/>\n<meta property=\"og:title\" content=\"Dinam\u00f3metro An\u00e1logo - FB32OZ - Abaa tienda online\" \/>\n<meta property=\"og:description\" content=\"\u00bfQu\u00e9 se incluye con el indicador?  La serie FB se vende en kits completos con medidor de fuerza, estuche duro, cinco complementos de medici\u00f3n (cabeza plana, c\u00f3nica, cincel, muesca y gancho peque\u00f1o), tal como un eje de extensi\u00f3n de 3 pulgadas. Tambi\u00e9n est\u00e1 disponible un mango opcional para facilitar la medici\u00f3n de cargas pesadas.  Todos los calibradores tienen dentro un certificado de calibraci\u00f3n libremente trazable al NIST. Los certificados ISO-17025 est\u00e1n disponibles por un cargo agregada.  Nota: Los calibradores de fuerza mec\u00e1nica no son sugeridos para aplicaciones de pruebas destructoras o cargas de choque.\" \/>\n<meta property=\"og:url\" content=\"https:\/\/abaa.mx\/tienda\/dinamometro-analogo-fb32oz\/\" \/>\n<meta property=\"og:site_name\" content=\"Abaa tienda online\" \/>\n<meta property=\"article:modified_time\" content=\"2023-10-27T19:35:39+00:00\" \/>\n<meta property=\"og:image\" content=\"https:\/\/abaa.mx\/tienda\/wp-content\/uploads\/2023\/10\/IMADA-FB320Z-1.jpg\" \/>\n\t<meta property=\"og:image:width\" content=\"475\" \/>\n\t<meta property=\"og:image:height\" content=\"432\" \/>\n\t<meta property=\"og:image:type\" content=\"image\/jpeg\" \/>\n<meta name=\"twitter:card\" content=\"summary_large_image\" \/>\n<meta name=\"twitter:label1\" content=\"Tiempo de lectura\" \/>\n\t<meta name=\"twitter:data1\" content=\"1 minuto\" \/>\n<script type=\"application\/ld+json\" class=\"yoast-schema-graph\">{\"@context\":\"https:\/\/schema.org\",\"@graph\":[{\"@type\":\"WebPage\",\"@id\":\"https:\/\/abaa.mx\/tienda\/dinamometro-analogo-fb32oz\/\",\"url\":\"https:\/\/abaa.mx\/tienda\/dinamometro-analogo-fb32oz\/\",\"name\":\"Dinam\u00f3metro An\u00e1logo - FB32OZ - Abaa tienda online\",\"isPartOf\":{\"@id\":\"https:\/\/abaa.mx\/tienda\/#website\"},\"primaryImageOfPage\":{\"@id\":\"https:\/\/abaa.mx\/tienda\/dinamometro-analogo-fb32oz\/#primaryimage\"},\"image\":{\"@id\":\"https:\/\/abaa.mx\/tienda\/dinamometro-analogo-fb32oz\/#primaryimage\"},\"thumbnailUrl\":\"https:\/\/abaa.mx\/tienda\/wp-content\/uploads\/2023\/10\/IMADA-FB320Z-1.jpg\",\"datePublished\":\"2023-10-27T19:35:38+00:00\",\"dateModified\":\"2023-10-27T19:35:39+00:00\",\"breadcrumb\":{\"@id\":\"https:\/\/abaa.mx\/tienda\/dinamometro-analogo-fb32oz\/#breadcrumb\"},\"inLanguage\":\"es\",\"potentialAction\":[{\"@type\":\"ReadAction\",\"target\":[\"https:\/\/abaa.mx\/tienda\/dinamometro-analogo-fb32oz\/\"]}]},{\"@type\":\"ImageObject\",\"inLanguage\":\"es\",\"@id\":\"https:\/\/abaa.mx\/tienda\/dinamometro-analogo-fb32oz\/#primaryimage\",\"url\":\"https:\/\/abaa.mx\/tienda\/wp-content\/uploads\/2023\/10\/IMADA-FB320Z-1.jpg\",\"contentUrl\":\"https:\/\/abaa.mx\/tienda\/wp-content\/uploads\/2023\/10\/IMADA-FB320Z-1.jpg\",\"width\":475,\"height\":432,\"caption\":\"IMADA-FB320Z\"},{\"@type\":\"BreadcrumbList\",\"@id\":\"https:\/\/abaa.mx\/tienda\/dinamometro-analogo-fb32oz\/#breadcrumb\",\"itemListElement\":[{\"@type\":\"ListItem\",\"position\":1,\"name\":\"Inicio\",\"item\":\"https:\/\/abaa.mx\/tienda\/\"},{\"@type\":\"ListItem\",\"position\":2,\"name\":\"Tienda\",\"item\":\"https:\/\/abaa.mx\/tienda\/\"},{\"@type\":\"ListItem\",\"position\":3,\"name\":\"Dinam\u00f3metro An\u00e1logo &#8211; FB32OZ\"}]},{\"@type\":\"WebSite\",\"@id\":\"https:\/\/abaa.mx\/tienda\/#website\",\"url\":\"https:\/\/abaa.mx\/tienda\/\",\"name\":\"Abaa tienda online\",\"description\":\"Instrumentos de medici\u00f3n\",\"publisher\":{\"@id\":\"https:\/\/abaa.mx\/tienda\/#organization\"},\"potentialAction\":[{\"@type\":\"SearchAction\",\"target\":{\"@type\":\"EntryPoint\",\"urlTemplate\":\"https:\/\/abaa.mx\/tienda\/?s={search_term_string}\"},\"query-input\":{\"@type\":\"PropertyValueSpecification\",\"valueRequired\":true,\"valueName\":\"search_term_string\"}}],\"inLanguage\":\"es\"},{\"@type\":\"Organization\",\"@id\":\"https:\/\/abaa.mx\/tienda\/#organization\",\"name\":\"Abaa tienda online\",\"url\":\"https:\/\/abaa.mx\/tienda\/\",\"logo\":{\"@type\":\"ImageObject\",\"inLanguage\":\"es\",\"@id\":\"https:\/\/abaa.mx\/tienda\/#\/schema\/logo\/image\/\",\"url\":\"https:\/\/abaa.mx\/tienda\/wp-content\/uploads\/2024\/01\/abaa-metrologia-tienda.png\",\"contentUrl\":\"https:\/\/abaa.mx\/tienda\/wp-content\/uploads\/2024\/01\/abaa-metrologia-tienda.png\",\"width\":300,\"height\":141,\"caption\":\"Abaa tienda online\"},\"image\":{\"@id\":\"https:\/\/abaa.mx\/tienda\/#\/schema\/logo\/image\/\"}}]}<\/script>\n<!-- \/ Yoast SEO plugin. -->","yoast_head_json":{"title":"Dinam\u00f3metro An\u00e1logo - FB32OZ - Abaa tienda online","robots":{"index":"index","follow":"follow","max-snippet":"max-snippet:-1","max-image-preview":"max-image-preview:large","max-video-preview":"max-video-preview:-1"},"canonical":"https:\/\/abaa.mx\/tienda\/dinamometro-analogo-fb32oz\/","og_locale":"es_MX","og_type":"article","og_title":"Dinam\u00f3metro An\u00e1logo - FB32OZ - Abaa tienda online","og_description":"\u00bfQu\u00e9 se incluye con el indicador?  La serie FB se vende en kits completos con medidor de fuerza, estuche duro, cinco complementos de medici\u00f3n (cabeza plana, c\u00f3nica, cincel, muesca y gancho peque\u00f1o), tal como un eje de extensi\u00f3n de 3 pulgadas. Tambi\u00e9n est\u00e1 disponible un mango opcional para facilitar la medici\u00f3n de cargas pesadas.  Todos los calibradores tienen dentro un certificado de calibraci\u00f3n libremente trazable al NIST. Los certificados ISO-17025 est\u00e1n disponibles por un cargo agregada.  Nota: Los calibradores de fuerza mec\u00e1nica no son sugeridos para aplicaciones de pruebas destructoras o cargas de choque.","og_url":"https:\/\/abaa.mx\/tienda\/dinamometro-analogo-fb32oz\/","og_site_name":"Abaa tienda online","article_modified_time":"2023-10-27T19:35:39+00:00","og_image":[{"width":475,"height":432,"url":"https:\/\/abaa.mx\/tienda\/wp-content\/uploads\/2023\/10\/IMADA-FB320Z-1.jpg","type":"image\/jpeg"}],"twitter_card":"summary_large_image","twitter_misc":{"Tiempo de lectura":"1 minuto"},"schema":{"@context":"https:\/\/schema.org","@graph":[{"@type":"WebPage","@id":"https:\/\/abaa.mx\/tienda\/dinamometro-analogo-fb32oz\/","url":"https:\/\/abaa.mx\/tienda\/dinamometro-analogo-fb32oz\/","name":"Dinam\u00f3metro An\u00e1logo - FB32OZ - Abaa tienda online","isPartOf":{"@id":"https:\/\/abaa.mx\/tienda\/#website"},"primaryImageOfPage":{"@id":"https:\/\/abaa.mx\/tienda\/dinamometro-analogo-fb32oz\/#primaryimage"},"image":{"@id":"https:\/\/abaa.mx\/tienda\/dinamometro-analogo-fb32oz\/#primaryimage"},"thumbnailUrl":"https:\/\/abaa.mx\/tienda\/wp-content\/uploads\/2023\/10\/IMADA-FB320Z-1.jpg","datePublished":"2023-10-27T19:35:38+00:00","dateModified":"2023-10-27T19:35:39+00:00","breadcrumb":{"@id":"https:\/\/abaa.mx\/tienda\/dinamometro-analogo-fb32oz\/#breadcrumb"},"inLanguage":"es","potentialAction":[{"@type":"ReadAction","target":["https:\/\/abaa.mx\/tienda\/dinamometro-analogo-fb32oz\/"]}]},{"@type":"ImageObject","inLanguage":"es","@id":"https:\/\/abaa.mx\/tienda\/dinamometro-analogo-fb32oz\/#primaryimage","url":"https:\/\/abaa.mx\/tienda\/wp-content\/uploads\/2023\/10\/IMADA-FB320Z-1.jpg","contentUrl":"https:\/\/abaa.mx\/tienda\/wp-content\/uploads\/2023\/10\/IMADA-FB320Z-1.jpg","width":475,"height":432,"caption":"IMADA-FB320Z"},{"@type":"BreadcrumbList","@id":"https:\/\/abaa.mx\/tienda\/dinamometro-analogo-fb32oz\/#breadcrumb","itemListElement":[{"@type":"ListItem","position":1,"name":"Inicio","item":"https:\/\/abaa.mx\/tienda\/"},{"@type":"ListItem","position":2,"name":"Tienda","item":"https:\/\/abaa.mx\/tienda\/"},{"@type":"ListItem","position":3,"name":"Dinam\u00f3metro An\u00e1logo &#8211; FB32OZ"}]},{"@type":"WebSite","@id":"https:\/\/abaa.mx\/tienda\/#website","url":"https:\/\/abaa.mx\/tienda\/","name":"Abaa tienda online","description":"Instrumentos de medici\u00f3n","publisher":{"@id":"https:\/\/abaa.mx\/tienda\/#organization"},"potentialAction":[{"@type":"SearchAction","target":{"@type":"EntryPoint","urlTemplate":"https:\/\/abaa.mx\/tienda\/?s={search_term_string}"},"query-input":{"@type":"PropertyValueSpecification","valueRequired":true,"valueName":"search_term_string"}}],"inLanguage":"es"},{"@type":"Organization","@id":"https:\/\/abaa.mx\/tienda\/#organization","name":"Abaa tienda online","url":"https:\/\/abaa.mx\/tienda\/","logo":{"@type":"ImageObject","inLanguage":"es","@id":"https:\/\/abaa.mx\/tienda\/#\/schema\/logo\/image\/","url":"https:\/\/abaa.mx\/tienda\/wp-content\/uploads\/2024\/01\/abaa-metrologia-tienda.png","contentUrl":"https:\/\/abaa.mx\/tienda\/wp-content\/uploads\/2024\/01\/abaa-metrologia-tienda.png","width":300,"height":141,"caption":"Abaa tienda online"},"image":{"@id":"https:\/\/abaa.mx\/tienda\/#\/schema\/logo\/image\/"}}]}},"_links":{"self":[{"href":"https:\/\/abaa.mx\/tienda\/wp-json\/wp\/v2\/product\/8109","targetHints":{"allow":["GET"]}}],"collection":[{"href":"https:\/\/abaa.mx\/tienda\/wp-json\/wp\/v2\/product"}],"about":[{"href":"https:\/\/abaa.mx\/tienda\/wp-json\/wp\/v2\/types\/product"}],"replies":[{"embeddable":true,"href":"https:\/\/abaa.mx\/tienda\/wp-json\/wp\/v2\/comments?post=8109"}],"wp:featuredmedia":[{"embeddable":true,"href":"https:\/\/abaa.mx\/tienda\/wp-json\/wp\/v2\/media\/8125"}],"wp:attachment":[{"href":"https:\/\/abaa.mx\/tienda\/wp-json\/wp\/v2\/media?parent=8109"}],"wp:term":[{"taxonomy":"product_brand","embeddable":true,"href":"https:\/\/abaa.mx\/tienda\/wp-json\/wp\/v2\/product_brand?post=8109"},{"taxonomy":"product_cat","embeddable":true,"href":"https:\/\/abaa.mx\/tienda\/wp-json\/wp\/v2\/product_cat?post=8109"},{"taxonomy":"product_tag","embeddable":true,"href":"https:\/\/abaa.mx\/tienda\/wp-json\/wp\/v2\/product_tag?post=8109"}],"curies":[{"name":"wp","href":"https:\/\/api.w.org\/{rel}","templated":true}]}}