{"id":8107,"date":"2023-10-27T19:25:43","date_gmt":"2023-10-27T19:25:43","guid":{"rendered":"https:\/\/abaa.mx\/tienda\/?post_type=product&#038;p=8107"},"modified":"2023-11-30T20:04:48","modified_gmt":"2023-11-30T20:04:48","slug":"dinamometro-uso-rudo-serie-esh-psh-rango-100-hasta-300-kgf-esh-psh","status":"publish","type":"product","link":"https:\/\/abaa.mx\/tienda\/dinamometro-uso-rudo-serie-esh-psh-rango-100-hasta-300-kgf-esh-psh\/","title":{"rendered":"Dinam\u00f3metro Uso Rudo Serie ESH-PSH Rango 100 hasta 300 kgf -ESH &#8211; PSH"},"content":{"rendered":"<p>Dinam\u00f3metro Uso Rudo Serie ESH\/PSH Rango 100 hasta 300 kgf -ESH &#8211; PSH<\/p>\n","protected":false},"excerpt":{"rendered":"<p><b>Descripci\u00f3n General:<\/b><\/p>\n<p>Los dinam\u00f3metros equivalentes de la serie ESH fueron dise\u00f1ados para mediciones de alta aptitud. El dise\u00f1o de metal de su armaz\u00f3n y resortes de alta duraci\u00f3n resistir\u00e1n el ambiente demandante y el uso rudo de una planta manufacturera. Sus resortes de alta precisi\u00f3n sostendr\u00e1n su calibraci\u00f3n por bastante tiempo y aseguraran desenlaces enormemente fiables.<\/p>\n<p><b>Caracter\u00edsticas:<\/b><\/p>\n<ul>\n<li>Resistencia a la sobrecarga: 135% de la capacidad nominal del equipo.<\/li>\n<li>Rango y Resoluci\u00f3n: 3,000 N (20 N).<\/li>\n<li>Certificado de calibraci\u00f3n emitido por Laboratorio acreditado ante la norma ISO\/IEC 17025 disponible como servicio adicional, consulta nuestro equipo de venta.<\/li>\n<li>Simple, robusto y virtualmente libre de mantenimiento.<\/li>\n<li>Intr\u00ednsecamente seguro, no usa bater\u00edas.<\/li>\n<li>Incluye: 5 Puntas de compresi\u00f3n, extensi\u00f3n de v\u00e1stago, gancho y certificado de calibraci\u00f3n emitido por el fabricante trazable al NIST.<\/li>\n<li>Anillo de tara le permitir\u00e1 colocar la aguja de car\u00e1tula en la posici\u00f3n de cero para despreciar esfuerzos causados por los accesorios de tensi\u00f3n o compresi\u00f3n.<\/li>\n<li>2 Modos de Medici\u00f3n: a) Tiempo real; b) Indicador de pico m\u00e1ximo.<\/li>\n<li>Precisi\u00f3n: +\/- 0.5% de escala completa.<\/li>\n<\/ul>\n","protected":false},"featured_media":8117,"comment_status":"open","ping_status":"closed","template":"","meta":{"_joinchat":[]},"product_brand":[],"product_cat":[92],"product_tag":[],"class_list":{"0":"post-8107","1":"product","2":"type-product","3":"status-publish","4":"has-post-thumbnail","6":"product_cat-dinamometros","8":"first","9":"instock","10":"shipping-taxable","11":"product-type-simple"},"yoast_head":"<!-- This site is optimized with the Yoast SEO plugin v26.4 - https:\/\/yoast.com\/wordpress\/plugins\/seo\/ -->\n<title>Dinam\u00f3metro Uso Rudo Serie ESH-PSH Rango 100 hasta 300 kgf -ESH - PSH - Abaa tienda online<\/title>\n<meta name=\"robots\" content=\"index, follow, max-snippet:-1, max-image-preview:large, max-video-preview:-1\" \/>\n<link rel=\"canonical\" href=\"https:\/\/abaa.mx\/tienda\/dinamometro-uso-rudo-serie-esh-psh-rango-100-hasta-300-kgf-esh-psh\/\" \/>\n<meta property=\"og:locale\" content=\"es_MX\" \/>\n<meta property=\"og:type\" content=\"article\" \/>\n<meta property=\"og:title\" content=\"Dinam\u00f3metro Uso Rudo Serie ESH-PSH Rango 100 hasta 300 kgf -ESH - PSH - Abaa tienda online\" \/>\n<meta property=\"og:description\" content=\"Descripci\u00f3n General:  Los dinam\u00f3metros equivalentes de la serie ESH fueron dise\u00f1ados para mediciones de alta aptitud. El dise\u00f1o de metal de su armaz\u00f3n y resortes de alta duraci\u00f3n resistir\u00e1n el ambiente demandante y el uso rudo de una planta manufacturera. Sus resortes de alta precisi\u00f3n sostendr\u00e1n su calibraci\u00f3n por bastante tiempo y aseguraran desenlaces enormemente fiables.  Caracter\u00edsticas:   Resistencia a la sobrecarga: 135% de la capacidad nominal del equipo.  Rango y Resoluci\u00f3n: 3,000 N (20 N).  Certificado de calibraci\u00f3n emitido por Laboratorio acreditado ante la norma ISO\/IEC 17025 disponible como servicio adicional, consulta nuestro equipo de venta.  Simple, robusto y virtualmente libre de mantenimiento.  Intr\u00ednsecamente seguro, no usa bater\u00edas.  Incluye: 5 Puntas de compresi\u00f3n, extensi\u00f3n de v\u00e1stago, gancho y certificado de calibraci\u00f3n emitido por el fabricante trazable al NIST.  Anillo de tara le permitir\u00e1 colocar la aguja de car\u00e1tula en la posici\u00f3n de cero para despreciar esfuerzos causados por los accesorios de tensi\u00f3n o compresi\u00f3n.  2 Modos de Medici\u00f3n: a) Tiempo real; b) Indicador de pico m\u00e1ximo.  Precisi\u00f3n: +\/- 0.5% de escala completa.\" \/>\n<meta property=\"og:url\" content=\"https:\/\/abaa.mx\/tienda\/dinamometro-uso-rudo-serie-esh-psh-rango-100-hasta-300-kgf-esh-psh\/\" \/>\n<meta property=\"og:site_name\" content=\"Abaa tienda online\" \/>\n<meta property=\"article:modified_time\" content=\"2023-11-30T20:04:48+00:00\" \/>\n<meta property=\"og:image\" content=\"https:\/\/abaa.mx\/tienda\/wp-content\/uploads\/2023\/10\/IMADA-ESH-PSH.jpg\" \/>\n\t<meta property=\"og:image:width\" content=\"599\" \/>\n\t<meta property=\"og:image:height\" content=\"599\" \/>\n\t<meta property=\"og:image:type\" content=\"image\/jpeg\" \/>\n<meta name=\"twitter:card\" content=\"summary_large_image\" \/>\n<meta name=\"twitter:label1\" content=\"Tiempo de lectura\" \/>\n\t<meta name=\"twitter:data1\" content=\"1 minuto\" \/>\n<script type=\"application\/ld+json\" class=\"yoast-schema-graph\">{\"@context\":\"https:\/\/schema.org\",\"@graph\":[{\"@type\":\"WebPage\",\"@id\":\"https:\/\/abaa.mx\/tienda\/dinamometro-uso-rudo-serie-esh-psh-rango-100-hasta-300-kgf-esh-psh\/\",\"url\":\"https:\/\/abaa.mx\/tienda\/dinamometro-uso-rudo-serie-esh-psh-rango-100-hasta-300-kgf-esh-psh\/\",\"name\":\"Dinam\u00f3metro Uso Rudo Serie ESH-PSH Rango 100 hasta 300 kgf -ESH - PSH - Abaa tienda online\",\"isPartOf\":{\"@id\":\"https:\/\/abaa.mx\/tienda\/#website\"},\"primaryImageOfPage\":{\"@id\":\"https:\/\/abaa.mx\/tienda\/dinamometro-uso-rudo-serie-esh-psh-rango-100-hasta-300-kgf-esh-psh\/#primaryimage\"},\"image\":{\"@id\":\"https:\/\/abaa.mx\/tienda\/dinamometro-uso-rudo-serie-esh-psh-rango-100-hasta-300-kgf-esh-psh\/#primaryimage\"},\"thumbnailUrl\":\"https:\/\/abaa.mx\/tienda\/wp-content\/uploads\/2023\/10\/IMADA-ESH-PSH.jpg\",\"datePublished\":\"2023-10-27T19:25:43+00:00\",\"dateModified\":\"2023-11-30T20:04:48+00:00\",\"breadcrumb\":{\"@id\":\"https:\/\/abaa.mx\/tienda\/dinamometro-uso-rudo-serie-esh-psh-rango-100-hasta-300-kgf-esh-psh\/#breadcrumb\"},\"inLanguage\":\"es\",\"potentialAction\":[{\"@type\":\"ReadAction\",\"target\":[\"https:\/\/abaa.mx\/tienda\/dinamometro-uso-rudo-serie-esh-psh-rango-100-hasta-300-kgf-esh-psh\/\"]}]},{\"@type\":\"ImageObject\",\"inLanguage\":\"es\",\"@id\":\"https:\/\/abaa.mx\/tienda\/dinamometro-uso-rudo-serie-esh-psh-rango-100-hasta-300-kgf-esh-psh\/#primaryimage\",\"url\":\"https:\/\/abaa.mx\/tienda\/wp-content\/uploads\/2023\/10\/IMADA-ESH-PSH.jpg\",\"contentUrl\":\"https:\/\/abaa.mx\/tienda\/wp-content\/uploads\/2023\/10\/IMADA-ESH-PSH.jpg\",\"width\":599,\"height\":599,\"caption\":\"IMADA-ESH-PSH\"},{\"@type\":\"BreadcrumbList\",\"@id\":\"https:\/\/abaa.mx\/tienda\/dinamometro-uso-rudo-serie-esh-psh-rango-100-hasta-300-kgf-esh-psh\/#breadcrumb\",\"itemListElement\":[{\"@type\":\"ListItem\",\"position\":1,\"name\":\"Inicio\",\"item\":\"https:\/\/abaa.mx\/tienda\/\"},{\"@type\":\"ListItem\",\"position\":2,\"name\":\"Tienda\",\"item\":\"https:\/\/abaa.mx\/tienda\/\"},{\"@type\":\"ListItem\",\"position\":3,\"name\":\"Dinam\u00f3metro Uso Rudo Serie ESH-PSH Rango 100 hasta 300 kgf -ESH &#8211; PSH\"}]},{\"@type\":\"WebSite\",\"@id\":\"https:\/\/abaa.mx\/tienda\/#website\",\"url\":\"https:\/\/abaa.mx\/tienda\/\",\"name\":\"Abaa tienda online\",\"description\":\"Instrumentos de medici\u00f3n\",\"publisher\":{\"@id\":\"https:\/\/abaa.mx\/tienda\/#organization\"},\"potentialAction\":[{\"@type\":\"SearchAction\",\"target\":{\"@type\":\"EntryPoint\",\"urlTemplate\":\"https:\/\/abaa.mx\/tienda\/?s={search_term_string}\"},\"query-input\":{\"@type\":\"PropertyValueSpecification\",\"valueRequired\":true,\"valueName\":\"search_term_string\"}}],\"inLanguage\":\"es\"},{\"@type\":\"Organization\",\"@id\":\"https:\/\/abaa.mx\/tienda\/#organization\",\"name\":\"Abaa tienda online\",\"url\":\"https:\/\/abaa.mx\/tienda\/\",\"logo\":{\"@type\":\"ImageObject\",\"inLanguage\":\"es\",\"@id\":\"https:\/\/abaa.mx\/tienda\/#\/schema\/logo\/image\/\",\"url\":\"https:\/\/abaa.mx\/tienda\/wp-content\/uploads\/2024\/01\/abaa-metrologia-tienda.png\",\"contentUrl\":\"https:\/\/abaa.mx\/tienda\/wp-content\/uploads\/2024\/01\/abaa-metrologia-tienda.png\",\"width\":300,\"height\":141,\"caption\":\"Abaa tienda online\"},\"image\":{\"@id\":\"https:\/\/abaa.mx\/tienda\/#\/schema\/logo\/image\/\"}}]}<\/script>\n<!-- \/ Yoast SEO plugin. -->","yoast_head_json":{"title":"Dinam\u00f3metro Uso Rudo Serie ESH-PSH Rango 100 hasta 300 kgf -ESH - PSH - Abaa tienda online","robots":{"index":"index","follow":"follow","max-snippet":"max-snippet:-1","max-image-preview":"max-image-preview:large","max-video-preview":"max-video-preview:-1"},"canonical":"https:\/\/abaa.mx\/tienda\/dinamometro-uso-rudo-serie-esh-psh-rango-100-hasta-300-kgf-esh-psh\/","og_locale":"es_MX","og_type":"article","og_title":"Dinam\u00f3metro Uso Rudo Serie ESH-PSH Rango 100 hasta 300 kgf -ESH - PSH - Abaa tienda online","og_description":"Descripci\u00f3n General:  Los dinam\u00f3metros equivalentes de la serie ESH fueron dise\u00f1ados para mediciones de alta aptitud. El dise\u00f1o de metal de su armaz\u00f3n y resortes de alta duraci\u00f3n resistir\u00e1n el ambiente demandante y el uso rudo de una planta manufacturera. Sus resortes de alta precisi\u00f3n sostendr\u00e1n su calibraci\u00f3n por bastante tiempo y aseguraran desenlaces enormemente fiables.  Caracter\u00edsticas:   Resistencia a la sobrecarga: 135% de la capacidad nominal del equipo.  Rango y Resoluci\u00f3n: 3,000 N (20 N).  Certificado de calibraci\u00f3n emitido por Laboratorio acreditado ante la norma ISO\/IEC 17025 disponible como servicio adicional, consulta nuestro equipo de venta.  Simple, robusto y virtualmente libre de mantenimiento.  Intr\u00ednsecamente seguro, no usa bater\u00edas.  Incluye: 5 Puntas de compresi\u00f3n, extensi\u00f3n de v\u00e1stago, gancho y certificado de calibraci\u00f3n emitido por el fabricante trazable al NIST.  Anillo de tara le permitir\u00e1 colocar la aguja de car\u00e1tula en la posici\u00f3n de cero para despreciar esfuerzos causados por los accesorios de tensi\u00f3n o compresi\u00f3n.  2 Modos de Medici\u00f3n: a) Tiempo real; b) Indicador de pico m\u00e1ximo.  Precisi\u00f3n: +\/- 0.5% de escala completa.","og_url":"https:\/\/abaa.mx\/tienda\/dinamometro-uso-rudo-serie-esh-psh-rango-100-hasta-300-kgf-esh-psh\/","og_site_name":"Abaa tienda online","article_modified_time":"2023-11-30T20:04:48+00:00","og_image":[{"width":599,"height":599,"url":"https:\/\/abaa.mx\/tienda\/wp-content\/uploads\/2023\/10\/IMADA-ESH-PSH.jpg","type":"image\/jpeg"}],"twitter_card":"summary_large_image","twitter_misc":{"Tiempo de lectura":"1 minuto"},"schema":{"@context":"https:\/\/schema.org","@graph":[{"@type":"WebPage","@id":"https:\/\/abaa.mx\/tienda\/dinamometro-uso-rudo-serie-esh-psh-rango-100-hasta-300-kgf-esh-psh\/","url":"https:\/\/abaa.mx\/tienda\/dinamometro-uso-rudo-serie-esh-psh-rango-100-hasta-300-kgf-esh-psh\/","name":"Dinam\u00f3metro Uso Rudo Serie ESH-PSH Rango 100 hasta 300 kgf -ESH - PSH - Abaa tienda online","isPartOf":{"@id":"https:\/\/abaa.mx\/tienda\/#website"},"primaryImageOfPage":{"@id":"https:\/\/abaa.mx\/tienda\/dinamometro-uso-rudo-serie-esh-psh-rango-100-hasta-300-kgf-esh-psh\/#primaryimage"},"image":{"@id":"https:\/\/abaa.mx\/tienda\/dinamometro-uso-rudo-serie-esh-psh-rango-100-hasta-300-kgf-esh-psh\/#primaryimage"},"thumbnailUrl":"https:\/\/abaa.mx\/tienda\/wp-content\/uploads\/2023\/10\/IMADA-ESH-PSH.jpg","datePublished":"2023-10-27T19:25:43+00:00","dateModified":"2023-11-30T20:04:48+00:00","breadcrumb":{"@id":"https:\/\/abaa.mx\/tienda\/dinamometro-uso-rudo-serie-esh-psh-rango-100-hasta-300-kgf-esh-psh\/#breadcrumb"},"inLanguage":"es","potentialAction":[{"@type":"ReadAction","target":["https:\/\/abaa.mx\/tienda\/dinamometro-uso-rudo-serie-esh-psh-rango-100-hasta-300-kgf-esh-psh\/"]}]},{"@type":"ImageObject","inLanguage":"es","@id":"https:\/\/abaa.mx\/tienda\/dinamometro-uso-rudo-serie-esh-psh-rango-100-hasta-300-kgf-esh-psh\/#primaryimage","url":"https:\/\/abaa.mx\/tienda\/wp-content\/uploads\/2023\/10\/IMADA-ESH-PSH.jpg","contentUrl":"https:\/\/abaa.mx\/tienda\/wp-content\/uploads\/2023\/10\/IMADA-ESH-PSH.jpg","width":599,"height":599,"caption":"IMADA-ESH-PSH"},{"@type":"BreadcrumbList","@id":"https:\/\/abaa.mx\/tienda\/dinamometro-uso-rudo-serie-esh-psh-rango-100-hasta-300-kgf-esh-psh\/#breadcrumb","itemListElement":[{"@type":"ListItem","position":1,"name":"Inicio","item":"https:\/\/abaa.mx\/tienda\/"},{"@type":"ListItem","position":2,"name":"Tienda","item":"https:\/\/abaa.mx\/tienda\/"},{"@type":"ListItem","position":3,"name":"Dinam\u00f3metro Uso Rudo Serie ESH-PSH Rango 100 hasta 300 kgf -ESH &#8211; PSH"}]},{"@type":"WebSite","@id":"https:\/\/abaa.mx\/tienda\/#website","url":"https:\/\/abaa.mx\/tienda\/","name":"Abaa tienda online","description":"Instrumentos de medici\u00f3n","publisher":{"@id":"https:\/\/abaa.mx\/tienda\/#organization"},"potentialAction":[{"@type":"SearchAction","target":{"@type":"EntryPoint","urlTemplate":"https:\/\/abaa.mx\/tienda\/?s={search_term_string}"},"query-input":{"@type":"PropertyValueSpecification","valueRequired":true,"valueName":"search_term_string"}}],"inLanguage":"es"},{"@type":"Organization","@id":"https:\/\/abaa.mx\/tienda\/#organization","name":"Abaa tienda online","url":"https:\/\/abaa.mx\/tienda\/","logo":{"@type":"ImageObject","inLanguage":"es","@id":"https:\/\/abaa.mx\/tienda\/#\/schema\/logo\/image\/","url":"https:\/\/abaa.mx\/tienda\/wp-content\/uploads\/2024\/01\/abaa-metrologia-tienda.png","contentUrl":"https:\/\/abaa.mx\/tienda\/wp-content\/uploads\/2024\/01\/abaa-metrologia-tienda.png","width":300,"height":141,"caption":"Abaa tienda online"},"image":{"@id":"https:\/\/abaa.mx\/tienda\/#\/schema\/logo\/image\/"}}]}},"_links":{"self":[{"href":"https:\/\/abaa.mx\/tienda\/wp-json\/wp\/v2\/product\/8107","targetHints":{"allow":["GET"]}}],"collection":[{"href":"https:\/\/abaa.mx\/tienda\/wp-json\/wp\/v2\/product"}],"about":[{"href":"https:\/\/abaa.mx\/tienda\/wp-json\/wp\/v2\/types\/product"}],"replies":[{"embeddable":true,"href":"https:\/\/abaa.mx\/tienda\/wp-json\/wp\/v2\/comments?post=8107"}],"wp:featuredmedia":[{"embeddable":true,"href":"https:\/\/abaa.mx\/tienda\/wp-json\/wp\/v2\/media\/8117"}],"wp:attachment":[{"href":"https:\/\/abaa.mx\/tienda\/wp-json\/wp\/v2\/media?parent=8107"}],"wp:term":[{"taxonomy":"product_brand","embeddable":true,"href":"https:\/\/abaa.mx\/tienda\/wp-json\/wp\/v2\/product_brand?post=8107"},{"taxonomy":"product_cat","embeddable":true,"href":"https:\/\/abaa.mx\/tienda\/wp-json\/wp\/v2\/product_cat?post=8107"},{"taxonomy":"product_tag","embeddable":true,"href":"https:\/\/abaa.mx\/tienda\/wp-json\/wp\/v2\/product_tag?post=8107"}],"curies":[{"name":"wp","href":"https:\/\/api.w.org\/{rel}","templated":true}]}}