{"id":8106,"date":"2023-10-27T19:11:34","date_gmt":"2023-10-27T19:11:34","guid":{"rendered":"https:\/\/abaa.mx\/tienda\/?post_type=product&#038;p=8106"},"modified":"2023-10-27T19:11:34","modified_gmt":"2023-10-27T19:11:34","slug":"base-motorizada-horizontal-275lbf-mh275","status":"publish","type":"product","link":"https:\/\/abaa.mx\/tienda\/base-motorizada-horizontal-275lbf-mh275\/","title":{"rendered":"Base Motorizada Horizontal 275lbf &#8211; MH275"},"content":{"rendered":"<p>Base Motorizada Horizontal 275lbf &#8211; MH275<\/p>\n","protected":false},"excerpt":{"rendered":"<p><b>Caracter\u00edsticas principales:<\/b><\/p>\n<p>Es compatible con todos los dinam\u00f3metros IMADA, para adaptar dinam\u00f3metros de otras marcas solicita a tu vendedor el adaptador de montaje IM-AP002 (se vende por separado). Velocidad de prueba ajustable, retorno r\u00e1pido y paro de emergencia. Tiene cuatro distintos modos de prueba: manual, ciclo de una vez, ciclo continuo por hasta 72 horas y modo con control de fuerza. En combinaci\u00f3n con un dinam\u00f3metro IM-ZTS y el cable de control de fuerza (opcional, no incluido) podr\u00e1 acceder al modo de control de fuerza que le permite hacer un paro autom\u00e1tico ayudando en el punto preestablecido af\u00edn de evitar la sobrecarga de sus equipos de medici\u00f3n durante la prueba. Puede acceder a diferentes modos de control de fuerza: el medidor se mover\u00e1 hacia arriba o hacia abajo hasta alcanzar el valor programado, otro modo desplazara el medidor de fuerza dentro del los limites m\u00e1ximo y m\u00ednimo programados.\u00a0<b>Aplicaciones:<\/b>\u00a0Pruebas mec\u00e1nicas destructivas, no destructivas. Pruebas de tensi\u00f3n, compresi\u00f3n, rasgado, resortes, desprendimiento, resistencia a la perforaci\u00f3n, pruebas de fatiga, elongaci\u00f3n, etc.\u00a0<b>Dimensiones y peso:<\/b>\u00a0700 x 210 x 195 mm, recorrido de carro para pruebas 285 mm\u00a0<b>Contenido de la Caja:<\/b>\u00a0Banco de pruebas, cable de corriente, instructivo.\u00a0<b>Rango:<\/b>\u00a0Puede aplicar esfuerzos de hasta 275 lbf, rango de velocidad ajustable 7.62 mm\/min &#8211; 177 mm\/min<\/p>\n","protected":false},"featured_media":8111,"comment_status":"open","ping_status":"closed","template":"","meta":{"_joinchat":[]},"product_brand":[],"product_cat":[92],"product_tag":[],"class_list":{"0":"post-8106","1":"product","2":"type-product","3":"status-publish","4":"has-post-thumbnail","6":"product_cat-dinamometros","8":"first","9":"instock","10":"shipping-taxable","11":"product-type-simple"},"yoast_head":"<!-- This site is optimized with the Yoast SEO plugin v26.4 - https:\/\/yoast.com\/wordpress\/plugins\/seo\/ -->\n<title>Base Motorizada Horizontal 275lbf - MH275 - Abaa tienda online<\/title>\n<meta name=\"robots\" content=\"index, follow, max-snippet:-1, max-image-preview:large, max-video-preview:-1\" \/>\n<link rel=\"canonical\" href=\"https:\/\/abaa.mx\/tienda\/base-motorizada-horizontal-275lbf-mh275\/\" \/>\n<meta property=\"og:locale\" content=\"es_MX\" \/>\n<meta property=\"og:type\" content=\"article\" \/>\n<meta property=\"og:title\" content=\"Base Motorizada Horizontal 275lbf - MH275 - Abaa tienda online\" \/>\n<meta property=\"og:description\" content=\"Caracter\u00edsticas principales:  Es compatible con todos los dinam\u00f3metros IMADA, para adaptar dinam\u00f3metros de otras marcas solicita a tu vendedor el adaptador de montaje IM-AP002 (se vende por separado). Velocidad de prueba ajustable, retorno r\u00e1pido y paro de emergencia. Tiene cuatro distintos modos de prueba: manual, ciclo de una vez, ciclo continuo por hasta 72 horas y modo con control de fuerza. En combinaci\u00f3n con un dinam\u00f3metro IM-ZTS y el cable de control de fuerza (opcional, no incluido) podr\u00e1 acceder al modo de control de fuerza que le permite hacer un paro autom\u00e1tico ayudando en el punto preestablecido af\u00edn de evitar la sobrecarga de sus equipos de medici\u00f3n durante la prueba. Puede acceder a diferentes modos de control de fuerza: el medidor se mover\u00e1 hacia arriba o hacia abajo hasta alcanzar el valor programado, otro modo desplazara el medidor de fuerza dentro del los limites m\u00e1ximo y m\u00ednimo programados.\u00a0Aplicaciones:\u00a0Pruebas mec\u00e1nicas destructivas, no destructivas. Pruebas de tensi\u00f3n, compresi\u00f3n, rasgado, resortes, desprendimiento, resistencia a la perforaci\u00f3n, pruebas de fatiga, elongaci\u00f3n, etc.\u00a0Dimensiones y peso:\u00a0700 x 210 x 195 mm, recorrido de carro para pruebas 285 mm\u00a0Contenido de la Caja:\u00a0Banco de pruebas, cable de corriente, instructivo.\u00a0Rango:\u00a0Puede aplicar esfuerzos de hasta 275 lbf, rango de velocidad ajustable 7.62 mm\/min - 177 mm\/min\" \/>\n<meta property=\"og:url\" content=\"https:\/\/abaa.mx\/tienda\/base-motorizada-horizontal-275lbf-mh275\/\" \/>\n<meta property=\"og:site_name\" content=\"Abaa tienda online\" \/>\n<meta property=\"og:image\" content=\"https:\/\/abaa.mx\/tienda\/wp-content\/uploads\/2023\/10\/IMADA-MH275.jpg\" \/>\n\t<meta property=\"og:image:width\" content=\"600\" \/>\n\t<meta property=\"og:image:height\" content=\"345\" \/>\n\t<meta property=\"og:image:type\" content=\"image\/jpeg\" \/>\n<meta name=\"twitter:card\" content=\"summary_large_image\" \/>\n<meta name=\"twitter:label1\" content=\"Tiempo de lectura\" \/>\n\t<meta name=\"twitter:data1\" content=\"1 minuto\" \/>\n<script type=\"application\/ld+json\" class=\"yoast-schema-graph\">{\"@context\":\"https:\/\/schema.org\",\"@graph\":[{\"@type\":\"WebPage\",\"@id\":\"https:\/\/abaa.mx\/tienda\/base-motorizada-horizontal-275lbf-mh275\/\",\"url\":\"https:\/\/abaa.mx\/tienda\/base-motorizada-horizontal-275lbf-mh275\/\",\"name\":\"Base Motorizada Horizontal 275lbf - MH275 - Abaa tienda online\",\"isPartOf\":{\"@id\":\"https:\/\/abaa.mx\/tienda\/#website\"},\"primaryImageOfPage\":{\"@id\":\"https:\/\/abaa.mx\/tienda\/base-motorizada-horizontal-275lbf-mh275\/#primaryimage\"},\"image\":{\"@id\":\"https:\/\/abaa.mx\/tienda\/base-motorizada-horizontal-275lbf-mh275\/#primaryimage\"},\"thumbnailUrl\":\"https:\/\/abaa.mx\/tienda\/wp-content\/uploads\/2023\/10\/IMADA-MH275.jpg\",\"datePublished\":\"2023-10-27T19:11:34+00:00\",\"breadcrumb\":{\"@id\":\"https:\/\/abaa.mx\/tienda\/base-motorizada-horizontal-275lbf-mh275\/#breadcrumb\"},\"inLanguage\":\"es\",\"potentialAction\":[{\"@type\":\"ReadAction\",\"target\":[\"https:\/\/abaa.mx\/tienda\/base-motorizada-horizontal-275lbf-mh275\/\"]}]},{\"@type\":\"ImageObject\",\"inLanguage\":\"es\",\"@id\":\"https:\/\/abaa.mx\/tienda\/base-motorizada-horizontal-275lbf-mh275\/#primaryimage\",\"url\":\"https:\/\/abaa.mx\/tienda\/wp-content\/uploads\/2023\/10\/IMADA-MH275.jpg\",\"contentUrl\":\"https:\/\/abaa.mx\/tienda\/wp-content\/uploads\/2023\/10\/IMADA-MH275.jpg\",\"width\":600,\"height\":345,\"caption\":\"IMADA-MH275\"},{\"@type\":\"BreadcrumbList\",\"@id\":\"https:\/\/abaa.mx\/tienda\/base-motorizada-horizontal-275lbf-mh275\/#breadcrumb\",\"itemListElement\":[{\"@type\":\"ListItem\",\"position\":1,\"name\":\"Inicio\",\"item\":\"https:\/\/abaa.mx\/tienda\/\"},{\"@type\":\"ListItem\",\"position\":2,\"name\":\"Tienda\",\"item\":\"https:\/\/abaa.mx\/tienda\/\"},{\"@type\":\"ListItem\",\"position\":3,\"name\":\"Base Motorizada Horizontal 275lbf &#8211; MH275\"}]},{\"@type\":\"WebSite\",\"@id\":\"https:\/\/abaa.mx\/tienda\/#website\",\"url\":\"https:\/\/abaa.mx\/tienda\/\",\"name\":\"Abaa tienda online\",\"description\":\"Instrumentos de medici\u00f3n\",\"publisher\":{\"@id\":\"https:\/\/abaa.mx\/tienda\/#organization\"},\"potentialAction\":[{\"@type\":\"SearchAction\",\"target\":{\"@type\":\"EntryPoint\",\"urlTemplate\":\"https:\/\/abaa.mx\/tienda\/?s={search_term_string}\"},\"query-input\":{\"@type\":\"PropertyValueSpecification\",\"valueRequired\":true,\"valueName\":\"search_term_string\"}}],\"inLanguage\":\"es\"},{\"@type\":\"Organization\",\"@id\":\"https:\/\/abaa.mx\/tienda\/#organization\",\"name\":\"Abaa tienda online\",\"url\":\"https:\/\/abaa.mx\/tienda\/\",\"logo\":{\"@type\":\"ImageObject\",\"inLanguage\":\"es\",\"@id\":\"https:\/\/abaa.mx\/tienda\/#\/schema\/logo\/image\/\",\"url\":\"https:\/\/abaa.mx\/tienda\/wp-content\/uploads\/2024\/01\/abaa-metrologia-tienda.png\",\"contentUrl\":\"https:\/\/abaa.mx\/tienda\/wp-content\/uploads\/2024\/01\/abaa-metrologia-tienda.png\",\"width\":300,\"height\":141,\"caption\":\"Abaa tienda online\"},\"image\":{\"@id\":\"https:\/\/abaa.mx\/tienda\/#\/schema\/logo\/image\/\"}}]}<\/script>\n<!-- \/ Yoast SEO plugin. -->","yoast_head_json":{"title":"Base Motorizada Horizontal 275lbf - MH275 - Abaa tienda online","robots":{"index":"index","follow":"follow","max-snippet":"max-snippet:-1","max-image-preview":"max-image-preview:large","max-video-preview":"max-video-preview:-1"},"canonical":"https:\/\/abaa.mx\/tienda\/base-motorizada-horizontal-275lbf-mh275\/","og_locale":"es_MX","og_type":"article","og_title":"Base Motorizada Horizontal 275lbf - MH275 - Abaa tienda online","og_description":"Caracter\u00edsticas principales:  Es compatible con todos los dinam\u00f3metros IMADA, para adaptar dinam\u00f3metros de otras marcas solicita a tu vendedor el adaptador de montaje IM-AP002 (se vende por separado). Velocidad de prueba ajustable, retorno r\u00e1pido y paro de emergencia. Tiene cuatro distintos modos de prueba: manual, ciclo de una vez, ciclo continuo por hasta 72 horas y modo con control de fuerza. En combinaci\u00f3n con un dinam\u00f3metro IM-ZTS y el cable de control de fuerza (opcional, no incluido) podr\u00e1 acceder al modo de control de fuerza que le permite hacer un paro autom\u00e1tico ayudando en el punto preestablecido af\u00edn de evitar la sobrecarga de sus equipos de medici\u00f3n durante la prueba. Puede acceder a diferentes modos de control de fuerza: el medidor se mover\u00e1 hacia arriba o hacia abajo hasta alcanzar el valor programado, otro modo desplazara el medidor de fuerza dentro del los limites m\u00e1ximo y m\u00ednimo programados.\u00a0Aplicaciones:\u00a0Pruebas mec\u00e1nicas destructivas, no destructivas. Pruebas de tensi\u00f3n, compresi\u00f3n, rasgado, resortes, desprendimiento, resistencia a la perforaci\u00f3n, pruebas de fatiga, elongaci\u00f3n, etc.\u00a0Dimensiones y peso:\u00a0700 x 210 x 195 mm, recorrido de carro para pruebas 285 mm\u00a0Contenido de la Caja:\u00a0Banco de pruebas, cable de corriente, instructivo.\u00a0Rango:\u00a0Puede aplicar esfuerzos de hasta 275 lbf, rango de velocidad ajustable 7.62 mm\/min - 177 mm\/min","og_url":"https:\/\/abaa.mx\/tienda\/base-motorizada-horizontal-275lbf-mh275\/","og_site_name":"Abaa tienda online","og_image":[{"width":600,"height":345,"url":"https:\/\/abaa.mx\/tienda\/wp-content\/uploads\/2023\/10\/IMADA-MH275.jpg","type":"image\/jpeg"}],"twitter_card":"summary_large_image","twitter_misc":{"Tiempo de lectura":"1 minuto"},"schema":{"@context":"https:\/\/schema.org","@graph":[{"@type":"WebPage","@id":"https:\/\/abaa.mx\/tienda\/base-motorizada-horizontal-275lbf-mh275\/","url":"https:\/\/abaa.mx\/tienda\/base-motorizada-horizontal-275lbf-mh275\/","name":"Base Motorizada Horizontal 275lbf - MH275 - Abaa tienda online","isPartOf":{"@id":"https:\/\/abaa.mx\/tienda\/#website"},"primaryImageOfPage":{"@id":"https:\/\/abaa.mx\/tienda\/base-motorizada-horizontal-275lbf-mh275\/#primaryimage"},"image":{"@id":"https:\/\/abaa.mx\/tienda\/base-motorizada-horizontal-275lbf-mh275\/#primaryimage"},"thumbnailUrl":"https:\/\/abaa.mx\/tienda\/wp-content\/uploads\/2023\/10\/IMADA-MH275.jpg","datePublished":"2023-10-27T19:11:34+00:00","breadcrumb":{"@id":"https:\/\/abaa.mx\/tienda\/base-motorizada-horizontal-275lbf-mh275\/#breadcrumb"},"inLanguage":"es","potentialAction":[{"@type":"ReadAction","target":["https:\/\/abaa.mx\/tienda\/base-motorizada-horizontal-275lbf-mh275\/"]}]},{"@type":"ImageObject","inLanguage":"es","@id":"https:\/\/abaa.mx\/tienda\/base-motorizada-horizontal-275lbf-mh275\/#primaryimage","url":"https:\/\/abaa.mx\/tienda\/wp-content\/uploads\/2023\/10\/IMADA-MH275.jpg","contentUrl":"https:\/\/abaa.mx\/tienda\/wp-content\/uploads\/2023\/10\/IMADA-MH275.jpg","width":600,"height":345,"caption":"IMADA-MH275"},{"@type":"BreadcrumbList","@id":"https:\/\/abaa.mx\/tienda\/base-motorizada-horizontal-275lbf-mh275\/#breadcrumb","itemListElement":[{"@type":"ListItem","position":1,"name":"Inicio","item":"https:\/\/abaa.mx\/tienda\/"},{"@type":"ListItem","position":2,"name":"Tienda","item":"https:\/\/abaa.mx\/tienda\/"},{"@type":"ListItem","position":3,"name":"Base Motorizada Horizontal 275lbf &#8211; MH275"}]},{"@type":"WebSite","@id":"https:\/\/abaa.mx\/tienda\/#website","url":"https:\/\/abaa.mx\/tienda\/","name":"Abaa tienda online","description":"Instrumentos de medici\u00f3n","publisher":{"@id":"https:\/\/abaa.mx\/tienda\/#organization"},"potentialAction":[{"@type":"SearchAction","target":{"@type":"EntryPoint","urlTemplate":"https:\/\/abaa.mx\/tienda\/?s={search_term_string}"},"query-input":{"@type":"PropertyValueSpecification","valueRequired":true,"valueName":"search_term_string"}}],"inLanguage":"es"},{"@type":"Organization","@id":"https:\/\/abaa.mx\/tienda\/#organization","name":"Abaa tienda online","url":"https:\/\/abaa.mx\/tienda\/","logo":{"@type":"ImageObject","inLanguage":"es","@id":"https:\/\/abaa.mx\/tienda\/#\/schema\/logo\/image\/","url":"https:\/\/abaa.mx\/tienda\/wp-content\/uploads\/2024\/01\/abaa-metrologia-tienda.png","contentUrl":"https:\/\/abaa.mx\/tienda\/wp-content\/uploads\/2024\/01\/abaa-metrologia-tienda.png","width":300,"height":141,"caption":"Abaa tienda online"},"image":{"@id":"https:\/\/abaa.mx\/tienda\/#\/schema\/logo\/image\/"}}]}},"_links":{"self":[{"href":"https:\/\/abaa.mx\/tienda\/wp-json\/wp\/v2\/product\/8106","targetHints":{"allow":["GET"]}}],"collection":[{"href":"https:\/\/abaa.mx\/tienda\/wp-json\/wp\/v2\/product"}],"about":[{"href":"https:\/\/abaa.mx\/tienda\/wp-json\/wp\/v2\/types\/product"}],"replies":[{"embeddable":true,"href":"https:\/\/abaa.mx\/tienda\/wp-json\/wp\/v2\/comments?post=8106"}],"wp:featuredmedia":[{"embeddable":true,"href":"https:\/\/abaa.mx\/tienda\/wp-json\/wp\/v2\/media\/8111"}],"wp:attachment":[{"href":"https:\/\/abaa.mx\/tienda\/wp-json\/wp\/v2\/media?parent=8106"}],"wp:term":[{"taxonomy":"product_brand","embeddable":true,"href":"https:\/\/abaa.mx\/tienda\/wp-json\/wp\/v2\/product_brand?post=8106"},{"taxonomy":"product_cat","embeddable":true,"href":"https:\/\/abaa.mx\/tienda\/wp-json\/wp\/v2\/product_cat?post=8106"},{"taxonomy":"product_tag","embeddable":true,"href":"https:\/\/abaa.mx\/tienda\/wp-json\/wp\/v2\/product_tag?post=8106"}],"curies":[{"name":"wp","href":"https:\/\/api.w.org\/{rel}","templated":true}]}}