{"id":8102,"date":"2023-10-27T17:58:09","date_gmt":"2023-10-27T17:58:09","guid":{"rendered":"https:\/\/abaa.mx\/tienda\/?post_type=product&#038;p=8102"},"modified":"2023-10-27T17:58:09","modified_gmt":"2023-10-27T17:58:09","slug":"base-manual-horizontal-palanca-nlh220","status":"publish","type":"product","link":"https:\/\/abaa.mx\/tienda\/base-manual-horizontal-palanca-nlh220\/","title":{"rendered":"Base Manual Horizontal Palanca &#8211; NLH220"},"content":{"rendered":"<p>Base Manual Horizontal Palanca &#8211; NLH220<\/p>\n","protected":false},"excerpt":{"rendered":"<p>Aplicaciones : Pruebas de tensi\u00f3n \/ compresi\u00f3n, pruebas de desprendimiento, pruebas fuerza\/tiempo, pruebas de adherencia, pruebas peeling, prueba de resortes, pruebas destructivas y no-destructoras , pruebas de fatiga, pruebas de elongaci\u00f3n, etc\u00e9tera. Dimensiones y peso: 170 x 268 x 680 mm, Paseo del carro de prueba: 2&#8243; (50 mm) Contenido de la Caja: Banco de prueba, manual de operaci\u00f3n. Rango: 220 lbf (100 kgf) Condiciones de Operaci\u00f3n: -5\u00ba hasta 40\u00baC.<\/p>\n<p><b>Caracter\u00edsticas NLH:<\/b><\/p>\n<ul>\n<li type=\"circle\">Pruebas de tensi\u00f3n y compresi\u00f3n<\/li>\n<li type=\"circle\">Posicionamiento horizontal es f\u00e1cil de controlar<\/li>\n<li type=\"circle\">La acci\u00f3n de la palanca permite realizar pruebas r\u00e1pidas<\/li>\n<li type=\"circle\">Amplio \u00e1rea de trabajo que acomoda una amplia variedad de muestras<\/li>\n<li type=\"circle\">Carrera 2 &#8220;<\/li>\n<li type=\"circle\">Carga m\u00e1xima 220 lbf (100 kgf)<\/li>\n<\/ul>\n","protected":false},"featured_media":8103,"comment_status":"open","ping_status":"closed","template":"","meta":{"_joinchat":[]},"product_brand":[],"product_cat":[92],"product_tag":[],"class_list":{"0":"post-8102","1":"product","2":"type-product","3":"status-publish","4":"has-post-thumbnail","6":"product_cat-dinamometros","8":"first","9":"instock","10":"shipping-taxable","11":"product-type-simple"},"yoast_head":"<!-- This site is optimized with the Yoast SEO plugin v26.4 - https:\/\/yoast.com\/wordpress\/plugins\/seo\/ -->\n<title>Base Manual Horizontal Palanca - NLH220 - Abaa tienda online<\/title>\n<meta name=\"robots\" content=\"index, follow, max-snippet:-1, max-image-preview:large, max-video-preview:-1\" \/>\n<link rel=\"canonical\" href=\"https:\/\/abaa.mx\/tienda\/base-manual-horizontal-palanca-nlh220\/\" \/>\n<meta property=\"og:locale\" content=\"es_MX\" \/>\n<meta property=\"og:type\" content=\"article\" \/>\n<meta property=\"og:title\" content=\"Base Manual Horizontal Palanca - NLH220 - Abaa tienda online\" \/>\n<meta property=\"og:description\" content=\"Aplicaciones : Pruebas de tensi\u00f3n \/ compresi\u00f3n, pruebas de desprendimiento, pruebas fuerza\/tiempo, pruebas de adherencia, pruebas peeling, prueba de resortes, pruebas destructivas y no-destructoras , pruebas de fatiga, pruebas de elongaci\u00f3n, etc\u00e9tera. Dimensiones y peso: 170 x 268 x 680 mm, Paseo del carro de prueba: 2&quot; (50 mm) Contenido de la Caja: Banco de prueba, manual de operaci\u00f3n. Rango: 220 lbf (100 kgf) Condiciones de Operaci\u00f3n: -5\u00ba hasta 40\u00baC.  Caracter\u00edsticas NLH:   Pruebas de tensi\u00f3n y compresi\u00f3n  Posicionamiento horizontal es f\u00e1cil de controlar  La acci\u00f3n de la palanca permite realizar pruebas r\u00e1pidas  Amplio \u00e1rea de trabajo que acomoda una amplia variedad de muestras  Carrera 2 &quot;  Carga m\u00e1xima 220 lbf (100 kgf)\" \/>\n<meta property=\"og:url\" content=\"https:\/\/abaa.mx\/tienda\/base-manual-horizontal-palanca-nlh220\/\" \/>\n<meta property=\"og:site_name\" content=\"Abaa tienda online\" \/>\n<meta property=\"og:image\" content=\"https:\/\/abaa.mx\/tienda\/wp-content\/uploads\/2023\/10\/IMADA-NLH220.jpg\" \/>\n\t<meta property=\"og:image:width\" content=\"500\" \/>\n\t<meta property=\"og:image:height\" content=\"500\" \/>\n\t<meta property=\"og:image:type\" content=\"image\/jpeg\" \/>\n<meta name=\"twitter:card\" content=\"summary_large_image\" \/>\n<meta name=\"twitter:label1\" content=\"Tiempo de lectura\" \/>\n\t<meta name=\"twitter:data1\" content=\"1 minuto\" \/>\n<script type=\"application\/ld+json\" class=\"yoast-schema-graph\">{\"@context\":\"https:\/\/schema.org\",\"@graph\":[{\"@type\":\"WebPage\",\"@id\":\"https:\/\/abaa.mx\/tienda\/base-manual-horizontal-palanca-nlh220\/\",\"url\":\"https:\/\/abaa.mx\/tienda\/base-manual-horizontal-palanca-nlh220\/\",\"name\":\"Base Manual Horizontal Palanca - NLH220 - Abaa tienda online\",\"isPartOf\":{\"@id\":\"https:\/\/abaa.mx\/tienda\/#website\"},\"primaryImageOfPage\":{\"@id\":\"https:\/\/abaa.mx\/tienda\/base-manual-horizontal-palanca-nlh220\/#primaryimage\"},\"image\":{\"@id\":\"https:\/\/abaa.mx\/tienda\/base-manual-horizontal-palanca-nlh220\/#primaryimage\"},\"thumbnailUrl\":\"https:\/\/abaa.mx\/tienda\/wp-content\/uploads\/2023\/10\/IMADA-NLH220.jpg\",\"datePublished\":\"2023-10-27T17:58:09+00:00\",\"breadcrumb\":{\"@id\":\"https:\/\/abaa.mx\/tienda\/base-manual-horizontal-palanca-nlh220\/#breadcrumb\"},\"inLanguage\":\"es\",\"potentialAction\":[{\"@type\":\"ReadAction\",\"target\":[\"https:\/\/abaa.mx\/tienda\/base-manual-horizontal-palanca-nlh220\/\"]}]},{\"@type\":\"ImageObject\",\"inLanguage\":\"es\",\"@id\":\"https:\/\/abaa.mx\/tienda\/base-manual-horizontal-palanca-nlh220\/#primaryimage\",\"url\":\"https:\/\/abaa.mx\/tienda\/wp-content\/uploads\/2023\/10\/IMADA-NLH220.jpg\",\"contentUrl\":\"https:\/\/abaa.mx\/tienda\/wp-content\/uploads\/2023\/10\/IMADA-NLH220.jpg\",\"width\":500,\"height\":500,\"caption\":\"IMADA-NLH220\"},{\"@type\":\"BreadcrumbList\",\"@id\":\"https:\/\/abaa.mx\/tienda\/base-manual-horizontal-palanca-nlh220\/#breadcrumb\",\"itemListElement\":[{\"@type\":\"ListItem\",\"position\":1,\"name\":\"Inicio\",\"item\":\"https:\/\/abaa.mx\/tienda\/\"},{\"@type\":\"ListItem\",\"position\":2,\"name\":\"Tienda\",\"item\":\"https:\/\/abaa.mx\/tienda\/\"},{\"@type\":\"ListItem\",\"position\":3,\"name\":\"Base Manual Horizontal Palanca &#8211; NLH220\"}]},{\"@type\":\"WebSite\",\"@id\":\"https:\/\/abaa.mx\/tienda\/#website\",\"url\":\"https:\/\/abaa.mx\/tienda\/\",\"name\":\"Abaa tienda online\",\"description\":\"Instrumentos de medici\u00f3n\",\"publisher\":{\"@id\":\"https:\/\/abaa.mx\/tienda\/#organization\"},\"potentialAction\":[{\"@type\":\"SearchAction\",\"target\":{\"@type\":\"EntryPoint\",\"urlTemplate\":\"https:\/\/abaa.mx\/tienda\/?s={search_term_string}\"},\"query-input\":{\"@type\":\"PropertyValueSpecification\",\"valueRequired\":true,\"valueName\":\"search_term_string\"}}],\"inLanguage\":\"es\"},{\"@type\":\"Organization\",\"@id\":\"https:\/\/abaa.mx\/tienda\/#organization\",\"name\":\"Abaa tienda online\",\"url\":\"https:\/\/abaa.mx\/tienda\/\",\"logo\":{\"@type\":\"ImageObject\",\"inLanguage\":\"es\",\"@id\":\"https:\/\/abaa.mx\/tienda\/#\/schema\/logo\/image\/\",\"url\":\"https:\/\/abaa.mx\/tienda\/wp-content\/uploads\/2024\/01\/abaa-metrologia-tienda.png\",\"contentUrl\":\"https:\/\/abaa.mx\/tienda\/wp-content\/uploads\/2024\/01\/abaa-metrologia-tienda.png\",\"width\":300,\"height\":141,\"caption\":\"Abaa tienda online\"},\"image\":{\"@id\":\"https:\/\/abaa.mx\/tienda\/#\/schema\/logo\/image\/\"}}]}<\/script>\n<!-- \/ Yoast SEO plugin. -->","yoast_head_json":{"title":"Base Manual Horizontal Palanca - NLH220 - Abaa tienda online","robots":{"index":"index","follow":"follow","max-snippet":"max-snippet:-1","max-image-preview":"max-image-preview:large","max-video-preview":"max-video-preview:-1"},"canonical":"https:\/\/abaa.mx\/tienda\/base-manual-horizontal-palanca-nlh220\/","og_locale":"es_MX","og_type":"article","og_title":"Base Manual Horizontal Palanca - NLH220 - Abaa tienda online","og_description":"Aplicaciones : Pruebas de tensi\u00f3n \/ compresi\u00f3n, pruebas de desprendimiento, pruebas fuerza\/tiempo, pruebas de adherencia, pruebas peeling, prueba de resortes, pruebas destructivas y no-destructoras , pruebas de fatiga, pruebas de elongaci\u00f3n, etc\u00e9tera. Dimensiones y peso: 170 x 268 x 680 mm, Paseo del carro de prueba: 2\" (50 mm) Contenido de la Caja: Banco de prueba, manual de operaci\u00f3n. Rango: 220 lbf (100 kgf) Condiciones de Operaci\u00f3n: -5\u00ba hasta 40\u00baC.  Caracter\u00edsticas NLH:   Pruebas de tensi\u00f3n y compresi\u00f3n  Posicionamiento horizontal es f\u00e1cil de controlar  La acci\u00f3n de la palanca permite realizar pruebas r\u00e1pidas  Amplio \u00e1rea de trabajo que acomoda una amplia variedad de muestras  Carrera 2 \"  Carga m\u00e1xima 220 lbf (100 kgf)","og_url":"https:\/\/abaa.mx\/tienda\/base-manual-horizontal-palanca-nlh220\/","og_site_name":"Abaa tienda online","og_image":[{"width":500,"height":500,"url":"https:\/\/abaa.mx\/tienda\/wp-content\/uploads\/2023\/10\/IMADA-NLH220.jpg","type":"image\/jpeg"}],"twitter_card":"summary_large_image","twitter_misc":{"Tiempo de lectura":"1 minuto"},"schema":{"@context":"https:\/\/schema.org","@graph":[{"@type":"WebPage","@id":"https:\/\/abaa.mx\/tienda\/base-manual-horizontal-palanca-nlh220\/","url":"https:\/\/abaa.mx\/tienda\/base-manual-horizontal-palanca-nlh220\/","name":"Base Manual Horizontal Palanca - NLH220 - Abaa tienda online","isPartOf":{"@id":"https:\/\/abaa.mx\/tienda\/#website"},"primaryImageOfPage":{"@id":"https:\/\/abaa.mx\/tienda\/base-manual-horizontal-palanca-nlh220\/#primaryimage"},"image":{"@id":"https:\/\/abaa.mx\/tienda\/base-manual-horizontal-palanca-nlh220\/#primaryimage"},"thumbnailUrl":"https:\/\/abaa.mx\/tienda\/wp-content\/uploads\/2023\/10\/IMADA-NLH220.jpg","datePublished":"2023-10-27T17:58:09+00:00","breadcrumb":{"@id":"https:\/\/abaa.mx\/tienda\/base-manual-horizontal-palanca-nlh220\/#breadcrumb"},"inLanguage":"es","potentialAction":[{"@type":"ReadAction","target":["https:\/\/abaa.mx\/tienda\/base-manual-horizontal-palanca-nlh220\/"]}]},{"@type":"ImageObject","inLanguage":"es","@id":"https:\/\/abaa.mx\/tienda\/base-manual-horizontal-palanca-nlh220\/#primaryimage","url":"https:\/\/abaa.mx\/tienda\/wp-content\/uploads\/2023\/10\/IMADA-NLH220.jpg","contentUrl":"https:\/\/abaa.mx\/tienda\/wp-content\/uploads\/2023\/10\/IMADA-NLH220.jpg","width":500,"height":500,"caption":"IMADA-NLH220"},{"@type":"BreadcrumbList","@id":"https:\/\/abaa.mx\/tienda\/base-manual-horizontal-palanca-nlh220\/#breadcrumb","itemListElement":[{"@type":"ListItem","position":1,"name":"Inicio","item":"https:\/\/abaa.mx\/tienda\/"},{"@type":"ListItem","position":2,"name":"Tienda","item":"https:\/\/abaa.mx\/tienda\/"},{"@type":"ListItem","position":3,"name":"Base Manual Horizontal Palanca &#8211; NLH220"}]},{"@type":"WebSite","@id":"https:\/\/abaa.mx\/tienda\/#website","url":"https:\/\/abaa.mx\/tienda\/","name":"Abaa tienda online","description":"Instrumentos de medici\u00f3n","publisher":{"@id":"https:\/\/abaa.mx\/tienda\/#organization"},"potentialAction":[{"@type":"SearchAction","target":{"@type":"EntryPoint","urlTemplate":"https:\/\/abaa.mx\/tienda\/?s={search_term_string}"},"query-input":{"@type":"PropertyValueSpecification","valueRequired":true,"valueName":"search_term_string"}}],"inLanguage":"es"},{"@type":"Organization","@id":"https:\/\/abaa.mx\/tienda\/#organization","name":"Abaa tienda online","url":"https:\/\/abaa.mx\/tienda\/","logo":{"@type":"ImageObject","inLanguage":"es","@id":"https:\/\/abaa.mx\/tienda\/#\/schema\/logo\/image\/","url":"https:\/\/abaa.mx\/tienda\/wp-content\/uploads\/2024\/01\/abaa-metrologia-tienda.png","contentUrl":"https:\/\/abaa.mx\/tienda\/wp-content\/uploads\/2024\/01\/abaa-metrologia-tienda.png","width":300,"height":141,"caption":"Abaa tienda online"},"image":{"@id":"https:\/\/abaa.mx\/tienda\/#\/schema\/logo\/image\/"}}]}},"_links":{"self":[{"href":"https:\/\/abaa.mx\/tienda\/wp-json\/wp\/v2\/product\/8102","targetHints":{"allow":["GET"]}}],"collection":[{"href":"https:\/\/abaa.mx\/tienda\/wp-json\/wp\/v2\/product"}],"about":[{"href":"https:\/\/abaa.mx\/tienda\/wp-json\/wp\/v2\/types\/product"}],"replies":[{"embeddable":true,"href":"https:\/\/abaa.mx\/tienda\/wp-json\/wp\/v2\/comments?post=8102"}],"wp:featuredmedia":[{"embeddable":true,"href":"https:\/\/abaa.mx\/tienda\/wp-json\/wp\/v2\/media\/8103"}],"wp:attachment":[{"href":"https:\/\/abaa.mx\/tienda\/wp-json\/wp\/v2\/media?parent=8102"}],"wp:term":[{"taxonomy":"product_brand","embeddable":true,"href":"https:\/\/abaa.mx\/tienda\/wp-json\/wp\/v2\/product_brand?post=8102"},{"taxonomy":"product_cat","embeddable":true,"href":"https:\/\/abaa.mx\/tienda\/wp-json\/wp\/v2\/product_cat?post=8102"},{"taxonomy":"product_tag","embeddable":true,"href":"https:\/\/abaa.mx\/tienda\/wp-json\/wp\/v2\/product_tag?post=8102"}],"curies":[{"name":"wp","href":"https:\/\/api.w.org\/{rel}","templated":true}]}}