{"id":8099,"date":"2023-10-27T17:52:34","date_gmt":"2023-10-27T17:52:34","guid":{"rendered":"https:\/\/abaa.mx\/tienda\/?post_type=product&#038;p=8099"},"modified":"2023-10-27T17:52:34","modified_gmt":"2023-10-27T17:52:34","slug":"base-manual-vertical-manivela-hv110","status":"publish","type":"product","link":"https:\/\/abaa.mx\/tienda\/base-manual-vertical-manivela-hv110\/","title":{"rendered":"Base Manual Vertical Manivela &#8211; HV110"},"content":{"rendered":"<p>Base Manual Vertical Manivela &#8211; HV110<\/p>\n","protected":false},"excerpt":{"rendered":"<p>Los soportes de prueba de medici\u00f3n de fuerza de la rueda vertical de la serie HV muestran un dise\u00f1o compacto con varios rangos, hasta 750 lbf de capacidad. La rueda de mano proporciona un movimiento exacto que es perfecto para la medici\u00f3n de fuerza que necesita una velocidad parcialmente constante y un control de calibre m\u00e1ximo. El dise\u00f1o de cremallera y pi\u00f1\u00f3n deja que el man\u00f3metro contin\u00fae inm\u00f3vil cuando se libera la rueda. La serie HV es muy simple de emplear. Cada rotaci\u00f3n de la rueda va a mover el carro del soporte de prueba ~ 2mm.<\/p>\n<p>Para datos sobre la carrera y la distancia, haga clic en la pesta\u00f1a de informaciones. A\u00f1ada una placa de montaje est\u00e1ndar en la base, para fijar una pluralidad de accesorios de agarre.<\/p>\n<p>Los aguantes de prueba de la serie HV tienen la posibilidad de ordenar cualquiera de los medidores de fuerza de la gama est\u00e1ndar Imada. El soporte de aptitud de 750 lbf acomoda calibradores de fuerza Imada de alta aptitud. La Placa Adaptadora AP-002 est\u00e1 libre para montar la mayor\u00eda de los indicadores de fuerza a los soportes de prueba de Imada.<\/p>\n<p>Un medidor de distancia digital opcional est\u00e1 disponible en todos y cada uno de los modelos (a\u00f1ada -S al n\u00famero de modelo).<\/p>\n<p>Hay variaciones de columnas largas para HV-110 y HV-220 (a\u00f1ada -L al n\u00famero de modelo).<\/p>\n<p>El programa est\u00e1 libre para recolectar datos de fuerza y ??distancia desde el medidor de fuerza y ??el medidor de distancia (fuerza vs. distancia).<\/p>\n","protected":false},"featured_media":8101,"comment_status":"open","ping_status":"closed","template":"","meta":{"_joinchat":[]},"product_brand":[],"product_cat":[92],"product_tag":[],"class_list":{"0":"post-8099","1":"product","2":"type-product","3":"status-publish","4":"has-post-thumbnail","6":"product_cat-dinamometros","8":"first","9":"instock","10":"shipping-taxable","11":"product-type-simple"},"yoast_head":"<!-- This site is optimized with the Yoast SEO plugin v26.4 - https:\/\/yoast.com\/wordpress\/plugins\/seo\/ -->\n<title>Base Manual Vertical Manivela - HV110 - Abaa tienda online<\/title>\n<meta name=\"robots\" content=\"index, follow, max-snippet:-1, max-image-preview:large, max-video-preview:-1\" \/>\n<link rel=\"canonical\" href=\"https:\/\/abaa.mx\/tienda\/base-manual-vertical-manivela-hv110\/\" \/>\n<meta property=\"og:locale\" content=\"es_MX\" \/>\n<meta property=\"og:type\" content=\"article\" \/>\n<meta property=\"og:title\" content=\"Base Manual Vertical Manivela - HV110 - Abaa tienda online\" \/>\n<meta property=\"og:description\" content=\"Los soportes de prueba de medici\u00f3n de fuerza de la rueda vertical de la serie HV muestran un dise\u00f1o compacto con varios rangos, hasta 750 lbf de capacidad. La rueda de mano proporciona un movimiento exacto que es perfecto para la medici\u00f3n de fuerza que necesita una velocidad parcialmente constante y un control de calibre m\u00e1ximo. El dise\u00f1o de cremallera y pi\u00f1\u00f3n deja que el man\u00f3metro contin\u00fae inm\u00f3vil cuando se libera la rueda. La serie HV es muy simple de emplear. Cada rotaci\u00f3n de la rueda va a mover el carro del soporte de prueba ~ 2mm.  Para datos sobre la carrera y la distancia, haga clic en la pesta\u00f1a de informaciones. A\u00f1ada una placa de montaje est\u00e1ndar en la base, para fijar una pluralidad de accesorios de agarre.  Los aguantes de prueba de la serie HV tienen la posibilidad de ordenar cualquiera de los medidores de fuerza de la gama est\u00e1ndar Imada. El soporte de aptitud de 750 lbf acomoda calibradores de fuerza Imada de alta aptitud. La Placa Adaptadora AP-002 est\u00e1 libre para montar la mayor\u00eda de los indicadores de fuerza a los soportes de prueba de Imada.  Un medidor de distancia digital opcional est\u00e1 disponible en todos y cada uno de los modelos (a\u00f1ada -S al n\u00famero de modelo).  Hay variaciones de columnas largas para HV-110 y HV-220 (a\u00f1ada -L al n\u00famero de modelo).  El programa est\u00e1 libre para recolectar datos de fuerza y ??distancia desde el medidor de fuerza y ??el medidor de distancia (fuerza vs. distancia).\" \/>\n<meta property=\"og:url\" content=\"https:\/\/abaa.mx\/tienda\/base-manual-vertical-manivela-hv110\/\" \/>\n<meta property=\"og:site_name\" content=\"Abaa tienda online\" \/>\n<meta property=\"og:image\" content=\"https:\/\/abaa.mx\/tienda\/wp-content\/uploads\/2023\/10\/IMADA-HV110-1.jpg\" \/>\n\t<meta property=\"og:image:width\" content=\"479\" \/>\n\t<meta property=\"og:image:height\" content=\"504\" \/>\n\t<meta property=\"og:image:type\" content=\"image\/jpeg\" \/>\n<meta name=\"twitter:card\" content=\"summary_large_image\" \/>\n<meta name=\"twitter:label1\" content=\"Tiempo de lectura\" \/>\n\t<meta name=\"twitter:data1\" content=\"1 minuto\" \/>\n<script type=\"application\/ld+json\" class=\"yoast-schema-graph\">{\"@context\":\"https:\/\/schema.org\",\"@graph\":[{\"@type\":\"WebPage\",\"@id\":\"https:\/\/abaa.mx\/tienda\/base-manual-vertical-manivela-hv110\/\",\"url\":\"https:\/\/abaa.mx\/tienda\/base-manual-vertical-manivela-hv110\/\",\"name\":\"Base Manual Vertical Manivela - HV110 - Abaa tienda online\",\"isPartOf\":{\"@id\":\"https:\/\/abaa.mx\/tienda\/#website\"},\"primaryImageOfPage\":{\"@id\":\"https:\/\/abaa.mx\/tienda\/base-manual-vertical-manivela-hv110\/#primaryimage\"},\"image\":{\"@id\":\"https:\/\/abaa.mx\/tienda\/base-manual-vertical-manivela-hv110\/#primaryimage\"},\"thumbnailUrl\":\"https:\/\/abaa.mx\/tienda\/wp-content\/uploads\/2023\/10\/IMADA-HV110-1.jpg\",\"datePublished\":\"2023-10-27T17:52:34+00:00\",\"breadcrumb\":{\"@id\":\"https:\/\/abaa.mx\/tienda\/base-manual-vertical-manivela-hv110\/#breadcrumb\"},\"inLanguage\":\"es\",\"potentialAction\":[{\"@type\":\"ReadAction\",\"target\":[\"https:\/\/abaa.mx\/tienda\/base-manual-vertical-manivela-hv110\/\"]}]},{\"@type\":\"ImageObject\",\"inLanguage\":\"es\",\"@id\":\"https:\/\/abaa.mx\/tienda\/base-manual-vertical-manivela-hv110\/#primaryimage\",\"url\":\"https:\/\/abaa.mx\/tienda\/wp-content\/uploads\/2023\/10\/IMADA-HV110-1.jpg\",\"contentUrl\":\"https:\/\/abaa.mx\/tienda\/wp-content\/uploads\/2023\/10\/IMADA-HV110-1.jpg\",\"width\":479,\"height\":504,\"caption\":\"IMADA-HV110\"},{\"@type\":\"BreadcrumbList\",\"@id\":\"https:\/\/abaa.mx\/tienda\/base-manual-vertical-manivela-hv110\/#breadcrumb\",\"itemListElement\":[{\"@type\":\"ListItem\",\"position\":1,\"name\":\"Inicio\",\"item\":\"https:\/\/abaa.mx\/tienda\/\"},{\"@type\":\"ListItem\",\"position\":2,\"name\":\"Tienda\",\"item\":\"https:\/\/abaa.mx\/tienda\/\"},{\"@type\":\"ListItem\",\"position\":3,\"name\":\"Base Manual Vertical Manivela &#8211; HV110\"}]},{\"@type\":\"WebSite\",\"@id\":\"https:\/\/abaa.mx\/tienda\/#website\",\"url\":\"https:\/\/abaa.mx\/tienda\/\",\"name\":\"Abaa tienda online\",\"description\":\"Instrumentos de medici\u00f3n\",\"publisher\":{\"@id\":\"https:\/\/abaa.mx\/tienda\/#organization\"},\"potentialAction\":[{\"@type\":\"SearchAction\",\"target\":{\"@type\":\"EntryPoint\",\"urlTemplate\":\"https:\/\/abaa.mx\/tienda\/?s={search_term_string}\"},\"query-input\":{\"@type\":\"PropertyValueSpecification\",\"valueRequired\":true,\"valueName\":\"search_term_string\"}}],\"inLanguage\":\"es\"},{\"@type\":\"Organization\",\"@id\":\"https:\/\/abaa.mx\/tienda\/#organization\",\"name\":\"Abaa tienda online\",\"url\":\"https:\/\/abaa.mx\/tienda\/\",\"logo\":{\"@type\":\"ImageObject\",\"inLanguage\":\"es\",\"@id\":\"https:\/\/abaa.mx\/tienda\/#\/schema\/logo\/image\/\",\"url\":\"https:\/\/abaa.mx\/tienda\/wp-content\/uploads\/2024\/01\/abaa-metrologia-tienda.png\",\"contentUrl\":\"https:\/\/abaa.mx\/tienda\/wp-content\/uploads\/2024\/01\/abaa-metrologia-tienda.png\",\"width\":300,\"height\":141,\"caption\":\"Abaa tienda online\"},\"image\":{\"@id\":\"https:\/\/abaa.mx\/tienda\/#\/schema\/logo\/image\/\"}}]}<\/script>\n<!-- \/ Yoast SEO plugin. -->","yoast_head_json":{"title":"Base Manual Vertical Manivela - HV110 - Abaa tienda online","robots":{"index":"index","follow":"follow","max-snippet":"max-snippet:-1","max-image-preview":"max-image-preview:large","max-video-preview":"max-video-preview:-1"},"canonical":"https:\/\/abaa.mx\/tienda\/base-manual-vertical-manivela-hv110\/","og_locale":"es_MX","og_type":"article","og_title":"Base Manual Vertical Manivela - HV110 - Abaa tienda online","og_description":"Los soportes de prueba de medici\u00f3n de fuerza de la rueda vertical de la serie HV muestran un dise\u00f1o compacto con varios rangos, hasta 750 lbf de capacidad. La rueda de mano proporciona un movimiento exacto que es perfecto para la medici\u00f3n de fuerza que necesita una velocidad parcialmente constante y un control de calibre m\u00e1ximo. El dise\u00f1o de cremallera y pi\u00f1\u00f3n deja que el man\u00f3metro contin\u00fae inm\u00f3vil cuando se libera la rueda. La serie HV es muy simple de emplear. Cada rotaci\u00f3n de la rueda va a mover el carro del soporte de prueba ~ 2mm.  Para datos sobre la carrera y la distancia, haga clic en la pesta\u00f1a de informaciones. A\u00f1ada una placa de montaje est\u00e1ndar en la base, para fijar una pluralidad de accesorios de agarre.  Los aguantes de prueba de la serie HV tienen la posibilidad de ordenar cualquiera de los medidores de fuerza de la gama est\u00e1ndar Imada. El soporte de aptitud de 750 lbf acomoda calibradores de fuerza Imada de alta aptitud. La Placa Adaptadora AP-002 est\u00e1 libre para montar la mayor\u00eda de los indicadores de fuerza a los soportes de prueba de Imada.  Un medidor de distancia digital opcional est\u00e1 disponible en todos y cada uno de los modelos (a\u00f1ada -S al n\u00famero de modelo).  Hay variaciones de columnas largas para HV-110 y HV-220 (a\u00f1ada -L al n\u00famero de modelo).  El programa est\u00e1 libre para recolectar datos de fuerza y ??distancia desde el medidor de fuerza y ??el medidor de distancia (fuerza vs. distancia).","og_url":"https:\/\/abaa.mx\/tienda\/base-manual-vertical-manivela-hv110\/","og_site_name":"Abaa tienda online","og_image":[{"width":479,"height":504,"url":"https:\/\/abaa.mx\/tienda\/wp-content\/uploads\/2023\/10\/IMADA-HV110-1.jpg","type":"image\/jpeg"}],"twitter_card":"summary_large_image","twitter_misc":{"Tiempo de lectura":"1 minuto"},"schema":{"@context":"https:\/\/schema.org","@graph":[{"@type":"WebPage","@id":"https:\/\/abaa.mx\/tienda\/base-manual-vertical-manivela-hv110\/","url":"https:\/\/abaa.mx\/tienda\/base-manual-vertical-manivela-hv110\/","name":"Base Manual Vertical Manivela - HV110 - Abaa tienda online","isPartOf":{"@id":"https:\/\/abaa.mx\/tienda\/#website"},"primaryImageOfPage":{"@id":"https:\/\/abaa.mx\/tienda\/base-manual-vertical-manivela-hv110\/#primaryimage"},"image":{"@id":"https:\/\/abaa.mx\/tienda\/base-manual-vertical-manivela-hv110\/#primaryimage"},"thumbnailUrl":"https:\/\/abaa.mx\/tienda\/wp-content\/uploads\/2023\/10\/IMADA-HV110-1.jpg","datePublished":"2023-10-27T17:52:34+00:00","breadcrumb":{"@id":"https:\/\/abaa.mx\/tienda\/base-manual-vertical-manivela-hv110\/#breadcrumb"},"inLanguage":"es","potentialAction":[{"@type":"ReadAction","target":["https:\/\/abaa.mx\/tienda\/base-manual-vertical-manivela-hv110\/"]}]},{"@type":"ImageObject","inLanguage":"es","@id":"https:\/\/abaa.mx\/tienda\/base-manual-vertical-manivela-hv110\/#primaryimage","url":"https:\/\/abaa.mx\/tienda\/wp-content\/uploads\/2023\/10\/IMADA-HV110-1.jpg","contentUrl":"https:\/\/abaa.mx\/tienda\/wp-content\/uploads\/2023\/10\/IMADA-HV110-1.jpg","width":479,"height":504,"caption":"IMADA-HV110"},{"@type":"BreadcrumbList","@id":"https:\/\/abaa.mx\/tienda\/base-manual-vertical-manivela-hv110\/#breadcrumb","itemListElement":[{"@type":"ListItem","position":1,"name":"Inicio","item":"https:\/\/abaa.mx\/tienda\/"},{"@type":"ListItem","position":2,"name":"Tienda","item":"https:\/\/abaa.mx\/tienda\/"},{"@type":"ListItem","position":3,"name":"Base Manual Vertical Manivela &#8211; HV110"}]},{"@type":"WebSite","@id":"https:\/\/abaa.mx\/tienda\/#website","url":"https:\/\/abaa.mx\/tienda\/","name":"Abaa tienda online","description":"Instrumentos de medici\u00f3n","publisher":{"@id":"https:\/\/abaa.mx\/tienda\/#organization"},"potentialAction":[{"@type":"SearchAction","target":{"@type":"EntryPoint","urlTemplate":"https:\/\/abaa.mx\/tienda\/?s={search_term_string}"},"query-input":{"@type":"PropertyValueSpecification","valueRequired":true,"valueName":"search_term_string"}}],"inLanguage":"es"},{"@type":"Organization","@id":"https:\/\/abaa.mx\/tienda\/#organization","name":"Abaa tienda online","url":"https:\/\/abaa.mx\/tienda\/","logo":{"@type":"ImageObject","inLanguage":"es","@id":"https:\/\/abaa.mx\/tienda\/#\/schema\/logo\/image\/","url":"https:\/\/abaa.mx\/tienda\/wp-content\/uploads\/2024\/01\/abaa-metrologia-tienda.png","contentUrl":"https:\/\/abaa.mx\/tienda\/wp-content\/uploads\/2024\/01\/abaa-metrologia-tienda.png","width":300,"height":141,"caption":"Abaa tienda online"},"image":{"@id":"https:\/\/abaa.mx\/tienda\/#\/schema\/logo\/image\/"}}]}},"_links":{"self":[{"href":"https:\/\/abaa.mx\/tienda\/wp-json\/wp\/v2\/product\/8099","targetHints":{"allow":["GET"]}}],"collection":[{"href":"https:\/\/abaa.mx\/tienda\/wp-json\/wp\/v2\/product"}],"about":[{"href":"https:\/\/abaa.mx\/tienda\/wp-json\/wp\/v2\/types\/product"}],"replies":[{"embeddable":true,"href":"https:\/\/abaa.mx\/tienda\/wp-json\/wp\/v2\/comments?post=8099"}],"wp:featuredmedia":[{"embeddable":true,"href":"https:\/\/abaa.mx\/tienda\/wp-json\/wp\/v2\/media\/8101"}],"wp:attachment":[{"href":"https:\/\/abaa.mx\/tienda\/wp-json\/wp\/v2\/media?parent=8099"}],"wp:term":[{"taxonomy":"product_brand","embeddable":true,"href":"https:\/\/abaa.mx\/tienda\/wp-json\/wp\/v2\/product_brand?post=8099"},{"taxonomy":"product_cat","embeddable":true,"href":"https:\/\/abaa.mx\/tienda\/wp-json\/wp\/v2\/product_cat?post=8099"},{"taxonomy":"product_tag","embeddable":true,"href":"https:\/\/abaa.mx\/tienda\/wp-json\/wp\/v2\/product_tag?post=8099"}],"curies":[{"name":"wp","href":"https:\/\/api.w.org\/{rel}","templated":true}]}}