{"id":8097,"date":"2023-10-27T17:36:43","date_gmt":"2023-10-27T17:36:43","guid":{"rendered":"https:\/\/abaa.mx\/tienda\/?post_type=product&#038;p=8097"},"modified":"2023-10-27T17:36:44","modified_gmt":"2023-10-27T17:36:44","slug":"base-manual-compresion-vert-de-palanca-nlv220c","status":"publish","type":"product","link":"https:\/\/abaa.mx\/tienda\/base-manual-compresion-vert-de-palanca-nlv220c\/","title":{"rendered":"Base Manual Compresi\u00f3n, Vert. de Palanca &#8211; NLV220C"},"content":{"rendered":"<p>Base Manual Compresi\u00f3n, Vert. de Palanca &#8211; NLV220C<\/p>\n","protected":false},"excerpt":{"rendered":"<p><b>Caracter\u00edsticas principales:<\/b><\/p>\n<p>Accione la palanca en una sola direcci\u00f3n para conseguir la fuerza de compresi\u00f3n. Al liberar la palanca, el banco regresa al punto de inicio con el apoyo de un resorte de retorno. El banco de prueba funciona con cualquiera de los dinam\u00f3metros IMADA. La placa de montaje IM-AP02 (se vende por separado ) le permitir\u00e1 montar dinam\u00f3metros de otras fabricantes en el banco de pruebas. La placa de montaje y extensi\u00f3n IM-AP05 (se vende por separado ) le permitir? incrementar 5&#8243; (125 mm) el espacio para colocar muestras. Esta construida en Metal fuerte , va a poder emplear la placa de la base como soporte o explotar las dos perforaciones con roscado M8 par poner diversos accesorios de sujeci\u00f3n. Va a poder definir los limites de paseo de la prueba con el m\u00e1ximo mec\u00e1nico que viene dentro en la base de pruebas. Apps : Pruebas de tensi\u00f3n \/ compresi\u00f3n, pruebas de desprendimiento, pruebas fuerza\/tiempo, pruebas de adherencia, pruebas peeling, prueba de resortes, pruebas destructoras y no-destructoras , pruebas de fatiga, pruebas de elongaci\u00f3n, etc. Dimensiones y peso: 170 x 268 x 680 mm, Recorrido del carro de prueba: 2&#8243; (50 mm), espacio para colocar muestras 9&#8243; (228 mm) Contenido de la Caja: Banco de prueba, Palanca, manual de operaci\u00f3n. Condiciones de Operaci\u00f3n: -5\u00b0 hasta 40\u00b0C.<\/p>\n","protected":false},"featured_media":8098,"comment_status":"open","ping_status":"closed","template":"","meta":{"_joinchat":[]},"product_brand":[],"product_cat":[92],"product_tag":[],"class_list":{"0":"post-8097","1":"product","2":"type-product","3":"status-publish","4":"has-post-thumbnail","6":"product_cat-dinamometros","8":"first","9":"instock","10":"shipping-taxable","11":"product-type-simple"},"yoast_head":"<!-- This site is optimized with the Yoast SEO plugin v26.4 - https:\/\/yoast.com\/wordpress\/plugins\/seo\/ -->\n<title>Base Manual Compresi\u00f3n, Vert. de Palanca - NLV220C - Abaa tienda online<\/title>\n<meta name=\"robots\" content=\"index, follow, max-snippet:-1, max-image-preview:large, max-video-preview:-1\" \/>\n<link rel=\"canonical\" href=\"https:\/\/abaa.mx\/tienda\/base-manual-compresion-vert-de-palanca-nlv220c\/\" \/>\n<meta property=\"og:locale\" content=\"es_MX\" \/>\n<meta property=\"og:type\" content=\"article\" \/>\n<meta property=\"og:title\" content=\"Base Manual Compresi\u00f3n, Vert. de Palanca - NLV220C - Abaa tienda online\" \/>\n<meta property=\"og:description\" content=\"Caracter\u00edsticas principales:  Accione la palanca en una sola direcci\u00f3n para conseguir la fuerza de compresi\u00f3n. Al liberar la palanca, el banco regresa al punto de inicio con el apoyo de un resorte de retorno. El banco de prueba funciona con cualquiera de los dinam\u00f3metros IMADA. La placa de montaje IM-AP02 (se vende por separado ) le permitir\u00e1 montar dinam\u00f3metros de otras fabricantes en el banco de pruebas. La placa de montaje y extensi\u00f3n IM-AP05 (se vende por separado ) le permitir? incrementar 5&quot; (125 mm) el espacio para colocar muestras. Esta construida en Metal fuerte , va a poder emplear la placa de la base como soporte o explotar las dos perforaciones con roscado M8 par poner diversos accesorios de sujeci\u00f3n. Va a poder definir los limites de paseo de la prueba con el m\u00e1ximo mec\u00e1nico que viene dentro en la base de pruebas. Apps : Pruebas de tensi\u00f3n \/ compresi\u00f3n, pruebas de desprendimiento, pruebas fuerza\/tiempo, pruebas de adherencia, pruebas peeling, prueba de resortes, pruebas destructoras y no-destructoras , pruebas de fatiga, pruebas de elongaci\u00f3n, etc. Dimensiones y peso: 170 x 268 x 680 mm, Recorrido del carro de prueba: 2&quot; (50 mm), espacio para colocar muestras 9&quot; (228 mm) Contenido de la Caja: Banco de prueba, Palanca, manual de operaci\u00f3n. Condiciones de Operaci\u00f3n: -5\u00b0 hasta 40\u00b0C.\" \/>\n<meta property=\"og:url\" content=\"https:\/\/abaa.mx\/tienda\/base-manual-compresion-vert-de-palanca-nlv220c\/\" \/>\n<meta property=\"og:site_name\" content=\"Abaa tienda online\" \/>\n<meta property=\"article:modified_time\" content=\"2023-10-27T17:36:44+00:00\" \/>\n<meta property=\"og:image\" content=\"https:\/\/abaa.mx\/tienda\/wp-content\/uploads\/2023\/10\/IMADA-NLV220C.jpg\" \/>\n\t<meta property=\"og:image:width\" content=\"863\" \/>\n\t<meta property=\"og:image:height\" content=\"584\" \/>\n\t<meta property=\"og:image:type\" content=\"image\/jpeg\" \/>\n<meta name=\"twitter:card\" content=\"summary_large_image\" \/>\n<meta name=\"twitter:label1\" content=\"Tiempo de lectura\" \/>\n\t<meta name=\"twitter:data1\" content=\"1 minuto\" \/>\n<script type=\"application\/ld+json\" class=\"yoast-schema-graph\">{\"@context\":\"https:\/\/schema.org\",\"@graph\":[{\"@type\":\"WebPage\",\"@id\":\"https:\/\/abaa.mx\/tienda\/base-manual-compresion-vert-de-palanca-nlv220c\/\",\"url\":\"https:\/\/abaa.mx\/tienda\/base-manual-compresion-vert-de-palanca-nlv220c\/\",\"name\":\"Base Manual Compresi\u00f3n, Vert. de Palanca - NLV220C - Abaa tienda online\",\"isPartOf\":{\"@id\":\"https:\/\/abaa.mx\/tienda\/#website\"},\"primaryImageOfPage\":{\"@id\":\"https:\/\/abaa.mx\/tienda\/base-manual-compresion-vert-de-palanca-nlv220c\/#primaryimage\"},\"image\":{\"@id\":\"https:\/\/abaa.mx\/tienda\/base-manual-compresion-vert-de-palanca-nlv220c\/#primaryimage\"},\"thumbnailUrl\":\"https:\/\/abaa.mx\/tienda\/wp-content\/uploads\/2023\/10\/IMADA-NLV220C.jpg\",\"datePublished\":\"2023-10-27T17:36:43+00:00\",\"dateModified\":\"2023-10-27T17:36:44+00:00\",\"breadcrumb\":{\"@id\":\"https:\/\/abaa.mx\/tienda\/base-manual-compresion-vert-de-palanca-nlv220c\/#breadcrumb\"},\"inLanguage\":\"es\",\"potentialAction\":[{\"@type\":\"ReadAction\",\"target\":[\"https:\/\/abaa.mx\/tienda\/base-manual-compresion-vert-de-palanca-nlv220c\/\"]}]},{\"@type\":\"ImageObject\",\"inLanguage\":\"es\",\"@id\":\"https:\/\/abaa.mx\/tienda\/base-manual-compresion-vert-de-palanca-nlv220c\/#primaryimage\",\"url\":\"https:\/\/abaa.mx\/tienda\/wp-content\/uploads\/2023\/10\/IMADA-NLV220C.jpg\",\"contentUrl\":\"https:\/\/abaa.mx\/tienda\/wp-content\/uploads\/2023\/10\/IMADA-NLV220C.jpg\",\"width\":863,\"height\":584,\"caption\":\"IMADA-NLV220C\"},{\"@type\":\"BreadcrumbList\",\"@id\":\"https:\/\/abaa.mx\/tienda\/base-manual-compresion-vert-de-palanca-nlv220c\/#breadcrumb\",\"itemListElement\":[{\"@type\":\"ListItem\",\"position\":1,\"name\":\"Inicio\",\"item\":\"https:\/\/abaa.mx\/tienda\/\"},{\"@type\":\"ListItem\",\"position\":2,\"name\":\"Tienda\",\"item\":\"https:\/\/abaa.mx\/tienda\/\"},{\"@type\":\"ListItem\",\"position\":3,\"name\":\"Base Manual Compresi\u00f3n, Vert. de Palanca &#8211; NLV220C\"}]},{\"@type\":\"WebSite\",\"@id\":\"https:\/\/abaa.mx\/tienda\/#website\",\"url\":\"https:\/\/abaa.mx\/tienda\/\",\"name\":\"Abaa tienda online\",\"description\":\"Instrumentos de medici\u00f3n\",\"publisher\":{\"@id\":\"https:\/\/abaa.mx\/tienda\/#organization\"},\"potentialAction\":[{\"@type\":\"SearchAction\",\"target\":{\"@type\":\"EntryPoint\",\"urlTemplate\":\"https:\/\/abaa.mx\/tienda\/?s={search_term_string}\"},\"query-input\":{\"@type\":\"PropertyValueSpecification\",\"valueRequired\":true,\"valueName\":\"search_term_string\"}}],\"inLanguage\":\"es\"},{\"@type\":\"Organization\",\"@id\":\"https:\/\/abaa.mx\/tienda\/#organization\",\"name\":\"Abaa tienda online\",\"url\":\"https:\/\/abaa.mx\/tienda\/\",\"logo\":{\"@type\":\"ImageObject\",\"inLanguage\":\"es\",\"@id\":\"https:\/\/abaa.mx\/tienda\/#\/schema\/logo\/image\/\",\"url\":\"https:\/\/abaa.mx\/tienda\/wp-content\/uploads\/2024\/01\/abaa-metrologia-tienda.png\",\"contentUrl\":\"https:\/\/abaa.mx\/tienda\/wp-content\/uploads\/2024\/01\/abaa-metrologia-tienda.png\",\"width\":300,\"height\":141,\"caption\":\"Abaa tienda online\"},\"image\":{\"@id\":\"https:\/\/abaa.mx\/tienda\/#\/schema\/logo\/image\/\"}}]}<\/script>\n<!-- \/ Yoast SEO plugin. -->","yoast_head_json":{"title":"Base Manual Compresi\u00f3n, Vert. de Palanca - NLV220C - Abaa tienda online","robots":{"index":"index","follow":"follow","max-snippet":"max-snippet:-1","max-image-preview":"max-image-preview:large","max-video-preview":"max-video-preview:-1"},"canonical":"https:\/\/abaa.mx\/tienda\/base-manual-compresion-vert-de-palanca-nlv220c\/","og_locale":"es_MX","og_type":"article","og_title":"Base Manual Compresi\u00f3n, Vert. de Palanca - NLV220C - Abaa tienda online","og_description":"Caracter\u00edsticas principales:  Accione la palanca en una sola direcci\u00f3n para conseguir la fuerza de compresi\u00f3n. Al liberar la palanca, el banco regresa al punto de inicio con el apoyo de un resorte de retorno. El banco de prueba funciona con cualquiera de los dinam\u00f3metros IMADA. La placa de montaje IM-AP02 (se vende por separado ) le permitir\u00e1 montar dinam\u00f3metros de otras fabricantes en el banco de pruebas. La placa de montaje y extensi\u00f3n IM-AP05 (se vende por separado ) le permitir? incrementar 5\" (125 mm) el espacio para colocar muestras. Esta construida en Metal fuerte , va a poder emplear la placa de la base como soporte o explotar las dos perforaciones con roscado M8 par poner diversos accesorios de sujeci\u00f3n. Va a poder definir los limites de paseo de la prueba con el m\u00e1ximo mec\u00e1nico que viene dentro en la base de pruebas. Apps : Pruebas de tensi\u00f3n \/ compresi\u00f3n, pruebas de desprendimiento, pruebas fuerza\/tiempo, pruebas de adherencia, pruebas peeling, prueba de resortes, pruebas destructoras y no-destructoras , pruebas de fatiga, pruebas de elongaci\u00f3n, etc. Dimensiones y peso: 170 x 268 x 680 mm, Recorrido del carro de prueba: 2\" (50 mm), espacio para colocar muestras 9\" (228 mm) Contenido de la Caja: Banco de prueba, Palanca, manual de operaci\u00f3n. Condiciones de Operaci\u00f3n: -5\u00b0 hasta 40\u00b0C.","og_url":"https:\/\/abaa.mx\/tienda\/base-manual-compresion-vert-de-palanca-nlv220c\/","og_site_name":"Abaa tienda online","article_modified_time":"2023-10-27T17:36:44+00:00","og_image":[{"width":863,"height":584,"url":"https:\/\/abaa.mx\/tienda\/wp-content\/uploads\/2023\/10\/IMADA-NLV220C.jpg","type":"image\/jpeg"}],"twitter_card":"summary_large_image","twitter_misc":{"Tiempo de lectura":"1 minuto"},"schema":{"@context":"https:\/\/schema.org","@graph":[{"@type":"WebPage","@id":"https:\/\/abaa.mx\/tienda\/base-manual-compresion-vert-de-palanca-nlv220c\/","url":"https:\/\/abaa.mx\/tienda\/base-manual-compresion-vert-de-palanca-nlv220c\/","name":"Base Manual Compresi\u00f3n, Vert. de Palanca - NLV220C - Abaa tienda online","isPartOf":{"@id":"https:\/\/abaa.mx\/tienda\/#website"},"primaryImageOfPage":{"@id":"https:\/\/abaa.mx\/tienda\/base-manual-compresion-vert-de-palanca-nlv220c\/#primaryimage"},"image":{"@id":"https:\/\/abaa.mx\/tienda\/base-manual-compresion-vert-de-palanca-nlv220c\/#primaryimage"},"thumbnailUrl":"https:\/\/abaa.mx\/tienda\/wp-content\/uploads\/2023\/10\/IMADA-NLV220C.jpg","datePublished":"2023-10-27T17:36:43+00:00","dateModified":"2023-10-27T17:36:44+00:00","breadcrumb":{"@id":"https:\/\/abaa.mx\/tienda\/base-manual-compresion-vert-de-palanca-nlv220c\/#breadcrumb"},"inLanguage":"es","potentialAction":[{"@type":"ReadAction","target":["https:\/\/abaa.mx\/tienda\/base-manual-compresion-vert-de-palanca-nlv220c\/"]}]},{"@type":"ImageObject","inLanguage":"es","@id":"https:\/\/abaa.mx\/tienda\/base-manual-compresion-vert-de-palanca-nlv220c\/#primaryimage","url":"https:\/\/abaa.mx\/tienda\/wp-content\/uploads\/2023\/10\/IMADA-NLV220C.jpg","contentUrl":"https:\/\/abaa.mx\/tienda\/wp-content\/uploads\/2023\/10\/IMADA-NLV220C.jpg","width":863,"height":584,"caption":"IMADA-NLV220C"},{"@type":"BreadcrumbList","@id":"https:\/\/abaa.mx\/tienda\/base-manual-compresion-vert-de-palanca-nlv220c\/#breadcrumb","itemListElement":[{"@type":"ListItem","position":1,"name":"Inicio","item":"https:\/\/abaa.mx\/tienda\/"},{"@type":"ListItem","position":2,"name":"Tienda","item":"https:\/\/abaa.mx\/tienda\/"},{"@type":"ListItem","position":3,"name":"Base Manual Compresi\u00f3n, Vert. de Palanca &#8211; NLV220C"}]},{"@type":"WebSite","@id":"https:\/\/abaa.mx\/tienda\/#website","url":"https:\/\/abaa.mx\/tienda\/","name":"Abaa tienda online","description":"Instrumentos de medici\u00f3n","publisher":{"@id":"https:\/\/abaa.mx\/tienda\/#organization"},"potentialAction":[{"@type":"SearchAction","target":{"@type":"EntryPoint","urlTemplate":"https:\/\/abaa.mx\/tienda\/?s={search_term_string}"},"query-input":{"@type":"PropertyValueSpecification","valueRequired":true,"valueName":"search_term_string"}}],"inLanguage":"es"},{"@type":"Organization","@id":"https:\/\/abaa.mx\/tienda\/#organization","name":"Abaa tienda online","url":"https:\/\/abaa.mx\/tienda\/","logo":{"@type":"ImageObject","inLanguage":"es","@id":"https:\/\/abaa.mx\/tienda\/#\/schema\/logo\/image\/","url":"https:\/\/abaa.mx\/tienda\/wp-content\/uploads\/2024\/01\/abaa-metrologia-tienda.png","contentUrl":"https:\/\/abaa.mx\/tienda\/wp-content\/uploads\/2024\/01\/abaa-metrologia-tienda.png","width":300,"height":141,"caption":"Abaa tienda online"},"image":{"@id":"https:\/\/abaa.mx\/tienda\/#\/schema\/logo\/image\/"}}]}},"_links":{"self":[{"href":"https:\/\/abaa.mx\/tienda\/wp-json\/wp\/v2\/product\/8097","targetHints":{"allow":["GET"]}}],"collection":[{"href":"https:\/\/abaa.mx\/tienda\/wp-json\/wp\/v2\/product"}],"about":[{"href":"https:\/\/abaa.mx\/tienda\/wp-json\/wp\/v2\/types\/product"}],"replies":[{"embeddable":true,"href":"https:\/\/abaa.mx\/tienda\/wp-json\/wp\/v2\/comments?post=8097"}],"wp:featuredmedia":[{"embeddable":true,"href":"https:\/\/abaa.mx\/tienda\/wp-json\/wp\/v2\/media\/8098"}],"wp:attachment":[{"href":"https:\/\/abaa.mx\/tienda\/wp-json\/wp\/v2\/media?parent=8097"}],"wp:term":[{"taxonomy":"product_brand","embeddable":true,"href":"https:\/\/abaa.mx\/tienda\/wp-json\/wp\/v2\/product_brand?post=8097"},{"taxonomy":"product_cat","embeddable":true,"href":"https:\/\/abaa.mx\/tienda\/wp-json\/wp\/v2\/product_cat?post=8097"},{"taxonomy":"product_tag","embeddable":true,"href":"https:\/\/abaa.mx\/tienda\/wp-json\/wp\/v2\/product_tag?post=8097"}],"curies":[{"name":"wp","href":"https:\/\/api.w.org\/{rel}","templated":true}]}}