{"id":8086,"date":"2023-12-12T17:07:07","date_gmt":"2023-12-12T17:07:07","guid":{"rendered":"https:\/\/abaa.mx\/tienda\/?post_type=product&#038;p=8086"},"modified":"2023-12-12T17:07:08","modified_gmt":"2023-12-12T17:07:08","slug":"sdl400-luxometro-con-datalogger-memoria-sd-adaptador-de-pared-opcional-153117","status":"publish","type":"product","link":"https:\/\/abaa.mx\/tienda\/sdl400-luxometro-con-datalogger-memoria-sd-adaptador-de-pared-opcional-153117\/","title":{"rendered":"Sdl400 -lux\u00f3metro con datalogger, memoria sd, adaptador de pared opcional 153117"},"content":{"rendered":"<p>&nbsp;<\/p>\n<p>Sdl400 \u2014 lux\u00f3metro con datalogger, memoria sd, adaptador de pared opcional 153117<\/p>\n","protected":false},"excerpt":{"rendered":"<p>&nbsp;<\/p>\n<p><strong>Caracter\u00edsticas<\/strong>:<\/p>\n<ul>\n<li><span>Rango amplio hasta 10,000Fc o 100kLux.<\/span><\/li>\n<li><span>Medidas de coseno y color corregidos.<\/span><\/li>\n<li><span>Utiliza un filtro de respuesta del espectro y fotodiodo de silicio de precisi\u00f3n.<\/span><\/li>\n<li><span>El ajuste de compensaci\u00f3n se utiliza para que la funci\u00f3n cero realice mediciones relativas.<\/span><\/li>\n<li><span>Frecuencia de muestreo de datos ajustable.<\/span><\/li>\n<li><span>Almacena manualmente 99 lecturas y lecturas de 20 M con la tarjeta de memoria SD de 2 G.<\/span><\/li>\n<li><span>Entrada para termopar tipo K\/J para mediciones de alta temperatura.<\/span><\/li>\n<li><span>Amplia pantalla LCD retroiluminada.<\/span><\/li>\n<li><span>Registrador de Datos Almacena\/Re llama MIN, M\u00c1X y apagado autom\u00e1tico.<\/span><\/li>\n<li><span>Interfaz para PC incorporada.<\/span><\/li>\n<li><span>Completo con 6 bater\u00edas x AA, tarjeta SD, estuche r\u00edgido y fotosensor con cubierta de protecci\u00f3n.<\/span><\/li>\n<\/ul>\n","protected":false},"featured_media":9758,"comment_status":"open","ping_status":"closed","template":"","meta":{"_joinchat":[]},"product_brand":[],"product_cat":[15],"product_tag":[],"class_list":{"0":"post-8086","1":"product","2":"type-product","3":"status-publish","4":"has-post-thumbnail","6":"product_cat-sin-categorizar","8":"first","9":"instock","10":"shipping-taxable","11":"product-type-simple"},"yoast_head":"<!-- This site is optimized with the Yoast SEO plugin v26.4 - https:\/\/yoast.com\/wordpress\/plugins\/seo\/ -->\n<title>Sdl400 -lux\u00f3metro con datalogger, memoria sd, adaptador de pared opcional 153117 - Abaa tienda online<\/title>\n<meta name=\"robots\" content=\"index, follow, max-snippet:-1, max-image-preview:large, max-video-preview:-1\" \/>\n<link rel=\"canonical\" href=\"https:\/\/abaa.mx\/tienda\/sdl400-luxometro-con-datalogger-memoria-sd-adaptador-de-pared-opcional-153117\/\" \/>\n<meta property=\"og:locale\" content=\"es_MX\" \/>\n<meta property=\"og:type\" content=\"article\" \/>\n<meta property=\"og:title\" content=\"Sdl400 -lux\u00f3metro con datalogger, memoria sd, adaptador de pared opcional 153117 - Abaa tienda online\" \/>\n<meta property=\"og:description\" content=\"&nbsp;  Caracter\u00edsticas:   Rango amplio hasta 10,000Fc o 100kLux.  Medidas de coseno y color corregidos.  Utiliza un filtro de respuesta del espectro y fotodiodo de silicio de precisi\u00f3n.  El ajuste de compensaci\u00f3n se utiliza para que la funci\u00f3n cero realice mediciones relativas.  Frecuencia de muestreo de datos ajustable.  Almacena manualmente 99 lecturas y lecturas de 20 M con la tarjeta de memoria SD de 2 G.  Entrada para termopar tipo K\/J para mediciones de alta temperatura.  Amplia pantalla LCD retroiluminada.  Registrador de Datos Almacena\/Re llama MIN, M\u00c1X y apagado autom\u00e1tico.  Interfaz para PC incorporada.  Completo con 6 bater\u00edas x AA, tarjeta SD, estuche r\u00edgido y fotosensor con cubierta de protecci\u00f3n.\" \/>\n<meta property=\"og:url\" content=\"https:\/\/abaa.mx\/tienda\/sdl400-luxometro-con-datalogger-memoria-sd-adaptador-de-pared-opcional-153117\/\" \/>\n<meta property=\"og:site_name\" content=\"Abaa tienda online\" \/>\n<meta property=\"article:modified_time\" content=\"2023-12-12T17:07:08+00:00\" \/>\n<meta property=\"og:image\" content=\"https:\/\/abaa.mx\/tienda\/wp-content\/uploads\/2023\/12\/Sdl400-luxometro.jpg\" \/>\n\t<meta property=\"og:image:width\" content=\"400\" \/>\n\t<meta property=\"og:image:height\" content=\"400\" \/>\n\t<meta property=\"og:image:type\" content=\"image\/jpeg\" \/>\n<meta name=\"twitter:card\" content=\"summary_large_image\" \/>\n<meta name=\"twitter:label1\" content=\"Tiempo de lectura\" \/>\n\t<meta name=\"twitter:data1\" content=\"1 minuto\" \/>\n<script type=\"application\/ld+json\" class=\"yoast-schema-graph\">{\"@context\":\"https:\/\/schema.org\",\"@graph\":[{\"@type\":\"WebPage\",\"@id\":\"https:\/\/abaa.mx\/tienda\/sdl400-luxometro-con-datalogger-memoria-sd-adaptador-de-pared-opcional-153117\/\",\"url\":\"https:\/\/abaa.mx\/tienda\/sdl400-luxometro-con-datalogger-memoria-sd-adaptador-de-pared-opcional-153117\/\",\"name\":\"Sdl400 -lux\u00f3metro con datalogger, memoria sd, adaptador de pared opcional 153117 - Abaa tienda online\",\"isPartOf\":{\"@id\":\"https:\/\/abaa.mx\/tienda\/#website\"},\"primaryImageOfPage\":{\"@id\":\"https:\/\/abaa.mx\/tienda\/sdl400-luxometro-con-datalogger-memoria-sd-adaptador-de-pared-opcional-153117\/#primaryimage\"},\"image\":{\"@id\":\"https:\/\/abaa.mx\/tienda\/sdl400-luxometro-con-datalogger-memoria-sd-adaptador-de-pared-opcional-153117\/#primaryimage\"},\"thumbnailUrl\":\"https:\/\/abaa.mx\/tienda\/wp-content\/uploads\/2023\/12\/Sdl400-luxometro.jpg\",\"datePublished\":\"2023-12-12T17:07:07+00:00\",\"dateModified\":\"2023-12-12T17:07:08+00:00\",\"breadcrumb\":{\"@id\":\"https:\/\/abaa.mx\/tienda\/sdl400-luxometro-con-datalogger-memoria-sd-adaptador-de-pared-opcional-153117\/#breadcrumb\"},\"inLanguage\":\"es\",\"potentialAction\":[{\"@type\":\"ReadAction\",\"target\":[\"https:\/\/abaa.mx\/tienda\/sdl400-luxometro-con-datalogger-memoria-sd-adaptador-de-pared-opcional-153117\/\"]}]},{\"@type\":\"ImageObject\",\"inLanguage\":\"es\",\"@id\":\"https:\/\/abaa.mx\/tienda\/sdl400-luxometro-con-datalogger-memoria-sd-adaptador-de-pared-opcional-153117\/#primaryimage\",\"url\":\"https:\/\/abaa.mx\/tienda\/wp-content\/uploads\/2023\/12\/Sdl400-luxometro.jpg\",\"contentUrl\":\"https:\/\/abaa.mx\/tienda\/wp-content\/uploads\/2023\/12\/Sdl400-luxometro.jpg\",\"width\":400,\"height\":400,\"caption\":\"Sdl400 -lux\u00f3metro\"},{\"@type\":\"BreadcrumbList\",\"@id\":\"https:\/\/abaa.mx\/tienda\/sdl400-luxometro-con-datalogger-memoria-sd-adaptador-de-pared-opcional-153117\/#breadcrumb\",\"itemListElement\":[{\"@type\":\"ListItem\",\"position\":1,\"name\":\"Inicio\",\"item\":\"https:\/\/abaa.mx\/tienda\/\"},{\"@type\":\"ListItem\",\"position\":2,\"name\":\"Tienda\",\"item\":\"https:\/\/abaa.mx\/tienda\/\"},{\"@type\":\"ListItem\",\"position\":3,\"name\":\"Sdl400 -lux\u00f3metro con datalogger, memoria sd, adaptador de pared opcional 153117\"}]},{\"@type\":\"WebSite\",\"@id\":\"https:\/\/abaa.mx\/tienda\/#website\",\"url\":\"https:\/\/abaa.mx\/tienda\/\",\"name\":\"Abaa tienda online\",\"description\":\"Instrumentos de medici\u00f3n\",\"publisher\":{\"@id\":\"https:\/\/abaa.mx\/tienda\/#organization\"},\"potentialAction\":[{\"@type\":\"SearchAction\",\"target\":{\"@type\":\"EntryPoint\",\"urlTemplate\":\"https:\/\/abaa.mx\/tienda\/?s={search_term_string}\"},\"query-input\":{\"@type\":\"PropertyValueSpecification\",\"valueRequired\":true,\"valueName\":\"search_term_string\"}}],\"inLanguage\":\"es\"},{\"@type\":\"Organization\",\"@id\":\"https:\/\/abaa.mx\/tienda\/#organization\",\"name\":\"Abaa tienda online\",\"url\":\"https:\/\/abaa.mx\/tienda\/\",\"logo\":{\"@type\":\"ImageObject\",\"inLanguage\":\"es\",\"@id\":\"https:\/\/abaa.mx\/tienda\/#\/schema\/logo\/image\/\",\"url\":\"https:\/\/abaa.mx\/tienda\/wp-content\/uploads\/2024\/01\/abaa-metrologia-tienda.png\",\"contentUrl\":\"https:\/\/abaa.mx\/tienda\/wp-content\/uploads\/2024\/01\/abaa-metrologia-tienda.png\",\"width\":300,\"height\":141,\"caption\":\"Abaa tienda online\"},\"image\":{\"@id\":\"https:\/\/abaa.mx\/tienda\/#\/schema\/logo\/image\/\"}}]}<\/script>\n<!-- \/ Yoast SEO plugin. -->","yoast_head_json":{"title":"Sdl400 -lux\u00f3metro con datalogger, memoria sd, adaptador de pared opcional 153117 - Abaa tienda online","robots":{"index":"index","follow":"follow","max-snippet":"max-snippet:-1","max-image-preview":"max-image-preview:large","max-video-preview":"max-video-preview:-1"},"canonical":"https:\/\/abaa.mx\/tienda\/sdl400-luxometro-con-datalogger-memoria-sd-adaptador-de-pared-opcional-153117\/","og_locale":"es_MX","og_type":"article","og_title":"Sdl400 -lux\u00f3metro con datalogger, memoria sd, adaptador de pared opcional 153117 - Abaa tienda online","og_description":"&nbsp;  Caracter\u00edsticas:   Rango amplio hasta 10,000Fc o 100kLux.  Medidas de coseno y color corregidos.  Utiliza un filtro de respuesta del espectro y fotodiodo de silicio de precisi\u00f3n.  El ajuste de compensaci\u00f3n se utiliza para que la funci\u00f3n cero realice mediciones relativas.  Frecuencia de muestreo de datos ajustable.  Almacena manualmente 99 lecturas y lecturas de 20 M con la tarjeta de memoria SD de 2 G.  Entrada para termopar tipo K\/J para mediciones de alta temperatura.  Amplia pantalla LCD retroiluminada.  Registrador de Datos Almacena\/Re llama MIN, M\u00c1X y apagado autom\u00e1tico.  Interfaz para PC incorporada.  Completo con 6 bater\u00edas x AA, tarjeta SD, estuche r\u00edgido y fotosensor con cubierta de protecci\u00f3n.","og_url":"https:\/\/abaa.mx\/tienda\/sdl400-luxometro-con-datalogger-memoria-sd-adaptador-de-pared-opcional-153117\/","og_site_name":"Abaa tienda online","article_modified_time":"2023-12-12T17:07:08+00:00","og_image":[{"width":400,"height":400,"url":"https:\/\/abaa.mx\/tienda\/wp-content\/uploads\/2023\/12\/Sdl400-luxometro.jpg","type":"image\/jpeg"}],"twitter_card":"summary_large_image","twitter_misc":{"Tiempo de lectura":"1 minuto"},"schema":{"@context":"https:\/\/schema.org","@graph":[{"@type":"WebPage","@id":"https:\/\/abaa.mx\/tienda\/sdl400-luxometro-con-datalogger-memoria-sd-adaptador-de-pared-opcional-153117\/","url":"https:\/\/abaa.mx\/tienda\/sdl400-luxometro-con-datalogger-memoria-sd-adaptador-de-pared-opcional-153117\/","name":"Sdl400 -lux\u00f3metro con datalogger, memoria sd, adaptador de pared opcional 153117 - Abaa tienda online","isPartOf":{"@id":"https:\/\/abaa.mx\/tienda\/#website"},"primaryImageOfPage":{"@id":"https:\/\/abaa.mx\/tienda\/sdl400-luxometro-con-datalogger-memoria-sd-adaptador-de-pared-opcional-153117\/#primaryimage"},"image":{"@id":"https:\/\/abaa.mx\/tienda\/sdl400-luxometro-con-datalogger-memoria-sd-adaptador-de-pared-opcional-153117\/#primaryimage"},"thumbnailUrl":"https:\/\/abaa.mx\/tienda\/wp-content\/uploads\/2023\/12\/Sdl400-luxometro.jpg","datePublished":"2023-12-12T17:07:07+00:00","dateModified":"2023-12-12T17:07:08+00:00","breadcrumb":{"@id":"https:\/\/abaa.mx\/tienda\/sdl400-luxometro-con-datalogger-memoria-sd-adaptador-de-pared-opcional-153117\/#breadcrumb"},"inLanguage":"es","potentialAction":[{"@type":"ReadAction","target":["https:\/\/abaa.mx\/tienda\/sdl400-luxometro-con-datalogger-memoria-sd-adaptador-de-pared-opcional-153117\/"]}]},{"@type":"ImageObject","inLanguage":"es","@id":"https:\/\/abaa.mx\/tienda\/sdl400-luxometro-con-datalogger-memoria-sd-adaptador-de-pared-opcional-153117\/#primaryimage","url":"https:\/\/abaa.mx\/tienda\/wp-content\/uploads\/2023\/12\/Sdl400-luxometro.jpg","contentUrl":"https:\/\/abaa.mx\/tienda\/wp-content\/uploads\/2023\/12\/Sdl400-luxometro.jpg","width":400,"height":400,"caption":"Sdl400 -lux\u00f3metro"},{"@type":"BreadcrumbList","@id":"https:\/\/abaa.mx\/tienda\/sdl400-luxometro-con-datalogger-memoria-sd-adaptador-de-pared-opcional-153117\/#breadcrumb","itemListElement":[{"@type":"ListItem","position":1,"name":"Inicio","item":"https:\/\/abaa.mx\/tienda\/"},{"@type":"ListItem","position":2,"name":"Tienda","item":"https:\/\/abaa.mx\/tienda\/"},{"@type":"ListItem","position":3,"name":"Sdl400 -lux\u00f3metro con datalogger, memoria sd, adaptador de pared opcional 153117"}]},{"@type":"WebSite","@id":"https:\/\/abaa.mx\/tienda\/#website","url":"https:\/\/abaa.mx\/tienda\/","name":"Abaa tienda online","description":"Instrumentos de medici\u00f3n","publisher":{"@id":"https:\/\/abaa.mx\/tienda\/#organization"},"potentialAction":[{"@type":"SearchAction","target":{"@type":"EntryPoint","urlTemplate":"https:\/\/abaa.mx\/tienda\/?s={search_term_string}"},"query-input":{"@type":"PropertyValueSpecification","valueRequired":true,"valueName":"search_term_string"}}],"inLanguage":"es"},{"@type":"Organization","@id":"https:\/\/abaa.mx\/tienda\/#organization","name":"Abaa tienda online","url":"https:\/\/abaa.mx\/tienda\/","logo":{"@type":"ImageObject","inLanguage":"es","@id":"https:\/\/abaa.mx\/tienda\/#\/schema\/logo\/image\/","url":"https:\/\/abaa.mx\/tienda\/wp-content\/uploads\/2024\/01\/abaa-metrologia-tienda.png","contentUrl":"https:\/\/abaa.mx\/tienda\/wp-content\/uploads\/2024\/01\/abaa-metrologia-tienda.png","width":300,"height":141,"caption":"Abaa tienda online"},"image":{"@id":"https:\/\/abaa.mx\/tienda\/#\/schema\/logo\/image\/"}}]}},"_links":{"self":[{"href":"https:\/\/abaa.mx\/tienda\/wp-json\/wp\/v2\/product\/8086","targetHints":{"allow":["GET"]}}],"collection":[{"href":"https:\/\/abaa.mx\/tienda\/wp-json\/wp\/v2\/product"}],"about":[{"href":"https:\/\/abaa.mx\/tienda\/wp-json\/wp\/v2\/types\/product"}],"replies":[{"embeddable":true,"href":"https:\/\/abaa.mx\/tienda\/wp-json\/wp\/v2\/comments?post=8086"}],"wp:featuredmedia":[{"embeddable":true,"href":"https:\/\/abaa.mx\/tienda\/wp-json\/wp\/v2\/media\/9758"}],"wp:attachment":[{"href":"https:\/\/abaa.mx\/tienda\/wp-json\/wp\/v2\/media?parent=8086"}],"wp:term":[{"taxonomy":"product_brand","embeddable":true,"href":"https:\/\/abaa.mx\/tienda\/wp-json\/wp\/v2\/product_brand?post=8086"},{"taxonomy":"product_cat","embeddable":true,"href":"https:\/\/abaa.mx\/tienda\/wp-json\/wp\/v2\/product_cat?post=8086"},{"taxonomy":"product_tag","embeddable":true,"href":"https:\/\/abaa.mx\/tienda\/wp-json\/wp\/v2\/product_tag?post=8086"}],"curies":[{"name":"wp","href":"https:\/\/api.w.org\/{rel}","templated":true}]}}