{"id":8084,"date":"2023-12-04T16:16:48","date_gmt":"2023-12-04T16:16:48","guid":{"rendered":"https:\/\/abaa.mx\/tienda\/?post_type=product&#038;p=8084"},"modified":"2023-12-04T16:16:48","modified_gmt":"2023-12-04T16:16:48","slug":"medidor-de-oxigeno-do5510ha","status":"publish","type":"product","link":"https:\/\/abaa.mx\/tienda\/medidor-de-oxigeno-do5510ha\/","title":{"rendered":"Medidor de Ox\u00edgeno &#8211; DO5510HA"},"content":{"rendered":"<p>Medidor de Ox\u00edgeno &#8211; DO5510HA.<\/p>\n","protected":false},"excerpt":{"rendered":"<p>Nuestro medidor de ox\u00edgeno diluido modelo LT-DO5510HA es un equipo de app industrial para medir la concentraci\u00f3n de oxigeno en el en aire o el ox\u00edgeno disuelto en l\u00edquidos. La sonda para ox\u00edgeno tipo polarogr\u00e1fica con sensor de temperatura incorporado, medici\u00f3n de alta precisi\u00f3n de ox\u00edgeno diluido (DO) &amp; medici\u00f3n de temperatura. Medici\u00f3n de DO, compensaci\u00f3n autom\u00e1tica de temperatura de 0 a 50 \u00b0C para el sensor. Pantalla de 2 l\u00edneas, muestra mediciones de tanto de temperatura como de oxigeno al tiempo. Funci\u00f3n de cambio de unidad a \u00b0C o \u00b0F en pantalla. Circuito microprocesador, funci\u00f3n capaz. Almacena los valores pico de una medici\u00f3n (m\u00e1ximo y m\u00ednimo).<\/p>\n<p><b>Accesorios Incluidos:<\/b><\/p>\n<ul>\n<li>Sonda de Ox\u00edgeno (OXPB-11) 1 pieza.<\/li>\n<li>Estuche (1).<\/li>\n<li>Manual de Operaci\u00f3n (1).<\/li>\n<li>Diafragma de Repuesto (1 paq. De 5 pzas).<\/li>\n<li>Cabezal de repuesto OXDP (1).<\/li>\n<li>Bote con electr\u00f3lito \u201coxel-03\u201d (1 pza).<\/li>\n<\/ul>\n","protected":false},"featured_media":9575,"comment_status":"open","ping_status":"closed","template":"","meta":{"_joinchat":[]},"product_brand":[],"product_cat":[15],"product_tag":[],"class_list":{"0":"post-8084","1":"product","2":"type-product","3":"status-publish","4":"has-post-thumbnail","6":"product_cat-sin-categorizar","8":"first","9":"instock","10":"shipping-taxable","11":"product-type-simple"},"yoast_head":"<!-- This site is optimized with the Yoast SEO plugin v26.4 - https:\/\/yoast.com\/wordpress\/plugins\/seo\/ -->\n<title>Medidor de Ox\u00edgeno - DO5510HA - Abaa tienda online<\/title>\n<meta name=\"robots\" content=\"index, follow, max-snippet:-1, max-image-preview:large, max-video-preview:-1\" \/>\n<link rel=\"canonical\" href=\"https:\/\/abaa.mx\/tienda\/medidor-de-oxigeno-do5510ha\/\" \/>\n<meta property=\"og:locale\" content=\"es_MX\" \/>\n<meta property=\"og:type\" content=\"article\" \/>\n<meta property=\"og:title\" content=\"Medidor de Ox\u00edgeno - DO5510HA - Abaa tienda online\" \/>\n<meta property=\"og:description\" content=\"Nuestro medidor de ox\u00edgeno diluido modelo LT-DO5510HA es un equipo de app industrial para medir la concentraci\u00f3n de oxigeno en el en aire o el ox\u00edgeno disuelto en l\u00edquidos. La sonda para ox\u00edgeno tipo polarogr\u00e1fica con sensor de temperatura incorporado, medici\u00f3n de alta precisi\u00f3n de ox\u00edgeno diluido (DO) &amp; medici\u00f3n de temperatura. Medici\u00f3n de DO, compensaci\u00f3n autom\u00e1tica de temperatura de 0 a 50 \u00b0C para el sensor. Pantalla de 2 l\u00edneas, muestra mediciones de tanto de temperatura como de oxigeno al tiempo. Funci\u00f3n de cambio de unidad a \u00b0C o \u00b0F en pantalla. Circuito microprocesador, funci\u00f3n capaz. Almacena los valores pico de una medici\u00f3n (m\u00e1ximo y m\u00ednimo).  Accesorios Incluidos:   Sonda de Ox\u00edgeno (OXPB-11) 1 pieza.  Estuche (1).  Manual de Operaci\u00f3n (1).  Diafragma de Repuesto (1 paq. De 5 pzas).  Cabezal de repuesto OXDP (1).  Bote con electr\u00f3lito \u201coxel-03\u201d (1 pza).\" \/>\n<meta property=\"og:url\" content=\"https:\/\/abaa.mx\/tienda\/medidor-de-oxigeno-do5510ha\/\" \/>\n<meta property=\"og:site_name\" content=\"Abaa tienda online\" \/>\n<meta property=\"og:image\" content=\"https:\/\/abaa.mx\/tienda\/wp-content\/uploads\/2023\/12\/LUTRON-DO5510HA.jpg\" \/>\n\t<meta property=\"og:image:width\" content=\"346\" \/>\n\t<meta property=\"og:image:height\" content=\"397\" \/>\n\t<meta property=\"og:image:type\" content=\"image\/jpeg\" \/>\n<meta name=\"twitter:card\" content=\"summary_large_image\" \/>\n<meta name=\"twitter:label1\" content=\"Tiempo de lectura\" \/>\n\t<meta name=\"twitter:data1\" content=\"1 minuto\" \/>\n<script type=\"application\/ld+json\" class=\"yoast-schema-graph\">{\"@context\":\"https:\/\/schema.org\",\"@graph\":[{\"@type\":\"WebPage\",\"@id\":\"https:\/\/abaa.mx\/tienda\/medidor-de-oxigeno-do5510ha\/\",\"url\":\"https:\/\/abaa.mx\/tienda\/medidor-de-oxigeno-do5510ha\/\",\"name\":\"Medidor de Ox\u00edgeno - DO5510HA - Abaa tienda online\",\"isPartOf\":{\"@id\":\"https:\/\/abaa.mx\/tienda\/#website\"},\"primaryImageOfPage\":{\"@id\":\"https:\/\/abaa.mx\/tienda\/medidor-de-oxigeno-do5510ha\/#primaryimage\"},\"image\":{\"@id\":\"https:\/\/abaa.mx\/tienda\/medidor-de-oxigeno-do5510ha\/#primaryimage\"},\"thumbnailUrl\":\"https:\/\/abaa.mx\/tienda\/wp-content\/uploads\/2023\/12\/LUTRON-DO5510HA.jpg\",\"datePublished\":\"2023-12-04T16:16:48+00:00\",\"breadcrumb\":{\"@id\":\"https:\/\/abaa.mx\/tienda\/medidor-de-oxigeno-do5510ha\/#breadcrumb\"},\"inLanguage\":\"es\",\"potentialAction\":[{\"@type\":\"ReadAction\",\"target\":[\"https:\/\/abaa.mx\/tienda\/medidor-de-oxigeno-do5510ha\/\"]}]},{\"@type\":\"ImageObject\",\"inLanguage\":\"es\",\"@id\":\"https:\/\/abaa.mx\/tienda\/medidor-de-oxigeno-do5510ha\/#primaryimage\",\"url\":\"https:\/\/abaa.mx\/tienda\/wp-content\/uploads\/2023\/12\/LUTRON-DO5510HA.jpg\",\"contentUrl\":\"https:\/\/abaa.mx\/tienda\/wp-content\/uploads\/2023\/12\/LUTRON-DO5510HA.jpg\",\"width\":346,\"height\":397,\"caption\":\"LUTRON-DO5510HA\"},{\"@type\":\"BreadcrumbList\",\"@id\":\"https:\/\/abaa.mx\/tienda\/medidor-de-oxigeno-do5510ha\/#breadcrumb\",\"itemListElement\":[{\"@type\":\"ListItem\",\"position\":1,\"name\":\"Inicio\",\"item\":\"https:\/\/abaa.mx\/tienda\/\"},{\"@type\":\"ListItem\",\"position\":2,\"name\":\"Tienda\",\"item\":\"https:\/\/abaa.mx\/tienda\/\"},{\"@type\":\"ListItem\",\"position\":3,\"name\":\"Medidor de Ox\u00edgeno &#8211; DO5510HA\"}]},{\"@type\":\"WebSite\",\"@id\":\"https:\/\/abaa.mx\/tienda\/#website\",\"url\":\"https:\/\/abaa.mx\/tienda\/\",\"name\":\"Abaa tienda online\",\"description\":\"Instrumentos de medici\u00f3n\",\"publisher\":{\"@id\":\"https:\/\/abaa.mx\/tienda\/#organization\"},\"potentialAction\":[{\"@type\":\"SearchAction\",\"target\":{\"@type\":\"EntryPoint\",\"urlTemplate\":\"https:\/\/abaa.mx\/tienda\/?s={search_term_string}\"},\"query-input\":{\"@type\":\"PropertyValueSpecification\",\"valueRequired\":true,\"valueName\":\"search_term_string\"}}],\"inLanguage\":\"es\"},{\"@type\":\"Organization\",\"@id\":\"https:\/\/abaa.mx\/tienda\/#organization\",\"name\":\"Abaa tienda online\",\"url\":\"https:\/\/abaa.mx\/tienda\/\",\"logo\":{\"@type\":\"ImageObject\",\"inLanguage\":\"es\",\"@id\":\"https:\/\/abaa.mx\/tienda\/#\/schema\/logo\/image\/\",\"url\":\"https:\/\/abaa.mx\/tienda\/wp-content\/uploads\/2024\/01\/abaa-metrologia-tienda.png\",\"contentUrl\":\"https:\/\/abaa.mx\/tienda\/wp-content\/uploads\/2024\/01\/abaa-metrologia-tienda.png\",\"width\":300,\"height\":141,\"caption\":\"Abaa tienda online\"},\"image\":{\"@id\":\"https:\/\/abaa.mx\/tienda\/#\/schema\/logo\/image\/\"}}]}<\/script>\n<!-- \/ Yoast SEO plugin. -->","yoast_head_json":{"title":"Medidor de Ox\u00edgeno - DO5510HA - Abaa tienda online","robots":{"index":"index","follow":"follow","max-snippet":"max-snippet:-1","max-image-preview":"max-image-preview:large","max-video-preview":"max-video-preview:-1"},"canonical":"https:\/\/abaa.mx\/tienda\/medidor-de-oxigeno-do5510ha\/","og_locale":"es_MX","og_type":"article","og_title":"Medidor de Ox\u00edgeno - DO5510HA - Abaa tienda online","og_description":"Nuestro medidor de ox\u00edgeno diluido modelo LT-DO5510HA es un equipo de app industrial para medir la concentraci\u00f3n de oxigeno en el en aire o el ox\u00edgeno disuelto en l\u00edquidos. La sonda para ox\u00edgeno tipo polarogr\u00e1fica con sensor de temperatura incorporado, medici\u00f3n de alta precisi\u00f3n de ox\u00edgeno diluido (DO) &amp; medici\u00f3n de temperatura. Medici\u00f3n de DO, compensaci\u00f3n autom\u00e1tica de temperatura de 0 a 50 \u00b0C para el sensor. Pantalla de 2 l\u00edneas, muestra mediciones de tanto de temperatura como de oxigeno al tiempo. Funci\u00f3n de cambio de unidad a \u00b0C o \u00b0F en pantalla. Circuito microprocesador, funci\u00f3n capaz. Almacena los valores pico de una medici\u00f3n (m\u00e1ximo y m\u00ednimo).  Accesorios Incluidos:   Sonda de Ox\u00edgeno (OXPB-11) 1 pieza.  Estuche (1).  Manual de Operaci\u00f3n (1).  Diafragma de Repuesto (1 paq. De 5 pzas).  Cabezal de repuesto OXDP (1).  Bote con electr\u00f3lito \u201coxel-03\u201d (1 pza).","og_url":"https:\/\/abaa.mx\/tienda\/medidor-de-oxigeno-do5510ha\/","og_site_name":"Abaa tienda online","og_image":[{"width":346,"height":397,"url":"https:\/\/abaa.mx\/tienda\/wp-content\/uploads\/2023\/12\/LUTRON-DO5510HA.jpg","type":"image\/jpeg"}],"twitter_card":"summary_large_image","twitter_misc":{"Tiempo de lectura":"1 minuto"},"schema":{"@context":"https:\/\/schema.org","@graph":[{"@type":"WebPage","@id":"https:\/\/abaa.mx\/tienda\/medidor-de-oxigeno-do5510ha\/","url":"https:\/\/abaa.mx\/tienda\/medidor-de-oxigeno-do5510ha\/","name":"Medidor de Ox\u00edgeno - DO5510HA - Abaa tienda online","isPartOf":{"@id":"https:\/\/abaa.mx\/tienda\/#website"},"primaryImageOfPage":{"@id":"https:\/\/abaa.mx\/tienda\/medidor-de-oxigeno-do5510ha\/#primaryimage"},"image":{"@id":"https:\/\/abaa.mx\/tienda\/medidor-de-oxigeno-do5510ha\/#primaryimage"},"thumbnailUrl":"https:\/\/abaa.mx\/tienda\/wp-content\/uploads\/2023\/12\/LUTRON-DO5510HA.jpg","datePublished":"2023-12-04T16:16:48+00:00","breadcrumb":{"@id":"https:\/\/abaa.mx\/tienda\/medidor-de-oxigeno-do5510ha\/#breadcrumb"},"inLanguage":"es","potentialAction":[{"@type":"ReadAction","target":["https:\/\/abaa.mx\/tienda\/medidor-de-oxigeno-do5510ha\/"]}]},{"@type":"ImageObject","inLanguage":"es","@id":"https:\/\/abaa.mx\/tienda\/medidor-de-oxigeno-do5510ha\/#primaryimage","url":"https:\/\/abaa.mx\/tienda\/wp-content\/uploads\/2023\/12\/LUTRON-DO5510HA.jpg","contentUrl":"https:\/\/abaa.mx\/tienda\/wp-content\/uploads\/2023\/12\/LUTRON-DO5510HA.jpg","width":346,"height":397,"caption":"LUTRON-DO5510HA"},{"@type":"BreadcrumbList","@id":"https:\/\/abaa.mx\/tienda\/medidor-de-oxigeno-do5510ha\/#breadcrumb","itemListElement":[{"@type":"ListItem","position":1,"name":"Inicio","item":"https:\/\/abaa.mx\/tienda\/"},{"@type":"ListItem","position":2,"name":"Tienda","item":"https:\/\/abaa.mx\/tienda\/"},{"@type":"ListItem","position":3,"name":"Medidor de Ox\u00edgeno &#8211; DO5510HA"}]},{"@type":"WebSite","@id":"https:\/\/abaa.mx\/tienda\/#website","url":"https:\/\/abaa.mx\/tienda\/","name":"Abaa tienda online","description":"Instrumentos de medici\u00f3n","publisher":{"@id":"https:\/\/abaa.mx\/tienda\/#organization"},"potentialAction":[{"@type":"SearchAction","target":{"@type":"EntryPoint","urlTemplate":"https:\/\/abaa.mx\/tienda\/?s={search_term_string}"},"query-input":{"@type":"PropertyValueSpecification","valueRequired":true,"valueName":"search_term_string"}}],"inLanguage":"es"},{"@type":"Organization","@id":"https:\/\/abaa.mx\/tienda\/#organization","name":"Abaa tienda online","url":"https:\/\/abaa.mx\/tienda\/","logo":{"@type":"ImageObject","inLanguage":"es","@id":"https:\/\/abaa.mx\/tienda\/#\/schema\/logo\/image\/","url":"https:\/\/abaa.mx\/tienda\/wp-content\/uploads\/2024\/01\/abaa-metrologia-tienda.png","contentUrl":"https:\/\/abaa.mx\/tienda\/wp-content\/uploads\/2024\/01\/abaa-metrologia-tienda.png","width":300,"height":141,"caption":"Abaa tienda online"},"image":{"@id":"https:\/\/abaa.mx\/tienda\/#\/schema\/logo\/image\/"}}]}},"_links":{"self":[{"href":"https:\/\/abaa.mx\/tienda\/wp-json\/wp\/v2\/product\/8084","targetHints":{"allow":["GET"]}}],"collection":[{"href":"https:\/\/abaa.mx\/tienda\/wp-json\/wp\/v2\/product"}],"about":[{"href":"https:\/\/abaa.mx\/tienda\/wp-json\/wp\/v2\/types\/product"}],"replies":[{"embeddable":true,"href":"https:\/\/abaa.mx\/tienda\/wp-json\/wp\/v2\/comments?post=8084"}],"wp:featuredmedia":[{"embeddable":true,"href":"https:\/\/abaa.mx\/tienda\/wp-json\/wp\/v2\/media\/9575"}],"wp:attachment":[{"href":"https:\/\/abaa.mx\/tienda\/wp-json\/wp\/v2\/media?parent=8084"}],"wp:term":[{"taxonomy":"product_brand","embeddable":true,"href":"https:\/\/abaa.mx\/tienda\/wp-json\/wp\/v2\/product_brand?post=8084"},{"taxonomy":"product_cat","embeddable":true,"href":"https:\/\/abaa.mx\/tienda\/wp-json\/wp\/v2\/product_cat?post=8084"},{"taxonomy":"product_tag","embeddable":true,"href":"https:\/\/abaa.mx\/tienda\/wp-json\/wp\/v2\/product_tag?post=8084"}],"curies":[{"name":"wp","href":"https:\/\/api.w.org\/{rel}","templated":true}]}}