{"id":8072,"date":"2023-10-27T15:35:38","date_gmt":"2023-10-27T15:35:38","guid":{"rendered":"https:\/\/abaa.mx\/tienda\/?post_type=product&#038;p=8072"},"modified":"2023-10-27T15:35:39","modified_gmt":"2023-10-27T15:35:39","slug":"cronometrotemporizador-con-alarma-de-4-canales","status":"publish","type":"product","link":"https:\/\/abaa.mx\/tienda\/cronometrotemporizador-con-alarma-de-4-canales\/","title":{"rendered":"Cronometro,Temporizador con alarma de 4 canales."},"content":{"rendered":"<p>Cronometro,Temporizador con alarma de 4 canales.<\/p>\n","protected":false},"excerpt":{"rendered":"<h3>NICIE HASTA CUATRO PRUEBAS SIMULT\u00c1NEAMENTE.<\/h3>\n<p>Su chip de microcomputadora deja configurar 4 canales separados simult\u00e1neamente en cualquier combinaci\u00f3n de cuenta regresiva o cuenta ascendente (cron\u00f3metro). Configure cualquier tiempo de cuenta recesiva de 99 horas, 59 minutos, 59 segundos a 1 segundo con una precisi\u00f3n de 001%. Cuando se llega a cero, el temporizador empieza a contar para mostrar el tiempo pasado desde la alarma. Las especificaciones adicionales incluyen cron\u00f3metro, tiempo de espera y reloj de hora del d\u00eda. Las teclas del tama\u00f1o de un dedo facilitan la configuraci\u00f3n de tiempos y el cambio de canales.<\/p>\n<p><strong>ESPECIFICACIONES TECNICAS:<\/strong><\/p>\n<table id=\"product-attribute-specs-table\" class=\"data-table\">\n<tbody>\n<tr class=\"first odd\">\n<th class=\"label\">Color<\/th>\n<td class=\"data last\">blanco<\/td>\n<\/tr>\n<tr class=\"even\">\n<th class=\"label\"># Canales\/zonas<\/th>\n<td class=\"data last\">4<\/td>\n<\/tr>\n<tr class=\"odd\">\n<th class=\"label\">Capacidad de tiempo<\/th>\n<td class=\"data last\">99 horas, 59 minutos, 59 segundos<\/td>\n<\/tr>\n<tr class=\"even\">\n<th class=\"label\">Precisi\u00f3n de tiempo<\/th>\n<td class=\"data last\">0.01% de precisi\u00f3n<\/td>\n<\/tr>\n<tr class=\"odd\">\n<th class=\"label\">Resoluci\u00f3n de tiempo<\/th>\n<td class=\"data last\">1 segundo<\/td>\n<\/tr>\n<tr class=\"even\">\n<th class=\"label\">Funciones adicionales<\/th>\n<td class=\"data last\">hora de entrada\/salida, alarma, reloj de 12\/24 horas<\/td>\n<\/tr>\n<tr class=\"odd\">\n<th class=\"label\">Memoria<\/th>\n<td class=\"data last\">Y<\/td>\n<\/tr>\n<tr class=\"even\">\n<th class=\"label\">Cuenta ascendente\/Cuenta regresiva<\/th>\n<td class=\"data last\">contar arriba\/atras<\/td>\n<\/tr>\n<tr class=\"odd\">\n<th class=\"label\">Dimensiones<\/th>\n<td class=\"data last\">2-3\/4&#8243;x2-1\/2&#8243;x1\/2&#8243;<\/td>\n<\/tr>\n<tr class=\"even\">\n<th class=\"label\">Peso<\/th>\n<td class=\"data last\">2 onzas<\/td>\n<\/tr>\n<tr class=\"odd\">\n<th class=\"label\">Enchufe de aire acondicionado (S\/N)<\/th>\n<td class=\"data last\">norte<\/td>\n<\/tr>\n<tr class=\"even\">\n<th class=\"label\">Trazable<\/th>\n<td class=\"data last\">Y<\/td>\n<\/tr>\n<tr class=\"last odd\">\n<th class=\"label\">Suministrado con<\/th>\n<td class=\"data last\">clip, soporte, im\u00e1n, bater\u00eda, certificado Traceable\u00ae<\/td>\n<\/tr>\n<\/tbody>\n<\/table>\n","protected":false},"featured_media":8077,"comment_status":"open","ping_status":"closed","template":"","meta":{"_joinchat":[]},"product_brand":[],"product_cat":[64],"product_tag":[],"class_list":{"0":"post-8072","1":"product","2":"type-product","3":"status-publish","4":"has-post-thumbnail","6":"product_cat-cronometros","8":"first","9":"instock","10":"shipping-taxable","11":"product-type-simple"},"yoast_head":"<!-- This site is optimized with the Yoast SEO plugin v26.4 - https:\/\/yoast.com\/wordpress\/plugins\/seo\/ -->\n<title>Cronometro,Temporizador con alarma de 4 canales. - Abaa tienda online<\/title>\n<meta name=\"robots\" content=\"index, follow, max-snippet:-1, max-image-preview:large, max-video-preview:-1\" \/>\n<link rel=\"canonical\" href=\"https:\/\/abaa.mx\/tienda\/cronometrotemporizador-con-alarma-de-4-canales\/\" \/>\n<meta property=\"og:locale\" content=\"es_MX\" \/>\n<meta property=\"og:type\" content=\"article\" \/>\n<meta property=\"og:title\" content=\"Cronometro,Temporizador con alarma de 4 canales. - Abaa tienda online\" \/>\n<meta property=\"og:description\" content=\"NICIE HASTA CUATRO PRUEBAS SIMULT\u00c1NEAMENTE. Su chip de microcomputadora deja configurar 4 canales separados simult\u00e1neamente en cualquier combinaci\u00f3n de cuenta regresiva o cuenta ascendente (cron\u00f3metro). Configure cualquier tiempo de cuenta recesiva de 99 horas, 59 minutos, 59 segundos a 1 segundo con una precisi\u00f3n de 001%. Cuando se llega a cero, el temporizador empieza a contar para mostrar el tiempo pasado desde la alarma. Las especificaciones adicionales incluyen cron\u00f3metro, tiempo de espera y reloj de hora del d\u00eda. Las teclas del tama\u00f1o de un dedo facilitan la configuraci\u00f3n de tiempos y el cambio de canales.  ESPECIFICACIONES TECNICAS:    Color blanco   # Canales\/zonas 4   Capacidad de tiempo 99 horas, 59 minutos, 59 segundos   Precisi\u00f3n de tiempo 0.01% de precisi\u00f3n   Resoluci\u00f3n de tiempo 1 segundo   Funciones adicionales hora de entrada\/salida, alarma, reloj de 12\/24 horas   Memoria Y   Cuenta ascendente\/Cuenta regresiva contar arriba\/atras   Dimensiones 2-3\/4&quot;x2-1\/2&quot;x1\/2&quot;   Peso 2 onzas   Enchufe de aire acondicionado (S\/N) norte   Trazable Y   Suministrado con clip, soporte, im\u00e1n, bater\u00eda, certificado Traceable\u00ae\" \/>\n<meta property=\"og:url\" content=\"https:\/\/abaa.mx\/tienda\/cronometrotemporizador-con-alarma-de-4-canales\/\" \/>\n<meta property=\"og:site_name\" content=\"Abaa tienda online\" \/>\n<meta property=\"article:modified_time\" content=\"2023-10-27T15:35:39+00:00\" \/>\n<meta property=\"og:image\" content=\"https:\/\/abaa.mx\/tienda\/wp-content\/uploads\/2023\/10\/ALFAMETRIC-4-CANALES.jpg\" \/>\n\t<meta property=\"og:image:width\" content=\"1200\" \/>\n\t<meta property=\"og:image:height\" content=\"1200\" \/>\n\t<meta property=\"og:image:type\" content=\"image\/jpeg\" \/>\n<meta name=\"twitter:card\" content=\"summary_large_image\" \/>\n<meta name=\"twitter:label1\" content=\"Tiempo de lectura\" \/>\n\t<meta name=\"twitter:data1\" content=\"1 minuto\" \/>\n<script type=\"application\/ld+json\" class=\"yoast-schema-graph\">{\"@context\":\"https:\/\/schema.org\",\"@graph\":[{\"@type\":\"WebPage\",\"@id\":\"https:\/\/abaa.mx\/tienda\/cronometrotemporizador-con-alarma-de-4-canales\/\",\"url\":\"https:\/\/abaa.mx\/tienda\/cronometrotemporizador-con-alarma-de-4-canales\/\",\"name\":\"Cronometro,Temporizador con alarma de 4 canales. - Abaa tienda online\",\"isPartOf\":{\"@id\":\"https:\/\/abaa.mx\/tienda\/#website\"},\"primaryImageOfPage\":{\"@id\":\"https:\/\/abaa.mx\/tienda\/cronometrotemporizador-con-alarma-de-4-canales\/#primaryimage\"},\"image\":{\"@id\":\"https:\/\/abaa.mx\/tienda\/cronometrotemporizador-con-alarma-de-4-canales\/#primaryimage\"},\"thumbnailUrl\":\"https:\/\/abaa.mx\/tienda\/wp-content\/uploads\/2023\/10\/ALFAMETRIC-4-CANALES.jpg\",\"datePublished\":\"2023-10-27T15:35:38+00:00\",\"dateModified\":\"2023-10-27T15:35:39+00:00\",\"breadcrumb\":{\"@id\":\"https:\/\/abaa.mx\/tienda\/cronometrotemporizador-con-alarma-de-4-canales\/#breadcrumb\"},\"inLanguage\":\"es\",\"potentialAction\":[{\"@type\":\"ReadAction\",\"target\":[\"https:\/\/abaa.mx\/tienda\/cronometrotemporizador-con-alarma-de-4-canales\/\"]}]},{\"@type\":\"ImageObject\",\"inLanguage\":\"es\",\"@id\":\"https:\/\/abaa.mx\/tienda\/cronometrotemporizador-con-alarma-de-4-canales\/#primaryimage\",\"url\":\"https:\/\/abaa.mx\/tienda\/wp-content\/uploads\/2023\/10\/ALFAMETRIC-4-CANALES.jpg\",\"contentUrl\":\"https:\/\/abaa.mx\/tienda\/wp-content\/uploads\/2023\/10\/ALFAMETRIC-4-CANALES.jpg\",\"width\":1200,\"height\":1200,\"caption\":\"ALFAMETRIC-4 CANALES\"},{\"@type\":\"BreadcrumbList\",\"@id\":\"https:\/\/abaa.mx\/tienda\/cronometrotemporizador-con-alarma-de-4-canales\/#breadcrumb\",\"itemListElement\":[{\"@type\":\"ListItem\",\"position\":1,\"name\":\"Inicio\",\"item\":\"https:\/\/abaa.mx\/tienda\/\"},{\"@type\":\"ListItem\",\"position\":2,\"name\":\"Tienda\",\"item\":\"https:\/\/abaa.mx\/tienda\/\"},{\"@type\":\"ListItem\",\"position\":3,\"name\":\"Cronometro,Temporizador con alarma de 4 canales.\"}]},{\"@type\":\"WebSite\",\"@id\":\"https:\/\/abaa.mx\/tienda\/#website\",\"url\":\"https:\/\/abaa.mx\/tienda\/\",\"name\":\"Abaa tienda online\",\"description\":\"Instrumentos de medici\u00f3n\",\"publisher\":{\"@id\":\"https:\/\/abaa.mx\/tienda\/#organization\"},\"potentialAction\":[{\"@type\":\"SearchAction\",\"target\":{\"@type\":\"EntryPoint\",\"urlTemplate\":\"https:\/\/abaa.mx\/tienda\/?s={search_term_string}\"},\"query-input\":{\"@type\":\"PropertyValueSpecification\",\"valueRequired\":true,\"valueName\":\"search_term_string\"}}],\"inLanguage\":\"es\"},{\"@type\":\"Organization\",\"@id\":\"https:\/\/abaa.mx\/tienda\/#organization\",\"name\":\"Abaa tienda online\",\"url\":\"https:\/\/abaa.mx\/tienda\/\",\"logo\":{\"@type\":\"ImageObject\",\"inLanguage\":\"es\",\"@id\":\"https:\/\/abaa.mx\/tienda\/#\/schema\/logo\/image\/\",\"url\":\"https:\/\/abaa.mx\/tienda\/wp-content\/uploads\/2024\/01\/abaa-metrologia-tienda.png\",\"contentUrl\":\"https:\/\/abaa.mx\/tienda\/wp-content\/uploads\/2024\/01\/abaa-metrologia-tienda.png\",\"width\":300,\"height\":141,\"caption\":\"Abaa tienda online\"},\"image\":{\"@id\":\"https:\/\/abaa.mx\/tienda\/#\/schema\/logo\/image\/\"}}]}<\/script>\n<!-- \/ Yoast SEO plugin. -->","yoast_head_json":{"title":"Cronometro,Temporizador con alarma de 4 canales. - Abaa tienda online","robots":{"index":"index","follow":"follow","max-snippet":"max-snippet:-1","max-image-preview":"max-image-preview:large","max-video-preview":"max-video-preview:-1"},"canonical":"https:\/\/abaa.mx\/tienda\/cronometrotemporizador-con-alarma-de-4-canales\/","og_locale":"es_MX","og_type":"article","og_title":"Cronometro,Temporizador con alarma de 4 canales. - Abaa tienda online","og_description":"NICIE HASTA CUATRO PRUEBAS SIMULT\u00c1NEAMENTE. Su chip de microcomputadora deja configurar 4 canales separados simult\u00e1neamente en cualquier combinaci\u00f3n de cuenta regresiva o cuenta ascendente (cron\u00f3metro). Configure cualquier tiempo de cuenta recesiva de 99 horas, 59 minutos, 59 segundos a 1 segundo con una precisi\u00f3n de 001%. Cuando se llega a cero, el temporizador empieza a contar para mostrar el tiempo pasado desde la alarma. Las especificaciones adicionales incluyen cron\u00f3metro, tiempo de espera y reloj de hora del d\u00eda. Las teclas del tama\u00f1o de un dedo facilitan la configuraci\u00f3n de tiempos y el cambio de canales.  ESPECIFICACIONES TECNICAS:    Color blanco   # Canales\/zonas 4   Capacidad de tiempo 99 horas, 59 minutos, 59 segundos   Precisi\u00f3n de tiempo 0.01% de precisi\u00f3n   Resoluci\u00f3n de tiempo 1 segundo   Funciones adicionales hora de entrada\/salida, alarma, reloj de 12\/24 horas   Memoria Y   Cuenta ascendente\/Cuenta regresiva contar arriba\/atras   Dimensiones 2-3\/4\"x2-1\/2\"x1\/2\"   Peso 2 onzas   Enchufe de aire acondicionado (S\/N) norte   Trazable Y   Suministrado con clip, soporte, im\u00e1n, bater\u00eda, certificado Traceable\u00ae","og_url":"https:\/\/abaa.mx\/tienda\/cronometrotemporizador-con-alarma-de-4-canales\/","og_site_name":"Abaa tienda online","article_modified_time":"2023-10-27T15:35:39+00:00","og_image":[{"width":1200,"height":1200,"url":"https:\/\/abaa.mx\/tienda\/wp-content\/uploads\/2023\/10\/ALFAMETRIC-4-CANALES.jpg","type":"image\/jpeg"}],"twitter_card":"summary_large_image","twitter_misc":{"Tiempo de lectura":"1 minuto"},"schema":{"@context":"https:\/\/schema.org","@graph":[{"@type":"WebPage","@id":"https:\/\/abaa.mx\/tienda\/cronometrotemporizador-con-alarma-de-4-canales\/","url":"https:\/\/abaa.mx\/tienda\/cronometrotemporizador-con-alarma-de-4-canales\/","name":"Cronometro,Temporizador con alarma de 4 canales. - Abaa tienda online","isPartOf":{"@id":"https:\/\/abaa.mx\/tienda\/#website"},"primaryImageOfPage":{"@id":"https:\/\/abaa.mx\/tienda\/cronometrotemporizador-con-alarma-de-4-canales\/#primaryimage"},"image":{"@id":"https:\/\/abaa.mx\/tienda\/cronometrotemporizador-con-alarma-de-4-canales\/#primaryimage"},"thumbnailUrl":"https:\/\/abaa.mx\/tienda\/wp-content\/uploads\/2023\/10\/ALFAMETRIC-4-CANALES.jpg","datePublished":"2023-10-27T15:35:38+00:00","dateModified":"2023-10-27T15:35:39+00:00","breadcrumb":{"@id":"https:\/\/abaa.mx\/tienda\/cronometrotemporizador-con-alarma-de-4-canales\/#breadcrumb"},"inLanguage":"es","potentialAction":[{"@type":"ReadAction","target":["https:\/\/abaa.mx\/tienda\/cronometrotemporizador-con-alarma-de-4-canales\/"]}]},{"@type":"ImageObject","inLanguage":"es","@id":"https:\/\/abaa.mx\/tienda\/cronometrotemporizador-con-alarma-de-4-canales\/#primaryimage","url":"https:\/\/abaa.mx\/tienda\/wp-content\/uploads\/2023\/10\/ALFAMETRIC-4-CANALES.jpg","contentUrl":"https:\/\/abaa.mx\/tienda\/wp-content\/uploads\/2023\/10\/ALFAMETRIC-4-CANALES.jpg","width":1200,"height":1200,"caption":"ALFAMETRIC-4 CANALES"},{"@type":"BreadcrumbList","@id":"https:\/\/abaa.mx\/tienda\/cronometrotemporizador-con-alarma-de-4-canales\/#breadcrumb","itemListElement":[{"@type":"ListItem","position":1,"name":"Inicio","item":"https:\/\/abaa.mx\/tienda\/"},{"@type":"ListItem","position":2,"name":"Tienda","item":"https:\/\/abaa.mx\/tienda\/"},{"@type":"ListItem","position":3,"name":"Cronometro,Temporizador con alarma de 4 canales."}]},{"@type":"WebSite","@id":"https:\/\/abaa.mx\/tienda\/#website","url":"https:\/\/abaa.mx\/tienda\/","name":"Abaa tienda online","description":"Instrumentos de medici\u00f3n","publisher":{"@id":"https:\/\/abaa.mx\/tienda\/#organization"},"potentialAction":[{"@type":"SearchAction","target":{"@type":"EntryPoint","urlTemplate":"https:\/\/abaa.mx\/tienda\/?s={search_term_string}"},"query-input":{"@type":"PropertyValueSpecification","valueRequired":true,"valueName":"search_term_string"}}],"inLanguage":"es"},{"@type":"Organization","@id":"https:\/\/abaa.mx\/tienda\/#organization","name":"Abaa tienda online","url":"https:\/\/abaa.mx\/tienda\/","logo":{"@type":"ImageObject","inLanguage":"es","@id":"https:\/\/abaa.mx\/tienda\/#\/schema\/logo\/image\/","url":"https:\/\/abaa.mx\/tienda\/wp-content\/uploads\/2024\/01\/abaa-metrologia-tienda.png","contentUrl":"https:\/\/abaa.mx\/tienda\/wp-content\/uploads\/2024\/01\/abaa-metrologia-tienda.png","width":300,"height":141,"caption":"Abaa tienda online"},"image":{"@id":"https:\/\/abaa.mx\/tienda\/#\/schema\/logo\/image\/"}}]}},"_links":{"self":[{"href":"https:\/\/abaa.mx\/tienda\/wp-json\/wp\/v2\/product\/8072","targetHints":{"allow":["GET"]}}],"collection":[{"href":"https:\/\/abaa.mx\/tienda\/wp-json\/wp\/v2\/product"}],"about":[{"href":"https:\/\/abaa.mx\/tienda\/wp-json\/wp\/v2\/types\/product"}],"replies":[{"embeddable":true,"href":"https:\/\/abaa.mx\/tienda\/wp-json\/wp\/v2\/comments?post=8072"}],"wp:featuredmedia":[{"embeddable":true,"href":"https:\/\/abaa.mx\/tienda\/wp-json\/wp\/v2\/media\/8077"}],"wp:attachment":[{"href":"https:\/\/abaa.mx\/tienda\/wp-json\/wp\/v2\/media?parent=8072"}],"wp:term":[{"taxonomy":"product_brand","embeddable":true,"href":"https:\/\/abaa.mx\/tienda\/wp-json\/wp\/v2\/product_brand?post=8072"},{"taxonomy":"product_cat","embeddable":true,"href":"https:\/\/abaa.mx\/tienda\/wp-json\/wp\/v2\/product_cat?post=8072"},{"taxonomy":"product_tag","embeddable":true,"href":"https:\/\/abaa.mx\/tienda\/wp-json\/wp\/v2\/product_tag?post=8072"}],"curies":[{"name":"wp","href":"https:\/\/api.w.org\/{rel}","templated":true}]}}