{"id":8071,"date":"2023-10-27T15:32:47","date_gmt":"2023-10-27T15:32:47","guid":{"rendered":"https:\/\/abaa.mx\/tienda\/?post_type=product&#038;p=8071"},"modified":"2023-10-27T15:32:48","modified_gmt":"2023-10-27T15:32:48","slug":"cronometro-simple-con-pantalla-lcd-ax705","status":"publish","type":"product","link":"https:\/\/abaa.mx\/tienda\/cronometro-simple-con-pantalla-lcd-ax705\/","title":{"rendered":"Cronometro Simple con Pantalla LCD &#8211; AX705"},"content":{"rendered":"<p>Cronometro Simple con Pantalla LCD &#8211; AX705<\/p>\n","protected":false},"excerpt":{"rendered":"<p>AX 605SBL AX Pro Series Cron\u00f3metro es ideal para eventos de tiempo, con d\u00edgitos extremadamente grandes para una f\u00e1cil visualizaci\u00f3n en el campo, pista, piscina de su cron\u00f3metro.<\/p>\n<ul>\n<li>Sistema operativo AOS 4.5<\/li>\n<li>El AX 705 viene con s\u00faper (continuo encendido) retroiluminaci\u00f3n<\/li>\n<li>Resistente al agua<\/li>\n<li>Temporizaci\u00f3n de eventos de entrada \/ salida de tiempo<\/li>\n<li>Rango de tiempo 10 horas<\/li>\n<li>Retroiluminaci\u00f3n<\/li>\n<li>Exclusivo sistema operativo &#8220;AOS&#8221; con funci\u00f3n de bot\u00f3n doble izquierda \/ derecha,<\/li>\n<li>Caracter\u00edsticas:<\/li>\n<li>Pantalla de cristal l\u00edquido Magnum<\/li>\n<li>3 a\u00f1os de duraci\u00f3n de la bater\u00eda<\/li>\n<li>Dise\u00f1ado para dar a los entrenadores, atletas y temporizadores el tiempo m\u00e1s preciso disponible.<\/li>\n<li>Todos los cron\u00f3metros de la serie AX Pro est\u00e1n recubiertos con el distintivo y ergon\u00f3mico ACCUSPLIT.<\/li>\n<\/ul>\n","protected":false},"featured_media":8076,"comment_status":"open","ping_status":"closed","template":"","meta":{"_joinchat":[]},"product_brand":[],"product_cat":[64],"product_tag":[],"class_list":{"0":"post-8071","1":"product","2":"type-product","3":"status-publish","4":"has-post-thumbnail","6":"product_cat-cronometros","8":"first","9":"instock","10":"shipping-taxable","11":"product-type-simple"},"yoast_head":"<!-- This site is optimized with the Yoast SEO plugin v26.4 - https:\/\/yoast.com\/wordpress\/plugins\/seo\/ -->\n<title>Cronometro Simple con Pantalla LCD - AX705 - Abaa tienda online<\/title>\n<meta name=\"robots\" content=\"index, follow, max-snippet:-1, max-image-preview:large, max-video-preview:-1\" \/>\n<link rel=\"canonical\" href=\"https:\/\/abaa.mx\/tienda\/cronometro-simple-con-pantalla-lcd-ax705\/\" \/>\n<meta property=\"og:locale\" content=\"es_MX\" \/>\n<meta property=\"og:type\" content=\"article\" \/>\n<meta property=\"og:title\" content=\"Cronometro Simple con Pantalla LCD - AX705 - Abaa tienda online\" \/>\n<meta property=\"og:description\" content=\"AX 605SBL AX Pro Series Cron\u00f3metro es ideal para eventos de tiempo, con d\u00edgitos extremadamente grandes para una f\u00e1cil visualizaci\u00f3n en el campo, pista, piscina de su cron\u00f3metro.   Sistema operativo AOS 4.5  El AX 705 viene con s\u00faper (continuo encendido) retroiluminaci\u00f3n  Resistente al agua  Temporizaci\u00f3n de eventos de entrada \/ salida de tiempo  Rango de tiempo 10 horas  Retroiluminaci\u00f3n  Exclusivo sistema operativo &quot;AOS&quot; con funci\u00f3n de bot\u00f3n doble izquierda \/ derecha,  Caracter\u00edsticas:  Pantalla de cristal l\u00edquido Magnum  3 a\u00f1os de duraci\u00f3n de la bater\u00eda  Dise\u00f1ado para dar a los entrenadores, atletas y temporizadores el tiempo m\u00e1s preciso disponible.  Todos los cron\u00f3metros de la serie AX Pro est\u00e1n recubiertos con el distintivo y ergon\u00f3mico ACCUSPLIT.\" \/>\n<meta property=\"og:url\" content=\"https:\/\/abaa.mx\/tienda\/cronometro-simple-con-pantalla-lcd-ax705\/\" \/>\n<meta property=\"og:site_name\" content=\"Abaa tienda online\" \/>\n<meta property=\"article:modified_time\" content=\"2023-10-27T15:32:48+00:00\" \/>\n<meta property=\"og:image\" content=\"https:\/\/abaa.mx\/tienda\/wp-content\/uploads\/2023\/10\/ACCUSPLIT-LDC-AX705.jpg\" \/>\n\t<meta property=\"og:image:width\" content=\"450\" \/>\n\t<meta property=\"og:image:height\" content=\"450\" \/>\n\t<meta property=\"og:image:type\" content=\"image\/jpeg\" \/>\n<meta name=\"twitter:card\" content=\"summary_large_image\" \/>\n<meta name=\"twitter:label1\" content=\"Tiempo de lectura\" \/>\n\t<meta name=\"twitter:data1\" content=\"1 minuto\" \/>\n<script type=\"application\/ld+json\" class=\"yoast-schema-graph\">{\"@context\":\"https:\/\/schema.org\",\"@graph\":[{\"@type\":\"WebPage\",\"@id\":\"https:\/\/abaa.mx\/tienda\/cronometro-simple-con-pantalla-lcd-ax705\/\",\"url\":\"https:\/\/abaa.mx\/tienda\/cronometro-simple-con-pantalla-lcd-ax705\/\",\"name\":\"Cronometro Simple con Pantalla LCD - AX705 - Abaa tienda online\",\"isPartOf\":{\"@id\":\"https:\/\/abaa.mx\/tienda\/#website\"},\"primaryImageOfPage\":{\"@id\":\"https:\/\/abaa.mx\/tienda\/cronometro-simple-con-pantalla-lcd-ax705\/#primaryimage\"},\"image\":{\"@id\":\"https:\/\/abaa.mx\/tienda\/cronometro-simple-con-pantalla-lcd-ax705\/#primaryimage\"},\"thumbnailUrl\":\"https:\/\/abaa.mx\/tienda\/wp-content\/uploads\/2023\/10\/ACCUSPLIT-LDC-AX705.jpg\",\"datePublished\":\"2023-10-27T15:32:47+00:00\",\"dateModified\":\"2023-10-27T15:32:48+00:00\",\"breadcrumb\":{\"@id\":\"https:\/\/abaa.mx\/tienda\/cronometro-simple-con-pantalla-lcd-ax705\/#breadcrumb\"},\"inLanguage\":\"es\",\"potentialAction\":[{\"@type\":\"ReadAction\",\"target\":[\"https:\/\/abaa.mx\/tienda\/cronometro-simple-con-pantalla-lcd-ax705\/\"]}]},{\"@type\":\"ImageObject\",\"inLanguage\":\"es\",\"@id\":\"https:\/\/abaa.mx\/tienda\/cronometro-simple-con-pantalla-lcd-ax705\/#primaryimage\",\"url\":\"https:\/\/abaa.mx\/tienda\/wp-content\/uploads\/2023\/10\/ACCUSPLIT-LDC-AX705.jpg\",\"contentUrl\":\"https:\/\/abaa.mx\/tienda\/wp-content\/uploads\/2023\/10\/ACCUSPLIT-LDC-AX705.jpg\",\"width\":450,\"height\":450,\"caption\":\"ACCUSPLIT-LDC-AX705\"},{\"@type\":\"BreadcrumbList\",\"@id\":\"https:\/\/abaa.mx\/tienda\/cronometro-simple-con-pantalla-lcd-ax705\/#breadcrumb\",\"itemListElement\":[{\"@type\":\"ListItem\",\"position\":1,\"name\":\"Inicio\",\"item\":\"https:\/\/abaa.mx\/tienda\/\"},{\"@type\":\"ListItem\",\"position\":2,\"name\":\"Tienda\",\"item\":\"https:\/\/abaa.mx\/tienda\/\"},{\"@type\":\"ListItem\",\"position\":3,\"name\":\"Cronometro Simple con Pantalla LCD &#8211; AX705\"}]},{\"@type\":\"WebSite\",\"@id\":\"https:\/\/abaa.mx\/tienda\/#website\",\"url\":\"https:\/\/abaa.mx\/tienda\/\",\"name\":\"Abaa tienda online\",\"description\":\"Instrumentos de medici\u00f3n\",\"publisher\":{\"@id\":\"https:\/\/abaa.mx\/tienda\/#organization\"},\"potentialAction\":[{\"@type\":\"SearchAction\",\"target\":{\"@type\":\"EntryPoint\",\"urlTemplate\":\"https:\/\/abaa.mx\/tienda\/?s={search_term_string}\"},\"query-input\":{\"@type\":\"PropertyValueSpecification\",\"valueRequired\":true,\"valueName\":\"search_term_string\"}}],\"inLanguage\":\"es\"},{\"@type\":\"Organization\",\"@id\":\"https:\/\/abaa.mx\/tienda\/#organization\",\"name\":\"Abaa tienda online\",\"url\":\"https:\/\/abaa.mx\/tienda\/\",\"logo\":{\"@type\":\"ImageObject\",\"inLanguage\":\"es\",\"@id\":\"https:\/\/abaa.mx\/tienda\/#\/schema\/logo\/image\/\",\"url\":\"https:\/\/abaa.mx\/tienda\/wp-content\/uploads\/2024\/01\/abaa-metrologia-tienda.png\",\"contentUrl\":\"https:\/\/abaa.mx\/tienda\/wp-content\/uploads\/2024\/01\/abaa-metrologia-tienda.png\",\"width\":300,\"height\":141,\"caption\":\"Abaa tienda online\"},\"image\":{\"@id\":\"https:\/\/abaa.mx\/tienda\/#\/schema\/logo\/image\/\"}}]}<\/script>\n<!-- \/ Yoast SEO plugin. -->","yoast_head_json":{"title":"Cronometro Simple con Pantalla LCD - AX705 - Abaa tienda online","robots":{"index":"index","follow":"follow","max-snippet":"max-snippet:-1","max-image-preview":"max-image-preview:large","max-video-preview":"max-video-preview:-1"},"canonical":"https:\/\/abaa.mx\/tienda\/cronometro-simple-con-pantalla-lcd-ax705\/","og_locale":"es_MX","og_type":"article","og_title":"Cronometro Simple con Pantalla LCD - AX705 - Abaa tienda online","og_description":"AX 605SBL AX Pro Series Cron\u00f3metro es ideal para eventos de tiempo, con d\u00edgitos extremadamente grandes para una f\u00e1cil visualizaci\u00f3n en el campo, pista, piscina de su cron\u00f3metro.   Sistema operativo AOS 4.5  El AX 705 viene con s\u00faper (continuo encendido) retroiluminaci\u00f3n  Resistente al agua  Temporizaci\u00f3n de eventos de entrada \/ salida de tiempo  Rango de tiempo 10 horas  Retroiluminaci\u00f3n  Exclusivo sistema operativo \"AOS\" con funci\u00f3n de bot\u00f3n doble izquierda \/ derecha,  Caracter\u00edsticas:  Pantalla de cristal l\u00edquido Magnum  3 a\u00f1os de duraci\u00f3n de la bater\u00eda  Dise\u00f1ado para dar a los entrenadores, atletas y temporizadores el tiempo m\u00e1s preciso disponible.  Todos los cron\u00f3metros de la serie AX Pro est\u00e1n recubiertos con el distintivo y ergon\u00f3mico ACCUSPLIT.","og_url":"https:\/\/abaa.mx\/tienda\/cronometro-simple-con-pantalla-lcd-ax705\/","og_site_name":"Abaa tienda online","article_modified_time":"2023-10-27T15:32:48+00:00","og_image":[{"width":450,"height":450,"url":"https:\/\/abaa.mx\/tienda\/wp-content\/uploads\/2023\/10\/ACCUSPLIT-LDC-AX705.jpg","type":"image\/jpeg"}],"twitter_card":"summary_large_image","twitter_misc":{"Tiempo de lectura":"1 minuto"},"schema":{"@context":"https:\/\/schema.org","@graph":[{"@type":"WebPage","@id":"https:\/\/abaa.mx\/tienda\/cronometro-simple-con-pantalla-lcd-ax705\/","url":"https:\/\/abaa.mx\/tienda\/cronometro-simple-con-pantalla-lcd-ax705\/","name":"Cronometro Simple con Pantalla LCD - AX705 - Abaa tienda online","isPartOf":{"@id":"https:\/\/abaa.mx\/tienda\/#website"},"primaryImageOfPage":{"@id":"https:\/\/abaa.mx\/tienda\/cronometro-simple-con-pantalla-lcd-ax705\/#primaryimage"},"image":{"@id":"https:\/\/abaa.mx\/tienda\/cronometro-simple-con-pantalla-lcd-ax705\/#primaryimage"},"thumbnailUrl":"https:\/\/abaa.mx\/tienda\/wp-content\/uploads\/2023\/10\/ACCUSPLIT-LDC-AX705.jpg","datePublished":"2023-10-27T15:32:47+00:00","dateModified":"2023-10-27T15:32:48+00:00","breadcrumb":{"@id":"https:\/\/abaa.mx\/tienda\/cronometro-simple-con-pantalla-lcd-ax705\/#breadcrumb"},"inLanguage":"es","potentialAction":[{"@type":"ReadAction","target":["https:\/\/abaa.mx\/tienda\/cronometro-simple-con-pantalla-lcd-ax705\/"]}]},{"@type":"ImageObject","inLanguage":"es","@id":"https:\/\/abaa.mx\/tienda\/cronometro-simple-con-pantalla-lcd-ax705\/#primaryimage","url":"https:\/\/abaa.mx\/tienda\/wp-content\/uploads\/2023\/10\/ACCUSPLIT-LDC-AX705.jpg","contentUrl":"https:\/\/abaa.mx\/tienda\/wp-content\/uploads\/2023\/10\/ACCUSPLIT-LDC-AX705.jpg","width":450,"height":450,"caption":"ACCUSPLIT-LDC-AX705"},{"@type":"BreadcrumbList","@id":"https:\/\/abaa.mx\/tienda\/cronometro-simple-con-pantalla-lcd-ax705\/#breadcrumb","itemListElement":[{"@type":"ListItem","position":1,"name":"Inicio","item":"https:\/\/abaa.mx\/tienda\/"},{"@type":"ListItem","position":2,"name":"Tienda","item":"https:\/\/abaa.mx\/tienda\/"},{"@type":"ListItem","position":3,"name":"Cronometro Simple con Pantalla LCD &#8211; AX705"}]},{"@type":"WebSite","@id":"https:\/\/abaa.mx\/tienda\/#website","url":"https:\/\/abaa.mx\/tienda\/","name":"Abaa tienda online","description":"Instrumentos de medici\u00f3n","publisher":{"@id":"https:\/\/abaa.mx\/tienda\/#organization"},"potentialAction":[{"@type":"SearchAction","target":{"@type":"EntryPoint","urlTemplate":"https:\/\/abaa.mx\/tienda\/?s={search_term_string}"},"query-input":{"@type":"PropertyValueSpecification","valueRequired":true,"valueName":"search_term_string"}}],"inLanguage":"es"},{"@type":"Organization","@id":"https:\/\/abaa.mx\/tienda\/#organization","name":"Abaa tienda online","url":"https:\/\/abaa.mx\/tienda\/","logo":{"@type":"ImageObject","inLanguage":"es","@id":"https:\/\/abaa.mx\/tienda\/#\/schema\/logo\/image\/","url":"https:\/\/abaa.mx\/tienda\/wp-content\/uploads\/2024\/01\/abaa-metrologia-tienda.png","contentUrl":"https:\/\/abaa.mx\/tienda\/wp-content\/uploads\/2024\/01\/abaa-metrologia-tienda.png","width":300,"height":141,"caption":"Abaa tienda online"},"image":{"@id":"https:\/\/abaa.mx\/tienda\/#\/schema\/logo\/image\/"}}]}},"_links":{"self":[{"href":"https:\/\/abaa.mx\/tienda\/wp-json\/wp\/v2\/product\/8071","targetHints":{"allow":["GET"]}}],"collection":[{"href":"https:\/\/abaa.mx\/tienda\/wp-json\/wp\/v2\/product"}],"about":[{"href":"https:\/\/abaa.mx\/tienda\/wp-json\/wp\/v2\/types\/product"}],"replies":[{"embeddable":true,"href":"https:\/\/abaa.mx\/tienda\/wp-json\/wp\/v2\/comments?post=8071"}],"wp:featuredmedia":[{"embeddable":true,"href":"https:\/\/abaa.mx\/tienda\/wp-json\/wp\/v2\/media\/8076"}],"wp:attachment":[{"href":"https:\/\/abaa.mx\/tienda\/wp-json\/wp\/v2\/media?parent=8071"}],"wp:term":[{"taxonomy":"product_brand","embeddable":true,"href":"https:\/\/abaa.mx\/tienda\/wp-json\/wp\/v2\/product_brand?post=8071"},{"taxonomy":"product_cat","embeddable":true,"href":"https:\/\/abaa.mx\/tienda\/wp-json\/wp\/v2\/product_cat?post=8071"},{"taxonomy":"product_tag","embeddable":true,"href":"https:\/\/abaa.mx\/tienda\/wp-json\/wp\/v2\/product_tag?post=8071"}],"curies":[{"name":"wp","href":"https:\/\/api.w.org\/{rel}","templated":true}]}}