{"id":8069,"date":"2023-10-27T15:25:17","date_gmt":"2023-10-27T15:25:17","guid":{"rendered":"https:\/\/abaa.mx\/tienda\/?post_type=product&#038;p=8069"},"modified":"2023-10-27T15:25:18","modified_gmt":"2023-10-27T15:25:18","slug":"cronometro-casio-hs3-a-100-laps","status":"publish","type":"product","link":"https:\/\/abaa.mx\/tienda\/cronometro-casio-hs3-a-100-laps\/","title":{"rendered":"Cronometro CASIO HS3 a 100 laps"},"content":{"rendered":"<p>Cronometro CASIO HS3 a 100 laps<\/p>\n","protected":false},"excerpt":{"rendered":"<ul>\n<li>Caja Resina Apto uso industrial<\/li>\n<li>La fracci\u00f3n indica la unidad de medici\u00f3n, mientras las cifras de tiempo indican las mediciones m\u00e1ximas de tiempo.<\/li>\n<li>Medici\u00f3n precisa de tiempo transcurrido con el toque de un bot\u00f3n.<\/li>\n<li>40,3 g<\/li>\n<li>Peso<\/li>\n<li>Cron\u00f3metro (1\/100 seg. \u2013 10 horas)<\/li>\n<li>SPLIT\/LAP\/Reset<\/li>\n<li>Dimensiones<\/li>\n<li>Tipo de pila CR2016<\/li>\n<li>62mm x 63,5mm x 17mm (A x A x P)<\/li>\n<\/ul>\n","protected":false},"featured_media":8073,"comment_status":"open","ping_status":"closed","template":"","meta":{"_joinchat":[]},"product_brand":[],"product_cat":[64],"product_tag":[],"class_list":{"0":"post-8069","1":"product","2":"type-product","3":"status-publish","4":"has-post-thumbnail","6":"product_cat-cronometros","8":"first","9":"instock","10":"shipping-taxable","11":"product-type-simple"},"yoast_head":"<!-- This site is optimized with the Yoast SEO plugin v26.4 - https:\/\/yoast.com\/wordpress\/plugins\/seo\/ -->\n<title>Cronometro CASIO HS3 a 100 laps - Abaa tienda online<\/title>\n<meta name=\"robots\" content=\"index, follow, max-snippet:-1, max-image-preview:large, max-video-preview:-1\" \/>\n<link rel=\"canonical\" href=\"https:\/\/abaa.mx\/tienda\/cronometro-casio-hs3-a-100-laps\/\" \/>\n<meta property=\"og:locale\" content=\"es_MX\" \/>\n<meta property=\"og:type\" content=\"article\" \/>\n<meta property=\"og:title\" content=\"Cronometro CASIO HS3 a 100 laps - Abaa tienda online\" \/>\n<meta property=\"og:description\" content=\"Caja Resina Apto uso industrial  La fracci\u00f3n indica la unidad de medici\u00f3n, mientras las cifras de tiempo indican las mediciones m\u00e1ximas de tiempo.  Medici\u00f3n precisa de tiempo transcurrido con el toque de un bot\u00f3n.  40,3 g  Peso  Cron\u00f3metro (1\/100 seg. \u2013 10 horas)  SPLIT\/LAP\/Reset  Dimensiones  Tipo de pila CR2016  62mm x 63,5mm x 17mm (A x A x P)\" \/>\n<meta property=\"og:url\" content=\"https:\/\/abaa.mx\/tienda\/cronometro-casio-hs3-a-100-laps\/\" \/>\n<meta property=\"og:site_name\" content=\"Abaa tienda online\" \/>\n<meta property=\"article:modified_time\" content=\"2023-10-27T15:25:18+00:00\" \/>\n<meta property=\"og:image\" content=\"https:\/\/abaa.mx\/tienda\/wp-content\/uploads\/2023\/10\/ALFAMETRIC-HS3-A-100.jpg\" \/>\n\t<meta property=\"og:image:width\" content=\"510\" \/>\n\t<meta property=\"og:image:height\" content=\"510\" \/>\n\t<meta property=\"og:image:type\" content=\"image\/jpeg\" \/>\n<meta name=\"twitter:card\" content=\"summary_large_image\" \/>\n<meta name=\"twitter:label1\" content=\"Tiempo de lectura\" \/>\n\t<meta name=\"twitter:data1\" content=\"1 minuto\" \/>\n<script type=\"application\/ld+json\" class=\"yoast-schema-graph\">{\"@context\":\"https:\/\/schema.org\",\"@graph\":[{\"@type\":\"WebPage\",\"@id\":\"https:\/\/abaa.mx\/tienda\/cronometro-casio-hs3-a-100-laps\/\",\"url\":\"https:\/\/abaa.mx\/tienda\/cronometro-casio-hs3-a-100-laps\/\",\"name\":\"Cronometro CASIO HS3 a 100 laps - Abaa tienda online\",\"isPartOf\":{\"@id\":\"https:\/\/abaa.mx\/tienda\/#website\"},\"primaryImageOfPage\":{\"@id\":\"https:\/\/abaa.mx\/tienda\/cronometro-casio-hs3-a-100-laps\/#primaryimage\"},\"image\":{\"@id\":\"https:\/\/abaa.mx\/tienda\/cronometro-casio-hs3-a-100-laps\/#primaryimage\"},\"thumbnailUrl\":\"https:\/\/abaa.mx\/tienda\/wp-content\/uploads\/2023\/10\/ALFAMETRIC-HS3-A-100.jpg\",\"datePublished\":\"2023-10-27T15:25:17+00:00\",\"dateModified\":\"2023-10-27T15:25:18+00:00\",\"breadcrumb\":{\"@id\":\"https:\/\/abaa.mx\/tienda\/cronometro-casio-hs3-a-100-laps\/#breadcrumb\"},\"inLanguage\":\"es\",\"potentialAction\":[{\"@type\":\"ReadAction\",\"target\":[\"https:\/\/abaa.mx\/tienda\/cronometro-casio-hs3-a-100-laps\/\"]}]},{\"@type\":\"ImageObject\",\"inLanguage\":\"es\",\"@id\":\"https:\/\/abaa.mx\/tienda\/cronometro-casio-hs3-a-100-laps\/#primaryimage\",\"url\":\"https:\/\/abaa.mx\/tienda\/wp-content\/uploads\/2023\/10\/ALFAMETRIC-HS3-A-100.jpg\",\"contentUrl\":\"https:\/\/abaa.mx\/tienda\/wp-content\/uploads\/2023\/10\/ALFAMETRIC-HS3-A-100.jpg\",\"width\":510,\"height\":510,\"caption\":\"ALFAMETRIC-HS3 A 100\"},{\"@type\":\"BreadcrumbList\",\"@id\":\"https:\/\/abaa.mx\/tienda\/cronometro-casio-hs3-a-100-laps\/#breadcrumb\",\"itemListElement\":[{\"@type\":\"ListItem\",\"position\":1,\"name\":\"Inicio\",\"item\":\"https:\/\/abaa.mx\/tienda\/\"},{\"@type\":\"ListItem\",\"position\":2,\"name\":\"Tienda\",\"item\":\"https:\/\/abaa.mx\/tienda\/\"},{\"@type\":\"ListItem\",\"position\":3,\"name\":\"Cronometro CASIO HS3 a 100 laps\"}]},{\"@type\":\"WebSite\",\"@id\":\"https:\/\/abaa.mx\/tienda\/#website\",\"url\":\"https:\/\/abaa.mx\/tienda\/\",\"name\":\"Abaa tienda online\",\"description\":\"Instrumentos de medici\u00f3n\",\"publisher\":{\"@id\":\"https:\/\/abaa.mx\/tienda\/#organization\"},\"potentialAction\":[{\"@type\":\"SearchAction\",\"target\":{\"@type\":\"EntryPoint\",\"urlTemplate\":\"https:\/\/abaa.mx\/tienda\/?s={search_term_string}\"},\"query-input\":{\"@type\":\"PropertyValueSpecification\",\"valueRequired\":true,\"valueName\":\"search_term_string\"}}],\"inLanguage\":\"es\"},{\"@type\":\"Organization\",\"@id\":\"https:\/\/abaa.mx\/tienda\/#organization\",\"name\":\"Abaa tienda online\",\"url\":\"https:\/\/abaa.mx\/tienda\/\",\"logo\":{\"@type\":\"ImageObject\",\"inLanguage\":\"es\",\"@id\":\"https:\/\/abaa.mx\/tienda\/#\/schema\/logo\/image\/\",\"url\":\"https:\/\/abaa.mx\/tienda\/wp-content\/uploads\/2024\/01\/abaa-metrologia-tienda.png\",\"contentUrl\":\"https:\/\/abaa.mx\/tienda\/wp-content\/uploads\/2024\/01\/abaa-metrologia-tienda.png\",\"width\":300,\"height\":141,\"caption\":\"Abaa tienda online\"},\"image\":{\"@id\":\"https:\/\/abaa.mx\/tienda\/#\/schema\/logo\/image\/\"}}]}<\/script>\n<!-- \/ Yoast SEO plugin. -->","yoast_head_json":{"title":"Cronometro CASIO HS3 a 100 laps - Abaa tienda online","robots":{"index":"index","follow":"follow","max-snippet":"max-snippet:-1","max-image-preview":"max-image-preview:large","max-video-preview":"max-video-preview:-1"},"canonical":"https:\/\/abaa.mx\/tienda\/cronometro-casio-hs3-a-100-laps\/","og_locale":"es_MX","og_type":"article","og_title":"Cronometro CASIO HS3 a 100 laps - Abaa tienda online","og_description":"Caja Resina Apto uso industrial  La fracci\u00f3n indica la unidad de medici\u00f3n, mientras las cifras de tiempo indican las mediciones m\u00e1ximas de tiempo.  Medici\u00f3n precisa de tiempo transcurrido con el toque de un bot\u00f3n.  40,3 g  Peso  Cron\u00f3metro (1\/100 seg. \u2013 10 horas)  SPLIT\/LAP\/Reset  Dimensiones  Tipo de pila CR2016  62mm x 63,5mm x 17mm (A x A x P)","og_url":"https:\/\/abaa.mx\/tienda\/cronometro-casio-hs3-a-100-laps\/","og_site_name":"Abaa tienda online","article_modified_time":"2023-10-27T15:25:18+00:00","og_image":[{"width":510,"height":510,"url":"https:\/\/abaa.mx\/tienda\/wp-content\/uploads\/2023\/10\/ALFAMETRIC-HS3-A-100.jpg","type":"image\/jpeg"}],"twitter_card":"summary_large_image","twitter_misc":{"Tiempo de lectura":"1 minuto"},"schema":{"@context":"https:\/\/schema.org","@graph":[{"@type":"WebPage","@id":"https:\/\/abaa.mx\/tienda\/cronometro-casio-hs3-a-100-laps\/","url":"https:\/\/abaa.mx\/tienda\/cronometro-casio-hs3-a-100-laps\/","name":"Cronometro CASIO HS3 a 100 laps - Abaa tienda online","isPartOf":{"@id":"https:\/\/abaa.mx\/tienda\/#website"},"primaryImageOfPage":{"@id":"https:\/\/abaa.mx\/tienda\/cronometro-casio-hs3-a-100-laps\/#primaryimage"},"image":{"@id":"https:\/\/abaa.mx\/tienda\/cronometro-casio-hs3-a-100-laps\/#primaryimage"},"thumbnailUrl":"https:\/\/abaa.mx\/tienda\/wp-content\/uploads\/2023\/10\/ALFAMETRIC-HS3-A-100.jpg","datePublished":"2023-10-27T15:25:17+00:00","dateModified":"2023-10-27T15:25:18+00:00","breadcrumb":{"@id":"https:\/\/abaa.mx\/tienda\/cronometro-casio-hs3-a-100-laps\/#breadcrumb"},"inLanguage":"es","potentialAction":[{"@type":"ReadAction","target":["https:\/\/abaa.mx\/tienda\/cronometro-casio-hs3-a-100-laps\/"]}]},{"@type":"ImageObject","inLanguage":"es","@id":"https:\/\/abaa.mx\/tienda\/cronometro-casio-hs3-a-100-laps\/#primaryimage","url":"https:\/\/abaa.mx\/tienda\/wp-content\/uploads\/2023\/10\/ALFAMETRIC-HS3-A-100.jpg","contentUrl":"https:\/\/abaa.mx\/tienda\/wp-content\/uploads\/2023\/10\/ALFAMETRIC-HS3-A-100.jpg","width":510,"height":510,"caption":"ALFAMETRIC-HS3 A 100"},{"@type":"BreadcrumbList","@id":"https:\/\/abaa.mx\/tienda\/cronometro-casio-hs3-a-100-laps\/#breadcrumb","itemListElement":[{"@type":"ListItem","position":1,"name":"Inicio","item":"https:\/\/abaa.mx\/tienda\/"},{"@type":"ListItem","position":2,"name":"Tienda","item":"https:\/\/abaa.mx\/tienda\/"},{"@type":"ListItem","position":3,"name":"Cronometro CASIO HS3 a 100 laps"}]},{"@type":"WebSite","@id":"https:\/\/abaa.mx\/tienda\/#website","url":"https:\/\/abaa.mx\/tienda\/","name":"Abaa tienda online","description":"Instrumentos de medici\u00f3n","publisher":{"@id":"https:\/\/abaa.mx\/tienda\/#organization"},"potentialAction":[{"@type":"SearchAction","target":{"@type":"EntryPoint","urlTemplate":"https:\/\/abaa.mx\/tienda\/?s={search_term_string}"},"query-input":{"@type":"PropertyValueSpecification","valueRequired":true,"valueName":"search_term_string"}}],"inLanguage":"es"},{"@type":"Organization","@id":"https:\/\/abaa.mx\/tienda\/#organization","name":"Abaa tienda online","url":"https:\/\/abaa.mx\/tienda\/","logo":{"@type":"ImageObject","inLanguage":"es","@id":"https:\/\/abaa.mx\/tienda\/#\/schema\/logo\/image\/","url":"https:\/\/abaa.mx\/tienda\/wp-content\/uploads\/2024\/01\/abaa-metrologia-tienda.png","contentUrl":"https:\/\/abaa.mx\/tienda\/wp-content\/uploads\/2024\/01\/abaa-metrologia-tienda.png","width":300,"height":141,"caption":"Abaa tienda online"},"image":{"@id":"https:\/\/abaa.mx\/tienda\/#\/schema\/logo\/image\/"}}]}},"_links":{"self":[{"href":"https:\/\/abaa.mx\/tienda\/wp-json\/wp\/v2\/product\/8069","targetHints":{"allow":["GET"]}}],"collection":[{"href":"https:\/\/abaa.mx\/tienda\/wp-json\/wp\/v2\/product"}],"about":[{"href":"https:\/\/abaa.mx\/tienda\/wp-json\/wp\/v2\/types\/product"}],"replies":[{"embeddable":true,"href":"https:\/\/abaa.mx\/tienda\/wp-json\/wp\/v2\/comments?post=8069"}],"wp:featuredmedia":[{"embeddable":true,"href":"https:\/\/abaa.mx\/tienda\/wp-json\/wp\/v2\/media\/8073"}],"wp:attachment":[{"href":"https:\/\/abaa.mx\/tienda\/wp-json\/wp\/v2\/media?parent=8069"}],"wp:term":[{"taxonomy":"product_brand","embeddable":true,"href":"https:\/\/abaa.mx\/tienda\/wp-json\/wp\/v2\/product_brand?post=8069"},{"taxonomy":"product_cat","embeddable":true,"href":"https:\/\/abaa.mx\/tienda\/wp-json\/wp\/v2\/product_cat?post=8069"},{"taxonomy":"product_tag","embeddable":true,"href":"https:\/\/abaa.mx\/tienda\/wp-json\/wp\/v2\/product_tag?post=8069"}],"curies":[{"name":"wp","href":"https:\/\/api.w.org\/{rel}","templated":true}]}}