{"id":8067,"date":"2023-10-26T22:01:16","date_gmt":"2023-10-26T22:01:16","guid":{"rendered":"https:\/\/abaa.mx\/tienda\/?post_type=product&#038;p=8067"},"modified":"2023-10-26T22:01:41","modified_gmt":"2023-10-26T22:01:41","slug":"1052-traceable-cronometro-digital-a-300-memorias-certificado-ante-nist","status":"publish","type":"product","link":"https:\/\/abaa.mx\/tienda\/1052-traceable-cronometro-digital-a-300-memorias-certificado-ante-nist\/","title":{"rendered":"1052 TRACEABLE Cronometro Digital a 300 Memorias Certificado ante NIST"},"content":{"rendered":"<p>1052 TRACEABLE Cronometro Digital a 300 Memorias Certificado ante NIST<\/p>\n","protected":false},"excerpt":{"rendered":"<p>La pantalla de tres l\u00edneas muestra simult\u00e1neamente el tiempo de ejecuci\u00f3n, la divisi\u00f3n acumulativa y la divisi\u00f3n de intervalo. Puede recuperar hasta 300 memorias durante y tras la sincronizaci\u00f3n del acontecimiento. Da funcionalidades repetidas de temporizaci\u00f3n de alarma de cuenta recesiva. Config\u00farelo para que realice una cuenta recesiva en cualquier momento desde diez horas hasta 1 segundo. Cuando se llega a cero, el temporizador emite una alarma y empieza a contar nuevamente desde el tiempo programado. Este per\u00edodo de repetici\u00f3n sigue de forma autom\u00e1tica hasta que se detiene. La pantalla siempre exhibe el tiempo de funcionamiento sobrante hasta cero y los ciclos contados de 1 a 300. Las especificaciones asimismo incluyen funcionalidades de c\u00e1lculo de marcapasos, carrera y agilidad. Como cron\u00f3grafo, la unidad exhibe la hora del d\u00eda en horas, minutos y segundos, AM \/ PM, fecha y d\u00eda de la semana. Tambi\u00e9n tiene una alarma de hora del d\u00eda.<\/p>\n<h3>Caracteristicas:<\/h3>\n<table width=\"491\">\n<tbody>\n<tr>\n<td width=\"221\"># Canales\/zonas<\/td>\n<td width=\"270\">1<\/td>\n<\/tr>\n<tr>\n<td width=\"221\">Capacidad de tiempo<\/td>\n<td width=\"270\">9 horas, 59 minutos, 59 segundos, 99 cent\u00e9simas<\/td>\n<\/tr>\n<tr>\n<td width=\"221\">Precisi\u00f3n de tiempo<\/td>\n<td width=\"270\">0.001% de precisi\u00f3n<\/td>\n<\/tr>\n<tr>\n<td width=\"221\">Resoluci\u00f3n de tiempo<\/td>\n<td width=\"270\">0,01 segundo<\/td>\n<\/tr>\n<tr>\n<td width=\"221\">Funciones adicionales<\/td>\n<td width=\"270\">Tiempo de espera\/tiempo de entrada, cronometraje continuo, divisi\u00f3n acumulativa, divisi\u00f3n de intervalos, memorias, contador de muestras<\/td>\n<\/tr>\n<tr>\n<td width=\"221\">Memoria<\/td>\n<td width=\"270\">Y (300)<\/td>\n<\/tr>\n<tr>\n<td width=\"221\">Cuenta ascendente\/Cuenta regresiva<\/td>\n<td width=\"270\">Cuenta regresiva I (repetir), Cuenta regresiva II, Cuenta ascendente<\/td>\n<\/tr>\n<tr>\n<td width=\"221\">Dimensiones<\/td>\n<td width=\"270\">3&#8243;x2-1\/2&#8243;x7\/8&#8243;<\/td>\n<\/tr>\n<tr>\n<td width=\"221\">Peso<\/td>\n<td width=\"270\">2-1\/2 onzas<\/td>\n<\/tr>\n<tr>\n<td width=\"221\">Enchufe de aire acondicionado (S\/N)<\/td>\n<td width=\"270\">norte<\/td>\n<\/tr>\n<tr>\n<td width=\"221\">Trazable<\/td>\n<td width=\"270\">Y<\/td>\n<\/tr>\n<tr>\n<td width=\"221\">Suministrado con<\/td>\n<td width=\"270\">bater\u00eda, cord\u00f3n, clip desmontable, Certificado Traceable<\/td>\n<\/tr>\n<\/tbody>\n<\/table>\n<h3>CONSTRUIDO PARA TRABAJAR<\/h3>\n<p>La caja de pl\u00e1stico ABS fuerte al agua, sellada con junta t\u00f3rica y fuerte a los golpes tiene lados de goma antideslizantes, ideal para empleo en laboratorios y plantas<\/p>\n","protected":false},"featured_media":8068,"comment_status":"open","ping_status":"closed","template":"","meta":{"_joinchat":[]},"product_brand":[],"product_cat":[64],"product_tag":[],"class_list":{"0":"post-8067","1":"product","2":"type-product","3":"status-publish","4":"has-post-thumbnail","6":"product_cat-cronometros","8":"first","9":"instock","10":"shipping-taxable","11":"product-type-simple"},"yoast_head":"<!-- This site is optimized with the Yoast SEO plugin v26.4 - https:\/\/yoast.com\/wordpress\/plugins\/seo\/ -->\n<title>1052 TRACEABLE Cronometro Digital a 300 Memorias Certificado ante NIST - Abaa tienda online<\/title>\n<meta name=\"robots\" content=\"index, follow, max-snippet:-1, max-image-preview:large, max-video-preview:-1\" \/>\n<link rel=\"canonical\" href=\"https:\/\/abaa.mx\/tienda\/1052-traceable-cronometro-digital-a-300-memorias-certificado-ante-nist\/\" \/>\n<meta property=\"og:locale\" content=\"es_MX\" \/>\n<meta property=\"og:type\" content=\"article\" \/>\n<meta property=\"og:title\" content=\"1052 TRACEABLE Cronometro Digital a 300 Memorias Certificado ante NIST - Abaa tienda online\" \/>\n<meta property=\"og:description\" content=\"La pantalla de tres l\u00edneas muestra simult\u00e1neamente el tiempo de ejecuci\u00f3n, la divisi\u00f3n acumulativa y la divisi\u00f3n de intervalo. Puede recuperar hasta 300 memorias durante y tras la sincronizaci\u00f3n del acontecimiento. Da funcionalidades repetidas de temporizaci\u00f3n de alarma de cuenta recesiva. Config\u00farelo para que realice una cuenta recesiva en cualquier momento desde diez horas hasta 1 segundo. Cuando se llega a cero, el temporizador emite una alarma y empieza a contar nuevamente desde el tiempo programado. Este per\u00edodo de repetici\u00f3n sigue de forma autom\u00e1tica hasta que se detiene. La pantalla siempre exhibe el tiempo de funcionamiento sobrante hasta cero y los ciclos contados de 1 a 300. Las especificaciones asimismo incluyen funcionalidades de c\u00e1lculo de marcapasos, carrera y agilidad. Como cron\u00f3grafo, la unidad exhibe la hora del d\u00eda en horas, minutos y segundos, AM \/ PM, fecha y d\u00eda de la semana. Tambi\u00e9n tiene una alarma de hora del d\u00eda. Caracteristicas:    # Canales\/zonas 1   Capacidad de tiempo 9 horas, 59 minutos, 59 segundos, 99 cent\u00e9simas   Precisi\u00f3n de tiempo 0.001% de precisi\u00f3n   Resoluci\u00f3n de tiempo 0,01 segundo   Funciones adicionales Tiempo de espera\/tiempo de entrada, cronometraje continuo, divisi\u00f3n acumulativa, divisi\u00f3n de intervalos, memorias, contador de muestras   Memoria Y (300)   Cuenta ascendente\/Cuenta regresiva Cuenta regresiva I (repetir), Cuenta regresiva II, Cuenta ascendente   Dimensiones 3&quot;x2-1\/2&quot;x7\/8&quot;   Peso 2-1\/2 onzas   Enchufe de aire acondicionado (S\/N) norte   Trazable Y   Suministrado con bater\u00eda, cord\u00f3n, clip desmontable, Certificado Traceable    CONSTRUIDO PARA TRABAJAR La caja de pl\u00e1stico ABS fuerte al agua, sellada con junta t\u00f3rica y fuerte a los golpes tiene lados de goma antideslizantes, ideal para empleo en laboratorios y plantas\" \/>\n<meta property=\"og:url\" content=\"https:\/\/abaa.mx\/tienda\/1052-traceable-cronometro-digital-a-300-memorias-certificado-ante-nist\/\" \/>\n<meta property=\"og:site_name\" content=\"Abaa tienda online\" \/>\n<meta property=\"article:modified_time\" content=\"2023-10-26T22:01:41+00:00\" \/>\n<meta property=\"og:image\" content=\"https:\/\/abaa.mx\/tienda\/wp-content\/uploads\/2023\/10\/TRACEABLE-1052.jpg\" \/>\n\t<meta property=\"og:image:width\" content=\"800\" \/>\n\t<meta property=\"og:image:height\" content=\"800\" \/>\n\t<meta property=\"og:image:type\" content=\"image\/jpeg\" \/>\n<meta name=\"twitter:card\" content=\"summary_large_image\" \/>\n<meta name=\"twitter:label1\" content=\"Tiempo de lectura\" \/>\n\t<meta name=\"twitter:data1\" content=\"1 minuto\" \/>\n<script type=\"application\/ld+json\" class=\"yoast-schema-graph\">{\"@context\":\"https:\/\/schema.org\",\"@graph\":[{\"@type\":\"WebPage\",\"@id\":\"https:\/\/abaa.mx\/tienda\/1052-traceable-cronometro-digital-a-300-memorias-certificado-ante-nist\/\",\"url\":\"https:\/\/abaa.mx\/tienda\/1052-traceable-cronometro-digital-a-300-memorias-certificado-ante-nist\/\",\"name\":\"1052 TRACEABLE Cronometro Digital a 300 Memorias Certificado ante NIST - Abaa tienda online\",\"isPartOf\":{\"@id\":\"https:\/\/abaa.mx\/tienda\/#website\"},\"primaryImageOfPage\":{\"@id\":\"https:\/\/abaa.mx\/tienda\/1052-traceable-cronometro-digital-a-300-memorias-certificado-ante-nist\/#primaryimage\"},\"image\":{\"@id\":\"https:\/\/abaa.mx\/tienda\/1052-traceable-cronometro-digital-a-300-memorias-certificado-ante-nist\/#primaryimage\"},\"thumbnailUrl\":\"https:\/\/abaa.mx\/tienda\/wp-content\/uploads\/2023\/10\/TRACEABLE-1052.jpg\",\"datePublished\":\"2023-10-26T22:01:16+00:00\",\"dateModified\":\"2023-10-26T22:01:41+00:00\",\"breadcrumb\":{\"@id\":\"https:\/\/abaa.mx\/tienda\/1052-traceable-cronometro-digital-a-300-memorias-certificado-ante-nist\/#breadcrumb\"},\"inLanguage\":\"es\",\"potentialAction\":[{\"@type\":\"ReadAction\",\"target\":[\"https:\/\/abaa.mx\/tienda\/1052-traceable-cronometro-digital-a-300-memorias-certificado-ante-nist\/\"]}]},{\"@type\":\"ImageObject\",\"inLanguage\":\"es\",\"@id\":\"https:\/\/abaa.mx\/tienda\/1052-traceable-cronometro-digital-a-300-memorias-certificado-ante-nist\/#primaryimage\",\"url\":\"https:\/\/abaa.mx\/tienda\/wp-content\/uploads\/2023\/10\/TRACEABLE-1052.jpg\",\"contentUrl\":\"https:\/\/abaa.mx\/tienda\/wp-content\/uploads\/2023\/10\/TRACEABLE-1052.jpg\",\"width\":800,\"height\":800,\"caption\":\"TRACEABLE-1052\"},{\"@type\":\"BreadcrumbList\",\"@id\":\"https:\/\/abaa.mx\/tienda\/1052-traceable-cronometro-digital-a-300-memorias-certificado-ante-nist\/#breadcrumb\",\"itemListElement\":[{\"@type\":\"ListItem\",\"position\":1,\"name\":\"Inicio\",\"item\":\"https:\/\/abaa.mx\/tienda\/\"},{\"@type\":\"ListItem\",\"position\":2,\"name\":\"Tienda\",\"item\":\"https:\/\/abaa.mx\/tienda\/\"},{\"@type\":\"ListItem\",\"position\":3,\"name\":\"1052 TRACEABLE Cronometro Digital a 300 Memorias Certificado ante NIST\"}]},{\"@type\":\"WebSite\",\"@id\":\"https:\/\/abaa.mx\/tienda\/#website\",\"url\":\"https:\/\/abaa.mx\/tienda\/\",\"name\":\"Abaa tienda online\",\"description\":\"Instrumentos de medici\u00f3n\",\"publisher\":{\"@id\":\"https:\/\/abaa.mx\/tienda\/#organization\"},\"potentialAction\":[{\"@type\":\"SearchAction\",\"target\":{\"@type\":\"EntryPoint\",\"urlTemplate\":\"https:\/\/abaa.mx\/tienda\/?s={search_term_string}\"},\"query-input\":{\"@type\":\"PropertyValueSpecification\",\"valueRequired\":true,\"valueName\":\"search_term_string\"}}],\"inLanguage\":\"es\"},{\"@type\":\"Organization\",\"@id\":\"https:\/\/abaa.mx\/tienda\/#organization\",\"name\":\"Abaa tienda online\",\"url\":\"https:\/\/abaa.mx\/tienda\/\",\"logo\":{\"@type\":\"ImageObject\",\"inLanguage\":\"es\",\"@id\":\"https:\/\/abaa.mx\/tienda\/#\/schema\/logo\/image\/\",\"url\":\"https:\/\/abaa.mx\/tienda\/wp-content\/uploads\/2024\/01\/abaa-metrologia-tienda.png\",\"contentUrl\":\"https:\/\/abaa.mx\/tienda\/wp-content\/uploads\/2024\/01\/abaa-metrologia-tienda.png\",\"width\":300,\"height\":141,\"caption\":\"Abaa tienda online\"},\"image\":{\"@id\":\"https:\/\/abaa.mx\/tienda\/#\/schema\/logo\/image\/\"}}]}<\/script>\n<!-- \/ Yoast SEO plugin. -->","yoast_head_json":{"title":"1052 TRACEABLE Cronometro Digital a 300 Memorias Certificado ante NIST - Abaa tienda online","robots":{"index":"index","follow":"follow","max-snippet":"max-snippet:-1","max-image-preview":"max-image-preview:large","max-video-preview":"max-video-preview:-1"},"canonical":"https:\/\/abaa.mx\/tienda\/1052-traceable-cronometro-digital-a-300-memorias-certificado-ante-nist\/","og_locale":"es_MX","og_type":"article","og_title":"1052 TRACEABLE Cronometro Digital a 300 Memorias Certificado ante NIST - Abaa tienda online","og_description":"La pantalla de tres l\u00edneas muestra simult\u00e1neamente el tiempo de ejecuci\u00f3n, la divisi\u00f3n acumulativa y la divisi\u00f3n de intervalo. Puede recuperar hasta 300 memorias durante y tras la sincronizaci\u00f3n del acontecimiento. Da funcionalidades repetidas de temporizaci\u00f3n de alarma de cuenta recesiva. Config\u00farelo para que realice una cuenta recesiva en cualquier momento desde diez horas hasta 1 segundo. Cuando se llega a cero, el temporizador emite una alarma y empieza a contar nuevamente desde el tiempo programado. Este per\u00edodo de repetici\u00f3n sigue de forma autom\u00e1tica hasta que se detiene. La pantalla siempre exhibe el tiempo de funcionamiento sobrante hasta cero y los ciclos contados de 1 a 300. Las especificaciones asimismo incluyen funcionalidades de c\u00e1lculo de marcapasos, carrera y agilidad. Como cron\u00f3grafo, la unidad exhibe la hora del d\u00eda en horas, minutos y segundos, AM \/ PM, fecha y d\u00eda de la semana. Tambi\u00e9n tiene una alarma de hora del d\u00eda. Caracteristicas:    # Canales\/zonas 1   Capacidad de tiempo 9 horas, 59 minutos, 59 segundos, 99 cent\u00e9simas   Precisi\u00f3n de tiempo 0.001% de precisi\u00f3n   Resoluci\u00f3n de tiempo 0,01 segundo   Funciones adicionales Tiempo de espera\/tiempo de entrada, cronometraje continuo, divisi\u00f3n acumulativa, divisi\u00f3n de intervalos, memorias, contador de muestras   Memoria Y (300)   Cuenta ascendente\/Cuenta regresiva Cuenta regresiva I (repetir), Cuenta regresiva II, Cuenta ascendente   Dimensiones 3\"x2-1\/2\"x7\/8\"   Peso 2-1\/2 onzas   Enchufe de aire acondicionado (S\/N) norte   Trazable Y   Suministrado con bater\u00eda, cord\u00f3n, clip desmontable, Certificado Traceable    CONSTRUIDO PARA TRABAJAR La caja de pl\u00e1stico ABS fuerte al agua, sellada con junta t\u00f3rica y fuerte a los golpes tiene lados de goma antideslizantes, ideal para empleo en laboratorios y plantas","og_url":"https:\/\/abaa.mx\/tienda\/1052-traceable-cronometro-digital-a-300-memorias-certificado-ante-nist\/","og_site_name":"Abaa tienda online","article_modified_time":"2023-10-26T22:01:41+00:00","og_image":[{"width":800,"height":800,"url":"https:\/\/abaa.mx\/tienda\/wp-content\/uploads\/2023\/10\/TRACEABLE-1052.jpg","type":"image\/jpeg"}],"twitter_card":"summary_large_image","twitter_misc":{"Tiempo de lectura":"1 minuto"},"schema":{"@context":"https:\/\/schema.org","@graph":[{"@type":"WebPage","@id":"https:\/\/abaa.mx\/tienda\/1052-traceable-cronometro-digital-a-300-memorias-certificado-ante-nist\/","url":"https:\/\/abaa.mx\/tienda\/1052-traceable-cronometro-digital-a-300-memorias-certificado-ante-nist\/","name":"1052 TRACEABLE Cronometro Digital a 300 Memorias Certificado ante NIST - Abaa tienda online","isPartOf":{"@id":"https:\/\/abaa.mx\/tienda\/#website"},"primaryImageOfPage":{"@id":"https:\/\/abaa.mx\/tienda\/1052-traceable-cronometro-digital-a-300-memorias-certificado-ante-nist\/#primaryimage"},"image":{"@id":"https:\/\/abaa.mx\/tienda\/1052-traceable-cronometro-digital-a-300-memorias-certificado-ante-nist\/#primaryimage"},"thumbnailUrl":"https:\/\/abaa.mx\/tienda\/wp-content\/uploads\/2023\/10\/TRACEABLE-1052.jpg","datePublished":"2023-10-26T22:01:16+00:00","dateModified":"2023-10-26T22:01:41+00:00","breadcrumb":{"@id":"https:\/\/abaa.mx\/tienda\/1052-traceable-cronometro-digital-a-300-memorias-certificado-ante-nist\/#breadcrumb"},"inLanguage":"es","potentialAction":[{"@type":"ReadAction","target":["https:\/\/abaa.mx\/tienda\/1052-traceable-cronometro-digital-a-300-memorias-certificado-ante-nist\/"]}]},{"@type":"ImageObject","inLanguage":"es","@id":"https:\/\/abaa.mx\/tienda\/1052-traceable-cronometro-digital-a-300-memorias-certificado-ante-nist\/#primaryimage","url":"https:\/\/abaa.mx\/tienda\/wp-content\/uploads\/2023\/10\/TRACEABLE-1052.jpg","contentUrl":"https:\/\/abaa.mx\/tienda\/wp-content\/uploads\/2023\/10\/TRACEABLE-1052.jpg","width":800,"height":800,"caption":"TRACEABLE-1052"},{"@type":"BreadcrumbList","@id":"https:\/\/abaa.mx\/tienda\/1052-traceable-cronometro-digital-a-300-memorias-certificado-ante-nist\/#breadcrumb","itemListElement":[{"@type":"ListItem","position":1,"name":"Inicio","item":"https:\/\/abaa.mx\/tienda\/"},{"@type":"ListItem","position":2,"name":"Tienda","item":"https:\/\/abaa.mx\/tienda\/"},{"@type":"ListItem","position":3,"name":"1052 TRACEABLE Cronometro Digital a 300 Memorias Certificado ante NIST"}]},{"@type":"WebSite","@id":"https:\/\/abaa.mx\/tienda\/#website","url":"https:\/\/abaa.mx\/tienda\/","name":"Abaa tienda online","description":"Instrumentos de medici\u00f3n","publisher":{"@id":"https:\/\/abaa.mx\/tienda\/#organization"},"potentialAction":[{"@type":"SearchAction","target":{"@type":"EntryPoint","urlTemplate":"https:\/\/abaa.mx\/tienda\/?s={search_term_string}"},"query-input":{"@type":"PropertyValueSpecification","valueRequired":true,"valueName":"search_term_string"}}],"inLanguage":"es"},{"@type":"Organization","@id":"https:\/\/abaa.mx\/tienda\/#organization","name":"Abaa tienda online","url":"https:\/\/abaa.mx\/tienda\/","logo":{"@type":"ImageObject","inLanguage":"es","@id":"https:\/\/abaa.mx\/tienda\/#\/schema\/logo\/image\/","url":"https:\/\/abaa.mx\/tienda\/wp-content\/uploads\/2024\/01\/abaa-metrologia-tienda.png","contentUrl":"https:\/\/abaa.mx\/tienda\/wp-content\/uploads\/2024\/01\/abaa-metrologia-tienda.png","width":300,"height":141,"caption":"Abaa tienda online"},"image":{"@id":"https:\/\/abaa.mx\/tienda\/#\/schema\/logo\/image\/"}}]}},"_links":{"self":[{"href":"https:\/\/abaa.mx\/tienda\/wp-json\/wp\/v2\/product\/8067","targetHints":{"allow":["GET"]}}],"collection":[{"href":"https:\/\/abaa.mx\/tienda\/wp-json\/wp\/v2\/product"}],"about":[{"href":"https:\/\/abaa.mx\/tienda\/wp-json\/wp\/v2\/types\/product"}],"replies":[{"embeddable":true,"href":"https:\/\/abaa.mx\/tienda\/wp-json\/wp\/v2\/comments?post=8067"}],"wp:featuredmedia":[{"embeddable":true,"href":"https:\/\/abaa.mx\/tienda\/wp-json\/wp\/v2\/media\/8068"}],"wp:attachment":[{"href":"https:\/\/abaa.mx\/tienda\/wp-json\/wp\/v2\/media?parent=8067"}],"wp:term":[{"taxonomy":"product_brand","embeddable":true,"href":"https:\/\/abaa.mx\/tienda\/wp-json\/wp\/v2\/product_brand?post=8067"},{"taxonomy":"product_cat","embeddable":true,"href":"https:\/\/abaa.mx\/tienda\/wp-json\/wp\/v2\/product_cat?post=8067"},{"taxonomy":"product_tag","embeddable":true,"href":"https:\/\/abaa.mx\/tienda\/wp-json\/wp\/v2\/product_tag?post=8067"}],"curies":[{"name":"wp","href":"https:\/\/api.w.org\/{rel}","templated":true}]}}