{"id":8053,"date":"2023-10-26T21:54:17","date_gmt":"2023-10-26T21:54:17","guid":{"rendered":"https:\/\/abaa.mx\/tienda\/?post_type=product&#038;p=8053"},"modified":"2023-10-26T21:54:17","modified_gmt":"2023-10-26T21:54:17","slug":"1034-traceable-cronometro-digital-resistente-a-el-agua-30-memorias-nist","status":"publish","type":"product","link":"https:\/\/abaa.mx\/tienda\/1034-traceable-cronometro-digital-resistente-a-el-agua-30-memorias-nist\/","title":{"rendered":"1034 Traceable Cronometro Digital Resistente a el Agua 30 memorias NIST"},"content":{"rendered":"<p>1034 Traceable Cronometro Digital Resistente a el Agua 30 memorias NIST<\/p>\n","protected":false},"excerpt":{"rendered":"<h3><strong>Caracter\u00edsticas:<\/strong><\/h3>\n<ul>\n<li>30 memorias, alarma.<\/li>\n<li>La pantalla dual muestra la divisi\u00f3n acumulativa y de intervalo<\/li>\n<li>Funciones de cron\u00f3metro: acci\u00f3n \u00fanica, tiempo de espera, divisi\u00f3n acumulativa, divisi\u00f3n de intervalo, tiempo de transferencia continua<\/li>\n<\/ul>\n<p>El cuadro de recuento de pantalla muestra cu\u00e1ntas veces se ha repetido el ciclo.<\/p>\n<h3>PRECISI\u00d3N DE CRISTAL DE CUARZO:<\/h3>\n<p>El dise\u00f1o de cristal de cuarzo tiene una precisi\u00f3n de 00005%, m\u00e1s de 100 veces m\u00e1s preciso que otros cron\u00f3metros. La resoluci\u00f3n es de 0,01 segundos. Tiempos hasta 9 horas, 59 minutos, 59 segundos y 99 cent\u00e9simas. Momento preciso y Traceable\u00a0 para pruebas de enzimas, mediciones de viscosidad, estudios en animales y todas las pruebas de laboratorio cronometradas. Hecho para cient\u00edficos de laboratorios industriales, acad\u00e9micos , hospitalarios y gubernamentales que insisten en la mejor instrumentaci\u00f3n. Dise\u00f1ado para facilitar la operaci\u00f3n, precisi\u00f3n y confiabilidad.<\/p>\n<table width=\"491\">\n<tbody>\n<tr>\n<td width=\"231\"># Canales\/zonas<\/td>\n<td width=\"261\">1<\/td>\n<\/tr>\n<tr>\n<td width=\"231\">Capacidad de tiempo<\/td>\n<td width=\"261\">9 horas, 59 minutos, 59 segundos, 99 cent\u00e9simas<\/td>\n<\/tr>\n<tr>\n<td width=\"231\">Precisi\u00f3n de tiempo<\/td>\n<td width=\"261\">0.0005% de precisi\u00f3n<\/td>\n<\/tr>\n<tr>\n<td width=\"231\">Resoluci\u00f3n de tiempo<\/td>\n<td width=\"261\">0,01 segundo<\/td>\n<\/tr>\n<tr>\n<td width=\"231\">Funciones adicionales<\/td>\n<td width=\"261\">Tiempo de espera\/tiempo de entrada, cronometraje continuo, divisi\u00f3n acumulativa, divisi\u00f3n de intervalos,<\/td>\n<\/tr>\n<tr>\n<td width=\"231\">Memoria<\/td>\n<td width=\"261\">Y (30)<\/td>\n<\/tr>\n<tr>\n<td width=\"231\">Cuenta ascendente\/Cuenta regresiva<\/td>\n<td width=\"261\">Cuenta ascendente\/Cuenta regresiva<\/td>\n<\/tr>\n<tr>\n<td width=\"231\">Dimensiones<\/td>\n<td width=\"261\">2-1\/2&#8243;x2&#8243;x3\/4&#8243;<\/td>\n<\/tr>\n<tr>\n<td width=\"231\">Peso<\/td>\n<td width=\"261\">2-1\/2 onzas<\/td>\n<\/tr>\n<tr>\n<td width=\"231\">Enchufe de aire acondicionado (S\/N)<\/td>\n<td width=\"261\">norte<\/td>\n<\/tr>\n<tr>\n<td width=\"231\">Trazable<\/td>\n<td width=\"261\">Y<\/td>\n<\/tr>\n<tr>\n<td width=\"231\">Suministrado con<\/td>\n<td width=\"261\">Certificado Traceable, cord\u00f3n de 48&#8243; y bater\u00eda<\/td>\n<\/tr>\n<\/tbody>\n<\/table>\n<h3 style=\"display: inline !important;\">FUNCIONES INCRE\u00cdBLES:<\/h3>\n<ul>\n<li>El temporizador de repetici\u00f3n proporciona la funci\u00f3n de repetici\u00f3n de la temporizaci\u00f3n de la alarma de cuenta regresiva<\/li>\n<li>La pantalla dual muestra la divisi\u00f3n acumulativa y de intervalo<\/li>\n<li>Configure el tiempo de cuenta regresiva de 10 horas a 1 segundo. Cuando se llega a cero, el temporizador emite una alarma y repite la cuenta atr\u00e1s desde el tiempo programado. El ciclo de repetici\u00f3n contin\u00faa autom\u00e1ticamente hasta que se detiene.<\/li>\n<li>Cuenta con ocho memorias recuperables, adem\u00e1s de tiempos de vuelta m\u00e1s r\u00e1pidos y lentos<\/li>\n<li>La pantalla LCD muestra continuamente el tiempo restante hasta cero.<\/li>\n<li>Funciones de cron\u00f3metro: acci\u00f3n \u00fanica, tiempo de espera, divisi\u00f3n acumulativa, divisi\u00f3n de intervalo, tiempo de transferencia continua<\/li>\n<li>El cuadro de recuento de pantalla muestra cu\u00e1ntas veces se ha repetido el ciclo<\/li>\n<\/ul>\n<h3>ROBUSTO, DURADERO, RESISTENTE AL AGUA:<\/h3>\n<p>La caja de pl\u00e1stico ABS fuerte y resistente al agua tiene un dise\u00f1o artesanal de leng\u00fceta y ranura y una construcci\u00f3n de junta t\u00f3rica para sellar la humedad, el polvo y los vapores que se encuentran en entornos hostiles de laboratorio, planta o campo.<\/p>\n<p>&nbsp;<\/p>\n","protected":false},"featured_media":8065,"comment_status":"open","ping_status":"closed","template":"","meta":{"_joinchat":[]},"product_brand":[],"product_cat":[64],"product_tag":[],"class_list":{"0":"post-8053","1":"product","2":"type-product","3":"status-publish","4":"has-post-thumbnail","6":"product_cat-cronometros","8":"first","9":"instock","10":"shipping-taxable","11":"product-type-simple"},"yoast_head":"<!-- This site is optimized with the Yoast SEO plugin v26.4 - https:\/\/yoast.com\/wordpress\/plugins\/seo\/ -->\n<title>1034 Traceable Cronometro Digital Resistente a el Agua 30 memorias NIST - Abaa tienda online<\/title>\n<meta name=\"robots\" content=\"index, follow, max-snippet:-1, max-image-preview:large, max-video-preview:-1\" \/>\n<link rel=\"canonical\" href=\"https:\/\/abaa.mx\/tienda\/1034-traceable-cronometro-digital-resistente-a-el-agua-30-memorias-nist\/\" \/>\n<meta property=\"og:locale\" content=\"es_MX\" \/>\n<meta property=\"og:type\" content=\"article\" \/>\n<meta property=\"og:title\" content=\"1034 Traceable Cronometro Digital Resistente a el Agua 30 memorias NIST - Abaa tienda online\" \/>\n<meta property=\"og:description\" content=\"Caracter\u00edsticas:   30 memorias, alarma.  La pantalla dual muestra la divisi\u00f3n acumulativa y de intervalo  Funciones de cron\u00f3metro: acci\u00f3n \u00fanica, tiempo de espera, divisi\u00f3n acumulativa, divisi\u00f3n de intervalo, tiempo de transferencia continua  El cuadro de recuento de pantalla muestra cu\u00e1ntas veces se ha repetido el ciclo. PRECISI\u00d3N DE CRISTAL DE CUARZO: El dise\u00f1o de cristal de cuarzo tiene una precisi\u00f3n de 00005%, m\u00e1s de 100 veces m\u00e1s preciso que otros cron\u00f3metros. La resoluci\u00f3n es de 0,01 segundos. Tiempos hasta 9 horas, 59 minutos, 59 segundos y 99 cent\u00e9simas. Momento preciso y Traceable\u00a0 para pruebas de enzimas, mediciones de viscosidad, estudios en animales y todas las pruebas de laboratorio cronometradas. Hecho para cient\u00edficos de laboratorios industriales, acad\u00e9micos , hospitalarios y gubernamentales que insisten en la mejor instrumentaci\u00f3n. Dise\u00f1ado para facilitar la operaci\u00f3n, precisi\u00f3n y confiabilidad.    # Canales\/zonas 1   Capacidad de tiempo 9 horas, 59 minutos, 59 segundos, 99 cent\u00e9simas   Precisi\u00f3n de tiempo 0.0005% de precisi\u00f3n   Resoluci\u00f3n de tiempo 0,01 segundo   Funciones adicionales Tiempo de espera\/tiempo de entrada, cronometraje continuo, divisi\u00f3n acumulativa, divisi\u00f3n de intervalos,   Memoria Y (30)   Cuenta ascendente\/Cuenta regresiva Cuenta ascendente\/Cuenta regresiva   Dimensiones 2-1\/2&quot;x2&quot;x3\/4&quot;   Peso 2-1\/2 onzas   Enchufe de aire acondicionado (S\/N) norte   Trazable Y   Suministrado con Certificado Traceable, cord\u00f3n de 48&quot; y bater\u00eda    FUNCIONES INCRE\u00cdBLES:   El temporizador de repetici\u00f3n proporciona la funci\u00f3n de repetici\u00f3n de la temporizaci\u00f3n de la alarma de cuenta regresiva  La pantalla dual muestra la divisi\u00f3n acumulativa y de intervalo  Configure el tiempo de cuenta regresiva de 10 horas a 1 segundo. Cuando se llega a cero, el temporizador emite una alarma y repite la cuenta atr\u00e1s desde el tiempo programado. El ciclo de repetici\u00f3n contin\u00faa autom\u00e1ticamente hasta que se detiene.  Cuenta con ocho memorias recuperables, adem\u00e1s de tiempos de vuelta m\u00e1s r\u00e1pidos y lentos  La pantalla LCD muestra continuamente el tiempo restante hasta cero.  Funciones de cron\u00f3metro: acci\u00f3n \u00fanica, tiempo de espera, divisi\u00f3n acumulativa, divisi\u00f3n de intervalo, tiempo de transferencia continua  El cuadro de recuento de pantalla muestra cu\u00e1ntas veces se ha repetido el ciclo  ROBUSTO, DURADERO, RESISTENTE AL AGUA: La caja de pl\u00e1stico ABS fuerte y resistente al agua tiene un dise\u00f1o artesanal de leng\u00fceta y ranura y una construcci\u00f3n de junta t\u00f3rica para sellar la humedad, el polvo y los vapores que se encuentran en entornos hostiles de laboratorio, planta o campo.  &nbsp;\" \/>\n<meta property=\"og:url\" content=\"https:\/\/abaa.mx\/tienda\/1034-traceable-cronometro-digital-resistente-a-el-agua-30-memorias-nist\/\" \/>\n<meta property=\"og:site_name\" content=\"Abaa tienda online\" \/>\n<meta property=\"og:image\" content=\"https:\/\/abaa.mx\/tienda\/wp-content\/uploads\/2023\/10\/TRACEBALE-1034.jpg\" \/>\n\t<meta property=\"og:image:width\" content=\"700\" \/>\n\t<meta property=\"og:image:height\" content=\"700\" \/>\n\t<meta property=\"og:image:type\" content=\"image\/jpeg\" \/>\n<meta name=\"twitter:card\" content=\"summary_large_image\" \/>\n<meta name=\"twitter:label1\" content=\"Tiempo de lectura\" \/>\n\t<meta name=\"twitter:data1\" content=\"1 minuto\" \/>\n<script type=\"application\/ld+json\" class=\"yoast-schema-graph\">{\"@context\":\"https:\/\/schema.org\",\"@graph\":[{\"@type\":\"WebPage\",\"@id\":\"https:\/\/abaa.mx\/tienda\/1034-traceable-cronometro-digital-resistente-a-el-agua-30-memorias-nist\/\",\"url\":\"https:\/\/abaa.mx\/tienda\/1034-traceable-cronometro-digital-resistente-a-el-agua-30-memorias-nist\/\",\"name\":\"1034 Traceable Cronometro Digital Resistente a el Agua 30 memorias NIST - Abaa tienda online\",\"isPartOf\":{\"@id\":\"https:\/\/abaa.mx\/tienda\/#website\"},\"primaryImageOfPage\":{\"@id\":\"https:\/\/abaa.mx\/tienda\/1034-traceable-cronometro-digital-resistente-a-el-agua-30-memorias-nist\/#primaryimage\"},\"image\":{\"@id\":\"https:\/\/abaa.mx\/tienda\/1034-traceable-cronometro-digital-resistente-a-el-agua-30-memorias-nist\/#primaryimage\"},\"thumbnailUrl\":\"https:\/\/abaa.mx\/tienda\/wp-content\/uploads\/2023\/10\/TRACEBALE-1034.jpg\",\"datePublished\":\"2023-10-26T21:54:17+00:00\",\"breadcrumb\":{\"@id\":\"https:\/\/abaa.mx\/tienda\/1034-traceable-cronometro-digital-resistente-a-el-agua-30-memorias-nist\/#breadcrumb\"},\"inLanguage\":\"es\",\"potentialAction\":[{\"@type\":\"ReadAction\",\"target\":[\"https:\/\/abaa.mx\/tienda\/1034-traceable-cronometro-digital-resistente-a-el-agua-30-memorias-nist\/\"]}]},{\"@type\":\"ImageObject\",\"inLanguage\":\"es\",\"@id\":\"https:\/\/abaa.mx\/tienda\/1034-traceable-cronometro-digital-resistente-a-el-agua-30-memorias-nist\/#primaryimage\",\"url\":\"https:\/\/abaa.mx\/tienda\/wp-content\/uploads\/2023\/10\/TRACEBALE-1034.jpg\",\"contentUrl\":\"https:\/\/abaa.mx\/tienda\/wp-content\/uploads\/2023\/10\/TRACEBALE-1034.jpg\",\"width\":700,\"height\":700,\"caption\":\"TRACEBALE-1034\"},{\"@type\":\"BreadcrumbList\",\"@id\":\"https:\/\/abaa.mx\/tienda\/1034-traceable-cronometro-digital-resistente-a-el-agua-30-memorias-nist\/#breadcrumb\",\"itemListElement\":[{\"@type\":\"ListItem\",\"position\":1,\"name\":\"Inicio\",\"item\":\"https:\/\/abaa.mx\/tienda\/\"},{\"@type\":\"ListItem\",\"position\":2,\"name\":\"Tienda\",\"item\":\"https:\/\/abaa.mx\/tienda\/\"},{\"@type\":\"ListItem\",\"position\":3,\"name\":\"1034 Traceable Cronometro Digital Resistente a el Agua 30 memorias NIST\"}]},{\"@type\":\"WebSite\",\"@id\":\"https:\/\/abaa.mx\/tienda\/#website\",\"url\":\"https:\/\/abaa.mx\/tienda\/\",\"name\":\"Abaa tienda online\",\"description\":\"Instrumentos de medici\u00f3n\",\"publisher\":{\"@id\":\"https:\/\/abaa.mx\/tienda\/#organization\"},\"potentialAction\":[{\"@type\":\"SearchAction\",\"target\":{\"@type\":\"EntryPoint\",\"urlTemplate\":\"https:\/\/abaa.mx\/tienda\/?s={search_term_string}\"},\"query-input\":{\"@type\":\"PropertyValueSpecification\",\"valueRequired\":true,\"valueName\":\"search_term_string\"}}],\"inLanguage\":\"es\"},{\"@type\":\"Organization\",\"@id\":\"https:\/\/abaa.mx\/tienda\/#organization\",\"name\":\"Abaa tienda online\",\"url\":\"https:\/\/abaa.mx\/tienda\/\",\"logo\":{\"@type\":\"ImageObject\",\"inLanguage\":\"es\",\"@id\":\"https:\/\/abaa.mx\/tienda\/#\/schema\/logo\/image\/\",\"url\":\"https:\/\/abaa.mx\/tienda\/wp-content\/uploads\/2024\/01\/abaa-metrologia-tienda.png\",\"contentUrl\":\"https:\/\/abaa.mx\/tienda\/wp-content\/uploads\/2024\/01\/abaa-metrologia-tienda.png\",\"width\":300,\"height\":141,\"caption\":\"Abaa tienda online\"},\"image\":{\"@id\":\"https:\/\/abaa.mx\/tienda\/#\/schema\/logo\/image\/\"}}]}<\/script>\n<!-- \/ Yoast SEO plugin. -->","yoast_head_json":{"title":"1034 Traceable Cronometro Digital Resistente a el Agua 30 memorias NIST - Abaa tienda online","robots":{"index":"index","follow":"follow","max-snippet":"max-snippet:-1","max-image-preview":"max-image-preview:large","max-video-preview":"max-video-preview:-1"},"canonical":"https:\/\/abaa.mx\/tienda\/1034-traceable-cronometro-digital-resistente-a-el-agua-30-memorias-nist\/","og_locale":"es_MX","og_type":"article","og_title":"1034 Traceable Cronometro Digital Resistente a el Agua 30 memorias NIST - Abaa tienda online","og_description":"Caracter\u00edsticas:   30 memorias, alarma.  La pantalla dual muestra la divisi\u00f3n acumulativa y de intervalo  Funciones de cron\u00f3metro: acci\u00f3n \u00fanica, tiempo de espera, divisi\u00f3n acumulativa, divisi\u00f3n de intervalo, tiempo de transferencia continua  El cuadro de recuento de pantalla muestra cu\u00e1ntas veces se ha repetido el ciclo. PRECISI\u00d3N DE CRISTAL DE CUARZO: El dise\u00f1o de cristal de cuarzo tiene una precisi\u00f3n de 00005%, m\u00e1s de 100 veces m\u00e1s preciso que otros cron\u00f3metros. La resoluci\u00f3n es de 0,01 segundos. Tiempos hasta 9 horas, 59 minutos, 59 segundos y 99 cent\u00e9simas. Momento preciso y Traceable\u00a0 para pruebas de enzimas, mediciones de viscosidad, estudios en animales y todas las pruebas de laboratorio cronometradas. Hecho para cient\u00edficos de laboratorios industriales, acad\u00e9micos , hospitalarios y gubernamentales que insisten en la mejor instrumentaci\u00f3n. Dise\u00f1ado para facilitar la operaci\u00f3n, precisi\u00f3n y confiabilidad.    # Canales\/zonas 1   Capacidad de tiempo 9 horas, 59 minutos, 59 segundos, 99 cent\u00e9simas   Precisi\u00f3n de tiempo 0.0005% de precisi\u00f3n   Resoluci\u00f3n de tiempo 0,01 segundo   Funciones adicionales Tiempo de espera\/tiempo de entrada, cronometraje continuo, divisi\u00f3n acumulativa, divisi\u00f3n de intervalos,   Memoria Y (30)   Cuenta ascendente\/Cuenta regresiva Cuenta ascendente\/Cuenta regresiva   Dimensiones 2-1\/2\"x2\"x3\/4\"   Peso 2-1\/2 onzas   Enchufe de aire acondicionado (S\/N) norte   Trazable Y   Suministrado con Certificado Traceable, cord\u00f3n de 48\" y bater\u00eda    FUNCIONES INCRE\u00cdBLES:   El temporizador de repetici\u00f3n proporciona la funci\u00f3n de repetici\u00f3n de la temporizaci\u00f3n de la alarma de cuenta regresiva  La pantalla dual muestra la divisi\u00f3n acumulativa y de intervalo  Configure el tiempo de cuenta regresiva de 10 horas a 1 segundo. Cuando se llega a cero, el temporizador emite una alarma y repite la cuenta atr\u00e1s desde el tiempo programado. El ciclo de repetici\u00f3n contin\u00faa autom\u00e1ticamente hasta que se detiene.  Cuenta con ocho memorias recuperables, adem\u00e1s de tiempos de vuelta m\u00e1s r\u00e1pidos y lentos  La pantalla LCD muestra continuamente el tiempo restante hasta cero.  Funciones de cron\u00f3metro: acci\u00f3n \u00fanica, tiempo de espera, divisi\u00f3n acumulativa, divisi\u00f3n de intervalo, tiempo de transferencia continua  El cuadro de recuento de pantalla muestra cu\u00e1ntas veces se ha repetido el ciclo  ROBUSTO, DURADERO, RESISTENTE AL AGUA: La caja de pl\u00e1stico ABS fuerte y resistente al agua tiene un dise\u00f1o artesanal de leng\u00fceta y ranura y una construcci\u00f3n de junta t\u00f3rica para sellar la humedad, el polvo y los vapores que se encuentran en entornos hostiles de laboratorio, planta o campo.  &nbsp;","og_url":"https:\/\/abaa.mx\/tienda\/1034-traceable-cronometro-digital-resistente-a-el-agua-30-memorias-nist\/","og_site_name":"Abaa tienda online","og_image":[{"width":700,"height":700,"url":"https:\/\/abaa.mx\/tienda\/wp-content\/uploads\/2023\/10\/TRACEBALE-1034.jpg","type":"image\/jpeg"}],"twitter_card":"summary_large_image","twitter_misc":{"Tiempo de lectura":"1 minuto"},"schema":{"@context":"https:\/\/schema.org","@graph":[{"@type":"WebPage","@id":"https:\/\/abaa.mx\/tienda\/1034-traceable-cronometro-digital-resistente-a-el-agua-30-memorias-nist\/","url":"https:\/\/abaa.mx\/tienda\/1034-traceable-cronometro-digital-resistente-a-el-agua-30-memorias-nist\/","name":"1034 Traceable Cronometro Digital Resistente a el Agua 30 memorias NIST - Abaa tienda online","isPartOf":{"@id":"https:\/\/abaa.mx\/tienda\/#website"},"primaryImageOfPage":{"@id":"https:\/\/abaa.mx\/tienda\/1034-traceable-cronometro-digital-resistente-a-el-agua-30-memorias-nist\/#primaryimage"},"image":{"@id":"https:\/\/abaa.mx\/tienda\/1034-traceable-cronometro-digital-resistente-a-el-agua-30-memorias-nist\/#primaryimage"},"thumbnailUrl":"https:\/\/abaa.mx\/tienda\/wp-content\/uploads\/2023\/10\/TRACEBALE-1034.jpg","datePublished":"2023-10-26T21:54:17+00:00","breadcrumb":{"@id":"https:\/\/abaa.mx\/tienda\/1034-traceable-cronometro-digital-resistente-a-el-agua-30-memorias-nist\/#breadcrumb"},"inLanguage":"es","potentialAction":[{"@type":"ReadAction","target":["https:\/\/abaa.mx\/tienda\/1034-traceable-cronometro-digital-resistente-a-el-agua-30-memorias-nist\/"]}]},{"@type":"ImageObject","inLanguage":"es","@id":"https:\/\/abaa.mx\/tienda\/1034-traceable-cronometro-digital-resistente-a-el-agua-30-memorias-nist\/#primaryimage","url":"https:\/\/abaa.mx\/tienda\/wp-content\/uploads\/2023\/10\/TRACEBALE-1034.jpg","contentUrl":"https:\/\/abaa.mx\/tienda\/wp-content\/uploads\/2023\/10\/TRACEBALE-1034.jpg","width":700,"height":700,"caption":"TRACEBALE-1034"},{"@type":"BreadcrumbList","@id":"https:\/\/abaa.mx\/tienda\/1034-traceable-cronometro-digital-resistente-a-el-agua-30-memorias-nist\/#breadcrumb","itemListElement":[{"@type":"ListItem","position":1,"name":"Inicio","item":"https:\/\/abaa.mx\/tienda\/"},{"@type":"ListItem","position":2,"name":"Tienda","item":"https:\/\/abaa.mx\/tienda\/"},{"@type":"ListItem","position":3,"name":"1034 Traceable Cronometro Digital Resistente a el Agua 30 memorias NIST"}]},{"@type":"WebSite","@id":"https:\/\/abaa.mx\/tienda\/#website","url":"https:\/\/abaa.mx\/tienda\/","name":"Abaa tienda online","description":"Instrumentos de medici\u00f3n","publisher":{"@id":"https:\/\/abaa.mx\/tienda\/#organization"},"potentialAction":[{"@type":"SearchAction","target":{"@type":"EntryPoint","urlTemplate":"https:\/\/abaa.mx\/tienda\/?s={search_term_string}"},"query-input":{"@type":"PropertyValueSpecification","valueRequired":true,"valueName":"search_term_string"}}],"inLanguage":"es"},{"@type":"Organization","@id":"https:\/\/abaa.mx\/tienda\/#organization","name":"Abaa tienda online","url":"https:\/\/abaa.mx\/tienda\/","logo":{"@type":"ImageObject","inLanguage":"es","@id":"https:\/\/abaa.mx\/tienda\/#\/schema\/logo\/image\/","url":"https:\/\/abaa.mx\/tienda\/wp-content\/uploads\/2024\/01\/abaa-metrologia-tienda.png","contentUrl":"https:\/\/abaa.mx\/tienda\/wp-content\/uploads\/2024\/01\/abaa-metrologia-tienda.png","width":300,"height":141,"caption":"Abaa tienda online"},"image":{"@id":"https:\/\/abaa.mx\/tienda\/#\/schema\/logo\/image\/"}}]}},"_links":{"self":[{"href":"https:\/\/abaa.mx\/tienda\/wp-json\/wp\/v2\/product\/8053","targetHints":{"allow":["GET"]}}],"collection":[{"href":"https:\/\/abaa.mx\/tienda\/wp-json\/wp\/v2\/product"}],"about":[{"href":"https:\/\/abaa.mx\/tienda\/wp-json\/wp\/v2\/types\/product"}],"replies":[{"embeddable":true,"href":"https:\/\/abaa.mx\/tienda\/wp-json\/wp\/v2\/comments?post=8053"}],"wp:featuredmedia":[{"embeddable":true,"href":"https:\/\/abaa.mx\/tienda\/wp-json\/wp\/v2\/media\/8065"}],"wp:attachment":[{"href":"https:\/\/abaa.mx\/tienda\/wp-json\/wp\/v2\/media?parent=8053"}],"wp:term":[{"taxonomy":"product_brand","embeddable":true,"href":"https:\/\/abaa.mx\/tienda\/wp-json\/wp\/v2\/product_brand?post=8053"},{"taxonomy":"product_cat","embeddable":true,"href":"https:\/\/abaa.mx\/tienda\/wp-json\/wp\/v2\/product_cat?post=8053"},{"taxonomy":"product_tag","embeddable":true,"href":"https:\/\/abaa.mx\/tienda\/wp-json\/wp\/v2\/product_tag?post=8053"}],"curies":[{"name":"wp","href":"https:\/\/api.w.org\/{rel}","templated":true}]}}