{"id":8052,"date":"2023-10-26T21:42:24","date_gmt":"2023-10-26T21:42:24","guid":{"rendered":"https:\/\/abaa.mx\/tienda\/?post_type=product&#038;p=8052"},"modified":"2023-10-26T21:42:34","modified_gmt":"2023-10-26T21:42:34","slug":"1031-cronometro-digital-a-500-memorias-control-company","status":"publish","type":"product","link":"https:\/\/abaa.mx\/tienda\/1031-cronometro-digital-a-500-memorias-control-company\/","title":{"rendered":"1031 Cronometro Digital a 500 Memorias Control Company"},"content":{"rendered":"<p>1031 Cronometro Digital a 500 Memorias Control Company<\/p>\n","protected":false},"excerpt":{"rendered":"<p>Funciones de cron\u00f3metro: acci\u00f3n \u00fanica, tiempo de espera, divisi\u00f3n acumulativa, divisi\u00f3n de intervalo, tiempo de transferencia continua.<\/p>\n<p>Caracter\u00edsticas : 500 memorias, reloj, fecha, d\u00eda de la semana, alarma de hora del d\u00eda<br \/>\nLos 4 formatos de temporizaci\u00f3n \/ resoluci\u00f3n del cron\u00f3metro decimal son: Hr \/ min \/ seg; 1\/cien SEG; 1\/1000 min; 1 \/ cien .000 h; las lecturas m\u00e1ximas son 19.999999 HR, 1199.999 MIN, 71999.99 SEC o 19 hr \/ 59 min \/ 59 seg \/ 99 cent\u00e9simas.<\/p>\n<h3>PRECISI\u00d3N DE CRISTAL DE CUARZO Y PANTALLA TRIPLE:<\/h3>\n<p>El dise\u00f1o de cristal de cuarzo tiene una precisi\u00f3n de 00005%, m\u00e1s de cien ocasiones m\u00e1s exacto que otros cron\u00f3metros. Tiempos hasta 19 horas, 59 minutos, 59 segundos y 99 cent\u00e9simas. La pantalla triple exhibe divisiones acumulativas, divisiones de intervalo y tiempo de ejecuci\u00f3n. Momento preciso y Traceable\u00a0 para pruebas de enzimas, mediciones de viscosidad, estudios en animales y todas las pruebas de laboratorio cronometradas. Hecho para cient\u00edficos de laboratorios industriales, educativos , hospitalarios y gubernativos que insisten en la mejor instrumentaci\u00f3n. Desarrollado para hacer m\u00e1s simple la operaci\u00f3n, precisi\u00f3n y confiabilidad.<\/p>\n<h3>CARACTER\u00cdSTICAS INCREIBLES:<\/h3>\n<p>La unidad muestra la hora del d\u00eda, la fecha, el d\u00eda de la semana y cuenta con una alarma de hora del d\u00eda.<br \/>\nLas caracter\u00edsticas adicionales incluyen alarma de cuenta regresiva, cuenta regresiva y luego alarma de cuenta regresiva, repetici\u00f3n de cuenta regresiva, marcapasos y funciones de carrera.<br \/>\nLa funci\u00f3n de memoria tambi\u00e9n muestra el tiempo de vuelta m\u00e1s r\u00e1pido, m\u00e1s lento y promedio.<br \/>\nFunciones de cron\u00f3metro: acci\u00f3n \u00fanica, tiempo de espera, divisi\u00f3n acumulativa, divisi\u00f3n de intervalo, tiempo de transferencia continua<br \/>\nCuenta con 500 memorias recuperables que mostr\u00f3 la vuelta, la divisi\u00f3n y el tiempo de ejecuci\u00f3n.<\/p>\n<p><strong> ROBUSTO, DURADERO, RESISTENTE AL AGUA:<\/strong><br \/>\nLa caja de pl\u00e1stico ABS resistente y resistente al agua tiene un dise\u00f1o artesanal de leng\u00fceta y ranura y una construcci\u00f3n de junta t\u00f3rica para sellar la humedad, el polvo y los vapores que se encuentran en \u00e1mbitos hostiles de laboratorio, planta o campo.<\/p>\n<table width=\"444\">\n<tbody>\n<tr>\n<td width=\"193\"># Canales\/zonas<\/td>\n<td width=\"251\">1<\/td>\n<\/tr>\n<tr>\n<td width=\"193\">Capacidad de tiempo<\/td>\n<td width=\"251\">19 horas, 59 minutos, 59 segundos, 99 cent\u00e9simas<\/td>\n<\/tr>\n<tr>\n<td width=\"193\">Precisi\u00f3n de tiempo<\/td>\n<td width=\"251\">0.0005% de precisi\u00f3n<\/td>\n<\/tr>\n<tr>\n<td width=\"193\">Resoluci\u00f3n de tiempo<\/td>\n<td width=\"251\">1\/100 SEG;\u00a01\/1000min;\u00a01\/100.000 horas<\/td>\n<\/tr>\n<tr>\n<td width=\"193\">Funciones adicionales<\/td>\n<td width=\"251\">Tiempo de espera\/tiempo de entrada, cronometraje continuo, divisi\u00f3n acumulativa, divisi\u00f3n de intervalos, memorias<\/td>\n<\/tr>\n<tr>\n<td width=\"193\">Memoria<\/td>\n<td width=\"251\">Y (500)<\/td>\n<\/tr>\n<tr>\n<td width=\"193\">Cuenta ascendente\/Cuenta regresiva<\/td>\n<td width=\"251\">Cuenta ascendente\/Cuenta regresiva<\/td>\n<\/tr>\n<tr>\n<td width=\"193\">Dimensiones<\/td>\n<td width=\"251\">2-1\/2&#8243;x3&#8243;x3\/4&#8243;<\/td>\n<\/tr>\n<tr>\n<td width=\"193\">Peso<\/td>\n<td width=\"251\">2-1\/2 onzas<\/td>\n<\/tr>\n<tr>\n<td width=\"193\">Enchufe de aire acondicionado (S\/N)<\/td>\n<td width=\"251\">norte<\/td>\n<\/tr>\n<tr>\n<td width=\"193\">Trazable<\/td>\n<td width=\"251\">Y<\/td>\n<\/tr>\n<tr>\n<td width=\"193\">Suministrado con<\/td>\n<td width=\"251\">bater\u00eda, cord\u00f3n de 40&#8243;, certificado Traceable<\/td>\n<\/tr>\n<\/tbody>\n<\/table>\n","protected":false},"featured_media":8063,"comment_status":"open","ping_status":"closed","template":"","meta":{"_joinchat":[]},"product_brand":[],"product_cat":[64],"product_tag":[],"class_list":{"0":"post-8052","1":"product","2":"type-product","3":"status-publish","4":"has-post-thumbnail","6":"product_cat-cronometros","8":"first","9":"instock","10":"shipping-taxable","11":"product-type-simple"},"yoast_head":"<!-- This site is optimized with the Yoast SEO plugin v26.4 - https:\/\/yoast.com\/wordpress\/plugins\/seo\/ -->\n<title>1031 Cronometro Digital a 500 Memorias Control Company - Abaa tienda online<\/title>\n<meta name=\"robots\" content=\"index, follow, max-snippet:-1, max-image-preview:large, max-video-preview:-1\" \/>\n<link rel=\"canonical\" href=\"https:\/\/abaa.mx\/tienda\/1031-cronometro-digital-a-500-memorias-control-company\/\" \/>\n<meta property=\"og:locale\" content=\"es_MX\" \/>\n<meta property=\"og:type\" content=\"article\" \/>\n<meta property=\"og:title\" content=\"1031 Cronometro Digital a 500 Memorias Control Company - Abaa tienda online\" \/>\n<meta property=\"og:description\" content=\"Funciones de cron\u00f3metro: acci\u00f3n \u00fanica, tiempo de espera, divisi\u00f3n acumulativa, divisi\u00f3n de intervalo, tiempo de transferencia continua.  Caracter\u00edsticas : 500 memorias, reloj, fecha, d\u00eda de la semana, alarma de hora del d\u00eda Los 4 formatos de temporizaci\u00f3n \/ resoluci\u00f3n del cron\u00f3metro decimal son: Hr \/ min \/ seg; 1\/cien SEG; 1\/1000 min; 1 \/ cien .000 h; las lecturas m\u00e1ximas son 19.999999 HR, 1199.999 MIN, 71999.99 SEC o 19 hr \/ 59 min \/ 59 seg \/ 99 cent\u00e9simas. PRECISI\u00d3N DE CRISTAL DE CUARZO Y PANTALLA TRIPLE: El dise\u00f1o de cristal de cuarzo tiene una precisi\u00f3n de 00005%, m\u00e1s de cien ocasiones m\u00e1s exacto que otros cron\u00f3metros. Tiempos hasta 19 horas, 59 minutos, 59 segundos y 99 cent\u00e9simas. La pantalla triple exhibe divisiones acumulativas, divisiones de intervalo y tiempo de ejecuci\u00f3n. Momento preciso y Traceable\u00a0 para pruebas de enzimas, mediciones de viscosidad, estudios en animales y todas las pruebas de laboratorio cronometradas. Hecho para cient\u00edficos de laboratorios industriales, educativos , hospitalarios y gubernativos que insisten en la mejor instrumentaci\u00f3n. Desarrollado para hacer m\u00e1s simple la operaci\u00f3n, precisi\u00f3n y confiabilidad. CARACTER\u00cdSTICAS INCREIBLES: La unidad muestra la hora del d\u00eda, la fecha, el d\u00eda de la semana y cuenta con una alarma de hora del d\u00eda. Las caracter\u00edsticas adicionales incluyen alarma de cuenta regresiva, cuenta regresiva y luego alarma de cuenta regresiva, repetici\u00f3n de cuenta regresiva, marcapasos y funciones de carrera. La funci\u00f3n de memoria tambi\u00e9n muestra el tiempo de vuelta m\u00e1s r\u00e1pido, m\u00e1s lento y promedio. Funciones de cron\u00f3metro: acci\u00f3n \u00fanica, tiempo de espera, divisi\u00f3n acumulativa, divisi\u00f3n de intervalo, tiempo de transferencia continua Cuenta con 500 memorias recuperables que mostr\u00f3 la vuelta, la divisi\u00f3n y el tiempo de ejecuci\u00f3n.   ROBUSTO, DURADERO, RESISTENTE AL AGUA: La caja de pl\u00e1stico ABS resistente y resistente al agua tiene un dise\u00f1o artesanal de leng\u00fceta y ranura y una construcci\u00f3n de junta t\u00f3rica para sellar la humedad, el polvo y los vapores que se encuentran en \u00e1mbitos hostiles de laboratorio, planta o campo.    # Canales\/zonas 1   Capacidad de tiempo 19 horas, 59 minutos, 59 segundos, 99 cent\u00e9simas   Precisi\u00f3n de tiempo 0.0005% de precisi\u00f3n   Resoluci\u00f3n de tiempo 1\/100 SEG;\u00a01\/1000min;\u00a01\/100.000 horas   Funciones adicionales Tiempo de espera\/tiempo de entrada, cronometraje continuo, divisi\u00f3n acumulativa, divisi\u00f3n de intervalos, memorias   Memoria Y (500)   Cuenta ascendente\/Cuenta regresiva Cuenta ascendente\/Cuenta regresiva   Dimensiones 2-1\/2&quot;x3&quot;x3\/4&quot;   Peso 2-1\/2 onzas   Enchufe de aire acondicionado (S\/N) norte   Trazable Y   Suministrado con bater\u00eda, cord\u00f3n de 40&quot;, certificado Traceable\" \/>\n<meta property=\"og:url\" content=\"https:\/\/abaa.mx\/tienda\/1031-cronometro-digital-a-500-memorias-control-company\/\" \/>\n<meta property=\"og:site_name\" content=\"Abaa tienda online\" \/>\n<meta property=\"article:modified_time\" content=\"2023-10-26T21:42:34+00:00\" \/>\n<meta property=\"og:image\" content=\"https:\/\/abaa.mx\/tienda\/wp-content\/uploads\/2023\/10\/TRACEABLE-1031.jpg\" \/>\n\t<meta property=\"og:image:width\" content=\"361\" \/>\n\t<meta property=\"og:image:height\" content=\"568\" \/>\n\t<meta property=\"og:image:type\" content=\"image\/jpeg\" \/>\n<meta name=\"twitter:card\" content=\"summary_large_image\" \/>\n<meta name=\"twitter:label1\" content=\"Tiempo de lectura\" \/>\n\t<meta name=\"twitter:data1\" content=\"1 minuto\" \/>\n<script type=\"application\/ld+json\" class=\"yoast-schema-graph\">{\"@context\":\"https:\/\/schema.org\",\"@graph\":[{\"@type\":\"WebPage\",\"@id\":\"https:\/\/abaa.mx\/tienda\/1031-cronometro-digital-a-500-memorias-control-company\/\",\"url\":\"https:\/\/abaa.mx\/tienda\/1031-cronometro-digital-a-500-memorias-control-company\/\",\"name\":\"1031 Cronometro Digital a 500 Memorias Control Company - Abaa tienda online\",\"isPartOf\":{\"@id\":\"https:\/\/abaa.mx\/tienda\/#website\"},\"primaryImageOfPage\":{\"@id\":\"https:\/\/abaa.mx\/tienda\/1031-cronometro-digital-a-500-memorias-control-company\/#primaryimage\"},\"image\":{\"@id\":\"https:\/\/abaa.mx\/tienda\/1031-cronometro-digital-a-500-memorias-control-company\/#primaryimage\"},\"thumbnailUrl\":\"https:\/\/abaa.mx\/tienda\/wp-content\/uploads\/2023\/10\/TRACEABLE-1031.jpg\",\"datePublished\":\"2023-10-26T21:42:24+00:00\",\"dateModified\":\"2023-10-26T21:42:34+00:00\",\"breadcrumb\":{\"@id\":\"https:\/\/abaa.mx\/tienda\/1031-cronometro-digital-a-500-memorias-control-company\/#breadcrumb\"},\"inLanguage\":\"es\",\"potentialAction\":[{\"@type\":\"ReadAction\",\"target\":[\"https:\/\/abaa.mx\/tienda\/1031-cronometro-digital-a-500-memorias-control-company\/\"]}]},{\"@type\":\"ImageObject\",\"inLanguage\":\"es\",\"@id\":\"https:\/\/abaa.mx\/tienda\/1031-cronometro-digital-a-500-memorias-control-company\/#primaryimage\",\"url\":\"https:\/\/abaa.mx\/tienda\/wp-content\/uploads\/2023\/10\/TRACEABLE-1031.jpg\",\"contentUrl\":\"https:\/\/abaa.mx\/tienda\/wp-content\/uploads\/2023\/10\/TRACEABLE-1031.jpg\",\"width\":361,\"height\":568,\"caption\":\"TRACEABLE-1031\"},{\"@type\":\"BreadcrumbList\",\"@id\":\"https:\/\/abaa.mx\/tienda\/1031-cronometro-digital-a-500-memorias-control-company\/#breadcrumb\",\"itemListElement\":[{\"@type\":\"ListItem\",\"position\":1,\"name\":\"Inicio\",\"item\":\"https:\/\/abaa.mx\/tienda\/\"},{\"@type\":\"ListItem\",\"position\":2,\"name\":\"Tienda\",\"item\":\"https:\/\/abaa.mx\/tienda\/\"},{\"@type\":\"ListItem\",\"position\":3,\"name\":\"1031 Cronometro Digital a 500 Memorias Control Company\"}]},{\"@type\":\"WebSite\",\"@id\":\"https:\/\/abaa.mx\/tienda\/#website\",\"url\":\"https:\/\/abaa.mx\/tienda\/\",\"name\":\"Abaa tienda online\",\"description\":\"Instrumentos de medici\u00f3n\",\"publisher\":{\"@id\":\"https:\/\/abaa.mx\/tienda\/#organization\"},\"potentialAction\":[{\"@type\":\"SearchAction\",\"target\":{\"@type\":\"EntryPoint\",\"urlTemplate\":\"https:\/\/abaa.mx\/tienda\/?s={search_term_string}\"},\"query-input\":{\"@type\":\"PropertyValueSpecification\",\"valueRequired\":true,\"valueName\":\"search_term_string\"}}],\"inLanguage\":\"es\"},{\"@type\":\"Organization\",\"@id\":\"https:\/\/abaa.mx\/tienda\/#organization\",\"name\":\"Abaa tienda online\",\"url\":\"https:\/\/abaa.mx\/tienda\/\",\"logo\":{\"@type\":\"ImageObject\",\"inLanguage\":\"es\",\"@id\":\"https:\/\/abaa.mx\/tienda\/#\/schema\/logo\/image\/\",\"url\":\"https:\/\/abaa.mx\/tienda\/wp-content\/uploads\/2024\/01\/abaa-metrologia-tienda.png\",\"contentUrl\":\"https:\/\/abaa.mx\/tienda\/wp-content\/uploads\/2024\/01\/abaa-metrologia-tienda.png\",\"width\":300,\"height\":141,\"caption\":\"Abaa tienda online\"},\"image\":{\"@id\":\"https:\/\/abaa.mx\/tienda\/#\/schema\/logo\/image\/\"}}]}<\/script>\n<!-- \/ Yoast SEO plugin. -->","yoast_head_json":{"title":"1031 Cronometro Digital a 500 Memorias Control Company - Abaa tienda online","robots":{"index":"index","follow":"follow","max-snippet":"max-snippet:-1","max-image-preview":"max-image-preview:large","max-video-preview":"max-video-preview:-1"},"canonical":"https:\/\/abaa.mx\/tienda\/1031-cronometro-digital-a-500-memorias-control-company\/","og_locale":"es_MX","og_type":"article","og_title":"1031 Cronometro Digital a 500 Memorias Control Company - Abaa tienda online","og_description":"Funciones de cron\u00f3metro: acci\u00f3n \u00fanica, tiempo de espera, divisi\u00f3n acumulativa, divisi\u00f3n de intervalo, tiempo de transferencia continua.  Caracter\u00edsticas : 500 memorias, reloj, fecha, d\u00eda de la semana, alarma de hora del d\u00eda Los 4 formatos de temporizaci\u00f3n \/ resoluci\u00f3n del cron\u00f3metro decimal son: Hr \/ min \/ seg; 1\/cien SEG; 1\/1000 min; 1 \/ cien .000 h; las lecturas m\u00e1ximas son 19.999999 HR, 1199.999 MIN, 71999.99 SEC o 19 hr \/ 59 min \/ 59 seg \/ 99 cent\u00e9simas. PRECISI\u00d3N DE CRISTAL DE CUARZO Y PANTALLA TRIPLE: El dise\u00f1o de cristal de cuarzo tiene una precisi\u00f3n de 00005%, m\u00e1s de cien ocasiones m\u00e1s exacto que otros cron\u00f3metros. Tiempos hasta 19 horas, 59 minutos, 59 segundos y 99 cent\u00e9simas. La pantalla triple exhibe divisiones acumulativas, divisiones de intervalo y tiempo de ejecuci\u00f3n. Momento preciso y Traceable\u00a0 para pruebas de enzimas, mediciones de viscosidad, estudios en animales y todas las pruebas de laboratorio cronometradas. Hecho para cient\u00edficos de laboratorios industriales, educativos , hospitalarios y gubernativos que insisten en la mejor instrumentaci\u00f3n. Desarrollado para hacer m\u00e1s simple la operaci\u00f3n, precisi\u00f3n y confiabilidad. CARACTER\u00cdSTICAS INCREIBLES: La unidad muestra la hora del d\u00eda, la fecha, el d\u00eda de la semana y cuenta con una alarma de hora del d\u00eda. Las caracter\u00edsticas adicionales incluyen alarma de cuenta regresiva, cuenta regresiva y luego alarma de cuenta regresiva, repetici\u00f3n de cuenta regresiva, marcapasos y funciones de carrera. La funci\u00f3n de memoria tambi\u00e9n muestra el tiempo de vuelta m\u00e1s r\u00e1pido, m\u00e1s lento y promedio. Funciones de cron\u00f3metro: acci\u00f3n \u00fanica, tiempo de espera, divisi\u00f3n acumulativa, divisi\u00f3n de intervalo, tiempo de transferencia continua Cuenta con 500 memorias recuperables que mostr\u00f3 la vuelta, la divisi\u00f3n y el tiempo de ejecuci\u00f3n.   ROBUSTO, DURADERO, RESISTENTE AL AGUA: La caja de pl\u00e1stico ABS resistente y resistente al agua tiene un dise\u00f1o artesanal de leng\u00fceta y ranura y una construcci\u00f3n de junta t\u00f3rica para sellar la humedad, el polvo y los vapores que se encuentran en \u00e1mbitos hostiles de laboratorio, planta o campo.    # Canales\/zonas 1   Capacidad de tiempo 19 horas, 59 minutos, 59 segundos, 99 cent\u00e9simas   Precisi\u00f3n de tiempo 0.0005% de precisi\u00f3n   Resoluci\u00f3n de tiempo 1\/100 SEG;\u00a01\/1000min;\u00a01\/100.000 horas   Funciones adicionales Tiempo de espera\/tiempo de entrada, cronometraje continuo, divisi\u00f3n acumulativa, divisi\u00f3n de intervalos, memorias   Memoria Y (500)   Cuenta ascendente\/Cuenta regresiva Cuenta ascendente\/Cuenta regresiva   Dimensiones 2-1\/2\"x3\"x3\/4\"   Peso 2-1\/2 onzas   Enchufe de aire acondicionado (S\/N) norte   Trazable Y   Suministrado con bater\u00eda, cord\u00f3n de 40\", certificado Traceable","og_url":"https:\/\/abaa.mx\/tienda\/1031-cronometro-digital-a-500-memorias-control-company\/","og_site_name":"Abaa tienda online","article_modified_time":"2023-10-26T21:42:34+00:00","og_image":[{"width":361,"height":568,"url":"https:\/\/abaa.mx\/tienda\/wp-content\/uploads\/2023\/10\/TRACEABLE-1031.jpg","type":"image\/jpeg"}],"twitter_card":"summary_large_image","twitter_misc":{"Tiempo de lectura":"1 minuto"},"schema":{"@context":"https:\/\/schema.org","@graph":[{"@type":"WebPage","@id":"https:\/\/abaa.mx\/tienda\/1031-cronometro-digital-a-500-memorias-control-company\/","url":"https:\/\/abaa.mx\/tienda\/1031-cronometro-digital-a-500-memorias-control-company\/","name":"1031 Cronometro Digital a 500 Memorias Control Company - Abaa tienda online","isPartOf":{"@id":"https:\/\/abaa.mx\/tienda\/#website"},"primaryImageOfPage":{"@id":"https:\/\/abaa.mx\/tienda\/1031-cronometro-digital-a-500-memorias-control-company\/#primaryimage"},"image":{"@id":"https:\/\/abaa.mx\/tienda\/1031-cronometro-digital-a-500-memorias-control-company\/#primaryimage"},"thumbnailUrl":"https:\/\/abaa.mx\/tienda\/wp-content\/uploads\/2023\/10\/TRACEABLE-1031.jpg","datePublished":"2023-10-26T21:42:24+00:00","dateModified":"2023-10-26T21:42:34+00:00","breadcrumb":{"@id":"https:\/\/abaa.mx\/tienda\/1031-cronometro-digital-a-500-memorias-control-company\/#breadcrumb"},"inLanguage":"es","potentialAction":[{"@type":"ReadAction","target":["https:\/\/abaa.mx\/tienda\/1031-cronometro-digital-a-500-memorias-control-company\/"]}]},{"@type":"ImageObject","inLanguage":"es","@id":"https:\/\/abaa.mx\/tienda\/1031-cronometro-digital-a-500-memorias-control-company\/#primaryimage","url":"https:\/\/abaa.mx\/tienda\/wp-content\/uploads\/2023\/10\/TRACEABLE-1031.jpg","contentUrl":"https:\/\/abaa.mx\/tienda\/wp-content\/uploads\/2023\/10\/TRACEABLE-1031.jpg","width":361,"height":568,"caption":"TRACEABLE-1031"},{"@type":"BreadcrumbList","@id":"https:\/\/abaa.mx\/tienda\/1031-cronometro-digital-a-500-memorias-control-company\/#breadcrumb","itemListElement":[{"@type":"ListItem","position":1,"name":"Inicio","item":"https:\/\/abaa.mx\/tienda\/"},{"@type":"ListItem","position":2,"name":"Tienda","item":"https:\/\/abaa.mx\/tienda\/"},{"@type":"ListItem","position":3,"name":"1031 Cronometro Digital a 500 Memorias Control Company"}]},{"@type":"WebSite","@id":"https:\/\/abaa.mx\/tienda\/#website","url":"https:\/\/abaa.mx\/tienda\/","name":"Abaa tienda online","description":"Instrumentos de medici\u00f3n","publisher":{"@id":"https:\/\/abaa.mx\/tienda\/#organization"},"potentialAction":[{"@type":"SearchAction","target":{"@type":"EntryPoint","urlTemplate":"https:\/\/abaa.mx\/tienda\/?s={search_term_string}"},"query-input":{"@type":"PropertyValueSpecification","valueRequired":true,"valueName":"search_term_string"}}],"inLanguage":"es"},{"@type":"Organization","@id":"https:\/\/abaa.mx\/tienda\/#organization","name":"Abaa tienda online","url":"https:\/\/abaa.mx\/tienda\/","logo":{"@type":"ImageObject","inLanguage":"es","@id":"https:\/\/abaa.mx\/tienda\/#\/schema\/logo\/image\/","url":"https:\/\/abaa.mx\/tienda\/wp-content\/uploads\/2024\/01\/abaa-metrologia-tienda.png","contentUrl":"https:\/\/abaa.mx\/tienda\/wp-content\/uploads\/2024\/01\/abaa-metrologia-tienda.png","width":300,"height":141,"caption":"Abaa tienda online"},"image":{"@id":"https:\/\/abaa.mx\/tienda\/#\/schema\/logo\/image\/"}}]}},"_links":{"self":[{"href":"https:\/\/abaa.mx\/tienda\/wp-json\/wp\/v2\/product\/8052","targetHints":{"allow":["GET"]}}],"collection":[{"href":"https:\/\/abaa.mx\/tienda\/wp-json\/wp\/v2\/product"}],"about":[{"href":"https:\/\/abaa.mx\/tienda\/wp-json\/wp\/v2\/types\/product"}],"replies":[{"embeddable":true,"href":"https:\/\/abaa.mx\/tienda\/wp-json\/wp\/v2\/comments?post=8052"}],"wp:featuredmedia":[{"embeddable":true,"href":"https:\/\/abaa.mx\/tienda\/wp-json\/wp\/v2\/media\/8063"}],"wp:attachment":[{"href":"https:\/\/abaa.mx\/tienda\/wp-json\/wp\/v2\/media?parent=8052"}],"wp:term":[{"taxonomy":"product_brand","embeddable":true,"href":"https:\/\/abaa.mx\/tienda\/wp-json\/wp\/v2\/product_brand?post=8052"},{"taxonomy":"product_cat","embeddable":true,"href":"https:\/\/abaa.mx\/tienda\/wp-json\/wp\/v2\/product_cat?post=8052"},{"taxonomy":"product_tag","embeddable":true,"href":"https:\/\/abaa.mx\/tienda\/wp-json\/wp\/v2\/product_tag?post=8052"}],"curies":[{"name":"wp","href":"https:\/\/api.w.org\/{rel}","templated":true}]}}