{"id":8051,"date":"2023-10-26T20:00:49","date_gmt":"2023-10-26T20:00:49","guid":{"rendered":"https:\/\/abaa.mx\/tienda\/?post_type=product&#038;p=8051"},"modified":"2023-10-26T20:00:50","modified_gmt":"2023-10-26T20:00:50","slug":"1025-cronometro-digital-a-60-memorias-certificado-nist-control-company","status":"publish","type":"product","link":"https:\/\/abaa.mx\/tienda\/1025-cronometro-digital-a-60-memorias-certificado-nist-control-company\/","title":{"rendered":"1025 Cronometro Digital a 60 Memorias Certificado NIST Control Company"},"content":{"rendered":"<p>1025 Cronometro Digital a 60 Memorias Certificado NIST Control Company<\/p>\n","protected":false},"excerpt":{"rendered":"<ul>\n<li><span style=\"vertical-align: inherit;\">Caracter\u00edsticas: 60 memorias, alarma, hora, fecha, d\u00eda de la semana<\/span><\/li>\n<li><span style=\"vertical-align: inherit;\">Funciones de cron\u00f3metro: temporizaci\u00f3n de acci\u00f3n \u00fanica, tiempo de entrada \/ salida, temporizaci\u00f3n continua, divisi\u00f3n acumulativa, divisi\u00f3n de intervalo, cuenta atr\u00e1s I y II, repetici\u00f3n autom\u00e1tica, temporizaci\u00f3n programable.<\/span><\/li>\n<\/ul>\n<h3><span style=\"vertical-align: inherit;\">PANTALLA TRIPLE, 60 MEMORIAS Y PRECISI\u00d3N IMPRESIONANTE<\/span><\/h3>\n<p>Tiempos de cron\u00f3metro a 9 horas, 59 minutos, 59 segundos, 99 cent\u00e9simas. La precisi\u00f3n es del 0,001%. La pantalla de tres l\u00edneas exhibe simult\u00e1neamente el tiempo de desempe\u00f1o , la divisi\u00f3n acumulativa y la divisi\u00f3n de intervalo. Sesenta memorias recuerdan todas y cada una de las divisiones, ense\u00f1ar los n\u00fameros de muestra del 1 al 60 y ense\u00f1ar los tiempos m\u00e1s largos, mucho m\u00e1s cortos y promedio de las divisiones de intervalo.<\/p>\n<h3><span style=\"vertical-align: inherit;\">FUNCIONES INCRE\u00cdBLES<\/span><\/h3>\n<p>Da funciones repetidas de temporizaci\u00f3n de alarma de cuenta recesiva. Config\u00farelo para que realice una cuenta regresiva en cualquier momento desde diez horas hasta 1 segundo. En el momento en que se llega a cero, el temporizador emite una alarma y empieza a contar nuevamente desde el tiempo programado. El per\u00edodo de repetici\u00f3n sigue autom\u00e1ticamente hasta que se detiene. Como cron\u00f3grafo, el cron\u00f3metro muestra la hora del d\u00eda, la fecha y el d\u00eda de la semana. Tambi\u00e9n tiene una alarma de hora del d\u00eda.<\/p>\n<table style=\"width: 494.797px;\">\n<tbody>\n<tr>\n<td style=\"width: 234px;\"># Canales\/zonas<\/td>\n<td style=\"width: 243.797px;\">1<\/td>\n<\/tr>\n<tr>\n<td style=\"width: 234px;\">Capacidad de tiempo<\/td>\n<td style=\"width: 243.797px;\">9 horas 59 minutos 59 segundos 99 cent\u00e9simas<\/td>\n<\/tr>\n<tr>\n<td style=\"width: 234px;\">Precisi\u00f3n de tiempo<\/td>\n<td style=\"width: 243.797px;\">0.001% de precisi\u00f3n<\/td>\n<\/tr>\n<tr>\n<td style=\"width: 234px;\">Resoluci\u00f3n de tiempo<\/td>\n<td style=\"width: 243.797px;\">0.01 segundo<\/td>\n<\/tr>\n<tr>\n<td style=\"width: 234px;\">Funciones adicionales<\/td>\n<td style=\"width: 243.797px;\">Tiempo de espera\/tiempo de entrada, Cronometraje continuo, Fraccionamiento acumulativo, Fraccionamiento de intervalos, Memorias, Contador de muestras, Cron\u00f3grafo<\/td>\n<\/tr>\n<tr>\n<td style=\"width: 234px;\">Memoria<\/td>\n<td style=\"width: 243.797px;\">(60)<\/td>\n<\/tr>\n<tr>\n<td style=\"width: 234px;\">Cuenta ascendente\/Cuenta regresiva<\/td>\n<td style=\"width: 243.797px;\">Cuenta regresiva I (repetir), Cuenta regresiva II, Cuenta ascendente<\/td>\n<\/tr>\n<tr>\n<td style=\"width: 234px;\">Dimensiones<\/td>\n<td style=\"width: 243.797px;\">2-1\/8&#8243;x2-5\/8&#8243;x3\/4&#8243;<\/td>\n<\/tr>\n<tr>\n<td style=\"width: 234px;\">Peso<\/td>\n<td style=\"width: 243.797px;\">2 onzas<\/td>\n<\/tr>\n<tr>\n<td style=\"width: 234px;\">Enchufe de aire acondicionado (S\/N)<\/td>\n<td style=\"width: 243.797px;\">norte<\/td>\n<\/tr>\n<tr>\n<td style=\"width: 234px;\">Trazable<\/td>\n<td style=\"width: 243.797px;\">Y<\/td>\n<\/tr>\n<\/tbody>\n<\/table>\n<p>&nbsp;<\/p>\n","protected":false},"featured_media":8056,"comment_status":"open","ping_status":"closed","template":"","meta":{"_joinchat":[]},"product_brand":[],"product_cat":[64],"product_tag":[],"class_list":{"0":"post-8051","1":"product","2":"type-product","3":"status-publish","4":"has-post-thumbnail","6":"product_cat-cronometros","8":"first","9":"instock","10":"shipping-taxable","11":"product-type-simple"},"yoast_head":"<!-- This site is optimized with the Yoast SEO plugin v26.4 - https:\/\/yoast.com\/wordpress\/plugins\/seo\/ -->\n<title>1025 Cronometro Digital a 60 Memorias Certificado NIST Control Company - Abaa tienda online<\/title>\n<meta name=\"robots\" content=\"index, follow, max-snippet:-1, max-image-preview:large, max-video-preview:-1\" \/>\n<link rel=\"canonical\" href=\"https:\/\/abaa.mx\/tienda\/1025-cronometro-digital-a-60-memorias-certificado-nist-control-company\/\" \/>\n<meta property=\"og:locale\" content=\"es_MX\" \/>\n<meta property=\"og:type\" content=\"article\" \/>\n<meta property=\"og:title\" content=\"1025 Cronometro Digital a 60 Memorias Certificado NIST Control Company - Abaa tienda online\" \/>\n<meta property=\"og:description\" content=\"Caracter\u00edsticas: 60 memorias, alarma, hora, fecha, d\u00eda de la semana  Funciones de cron\u00f3metro: temporizaci\u00f3n de acci\u00f3n \u00fanica, tiempo de entrada \/ salida, temporizaci\u00f3n continua, divisi\u00f3n acumulativa, divisi\u00f3n de intervalo, cuenta atr\u00e1s I y II, repetici\u00f3n autom\u00e1tica, temporizaci\u00f3n programable.  PANTALLA TRIPLE, 60 MEMORIAS Y PRECISI\u00d3N IMPRESIONANTE Tiempos de cron\u00f3metro a 9 horas, 59 minutos, 59 segundos, 99 cent\u00e9simas. La precisi\u00f3n es del 0,001%. La pantalla de tres l\u00edneas exhibe simult\u00e1neamente el tiempo de desempe\u00f1o , la divisi\u00f3n acumulativa y la divisi\u00f3n de intervalo. Sesenta memorias recuerdan todas y cada una de las divisiones, ense\u00f1ar los n\u00fameros de muestra del 1 al 60 y ense\u00f1ar los tiempos m\u00e1s largos, mucho m\u00e1s cortos y promedio de las divisiones de intervalo. FUNCIONES INCRE\u00cdBLES Da funciones repetidas de temporizaci\u00f3n de alarma de cuenta recesiva. Config\u00farelo para que realice una cuenta regresiva en cualquier momento desde diez horas hasta 1 segundo. En el momento en que se llega a cero, el temporizador emite una alarma y empieza a contar nuevamente desde el tiempo programado. El per\u00edodo de repetici\u00f3n sigue autom\u00e1ticamente hasta que se detiene. Como cron\u00f3grafo, el cron\u00f3metro muestra la hora del d\u00eda, la fecha y el d\u00eda de la semana. Tambi\u00e9n tiene una alarma de hora del d\u00eda.    # Canales\/zonas 1   Capacidad de tiempo 9 horas 59 minutos 59 segundos 99 cent\u00e9simas   Precisi\u00f3n de tiempo 0.001% de precisi\u00f3n   Resoluci\u00f3n de tiempo 0.01 segundo   Funciones adicionales Tiempo de espera\/tiempo de entrada, Cronometraje continuo, Fraccionamiento acumulativo, Fraccionamiento de intervalos, Memorias, Contador de muestras, Cron\u00f3grafo   Memoria (60)   Cuenta ascendente\/Cuenta regresiva Cuenta regresiva I (repetir), Cuenta regresiva II, Cuenta ascendente   Dimensiones 2-1\/8&quot;x2-5\/8&quot;x3\/4&quot;   Peso 2 onzas   Enchufe de aire acondicionado (S\/N) norte   Trazable Y    &nbsp;\" \/>\n<meta property=\"og:url\" content=\"https:\/\/abaa.mx\/tienda\/1025-cronometro-digital-a-60-memorias-certificado-nist-control-company\/\" \/>\n<meta property=\"og:site_name\" content=\"Abaa tienda online\" \/>\n<meta property=\"article:modified_time\" content=\"2023-10-26T20:00:50+00:00\" \/>\n<meta property=\"og:image\" content=\"https:\/\/abaa.mx\/tienda\/wp-content\/uploads\/2023\/10\/TRACEABLE-1025.jpg\" \/>\n\t<meta property=\"og:image:width\" content=\"800\" \/>\n\t<meta property=\"og:image:height\" content=\"800\" \/>\n\t<meta property=\"og:image:type\" content=\"image\/jpeg\" \/>\n<meta name=\"twitter:card\" content=\"summary_large_image\" \/>\n<meta name=\"twitter:label1\" content=\"Tiempo de lectura\" \/>\n\t<meta name=\"twitter:data1\" content=\"1 minuto\" \/>\n<script type=\"application\/ld+json\" class=\"yoast-schema-graph\">{\"@context\":\"https:\/\/schema.org\",\"@graph\":[{\"@type\":\"WebPage\",\"@id\":\"https:\/\/abaa.mx\/tienda\/1025-cronometro-digital-a-60-memorias-certificado-nist-control-company\/\",\"url\":\"https:\/\/abaa.mx\/tienda\/1025-cronometro-digital-a-60-memorias-certificado-nist-control-company\/\",\"name\":\"1025 Cronometro Digital a 60 Memorias Certificado NIST Control Company - Abaa tienda online\",\"isPartOf\":{\"@id\":\"https:\/\/abaa.mx\/tienda\/#website\"},\"primaryImageOfPage\":{\"@id\":\"https:\/\/abaa.mx\/tienda\/1025-cronometro-digital-a-60-memorias-certificado-nist-control-company\/#primaryimage\"},\"image\":{\"@id\":\"https:\/\/abaa.mx\/tienda\/1025-cronometro-digital-a-60-memorias-certificado-nist-control-company\/#primaryimage\"},\"thumbnailUrl\":\"https:\/\/abaa.mx\/tienda\/wp-content\/uploads\/2023\/10\/TRACEABLE-1025.jpg\",\"datePublished\":\"2023-10-26T20:00:49+00:00\",\"dateModified\":\"2023-10-26T20:00:50+00:00\",\"breadcrumb\":{\"@id\":\"https:\/\/abaa.mx\/tienda\/1025-cronometro-digital-a-60-memorias-certificado-nist-control-company\/#breadcrumb\"},\"inLanguage\":\"es\",\"potentialAction\":[{\"@type\":\"ReadAction\",\"target\":[\"https:\/\/abaa.mx\/tienda\/1025-cronometro-digital-a-60-memorias-certificado-nist-control-company\/\"]}]},{\"@type\":\"ImageObject\",\"inLanguage\":\"es\",\"@id\":\"https:\/\/abaa.mx\/tienda\/1025-cronometro-digital-a-60-memorias-certificado-nist-control-company\/#primaryimage\",\"url\":\"https:\/\/abaa.mx\/tienda\/wp-content\/uploads\/2023\/10\/TRACEABLE-1025.jpg\",\"contentUrl\":\"https:\/\/abaa.mx\/tienda\/wp-content\/uploads\/2023\/10\/TRACEABLE-1025.jpg\",\"width\":800,\"height\":800,\"caption\":\"TRACEABLE-1025\"},{\"@type\":\"BreadcrumbList\",\"@id\":\"https:\/\/abaa.mx\/tienda\/1025-cronometro-digital-a-60-memorias-certificado-nist-control-company\/#breadcrumb\",\"itemListElement\":[{\"@type\":\"ListItem\",\"position\":1,\"name\":\"Inicio\",\"item\":\"https:\/\/abaa.mx\/tienda\/\"},{\"@type\":\"ListItem\",\"position\":2,\"name\":\"Tienda\",\"item\":\"https:\/\/abaa.mx\/tienda\/\"},{\"@type\":\"ListItem\",\"position\":3,\"name\":\"1025 Cronometro Digital a 60 Memorias Certificado NIST Control Company\"}]},{\"@type\":\"WebSite\",\"@id\":\"https:\/\/abaa.mx\/tienda\/#website\",\"url\":\"https:\/\/abaa.mx\/tienda\/\",\"name\":\"Abaa tienda online\",\"description\":\"Instrumentos de medici\u00f3n\",\"publisher\":{\"@id\":\"https:\/\/abaa.mx\/tienda\/#organization\"},\"potentialAction\":[{\"@type\":\"SearchAction\",\"target\":{\"@type\":\"EntryPoint\",\"urlTemplate\":\"https:\/\/abaa.mx\/tienda\/?s={search_term_string}\"},\"query-input\":{\"@type\":\"PropertyValueSpecification\",\"valueRequired\":true,\"valueName\":\"search_term_string\"}}],\"inLanguage\":\"es\"},{\"@type\":\"Organization\",\"@id\":\"https:\/\/abaa.mx\/tienda\/#organization\",\"name\":\"Abaa tienda online\",\"url\":\"https:\/\/abaa.mx\/tienda\/\",\"logo\":{\"@type\":\"ImageObject\",\"inLanguage\":\"es\",\"@id\":\"https:\/\/abaa.mx\/tienda\/#\/schema\/logo\/image\/\",\"url\":\"https:\/\/abaa.mx\/tienda\/wp-content\/uploads\/2024\/01\/abaa-metrologia-tienda.png\",\"contentUrl\":\"https:\/\/abaa.mx\/tienda\/wp-content\/uploads\/2024\/01\/abaa-metrologia-tienda.png\",\"width\":300,\"height\":141,\"caption\":\"Abaa tienda online\"},\"image\":{\"@id\":\"https:\/\/abaa.mx\/tienda\/#\/schema\/logo\/image\/\"}}]}<\/script>\n<!-- \/ Yoast SEO plugin. -->","yoast_head_json":{"title":"1025 Cronometro Digital a 60 Memorias Certificado NIST Control Company - Abaa tienda online","robots":{"index":"index","follow":"follow","max-snippet":"max-snippet:-1","max-image-preview":"max-image-preview:large","max-video-preview":"max-video-preview:-1"},"canonical":"https:\/\/abaa.mx\/tienda\/1025-cronometro-digital-a-60-memorias-certificado-nist-control-company\/","og_locale":"es_MX","og_type":"article","og_title":"1025 Cronometro Digital a 60 Memorias Certificado NIST Control Company - Abaa tienda online","og_description":"Caracter\u00edsticas: 60 memorias, alarma, hora, fecha, d\u00eda de la semana  Funciones de cron\u00f3metro: temporizaci\u00f3n de acci\u00f3n \u00fanica, tiempo de entrada \/ salida, temporizaci\u00f3n continua, divisi\u00f3n acumulativa, divisi\u00f3n de intervalo, cuenta atr\u00e1s I y II, repetici\u00f3n autom\u00e1tica, temporizaci\u00f3n programable.  PANTALLA TRIPLE, 60 MEMORIAS Y PRECISI\u00d3N IMPRESIONANTE Tiempos de cron\u00f3metro a 9 horas, 59 minutos, 59 segundos, 99 cent\u00e9simas. La precisi\u00f3n es del 0,001%. La pantalla de tres l\u00edneas exhibe simult\u00e1neamente el tiempo de desempe\u00f1o , la divisi\u00f3n acumulativa y la divisi\u00f3n de intervalo. Sesenta memorias recuerdan todas y cada una de las divisiones, ense\u00f1ar los n\u00fameros de muestra del 1 al 60 y ense\u00f1ar los tiempos m\u00e1s largos, mucho m\u00e1s cortos y promedio de las divisiones de intervalo. FUNCIONES INCRE\u00cdBLES Da funciones repetidas de temporizaci\u00f3n de alarma de cuenta recesiva. Config\u00farelo para que realice una cuenta regresiva en cualquier momento desde diez horas hasta 1 segundo. En el momento en que se llega a cero, el temporizador emite una alarma y empieza a contar nuevamente desde el tiempo programado. El per\u00edodo de repetici\u00f3n sigue autom\u00e1ticamente hasta que se detiene. Como cron\u00f3grafo, el cron\u00f3metro muestra la hora del d\u00eda, la fecha y el d\u00eda de la semana. Tambi\u00e9n tiene una alarma de hora del d\u00eda.    # Canales\/zonas 1   Capacidad de tiempo 9 horas 59 minutos 59 segundos 99 cent\u00e9simas   Precisi\u00f3n de tiempo 0.001% de precisi\u00f3n   Resoluci\u00f3n de tiempo 0.01 segundo   Funciones adicionales Tiempo de espera\/tiempo de entrada, Cronometraje continuo, Fraccionamiento acumulativo, Fraccionamiento de intervalos, Memorias, Contador de muestras, Cron\u00f3grafo   Memoria (60)   Cuenta ascendente\/Cuenta regresiva Cuenta regresiva I (repetir), Cuenta regresiva II, Cuenta ascendente   Dimensiones 2-1\/8\"x2-5\/8\"x3\/4\"   Peso 2 onzas   Enchufe de aire acondicionado (S\/N) norte   Trazable Y    &nbsp;","og_url":"https:\/\/abaa.mx\/tienda\/1025-cronometro-digital-a-60-memorias-certificado-nist-control-company\/","og_site_name":"Abaa tienda online","article_modified_time":"2023-10-26T20:00:50+00:00","og_image":[{"width":800,"height":800,"url":"https:\/\/abaa.mx\/tienda\/wp-content\/uploads\/2023\/10\/TRACEABLE-1025.jpg","type":"image\/jpeg"}],"twitter_card":"summary_large_image","twitter_misc":{"Tiempo de lectura":"1 minuto"},"schema":{"@context":"https:\/\/schema.org","@graph":[{"@type":"WebPage","@id":"https:\/\/abaa.mx\/tienda\/1025-cronometro-digital-a-60-memorias-certificado-nist-control-company\/","url":"https:\/\/abaa.mx\/tienda\/1025-cronometro-digital-a-60-memorias-certificado-nist-control-company\/","name":"1025 Cronometro Digital a 60 Memorias Certificado NIST Control Company - Abaa tienda online","isPartOf":{"@id":"https:\/\/abaa.mx\/tienda\/#website"},"primaryImageOfPage":{"@id":"https:\/\/abaa.mx\/tienda\/1025-cronometro-digital-a-60-memorias-certificado-nist-control-company\/#primaryimage"},"image":{"@id":"https:\/\/abaa.mx\/tienda\/1025-cronometro-digital-a-60-memorias-certificado-nist-control-company\/#primaryimage"},"thumbnailUrl":"https:\/\/abaa.mx\/tienda\/wp-content\/uploads\/2023\/10\/TRACEABLE-1025.jpg","datePublished":"2023-10-26T20:00:49+00:00","dateModified":"2023-10-26T20:00:50+00:00","breadcrumb":{"@id":"https:\/\/abaa.mx\/tienda\/1025-cronometro-digital-a-60-memorias-certificado-nist-control-company\/#breadcrumb"},"inLanguage":"es","potentialAction":[{"@type":"ReadAction","target":["https:\/\/abaa.mx\/tienda\/1025-cronometro-digital-a-60-memorias-certificado-nist-control-company\/"]}]},{"@type":"ImageObject","inLanguage":"es","@id":"https:\/\/abaa.mx\/tienda\/1025-cronometro-digital-a-60-memorias-certificado-nist-control-company\/#primaryimage","url":"https:\/\/abaa.mx\/tienda\/wp-content\/uploads\/2023\/10\/TRACEABLE-1025.jpg","contentUrl":"https:\/\/abaa.mx\/tienda\/wp-content\/uploads\/2023\/10\/TRACEABLE-1025.jpg","width":800,"height":800,"caption":"TRACEABLE-1025"},{"@type":"BreadcrumbList","@id":"https:\/\/abaa.mx\/tienda\/1025-cronometro-digital-a-60-memorias-certificado-nist-control-company\/#breadcrumb","itemListElement":[{"@type":"ListItem","position":1,"name":"Inicio","item":"https:\/\/abaa.mx\/tienda\/"},{"@type":"ListItem","position":2,"name":"Tienda","item":"https:\/\/abaa.mx\/tienda\/"},{"@type":"ListItem","position":3,"name":"1025 Cronometro Digital a 60 Memorias Certificado NIST Control Company"}]},{"@type":"WebSite","@id":"https:\/\/abaa.mx\/tienda\/#website","url":"https:\/\/abaa.mx\/tienda\/","name":"Abaa tienda online","description":"Instrumentos de medici\u00f3n","publisher":{"@id":"https:\/\/abaa.mx\/tienda\/#organization"},"potentialAction":[{"@type":"SearchAction","target":{"@type":"EntryPoint","urlTemplate":"https:\/\/abaa.mx\/tienda\/?s={search_term_string}"},"query-input":{"@type":"PropertyValueSpecification","valueRequired":true,"valueName":"search_term_string"}}],"inLanguage":"es"},{"@type":"Organization","@id":"https:\/\/abaa.mx\/tienda\/#organization","name":"Abaa tienda online","url":"https:\/\/abaa.mx\/tienda\/","logo":{"@type":"ImageObject","inLanguage":"es","@id":"https:\/\/abaa.mx\/tienda\/#\/schema\/logo\/image\/","url":"https:\/\/abaa.mx\/tienda\/wp-content\/uploads\/2024\/01\/abaa-metrologia-tienda.png","contentUrl":"https:\/\/abaa.mx\/tienda\/wp-content\/uploads\/2024\/01\/abaa-metrologia-tienda.png","width":300,"height":141,"caption":"Abaa tienda online"},"image":{"@id":"https:\/\/abaa.mx\/tienda\/#\/schema\/logo\/image\/"}}]}},"_links":{"self":[{"href":"https:\/\/abaa.mx\/tienda\/wp-json\/wp\/v2\/product\/8051","targetHints":{"allow":["GET"]}}],"collection":[{"href":"https:\/\/abaa.mx\/tienda\/wp-json\/wp\/v2\/product"}],"about":[{"href":"https:\/\/abaa.mx\/tienda\/wp-json\/wp\/v2\/types\/product"}],"replies":[{"embeddable":true,"href":"https:\/\/abaa.mx\/tienda\/wp-json\/wp\/v2\/comments?post=8051"}],"wp:featuredmedia":[{"embeddable":true,"href":"https:\/\/abaa.mx\/tienda\/wp-json\/wp\/v2\/media\/8056"}],"wp:attachment":[{"href":"https:\/\/abaa.mx\/tienda\/wp-json\/wp\/v2\/media?parent=8051"}],"wp:term":[{"taxonomy":"product_brand","embeddable":true,"href":"https:\/\/abaa.mx\/tienda\/wp-json\/wp\/v2\/product_brand?post=8051"},{"taxonomy":"product_cat","embeddable":true,"href":"https:\/\/abaa.mx\/tienda\/wp-json\/wp\/v2\/product_cat?post=8051"},{"taxonomy":"product_tag","embeddable":true,"href":"https:\/\/abaa.mx\/tienda\/wp-json\/wp\/v2\/product_tag?post=8051"}],"curies":[{"name":"wp","href":"https:\/\/api.w.org\/{rel}","templated":true}]}}