{"id":8046,"date":"2023-10-26T19:49:46","date_gmt":"2023-10-26T19:49:46","guid":{"rendered":"https:\/\/abaa.mx\/tienda\/?post_type=product&#038;p=8046"},"modified":"2023-10-26T19:49:47","modified_gmt":"2023-10-26T19:49:47","slug":"contador-de-particulas-airy-3-canales-estandar-ha3031","status":"publish","type":"product","link":"https:\/\/abaa.mx\/tienda\/contador-de-particulas-airy-3-canales-estandar-ha3031\/","title":{"rendered":"Contador de Part\u00edculas Airy 3 Canales Est\u00e1ndar &#8211; HA3031"},"content":{"rendered":"<p>Contador de Part\u00edculas Airy 3 Canales Est\u00e1ndar &#8211; HA3031<\/p>\n","protected":false},"excerpt":{"rendered":"<p><b>Caracter\u00edsticas y Beneficios:<\/b><\/p>\n<ul>\n<li>Con\u00e9ctese mediante USB o (opcional) Ethernet, inal\u00e1mbrico 802.11 b \/ g<\/li>\n<li>Mide hasta 3 canales de datos simult\u00e1neos.<\/li>\n<li>PP-HA3061: mide de 0,5 \u00b5m a 25 \u00b5m<\/li>\n<li>PP-HA3031: Mide 0.3 \u00b5m a 25.0 \u00b5m.<\/li>\n<li>Gran pantalla t\u00e1ctil a color de f\u00e1cil manejo con \u00edconos<\/li>\n<li>Mango integrado para operaci\u00f3n con una sola mano.<\/li>\n<li>Interna! alarma audible<\/li>\n<li>Tamanos de canal seleccionables por el usuario<\/li>\n<li>Tasa de flujo de 0.1 CFM (2.83 LPM)<\/li>\n<li>Integraci\u00f3n perfecta en un sistema de monitoreo de instalaciones<\/li>\n<li>F\u00e1cil configuraci\u00f3n y transferible de instrumento a instrumento.<\/li>\n<li>Tecnolog\u00eda de diodo l\u00e1ser de larga duraci\u00f3n.<\/li>\n<li>Recinto de pl\u00e1stico moldeado por inyecci\u00f3n de alto impacto y peso ligero<\/li>\n<li>Cumple con las normas ISO 21501-4 y JIS B9921<\/li>\n<li>F\u00e1cil de limpiar y limpiar con trampas de part\u00edculas m\u00ednimas<\/li>\n<li>1 ano de garant\u00eda. Garant\u00edas extendidas disponibles<\/li>\n<li>Almacena hasta 45,000 registros de muestra y 1,000 ubicaciones de muestra<\/li>\n<\/ul>\n","protected":false},"featured_media":8049,"comment_status":"open","ping_status":"closed","template":"","meta":{"_joinchat":[]},"product_brand":[],"product_cat":[91],"product_tag":[],"class_list":{"0":"post-8046","1":"product","2":"type-product","3":"status-publish","4":"has-post-thumbnail","6":"product_cat-contadores-de-particulas","8":"first","9":"instock","10":"shipping-taxable","11":"product-type-simple"},"yoast_head":"<!-- This site is optimized with the Yoast SEO plugin v26.4 - https:\/\/yoast.com\/wordpress\/plugins\/seo\/ -->\n<title>Contador de Part\u00edculas Airy 3 Canales Est\u00e1ndar - HA3031 - Abaa tienda online<\/title>\n<meta name=\"robots\" content=\"index, follow, max-snippet:-1, max-image-preview:large, max-video-preview:-1\" \/>\n<link rel=\"canonical\" href=\"https:\/\/abaa.mx\/tienda\/contador-de-particulas-airy-3-canales-estandar-ha3031\/\" \/>\n<meta property=\"og:locale\" content=\"es_MX\" \/>\n<meta property=\"og:type\" content=\"article\" \/>\n<meta property=\"og:title\" content=\"Contador de Part\u00edculas Airy 3 Canales Est\u00e1ndar - HA3031 - Abaa tienda online\" \/>\n<meta property=\"og:description\" content=\"Caracter\u00edsticas y Beneficios:   Con\u00e9ctese mediante USB o (opcional) Ethernet, inal\u00e1mbrico 802.11 b \/ g  Mide hasta 3 canales de datos simult\u00e1neos.  PP-HA3061: mide de 0,5 \u00b5m a 25 \u00b5m  PP-HA3031: Mide 0.3 \u00b5m a 25.0 \u00b5m.  Gran pantalla t\u00e1ctil a color de f\u00e1cil manejo con \u00edconos  Mango integrado para operaci\u00f3n con una sola mano.  Interna! alarma audible  Tamanos de canal seleccionables por el usuario  Tasa de flujo de 0.1 CFM (2.83 LPM)  Integraci\u00f3n perfecta en un sistema de monitoreo de instalaciones  F\u00e1cil configuraci\u00f3n y transferible de instrumento a instrumento.  Tecnolog\u00eda de diodo l\u00e1ser de larga duraci\u00f3n.  Recinto de pl\u00e1stico moldeado por inyecci\u00f3n de alto impacto y peso ligero  Cumple con las normas ISO 21501-4 y JIS B9921  F\u00e1cil de limpiar y limpiar con trampas de part\u00edculas m\u00ednimas  1 ano de garant\u00eda. Garant\u00edas extendidas disponibles  Almacena hasta 45,000 registros de muestra y 1,000 ubicaciones de muestra\" \/>\n<meta property=\"og:url\" content=\"https:\/\/abaa.mx\/tienda\/contador-de-particulas-airy-3-canales-estandar-ha3031\/\" \/>\n<meta property=\"og:site_name\" content=\"Abaa tienda online\" \/>\n<meta property=\"article:modified_time\" content=\"2023-10-26T19:49:47+00:00\" \/>\n<meta property=\"og:image\" content=\"https:\/\/abaa.mx\/tienda\/wp-content\/uploads\/2023\/10\/AIRY-TECHNOLOGY-HA3031.jpg\" \/>\n\t<meta property=\"og:image:width\" content=\"344\" \/>\n\t<meta property=\"og:image:height\" content=\"600\" \/>\n\t<meta property=\"og:image:type\" content=\"image\/jpeg\" \/>\n<meta name=\"twitter:card\" content=\"summary_large_image\" \/>\n<meta name=\"twitter:label1\" content=\"Tiempo de lectura\" \/>\n\t<meta name=\"twitter:data1\" content=\"1 minuto\" \/>\n<script type=\"application\/ld+json\" class=\"yoast-schema-graph\">{\"@context\":\"https:\/\/schema.org\",\"@graph\":[{\"@type\":\"WebPage\",\"@id\":\"https:\/\/abaa.mx\/tienda\/contador-de-particulas-airy-3-canales-estandar-ha3031\/\",\"url\":\"https:\/\/abaa.mx\/tienda\/contador-de-particulas-airy-3-canales-estandar-ha3031\/\",\"name\":\"Contador de Part\u00edculas Airy 3 Canales Est\u00e1ndar - HA3031 - Abaa tienda online\",\"isPartOf\":{\"@id\":\"https:\/\/abaa.mx\/tienda\/#website\"},\"primaryImageOfPage\":{\"@id\":\"https:\/\/abaa.mx\/tienda\/contador-de-particulas-airy-3-canales-estandar-ha3031\/#primaryimage\"},\"image\":{\"@id\":\"https:\/\/abaa.mx\/tienda\/contador-de-particulas-airy-3-canales-estandar-ha3031\/#primaryimage\"},\"thumbnailUrl\":\"https:\/\/abaa.mx\/tienda\/wp-content\/uploads\/2023\/10\/AIRY-TECHNOLOGY-HA3031.jpg\",\"datePublished\":\"2023-10-26T19:49:46+00:00\",\"dateModified\":\"2023-10-26T19:49:47+00:00\",\"breadcrumb\":{\"@id\":\"https:\/\/abaa.mx\/tienda\/contador-de-particulas-airy-3-canales-estandar-ha3031\/#breadcrumb\"},\"inLanguage\":\"es\",\"potentialAction\":[{\"@type\":\"ReadAction\",\"target\":[\"https:\/\/abaa.mx\/tienda\/contador-de-particulas-airy-3-canales-estandar-ha3031\/\"]}]},{\"@type\":\"ImageObject\",\"inLanguage\":\"es\",\"@id\":\"https:\/\/abaa.mx\/tienda\/contador-de-particulas-airy-3-canales-estandar-ha3031\/#primaryimage\",\"url\":\"https:\/\/abaa.mx\/tienda\/wp-content\/uploads\/2023\/10\/AIRY-TECHNOLOGY-HA3031.jpg\",\"contentUrl\":\"https:\/\/abaa.mx\/tienda\/wp-content\/uploads\/2023\/10\/AIRY-TECHNOLOGY-HA3031.jpg\",\"width\":344,\"height\":600,\"caption\":\"AIRY TECHNOLOGY-HA3031\"},{\"@type\":\"BreadcrumbList\",\"@id\":\"https:\/\/abaa.mx\/tienda\/contador-de-particulas-airy-3-canales-estandar-ha3031\/#breadcrumb\",\"itemListElement\":[{\"@type\":\"ListItem\",\"position\":1,\"name\":\"Inicio\",\"item\":\"https:\/\/abaa.mx\/tienda\/\"},{\"@type\":\"ListItem\",\"position\":2,\"name\":\"Tienda\",\"item\":\"https:\/\/abaa.mx\/tienda\/\"},{\"@type\":\"ListItem\",\"position\":3,\"name\":\"Contador de Part\u00edculas Airy 3 Canales Est\u00e1ndar &#8211; HA3031\"}]},{\"@type\":\"WebSite\",\"@id\":\"https:\/\/abaa.mx\/tienda\/#website\",\"url\":\"https:\/\/abaa.mx\/tienda\/\",\"name\":\"Abaa tienda online\",\"description\":\"Instrumentos de medici\u00f3n\",\"publisher\":{\"@id\":\"https:\/\/abaa.mx\/tienda\/#organization\"},\"potentialAction\":[{\"@type\":\"SearchAction\",\"target\":{\"@type\":\"EntryPoint\",\"urlTemplate\":\"https:\/\/abaa.mx\/tienda\/?s={search_term_string}\"},\"query-input\":{\"@type\":\"PropertyValueSpecification\",\"valueRequired\":true,\"valueName\":\"search_term_string\"}}],\"inLanguage\":\"es\"},{\"@type\":\"Organization\",\"@id\":\"https:\/\/abaa.mx\/tienda\/#organization\",\"name\":\"Abaa tienda online\",\"url\":\"https:\/\/abaa.mx\/tienda\/\",\"logo\":{\"@type\":\"ImageObject\",\"inLanguage\":\"es\",\"@id\":\"https:\/\/abaa.mx\/tienda\/#\/schema\/logo\/image\/\",\"url\":\"https:\/\/abaa.mx\/tienda\/wp-content\/uploads\/2024\/01\/abaa-metrologia-tienda.png\",\"contentUrl\":\"https:\/\/abaa.mx\/tienda\/wp-content\/uploads\/2024\/01\/abaa-metrologia-tienda.png\",\"width\":300,\"height\":141,\"caption\":\"Abaa tienda online\"},\"image\":{\"@id\":\"https:\/\/abaa.mx\/tienda\/#\/schema\/logo\/image\/\"}}]}<\/script>\n<!-- \/ Yoast SEO plugin. -->","yoast_head_json":{"title":"Contador de Part\u00edculas Airy 3 Canales Est\u00e1ndar - HA3031 - Abaa tienda online","robots":{"index":"index","follow":"follow","max-snippet":"max-snippet:-1","max-image-preview":"max-image-preview:large","max-video-preview":"max-video-preview:-1"},"canonical":"https:\/\/abaa.mx\/tienda\/contador-de-particulas-airy-3-canales-estandar-ha3031\/","og_locale":"es_MX","og_type":"article","og_title":"Contador de Part\u00edculas Airy 3 Canales Est\u00e1ndar - HA3031 - Abaa tienda online","og_description":"Caracter\u00edsticas y Beneficios:   Con\u00e9ctese mediante USB o (opcional) Ethernet, inal\u00e1mbrico 802.11 b \/ g  Mide hasta 3 canales de datos simult\u00e1neos.  PP-HA3061: mide de 0,5 \u00b5m a 25 \u00b5m  PP-HA3031: Mide 0.3 \u00b5m a 25.0 \u00b5m.  Gran pantalla t\u00e1ctil a color de f\u00e1cil manejo con \u00edconos  Mango integrado para operaci\u00f3n con una sola mano.  Interna! alarma audible  Tamanos de canal seleccionables por el usuario  Tasa de flujo de 0.1 CFM (2.83 LPM)  Integraci\u00f3n perfecta en un sistema de monitoreo de instalaciones  F\u00e1cil configuraci\u00f3n y transferible de instrumento a instrumento.  Tecnolog\u00eda de diodo l\u00e1ser de larga duraci\u00f3n.  Recinto de pl\u00e1stico moldeado por inyecci\u00f3n de alto impacto y peso ligero  Cumple con las normas ISO 21501-4 y JIS B9921  F\u00e1cil de limpiar y limpiar con trampas de part\u00edculas m\u00ednimas  1 ano de garant\u00eda. Garant\u00edas extendidas disponibles  Almacena hasta 45,000 registros de muestra y 1,000 ubicaciones de muestra","og_url":"https:\/\/abaa.mx\/tienda\/contador-de-particulas-airy-3-canales-estandar-ha3031\/","og_site_name":"Abaa tienda online","article_modified_time":"2023-10-26T19:49:47+00:00","og_image":[{"width":344,"height":600,"url":"https:\/\/abaa.mx\/tienda\/wp-content\/uploads\/2023\/10\/AIRY-TECHNOLOGY-HA3031.jpg","type":"image\/jpeg"}],"twitter_card":"summary_large_image","twitter_misc":{"Tiempo de lectura":"1 minuto"},"schema":{"@context":"https:\/\/schema.org","@graph":[{"@type":"WebPage","@id":"https:\/\/abaa.mx\/tienda\/contador-de-particulas-airy-3-canales-estandar-ha3031\/","url":"https:\/\/abaa.mx\/tienda\/contador-de-particulas-airy-3-canales-estandar-ha3031\/","name":"Contador de Part\u00edculas Airy 3 Canales Est\u00e1ndar - HA3031 - Abaa tienda online","isPartOf":{"@id":"https:\/\/abaa.mx\/tienda\/#website"},"primaryImageOfPage":{"@id":"https:\/\/abaa.mx\/tienda\/contador-de-particulas-airy-3-canales-estandar-ha3031\/#primaryimage"},"image":{"@id":"https:\/\/abaa.mx\/tienda\/contador-de-particulas-airy-3-canales-estandar-ha3031\/#primaryimage"},"thumbnailUrl":"https:\/\/abaa.mx\/tienda\/wp-content\/uploads\/2023\/10\/AIRY-TECHNOLOGY-HA3031.jpg","datePublished":"2023-10-26T19:49:46+00:00","dateModified":"2023-10-26T19:49:47+00:00","breadcrumb":{"@id":"https:\/\/abaa.mx\/tienda\/contador-de-particulas-airy-3-canales-estandar-ha3031\/#breadcrumb"},"inLanguage":"es","potentialAction":[{"@type":"ReadAction","target":["https:\/\/abaa.mx\/tienda\/contador-de-particulas-airy-3-canales-estandar-ha3031\/"]}]},{"@type":"ImageObject","inLanguage":"es","@id":"https:\/\/abaa.mx\/tienda\/contador-de-particulas-airy-3-canales-estandar-ha3031\/#primaryimage","url":"https:\/\/abaa.mx\/tienda\/wp-content\/uploads\/2023\/10\/AIRY-TECHNOLOGY-HA3031.jpg","contentUrl":"https:\/\/abaa.mx\/tienda\/wp-content\/uploads\/2023\/10\/AIRY-TECHNOLOGY-HA3031.jpg","width":344,"height":600,"caption":"AIRY TECHNOLOGY-HA3031"},{"@type":"BreadcrumbList","@id":"https:\/\/abaa.mx\/tienda\/contador-de-particulas-airy-3-canales-estandar-ha3031\/#breadcrumb","itemListElement":[{"@type":"ListItem","position":1,"name":"Inicio","item":"https:\/\/abaa.mx\/tienda\/"},{"@type":"ListItem","position":2,"name":"Tienda","item":"https:\/\/abaa.mx\/tienda\/"},{"@type":"ListItem","position":3,"name":"Contador de Part\u00edculas Airy 3 Canales Est\u00e1ndar &#8211; HA3031"}]},{"@type":"WebSite","@id":"https:\/\/abaa.mx\/tienda\/#website","url":"https:\/\/abaa.mx\/tienda\/","name":"Abaa tienda online","description":"Instrumentos de medici\u00f3n","publisher":{"@id":"https:\/\/abaa.mx\/tienda\/#organization"},"potentialAction":[{"@type":"SearchAction","target":{"@type":"EntryPoint","urlTemplate":"https:\/\/abaa.mx\/tienda\/?s={search_term_string}"},"query-input":{"@type":"PropertyValueSpecification","valueRequired":true,"valueName":"search_term_string"}}],"inLanguage":"es"},{"@type":"Organization","@id":"https:\/\/abaa.mx\/tienda\/#organization","name":"Abaa tienda online","url":"https:\/\/abaa.mx\/tienda\/","logo":{"@type":"ImageObject","inLanguage":"es","@id":"https:\/\/abaa.mx\/tienda\/#\/schema\/logo\/image\/","url":"https:\/\/abaa.mx\/tienda\/wp-content\/uploads\/2024\/01\/abaa-metrologia-tienda.png","contentUrl":"https:\/\/abaa.mx\/tienda\/wp-content\/uploads\/2024\/01\/abaa-metrologia-tienda.png","width":300,"height":141,"caption":"Abaa tienda online"},"image":{"@id":"https:\/\/abaa.mx\/tienda\/#\/schema\/logo\/image\/"}}]}},"_links":{"self":[{"href":"https:\/\/abaa.mx\/tienda\/wp-json\/wp\/v2\/product\/8046","targetHints":{"allow":["GET"]}}],"collection":[{"href":"https:\/\/abaa.mx\/tienda\/wp-json\/wp\/v2\/product"}],"about":[{"href":"https:\/\/abaa.mx\/tienda\/wp-json\/wp\/v2\/types\/product"}],"replies":[{"embeddable":true,"href":"https:\/\/abaa.mx\/tienda\/wp-json\/wp\/v2\/comments?post=8046"}],"wp:featuredmedia":[{"embeddable":true,"href":"https:\/\/abaa.mx\/tienda\/wp-json\/wp\/v2\/media\/8049"}],"wp:attachment":[{"href":"https:\/\/abaa.mx\/tienda\/wp-json\/wp\/v2\/media?parent=8046"}],"wp:term":[{"taxonomy":"product_brand","embeddable":true,"href":"https:\/\/abaa.mx\/tienda\/wp-json\/wp\/v2\/product_brand?post=8046"},{"taxonomy":"product_cat","embeddable":true,"href":"https:\/\/abaa.mx\/tienda\/wp-json\/wp\/v2\/product_cat?post=8046"},{"taxonomy":"product_tag","embeddable":true,"href":"https:\/\/abaa.mx\/tienda\/wp-json\/wp\/v2\/product_tag?post=8046"}],"curies":[{"name":"wp","href":"https:\/\/api.w.org\/{rel}","templated":true}]}}