{"id":8045,"date":"2023-10-26T19:43:36","date_gmt":"2023-10-26T19:43:36","guid":{"rendered":"https:\/\/abaa.mx\/tienda\/?post_type=product&#038;p=8045"},"modified":"2023-10-26T19:43:37","modified_gmt":"2023-10-26T19:43:37","slug":"contador-de-particulas-airy-6-canales-estandar-ha3061","status":"publish","type":"product","link":"https:\/\/abaa.mx\/tienda\/contador-de-particulas-airy-6-canales-estandar-ha3061\/","title":{"rendered":"Contador de Part\u00edculas Airy 6 Canales Est\u00e1ndar &#8211; HA3061"},"content":{"rendered":"<p>Contador de Part\u00edculas Airy 6 Canales Est\u00e1ndar &#8211; HA3061<\/p>\n","protected":false},"excerpt":{"rendered":"<p><b>Caracter\u00edsticas y Beneficios:<\/b><\/p>\n<ul>\n<li>Sonda opcional de temperatura y humedad relativa disponible<\/li>\n<li>Con\u00e9ctese utilizando Ethernet, USB o (opcional) Inal\u00e1mbrico 802.11 b \/ g, RS 485 o RS232<\/li>\n<li>1 ano de garant\u00eda. Garant\u00edas extendidas disponibles.<\/li>\n<li>Cumple con las normas ISO 21501-4 solo ubicaci\u00f3n, ubicaci\u00f3n exacta y JIS B9921<\/li>\n<li>Tamanos de canal seleccionables por el usuario<\/li>\n<li>F\u00e1cil configuraci\u00f3n y transferible de instrumento a instrumento.<\/li>\n<li>Interna! alarma audible con gesti\u00f3n integral de alarmas<\/li>\n<li>Almacena hasta 45,000 registros de muestra y 1,000 ubicaciones de muestra<\/li>\n<li>Recinto de pl\u00e1stico moldeado por inyecci\u00f3n de alto impacto y peso ligero<\/li>\n<li>Mide 0.3 a 25.0 \u00b5m<\/li>\n<li>Mide hasta 6 canales de datos simult\u00e1neos.<\/li>\n<li>F\u00e1cil de limpiar y limpiar con trampas de part\u00edculas m\u00ednimas<\/li>\n<li>Integraci\u00f3n perfecta en un sistema de monitoreo de instalaciones<\/li>\n<li>Mango integrado para operaci\u00f3n con una sola mano.<\/li>\n<li>Tecnolog\u00eda de diodo l\u00e1ser de larga duraci\u00f3n.<\/li>\n<li>El diagn\u00f3stico remoto permite la investigaci\u00f3n del servicio remoto a trav\u00e9s de Internet.<\/li>\n<li>1 CFM (2.83 LPM) tasa de flujo<\/li>\n<li>Gran pantalla t\u00e1ctil a color de f\u00e1cil manejo con \u00edconos<\/li>\n<\/ul>\n","protected":false},"featured_media":8048,"comment_status":"open","ping_status":"closed","template":"","meta":{"_joinchat":[]},"product_brand":[],"product_cat":[91],"product_tag":[],"class_list":{"0":"post-8045","1":"product","2":"type-product","3":"status-publish","4":"has-post-thumbnail","6":"product_cat-contadores-de-particulas","8":"first","9":"instock","10":"shipping-taxable","11":"product-type-simple"},"yoast_head":"<!-- This site is optimized with the Yoast SEO plugin v26.4 - https:\/\/yoast.com\/wordpress\/plugins\/seo\/ -->\n<title>Contador de Part\u00edculas Airy 6 Canales Est\u00e1ndar - HA3061 - Abaa tienda online<\/title>\n<meta name=\"robots\" content=\"index, follow, max-snippet:-1, max-image-preview:large, max-video-preview:-1\" \/>\n<link rel=\"canonical\" href=\"https:\/\/abaa.mx\/tienda\/contador-de-particulas-airy-6-canales-estandar-ha3061\/\" \/>\n<meta property=\"og:locale\" content=\"es_MX\" \/>\n<meta property=\"og:type\" content=\"article\" \/>\n<meta property=\"og:title\" content=\"Contador de Part\u00edculas Airy 6 Canales Est\u00e1ndar - HA3061 - Abaa tienda online\" \/>\n<meta property=\"og:description\" content=\"Caracter\u00edsticas y Beneficios:   Sonda opcional de temperatura y humedad relativa disponible  Con\u00e9ctese utilizando Ethernet, USB o (opcional) Inal\u00e1mbrico 802.11 b \/ g, RS 485 o RS232  1 ano de garant\u00eda. Garant\u00edas extendidas disponibles.  Cumple con las normas ISO 21501-4 solo ubicaci\u00f3n, ubicaci\u00f3n exacta y JIS B9921  Tamanos de canal seleccionables por el usuario  F\u00e1cil configuraci\u00f3n y transferible de instrumento a instrumento.  Interna! alarma audible con gesti\u00f3n integral de alarmas  Almacena hasta 45,000 registros de muestra y 1,000 ubicaciones de muestra  Recinto de pl\u00e1stico moldeado por inyecci\u00f3n de alto impacto y peso ligero  Mide 0.3 a 25.0 \u00b5m  Mide hasta 6 canales de datos simult\u00e1neos.  F\u00e1cil de limpiar y limpiar con trampas de part\u00edculas m\u00ednimas  Integraci\u00f3n perfecta en un sistema de monitoreo de instalaciones  Mango integrado para operaci\u00f3n con una sola mano.  Tecnolog\u00eda de diodo l\u00e1ser de larga duraci\u00f3n.  El diagn\u00f3stico remoto permite la investigaci\u00f3n del servicio remoto a trav\u00e9s de Internet.  1 CFM (2.83 LPM) tasa de flujo  Gran pantalla t\u00e1ctil a color de f\u00e1cil manejo con \u00edconos\" \/>\n<meta property=\"og:url\" content=\"https:\/\/abaa.mx\/tienda\/contador-de-particulas-airy-6-canales-estandar-ha3061\/\" \/>\n<meta property=\"og:site_name\" content=\"Abaa tienda online\" \/>\n<meta property=\"article:modified_time\" content=\"2023-10-26T19:43:37+00:00\" \/>\n<meta property=\"og:image\" content=\"https:\/\/abaa.mx\/tienda\/wp-content\/uploads\/2023\/10\/AIRY-TEHNOLOGY-HA3061.jpg\" \/>\n\t<meta property=\"og:image:width\" content=\"344\" \/>\n\t<meta property=\"og:image:height\" content=\"600\" \/>\n\t<meta property=\"og:image:type\" content=\"image\/jpeg\" \/>\n<meta name=\"twitter:card\" content=\"summary_large_image\" \/>\n<meta name=\"twitter:label1\" content=\"Tiempo de lectura\" \/>\n\t<meta name=\"twitter:data1\" content=\"1 minuto\" \/>\n<script type=\"application\/ld+json\" class=\"yoast-schema-graph\">{\"@context\":\"https:\/\/schema.org\",\"@graph\":[{\"@type\":\"WebPage\",\"@id\":\"https:\/\/abaa.mx\/tienda\/contador-de-particulas-airy-6-canales-estandar-ha3061\/\",\"url\":\"https:\/\/abaa.mx\/tienda\/contador-de-particulas-airy-6-canales-estandar-ha3061\/\",\"name\":\"Contador de Part\u00edculas Airy 6 Canales Est\u00e1ndar - HA3061 - Abaa tienda online\",\"isPartOf\":{\"@id\":\"https:\/\/abaa.mx\/tienda\/#website\"},\"primaryImageOfPage\":{\"@id\":\"https:\/\/abaa.mx\/tienda\/contador-de-particulas-airy-6-canales-estandar-ha3061\/#primaryimage\"},\"image\":{\"@id\":\"https:\/\/abaa.mx\/tienda\/contador-de-particulas-airy-6-canales-estandar-ha3061\/#primaryimage\"},\"thumbnailUrl\":\"https:\/\/abaa.mx\/tienda\/wp-content\/uploads\/2023\/10\/AIRY-TEHNOLOGY-HA3061.jpg\",\"datePublished\":\"2023-10-26T19:43:36+00:00\",\"dateModified\":\"2023-10-26T19:43:37+00:00\",\"breadcrumb\":{\"@id\":\"https:\/\/abaa.mx\/tienda\/contador-de-particulas-airy-6-canales-estandar-ha3061\/#breadcrumb\"},\"inLanguage\":\"es\",\"potentialAction\":[{\"@type\":\"ReadAction\",\"target\":[\"https:\/\/abaa.mx\/tienda\/contador-de-particulas-airy-6-canales-estandar-ha3061\/\"]}]},{\"@type\":\"ImageObject\",\"inLanguage\":\"es\",\"@id\":\"https:\/\/abaa.mx\/tienda\/contador-de-particulas-airy-6-canales-estandar-ha3061\/#primaryimage\",\"url\":\"https:\/\/abaa.mx\/tienda\/wp-content\/uploads\/2023\/10\/AIRY-TEHNOLOGY-HA3061.jpg\",\"contentUrl\":\"https:\/\/abaa.mx\/tienda\/wp-content\/uploads\/2023\/10\/AIRY-TEHNOLOGY-HA3061.jpg\",\"width\":344,\"height\":600,\"caption\":\"AIRY TEHNOLOGY-HA3061\"},{\"@type\":\"BreadcrumbList\",\"@id\":\"https:\/\/abaa.mx\/tienda\/contador-de-particulas-airy-6-canales-estandar-ha3061\/#breadcrumb\",\"itemListElement\":[{\"@type\":\"ListItem\",\"position\":1,\"name\":\"Inicio\",\"item\":\"https:\/\/abaa.mx\/tienda\/\"},{\"@type\":\"ListItem\",\"position\":2,\"name\":\"Tienda\",\"item\":\"https:\/\/abaa.mx\/tienda\/\"},{\"@type\":\"ListItem\",\"position\":3,\"name\":\"Contador de Part\u00edculas Airy 6 Canales Est\u00e1ndar &#8211; HA3061\"}]},{\"@type\":\"WebSite\",\"@id\":\"https:\/\/abaa.mx\/tienda\/#website\",\"url\":\"https:\/\/abaa.mx\/tienda\/\",\"name\":\"Abaa tienda online\",\"description\":\"Instrumentos de medici\u00f3n\",\"publisher\":{\"@id\":\"https:\/\/abaa.mx\/tienda\/#organization\"},\"potentialAction\":[{\"@type\":\"SearchAction\",\"target\":{\"@type\":\"EntryPoint\",\"urlTemplate\":\"https:\/\/abaa.mx\/tienda\/?s={search_term_string}\"},\"query-input\":{\"@type\":\"PropertyValueSpecification\",\"valueRequired\":true,\"valueName\":\"search_term_string\"}}],\"inLanguage\":\"es\"},{\"@type\":\"Organization\",\"@id\":\"https:\/\/abaa.mx\/tienda\/#organization\",\"name\":\"Abaa tienda online\",\"url\":\"https:\/\/abaa.mx\/tienda\/\",\"logo\":{\"@type\":\"ImageObject\",\"inLanguage\":\"es\",\"@id\":\"https:\/\/abaa.mx\/tienda\/#\/schema\/logo\/image\/\",\"url\":\"https:\/\/abaa.mx\/tienda\/wp-content\/uploads\/2024\/01\/abaa-metrologia-tienda.png\",\"contentUrl\":\"https:\/\/abaa.mx\/tienda\/wp-content\/uploads\/2024\/01\/abaa-metrologia-tienda.png\",\"width\":300,\"height\":141,\"caption\":\"Abaa tienda online\"},\"image\":{\"@id\":\"https:\/\/abaa.mx\/tienda\/#\/schema\/logo\/image\/\"}}]}<\/script>\n<!-- \/ Yoast SEO plugin. -->","yoast_head_json":{"title":"Contador de Part\u00edculas Airy 6 Canales Est\u00e1ndar - HA3061 - Abaa tienda online","robots":{"index":"index","follow":"follow","max-snippet":"max-snippet:-1","max-image-preview":"max-image-preview:large","max-video-preview":"max-video-preview:-1"},"canonical":"https:\/\/abaa.mx\/tienda\/contador-de-particulas-airy-6-canales-estandar-ha3061\/","og_locale":"es_MX","og_type":"article","og_title":"Contador de Part\u00edculas Airy 6 Canales Est\u00e1ndar - HA3061 - Abaa tienda online","og_description":"Caracter\u00edsticas y Beneficios:   Sonda opcional de temperatura y humedad relativa disponible  Con\u00e9ctese utilizando Ethernet, USB o (opcional) Inal\u00e1mbrico 802.11 b \/ g, RS 485 o RS232  1 ano de garant\u00eda. Garant\u00edas extendidas disponibles.  Cumple con las normas ISO 21501-4 solo ubicaci\u00f3n, ubicaci\u00f3n exacta y JIS B9921  Tamanos de canal seleccionables por el usuario  F\u00e1cil configuraci\u00f3n y transferible de instrumento a instrumento.  Interna! alarma audible con gesti\u00f3n integral de alarmas  Almacena hasta 45,000 registros de muestra y 1,000 ubicaciones de muestra  Recinto de pl\u00e1stico moldeado por inyecci\u00f3n de alto impacto y peso ligero  Mide 0.3 a 25.0 \u00b5m  Mide hasta 6 canales de datos simult\u00e1neos.  F\u00e1cil de limpiar y limpiar con trampas de part\u00edculas m\u00ednimas  Integraci\u00f3n perfecta en un sistema de monitoreo de instalaciones  Mango integrado para operaci\u00f3n con una sola mano.  Tecnolog\u00eda de diodo l\u00e1ser de larga duraci\u00f3n.  El diagn\u00f3stico remoto permite la investigaci\u00f3n del servicio remoto a trav\u00e9s de Internet.  1 CFM (2.83 LPM) tasa de flujo  Gran pantalla t\u00e1ctil a color de f\u00e1cil manejo con \u00edconos","og_url":"https:\/\/abaa.mx\/tienda\/contador-de-particulas-airy-6-canales-estandar-ha3061\/","og_site_name":"Abaa tienda online","article_modified_time":"2023-10-26T19:43:37+00:00","og_image":[{"width":344,"height":600,"url":"https:\/\/abaa.mx\/tienda\/wp-content\/uploads\/2023\/10\/AIRY-TEHNOLOGY-HA3061.jpg","type":"image\/jpeg"}],"twitter_card":"summary_large_image","twitter_misc":{"Tiempo de lectura":"1 minuto"},"schema":{"@context":"https:\/\/schema.org","@graph":[{"@type":"WebPage","@id":"https:\/\/abaa.mx\/tienda\/contador-de-particulas-airy-6-canales-estandar-ha3061\/","url":"https:\/\/abaa.mx\/tienda\/contador-de-particulas-airy-6-canales-estandar-ha3061\/","name":"Contador de Part\u00edculas Airy 6 Canales Est\u00e1ndar - HA3061 - Abaa tienda online","isPartOf":{"@id":"https:\/\/abaa.mx\/tienda\/#website"},"primaryImageOfPage":{"@id":"https:\/\/abaa.mx\/tienda\/contador-de-particulas-airy-6-canales-estandar-ha3061\/#primaryimage"},"image":{"@id":"https:\/\/abaa.mx\/tienda\/contador-de-particulas-airy-6-canales-estandar-ha3061\/#primaryimage"},"thumbnailUrl":"https:\/\/abaa.mx\/tienda\/wp-content\/uploads\/2023\/10\/AIRY-TEHNOLOGY-HA3061.jpg","datePublished":"2023-10-26T19:43:36+00:00","dateModified":"2023-10-26T19:43:37+00:00","breadcrumb":{"@id":"https:\/\/abaa.mx\/tienda\/contador-de-particulas-airy-6-canales-estandar-ha3061\/#breadcrumb"},"inLanguage":"es","potentialAction":[{"@type":"ReadAction","target":["https:\/\/abaa.mx\/tienda\/contador-de-particulas-airy-6-canales-estandar-ha3061\/"]}]},{"@type":"ImageObject","inLanguage":"es","@id":"https:\/\/abaa.mx\/tienda\/contador-de-particulas-airy-6-canales-estandar-ha3061\/#primaryimage","url":"https:\/\/abaa.mx\/tienda\/wp-content\/uploads\/2023\/10\/AIRY-TEHNOLOGY-HA3061.jpg","contentUrl":"https:\/\/abaa.mx\/tienda\/wp-content\/uploads\/2023\/10\/AIRY-TEHNOLOGY-HA3061.jpg","width":344,"height":600,"caption":"AIRY TEHNOLOGY-HA3061"},{"@type":"BreadcrumbList","@id":"https:\/\/abaa.mx\/tienda\/contador-de-particulas-airy-6-canales-estandar-ha3061\/#breadcrumb","itemListElement":[{"@type":"ListItem","position":1,"name":"Inicio","item":"https:\/\/abaa.mx\/tienda\/"},{"@type":"ListItem","position":2,"name":"Tienda","item":"https:\/\/abaa.mx\/tienda\/"},{"@type":"ListItem","position":3,"name":"Contador de Part\u00edculas Airy 6 Canales Est\u00e1ndar &#8211; HA3061"}]},{"@type":"WebSite","@id":"https:\/\/abaa.mx\/tienda\/#website","url":"https:\/\/abaa.mx\/tienda\/","name":"Abaa tienda online","description":"Instrumentos de medici\u00f3n","publisher":{"@id":"https:\/\/abaa.mx\/tienda\/#organization"},"potentialAction":[{"@type":"SearchAction","target":{"@type":"EntryPoint","urlTemplate":"https:\/\/abaa.mx\/tienda\/?s={search_term_string}"},"query-input":{"@type":"PropertyValueSpecification","valueRequired":true,"valueName":"search_term_string"}}],"inLanguage":"es"},{"@type":"Organization","@id":"https:\/\/abaa.mx\/tienda\/#organization","name":"Abaa tienda online","url":"https:\/\/abaa.mx\/tienda\/","logo":{"@type":"ImageObject","inLanguage":"es","@id":"https:\/\/abaa.mx\/tienda\/#\/schema\/logo\/image\/","url":"https:\/\/abaa.mx\/tienda\/wp-content\/uploads\/2024\/01\/abaa-metrologia-tienda.png","contentUrl":"https:\/\/abaa.mx\/tienda\/wp-content\/uploads\/2024\/01\/abaa-metrologia-tienda.png","width":300,"height":141,"caption":"Abaa tienda online"},"image":{"@id":"https:\/\/abaa.mx\/tienda\/#\/schema\/logo\/image\/"}}]}},"_links":{"self":[{"href":"https:\/\/abaa.mx\/tienda\/wp-json\/wp\/v2\/product\/8045","targetHints":{"allow":["GET"]}}],"collection":[{"href":"https:\/\/abaa.mx\/tienda\/wp-json\/wp\/v2\/product"}],"about":[{"href":"https:\/\/abaa.mx\/tienda\/wp-json\/wp\/v2\/types\/product"}],"replies":[{"embeddable":true,"href":"https:\/\/abaa.mx\/tienda\/wp-json\/wp\/v2\/comments?post=8045"}],"wp:featuredmedia":[{"embeddable":true,"href":"https:\/\/abaa.mx\/tienda\/wp-json\/wp\/v2\/media\/8048"}],"wp:attachment":[{"href":"https:\/\/abaa.mx\/tienda\/wp-json\/wp\/v2\/media?parent=8045"}],"wp:term":[{"taxonomy":"product_brand","embeddable":true,"href":"https:\/\/abaa.mx\/tienda\/wp-json\/wp\/v2\/product_brand?post=8045"},{"taxonomy":"product_cat","embeddable":true,"href":"https:\/\/abaa.mx\/tienda\/wp-json\/wp\/v2\/product_cat?post=8045"},{"taxonomy":"product_tag","embeddable":true,"href":"https:\/\/abaa.mx\/tienda\/wp-json\/wp\/v2\/product_tag?post=8045"}],"curies":[{"name":"wp","href":"https:\/\/api.w.org\/{rel}","templated":true}]}}