{"id":8038,"date":"2023-10-26T19:21:28","date_gmt":"2023-10-26T19:21:28","guid":{"rendered":"https:\/\/abaa.mx\/tienda\/?post_type=product&#038;p=8038"},"modified":"2023-10-26T19:21:29","modified_gmt":"2023-10-26T19:21:29","slug":"contador-de-particulas-portatil-particle-plus-6-canales-programable-hh8306-1-hh8306-2-y-hh8306-3","status":"publish","type":"product","link":"https:\/\/abaa.mx\/tienda\/contador-de-particulas-portatil-particle-plus-6-canales-programable-hh8306-1-hh8306-2-y-hh8306-3\/","title":{"rendered":"Contador de part\u00edculas Port\u00e1til, Particle Plus 6 Canales Programable-HH8306-1, HH8306-2 y HH8306-3"},"content":{"rendered":"<p>Contador de part\u00edculas Port\u00e1til, Particle Plus 6 Canales Programable-HH8306-1, HH8306-2 y HH8306-3<\/p>\n","protected":false},"excerpt":{"rendered":"<p><strong>8306 Kit 1:<\/strong><\/p>\n<ul>\n<li>8306 con calibraci\u00f3n est\u00e1ndar: 0.3, 0.5, 1.0, 2.5, 5.0, 10.0 ?m<\/li>\n<li>Estuche Port\u00e1til<\/li>\n<\/ul>\n<p>&nbsp;<\/p>\n<p><strong>8306 Kit 2:<\/strong><\/p>\n<ul>\n<li>Salida inal\u00e1mbrica 802.11 b \/ g con antena interna (solo para instalaci\u00f3n en f\u00e1brica)<\/li>\n<li>Estuche Port\u00e1til<\/li>\n<li>8306 con calibraci\u00f3n est\u00e1ndar: 0.3, 0.5, 1.0, 2.5, 5.0, 10.0 ?m<\/li>\n<\/ul>\n<p>&nbsp;<\/p>\n<p><strong>8306 Kit 3:<\/strong><\/p>\n<ul>\n<li>Estuche Port\u00e1til<\/li>\n<li>Impresora t\u00e9rmica (externa) con 2 rollos de papel<\/li>\n<li>Bater\u00eda recargable 55Wh<\/li>\n<li>Salida inal\u00e1mbrica 802.11 b \/ g con antena interna (solo para instalaci\u00f3n en f\u00e1brica)<\/li>\n<li>Cargador de bater\u00eda externo 50Wh<\/li>\n<li>8306 con calibraci\u00f3n est\u00e1ndar: 0.3, 0.5, 1.0, 2.5, 5.0, 10.0 ?m<\/li>\n<\/ul>\n","protected":false},"featured_media":8043,"comment_status":"open","ping_status":"closed","template":"","meta":{"_joinchat":[]},"product_brand":[],"product_cat":[91],"product_tag":[],"class_list":{"0":"post-8038","1":"product","2":"type-product","3":"status-publish","4":"has-post-thumbnail","6":"product_cat-contadores-de-particulas","8":"first","9":"instock","10":"shipping-taxable","11":"product-type-simple"},"yoast_head":"<!-- This site is optimized with the Yoast SEO plugin v26.4 - https:\/\/yoast.com\/wordpress\/plugins\/seo\/ -->\n<title>Contador de part\u00edculas Port\u00e1til, Particle Plus 6 Canales Programable-HH8306-1, HH8306-2 y HH8306-3 - Abaa tienda online<\/title>\n<meta name=\"robots\" content=\"index, follow, max-snippet:-1, max-image-preview:large, max-video-preview:-1\" \/>\n<link rel=\"canonical\" href=\"https:\/\/abaa.mx\/tienda\/contador-de-particulas-portatil-particle-plus-6-canales-programable-hh8306-1-hh8306-2-y-hh8306-3\/\" \/>\n<meta property=\"og:locale\" content=\"es_MX\" \/>\n<meta property=\"og:type\" content=\"article\" \/>\n<meta property=\"og:title\" content=\"Contador de part\u00edculas Port\u00e1til, Particle Plus 6 Canales Programable-HH8306-1, HH8306-2 y HH8306-3 - Abaa tienda online\" \/>\n<meta property=\"og:description\" content=\"8306 Kit 1:   8306 con calibraci\u00f3n est\u00e1ndar: 0.3, 0.5, 1.0, 2.5, 5.0, 10.0 ?m  Estuche Port\u00e1til  &nbsp;  8306 Kit 2:   Salida inal\u00e1mbrica 802.11 b \/ g con antena interna (solo para instalaci\u00f3n en f\u00e1brica)  Estuche Port\u00e1til  8306 con calibraci\u00f3n est\u00e1ndar: 0.3, 0.5, 1.0, 2.5, 5.0, 10.0 ?m  &nbsp;  8306 Kit 3:   Estuche Port\u00e1til  Impresora t\u00e9rmica (externa) con 2 rollos de papel  Bater\u00eda recargable 55Wh  Salida inal\u00e1mbrica 802.11 b \/ g con antena interna (solo para instalaci\u00f3n en f\u00e1brica)  Cargador de bater\u00eda externo 50Wh  8306 con calibraci\u00f3n est\u00e1ndar: 0.3, 0.5, 1.0, 2.5, 5.0, 10.0 ?m\" \/>\n<meta property=\"og:url\" content=\"https:\/\/abaa.mx\/tienda\/contador-de-particulas-portatil-particle-plus-6-canales-programable-hh8306-1-hh8306-2-y-hh8306-3\/\" \/>\n<meta property=\"og:site_name\" content=\"Abaa tienda online\" \/>\n<meta property=\"article:modified_time\" content=\"2023-10-26T19:21:29+00:00\" \/>\n<meta property=\"og:image\" content=\"https:\/\/abaa.mx\/tienda\/wp-content\/uploads\/2023\/10\/AIRY-TECHNOLOGY-HH8306-3.jpg\" \/>\n\t<meta property=\"og:image:width\" content=\"344\" \/>\n\t<meta property=\"og:image:height\" content=\"600\" \/>\n\t<meta property=\"og:image:type\" content=\"image\/jpeg\" \/>\n<meta name=\"twitter:card\" content=\"summary_large_image\" \/>\n<meta name=\"twitter:label1\" content=\"Tiempo de lectura\" \/>\n\t<meta name=\"twitter:data1\" content=\"1 minuto\" \/>\n<script type=\"application\/ld+json\" class=\"yoast-schema-graph\">{\"@context\":\"https:\/\/schema.org\",\"@graph\":[{\"@type\":\"WebPage\",\"@id\":\"https:\/\/abaa.mx\/tienda\/contador-de-particulas-portatil-particle-plus-6-canales-programable-hh8306-1-hh8306-2-y-hh8306-3\/\",\"url\":\"https:\/\/abaa.mx\/tienda\/contador-de-particulas-portatil-particle-plus-6-canales-programable-hh8306-1-hh8306-2-y-hh8306-3\/\",\"name\":\"Contador de part\u00edculas Port\u00e1til, Particle Plus 6 Canales Programable-HH8306-1, HH8306-2 y HH8306-3 - Abaa tienda online\",\"isPartOf\":{\"@id\":\"https:\/\/abaa.mx\/tienda\/#website\"},\"primaryImageOfPage\":{\"@id\":\"https:\/\/abaa.mx\/tienda\/contador-de-particulas-portatil-particle-plus-6-canales-programable-hh8306-1-hh8306-2-y-hh8306-3\/#primaryimage\"},\"image\":{\"@id\":\"https:\/\/abaa.mx\/tienda\/contador-de-particulas-portatil-particle-plus-6-canales-programable-hh8306-1-hh8306-2-y-hh8306-3\/#primaryimage\"},\"thumbnailUrl\":\"https:\/\/abaa.mx\/tienda\/wp-content\/uploads\/2023\/10\/AIRY-TECHNOLOGY-HH8306-3.jpg\",\"datePublished\":\"2023-10-26T19:21:28+00:00\",\"dateModified\":\"2023-10-26T19:21:29+00:00\",\"breadcrumb\":{\"@id\":\"https:\/\/abaa.mx\/tienda\/contador-de-particulas-portatil-particle-plus-6-canales-programable-hh8306-1-hh8306-2-y-hh8306-3\/#breadcrumb\"},\"inLanguage\":\"es\",\"potentialAction\":[{\"@type\":\"ReadAction\",\"target\":[\"https:\/\/abaa.mx\/tienda\/contador-de-particulas-portatil-particle-plus-6-canales-programable-hh8306-1-hh8306-2-y-hh8306-3\/\"]}]},{\"@type\":\"ImageObject\",\"inLanguage\":\"es\",\"@id\":\"https:\/\/abaa.mx\/tienda\/contador-de-particulas-portatil-particle-plus-6-canales-programable-hh8306-1-hh8306-2-y-hh8306-3\/#primaryimage\",\"url\":\"https:\/\/abaa.mx\/tienda\/wp-content\/uploads\/2023\/10\/AIRY-TECHNOLOGY-HH8306-3.jpg\",\"contentUrl\":\"https:\/\/abaa.mx\/tienda\/wp-content\/uploads\/2023\/10\/AIRY-TECHNOLOGY-HH8306-3.jpg\",\"width\":344,\"height\":600,\"caption\":\"AIRY TECHNOLOGY-HH8306-3\"},{\"@type\":\"BreadcrumbList\",\"@id\":\"https:\/\/abaa.mx\/tienda\/contador-de-particulas-portatil-particle-plus-6-canales-programable-hh8306-1-hh8306-2-y-hh8306-3\/#breadcrumb\",\"itemListElement\":[{\"@type\":\"ListItem\",\"position\":1,\"name\":\"Inicio\",\"item\":\"https:\/\/abaa.mx\/tienda\/\"},{\"@type\":\"ListItem\",\"position\":2,\"name\":\"Tienda\",\"item\":\"https:\/\/abaa.mx\/tienda\/\"},{\"@type\":\"ListItem\",\"position\":3,\"name\":\"Contador de part\u00edculas Port\u00e1til, Particle Plus 6 Canales Programable-HH8306-1, HH8306-2 y HH8306-3\"}]},{\"@type\":\"WebSite\",\"@id\":\"https:\/\/abaa.mx\/tienda\/#website\",\"url\":\"https:\/\/abaa.mx\/tienda\/\",\"name\":\"Abaa tienda online\",\"description\":\"Instrumentos de medici\u00f3n\",\"publisher\":{\"@id\":\"https:\/\/abaa.mx\/tienda\/#organization\"},\"potentialAction\":[{\"@type\":\"SearchAction\",\"target\":{\"@type\":\"EntryPoint\",\"urlTemplate\":\"https:\/\/abaa.mx\/tienda\/?s={search_term_string}\"},\"query-input\":{\"@type\":\"PropertyValueSpecification\",\"valueRequired\":true,\"valueName\":\"search_term_string\"}}],\"inLanguage\":\"es\"},{\"@type\":\"Organization\",\"@id\":\"https:\/\/abaa.mx\/tienda\/#organization\",\"name\":\"Abaa tienda online\",\"url\":\"https:\/\/abaa.mx\/tienda\/\",\"logo\":{\"@type\":\"ImageObject\",\"inLanguage\":\"es\",\"@id\":\"https:\/\/abaa.mx\/tienda\/#\/schema\/logo\/image\/\",\"url\":\"https:\/\/abaa.mx\/tienda\/wp-content\/uploads\/2024\/01\/abaa-metrologia-tienda.png\",\"contentUrl\":\"https:\/\/abaa.mx\/tienda\/wp-content\/uploads\/2024\/01\/abaa-metrologia-tienda.png\",\"width\":300,\"height\":141,\"caption\":\"Abaa tienda online\"},\"image\":{\"@id\":\"https:\/\/abaa.mx\/tienda\/#\/schema\/logo\/image\/\"}}]}<\/script>\n<!-- \/ Yoast SEO plugin. -->","yoast_head_json":{"title":"Contador de part\u00edculas Port\u00e1til, Particle Plus 6 Canales Programable-HH8306-1, HH8306-2 y HH8306-3 - Abaa tienda online","robots":{"index":"index","follow":"follow","max-snippet":"max-snippet:-1","max-image-preview":"max-image-preview:large","max-video-preview":"max-video-preview:-1"},"canonical":"https:\/\/abaa.mx\/tienda\/contador-de-particulas-portatil-particle-plus-6-canales-programable-hh8306-1-hh8306-2-y-hh8306-3\/","og_locale":"es_MX","og_type":"article","og_title":"Contador de part\u00edculas Port\u00e1til, Particle Plus 6 Canales Programable-HH8306-1, HH8306-2 y HH8306-3 - Abaa tienda online","og_description":"8306 Kit 1:   8306 con calibraci\u00f3n est\u00e1ndar: 0.3, 0.5, 1.0, 2.5, 5.0, 10.0 ?m  Estuche Port\u00e1til  &nbsp;  8306 Kit 2:   Salida inal\u00e1mbrica 802.11 b \/ g con antena interna (solo para instalaci\u00f3n en f\u00e1brica)  Estuche Port\u00e1til  8306 con calibraci\u00f3n est\u00e1ndar: 0.3, 0.5, 1.0, 2.5, 5.0, 10.0 ?m  &nbsp;  8306 Kit 3:   Estuche Port\u00e1til  Impresora t\u00e9rmica (externa) con 2 rollos de papel  Bater\u00eda recargable 55Wh  Salida inal\u00e1mbrica 802.11 b \/ g con antena interna (solo para instalaci\u00f3n en f\u00e1brica)  Cargador de bater\u00eda externo 50Wh  8306 con calibraci\u00f3n est\u00e1ndar: 0.3, 0.5, 1.0, 2.5, 5.0, 10.0 ?m","og_url":"https:\/\/abaa.mx\/tienda\/contador-de-particulas-portatil-particle-plus-6-canales-programable-hh8306-1-hh8306-2-y-hh8306-3\/","og_site_name":"Abaa tienda online","article_modified_time":"2023-10-26T19:21:29+00:00","og_image":[{"width":344,"height":600,"url":"https:\/\/abaa.mx\/tienda\/wp-content\/uploads\/2023\/10\/AIRY-TECHNOLOGY-HH8306-3.jpg","type":"image\/jpeg"}],"twitter_card":"summary_large_image","twitter_misc":{"Tiempo de lectura":"1 minuto"},"schema":{"@context":"https:\/\/schema.org","@graph":[{"@type":"WebPage","@id":"https:\/\/abaa.mx\/tienda\/contador-de-particulas-portatil-particle-plus-6-canales-programable-hh8306-1-hh8306-2-y-hh8306-3\/","url":"https:\/\/abaa.mx\/tienda\/contador-de-particulas-portatil-particle-plus-6-canales-programable-hh8306-1-hh8306-2-y-hh8306-3\/","name":"Contador de part\u00edculas Port\u00e1til, Particle Plus 6 Canales Programable-HH8306-1, HH8306-2 y HH8306-3 - Abaa tienda online","isPartOf":{"@id":"https:\/\/abaa.mx\/tienda\/#website"},"primaryImageOfPage":{"@id":"https:\/\/abaa.mx\/tienda\/contador-de-particulas-portatil-particle-plus-6-canales-programable-hh8306-1-hh8306-2-y-hh8306-3\/#primaryimage"},"image":{"@id":"https:\/\/abaa.mx\/tienda\/contador-de-particulas-portatil-particle-plus-6-canales-programable-hh8306-1-hh8306-2-y-hh8306-3\/#primaryimage"},"thumbnailUrl":"https:\/\/abaa.mx\/tienda\/wp-content\/uploads\/2023\/10\/AIRY-TECHNOLOGY-HH8306-3.jpg","datePublished":"2023-10-26T19:21:28+00:00","dateModified":"2023-10-26T19:21:29+00:00","breadcrumb":{"@id":"https:\/\/abaa.mx\/tienda\/contador-de-particulas-portatil-particle-plus-6-canales-programable-hh8306-1-hh8306-2-y-hh8306-3\/#breadcrumb"},"inLanguage":"es","potentialAction":[{"@type":"ReadAction","target":["https:\/\/abaa.mx\/tienda\/contador-de-particulas-portatil-particle-plus-6-canales-programable-hh8306-1-hh8306-2-y-hh8306-3\/"]}]},{"@type":"ImageObject","inLanguage":"es","@id":"https:\/\/abaa.mx\/tienda\/contador-de-particulas-portatil-particle-plus-6-canales-programable-hh8306-1-hh8306-2-y-hh8306-3\/#primaryimage","url":"https:\/\/abaa.mx\/tienda\/wp-content\/uploads\/2023\/10\/AIRY-TECHNOLOGY-HH8306-3.jpg","contentUrl":"https:\/\/abaa.mx\/tienda\/wp-content\/uploads\/2023\/10\/AIRY-TECHNOLOGY-HH8306-3.jpg","width":344,"height":600,"caption":"AIRY TECHNOLOGY-HH8306-3"},{"@type":"BreadcrumbList","@id":"https:\/\/abaa.mx\/tienda\/contador-de-particulas-portatil-particle-plus-6-canales-programable-hh8306-1-hh8306-2-y-hh8306-3\/#breadcrumb","itemListElement":[{"@type":"ListItem","position":1,"name":"Inicio","item":"https:\/\/abaa.mx\/tienda\/"},{"@type":"ListItem","position":2,"name":"Tienda","item":"https:\/\/abaa.mx\/tienda\/"},{"@type":"ListItem","position":3,"name":"Contador de part\u00edculas Port\u00e1til, Particle Plus 6 Canales Programable-HH8306-1, HH8306-2 y HH8306-3"}]},{"@type":"WebSite","@id":"https:\/\/abaa.mx\/tienda\/#website","url":"https:\/\/abaa.mx\/tienda\/","name":"Abaa tienda online","description":"Instrumentos de medici\u00f3n","publisher":{"@id":"https:\/\/abaa.mx\/tienda\/#organization"},"potentialAction":[{"@type":"SearchAction","target":{"@type":"EntryPoint","urlTemplate":"https:\/\/abaa.mx\/tienda\/?s={search_term_string}"},"query-input":{"@type":"PropertyValueSpecification","valueRequired":true,"valueName":"search_term_string"}}],"inLanguage":"es"},{"@type":"Organization","@id":"https:\/\/abaa.mx\/tienda\/#organization","name":"Abaa tienda online","url":"https:\/\/abaa.mx\/tienda\/","logo":{"@type":"ImageObject","inLanguage":"es","@id":"https:\/\/abaa.mx\/tienda\/#\/schema\/logo\/image\/","url":"https:\/\/abaa.mx\/tienda\/wp-content\/uploads\/2024\/01\/abaa-metrologia-tienda.png","contentUrl":"https:\/\/abaa.mx\/tienda\/wp-content\/uploads\/2024\/01\/abaa-metrologia-tienda.png","width":300,"height":141,"caption":"Abaa tienda online"},"image":{"@id":"https:\/\/abaa.mx\/tienda\/#\/schema\/logo\/image\/"}}]}},"_links":{"self":[{"href":"https:\/\/abaa.mx\/tienda\/wp-json\/wp\/v2\/product\/8038","targetHints":{"allow":["GET"]}}],"collection":[{"href":"https:\/\/abaa.mx\/tienda\/wp-json\/wp\/v2\/product"}],"about":[{"href":"https:\/\/abaa.mx\/tienda\/wp-json\/wp\/v2\/types\/product"}],"replies":[{"embeddable":true,"href":"https:\/\/abaa.mx\/tienda\/wp-json\/wp\/v2\/comments?post=8038"}],"wp:featuredmedia":[{"embeddable":true,"href":"https:\/\/abaa.mx\/tienda\/wp-json\/wp\/v2\/media\/8043"}],"wp:attachment":[{"href":"https:\/\/abaa.mx\/tienda\/wp-json\/wp\/v2\/media?parent=8038"}],"wp:term":[{"taxonomy":"product_brand","embeddable":true,"href":"https:\/\/abaa.mx\/tienda\/wp-json\/wp\/v2\/product_brand?post=8038"},{"taxonomy":"product_cat","embeddable":true,"href":"https:\/\/abaa.mx\/tienda\/wp-json\/wp\/v2\/product_cat?post=8038"},{"taxonomy":"product_tag","embeddable":true,"href":"https:\/\/abaa.mx\/tienda\/wp-json\/wp\/v2\/product_tag?post=8038"}],"curies":[{"name":"wp","href":"https:\/\/api.w.org\/{rel}","templated":true}]}}