{"id":8035,"date":"2023-10-26T19:07:35","date_gmt":"2023-10-26T19:07:35","guid":{"rendered":"https:\/\/abaa.mx\/tienda\/?post_type=product&#038;p=8035"},"modified":"2023-10-26T19:07:36","modified_gmt":"2023-10-26T19:07:36","slug":"contador-de-particulas-cem-meters-dt9880","status":"publish","type":"product","link":"https:\/\/abaa.mx\/tienda\/contador-de-particulas-cem-meters-dt9880\/","title":{"rendered":"Contador de Part\u00edculas, Cem Meters -DT9880"},"content":{"rendered":"<p>Contador de Part\u00edculas, Cem Meters -DT9880<\/p>\n","protected":false},"excerpt":{"rendered":"<p><b>Caracter\u00edsticas:<\/b><\/p>\n<ul>\n<li>Formato de im\u00e1genes: JPEG<\/li>\n<li>Industria alimenticia<\/li>\n<li>Compatibilidad con memorias micro SD (m\u00e1ximo 8Gb)<\/li>\n<li>Para laboratorios farmac\u00e9uticos<\/li>\n<li>Cl\u00ednicas y hospitales<\/li>\n<li>Resoluci\u00f3n de 320&#215;240 pixeles<\/li>\n<li>Analice la calidad del aire<\/li>\n<li>Aplicaciones:<\/li>\n<li>Mide temperatura ambiente y humedad<\/li>\n<li>Mide y muestra simult\u00e1neamente 6 canales de tama\u00f1os de part\u00edculas<\/li>\n<li>Investigaciones institucionales<\/li>\n<li>Toma lecturas m\u00e1ximas, m\u00ednimas, diferenciales y promedio con configuraci\u00f3n de controles para fecha y hora<\/li>\n<li>Cuenta con funci\u00f3n de apagado autom\u00e1tico<\/li>\n<li>Mide el punto de roc\u00edo y bulbo h\u00famedo<\/li>\n<li>Comprobaci\u00f3n de instalaciones de filtraci\u00f3n<\/li>\n<li>Formato de video: 3GP<\/li>\n<li>Pantalla TFT LCD a color<\/li>\n<\/ul>\n<p>&nbsp;<\/p>\n","protected":false},"featured_media":8037,"comment_status":"open","ping_status":"closed","template":"","meta":{"_joinchat":[]},"product_brand":[],"product_cat":[91],"product_tag":[],"class_list":{"0":"post-8035","1":"product","2":"type-product","3":"status-publish","4":"has-post-thumbnail","6":"product_cat-contadores-de-particulas","8":"first","9":"instock","10":"shipping-taxable","11":"product-type-simple"},"yoast_head":"<!-- This site is optimized with the Yoast SEO plugin v26.4 - https:\/\/yoast.com\/wordpress\/plugins\/seo\/ -->\n<title>Contador de Part\u00edculas, Cem Meters -DT9880 - Abaa tienda online<\/title>\n<meta name=\"robots\" content=\"index, follow, max-snippet:-1, max-image-preview:large, max-video-preview:-1\" \/>\n<link rel=\"canonical\" href=\"https:\/\/abaa.mx\/tienda\/contador-de-particulas-cem-meters-dt9880\/\" \/>\n<meta property=\"og:locale\" content=\"es_MX\" \/>\n<meta property=\"og:type\" content=\"article\" \/>\n<meta property=\"og:title\" content=\"Contador de Part\u00edculas, Cem Meters -DT9880 - Abaa tienda online\" \/>\n<meta property=\"og:description\" content=\"Caracter\u00edsticas:   Formato de im\u00e1genes: JPEG  Industria alimenticia  Compatibilidad con memorias micro SD (m\u00e1ximo 8Gb)  Para laboratorios farmac\u00e9uticos  Cl\u00ednicas y hospitales  Resoluci\u00f3n de 320x240 pixeles  Analice la calidad del aire  Aplicaciones:  Mide temperatura ambiente y humedad  Mide y muestra simult\u00e1neamente 6 canales de tama\u00f1os de part\u00edculas  Investigaciones institucionales  Toma lecturas m\u00e1ximas, m\u00ednimas, diferenciales y promedio con configuraci\u00f3n de controles para fecha y hora  Cuenta con funci\u00f3n de apagado autom\u00e1tico  Mide el punto de roc\u00edo y bulbo h\u00famedo  Comprobaci\u00f3n de instalaciones de filtraci\u00f3n  Formato de video: 3GP  Pantalla TFT LCD a color  &nbsp;\" \/>\n<meta property=\"og:url\" content=\"https:\/\/abaa.mx\/tienda\/contador-de-particulas-cem-meters-dt9880\/\" \/>\n<meta property=\"og:site_name\" content=\"Abaa tienda online\" \/>\n<meta property=\"article:modified_time\" content=\"2023-10-26T19:07:36+00:00\" \/>\n<meta property=\"og:image\" content=\"https:\/\/abaa.mx\/tienda\/wp-content\/uploads\/2023\/10\/CEM-METERS-DT9880.jpg\" \/>\n\t<meta property=\"og:image:width\" content=\"800\" \/>\n\t<meta property=\"og:image:height\" content=\"800\" \/>\n\t<meta property=\"og:image:type\" content=\"image\/jpeg\" \/>\n<meta name=\"twitter:card\" content=\"summary_large_image\" \/>\n<meta name=\"twitter:label1\" content=\"Tiempo de lectura\" \/>\n\t<meta name=\"twitter:data1\" content=\"1 minuto\" \/>\n<script type=\"application\/ld+json\" class=\"yoast-schema-graph\">{\"@context\":\"https:\/\/schema.org\",\"@graph\":[{\"@type\":\"WebPage\",\"@id\":\"https:\/\/abaa.mx\/tienda\/contador-de-particulas-cem-meters-dt9880\/\",\"url\":\"https:\/\/abaa.mx\/tienda\/contador-de-particulas-cem-meters-dt9880\/\",\"name\":\"Contador de Part\u00edculas, Cem Meters -DT9880 - Abaa tienda online\",\"isPartOf\":{\"@id\":\"https:\/\/abaa.mx\/tienda\/#website\"},\"primaryImageOfPage\":{\"@id\":\"https:\/\/abaa.mx\/tienda\/contador-de-particulas-cem-meters-dt9880\/#primaryimage\"},\"image\":{\"@id\":\"https:\/\/abaa.mx\/tienda\/contador-de-particulas-cem-meters-dt9880\/#primaryimage\"},\"thumbnailUrl\":\"https:\/\/abaa.mx\/tienda\/wp-content\/uploads\/2023\/10\/CEM-METERS-DT9880.jpg\",\"datePublished\":\"2023-10-26T19:07:35+00:00\",\"dateModified\":\"2023-10-26T19:07:36+00:00\",\"breadcrumb\":{\"@id\":\"https:\/\/abaa.mx\/tienda\/contador-de-particulas-cem-meters-dt9880\/#breadcrumb\"},\"inLanguage\":\"es\",\"potentialAction\":[{\"@type\":\"ReadAction\",\"target\":[\"https:\/\/abaa.mx\/tienda\/contador-de-particulas-cem-meters-dt9880\/\"]}]},{\"@type\":\"ImageObject\",\"inLanguage\":\"es\",\"@id\":\"https:\/\/abaa.mx\/tienda\/contador-de-particulas-cem-meters-dt9880\/#primaryimage\",\"url\":\"https:\/\/abaa.mx\/tienda\/wp-content\/uploads\/2023\/10\/CEM-METERS-DT9880.jpg\",\"contentUrl\":\"https:\/\/abaa.mx\/tienda\/wp-content\/uploads\/2023\/10\/CEM-METERS-DT9880.jpg\",\"width\":800,\"height\":800,\"caption\":\"CEM METERS-DT9880\"},{\"@type\":\"BreadcrumbList\",\"@id\":\"https:\/\/abaa.mx\/tienda\/contador-de-particulas-cem-meters-dt9880\/#breadcrumb\",\"itemListElement\":[{\"@type\":\"ListItem\",\"position\":1,\"name\":\"Inicio\",\"item\":\"https:\/\/abaa.mx\/tienda\/\"},{\"@type\":\"ListItem\",\"position\":2,\"name\":\"Tienda\",\"item\":\"https:\/\/abaa.mx\/tienda\/\"},{\"@type\":\"ListItem\",\"position\":3,\"name\":\"Contador de Part\u00edculas, Cem Meters -DT9880\"}]},{\"@type\":\"WebSite\",\"@id\":\"https:\/\/abaa.mx\/tienda\/#website\",\"url\":\"https:\/\/abaa.mx\/tienda\/\",\"name\":\"Abaa tienda online\",\"description\":\"Instrumentos de medici\u00f3n\",\"publisher\":{\"@id\":\"https:\/\/abaa.mx\/tienda\/#organization\"},\"potentialAction\":[{\"@type\":\"SearchAction\",\"target\":{\"@type\":\"EntryPoint\",\"urlTemplate\":\"https:\/\/abaa.mx\/tienda\/?s={search_term_string}\"},\"query-input\":{\"@type\":\"PropertyValueSpecification\",\"valueRequired\":true,\"valueName\":\"search_term_string\"}}],\"inLanguage\":\"es\"},{\"@type\":\"Organization\",\"@id\":\"https:\/\/abaa.mx\/tienda\/#organization\",\"name\":\"Abaa tienda online\",\"url\":\"https:\/\/abaa.mx\/tienda\/\",\"logo\":{\"@type\":\"ImageObject\",\"inLanguage\":\"es\",\"@id\":\"https:\/\/abaa.mx\/tienda\/#\/schema\/logo\/image\/\",\"url\":\"https:\/\/abaa.mx\/tienda\/wp-content\/uploads\/2024\/01\/abaa-metrologia-tienda.png\",\"contentUrl\":\"https:\/\/abaa.mx\/tienda\/wp-content\/uploads\/2024\/01\/abaa-metrologia-tienda.png\",\"width\":300,\"height\":141,\"caption\":\"Abaa tienda online\"},\"image\":{\"@id\":\"https:\/\/abaa.mx\/tienda\/#\/schema\/logo\/image\/\"}}]}<\/script>\n<!-- \/ Yoast SEO plugin. -->","yoast_head_json":{"title":"Contador de Part\u00edculas, Cem Meters -DT9880 - Abaa tienda online","robots":{"index":"index","follow":"follow","max-snippet":"max-snippet:-1","max-image-preview":"max-image-preview:large","max-video-preview":"max-video-preview:-1"},"canonical":"https:\/\/abaa.mx\/tienda\/contador-de-particulas-cem-meters-dt9880\/","og_locale":"es_MX","og_type":"article","og_title":"Contador de Part\u00edculas, Cem Meters -DT9880 - Abaa tienda online","og_description":"Caracter\u00edsticas:   Formato de im\u00e1genes: JPEG  Industria alimenticia  Compatibilidad con memorias micro SD (m\u00e1ximo 8Gb)  Para laboratorios farmac\u00e9uticos  Cl\u00ednicas y hospitales  Resoluci\u00f3n de 320x240 pixeles  Analice la calidad del aire  Aplicaciones:  Mide temperatura ambiente y humedad  Mide y muestra simult\u00e1neamente 6 canales de tama\u00f1os de part\u00edculas  Investigaciones institucionales  Toma lecturas m\u00e1ximas, m\u00ednimas, diferenciales y promedio con configuraci\u00f3n de controles para fecha y hora  Cuenta con funci\u00f3n de apagado autom\u00e1tico  Mide el punto de roc\u00edo y bulbo h\u00famedo  Comprobaci\u00f3n de instalaciones de filtraci\u00f3n  Formato de video: 3GP  Pantalla TFT LCD a color  &nbsp;","og_url":"https:\/\/abaa.mx\/tienda\/contador-de-particulas-cem-meters-dt9880\/","og_site_name":"Abaa tienda online","article_modified_time":"2023-10-26T19:07:36+00:00","og_image":[{"width":800,"height":800,"url":"https:\/\/abaa.mx\/tienda\/wp-content\/uploads\/2023\/10\/CEM-METERS-DT9880.jpg","type":"image\/jpeg"}],"twitter_card":"summary_large_image","twitter_misc":{"Tiempo de lectura":"1 minuto"},"schema":{"@context":"https:\/\/schema.org","@graph":[{"@type":"WebPage","@id":"https:\/\/abaa.mx\/tienda\/contador-de-particulas-cem-meters-dt9880\/","url":"https:\/\/abaa.mx\/tienda\/contador-de-particulas-cem-meters-dt9880\/","name":"Contador de Part\u00edculas, Cem Meters -DT9880 - Abaa tienda online","isPartOf":{"@id":"https:\/\/abaa.mx\/tienda\/#website"},"primaryImageOfPage":{"@id":"https:\/\/abaa.mx\/tienda\/contador-de-particulas-cem-meters-dt9880\/#primaryimage"},"image":{"@id":"https:\/\/abaa.mx\/tienda\/contador-de-particulas-cem-meters-dt9880\/#primaryimage"},"thumbnailUrl":"https:\/\/abaa.mx\/tienda\/wp-content\/uploads\/2023\/10\/CEM-METERS-DT9880.jpg","datePublished":"2023-10-26T19:07:35+00:00","dateModified":"2023-10-26T19:07:36+00:00","breadcrumb":{"@id":"https:\/\/abaa.mx\/tienda\/contador-de-particulas-cem-meters-dt9880\/#breadcrumb"},"inLanguage":"es","potentialAction":[{"@type":"ReadAction","target":["https:\/\/abaa.mx\/tienda\/contador-de-particulas-cem-meters-dt9880\/"]}]},{"@type":"ImageObject","inLanguage":"es","@id":"https:\/\/abaa.mx\/tienda\/contador-de-particulas-cem-meters-dt9880\/#primaryimage","url":"https:\/\/abaa.mx\/tienda\/wp-content\/uploads\/2023\/10\/CEM-METERS-DT9880.jpg","contentUrl":"https:\/\/abaa.mx\/tienda\/wp-content\/uploads\/2023\/10\/CEM-METERS-DT9880.jpg","width":800,"height":800,"caption":"CEM METERS-DT9880"},{"@type":"BreadcrumbList","@id":"https:\/\/abaa.mx\/tienda\/contador-de-particulas-cem-meters-dt9880\/#breadcrumb","itemListElement":[{"@type":"ListItem","position":1,"name":"Inicio","item":"https:\/\/abaa.mx\/tienda\/"},{"@type":"ListItem","position":2,"name":"Tienda","item":"https:\/\/abaa.mx\/tienda\/"},{"@type":"ListItem","position":3,"name":"Contador de Part\u00edculas, Cem Meters -DT9880"}]},{"@type":"WebSite","@id":"https:\/\/abaa.mx\/tienda\/#website","url":"https:\/\/abaa.mx\/tienda\/","name":"Abaa tienda online","description":"Instrumentos de medici\u00f3n","publisher":{"@id":"https:\/\/abaa.mx\/tienda\/#organization"},"potentialAction":[{"@type":"SearchAction","target":{"@type":"EntryPoint","urlTemplate":"https:\/\/abaa.mx\/tienda\/?s={search_term_string}"},"query-input":{"@type":"PropertyValueSpecification","valueRequired":true,"valueName":"search_term_string"}}],"inLanguage":"es"},{"@type":"Organization","@id":"https:\/\/abaa.mx\/tienda\/#organization","name":"Abaa tienda online","url":"https:\/\/abaa.mx\/tienda\/","logo":{"@type":"ImageObject","inLanguage":"es","@id":"https:\/\/abaa.mx\/tienda\/#\/schema\/logo\/image\/","url":"https:\/\/abaa.mx\/tienda\/wp-content\/uploads\/2024\/01\/abaa-metrologia-tienda.png","contentUrl":"https:\/\/abaa.mx\/tienda\/wp-content\/uploads\/2024\/01\/abaa-metrologia-tienda.png","width":300,"height":141,"caption":"Abaa tienda online"},"image":{"@id":"https:\/\/abaa.mx\/tienda\/#\/schema\/logo\/image\/"}}]}},"_links":{"self":[{"href":"https:\/\/abaa.mx\/tienda\/wp-json\/wp\/v2\/product\/8035","targetHints":{"allow":["GET"]}}],"collection":[{"href":"https:\/\/abaa.mx\/tienda\/wp-json\/wp\/v2\/product"}],"about":[{"href":"https:\/\/abaa.mx\/tienda\/wp-json\/wp\/v2\/types\/product"}],"replies":[{"embeddable":true,"href":"https:\/\/abaa.mx\/tienda\/wp-json\/wp\/v2\/comments?post=8035"}],"wp:featuredmedia":[{"embeddable":true,"href":"https:\/\/abaa.mx\/tienda\/wp-json\/wp\/v2\/media\/8037"}],"wp:attachment":[{"href":"https:\/\/abaa.mx\/tienda\/wp-json\/wp\/v2\/media?parent=8035"}],"wp:term":[{"taxonomy":"product_brand","embeddable":true,"href":"https:\/\/abaa.mx\/tienda\/wp-json\/wp\/v2\/product_brand?post=8035"},{"taxonomy":"product_cat","embeddable":true,"href":"https:\/\/abaa.mx\/tienda\/wp-json\/wp\/v2\/product_cat?post=8035"},{"taxonomy":"product_tag","embeddable":true,"href":"https:\/\/abaa.mx\/tienda\/wp-json\/wp\/v2\/product_tag?post=8035"}],"curies":[{"name":"wp","href":"https:\/\/api.w.org\/{rel}","templated":true}]}}