{"id":8011,"date":"2023-10-26T15:58:24","date_gmt":"2023-10-26T15:58:24","guid":{"rendered":"https:\/\/abaa.mx\/tienda\/?post_type=product&#038;p=8011"},"modified":"2023-10-26T15:58:24","modified_gmt":"2023-10-26T15:58:24","slug":"medidor-de-brillo-3-angulos-mg268f2","status":"publish","type":"product","link":"https:\/\/abaa.mx\/tienda\/medidor-de-brillo-3-angulos-mg268f2\/","title":{"rendered":"Medidor de Brillo 3 \u00e1ngulos &#8211; MG268F2"},"content":{"rendered":"<p>Medidor de Brillo 3 \u00e1ngulos &#8211; MG268F2<\/p>\n","protected":false},"excerpt":{"rendered":"<p><b>Aplicaciones:<\/b><\/p>\n<ul>\n<li>Otras clases de materiales y objetos tales como pl\u00e1stico, utensilios de madera, papel, etc.<\/li>\n<li>Todo tipo de recubrimientos y terminados de superficie tales como pinturas, barnices, tinta impresa, etc.<\/li>\n<li>Toda clase de materiales met\u00e1licos y sus recubrimientos<\/li>\n<li>Materiales decorativos tales como m\u00e1rmol, granito, ladrillo pulido, azulejo cer\u00e1mico y otros.<\/li>\n<\/ul>\n<p><b>Caracter\u00edsticas:<\/b><\/p>\n<ul>\n<li>Interface serial de datos por medio de cable serial RS-232<\/li>\n<li>Capacidad de memoria de 10,000 mediciones que pueden ser clasificados en 999 grupos<\/li>\n<li>Consumo de energ\u00eda: una sola bater\u00eda de tipo AA, recargable o alcalina.<\/li>\n<li>Software \u201cKSJ Data Operator\u201d Incluido<\/li>\n<\/ul>\n","protected":false},"featured_media":8016,"comment_status":"open","ping_status":"closed","template":"","meta":{"_joinchat":[]},"product_brand":[],"product_cat":[89],"product_tag":[],"class_list":{"0":"post-8011","1":"product","2":"type-product","3":"status-publish","4":"has-post-thumbnail","6":"product_cat-brillometros","8":"first","9":"instock","10":"shipping-taxable","11":"product-type-simple"},"yoast_head":"<!-- This site is optimized with the Yoast SEO plugin v26.4 - https:\/\/yoast.com\/wordpress\/plugins\/seo\/ -->\n<title>Medidor de Brillo 3 \u00e1ngulos - MG268F2 - Abaa tienda online<\/title>\n<meta name=\"robots\" content=\"index, follow, max-snippet:-1, max-image-preview:large, max-video-preview:-1\" \/>\n<link rel=\"canonical\" href=\"https:\/\/abaa.mx\/tienda\/medidor-de-brillo-3-angulos-mg268f2\/\" \/>\n<meta property=\"og:locale\" content=\"es_MX\" \/>\n<meta property=\"og:type\" content=\"article\" \/>\n<meta property=\"og:title\" content=\"Medidor de Brillo 3 \u00e1ngulos - MG268F2 - Abaa tienda online\" \/>\n<meta property=\"og:description\" content=\"Aplicaciones:   Otras clases de materiales y objetos tales como pl\u00e1stico, utensilios de madera, papel, etc.  Todo tipo de recubrimientos y terminados de superficie tales como pinturas, barnices, tinta impresa, etc.  Toda clase de materiales met\u00e1licos y sus recubrimientos  Materiales decorativos tales como m\u00e1rmol, granito, ladrillo pulido, azulejo cer\u00e1mico y otros.  Caracter\u00edsticas:   Interface serial de datos por medio de cable serial RS-232  Capacidad de memoria de 10,000 mediciones que pueden ser clasificados en 999 grupos  Consumo de energ\u00eda: una sola bater\u00eda de tipo AA, recargable o alcalina.  Software \u201cKSJ Data Operator\u201d Incluido\" \/>\n<meta property=\"og:url\" content=\"https:\/\/abaa.mx\/tienda\/medidor-de-brillo-3-angulos-mg268f2\/\" \/>\n<meta property=\"og:site_name\" content=\"Abaa tienda online\" \/>\n<meta property=\"og:image\" content=\"https:\/\/abaa.mx\/tienda\/wp-content\/uploads\/2023\/10\/KSJ-MG268F2.jpg\" \/>\n\t<meta property=\"og:image:width\" content=\"509\" \/>\n\t<meta property=\"og:image:height\" content=\"403\" \/>\n\t<meta property=\"og:image:type\" content=\"image\/jpeg\" \/>\n<meta name=\"twitter:card\" content=\"summary_large_image\" \/>\n<meta name=\"twitter:label1\" content=\"Tiempo de lectura\" \/>\n\t<meta name=\"twitter:data1\" content=\"1 minuto\" \/>\n<script type=\"application\/ld+json\" class=\"yoast-schema-graph\">{\"@context\":\"https:\/\/schema.org\",\"@graph\":[{\"@type\":\"WebPage\",\"@id\":\"https:\/\/abaa.mx\/tienda\/medidor-de-brillo-3-angulos-mg268f2\/\",\"url\":\"https:\/\/abaa.mx\/tienda\/medidor-de-brillo-3-angulos-mg268f2\/\",\"name\":\"Medidor de Brillo 3 \u00e1ngulos - MG268F2 - Abaa tienda online\",\"isPartOf\":{\"@id\":\"https:\/\/abaa.mx\/tienda\/#website\"},\"primaryImageOfPage\":{\"@id\":\"https:\/\/abaa.mx\/tienda\/medidor-de-brillo-3-angulos-mg268f2\/#primaryimage\"},\"image\":{\"@id\":\"https:\/\/abaa.mx\/tienda\/medidor-de-brillo-3-angulos-mg268f2\/#primaryimage\"},\"thumbnailUrl\":\"https:\/\/abaa.mx\/tienda\/wp-content\/uploads\/2023\/10\/KSJ-MG268F2.jpg\",\"datePublished\":\"2023-10-26T15:58:24+00:00\",\"breadcrumb\":{\"@id\":\"https:\/\/abaa.mx\/tienda\/medidor-de-brillo-3-angulos-mg268f2\/#breadcrumb\"},\"inLanguage\":\"es\",\"potentialAction\":[{\"@type\":\"ReadAction\",\"target\":[\"https:\/\/abaa.mx\/tienda\/medidor-de-brillo-3-angulos-mg268f2\/\"]}]},{\"@type\":\"ImageObject\",\"inLanguage\":\"es\",\"@id\":\"https:\/\/abaa.mx\/tienda\/medidor-de-brillo-3-angulos-mg268f2\/#primaryimage\",\"url\":\"https:\/\/abaa.mx\/tienda\/wp-content\/uploads\/2023\/10\/KSJ-MG268F2.jpg\",\"contentUrl\":\"https:\/\/abaa.mx\/tienda\/wp-content\/uploads\/2023\/10\/KSJ-MG268F2.jpg\",\"width\":509,\"height\":403,\"caption\":\"KSJ-MG268F2\"},{\"@type\":\"BreadcrumbList\",\"@id\":\"https:\/\/abaa.mx\/tienda\/medidor-de-brillo-3-angulos-mg268f2\/#breadcrumb\",\"itemListElement\":[{\"@type\":\"ListItem\",\"position\":1,\"name\":\"Inicio\",\"item\":\"https:\/\/abaa.mx\/tienda\/\"},{\"@type\":\"ListItem\",\"position\":2,\"name\":\"Tienda\",\"item\":\"https:\/\/abaa.mx\/tienda\/\"},{\"@type\":\"ListItem\",\"position\":3,\"name\":\"Medidor de Brillo 3 \u00e1ngulos &#8211; MG268F2\"}]},{\"@type\":\"WebSite\",\"@id\":\"https:\/\/abaa.mx\/tienda\/#website\",\"url\":\"https:\/\/abaa.mx\/tienda\/\",\"name\":\"Abaa tienda online\",\"description\":\"Instrumentos de medici\u00f3n\",\"publisher\":{\"@id\":\"https:\/\/abaa.mx\/tienda\/#organization\"},\"potentialAction\":[{\"@type\":\"SearchAction\",\"target\":{\"@type\":\"EntryPoint\",\"urlTemplate\":\"https:\/\/abaa.mx\/tienda\/?s={search_term_string}\"},\"query-input\":{\"@type\":\"PropertyValueSpecification\",\"valueRequired\":true,\"valueName\":\"search_term_string\"}}],\"inLanguage\":\"es\"},{\"@type\":\"Organization\",\"@id\":\"https:\/\/abaa.mx\/tienda\/#organization\",\"name\":\"Abaa tienda online\",\"url\":\"https:\/\/abaa.mx\/tienda\/\",\"logo\":{\"@type\":\"ImageObject\",\"inLanguage\":\"es\",\"@id\":\"https:\/\/abaa.mx\/tienda\/#\/schema\/logo\/image\/\",\"url\":\"https:\/\/abaa.mx\/tienda\/wp-content\/uploads\/2024\/01\/abaa-metrologia-tienda.png\",\"contentUrl\":\"https:\/\/abaa.mx\/tienda\/wp-content\/uploads\/2024\/01\/abaa-metrologia-tienda.png\",\"width\":300,\"height\":141,\"caption\":\"Abaa tienda online\"},\"image\":{\"@id\":\"https:\/\/abaa.mx\/tienda\/#\/schema\/logo\/image\/\"}}]}<\/script>\n<!-- \/ Yoast SEO plugin. -->","yoast_head_json":{"title":"Medidor de Brillo 3 \u00e1ngulos - MG268F2 - Abaa tienda online","robots":{"index":"index","follow":"follow","max-snippet":"max-snippet:-1","max-image-preview":"max-image-preview:large","max-video-preview":"max-video-preview:-1"},"canonical":"https:\/\/abaa.mx\/tienda\/medidor-de-brillo-3-angulos-mg268f2\/","og_locale":"es_MX","og_type":"article","og_title":"Medidor de Brillo 3 \u00e1ngulos - MG268F2 - Abaa tienda online","og_description":"Aplicaciones:   Otras clases de materiales y objetos tales como pl\u00e1stico, utensilios de madera, papel, etc.  Todo tipo de recubrimientos y terminados de superficie tales como pinturas, barnices, tinta impresa, etc.  Toda clase de materiales met\u00e1licos y sus recubrimientos  Materiales decorativos tales como m\u00e1rmol, granito, ladrillo pulido, azulejo cer\u00e1mico y otros.  Caracter\u00edsticas:   Interface serial de datos por medio de cable serial RS-232  Capacidad de memoria de 10,000 mediciones que pueden ser clasificados en 999 grupos  Consumo de energ\u00eda: una sola bater\u00eda de tipo AA, recargable o alcalina.  Software \u201cKSJ Data Operator\u201d Incluido","og_url":"https:\/\/abaa.mx\/tienda\/medidor-de-brillo-3-angulos-mg268f2\/","og_site_name":"Abaa tienda online","og_image":[{"width":509,"height":403,"url":"https:\/\/abaa.mx\/tienda\/wp-content\/uploads\/2023\/10\/KSJ-MG268F2.jpg","type":"image\/jpeg"}],"twitter_card":"summary_large_image","twitter_misc":{"Tiempo de lectura":"1 minuto"},"schema":{"@context":"https:\/\/schema.org","@graph":[{"@type":"WebPage","@id":"https:\/\/abaa.mx\/tienda\/medidor-de-brillo-3-angulos-mg268f2\/","url":"https:\/\/abaa.mx\/tienda\/medidor-de-brillo-3-angulos-mg268f2\/","name":"Medidor de Brillo 3 \u00e1ngulos - MG268F2 - Abaa tienda online","isPartOf":{"@id":"https:\/\/abaa.mx\/tienda\/#website"},"primaryImageOfPage":{"@id":"https:\/\/abaa.mx\/tienda\/medidor-de-brillo-3-angulos-mg268f2\/#primaryimage"},"image":{"@id":"https:\/\/abaa.mx\/tienda\/medidor-de-brillo-3-angulos-mg268f2\/#primaryimage"},"thumbnailUrl":"https:\/\/abaa.mx\/tienda\/wp-content\/uploads\/2023\/10\/KSJ-MG268F2.jpg","datePublished":"2023-10-26T15:58:24+00:00","breadcrumb":{"@id":"https:\/\/abaa.mx\/tienda\/medidor-de-brillo-3-angulos-mg268f2\/#breadcrumb"},"inLanguage":"es","potentialAction":[{"@type":"ReadAction","target":["https:\/\/abaa.mx\/tienda\/medidor-de-brillo-3-angulos-mg268f2\/"]}]},{"@type":"ImageObject","inLanguage":"es","@id":"https:\/\/abaa.mx\/tienda\/medidor-de-brillo-3-angulos-mg268f2\/#primaryimage","url":"https:\/\/abaa.mx\/tienda\/wp-content\/uploads\/2023\/10\/KSJ-MG268F2.jpg","contentUrl":"https:\/\/abaa.mx\/tienda\/wp-content\/uploads\/2023\/10\/KSJ-MG268F2.jpg","width":509,"height":403,"caption":"KSJ-MG268F2"},{"@type":"BreadcrumbList","@id":"https:\/\/abaa.mx\/tienda\/medidor-de-brillo-3-angulos-mg268f2\/#breadcrumb","itemListElement":[{"@type":"ListItem","position":1,"name":"Inicio","item":"https:\/\/abaa.mx\/tienda\/"},{"@type":"ListItem","position":2,"name":"Tienda","item":"https:\/\/abaa.mx\/tienda\/"},{"@type":"ListItem","position":3,"name":"Medidor de Brillo 3 \u00e1ngulos &#8211; MG268F2"}]},{"@type":"WebSite","@id":"https:\/\/abaa.mx\/tienda\/#website","url":"https:\/\/abaa.mx\/tienda\/","name":"Abaa tienda online","description":"Instrumentos de medici\u00f3n","publisher":{"@id":"https:\/\/abaa.mx\/tienda\/#organization"},"potentialAction":[{"@type":"SearchAction","target":{"@type":"EntryPoint","urlTemplate":"https:\/\/abaa.mx\/tienda\/?s={search_term_string}"},"query-input":{"@type":"PropertyValueSpecification","valueRequired":true,"valueName":"search_term_string"}}],"inLanguage":"es"},{"@type":"Organization","@id":"https:\/\/abaa.mx\/tienda\/#organization","name":"Abaa tienda online","url":"https:\/\/abaa.mx\/tienda\/","logo":{"@type":"ImageObject","inLanguage":"es","@id":"https:\/\/abaa.mx\/tienda\/#\/schema\/logo\/image\/","url":"https:\/\/abaa.mx\/tienda\/wp-content\/uploads\/2024\/01\/abaa-metrologia-tienda.png","contentUrl":"https:\/\/abaa.mx\/tienda\/wp-content\/uploads\/2024\/01\/abaa-metrologia-tienda.png","width":300,"height":141,"caption":"Abaa tienda online"},"image":{"@id":"https:\/\/abaa.mx\/tienda\/#\/schema\/logo\/image\/"}}]}},"_links":{"self":[{"href":"https:\/\/abaa.mx\/tienda\/wp-json\/wp\/v2\/product\/8011","targetHints":{"allow":["GET"]}}],"collection":[{"href":"https:\/\/abaa.mx\/tienda\/wp-json\/wp\/v2\/product"}],"about":[{"href":"https:\/\/abaa.mx\/tienda\/wp-json\/wp\/v2\/types\/product"}],"replies":[{"embeddable":true,"href":"https:\/\/abaa.mx\/tienda\/wp-json\/wp\/v2\/comments?post=8011"}],"wp:featuredmedia":[{"embeddable":true,"href":"https:\/\/abaa.mx\/tienda\/wp-json\/wp\/v2\/media\/8016"}],"wp:attachment":[{"href":"https:\/\/abaa.mx\/tienda\/wp-json\/wp\/v2\/media?parent=8011"}],"wp:term":[{"taxonomy":"product_brand","embeddable":true,"href":"https:\/\/abaa.mx\/tienda\/wp-json\/wp\/v2\/product_brand?post=8011"},{"taxonomy":"product_cat","embeddable":true,"href":"https:\/\/abaa.mx\/tienda\/wp-json\/wp\/v2\/product_cat?post=8011"},{"taxonomy":"product_tag","embeddable":true,"href":"https:\/\/abaa.mx\/tienda\/wp-json\/wp\/v2\/product_tag?post=8011"}],"curies":[{"name":"wp","href":"https:\/\/api.w.org\/{rel}","templated":true}]}}