{"id":8009,"date":"2023-10-26T15:52:45","date_gmt":"2023-10-26T15:52:45","guid":{"rendered":"https:\/\/abaa.mx\/tienda\/?post_type=product&#038;p=8009"},"modified":"2023-10-26T15:52:45","modified_gmt":"2023-10-26T15:52:45","slug":"brillometro-hg60-pantalla-touch-0-300gu-baterias-recargables-3nh-3n-hg60","status":"publish","type":"product","link":"https:\/\/abaa.mx\/tienda\/brillometro-hg60-pantalla-touch-0-300gu-baterias-recargables-3nh-3n-hg60\/","title":{"rendered":"Brillometro HG60 Pantalla Touch 0-300GU baterias recargables &#8211; 3NH 3N-HG60"},"content":{"rendered":"<p>Brillometro HG60 Pantalla Touch 0-300GU baterias recargables &#8211; 3NH 3N-HG60<\/p>\n","protected":false},"excerpt":{"rendered":"<p>El medidor de brillo econ\u00f3mico HG60 muestra un \u00e1ngulo de 60\u00b0, fabricado seg\u00fan ISO2813 y GB \/ T 9754. Asimismo es compatible con los est\u00e1ndares internacionales de ASTM D523, ASTM D2457. HG268 cumple con el requisito de trabajo del medidor de brillo de primera clase JJG696, pertinente a CIE 1931 (2\u00b0) bajo la fuente de luz CIE C. El medidor de brillo HG60 se utiliza extensamente para evaluar la luz en estas industrias, como autom\u00f3viles , pintura, tinta, barniz para estufas, recubrimientos , art\u00edculos de madera; m\u00e1rmol, granito , baldosas pulidas vitrificadas, ladrillos de cer\u00e1mica y porcelana ; pl\u00e1stico, papel; industrias de hardware, etc\u00e9tera.<\/p>\n<p><b>Caracter\u00edsticas:<\/b><\/p>\n<ul>\n<li>Cumplir con las normas internacionales.<\/li>\n<li>Muestra 5 conjuntos de datos de medici\u00f3n, buenos para comparar<\/li>\n<li>Con\u00e9ctese a la PC para m\u00e1s funciones<\/li>\n<li>Bater\u00eda recargable de iones de litio incorporada<\/li>\n<li>Un bot\u00f3n para medir todos los \u00e1ngulos en la misma ubicaci\u00f3n<\/li>\n<li>La medici\u00f3n b\u00e1sica del modelo puede cumplir con los requisitos b\u00e1sicos de prueba de brillo<\/li>\n<li>Rendimiento estable, datos f\u00e1ciles de leer.<\/li>\n<li>Apariencia concisa<\/li>\n<li>Angulo de 60\u00b0 para semi brillo<\/li>\n<\/ul>\n","protected":false},"featured_media":8014,"comment_status":"open","ping_status":"closed","template":"","meta":{"_joinchat":[]},"product_brand":[],"product_cat":[89],"product_tag":[],"class_list":{"0":"post-8009","1":"product","2":"type-product","3":"status-publish","4":"has-post-thumbnail","6":"product_cat-brillometros","8":"first","9":"instock","10":"shipping-taxable","11":"product-type-simple"},"yoast_head":"<!-- This site is optimized with the Yoast SEO plugin v26.4 - https:\/\/yoast.com\/wordpress\/plugins\/seo\/ -->\n<title>Brillometro HG60 Pantalla Touch 0-300GU baterias recargables - 3NH 3N-HG60 - Abaa tienda online<\/title>\n<meta name=\"robots\" content=\"index, follow, max-snippet:-1, max-image-preview:large, max-video-preview:-1\" \/>\n<link rel=\"canonical\" href=\"https:\/\/abaa.mx\/tienda\/brillometro-hg60-pantalla-touch-0-300gu-baterias-recargables-3nh-3n-hg60\/\" \/>\n<meta property=\"og:locale\" content=\"es_MX\" \/>\n<meta property=\"og:type\" content=\"article\" \/>\n<meta property=\"og:title\" content=\"Brillometro HG60 Pantalla Touch 0-300GU baterias recargables - 3NH 3N-HG60 - Abaa tienda online\" \/>\n<meta property=\"og:description\" content=\"El medidor de brillo econ\u00f3mico HG60 muestra un \u00e1ngulo de 60\u00b0, fabricado seg\u00fan ISO2813 y GB \/ T 9754. Asimismo es compatible con los est\u00e1ndares internacionales de ASTM D523, ASTM D2457. HG268 cumple con el requisito de trabajo del medidor de brillo de primera clase JJG696, pertinente a CIE 1931 (2\u00b0) bajo la fuente de luz CIE C. El medidor de brillo HG60 se utiliza extensamente para evaluar la luz en estas industrias, como autom\u00f3viles , pintura, tinta, barniz para estufas, recubrimientos , art\u00edculos de madera; m\u00e1rmol, granito , baldosas pulidas vitrificadas, ladrillos de cer\u00e1mica y porcelana ; pl\u00e1stico, papel; industrias de hardware, etc\u00e9tera.  Caracter\u00edsticas:   Cumplir con las normas internacionales.  Muestra 5 conjuntos de datos de medici\u00f3n, buenos para comparar  Con\u00e9ctese a la PC para m\u00e1s funciones  Bater\u00eda recargable de iones de litio incorporada  Un bot\u00f3n para medir todos los \u00e1ngulos en la misma ubicaci\u00f3n  La medici\u00f3n b\u00e1sica del modelo puede cumplir con los requisitos b\u00e1sicos de prueba de brillo  Rendimiento estable, datos f\u00e1ciles de leer.  Apariencia concisa  Angulo de 60\u00b0 para semi brillo\" \/>\n<meta property=\"og:url\" content=\"https:\/\/abaa.mx\/tienda\/brillometro-hg60-pantalla-touch-0-300gu-baterias-recargables-3nh-3n-hg60\/\" \/>\n<meta property=\"og:site_name\" content=\"Abaa tienda online\" \/>\n<meta property=\"og:image\" content=\"https:\/\/abaa.mx\/tienda\/wp-content\/uploads\/2023\/10\/LI-ON-HG60.jpg\" \/>\n\t<meta property=\"og:image:width\" content=\"552\" \/>\n\t<meta property=\"og:image:height\" content=\"363\" \/>\n\t<meta property=\"og:image:type\" content=\"image\/jpeg\" \/>\n<meta name=\"twitter:card\" content=\"summary_large_image\" \/>\n<meta name=\"twitter:label1\" content=\"Tiempo de lectura\" \/>\n\t<meta name=\"twitter:data1\" content=\"1 minuto\" \/>\n<script type=\"application\/ld+json\" class=\"yoast-schema-graph\">{\"@context\":\"https:\/\/schema.org\",\"@graph\":[{\"@type\":\"WebPage\",\"@id\":\"https:\/\/abaa.mx\/tienda\/brillometro-hg60-pantalla-touch-0-300gu-baterias-recargables-3nh-3n-hg60\/\",\"url\":\"https:\/\/abaa.mx\/tienda\/brillometro-hg60-pantalla-touch-0-300gu-baterias-recargables-3nh-3n-hg60\/\",\"name\":\"Brillometro HG60 Pantalla Touch 0-300GU baterias recargables - 3NH 3N-HG60 - Abaa tienda online\",\"isPartOf\":{\"@id\":\"https:\/\/abaa.mx\/tienda\/#website\"},\"primaryImageOfPage\":{\"@id\":\"https:\/\/abaa.mx\/tienda\/brillometro-hg60-pantalla-touch-0-300gu-baterias-recargables-3nh-3n-hg60\/#primaryimage\"},\"image\":{\"@id\":\"https:\/\/abaa.mx\/tienda\/brillometro-hg60-pantalla-touch-0-300gu-baterias-recargables-3nh-3n-hg60\/#primaryimage\"},\"thumbnailUrl\":\"https:\/\/abaa.mx\/tienda\/wp-content\/uploads\/2023\/10\/LI-ON-HG60.jpg\",\"datePublished\":\"2023-10-26T15:52:45+00:00\",\"breadcrumb\":{\"@id\":\"https:\/\/abaa.mx\/tienda\/brillometro-hg60-pantalla-touch-0-300gu-baterias-recargables-3nh-3n-hg60\/#breadcrumb\"},\"inLanguage\":\"es\",\"potentialAction\":[{\"@type\":\"ReadAction\",\"target\":[\"https:\/\/abaa.mx\/tienda\/brillometro-hg60-pantalla-touch-0-300gu-baterias-recargables-3nh-3n-hg60\/\"]}]},{\"@type\":\"ImageObject\",\"inLanguage\":\"es\",\"@id\":\"https:\/\/abaa.mx\/tienda\/brillometro-hg60-pantalla-touch-0-300gu-baterias-recargables-3nh-3n-hg60\/#primaryimage\",\"url\":\"https:\/\/abaa.mx\/tienda\/wp-content\/uploads\/2023\/10\/LI-ON-HG60.jpg\",\"contentUrl\":\"https:\/\/abaa.mx\/tienda\/wp-content\/uploads\/2023\/10\/LI-ON-HG60.jpg\",\"width\":552,\"height\":363,\"caption\":\"LI-ON-HG60\"},{\"@type\":\"BreadcrumbList\",\"@id\":\"https:\/\/abaa.mx\/tienda\/brillometro-hg60-pantalla-touch-0-300gu-baterias-recargables-3nh-3n-hg60\/#breadcrumb\",\"itemListElement\":[{\"@type\":\"ListItem\",\"position\":1,\"name\":\"Inicio\",\"item\":\"https:\/\/abaa.mx\/tienda\/\"},{\"@type\":\"ListItem\",\"position\":2,\"name\":\"Tienda\",\"item\":\"https:\/\/abaa.mx\/tienda\/\"},{\"@type\":\"ListItem\",\"position\":3,\"name\":\"Brillometro HG60 Pantalla Touch 0-300GU baterias recargables &#8211; 3NH 3N-HG60\"}]},{\"@type\":\"WebSite\",\"@id\":\"https:\/\/abaa.mx\/tienda\/#website\",\"url\":\"https:\/\/abaa.mx\/tienda\/\",\"name\":\"Abaa tienda online\",\"description\":\"Instrumentos de medici\u00f3n\",\"publisher\":{\"@id\":\"https:\/\/abaa.mx\/tienda\/#organization\"},\"potentialAction\":[{\"@type\":\"SearchAction\",\"target\":{\"@type\":\"EntryPoint\",\"urlTemplate\":\"https:\/\/abaa.mx\/tienda\/?s={search_term_string}\"},\"query-input\":{\"@type\":\"PropertyValueSpecification\",\"valueRequired\":true,\"valueName\":\"search_term_string\"}}],\"inLanguage\":\"es\"},{\"@type\":\"Organization\",\"@id\":\"https:\/\/abaa.mx\/tienda\/#organization\",\"name\":\"Abaa tienda online\",\"url\":\"https:\/\/abaa.mx\/tienda\/\",\"logo\":{\"@type\":\"ImageObject\",\"inLanguage\":\"es\",\"@id\":\"https:\/\/abaa.mx\/tienda\/#\/schema\/logo\/image\/\",\"url\":\"https:\/\/abaa.mx\/tienda\/wp-content\/uploads\/2024\/01\/abaa-metrologia-tienda.png\",\"contentUrl\":\"https:\/\/abaa.mx\/tienda\/wp-content\/uploads\/2024\/01\/abaa-metrologia-tienda.png\",\"width\":300,\"height\":141,\"caption\":\"Abaa tienda online\"},\"image\":{\"@id\":\"https:\/\/abaa.mx\/tienda\/#\/schema\/logo\/image\/\"}}]}<\/script>\n<!-- \/ Yoast SEO plugin. -->","yoast_head_json":{"title":"Brillometro HG60 Pantalla Touch 0-300GU baterias recargables - 3NH 3N-HG60 - Abaa tienda online","robots":{"index":"index","follow":"follow","max-snippet":"max-snippet:-1","max-image-preview":"max-image-preview:large","max-video-preview":"max-video-preview:-1"},"canonical":"https:\/\/abaa.mx\/tienda\/brillometro-hg60-pantalla-touch-0-300gu-baterias-recargables-3nh-3n-hg60\/","og_locale":"es_MX","og_type":"article","og_title":"Brillometro HG60 Pantalla Touch 0-300GU baterias recargables - 3NH 3N-HG60 - Abaa tienda online","og_description":"El medidor de brillo econ\u00f3mico HG60 muestra un \u00e1ngulo de 60\u00b0, fabricado seg\u00fan ISO2813 y GB \/ T 9754. Asimismo es compatible con los est\u00e1ndares internacionales de ASTM D523, ASTM D2457. HG268 cumple con el requisito de trabajo del medidor de brillo de primera clase JJG696, pertinente a CIE 1931 (2\u00b0) bajo la fuente de luz CIE C. El medidor de brillo HG60 se utiliza extensamente para evaluar la luz en estas industrias, como autom\u00f3viles , pintura, tinta, barniz para estufas, recubrimientos , art\u00edculos de madera; m\u00e1rmol, granito , baldosas pulidas vitrificadas, ladrillos de cer\u00e1mica y porcelana ; pl\u00e1stico, papel; industrias de hardware, etc\u00e9tera.  Caracter\u00edsticas:   Cumplir con las normas internacionales.  Muestra 5 conjuntos de datos de medici\u00f3n, buenos para comparar  Con\u00e9ctese a la PC para m\u00e1s funciones  Bater\u00eda recargable de iones de litio incorporada  Un bot\u00f3n para medir todos los \u00e1ngulos en la misma ubicaci\u00f3n  La medici\u00f3n b\u00e1sica del modelo puede cumplir con los requisitos b\u00e1sicos de prueba de brillo  Rendimiento estable, datos f\u00e1ciles de leer.  Apariencia concisa  Angulo de 60\u00b0 para semi brillo","og_url":"https:\/\/abaa.mx\/tienda\/brillometro-hg60-pantalla-touch-0-300gu-baterias-recargables-3nh-3n-hg60\/","og_site_name":"Abaa tienda online","og_image":[{"width":552,"height":363,"url":"https:\/\/abaa.mx\/tienda\/wp-content\/uploads\/2023\/10\/LI-ON-HG60.jpg","type":"image\/jpeg"}],"twitter_card":"summary_large_image","twitter_misc":{"Tiempo de lectura":"1 minuto"},"schema":{"@context":"https:\/\/schema.org","@graph":[{"@type":"WebPage","@id":"https:\/\/abaa.mx\/tienda\/brillometro-hg60-pantalla-touch-0-300gu-baterias-recargables-3nh-3n-hg60\/","url":"https:\/\/abaa.mx\/tienda\/brillometro-hg60-pantalla-touch-0-300gu-baterias-recargables-3nh-3n-hg60\/","name":"Brillometro HG60 Pantalla Touch 0-300GU baterias recargables - 3NH 3N-HG60 - Abaa tienda online","isPartOf":{"@id":"https:\/\/abaa.mx\/tienda\/#website"},"primaryImageOfPage":{"@id":"https:\/\/abaa.mx\/tienda\/brillometro-hg60-pantalla-touch-0-300gu-baterias-recargables-3nh-3n-hg60\/#primaryimage"},"image":{"@id":"https:\/\/abaa.mx\/tienda\/brillometro-hg60-pantalla-touch-0-300gu-baterias-recargables-3nh-3n-hg60\/#primaryimage"},"thumbnailUrl":"https:\/\/abaa.mx\/tienda\/wp-content\/uploads\/2023\/10\/LI-ON-HG60.jpg","datePublished":"2023-10-26T15:52:45+00:00","breadcrumb":{"@id":"https:\/\/abaa.mx\/tienda\/brillometro-hg60-pantalla-touch-0-300gu-baterias-recargables-3nh-3n-hg60\/#breadcrumb"},"inLanguage":"es","potentialAction":[{"@type":"ReadAction","target":["https:\/\/abaa.mx\/tienda\/brillometro-hg60-pantalla-touch-0-300gu-baterias-recargables-3nh-3n-hg60\/"]}]},{"@type":"ImageObject","inLanguage":"es","@id":"https:\/\/abaa.mx\/tienda\/brillometro-hg60-pantalla-touch-0-300gu-baterias-recargables-3nh-3n-hg60\/#primaryimage","url":"https:\/\/abaa.mx\/tienda\/wp-content\/uploads\/2023\/10\/LI-ON-HG60.jpg","contentUrl":"https:\/\/abaa.mx\/tienda\/wp-content\/uploads\/2023\/10\/LI-ON-HG60.jpg","width":552,"height":363,"caption":"LI-ON-HG60"},{"@type":"BreadcrumbList","@id":"https:\/\/abaa.mx\/tienda\/brillometro-hg60-pantalla-touch-0-300gu-baterias-recargables-3nh-3n-hg60\/#breadcrumb","itemListElement":[{"@type":"ListItem","position":1,"name":"Inicio","item":"https:\/\/abaa.mx\/tienda\/"},{"@type":"ListItem","position":2,"name":"Tienda","item":"https:\/\/abaa.mx\/tienda\/"},{"@type":"ListItem","position":3,"name":"Brillometro HG60 Pantalla Touch 0-300GU baterias recargables &#8211; 3NH 3N-HG60"}]},{"@type":"WebSite","@id":"https:\/\/abaa.mx\/tienda\/#website","url":"https:\/\/abaa.mx\/tienda\/","name":"Abaa tienda online","description":"Instrumentos de medici\u00f3n","publisher":{"@id":"https:\/\/abaa.mx\/tienda\/#organization"},"potentialAction":[{"@type":"SearchAction","target":{"@type":"EntryPoint","urlTemplate":"https:\/\/abaa.mx\/tienda\/?s={search_term_string}"},"query-input":{"@type":"PropertyValueSpecification","valueRequired":true,"valueName":"search_term_string"}}],"inLanguage":"es"},{"@type":"Organization","@id":"https:\/\/abaa.mx\/tienda\/#organization","name":"Abaa tienda online","url":"https:\/\/abaa.mx\/tienda\/","logo":{"@type":"ImageObject","inLanguage":"es","@id":"https:\/\/abaa.mx\/tienda\/#\/schema\/logo\/image\/","url":"https:\/\/abaa.mx\/tienda\/wp-content\/uploads\/2024\/01\/abaa-metrologia-tienda.png","contentUrl":"https:\/\/abaa.mx\/tienda\/wp-content\/uploads\/2024\/01\/abaa-metrologia-tienda.png","width":300,"height":141,"caption":"Abaa tienda online"},"image":{"@id":"https:\/\/abaa.mx\/tienda\/#\/schema\/logo\/image\/"}}]}},"_links":{"self":[{"href":"https:\/\/abaa.mx\/tienda\/wp-json\/wp\/v2\/product\/8009","targetHints":{"allow":["GET"]}}],"collection":[{"href":"https:\/\/abaa.mx\/tienda\/wp-json\/wp\/v2\/product"}],"about":[{"href":"https:\/\/abaa.mx\/tienda\/wp-json\/wp\/v2\/types\/product"}],"replies":[{"embeddable":true,"href":"https:\/\/abaa.mx\/tienda\/wp-json\/wp\/v2\/comments?post=8009"}],"wp:featuredmedia":[{"embeddable":true,"href":"https:\/\/abaa.mx\/tienda\/wp-json\/wp\/v2\/media\/8014"}],"wp:attachment":[{"href":"https:\/\/abaa.mx\/tienda\/wp-json\/wp\/v2\/media?parent=8009"}],"wp:term":[{"taxonomy":"product_brand","embeddable":true,"href":"https:\/\/abaa.mx\/tienda\/wp-json\/wp\/v2\/product_brand?post=8009"},{"taxonomy":"product_cat","embeddable":true,"href":"https:\/\/abaa.mx\/tienda\/wp-json\/wp\/v2\/product_cat?post=8009"},{"taxonomy":"product_tag","embeddable":true,"href":"https:\/\/abaa.mx\/tienda\/wp-json\/wp\/v2\/product_tag?post=8009"}],"curies":[{"name":"wp","href":"https:\/\/api.w.org\/{rel}","templated":true}]}}