{"id":8002,"date":"2023-10-26T15:35:18","date_gmt":"2023-10-26T15:35:18","guid":{"rendered":"https:\/\/abaa.mx\/tienda\/?post_type=product&#038;p=8002"},"modified":"2023-10-26T15:37:45","modified_gmt":"2023-10-26T15:37:45","slug":"boroscopio-camara-a-90-wohler-ve400","status":"publish","type":"product","link":"https:\/\/abaa.mx\/tienda\/boroscopio-camara-a-90-wohler-ve400\/","title":{"rendered":"Boroscopio C\u00e1mara a 90\u00b0 Wohler VE400"},"content":{"rendered":"<table style=\"font-weight: 100;\" width=\"408\">\n<tbody>\n<tr>\n<td colspan=\"2\">Detalles del monitor<\/td>\n<\/tr>\n<tr>\n<td>Pantalla<\/td>\n<td>5\u201d LCD display, color<\/td>\n<\/tr>\n<tr>\n<td>Resoluci\u00f3n<\/td>\n<td>1280 x 720 pixels<\/td>\n<\/tr>\n<tr>\n<td>Idiomas del men\u00fa<\/td>\n<td>English, German, Spanish, French, Russian, Italian, Dutch<\/td>\n<\/tr>\n<tr>\n<td>Interfaces<\/td>\n<td>Micro USB charge connector, Micro SD card slot<\/td>\n<\/tr>\n<tr>\n<td>Temperatura de funcionamiento<\/td>\n<td>0-45\u00b0C<\/td>\n<\/tr>\n<tr>\n<td>Fuente de alimentaci\u00f3n<\/td>\n<td>Bater\u00eda de litio recargable de 3500 mAh<\/td>\n<\/tr>\n<tr>\n<td>Tiempo de carga de la bater\u00eda<\/td>\n<td>Aprox. 3 horas<\/td>\n<\/tr>\n<tr>\n<td>Tiempo de funcionamiento de la bater\u00eda<\/td>\n<td>Aprox. 4 horas<\/td>\n<\/tr>\n<tr>\n<td>L\u00e1mpara adicional<\/td>\n<td>6 LEDs<\/td>\n<\/tr>\n<tr>\n<td>Formato de grabaci\u00f3n<\/td>\n<td>Video: mp4<\/td>\n<\/tr>\n<tr>\n<td>Imagen<\/td>\n<td>jpeg<\/td>\n<\/tr>\n<tr>\n<td colspan=\"2\">Sonda con cabezal de c\u00e1mara Detalles<\/td>\n<\/tr>\n<tr>\n<td>Longitud de la sonda<\/td>\n<td>100 cm<\/td>\n<\/tr>\n<tr>\n<td>Grado de protecci\u00f3n: cabezal de c\u00e1mara<\/td>\n<td>IP67<\/td>\n<\/tr>\n<tr>\n<td>Cabeza de c\u00e1mara<\/td>\n<td>\u00d8 5.5 mm<\/td>\n<\/tr>\n<tr>\n<td>Resoluci\u00f3n<\/td>\n<td>1280 x 720 pixels<\/td>\n<\/tr>\n<tr>\n<td>\u00c1ngulo de visi\u00f3n<\/td>\n<td>0\u00b0 straight ahead and 90\u00b0 side view<\/td>\n<\/tr>\n<tr>\n<td>Distancia focal Aprox.<\/td>\n<td>Approx. 4-10 cm<\/td>\n<\/tr>\n<tr>\n<td>Encendiendo<\/td>\n<td>6 adjustable LEDs<\/td>\n<\/tr>\n<tr>\n<td>Cabeza de c\u00e1mara<\/td>\n<td>\u00d8 3.9 mm<\/td>\n<\/tr>\n<tr>\n<td>Resoluci\u00f3n<\/td>\n<td>1280 x 720 p\u00edxeles<\/td>\n<\/tr>\n<tr>\n<td>\u00c1ngulo de visi\u00f3n<\/td>\n<td>0\u00b0 en l\u00ednea recta<\/td>\n<\/tr>\n<tr>\n<td>Distancia focal<\/td>\n<td>Aprox. 3-10 cm<\/td>\n<\/tr>\n<tr>\n<td>Iluminaci\u00f3n<\/td>\n<td>6 LED ajustables<\/td>\n<\/tr>\n<\/tbody>\n<\/table>\n","protected":false},"excerpt":{"rendered":"<p>Inspecci\u00f3n HD de cavidades inalcanzables Con el Wohler VE 400 siempre y en todo momento va a tener una visi\u00f3n general, sin importar lo m\u00e1s m\u00ednimo cu\u00e1n estrecho sea el espacio. No importa si hablamos de un fregadero, una caldera, una pared doble o una l\u00ednea de gas de combusti\u00f3n, desde un di\u00e1metro de apertura de 0.25 &#8220;se obtiene una visi\u00f3n limpia. La oportunidad de mudar entre la lente de la c\u00e1mara orientada hacia adelante y la de 90\u00b0 dentro en la sonda le brinda una vista completa en cualquier sitio.Debido a la clase de protecci\u00f3n IP 67, el agua evidentemente no es un inconveniente. Los LED infinitamente graduables integrados en el cabezal de la sonda y la oportunidad de grabar videos y fotos en la tarjeta SD completan el dispositivo para expertos.<\/p>\n<p><b>Funcionalidad<\/b>\u00a0Inspecci\u00f3n HD:<\/p>\n<ul>\n<li>L\u00e1mpara adicional en el dispositivo con 4 LED para iluminar la zona de inspecci\u00f3n<\/li>\n<li>Grabaci\u00f3n de imagen y video en tarjeta Micro-SD<\/li>\n<li>Sonda estanca IP 67<\/li>\n<li>Sonda de 0,15 &#8220;para las aberturas de inspecci\u00f3n m\u00e1s pequenas<\/li>\n<li>Aberturas de inspecci\u00f3n y compuertas cortafuegos<\/li>\n<li>Instalaciones pre-muro, fregaderos, desag\u00fces<\/li>\n<li>Gran monitor en color HD de 5 &#8220;<\/li>\n<li>Longitud de la sonda hasta 10 pies.<\/li>\n<li>Sonda de vista lateral\/recta de 0 \u00b0\/90 \u00b0 conmutable 0.22 &#8220;<\/li>\n<li>Cavidades inaccesibles a trav\u00e9s de las aberturas m\u00e1s pequenas de 0,25 &#8220;(por ejemplo, cruz de baldosas)<\/li>\n<li>Chimeneas, c\u00e1maras de combusti\u00f3n, conectores<\/li>\n<\/ul>\n<p>&nbsp;<\/p>\n","protected":false},"featured_media":8006,"comment_status":"open","ping_status":"closed","template":"","meta":{"_joinchat":[]},"product_brand":[],"product_cat":[88],"product_tag":[],"class_list":{"0":"post-8002","1":"product","2":"type-product","3":"status-publish","4":"has-post-thumbnail","6":"product_cat-boroscopios","8":"first","9":"instock","10":"shipping-taxable","11":"product-type-simple"},"yoast_head":"<!-- This site is optimized with the Yoast SEO plugin v26.4 - https:\/\/yoast.com\/wordpress\/plugins\/seo\/ -->\n<title>Boroscopio C\u00e1mara a 90\u00b0 Wohler VE400 - Abaa tienda online<\/title>\n<meta name=\"robots\" content=\"index, follow, max-snippet:-1, max-image-preview:large, max-video-preview:-1\" \/>\n<link rel=\"canonical\" href=\"https:\/\/abaa.mx\/tienda\/boroscopio-camara-a-90-wohler-ve400\/\" \/>\n<meta property=\"og:locale\" content=\"es_MX\" \/>\n<meta property=\"og:type\" content=\"article\" \/>\n<meta property=\"og:title\" content=\"Boroscopio C\u00e1mara a 90\u00b0 Wohler VE400 - Abaa tienda online\" \/>\n<meta property=\"og:description\" content=\"Inspecci\u00f3n HD de cavidades inalcanzables Con el Wohler VE 400 siempre y en todo momento va a tener una visi\u00f3n general, sin importar lo m\u00e1s m\u00ednimo cu\u00e1n estrecho sea el espacio. No importa si hablamos de un fregadero, una caldera, una pared doble o una l\u00ednea de gas de combusti\u00f3n, desde un di\u00e1metro de apertura de 0.25 &quot;se obtiene una visi\u00f3n limpia. La oportunidad de mudar entre la lente de la c\u00e1mara orientada hacia adelante y la de 90\u00b0 dentro en la sonda le brinda una vista completa en cualquier sitio.Debido a la clase de protecci\u00f3n IP 67, el agua evidentemente no es un inconveniente. Los LED infinitamente graduables integrados en el cabezal de la sonda y la oportunidad de grabar videos y fotos en la tarjeta SD completan el dispositivo para expertos.  Funcionalidad\u00a0Inspecci\u00f3n HD:   L\u00e1mpara adicional en el dispositivo con 4 LED para iluminar la zona de inspecci\u00f3n  Grabaci\u00f3n de imagen y video en tarjeta Micro-SD  Sonda estanca IP 67  Sonda de 0,15 &quot;para las aberturas de inspecci\u00f3n m\u00e1s pequenas  Aberturas de inspecci\u00f3n y compuertas cortafuegos  Instalaciones pre-muro, fregaderos, desag\u00fces  Gran monitor en color HD de 5 &quot;  Longitud de la sonda hasta 10 pies.  Sonda de vista lateral\/recta de 0 \u00b0\/90 \u00b0 conmutable 0.22 &quot;  Cavidades inaccesibles a trav\u00e9s de las aberturas m\u00e1s pequenas de 0,25 &quot;(por ejemplo, cruz de baldosas)  Chimeneas, c\u00e1maras de combusti\u00f3n, conectores  &nbsp;\" \/>\n<meta property=\"og:url\" content=\"https:\/\/abaa.mx\/tienda\/boroscopio-camara-a-90-wohler-ve400\/\" \/>\n<meta property=\"og:site_name\" content=\"Abaa tienda online\" \/>\n<meta property=\"article:modified_time\" content=\"2023-10-26T15:37:45+00:00\" \/>\n<meta property=\"og:image\" content=\"https:\/\/abaa.mx\/tienda\/wp-content\/uploads\/2023\/10\/WOHLER-VE400.jpg\" \/>\n\t<meta property=\"og:image:width\" content=\"500\" \/>\n\t<meta property=\"og:image:height\" content=\"378\" \/>\n\t<meta property=\"og:image:type\" content=\"image\/jpeg\" \/>\n<meta name=\"twitter:card\" content=\"summary_large_image\" \/>\n<meta name=\"twitter:label1\" content=\"Tiempo de lectura\" \/>\n\t<meta name=\"twitter:data1\" content=\"1 minuto\" \/>\n<script type=\"application\/ld+json\" class=\"yoast-schema-graph\">{\"@context\":\"https:\/\/schema.org\",\"@graph\":[{\"@type\":\"WebPage\",\"@id\":\"https:\/\/abaa.mx\/tienda\/boroscopio-camara-a-90-wohler-ve400\/\",\"url\":\"https:\/\/abaa.mx\/tienda\/boroscopio-camara-a-90-wohler-ve400\/\",\"name\":\"Boroscopio C\u00e1mara a 90\u00b0 Wohler VE400 - Abaa tienda online\",\"isPartOf\":{\"@id\":\"https:\/\/abaa.mx\/tienda\/#website\"},\"primaryImageOfPage\":{\"@id\":\"https:\/\/abaa.mx\/tienda\/boroscopio-camara-a-90-wohler-ve400\/#primaryimage\"},\"image\":{\"@id\":\"https:\/\/abaa.mx\/tienda\/boroscopio-camara-a-90-wohler-ve400\/#primaryimage\"},\"thumbnailUrl\":\"https:\/\/abaa.mx\/tienda\/wp-content\/uploads\/2023\/10\/WOHLER-VE400.jpg\",\"datePublished\":\"2023-10-26T15:35:18+00:00\",\"dateModified\":\"2023-10-26T15:37:45+00:00\",\"breadcrumb\":{\"@id\":\"https:\/\/abaa.mx\/tienda\/boroscopio-camara-a-90-wohler-ve400\/#breadcrumb\"},\"inLanguage\":\"es\",\"potentialAction\":[{\"@type\":\"ReadAction\",\"target\":[\"https:\/\/abaa.mx\/tienda\/boroscopio-camara-a-90-wohler-ve400\/\"]}]},{\"@type\":\"ImageObject\",\"inLanguage\":\"es\",\"@id\":\"https:\/\/abaa.mx\/tienda\/boroscopio-camara-a-90-wohler-ve400\/#primaryimage\",\"url\":\"https:\/\/abaa.mx\/tienda\/wp-content\/uploads\/2023\/10\/WOHLER-VE400.jpg\",\"contentUrl\":\"https:\/\/abaa.mx\/tienda\/wp-content\/uploads\/2023\/10\/WOHLER-VE400.jpg\",\"width\":500,\"height\":378,\"caption\":\"WOHLER-VE400\"},{\"@type\":\"BreadcrumbList\",\"@id\":\"https:\/\/abaa.mx\/tienda\/boroscopio-camara-a-90-wohler-ve400\/#breadcrumb\",\"itemListElement\":[{\"@type\":\"ListItem\",\"position\":1,\"name\":\"Inicio\",\"item\":\"https:\/\/abaa.mx\/tienda\/\"},{\"@type\":\"ListItem\",\"position\":2,\"name\":\"Tienda\",\"item\":\"https:\/\/abaa.mx\/tienda\/\"},{\"@type\":\"ListItem\",\"position\":3,\"name\":\"Boroscopio C\u00e1mara a 90\u00b0 Wohler VE400\"}]},{\"@type\":\"WebSite\",\"@id\":\"https:\/\/abaa.mx\/tienda\/#website\",\"url\":\"https:\/\/abaa.mx\/tienda\/\",\"name\":\"Abaa tienda online\",\"description\":\"Instrumentos de medici\u00f3n\",\"publisher\":{\"@id\":\"https:\/\/abaa.mx\/tienda\/#organization\"},\"potentialAction\":[{\"@type\":\"SearchAction\",\"target\":{\"@type\":\"EntryPoint\",\"urlTemplate\":\"https:\/\/abaa.mx\/tienda\/?s={search_term_string}\"},\"query-input\":{\"@type\":\"PropertyValueSpecification\",\"valueRequired\":true,\"valueName\":\"search_term_string\"}}],\"inLanguage\":\"es\"},{\"@type\":\"Organization\",\"@id\":\"https:\/\/abaa.mx\/tienda\/#organization\",\"name\":\"Abaa tienda online\",\"url\":\"https:\/\/abaa.mx\/tienda\/\",\"logo\":{\"@type\":\"ImageObject\",\"inLanguage\":\"es\",\"@id\":\"https:\/\/abaa.mx\/tienda\/#\/schema\/logo\/image\/\",\"url\":\"https:\/\/abaa.mx\/tienda\/wp-content\/uploads\/2024\/01\/abaa-metrologia-tienda.png\",\"contentUrl\":\"https:\/\/abaa.mx\/tienda\/wp-content\/uploads\/2024\/01\/abaa-metrologia-tienda.png\",\"width\":300,\"height\":141,\"caption\":\"Abaa tienda online\"},\"image\":{\"@id\":\"https:\/\/abaa.mx\/tienda\/#\/schema\/logo\/image\/\"}}]}<\/script>\n<!-- \/ Yoast SEO plugin. -->","yoast_head_json":{"title":"Boroscopio C\u00e1mara a 90\u00b0 Wohler VE400 - Abaa tienda online","robots":{"index":"index","follow":"follow","max-snippet":"max-snippet:-1","max-image-preview":"max-image-preview:large","max-video-preview":"max-video-preview:-1"},"canonical":"https:\/\/abaa.mx\/tienda\/boroscopio-camara-a-90-wohler-ve400\/","og_locale":"es_MX","og_type":"article","og_title":"Boroscopio C\u00e1mara a 90\u00b0 Wohler VE400 - Abaa tienda online","og_description":"Inspecci\u00f3n HD de cavidades inalcanzables Con el Wohler VE 400 siempre y en todo momento va a tener una visi\u00f3n general, sin importar lo m\u00e1s m\u00ednimo cu\u00e1n estrecho sea el espacio. No importa si hablamos de un fregadero, una caldera, una pared doble o una l\u00ednea de gas de combusti\u00f3n, desde un di\u00e1metro de apertura de 0.25 \"se obtiene una visi\u00f3n limpia. La oportunidad de mudar entre la lente de la c\u00e1mara orientada hacia adelante y la de 90\u00b0 dentro en la sonda le brinda una vista completa en cualquier sitio.Debido a la clase de protecci\u00f3n IP 67, el agua evidentemente no es un inconveniente. Los LED infinitamente graduables integrados en el cabezal de la sonda y la oportunidad de grabar videos y fotos en la tarjeta SD completan el dispositivo para expertos.  Funcionalidad\u00a0Inspecci\u00f3n HD:   L\u00e1mpara adicional en el dispositivo con 4 LED para iluminar la zona de inspecci\u00f3n  Grabaci\u00f3n de imagen y video en tarjeta Micro-SD  Sonda estanca IP 67  Sonda de 0,15 \"para las aberturas de inspecci\u00f3n m\u00e1s pequenas  Aberturas de inspecci\u00f3n y compuertas cortafuegos  Instalaciones pre-muro, fregaderos, desag\u00fces  Gran monitor en color HD de 5 \"  Longitud de la sonda hasta 10 pies.  Sonda de vista lateral\/recta de 0 \u00b0\/90 \u00b0 conmutable 0.22 \"  Cavidades inaccesibles a trav\u00e9s de las aberturas m\u00e1s pequenas de 0,25 \"(por ejemplo, cruz de baldosas)  Chimeneas, c\u00e1maras de combusti\u00f3n, conectores  &nbsp;","og_url":"https:\/\/abaa.mx\/tienda\/boroscopio-camara-a-90-wohler-ve400\/","og_site_name":"Abaa tienda online","article_modified_time":"2023-10-26T15:37:45+00:00","og_image":[{"width":500,"height":378,"url":"https:\/\/abaa.mx\/tienda\/wp-content\/uploads\/2023\/10\/WOHLER-VE400.jpg","type":"image\/jpeg"}],"twitter_card":"summary_large_image","twitter_misc":{"Tiempo de lectura":"1 minuto"},"schema":{"@context":"https:\/\/schema.org","@graph":[{"@type":"WebPage","@id":"https:\/\/abaa.mx\/tienda\/boroscopio-camara-a-90-wohler-ve400\/","url":"https:\/\/abaa.mx\/tienda\/boroscopio-camara-a-90-wohler-ve400\/","name":"Boroscopio C\u00e1mara a 90\u00b0 Wohler VE400 - Abaa tienda online","isPartOf":{"@id":"https:\/\/abaa.mx\/tienda\/#website"},"primaryImageOfPage":{"@id":"https:\/\/abaa.mx\/tienda\/boroscopio-camara-a-90-wohler-ve400\/#primaryimage"},"image":{"@id":"https:\/\/abaa.mx\/tienda\/boroscopio-camara-a-90-wohler-ve400\/#primaryimage"},"thumbnailUrl":"https:\/\/abaa.mx\/tienda\/wp-content\/uploads\/2023\/10\/WOHLER-VE400.jpg","datePublished":"2023-10-26T15:35:18+00:00","dateModified":"2023-10-26T15:37:45+00:00","breadcrumb":{"@id":"https:\/\/abaa.mx\/tienda\/boroscopio-camara-a-90-wohler-ve400\/#breadcrumb"},"inLanguage":"es","potentialAction":[{"@type":"ReadAction","target":["https:\/\/abaa.mx\/tienda\/boroscopio-camara-a-90-wohler-ve400\/"]}]},{"@type":"ImageObject","inLanguage":"es","@id":"https:\/\/abaa.mx\/tienda\/boroscopio-camara-a-90-wohler-ve400\/#primaryimage","url":"https:\/\/abaa.mx\/tienda\/wp-content\/uploads\/2023\/10\/WOHLER-VE400.jpg","contentUrl":"https:\/\/abaa.mx\/tienda\/wp-content\/uploads\/2023\/10\/WOHLER-VE400.jpg","width":500,"height":378,"caption":"WOHLER-VE400"},{"@type":"BreadcrumbList","@id":"https:\/\/abaa.mx\/tienda\/boroscopio-camara-a-90-wohler-ve400\/#breadcrumb","itemListElement":[{"@type":"ListItem","position":1,"name":"Inicio","item":"https:\/\/abaa.mx\/tienda\/"},{"@type":"ListItem","position":2,"name":"Tienda","item":"https:\/\/abaa.mx\/tienda\/"},{"@type":"ListItem","position":3,"name":"Boroscopio C\u00e1mara a 90\u00b0 Wohler VE400"}]},{"@type":"WebSite","@id":"https:\/\/abaa.mx\/tienda\/#website","url":"https:\/\/abaa.mx\/tienda\/","name":"Abaa tienda online","description":"Instrumentos de medici\u00f3n","publisher":{"@id":"https:\/\/abaa.mx\/tienda\/#organization"},"potentialAction":[{"@type":"SearchAction","target":{"@type":"EntryPoint","urlTemplate":"https:\/\/abaa.mx\/tienda\/?s={search_term_string}"},"query-input":{"@type":"PropertyValueSpecification","valueRequired":true,"valueName":"search_term_string"}}],"inLanguage":"es"},{"@type":"Organization","@id":"https:\/\/abaa.mx\/tienda\/#organization","name":"Abaa tienda online","url":"https:\/\/abaa.mx\/tienda\/","logo":{"@type":"ImageObject","inLanguage":"es","@id":"https:\/\/abaa.mx\/tienda\/#\/schema\/logo\/image\/","url":"https:\/\/abaa.mx\/tienda\/wp-content\/uploads\/2024\/01\/abaa-metrologia-tienda.png","contentUrl":"https:\/\/abaa.mx\/tienda\/wp-content\/uploads\/2024\/01\/abaa-metrologia-tienda.png","width":300,"height":141,"caption":"Abaa tienda online"},"image":{"@id":"https:\/\/abaa.mx\/tienda\/#\/schema\/logo\/image\/"}}]}},"_links":{"self":[{"href":"https:\/\/abaa.mx\/tienda\/wp-json\/wp\/v2\/product\/8002","targetHints":{"allow":["GET"]}}],"collection":[{"href":"https:\/\/abaa.mx\/tienda\/wp-json\/wp\/v2\/product"}],"about":[{"href":"https:\/\/abaa.mx\/tienda\/wp-json\/wp\/v2\/types\/product"}],"replies":[{"embeddable":true,"href":"https:\/\/abaa.mx\/tienda\/wp-json\/wp\/v2\/comments?post=8002"}],"wp:featuredmedia":[{"embeddable":true,"href":"https:\/\/abaa.mx\/tienda\/wp-json\/wp\/v2\/media\/8006"}],"wp:attachment":[{"href":"https:\/\/abaa.mx\/tienda\/wp-json\/wp\/v2\/media?parent=8002"}],"wp:term":[{"taxonomy":"product_brand","embeddable":true,"href":"https:\/\/abaa.mx\/tienda\/wp-json\/wp\/v2\/product_brand?post=8002"},{"taxonomy":"product_cat","embeddable":true,"href":"https:\/\/abaa.mx\/tienda\/wp-json\/wp\/v2\/product_cat?post=8002"},{"taxonomy":"product_tag","embeddable":true,"href":"https:\/\/abaa.mx\/tienda\/wp-json\/wp\/v2\/product_tag?post=8002"}],"curies":[{"name":"wp","href":"https:\/\/api.w.org\/{rel}","templated":true}]}}