{"id":7996,"date":"2023-10-26T15:08:51","date_gmt":"2023-10-26T15:08:51","guid":{"rendered":"https:\/\/abaa.mx\/tienda\/?post_type=product&#038;p=7996"},"modified":"2023-10-26T15:08:52","modified_gmt":"2023-10-26T15:08:52","slug":"boroscopio-con-video-1-0-metro-bs150","status":"publish","type":"product","link":"https:\/\/abaa.mx\/tienda\/boroscopio-con-video-1-0-metro-bs150\/","title":{"rendered":"Boroscopio con Video 1.0 Metro &#8211; BS150"},"content":{"rendered":"<p>Boroscopio con Video 1.0 Metro &#8211; BS150<\/p>\n","protected":false},"excerpt":{"rendered":"<p><b>Especificaciones:<\/b><\/p>\n<ul>\n<li>Salida de TV: Sistema PAL (ASIA-Europa-Sudam\u00e9rica) y Sistema NTSC (Am\u00e9rica del Norte y Jap\u00f3n )<\/li>\n<li>Di\u00e1metro de la c\u00e1mara: 17 mm (0.66\u201d)<\/li>\n<li>Pantalla LCD: A Color tipo TFT de 3.2\u201d (diagonal)<\/li>\n<li>Tarjeta de Memoria SD: M\u00e1ximo 8.0 GB<\/li>\n<li>Formato del Archivo de Video: 3GP<\/li>\n<li>Pixeles: 320 x 240<\/li>\n<li>Rango Visible: 0\u00b0 a 180\u00b0<\/li>\n<li>Idiomas: Espa\u00f1ol, Franc\u00e9s Ingl\u00e9s y Alem\u00e1n<\/li>\n<li>Formato de Imagen:Jpeg<\/li>\n<li>Alcance de Visibilidad: 15 cm a 25cm (5.9\u201d a 9.8\u201d)<\/li>\n<li>Provisi\u00f3n de Energ\u00eda: Bater\u00eda de Litio 3.7 V \/ 2000 mA<\/li>\n<li>Longitud de la sonda de cuellos de Ganso: 1.0mt (39\u201d)<\/li>\n<\/ul>\n","protected":false},"featured_media":8000,"comment_status":"open","ping_status":"closed","template":"","meta":{"_joinchat":[]},"product_brand":[],"product_cat":[88],"product_tag":[],"class_list":{"0":"post-7996","1":"product","2":"type-product","3":"status-publish","4":"has-post-thumbnail","6":"product_cat-boroscopios","8":"first","9":"instock","10":"shipping-taxable","11":"product-type-simple"},"yoast_head":"<!-- This site is optimized with the Yoast SEO plugin v26.4 - https:\/\/yoast.com\/wordpress\/plugins\/seo\/ -->\n<title>Boroscopio con Video 1.0 Metro - BS150 - Abaa tienda online<\/title>\n<meta name=\"robots\" content=\"index, follow, max-snippet:-1, max-image-preview:large, max-video-preview:-1\" \/>\n<link rel=\"canonical\" href=\"https:\/\/abaa.mx\/tienda\/boroscopio-con-video-1-0-metro-bs150\/\" \/>\n<meta property=\"og:locale\" content=\"es_MX\" \/>\n<meta property=\"og:type\" content=\"article\" \/>\n<meta property=\"og:title\" content=\"Boroscopio con Video 1.0 Metro - BS150 - Abaa tienda online\" \/>\n<meta property=\"og:description\" content=\"Especificaciones:   Salida de TV: Sistema PAL (ASIA-Europa-Sudam\u00e9rica) y Sistema NTSC (Am\u00e9rica del Norte y Jap\u00f3n )  Di\u00e1metro de la c\u00e1mara: 17 mm (0.66\u201d)  Pantalla LCD: A Color tipo TFT de 3.2\u201d (diagonal)  Tarjeta de Memoria SD: M\u00e1ximo 8.0 GB  Formato del Archivo de Video: 3GP  Pixeles: 320 x 240  Rango Visible: 0\u00b0 a 180\u00b0  Idiomas: Espa\u00f1ol, Franc\u00e9s Ingl\u00e9s y Alem\u00e1n  Formato de Imagen:Jpeg  Alcance de Visibilidad: 15 cm a 25cm (5.9\u201d a 9.8\u201d)  Provisi\u00f3n de Energ\u00eda: Bater\u00eda de Litio 3.7 V \/ 2000 mA  Longitud de la sonda de cuellos de Ganso: 1.0mt (39\u201d)\" \/>\n<meta property=\"og:url\" content=\"https:\/\/abaa.mx\/tienda\/boroscopio-con-video-1-0-metro-bs150\/\" \/>\n<meta property=\"og:site_name\" content=\"Abaa tienda online\" \/>\n<meta property=\"article:modified_time\" content=\"2023-10-26T15:08:52+00:00\" \/>\n<meta property=\"og:image\" content=\"https:\/\/abaa.mx\/tienda\/wp-content\/uploads\/2023\/10\/CEM-METERS-B5150.jpg\" \/>\n\t<meta property=\"og:image:width\" content=\"305\" \/>\n\t<meta property=\"og:image:height\" content=\"622\" \/>\n\t<meta property=\"og:image:type\" content=\"image\/jpeg\" \/>\n<meta name=\"twitter:card\" content=\"summary_large_image\" \/>\n<meta name=\"twitter:label1\" content=\"Tiempo de lectura\" \/>\n\t<meta name=\"twitter:data1\" content=\"1 minuto\" \/>\n<script type=\"application\/ld+json\" class=\"yoast-schema-graph\">{\"@context\":\"https:\/\/schema.org\",\"@graph\":[{\"@type\":\"WebPage\",\"@id\":\"https:\/\/abaa.mx\/tienda\/boroscopio-con-video-1-0-metro-bs150\/\",\"url\":\"https:\/\/abaa.mx\/tienda\/boroscopio-con-video-1-0-metro-bs150\/\",\"name\":\"Boroscopio con Video 1.0 Metro - BS150 - Abaa tienda online\",\"isPartOf\":{\"@id\":\"https:\/\/abaa.mx\/tienda\/#website\"},\"primaryImageOfPage\":{\"@id\":\"https:\/\/abaa.mx\/tienda\/boroscopio-con-video-1-0-metro-bs150\/#primaryimage\"},\"image\":{\"@id\":\"https:\/\/abaa.mx\/tienda\/boroscopio-con-video-1-0-metro-bs150\/#primaryimage\"},\"thumbnailUrl\":\"https:\/\/abaa.mx\/tienda\/wp-content\/uploads\/2023\/10\/CEM-METERS-B5150.jpg\",\"datePublished\":\"2023-10-26T15:08:51+00:00\",\"dateModified\":\"2023-10-26T15:08:52+00:00\",\"breadcrumb\":{\"@id\":\"https:\/\/abaa.mx\/tienda\/boroscopio-con-video-1-0-metro-bs150\/#breadcrumb\"},\"inLanguage\":\"es\",\"potentialAction\":[{\"@type\":\"ReadAction\",\"target\":[\"https:\/\/abaa.mx\/tienda\/boroscopio-con-video-1-0-metro-bs150\/\"]}]},{\"@type\":\"ImageObject\",\"inLanguage\":\"es\",\"@id\":\"https:\/\/abaa.mx\/tienda\/boroscopio-con-video-1-0-metro-bs150\/#primaryimage\",\"url\":\"https:\/\/abaa.mx\/tienda\/wp-content\/uploads\/2023\/10\/CEM-METERS-B5150.jpg\",\"contentUrl\":\"https:\/\/abaa.mx\/tienda\/wp-content\/uploads\/2023\/10\/CEM-METERS-B5150.jpg\",\"width\":305,\"height\":622,\"caption\":\"CEM METERS-B5150\"},{\"@type\":\"BreadcrumbList\",\"@id\":\"https:\/\/abaa.mx\/tienda\/boroscopio-con-video-1-0-metro-bs150\/#breadcrumb\",\"itemListElement\":[{\"@type\":\"ListItem\",\"position\":1,\"name\":\"Inicio\",\"item\":\"https:\/\/abaa.mx\/tienda\/\"},{\"@type\":\"ListItem\",\"position\":2,\"name\":\"Tienda\",\"item\":\"https:\/\/abaa.mx\/tienda\/\"},{\"@type\":\"ListItem\",\"position\":3,\"name\":\"Boroscopio con Video 1.0 Metro &#8211; BS150\"}]},{\"@type\":\"WebSite\",\"@id\":\"https:\/\/abaa.mx\/tienda\/#website\",\"url\":\"https:\/\/abaa.mx\/tienda\/\",\"name\":\"Abaa tienda online\",\"description\":\"Instrumentos de medici\u00f3n\",\"publisher\":{\"@id\":\"https:\/\/abaa.mx\/tienda\/#organization\"},\"potentialAction\":[{\"@type\":\"SearchAction\",\"target\":{\"@type\":\"EntryPoint\",\"urlTemplate\":\"https:\/\/abaa.mx\/tienda\/?s={search_term_string}\"},\"query-input\":{\"@type\":\"PropertyValueSpecification\",\"valueRequired\":true,\"valueName\":\"search_term_string\"}}],\"inLanguage\":\"es\"},{\"@type\":\"Organization\",\"@id\":\"https:\/\/abaa.mx\/tienda\/#organization\",\"name\":\"Abaa tienda online\",\"url\":\"https:\/\/abaa.mx\/tienda\/\",\"logo\":{\"@type\":\"ImageObject\",\"inLanguage\":\"es\",\"@id\":\"https:\/\/abaa.mx\/tienda\/#\/schema\/logo\/image\/\",\"url\":\"https:\/\/abaa.mx\/tienda\/wp-content\/uploads\/2024\/01\/abaa-metrologia-tienda.png\",\"contentUrl\":\"https:\/\/abaa.mx\/tienda\/wp-content\/uploads\/2024\/01\/abaa-metrologia-tienda.png\",\"width\":300,\"height\":141,\"caption\":\"Abaa tienda online\"},\"image\":{\"@id\":\"https:\/\/abaa.mx\/tienda\/#\/schema\/logo\/image\/\"}}]}<\/script>\n<!-- \/ Yoast SEO plugin. -->","yoast_head_json":{"title":"Boroscopio con Video 1.0 Metro - BS150 - Abaa tienda online","robots":{"index":"index","follow":"follow","max-snippet":"max-snippet:-1","max-image-preview":"max-image-preview:large","max-video-preview":"max-video-preview:-1"},"canonical":"https:\/\/abaa.mx\/tienda\/boroscopio-con-video-1-0-metro-bs150\/","og_locale":"es_MX","og_type":"article","og_title":"Boroscopio con Video 1.0 Metro - BS150 - Abaa tienda online","og_description":"Especificaciones:   Salida de TV: Sistema PAL (ASIA-Europa-Sudam\u00e9rica) y Sistema NTSC (Am\u00e9rica del Norte y Jap\u00f3n )  Di\u00e1metro de la c\u00e1mara: 17 mm (0.66\u201d)  Pantalla LCD: A Color tipo TFT de 3.2\u201d (diagonal)  Tarjeta de Memoria SD: M\u00e1ximo 8.0 GB  Formato del Archivo de Video: 3GP  Pixeles: 320 x 240  Rango Visible: 0\u00b0 a 180\u00b0  Idiomas: Espa\u00f1ol, Franc\u00e9s Ingl\u00e9s y Alem\u00e1n  Formato de Imagen:Jpeg  Alcance de Visibilidad: 15 cm a 25cm (5.9\u201d a 9.8\u201d)  Provisi\u00f3n de Energ\u00eda: Bater\u00eda de Litio 3.7 V \/ 2000 mA  Longitud de la sonda de cuellos de Ganso: 1.0mt (39\u201d)","og_url":"https:\/\/abaa.mx\/tienda\/boroscopio-con-video-1-0-metro-bs150\/","og_site_name":"Abaa tienda online","article_modified_time":"2023-10-26T15:08:52+00:00","og_image":[{"width":305,"height":622,"url":"https:\/\/abaa.mx\/tienda\/wp-content\/uploads\/2023\/10\/CEM-METERS-B5150.jpg","type":"image\/jpeg"}],"twitter_card":"summary_large_image","twitter_misc":{"Tiempo de lectura":"1 minuto"},"schema":{"@context":"https:\/\/schema.org","@graph":[{"@type":"WebPage","@id":"https:\/\/abaa.mx\/tienda\/boroscopio-con-video-1-0-metro-bs150\/","url":"https:\/\/abaa.mx\/tienda\/boroscopio-con-video-1-0-metro-bs150\/","name":"Boroscopio con Video 1.0 Metro - BS150 - Abaa tienda online","isPartOf":{"@id":"https:\/\/abaa.mx\/tienda\/#website"},"primaryImageOfPage":{"@id":"https:\/\/abaa.mx\/tienda\/boroscopio-con-video-1-0-metro-bs150\/#primaryimage"},"image":{"@id":"https:\/\/abaa.mx\/tienda\/boroscopio-con-video-1-0-metro-bs150\/#primaryimage"},"thumbnailUrl":"https:\/\/abaa.mx\/tienda\/wp-content\/uploads\/2023\/10\/CEM-METERS-B5150.jpg","datePublished":"2023-10-26T15:08:51+00:00","dateModified":"2023-10-26T15:08:52+00:00","breadcrumb":{"@id":"https:\/\/abaa.mx\/tienda\/boroscopio-con-video-1-0-metro-bs150\/#breadcrumb"},"inLanguage":"es","potentialAction":[{"@type":"ReadAction","target":["https:\/\/abaa.mx\/tienda\/boroscopio-con-video-1-0-metro-bs150\/"]}]},{"@type":"ImageObject","inLanguage":"es","@id":"https:\/\/abaa.mx\/tienda\/boroscopio-con-video-1-0-metro-bs150\/#primaryimage","url":"https:\/\/abaa.mx\/tienda\/wp-content\/uploads\/2023\/10\/CEM-METERS-B5150.jpg","contentUrl":"https:\/\/abaa.mx\/tienda\/wp-content\/uploads\/2023\/10\/CEM-METERS-B5150.jpg","width":305,"height":622,"caption":"CEM METERS-B5150"},{"@type":"BreadcrumbList","@id":"https:\/\/abaa.mx\/tienda\/boroscopio-con-video-1-0-metro-bs150\/#breadcrumb","itemListElement":[{"@type":"ListItem","position":1,"name":"Inicio","item":"https:\/\/abaa.mx\/tienda\/"},{"@type":"ListItem","position":2,"name":"Tienda","item":"https:\/\/abaa.mx\/tienda\/"},{"@type":"ListItem","position":3,"name":"Boroscopio con Video 1.0 Metro &#8211; BS150"}]},{"@type":"WebSite","@id":"https:\/\/abaa.mx\/tienda\/#website","url":"https:\/\/abaa.mx\/tienda\/","name":"Abaa tienda online","description":"Instrumentos de medici\u00f3n","publisher":{"@id":"https:\/\/abaa.mx\/tienda\/#organization"},"potentialAction":[{"@type":"SearchAction","target":{"@type":"EntryPoint","urlTemplate":"https:\/\/abaa.mx\/tienda\/?s={search_term_string}"},"query-input":{"@type":"PropertyValueSpecification","valueRequired":true,"valueName":"search_term_string"}}],"inLanguage":"es"},{"@type":"Organization","@id":"https:\/\/abaa.mx\/tienda\/#organization","name":"Abaa tienda online","url":"https:\/\/abaa.mx\/tienda\/","logo":{"@type":"ImageObject","inLanguage":"es","@id":"https:\/\/abaa.mx\/tienda\/#\/schema\/logo\/image\/","url":"https:\/\/abaa.mx\/tienda\/wp-content\/uploads\/2024\/01\/abaa-metrologia-tienda.png","contentUrl":"https:\/\/abaa.mx\/tienda\/wp-content\/uploads\/2024\/01\/abaa-metrologia-tienda.png","width":300,"height":141,"caption":"Abaa tienda online"},"image":{"@id":"https:\/\/abaa.mx\/tienda\/#\/schema\/logo\/image\/"}}]}},"_links":{"self":[{"href":"https:\/\/abaa.mx\/tienda\/wp-json\/wp\/v2\/product\/7996","targetHints":{"allow":["GET"]}}],"collection":[{"href":"https:\/\/abaa.mx\/tienda\/wp-json\/wp\/v2\/product"}],"about":[{"href":"https:\/\/abaa.mx\/tienda\/wp-json\/wp\/v2\/types\/product"}],"replies":[{"embeddable":true,"href":"https:\/\/abaa.mx\/tienda\/wp-json\/wp\/v2\/comments?post=7996"}],"wp:featuredmedia":[{"embeddable":true,"href":"https:\/\/abaa.mx\/tienda\/wp-json\/wp\/v2\/media\/8000"}],"wp:attachment":[{"href":"https:\/\/abaa.mx\/tienda\/wp-json\/wp\/v2\/media?parent=7996"}],"wp:term":[{"taxonomy":"product_brand","embeddable":true,"href":"https:\/\/abaa.mx\/tienda\/wp-json\/wp\/v2\/product_brand?post=7996"},{"taxonomy":"product_cat","embeddable":true,"href":"https:\/\/abaa.mx\/tienda\/wp-json\/wp\/v2\/product_cat?post=7996"},{"taxonomy":"product_tag","embeddable":true,"href":"https:\/\/abaa.mx\/tienda\/wp-json\/wp\/v2\/product_tag?post=7996"}],"curies":[{"name":"wp","href":"https:\/\/api.w.org\/{rel}","templated":true}]}}