{"id":7995,"date":"2023-10-26T15:05:22","date_gmt":"2023-10-26T15:05:22","guid":{"rendered":"https:\/\/abaa.mx\/tienda\/?post_type=product&#038;p=7995"},"modified":"2024-01-05T19:30:42","modified_gmt":"2024-01-05T19:30:42","slug":"boroscopio-para-tuberia-con-camara-vis350-2","status":"publish","type":"product","link":"https:\/\/abaa.mx\/tienda\/boroscopio-para-tuberia-con-camara-vis350-2\/","title":{"rendered":"Boroscopio para tuber\u00eda con c\u00e1mara &#8211; VIS350"},"content":{"rendered":"<p>Boroscopio para tuber\u00eda con c\u00e1mara &#8211; VIS350.<\/p>\n","protected":false},"excerpt":{"rendered":"<p>Ficha t\u00e9cnica:<\/p>\n<p>El boroscopio modelo KL-VIS350 es un sistema completo de inspecci\u00f3n con v\u00eddeo en un solo estuche. Tendr\u00e1s en un solo sitio todas las herramientas requeridas para inspeccionar tuber\u00edas de agua, gas y l\u00edneas de ventilaci\u00f3n tal como sistemas industriales. Podr\u00e1s localizar con precisi\u00f3n ele da\u00f1o y documentar apropiadamente los hallazgos de la inspecci\u00f3n.<\/p>\n<p>El sistema radica en un carrete de 30 metros de cable de inspecci\u00f3n, un cabezal que tiene dentro una c\u00e1mara digital de color con di\u00e1metro de 1.5\u201d (38mm) y un amplio monitor a color. La consola de control es f\u00e1cil de usar y le garantiza un sencillo control de la c\u00e1mara: el cabezal con la c\u00e1mara puede girar sobre su eje hasta 360\u00ba puede llevar a cabo tomas panor\u00e1micas de hasta 180\u00ba. Aparte de las funciones antes descritas, la c\u00e1mara tiene una situaci\u00f3n de inicio a la que se puede volver pulsando un solo bot\u00f3n. Las l\u00e1mparas LED incorporadas ofrecen la mejor iluminaci\u00f3n.<\/p>\n<p>Cuando ubique un da\u00f1o o tenga un descubrimiento , sencillamente presione un bot\u00f3n para hacer una fotograf\u00eda o grabar un video. Para facilitarle al inspector especificar la ubicaci\u00f3n de la falla, el instrumento cuenta con un medidor de longitud de cable que sale de la bobina y que se despliega en el monitor adjuntado con la imagen de la c\u00e1mara. Sus 2 pilas recargables le dejan al usuario una operaci\u00f3n de hasta 4 horas con una sola carga.<\/p>\n","protected":false},"featured_media":7999,"comment_status":"open","ping_status":"closed","template":"","meta":{"_joinchat":[]},"product_brand":[],"product_cat":[88],"product_tag":[],"class_list":{"0":"post-7995","1":"product","2":"type-product","3":"status-publish","4":"has-post-thumbnail","6":"product_cat-boroscopios","8":"first","9":"instock","10":"shipping-taxable","11":"product-type-simple"},"yoast_head":"<!-- This site is optimized with the Yoast SEO plugin v26.4 - https:\/\/yoast.com\/wordpress\/plugins\/seo\/ -->\n<title>Boroscopio para tuber\u00eda con c\u00e1mara - VIS350 - Abaa tienda online<\/title>\n<meta name=\"robots\" content=\"index, follow, max-snippet:-1, max-image-preview:large, max-video-preview:-1\" \/>\n<link rel=\"canonical\" href=\"https:\/\/abaa.mx\/tienda\/boroscopio-para-tuberia-con-camara-vis350-2\/\" \/>\n<meta property=\"og:locale\" content=\"es_MX\" \/>\n<meta property=\"og:type\" content=\"article\" \/>\n<meta property=\"og:title\" content=\"Boroscopio para tuber\u00eda con c\u00e1mara - VIS350 - Abaa tienda online\" \/>\n<meta property=\"og:description\" content=\"Ficha t\u00e9cnica:  El boroscopio modelo KL-VIS350 es un sistema completo de inspecci\u00f3n con v\u00eddeo en un solo estuche. Tendr\u00e1s en un solo sitio todas las herramientas requeridas para inspeccionar tuber\u00edas de agua, gas y l\u00edneas de ventilaci\u00f3n tal como sistemas industriales. Podr\u00e1s localizar con precisi\u00f3n ele da\u00f1o y documentar apropiadamente los hallazgos de la inspecci\u00f3n.  El sistema radica en un carrete de 30 metros de cable de inspecci\u00f3n, un cabezal que tiene dentro una c\u00e1mara digital de color con di\u00e1metro de 1.5\u201d (38mm) y un amplio monitor a color. La consola de control es f\u00e1cil de usar y le garantiza un sencillo control de la c\u00e1mara: el cabezal con la c\u00e1mara puede girar sobre su eje hasta 360\u00ba puede llevar a cabo tomas panor\u00e1micas de hasta 180\u00ba. Aparte de las funciones antes descritas, la c\u00e1mara tiene una situaci\u00f3n de inicio a la que se puede volver pulsando un solo bot\u00f3n. Las l\u00e1mparas LED incorporadas ofrecen la mejor iluminaci\u00f3n.  Cuando ubique un da\u00f1o o tenga un descubrimiento , sencillamente presione un bot\u00f3n para hacer una fotograf\u00eda o grabar un video. Para facilitarle al inspector especificar la ubicaci\u00f3n de la falla, el instrumento cuenta con un medidor de longitud de cable que sale de la bobina y que se despliega en el monitor adjuntado con la imagen de la c\u00e1mara. Sus 2 pilas recargables le dejan al usuario una operaci\u00f3n de hasta 4 horas con una sola carga.\" \/>\n<meta property=\"og:url\" content=\"https:\/\/abaa.mx\/tienda\/boroscopio-para-tuberia-con-camara-vis350-2\/\" \/>\n<meta property=\"og:site_name\" content=\"Abaa tienda online\" \/>\n<meta property=\"article:modified_time\" content=\"2024-01-05T19:30:42+00:00\" \/>\n<meta property=\"og:image\" content=\"https:\/\/abaa.mx\/tienda\/wp-content\/uploads\/2023\/10\/KARL-STORZ-VIS350-2.jpg\" \/>\n\t<meta property=\"og:image:width\" content=\"598\" \/>\n\t<meta property=\"og:image:height\" content=\"401\" \/>\n\t<meta property=\"og:image:type\" content=\"image\/jpeg\" \/>\n<meta name=\"twitter:card\" content=\"summary_large_image\" \/>\n<meta name=\"twitter:label1\" content=\"Tiempo de lectura\" \/>\n\t<meta name=\"twitter:data1\" content=\"1 minuto\" \/>\n<script type=\"application\/ld+json\" class=\"yoast-schema-graph\">{\"@context\":\"https:\/\/schema.org\",\"@graph\":[{\"@type\":\"WebPage\",\"@id\":\"https:\/\/abaa.mx\/tienda\/boroscopio-para-tuberia-con-camara-vis350-2\/\",\"url\":\"https:\/\/abaa.mx\/tienda\/boroscopio-para-tuberia-con-camara-vis350-2\/\",\"name\":\"Boroscopio para tuber\u00eda con c\u00e1mara - VIS350 - Abaa tienda online\",\"isPartOf\":{\"@id\":\"https:\/\/abaa.mx\/tienda\/#website\"},\"primaryImageOfPage\":{\"@id\":\"https:\/\/abaa.mx\/tienda\/boroscopio-para-tuberia-con-camara-vis350-2\/#primaryimage\"},\"image\":{\"@id\":\"https:\/\/abaa.mx\/tienda\/boroscopio-para-tuberia-con-camara-vis350-2\/#primaryimage\"},\"thumbnailUrl\":\"https:\/\/abaa.mx\/tienda\/wp-content\/uploads\/2023\/10\/KARL-STORZ-VIS350-2.jpg\",\"datePublished\":\"2023-10-26T15:05:22+00:00\",\"dateModified\":\"2024-01-05T19:30:42+00:00\",\"breadcrumb\":{\"@id\":\"https:\/\/abaa.mx\/tienda\/boroscopio-para-tuberia-con-camara-vis350-2\/#breadcrumb\"},\"inLanguage\":\"es\",\"potentialAction\":[{\"@type\":\"ReadAction\",\"target\":[\"https:\/\/abaa.mx\/tienda\/boroscopio-para-tuberia-con-camara-vis350-2\/\"]}]},{\"@type\":\"ImageObject\",\"inLanguage\":\"es\",\"@id\":\"https:\/\/abaa.mx\/tienda\/boroscopio-para-tuberia-con-camara-vis350-2\/#primaryimage\",\"url\":\"https:\/\/abaa.mx\/tienda\/wp-content\/uploads\/2023\/10\/KARL-STORZ-VIS350-2.jpg\",\"contentUrl\":\"https:\/\/abaa.mx\/tienda\/wp-content\/uploads\/2023\/10\/KARL-STORZ-VIS350-2.jpg\",\"width\":598,\"height\":401,\"caption\":\"KARL STORZ-VIS350-2\"},{\"@type\":\"BreadcrumbList\",\"@id\":\"https:\/\/abaa.mx\/tienda\/boroscopio-para-tuberia-con-camara-vis350-2\/#breadcrumb\",\"itemListElement\":[{\"@type\":\"ListItem\",\"position\":1,\"name\":\"Inicio\",\"item\":\"https:\/\/abaa.mx\/tienda\/\"},{\"@type\":\"ListItem\",\"position\":2,\"name\":\"Tienda\",\"item\":\"https:\/\/abaa.mx\/tienda\/\"},{\"@type\":\"ListItem\",\"position\":3,\"name\":\"Boroscopio para tuber\u00eda con c\u00e1mara &#8211; VIS350\"}]},{\"@type\":\"WebSite\",\"@id\":\"https:\/\/abaa.mx\/tienda\/#website\",\"url\":\"https:\/\/abaa.mx\/tienda\/\",\"name\":\"Abaa tienda online\",\"description\":\"Instrumentos de medici\u00f3n\",\"publisher\":{\"@id\":\"https:\/\/abaa.mx\/tienda\/#organization\"},\"potentialAction\":[{\"@type\":\"SearchAction\",\"target\":{\"@type\":\"EntryPoint\",\"urlTemplate\":\"https:\/\/abaa.mx\/tienda\/?s={search_term_string}\"},\"query-input\":{\"@type\":\"PropertyValueSpecification\",\"valueRequired\":true,\"valueName\":\"search_term_string\"}}],\"inLanguage\":\"es\"},{\"@type\":\"Organization\",\"@id\":\"https:\/\/abaa.mx\/tienda\/#organization\",\"name\":\"Abaa tienda online\",\"url\":\"https:\/\/abaa.mx\/tienda\/\",\"logo\":{\"@type\":\"ImageObject\",\"inLanguage\":\"es\",\"@id\":\"https:\/\/abaa.mx\/tienda\/#\/schema\/logo\/image\/\",\"url\":\"https:\/\/abaa.mx\/tienda\/wp-content\/uploads\/2024\/01\/abaa-metrologia-tienda.png\",\"contentUrl\":\"https:\/\/abaa.mx\/tienda\/wp-content\/uploads\/2024\/01\/abaa-metrologia-tienda.png\",\"width\":300,\"height\":141,\"caption\":\"Abaa tienda online\"},\"image\":{\"@id\":\"https:\/\/abaa.mx\/tienda\/#\/schema\/logo\/image\/\"}}]}<\/script>\n<!-- \/ Yoast SEO plugin. -->","yoast_head_json":{"title":"Boroscopio para tuber\u00eda con c\u00e1mara - VIS350 - Abaa tienda online","robots":{"index":"index","follow":"follow","max-snippet":"max-snippet:-1","max-image-preview":"max-image-preview:large","max-video-preview":"max-video-preview:-1"},"canonical":"https:\/\/abaa.mx\/tienda\/boroscopio-para-tuberia-con-camara-vis350-2\/","og_locale":"es_MX","og_type":"article","og_title":"Boroscopio para tuber\u00eda con c\u00e1mara - VIS350 - Abaa tienda online","og_description":"Ficha t\u00e9cnica:  El boroscopio modelo KL-VIS350 es un sistema completo de inspecci\u00f3n con v\u00eddeo en un solo estuche. Tendr\u00e1s en un solo sitio todas las herramientas requeridas para inspeccionar tuber\u00edas de agua, gas y l\u00edneas de ventilaci\u00f3n tal como sistemas industriales. Podr\u00e1s localizar con precisi\u00f3n ele da\u00f1o y documentar apropiadamente los hallazgos de la inspecci\u00f3n.  El sistema radica en un carrete de 30 metros de cable de inspecci\u00f3n, un cabezal que tiene dentro una c\u00e1mara digital de color con di\u00e1metro de 1.5\u201d (38mm) y un amplio monitor a color. La consola de control es f\u00e1cil de usar y le garantiza un sencillo control de la c\u00e1mara: el cabezal con la c\u00e1mara puede girar sobre su eje hasta 360\u00ba puede llevar a cabo tomas panor\u00e1micas de hasta 180\u00ba. Aparte de las funciones antes descritas, la c\u00e1mara tiene una situaci\u00f3n de inicio a la que se puede volver pulsando un solo bot\u00f3n. Las l\u00e1mparas LED incorporadas ofrecen la mejor iluminaci\u00f3n.  Cuando ubique un da\u00f1o o tenga un descubrimiento , sencillamente presione un bot\u00f3n para hacer una fotograf\u00eda o grabar un video. Para facilitarle al inspector especificar la ubicaci\u00f3n de la falla, el instrumento cuenta con un medidor de longitud de cable que sale de la bobina y que se despliega en el monitor adjuntado con la imagen de la c\u00e1mara. Sus 2 pilas recargables le dejan al usuario una operaci\u00f3n de hasta 4 horas con una sola carga.","og_url":"https:\/\/abaa.mx\/tienda\/boroscopio-para-tuberia-con-camara-vis350-2\/","og_site_name":"Abaa tienda online","article_modified_time":"2024-01-05T19:30:42+00:00","og_image":[{"width":598,"height":401,"url":"https:\/\/abaa.mx\/tienda\/wp-content\/uploads\/2023\/10\/KARL-STORZ-VIS350-2.jpg","type":"image\/jpeg"}],"twitter_card":"summary_large_image","twitter_misc":{"Tiempo de lectura":"1 minuto"},"schema":{"@context":"https:\/\/schema.org","@graph":[{"@type":"WebPage","@id":"https:\/\/abaa.mx\/tienda\/boroscopio-para-tuberia-con-camara-vis350-2\/","url":"https:\/\/abaa.mx\/tienda\/boroscopio-para-tuberia-con-camara-vis350-2\/","name":"Boroscopio para tuber\u00eda con c\u00e1mara - VIS350 - Abaa tienda online","isPartOf":{"@id":"https:\/\/abaa.mx\/tienda\/#website"},"primaryImageOfPage":{"@id":"https:\/\/abaa.mx\/tienda\/boroscopio-para-tuberia-con-camara-vis350-2\/#primaryimage"},"image":{"@id":"https:\/\/abaa.mx\/tienda\/boroscopio-para-tuberia-con-camara-vis350-2\/#primaryimage"},"thumbnailUrl":"https:\/\/abaa.mx\/tienda\/wp-content\/uploads\/2023\/10\/KARL-STORZ-VIS350-2.jpg","datePublished":"2023-10-26T15:05:22+00:00","dateModified":"2024-01-05T19:30:42+00:00","breadcrumb":{"@id":"https:\/\/abaa.mx\/tienda\/boroscopio-para-tuberia-con-camara-vis350-2\/#breadcrumb"},"inLanguage":"es","potentialAction":[{"@type":"ReadAction","target":["https:\/\/abaa.mx\/tienda\/boroscopio-para-tuberia-con-camara-vis350-2\/"]}]},{"@type":"ImageObject","inLanguage":"es","@id":"https:\/\/abaa.mx\/tienda\/boroscopio-para-tuberia-con-camara-vis350-2\/#primaryimage","url":"https:\/\/abaa.mx\/tienda\/wp-content\/uploads\/2023\/10\/KARL-STORZ-VIS350-2.jpg","contentUrl":"https:\/\/abaa.mx\/tienda\/wp-content\/uploads\/2023\/10\/KARL-STORZ-VIS350-2.jpg","width":598,"height":401,"caption":"KARL STORZ-VIS350-2"},{"@type":"BreadcrumbList","@id":"https:\/\/abaa.mx\/tienda\/boroscopio-para-tuberia-con-camara-vis350-2\/#breadcrumb","itemListElement":[{"@type":"ListItem","position":1,"name":"Inicio","item":"https:\/\/abaa.mx\/tienda\/"},{"@type":"ListItem","position":2,"name":"Tienda","item":"https:\/\/abaa.mx\/tienda\/"},{"@type":"ListItem","position":3,"name":"Boroscopio para tuber\u00eda con c\u00e1mara &#8211; VIS350"}]},{"@type":"WebSite","@id":"https:\/\/abaa.mx\/tienda\/#website","url":"https:\/\/abaa.mx\/tienda\/","name":"Abaa tienda online","description":"Instrumentos de medici\u00f3n","publisher":{"@id":"https:\/\/abaa.mx\/tienda\/#organization"},"potentialAction":[{"@type":"SearchAction","target":{"@type":"EntryPoint","urlTemplate":"https:\/\/abaa.mx\/tienda\/?s={search_term_string}"},"query-input":{"@type":"PropertyValueSpecification","valueRequired":true,"valueName":"search_term_string"}}],"inLanguage":"es"},{"@type":"Organization","@id":"https:\/\/abaa.mx\/tienda\/#organization","name":"Abaa tienda online","url":"https:\/\/abaa.mx\/tienda\/","logo":{"@type":"ImageObject","inLanguage":"es","@id":"https:\/\/abaa.mx\/tienda\/#\/schema\/logo\/image\/","url":"https:\/\/abaa.mx\/tienda\/wp-content\/uploads\/2024\/01\/abaa-metrologia-tienda.png","contentUrl":"https:\/\/abaa.mx\/tienda\/wp-content\/uploads\/2024\/01\/abaa-metrologia-tienda.png","width":300,"height":141,"caption":"Abaa tienda online"},"image":{"@id":"https:\/\/abaa.mx\/tienda\/#\/schema\/logo\/image\/"}}]}},"_links":{"self":[{"href":"https:\/\/abaa.mx\/tienda\/wp-json\/wp\/v2\/product\/7995","targetHints":{"allow":["GET"]}}],"collection":[{"href":"https:\/\/abaa.mx\/tienda\/wp-json\/wp\/v2\/product"}],"about":[{"href":"https:\/\/abaa.mx\/tienda\/wp-json\/wp\/v2\/types\/product"}],"replies":[{"embeddable":true,"href":"https:\/\/abaa.mx\/tienda\/wp-json\/wp\/v2\/comments?post=7995"}],"wp:featuredmedia":[{"embeddable":true,"href":"https:\/\/abaa.mx\/tienda\/wp-json\/wp\/v2\/media\/7999"}],"wp:attachment":[{"href":"https:\/\/abaa.mx\/tienda\/wp-json\/wp\/v2\/media?parent=7995"}],"wp:term":[{"taxonomy":"product_brand","embeddable":true,"href":"https:\/\/abaa.mx\/tienda\/wp-json\/wp\/v2\/product_brand?post=7995"},{"taxonomy":"product_cat","embeddable":true,"href":"https:\/\/abaa.mx\/tienda\/wp-json\/wp\/v2\/product_cat?post=7995"},{"taxonomy":"product_tag","embeddable":true,"href":"https:\/\/abaa.mx\/tienda\/wp-json\/wp\/v2\/product_tag?post=7995"}],"curies":[{"name":"wp","href":"https:\/\/api.w.org\/{rel}","templated":true}]}}