{"id":7988,"date":"2023-10-26T14:27:49","date_gmt":"2023-10-26T14:27:49","guid":{"rendered":"https:\/\/abaa.mx\/tienda\/?post_type=product&#038;p=7988"},"modified":"2023-10-26T14:27:49","modified_gmt":"2023-10-26T14:27:49","slug":"boroscopio-para-tuberia-con-pantalla-9-camara-de-23mm-y-sonda-de-20-metros-wopson-wpsa2c23","status":"publish","type":"product","link":"https:\/\/abaa.mx\/tienda\/boroscopio-para-tuberia-con-pantalla-9-camara-de-23mm-y-sonda-de-20-metros-wopson-wpsa2c23\/","title":{"rendered":"Boroscopio Para Tuber\u00eda con Pantalla 9\u201d C\u00e1mara de 23mm y Sonda de 20 Metros Wopson WPSA2C23."},"content":{"rendered":"<p>Boroscopio Para Tuber\u00eda con Pantalla 9\u201d C\u00e1mara de 23mm y Sonda de 20 Metros Wopson WPSA2C23.<\/p>\n","protected":false},"excerpt":{"rendered":"<p><strong>Especificaciones tecnicas:<\/strong><\/p>\n<p>Bater\u00eda integrada<\/p>\n<p>Acercar (8 niveles)<\/p>\n<p>Grabar video \/ audio<\/p>\n<p>Caso de ingenier\u00eda<\/p>\n<p>Pantalla a color TFT de 9 pulgadas<\/p>\n<p>Cabeza de la c\u00e1mara<\/p>\n<p>\u00f823mm, carrete de cable de 20 m<\/p>\n<p>Reinicio del contador<\/p>\n<p>ranura para tarjetas SD<\/p>\n<p>Captura de imagen<\/p>\n<p>Caja de control<\/p>\n<p>Texto<\/p>\n<p>Memoria USB.<\/p>\n<p>Sombrilla<\/p>\n<p>Interruptor M \/ FT<\/p>\n<p>Disminuir el zoom<\/p>\n<p>Interruptor de brillo<\/p>\n<p>Freno de cable<\/p>\n<p><strong>Kit de boroscopio para inspecci\u00f3n de tuber\u00eda pantalla color 9&#8243; con sonda de 20 metros<\/strong><\/p>\n<p>&nbsp;<\/p>\n<ul>\n<li>Admite una tarjeta SD m\u00e1xima de 256G o una memoria USB<\/li>\n<li>captura de imagen<\/li>\n<li>Duraci\u00f3n de la bater\u00eda de 7 horas<\/li>\n<li>Cabezales de c\u00e1mara extra\u00edbles opcionales con diferentes tama\u00f1os y funciones (auto-arrasamiento).<\/li>\n<li>Grabaci\u00f3n de video \/ audio con un toque y<\/li>\n<li>Contador de cable M \/ FT y texto<\/li>\n<li>Funci\u00f3n de zoom (8 niveles)<\/li>\n<li>Admite la captura de im\u00e1genes durante la grabaci\u00f3n<\/li>\n<\/ul>\n<p><strong>Aplicaciones<\/strong><\/p>\n<p><strong>\u00a0<\/strong><\/p>\n<ul>\n<li>Ductos de cableado<\/li>\n<li>Instalaciones de edificios.<\/li>\n<li>Ductos de sistemas de vac\u00edo<\/li>\n<li>Suministro y Tratamiento de Aguas<\/li>\n<li>Aires acondicionados<\/li>\n<li>Plomer\u00eda<\/li>\n<\/ul>\n<p><strong>Accesorios:<\/strong><\/p>\n<ul>\n<li>\u00c1ngulo de visi\u00f3n: 105\u00b0<\/li>\n<li>Leds: 12 piezas<\/li>\n<li>Medio de almacenamiento: tarjeta SD de 8G (m\u00e1ximo 256G) y memoria USB<\/li>\n<li>Patines: 40\/80 mm<\/li>\n<li>Resoluci\u00f3n de video: 720*576<\/li>\n<li>Di\u00e1metro del cable: \u00f85mm<\/li>\n<li>Encimera<\/li>\n<li>Formato de pel\u00edcula: AVI<\/li>\n<li>Resistente al agua: IP68<\/li>\n<li>Tama\u00f1o de la c\u00e1mara: \u00f823mm*134 mm<\/li>\n<li>Tama\u00f1o de la pantalla: pantalla a color TFT de 9 pulgadas<\/li>\n<li>P\u00edxeles totales: 800 * 480<\/li>\n<li>Tiempo de carga: 5 horas<\/li>\n<li>Di\u00e1metro de tuber\u00eda adecuado: 30-200 mm<\/li>\n<li>Tiempo de funcionamiento: \u22657 horas<\/li>\n<li>Tama\u00f1o: 511 * 530 * 200<\/li>\n<li>Zoom digital de 8 niveles<\/li>\n<li>Material de la caja: pl\u00e1stico de ingenier\u00eda<\/li>\n<li>Longitud m\u00e1xima: 50m<\/li>\n<li>P\u00edxeles totales de DVR: 720 * 576<\/li>\n<li>Formato de foto: JPEG<\/li>\n<li>Longitud del cable: 30m<\/li>\n<li>Tama\u00f1o del cable: \u00f8330*110 mm<\/li>\n<\/ul>\n","protected":false},"featured_media":7989,"comment_status":"open","ping_status":"closed","template":"","meta":{"_joinchat":[]},"product_brand":[],"product_cat":[88],"product_tag":[],"class_list":{"0":"post-7988","1":"product","2":"type-product","3":"status-publish","4":"has-post-thumbnail","6":"product_cat-boroscopios","8":"first","9":"instock","10":"shipping-taxable","11":"product-type-simple"},"yoast_head":"<!-- This site is optimized with the Yoast SEO plugin v26.4 - https:\/\/yoast.com\/wordpress\/plugins\/seo\/ -->\n<title>Boroscopio Para Tuber\u00eda con Pantalla 9\u201d C\u00e1mara de 23mm y Sonda de 20 Metros Wopson WPSA2C23. - Abaa tienda online<\/title>\n<meta name=\"robots\" content=\"index, follow, max-snippet:-1, max-image-preview:large, max-video-preview:-1\" \/>\n<link rel=\"canonical\" href=\"https:\/\/abaa.mx\/tienda\/boroscopio-para-tuberia-con-pantalla-9-camara-de-23mm-y-sonda-de-20-metros-wopson-wpsa2c23\/\" \/>\n<meta property=\"og:locale\" content=\"es_MX\" \/>\n<meta property=\"og:type\" content=\"article\" \/>\n<meta property=\"og:title\" content=\"Boroscopio Para Tuber\u00eda con Pantalla 9\u201d C\u00e1mara de 23mm y Sonda de 20 Metros Wopson WPSA2C23. - Abaa tienda online\" \/>\n<meta property=\"og:description\" content=\"Especificaciones tecnicas:  Bater\u00eda integrada  Acercar (8 niveles)  Grabar video \/ audio  Caso de ingenier\u00eda  Pantalla a color TFT de 9 pulgadas  Cabeza de la c\u00e1mara  \u00f823mm, carrete de cable de 20 m  Reinicio del contador  ranura para tarjetas SD  Captura de imagen  Caja de control  Texto  Memoria USB.  Sombrilla  Interruptor M \/ FT  Disminuir el zoom  Interruptor de brillo  Freno de cable  Kit de boroscopio para inspecci\u00f3n de tuber\u00eda pantalla color 9&quot; con sonda de 20 metros  &nbsp;   Admite una tarjeta SD m\u00e1xima de 256G o una memoria USB  captura de imagen  Duraci\u00f3n de la bater\u00eda de 7 horas  Cabezales de c\u00e1mara extra\u00edbles opcionales con diferentes tama\u00f1os y funciones (auto-arrasamiento).  Grabaci\u00f3n de video \/ audio con un toque y  Contador de cable M \/ FT y texto  Funci\u00f3n de zoom (8 niveles)  Admite la captura de im\u00e1genes durante la grabaci\u00f3n  Aplicaciones  \u00a0   Ductos de cableado  Instalaciones de edificios.  Ductos de sistemas de vac\u00edo  Suministro y Tratamiento de Aguas  Aires acondicionados  Plomer\u00eda  Accesorios:   \u00c1ngulo de visi\u00f3n: 105\u00b0  Leds: 12 piezas  Medio de almacenamiento: tarjeta SD de 8G (m\u00e1ximo 256G) y memoria USB  Patines: 40\/80 mm  Resoluci\u00f3n de video: 720*576  Di\u00e1metro del cable: \u00f85mm  Encimera  Formato de pel\u00edcula: AVI  Resistente al agua: IP68  Tama\u00f1o de la c\u00e1mara: \u00f823mm*134 mm  Tama\u00f1o de la pantalla: pantalla a color TFT de 9 pulgadas  P\u00edxeles totales: 800 * 480  Tiempo de carga: 5 horas  Di\u00e1metro de tuber\u00eda adecuado: 30-200 mm  Tiempo de funcionamiento: \u22657 horas  Tama\u00f1o: 511 * 530 * 200  Zoom digital de 8 niveles  Material de la caja: pl\u00e1stico de ingenier\u00eda  Longitud m\u00e1xima: 50m  P\u00edxeles totales de DVR: 720 * 576  Formato de foto: JPEG  Longitud del cable: 30m  Tama\u00f1o del cable: \u00f8330*110 mm\" \/>\n<meta property=\"og:url\" content=\"https:\/\/abaa.mx\/tienda\/boroscopio-para-tuberia-con-pantalla-9-camara-de-23mm-y-sonda-de-20-metros-wopson-wpsa2c23\/\" \/>\n<meta property=\"og:site_name\" content=\"Abaa tienda online\" \/>\n<meta property=\"og:image\" content=\"https:\/\/abaa.mx\/tienda\/wp-content\/uploads\/2023\/10\/WOPSON-WPSA2C23.jpg\" \/>\n\t<meta property=\"og:image:width\" content=\"738\" \/>\n\t<meta property=\"og:image:height\" content=\"488\" \/>\n\t<meta property=\"og:image:type\" content=\"image\/jpeg\" \/>\n<meta name=\"twitter:card\" content=\"summary_large_image\" \/>\n<meta name=\"twitter:label1\" content=\"Tiempo de lectura\" \/>\n\t<meta name=\"twitter:data1\" content=\"1 minuto\" \/>\n<script type=\"application\/ld+json\" class=\"yoast-schema-graph\">{\"@context\":\"https:\/\/schema.org\",\"@graph\":[{\"@type\":\"WebPage\",\"@id\":\"https:\/\/abaa.mx\/tienda\/boroscopio-para-tuberia-con-pantalla-9-camara-de-23mm-y-sonda-de-20-metros-wopson-wpsa2c23\/\",\"url\":\"https:\/\/abaa.mx\/tienda\/boroscopio-para-tuberia-con-pantalla-9-camara-de-23mm-y-sonda-de-20-metros-wopson-wpsa2c23\/\",\"name\":\"Boroscopio Para Tuber\u00eda con Pantalla 9\u201d C\u00e1mara de 23mm y Sonda de 20 Metros Wopson WPSA2C23. - Abaa tienda online\",\"isPartOf\":{\"@id\":\"https:\/\/abaa.mx\/tienda\/#website\"},\"primaryImageOfPage\":{\"@id\":\"https:\/\/abaa.mx\/tienda\/boroscopio-para-tuberia-con-pantalla-9-camara-de-23mm-y-sonda-de-20-metros-wopson-wpsa2c23\/#primaryimage\"},\"image\":{\"@id\":\"https:\/\/abaa.mx\/tienda\/boroscopio-para-tuberia-con-pantalla-9-camara-de-23mm-y-sonda-de-20-metros-wopson-wpsa2c23\/#primaryimage\"},\"thumbnailUrl\":\"https:\/\/abaa.mx\/tienda\/wp-content\/uploads\/2023\/10\/WOPSON-WPSA2C23.jpg\",\"datePublished\":\"2023-10-26T14:27:49+00:00\",\"breadcrumb\":{\"@id\":\"https:\/\/abaa.mx\/tienda\/boroscopio-para-tuberia-con-pantalla-9-camara-de-23mm-y-sonda-de-20-metros-wopson-wpsa2c23\/#breadcrumb\"},\"inLanguage\":\"es\",\"potentialAction\":[{\"@type\":\"ReadAction\",\"target\":[\"https:\/\/abaa.mx\/tienda\/boroscopio-para-tuberia-con-pantalla-9-camara-de-23mm-y-sonda-de-20-metros-wopson-wpsa2c23\/\"]}]},{\"@type\":\"ImageObject\",\"inLanguage\":\"es\",\"@id\":\"https:\/\/abaa.mx\/tienda\/boroscopio-para-tuberia-con-pantalla-9-camara-de-23mm-y-sonda-de-20-metros-wopson-wpsa2c23\/#primaryimage\",\"url\":\"https:\/\/abaa.mx\/tienda\/wp-content\/uploads\/2023\/10\/WOPSON-WPSA2C23.jpg\",\"contentUrl\":\"https:\/\/abaa.mx\/tienda\/wp-content\/uploads\/2023\/10\/WOPSON-WPSA2C23.jpg\",\"width\":738,\"height\":488,\"caption\":\"WOPSON-WPSA2C23\"},{\"@type\":\"BreadcrumbList\",\"@id\":\"https:\/\/abaa.mx\/tienda\/boroscopio-para-tuberia-con-pantalla-9-camara-de-23mm-y-sonda-de-20-metros-wopson-wpsa2c23\/#breadcrumb\",\"itemListElement\":[{\"@type\":\"ListItem\",\"position\":1,\"name\":\"Inicio\",\"item\":\"https:\/\/abaa.mx\/tienda\/\"},{\"@type\":\"ListItem\",\"position\":2,\"name\":\"Tienda\",\"item\":\"https:\/\/abaa.mx\/tienda\/\"},{\"@type\":\"ListItem\",\"position\":3,\"name\":\"Boroscopio Para Tuber\u00eda con Pantalla 9\u201d C\u00e1mara de 23mm y Sonda de 20 Metros Wopson WPSA2C23.\"}]},{\"@type\":\"WebSite\",\"@id\":\"https:\/\/abaa.mx\/tienda\/#website\",\"url\":\"https:\/\/abaa.mx\/tienda\/\",\"name\":\"Abaa tienda online\",\"description\":\"Instrumentos de medici\u00f3n\",\"publisher\":{\"@id\":\"https:\/\/abaa.mx\/tienda\/#organization\"},\"potentialAction\":[{\"@type\":\"SearchAction\",\"target\":{\"@type\":\"EntryPoint\",\"urlTemplate\":\"https:\/\/abaa.mx\/tienda\/?s={search_term_string}\"},\"query-input\":{\"@type\":\"PropertyValueSpecification\",\"valueRequired\":true,\"valueName\":\"search_term_string\"}}],\"inLanguage\":\"es\"},{\"@type\":\"Organization\",\"@id\":\"https:\/\/abaa.mx\/tienda\/#organization\",\"name\":\"Abaa tienda online\",\"url\":\"https:\/\/abaa.mx\/tienda\/\",\"logo\":{\"@type\":\"ImageObject\",\"inLanguage\":\"es\",\"@id\":\"https:\/\/abaa.mx\/tienda\/#\/schema\/logo\/image\/\",\"url\":\"https:\/\/abaa.mx\/tienda\/wp-content\/uploads\/2024\/01\/abaa-metrologia-tienda.png\",\"contentUrl\":\"https:\/\/abaa.mx\/tienda\/wp-content\/uploads\/2024\/01\/abaa-metrologia-tienda.png\",\"width\":300,\"height\":141,\"caption\":\"Abaa tienda online\"},\"image\":{\"@id\":\"https:\/\/abaa.mx\/tienda\/#\/schema\/logo\/image\/\"}}]}<\/script>\n<!-- \/ Yoast SEO plugin. -->","yoast_head_json":{"title":"Boroscopio Para Tuber\u00eda con Pantalla 9\u201d C\u00e1mara de 23mm y Sonda de 20 Metros Wopson WPSA2C23. - Abaa tienda online","robots":{"index":"index","follow":"follow","max-snippet":"max-snippet:-1","max-image-preview":"max-image-preview:large","max-video-preview":"max-video-preview:-1"},"canonical":"https:\/\/abaa.mx\/tienda\/boroscopio-para-tuberia-con-pantalla-9-camara-de-23mm-y-sonda-de-20-metros-wopson-wpsa2c23\/","og_locale":"es_MX","og_type":"article","og_title":"Boroscopio Para Tuber\u00eda con Pantalla 9\u201d C\u00e1mara de 23mm y Sonda de 20 Metros Wopson WPSA2C23. - Abaa tienda online","og_description":"Especificaciones tecnicas:  Bater\u00eda integrada  Acercar (8 niveles)  Grabar video \/ audio  Caso de ingenier\u00eda  Pantalla a color TFT de 9 pulgadas  Cabeza de la c\u00e1mara  \u00f823mm, carrete de cable de 20 m  Reinicio del contador  ranura para tarjetas SD  Captura de imagen  Caja de control  Texto  Memoria USB.  Sombrilla  Interruptor M \/ FT  Disminuir el zoom  Interruptor de brillo  Freno de cable  Kit de boroscopio para inspecci\u00f3n de tuber\u00eda pantalla color 9\" con sonda de 20 metros  &nbsp;   Admite una tarjeta SD m\u00e1xima de 256G o una memoria USB  captura de imagen  Duraci\u00f3n de la bater\u00eda de 7 horas  Cabezales de c\u00e1mara extra\u00edbles opcionales con diferentes tama\u00f1os y funciones (auto-arrasamiento).  Grabaci\u00f3n de video \/ audio con un toque y  Contador de cable M \/ FT y texto  Funci\u00f3n de zoom (8 niveles)  Admite la captura de im\u00e1genes durante la grabaci\u00f3n  Aplicaciones  \u00a0   Ductos de cableado  Instalaciones de edificios.  Ductos de sistemas de vac\u00edo  Suministro y Tratamiento de Aguas  Aires acondicionados  Plomer\u00eda  Accesorios:   \u00c1ngulo de visi\u00f3n: 105\u00b0  Leds: 12 piezas  Medio de almacenamiento: tarjeta SD de 8G (m\u00e1ximo 256G) y memoria USB  Patines: 40\/80 mm  Resoluci\u00f3n de video: 720*576  Di\u00e1metro del cable: \u00f85mm  Encimera  Formato de pel\u00edcula: AVI  Resistente al agua: IP68  Tama\u00f1o de la c\u00e1mara: \u00f823mm*134 mm  Tama\u00f1o de la pantalla: pantalla a color TFT de 9 pulgadas  P\u00edxeles totales: 800 * 480  Tiempo de carga: 5 horas  Di\u00e1metro de tuber\u00eda adecuado: 30-200 mm  Tiempo de funcionamiento: \u22657 horas  Tama\u00f1o: 511 * 530 * 200  Zoom digital de 8 niveles  Material de la caja: pl\u00e1stico de ingenier\u00eda  Longitud m\u00e1xima: 50m  P\u00edxeles totales de DVR: 720 * 576  Formato de foto: JPEG  Longitud del cable: 30m  Tama\u00f1o del cable: \u00f8330*110 mm","og_url":"https:\/\/abaa.mx\/tienda\/boroscopio-para-tuberia-con-pantalla-9-camara-de-23mm-y-sonda-de-20-metros-wopson-wpsa2c23\/","og_site_name":"Abaa tienda online","og_image":[{"width":738,"height":488,"url":"https:\/\/abaa.mx\/tienda\/wp-content\/uploads\/2023\/10\/WOPSON-WPSA2C23.jpg","type":"image\/jpeg"}],"twitter_card":"summary_large_image","twitter_misc":{"Tiempo de lectura":"1 minuto"},"schema":{"@context":"https:\/\/schema.org","@graph":[{"@type":"WebPage","@id":"https:\/\/abaa.mx\/tienda\/boroscopio-para-tuberia-con-pantalla-9-camara-de-23mm-y-sonda-de-20-metros-wopson-wpsa2c23\/","url":"https:\/\/abaa.mx\/tienda\/boroscopio-para-tuberia-con-pantalla-9-camara-de-23mm-y-sonda-de-20-metros-wopson-wpsa2c23\/","name":"Boroscopio Para Tuber\u00eda con Pantalla 9\u201d C\u00e1mara de 23mm y Sonda de 20 Metros Wopson WPSA2C23. - Abaa tienda online","isPartOf":{"@id":"https:\/\/abaa.mx\/tienda\/#website"},"primaryImageOfPage":{"@id":"https:\/\/abaa.mx\/tienda\/boroscopio-para-tuberia-con-pantalla-9-camara-de-23mm-y-sonda-de-20-metros-wopson-wpsa2c23\/#primaryimage"},"image":{"@id":"https:\/\/abaa.mx\/tienda\/boroscopio-para-tuberia-con-pantalla-9-camara-de-23mm-y-sonda-de-20-metros-wopson-wpsa2c23\/#primaryimage"},"thumbnailUrl":"https:\/\/abaa.mx\/tienda\/wp-content\/uploads\/2023\/10\/WOPSON-WPSA2C23.jpg","datePublished":"2023-10-26T14:27:49+00:00","breadcrumb":{"@id":"https:\/\/abaa.mx\/tienda\/boroscopio-para-tuberia-con-pantalla-9-camara-de-23mm-y-sonda-de-20-metros-wopson-wpsa2c23\/#breadcrumb"},"inLanguage":"es","potentialAction":[{"@type":"ReadAction","target":["https:\/\/abaa.mx\/tienda\/boroscopio-para-tuberia-con-pantalla-9-camara-de-23mm-y-sonda-de-20-metros-wopson-wpsa2c23\/"]}]},{"@type":"ImageObject","inLanguage":"es","@id":"https:\/\/abaa.mx\/tienda\/boroscopio-para-tuberia-con-pantalla-9-camara-de-23mm-y-sonda-de-20-metros-wopson-wpsa2c23\/#primaryimage","url":"https:\/\/abaa.mx\/tienda\/wp-content\/uploads\/2023\/10\/WOPSON-WPSA2C23.jpg","contentUrl":"https:\/\/abaa.mx\/tienda\/wp-content\/uploads\/2023\/10\/WOPSON-WPSA2C23.jpg","width":738,"height":488,"caption":"WOPSON-WPSA2C23"},{"@type":"BreadcrumbList","@id":"https:\/\/abaa.mx\/tienda\/boroscopio-para-tuberia-con-pantalla-9-camara-de-23mm-y-sonda-de-20-metros-wopson-wpsa2c23\/#breadcrumb","itemListElement":[{"@type":"ListItem","position":1,"name":"Inicio","item":"https:\/\/abaa.mx\/tienda\/"},{"@type":"ListItem","position":2,"name":"Tienda","item":"https:\/\/abaa.mx\/tienda\/"},{"@type":"ListItem","position":3,"name":"Boroscopio Para Tuber\u00eda con Pantalla 9\u201d C\u00e1mara de 23mm y Sonda de 20 Metros Wopson WPSA2C23."}]},{"@type":"WebSite","@id":"https:\/\/abaa.mx\/tienda\/#website","url":"https:\/\/abaa.mx\/tienda\/","name":"Abaa tienda online","description":"Instrumentos de medici\u00f3n","publisher":{"@id":"https:\/\/abaa.mx\/tienda\/#organization"},"potentialAction":[{"@type":"SearchAction","target":{"@type":"EntryPoint","urlTemplate":"https:\/\/abaa.mx\/tienda\/?s={search_term_string}"},"query-input":{"@type":"PropertyValueSpecification","valueRequired":true,"valueName":"search_term_string"}}],"inLanguage":"es"},{"@type":"Organization","@id":"https:\/\/abaa.mx\/tienda\/#organization","name":"Abaa tienda online","url":"https:\/\/abaa.mx\/tienda\/","logo":{"@type":"ImageObject","inLanguage":"es","@id":"https:\/\/abaa.mx\/tienda\/#\/schema\/logo\/image\/","url":"https:\/\/abaa.mx\/tienda\/wp-content\/uploads\/2024\/01\/abaa-metrologia-tienda.png","contentUrl":"https:\/\/abaa.mx\/tienda\/wp-content\/uploads\/2024\/01\/abaa-metrologia-tienda.png","width":300,"height":141,"caption":"Abaa tienda online"},"image":{"@id":"https:\/\/abaa.mx\/tienda\/#\/schema\/logo\/image\/"}}]}},"_links":{"self":[{"href":"https:\/\/abaa.mx\/tienda\/wp-json\/wp\/v2\/product\/7988","targetHints":{"allow":["GET"]}}],"collection":[{"href":"https:\/\/abaa.mx\/tienda\/wp-json\/wp\/v2\/product"}],"about":[{"href":"https:\/\/abaa.mx\/tienda\/wp-json\/wp\/v2\/types\/product"}],"replies":[{"embeddable":true,"href":"https:\/\/abaa.mx\/tienda\/wp-json\/wp\/v2\/comments?post=7988"}],"wp:featuredmedia":[{"embeddable":true,"href":"https:\/\/abaa.mx\/tienda\/wp-json\/wp\/v2\/media\/7989"}],"wp:attachment":[{"href":"https:\/\/abaa.mx\/tienda\/wp-json\/wp\/v2\/media?parent=7988"}],"wp:term":[{"taxonomy":"product_brand","embeddable":true,"href":"https:\/\/abaa.mx\/tienda\/wp-json\/wp\/v2\/product_brand?post=7988"},{"taxonomy":"product_cat","embeddable":true,"href":"https:\/\/abaa.mx\/tienda\/wp-json\/wp\/v2\/product_cat?post=7988"},{"taxonomy":"product_tag","embeddable":true,"href":"https:\/\/abaa.mx\/tienda\/wp-json\/wp\/v2\/product_tag?post=7988"}],"curies":[{"name":"wp","href":"https:\/\/api.w.org\/{rel}","templated":true}]}}