{"id":7986,"date":"2023-10-26T14:32:26","date_gmt":"2023-10-26T14:32:26","guid":{"rendered":"https:\/\/abaa.mx\/tienda\/?post_type=product&#038;p=7986"},"modified":"2023-10-26T14:32:26","modified_gmt":"2023-10-26T14:32:26","slug":"boroscopio-wohler-ve400-vis400","status":"publish","type":"product","link":"https:\/\/abaa.mx\/tienda\/boroscopio-wohler-ve400-vis400\/","title":{"rendered":"Boroscopio Wohler VE400 &#8211; VIS400"},"content":{"rendered":"<p>Boroscopio Wohler VE400 &#8211; VIS400<\/p>\n","protected":false},"excerpt":{"rendered":"<p>Inspecci\u00f3n HD de cavidades inalcanzables Con el Wohler VE 400 siempre tendr\u00e1 una visi\u00f3n general, sin importar lo m\u00e1s m\u00ednimo cu\u00e1n ajustado sea el espacio. No importa si hablamos de un fregadero, una caldera, una pared doble o una l\u00ednea de gas de combusti\u00f3n, desde un di\u00e1metro de apertura de 0.25 &#8220;se obtiene una visi\u00f3n n\u00edtida. La posibilidad de cambiar entre la lente de la c\u00e1mara orientada hacia adelante y la de 90\u00b0 dentro en la sonda le brinda una vista completa en cualquier lugar.Gracias a la clase de protecci\u00f3n IP 67, el agua evidentemente no es un problema. Los LED infinitamente graduables integrados en el cabezal de la sonda y la posibilidad de grabar v\u00eddeos y fotograf\u00edas en la tarjeta SD completan el dispositivo para profesionales.<\/p>\n<p><b>Funcionalidad<\/b>\u00a0Inspecci\u00f3n HD:<\/p>\n<ul>\n<li>Grabaci\u00f3n de imagen y video en tarjeta Micro-SD<\/li>\n<li>Chimeneas, c\u00e1maras de combusti\u00f3n, conectores<\/li>\n<li>Cavidades inaccesibles a trav\u00e9s de las aberturas m\u00e1s pequenas de 0,25 &#8220;(por ejemplo, cruz de baldosas)<\/li>\n<li>Longitud de la sonda hasta 10 pies<\/li>\n<li>Sonda estanca IP 67<\/li>\n<li>Instalaciones pre-muro, fregaderos, desag\u00fces<\/li>\n<li>Sonda de 0,15 &#8220;para las aberturas de inspecci\u00f3n m\u00e1s pequenas<\/li>\n<li>Aberturas de inspecci\u00f3n y compuertas cortafuegos<\/li>\n<li>Gran monitor en color HD de 5 &#8220;<\/li>\n<li>L\u00e1mpara adicional en el dispositivo con 4 LED para iluminar la zona de inspecci\u00f3n<\/li>\n<li>Sonda de vista lateral\/recta de 0 \u00b0\/90 \u00b0 conmutable 0.22 &#8220;<\/li>\n<\/ul>\n","protected":false},"featured_media":7991,"comment_status":"open","ping_status":"closed","template":"","meta":{"_joinchat":[]},"product_brand":[],"product_cat":[88],"product_tag":[],"class_list":{"0":"post-7986","1":"product","2":"type-product","3":"status-publish","4":"has-post-thumbnail","6":"product_cat-boroscopios","8":"first","9":"instock","10":"shipping-taxable","11":"product-type-simple"},"yoast_head":"<!-- This site is optimized with the Yoast SEO plugin v26.4 - https:\/\/yoast.com\/wordpress\/plugins\/seo\/ -->\n<title>Boroscopio Wohler VE400 - VIS400 - Abaa tienda online<\/title>\n<meta name=\"robots\" content=\"index, follow, max-snippet:-1, max-image-preview:large, max-video-preview:-1\" \/>\n<link rel=\"canonical\" href=\"https:\/\/abaa.mx\/tienda\/boroscopio-wohler-ve400-vis400\/\" \/>\n<meta property=\"og:locale\" content=\"es_MX\" \/>\n<meta property=\"og:type\" content=\"article\" \/>\n<meta property=\"og:title\" content=\"Boroscopio Wohler VE400 - VIS400 - Abaa tienda online\" \/>\n<meta property=\"og:description\" content=\"Inspecci\u00f3n HD de cavidades inalcanzables Con el Wohler VE 400 siempre tendr\u00e1 una visi\u00f3n general, sin importar lo m\u00e1s m\u00ednimo cu\u00e1n ajustado sea el espacio. No importa si hablamos de un fregadero, una caldera, una pared doble o una l\u00ednea de gas de combusti\u00f3n, desde un di\u00e1metro de apertura de 0.25 &quot;se obtiene una visi\u00f3n n\u00edtida. La posibilidad de cambiar entre la lente de la c\u00e1mara orientada hacia adelante y la de 90\u00b0 dentro en la sonda le brinda una vista completa en cualquier lugar.Gracias a la clase de protecci\u00f3n IP 67, el agua evidentemente no es un problema. Los LED infinitamente graduables integrados en el cabezal de la sonda y la posibilidad de grabar v\u00eddeos y fotograf\u00edas en la tarjeta SD completan el dispositivo para profesionales.  Funcionalidad\u00a0Inspecci\u00f3n HD:   Grabaci\u00f3n de imagen y video en tarjeta Micro-SD  Chimeneas, c\u00e1maras de combusti\u00f3n, conectores  Cavidades inaccesibles a trav\u00e9s de las aberturas m\u00e1s pequenas de 0,25 &quot;(por ejemplo, cruz de baldosas)  Longitud de la sonda hasta 10 pies  Sonda estanca IP 67  Instalaciones pre-muro, fregaderos, desag\u00fces  Sonda de 0,15 &quot;para las aberturas de inspecci\u00f3n m\u00e1s pequenas  Aberturas de inspecci\u00f3n y compuertas cortafuegos  Gran monitor en color HD de 5 &quot;  L\u00e1mpara adicional en el dispositivo con 4 LED para iluminar la zona de inspecci\u00f3n  Sonda de vista lateral\/recta de 0 \u00b0\/90 \u00b0 conmutable 0.22 &quot;\" \/>\n<meta property=\"og:url\" content=\"https:\/\/abaa.mx\/tienda\/boroscopio-wohler-ve400-vis400\/\" \/>\n<meta property=\"og:site_name\" content=\"Abaa tienda online\" \/>\n<meta property=\"og:image\" content=\"https:\/\/abaa.mx\/tienda\/wp-content\/uploads\/2023\/10\/WOHLER-VIS400-1.jpg\" \/>\n\t<meta property=\"og:image:width\" content=\"526\" \/>\n\t<meta property=\"og:image:height\" content=\"396\" \/>\n\t<meta property=\"og:image:type\" content=\"image\/jpeg\" \/>\n<meta name=\"twitter:card\" content=\"summary_large_image\" \/>\n<meta name=\"twitter:label1\" content=\"Tiempo de lectura\" \/>\n\t<meta name=\"twitter:data1\" content=\"1 minuto\" \/>\n<script type=\"application\/ld+json\" class=\"yoast-schema-graph\">{\"@context\":\"https:\/\/schema.org\",\"@graph\":[{\"@type\":\"WebPage\",\"@id\":\"https:\/\/abaa.mx\/tienda\/boroscopio-wohler-ve400-vis400\/\",\"url\":\"https:\/\/abaa.mx\/tienda\/boroscopio-wohler-ve400-vis400\/\",\"name\":\"Boroscopio Wohler VE400 - VIS400 - Abaa tienda online\",\"isPartOf\":{\"@id\":\"https:\/\/abaa.mx\/tienda\/#website\"},\"primaryImageOfPage\":{\"@id\":\"https:\/\/abaa.mx\/tienda\/boroscopio-wohler-ve400-vis400\/#primaryimage\"},\"image\":{\"@id\":\"https:\/\/abaa.mx\/tienda\/boroscopio-wohler-ve400-vis400\/#primaryimage\"},\"thumbnailUrl\":\"https:\/\/abaa.mx\/tienda\/wp-content\/uploads\/2023\/10\/WOHLER-VIS400-1.jpg\",\"datePublished\":\"2023-10-26T14:32:26+00:00\",\"breadcrumb\":{\"@id\":\"https:\/\/abaa.mx\/tienda\/boroscopio-wohler-ve400-vis400\/#breadcrumb\"},\"inLanguage\":\"es\",\"potentialAction\":[{\"@type\":\"ReadAction\",\"target\":[\"https:\/\/abaa.mx\/tienda\/boroscopio-wohler-ve400-vis400\/\"]}]},{\"@type\":\"ImageObject\",\"inLanguage\":\"es\",\"@id\":\"https:\/\/abaa.mx\/tienda\/boroscopio-wohler-ve400-vis400\/#primaryimage\",\"url\":\"https:\/\/abaa.mx\/tienda\/wp-content\/uploads\/2023\/10\/WOHLER-VIS400-1.jpg\",\"contentUrl\":\"https:\/\/abaa.mx\/tienda\/wp-content\/uploads\/2023\/10\/WOHLER-VIS400-1.jpg\",\"width\":526,\"height\":396,\"caption\":\"WOHLER-VIS400\"},{\"@type\":\"BreadcrumbList\",\"@id\":\"https:\/\/abaa.mx\/tienda\/boroscopio-wohler-ve400-vis400\/#breadcrumb\",\"itemListElement\":[{\"@type\":\"ListItem\",\"position\":1,\"name\":\"Inicio\",\"item\":\"https:\/\/abaa.mx\/tienda\/\"},{\"@type\":\"ListItem\",\"position\":2,\"name\":\"Tienda\",\"item\":\"https:\/\/abaa.mx\/tienda\/\"},{\"@type\":\"ListItem\",\"position\":3,\"name\":\"Boroscopio Wohler VE400 &#8211; VIS400\"}]},{\"@type\":\"WebSite\",\"@id\":\"https:\/\/abaa.mx\/tienda\/#website\",\"url\":\"https:\/\/abaa.mx\/tienda\/\",\"name\":\"Abaa tienda online\",\"description\":\"Instrumentos de medici\u00f3n\",\"publisher\":{\"@id\":\"https:\/\/abaa.mx\/tienda\/#organization\"},\"potentialAction\":[{\"@type\":\"SearchAction\",\"target\":{\"@type\":\"EntryPoint\",\"urlTemplate\":\"https:\/\/abaa.mx\/tienda\/?s={search_term_string}\"},\"query-input\":{\"@type\":\"PropertyValueSpecification\",\"valueRequired\":true,\"valueName\":\"search_term_string\"}}],\"inLanguage\":\"es\"},{\"@type\":\"Organization\",\"@id\":\"https:\/\/abaa.mx\/tienda\/#organization\",\"name\":\"Abaa tienda online\",\"url\":\"https:\/\/abaa.mx\/tienda\/\",\"logo\":{\"@type\":\"ImageObject\",\"inLanguage\":\"es\",\"@id\":\"https:\/\/abaa.mx\/tienda\/#\/schema\/logo\/image\/\",\"url\":\"https:\/\/abaa.mx\/tienda\/wp-content\/uploads\/2024\/01\/abaa-metrologia-tienda.png\",\"contentUrl\":\"https:\/\/abaa.mx\/tienda\/wp-content\/uploads\/2024\/01\/abaa-metrologia-tienda.png\",\"width\":300,\"height\":141,\"caption\":\"Abaa tienda online\"},\"image\":{\"@id\":\"https:\/\/abaa.mx\/tienda\/#\/schema\/logo\/image\/\"}}]}<\/script>\n<!-- \/ Yoast SEO plugin. -->","yoast_head_json":{"title":"Boroscopio Wohler VE400 - VIS400 - Abaa tienda online","robots":{"index":"index","follow":"follow","max-snippet":"max-snippet:-1","max-image-preview":"max-image-preview:large","max-video-preview":"max-video-preview:-1"},"canonical":"https:\/\/abaa.mx\/tienda\/boroscopio-wohler-ve400-vis400\/","og_locale":"es_MX","og_type":"article","og_title":"Boroscopio Wohler VE400 - VIS400 - Abaa tienda online","og_description":"Inspecci\u00f3n HD de cavidades inalcanzables Con el Wohler VE 400 siempre tendr\u00e1 una visi\u00f3n general, sin importar lo m\u00e1s m\u00ednimo cu\u00e1n ajustado sea el espacio. No importa si hablamos de un fregadero, una caldera, una pared doble o una l\u00ednea de gas de combusti\u00f3n, desde un di\u00e1metro de apertura de 0.25 \"se obtiene una visi\u00f3n n\u00edtida. La posibilidad de cambiar entre la lente de la c\u00e1mara orientada hacia adelante y la de 90\u00b0 dentro en la sonda le brinda una vista completa en cualquier lugar.Gracias a la clase de protecci\u00f3n IP 67, el agua evidentemente no es un problema. Los LED infinitamente graduables integrados en el cabezal de la sonda y la posibilidad de grabar v\u00eddeos y fotograf\u00edas en la tarjeta SD completan el dispositivo para profesionales.  Funcionalidad\u00a0Inspecci\u00f3n HD:   Grabaci\u00f3n de imagen y video en tarjeta Micro-SD  Chimeneas, c\u00e1maras de combusti\u00f3n, conectores  Cavidades inaccesibles a trav\u00e9s de las aberturas m\u00e1s pequenas de 0,25 \"(por ejemplo, cruz de baldosas)  Longitud de la sonda hasta 10 pies  Sonda estanca IP 67  Instalaciones pre-muro, fregaderos, desag\u00fces  Sonda de 0,15 \"para las aberturas de inspecci\u00f3n m\u00e1s pequenas  Aberturas de inspecci\u00f3n y compuertas cortafuegos  Gran monitor en color HD de 5 \"  L\u00e1mpara adicional en el dispositivo con 4 LED para iluminar la zona de inspecci\u00f3n  Sonda de vista lateral\/recta de 0 \u00b0\/90 \u00b0 conmutable 0.22 \"","og_url":"https:\/\/abaa.mx\/tienda\/boroscopio-wohler-ve400-vis400\/","og_site_name":"Abaa tienda online","og_image":[{"width":526,"height":396,"url":"https:\/\/abaa.mx\/tienda\/wp-content\/uploads\/2023\/10\/WOHLER-VIS400-1.jpg","type":"image\/jpeg"}],"twitter_card":"summary_large_image","twitter_misc":{"Tiempo de lectura":"1 minuto"},"schema":{"@context":"https:\/\/schema.org","@graph":[{"@type":"WebPage","@id":"https:\/\/abaa.mx\/tienda\/boroscopio-wohler-ve400-vis400\/","url":"https:\/\/abaa.mx\/tienda\/boroscopio-wohler-ve400-vis400\/","name":"Boroscopio Wohler VE400 - VIS400 - Abaa tienda online","isPartOf":{"@id":"https:\/\/abaa.mx\/tienda\/#website"},"primaryImageOfPage":{"@id":"https:\/\/abaa.mx\/tienda\/boroscopio-wohler-ve400-vis400\/#primaryimage"},"image":{"@id":"https:\/\/abaa.mx\/tienda\/boroscopio-wohler-ve400-vis400\/#primaryimage"},"thumbnailUrl":"https:\/\/abaa.mx\/tienda\/wp-content\/uploads\/2023\/10\/WOHLER-VIS400-1.jpg","datePublished":"2023-10-26T14:32:26+00:00","breadcrumb":{"@id":"https:\/\/abaa.mx\/tienda\/boroscopio-wohler-ve400-vis400\/#breadcrumb"},"inLanguage":"es","potentialAction":[{"@type":"ReadAction","target":["https:\/\/abaa.mx\/tienda\/boroscopio-wohler-ve400-vis400\/"]}]},{"@type":"ImageObject","inLanguage":"es","@id":"https:\/\/abaa.mx\/tienda\/boroscopio-wohler-ve400-vis400\/#primaryimage","url":"https:\/\/abaa.mx\/tienda\/wp-content\/uploads\/2023\/10\/WOHLER-VIS400-1.jpg","contentUrl":"https:\/\/abaa.mx\/tienda\/wp-content\/uploads\/2023\/10\/WOHLER-VIS400-1.jpg","width":526,"height":396,"caption":"WOHLER-VIS400"},{"@type":"BreadcrumbList","@id":"https:\/\/abaa.mx\/tienda\/boroscopio-wohler-ve400-vis400\/#breadcrumb","itemListElement":[{"@type":"ListItem","position":1,"name":"Inicio","item":"https:\/\/abaa.mx\/tienda\/"},{"@type":"ListItem","position":2,"name":"Tienda","item":"https:\/\/abaa.mx\/tienda\/"},{"@type":"ListItem","position":3,"name":"Boroscopio Wohler VE400 &#8211; VIS400"}]},{"@type":"WebSite","@id":"https:\/\/abaa.mx\/tienda\/#website","url":"https:\/\/abaa.mx\/tienda\/","name":"Abaa tienda online","description":"Instrumentos de medici\u00f3n","publisher":{"@id":"https:\/\/abaa.mx\/tienda\/#organization"},"potentialAction":[{"@type":"SearchAction","target":{"@type":"EntryPoint","urlTemplate":"https:\/\/abaa.mx\/tienda\/?s={search_term_string}"},"query-input":{"@type":"PropertyValueSpecification","valueRequired":true,"valueName":"search_term_string"}}],"inLanguage":"es"},{"@type":"Organization","@id":"https:\/\/abaa.mx\/tienda\/#organization","name":"Abaa tienda online","url":"https:\/\/abaa.mx\/tienda\/","logo":{"@type":"ImageObject","inLanguage":"es","@id":"https:\/\/abaa.mx\/tienda\/#\/schema\/logo\/image\/","url":"https:\/\/abaa.mx\/tienda\/wp-content\/uploads\/2024\/01\/abaa-metrologia-tienda.png","contentUrl":"https:\/\/abaa.mx\/tienda\/wp-content\/uploads\/2024\/01\/abaa-metrologia-tienda.png","width":300,"height":141,"caption":"Abaa tienda online"},"image":{"@id":"https:\/\/abaa.mx\/tienda\/#\/schema\/logo\/image\/"}}]}},"_links":{"self":[{"href":"https:\/\/abaa.mx\/tienda\/wp-json\/wp\/v2\/product\/7986","targetHints":{"allow":["GET"]}}],"collection":[{"href":"https:\/\/abaa.mx\/tienda\/wp-json\/wp\/v2\/product"}],"about":[{"href":"https:\/\/abaa.mx\/tienda\/wp-json\/wp\/v2\/types\/product"}],"replies":[{"embeddable":true,"href":"https:\/\/abaa.mx\/tienda\/wp-json\/wp\/v2\/comments?post=7986"}],"wp:featuredmedia":[{"embeddable":true,"href":"https:\/\/abaa.mx\/tienda\/wp-json\/wp\/v2\/media\/7991"}],"wp:attachment":[{"href":"https:\/\/abaa.mx\/tienda\/wp-json\/wp\/v2\/media?parent=7986"}],"wp:term":[{"taxonomy":"product_brand","embeddable":true,"href":"https:\/\/abaa.mx\/tienda\/wp-json\/wp\/v2\/product_brand?post=7986"},{"taxonomy":"product_cat","embeddable":true,"href":"https:\/\/abaa.mx\/tienda\/wp-json\/wp\/v2\/product_cat?post=7986"},{"taxonomy":"product_tag","embeddable":true,"href":"https:\/\/abaa.mx\/tienda\/wp-json\/wp\/v2\/product_tag?post=7986"}],"curies":[{"name":"wp","href":"https:\/\/api.w.org\/{rel}","templated":true}]}}