{"id":7985,"date":"2023-10-26T14:42:12","date_gmt":"2023-10-26T14:42:12","guid":{"rendered":"https:\/\/abaa.mx\/tienda\/?post_type=product&#038;p=7985"},"modified":"2023-10-26T14:42:13","modified_gmt":"2023-10-26T14:42:13","slug":"kit-de-boroscopio-para-tuberia-s710dnk","status":"publish","type":"product","link":"https:\/\/abaa.mx\/tienda\/kit-de-boroscopio-para-tuberia-s710dnk\/","title":{"rendered":"Kit de boroscopio para tuber\u00eda-S710DNK"},"content":{"rendered":"<p>Kit de boroscopio para tuber\u00eda-S710DNK<\/p>\n","protected":false},"excerpt":{"rendered":"<p>Ficha tecnica:<\/p>\n<p>Kit de boroscopio para inspecci\u00f3n de tuber\u00eda pantalla color 7&#8243; con sonda de 20 metros El sistema permite la grabaci\u00f3n de video y audio, as\u00ed como la toma de fotograf\u00edas. Adem\u00e1s cuenta con detecci\u00f3n de movimiento y la capacidad de modificar la sensibilidad y resoluci\u00f3n de la imagen. El boroscopio est\u00e1 desarrollado con una c\u00e1mara a color con lente de zafiro resistente al agua, conectado a una pantalla de 7\u201d de alta definici\u00f3n. La c\u00e1mara tiene iluminaci\u00f3n LED que se puede graduar para poder una mejor visi\u00f3n en sitios claros o muy obscuros. Adem\u00e1s , incluye accesorios para la protecci\u00f3n de ca\u00eddas y golpes que pudiera sufrir la c\u00e1mara, al momento de la inspecci\u00f3n. El cable de fibra de vidrio con una longitud de 20m, permite la inspecci\u00f3n a grandes distancias y sitios rec\u00f3nditos. Tiene un riel para su f\u00e1cil enrollo. El monitor permite ver en el mismo instante y en alta definici\u00f3n las instalaciones inspeccionadas. Y tambi\u00e9n se puede accesar al controlador del boroscopio. Todo el kit viene empacado en un portafolio para ambientes robustos, dise\u00f1ado a la medida para la protecci\u00f3n del boroscopio y sus complementos.<\/p>\n","protected":false},"featured_media":7992,"comment_status":"open","ping_status":"closed","template":"","meta":{"_joinchat":[]},"product_brand":[],"product_cat":[88],"product_tag":[],"class_list":{"0":"post-7985","1":"product","2":"type-product","3":"status-publish","4":"has-post-thumbnail","6":"product_cat-boroscopios","8":"first","9":"instock","10":"shipping-taxable","11":"product-type-simple"},"yoast_head":"<!-- This site is optimized with the Yoast SEO plugin v26.4 - https:\/\/yoast.com\/wordpress\/plugins\/seo\/ -->\n<title>Kit de boroscopio para tuber\u00eda-S710DNK - Abaa tienda online<\/title>\n<meta name=\"robots\" content=\"index, follow, max-snippet:-1, max-image-preview:large, max-video-preview:-1\" \/>\n<link rel=\"canonical\" href=\"https:\/\/abaa.mx\/tienda\/kit-de-boroscopio-para-tuberia-s710dnk\/\" \/>\n<meta property=\"og:locale\" content=\"es_MX\" \/>\n<meta property=\"og:type\" content=\"article\" \/>\n<meta property=\"og:title\" content=\"Kit de boroscopio para tuber\u00eda-S710DNK - Abaa tienda online\" \/>\n<meta property=\"og:description\" content=\"Ficha tecnica:  Kit de boroscopio para inspecci\u00f3n de tuber\u00eda pantalla color 7&quot; con sonda de 20 metros El sistema permite la grabaci\u00f3n de video y audio, as\u00ed como la toma de fotograf\u00edas. Adem\u00e1s cuenta con detecci\u00f3n de movimiento y la capacidad de modificar la sensibilidad y resoluci\u00f3n de la imagen. El boroscopio est\u00e1 desarrollado con una c\u00e1mara a color con lente de zafiro resistente al agua, conectado a una pantalla de 7\u201d de alta definici\u00f3n. La c\u00e1mara tiene iluminaci\u00f3n LED que se puede graduar para poder una mejor visi\u00f3n en sitios claros o muy obscuros. Adem\u00e1s , incluye accesorios para la protecci\u00f3n de ca\u00eddas y golpes que pudiera sufrir la c\u00e1mara, al momento de la inspecci\u00f3n. El cable de fibra de vidrio con una longitud de 20m, permite la inspecci\u00f3n a grandes distancias y sitios rec\u00f3nditos. Tiene un riel para su f\u00e1cil enrollo. El monitor permite ver en el mismo instante y en alta definici\u00f3n las instalaciones inspeccionadas. Y tambi\u00e9n se puede accesar al controlador del boroscopio. Todo el kit viene empacado en un portafolio para ambientes robustos, dise\u00f1ado a la medida para la protecci\u00f3n del boroscopio y sus complementos.\" \/>\n<meta property=\"og:url\" content=\"https:\/\/abaa.mx\/tienda\/kit-de-boroscopio-para-tuberia-s710dnk\/\" \/>\n<meta property=\"og:site_name\" content=\"Abaa tienda online\" \/>\n<meta property=\"article:modified_time\" content=\"2023-10-26T14:42:13+00:00\" \/>\n<meta property=\"og:image\" content=\"https:\/\/abaa.mx\/tienda\/wp-content\/uploads\/2023\/10\/WOPSON-S71ODNK-1.jpg\" \/>\n\t<meta property=\"og:image:width\" content=\"533\" \/>\n\t<meta property=\"og:image:height\" content=\"535\" \/>\n\t<meta property=\"og:image:type\" content=\"image\/jpeg\" \/>\n<meta name=\"twitter:card\" content=\"summary_large_image\" \/>\n<meta name=\"twitter:label1\" content=\"Tiempo de lectura\" \/>\n\t<meta name=\"twitter:data1\" content=\"1 minuto\" \/>\n<script type=\"application\/ld+json\" class=\"yoast-schema-graph\">{\"@context\":\"https:\/\/schema.org\",\"@graph\":[{\"@type\":\"WebPage\",\"@id\":\"https:\/\/abaa.mx\/tienda\/kit-de-boroscopio-para-tuberia-s710dnk\/\",\"url\":\"https:\/\/abaa.mx\/tienda\/kit-de-boroscopio-para-tuberia-s710dnk\/\",\"name\":\"Kit de boroscopio para tuber\u00eda-S710DNK - Abaa tienda online\",\"isPartOf\":{\"@id\":\"https:\/\/abaa.mx\/tienda\/#website\"},\"primaryImageOfPage\":{\"@id\":\"https:\/\/abaa.mx\/tienda\/kit-de-boroscopio-para-tuberia-s710dnk\/#primaryimage\"},\"image\":{\"@id\":\"https:\/\/abaa.mx\/tienda\/kit-de-boroscopio-para-tuberia-s710dnk\/#primaryimage\"},\"thumbnailUrl\":\"https:\/\/abaa.mx\/tienda\/wp-content\/uploads\/2023\/10\/WOPSON-S71ODNK-1.jpg\",\"datePublished\":\"2023-10-26T14:42:12+00:00\",\"dateModified\":\"2023-10-26T14:42:13+00:00\",\"breadcrumb\":{\"@id\":\"https:\/\/abaa.mx\/tienda\/kit-de-boroscopio-para-tuberia-s710dnk\/#breadcrumb\"},\"inLanguage\":\"es\",\"potentialAction\":[{\"@type\":\"ReadAction\",\"target\":[\"https:\/\/abaa.mx\/tienda\/kit-de-boroscopio-para-tuberia-s710dnk\/\"]}]},{\"@type\":\"ImageObject\",\"inLanguage\":\"es\",\"@id\":\"https:\/\/abaa.mx\/tienda\/kit-de-boroscopio-para-tuberia-s710dnk\/#primaryimage\",\"url\":\"https:\/\/abaa.mx\/tienda\/wp-content\/uploads\/2023\/10\/WOPSON-S71ODNK-1.jpg\",\"contentUrl\":\"https:\/\/abaa.mx\/tienda\/wp-content\/uploads\/2023\/10\/WOPSON-S71ODNK-1.jpg\",\"width\":533,\"height\":535,\"caption\":\"WOPSON-S71ODNK-1\"},{\"@type\":\"BreadcrumbList\",\"@id\":\"https:\/\/abaa.mx\/tienda\/kit-de-boroscopio-para-tuberia-s710dnk\/#breadcrumb\",\"itemListElement\":[{\"@type\":\"ListItem\",\"position\":1,\"name\":\"Inicio\",\"item\":\"https:\/\/abaa.mx\/tienda\/\"},{\"@type\":\"ListItem\",\"position\":2,\"name\":\"Tienda\",\"item\":\"https:\/\/abaa.mx\/tienda\/\"},{\"@type\":\"ListItem\",\"position\":3,\"name\":\"Kit de boroscopio para tuber\u00eda-S710DNK\"}]},{\"@type\":\"WebSite\",\"@id\":\"https:\/\/abaa.mx\/tienda\/#website\",\"url\":\"https:\/\/abaa.mx\/tienda\/\",\"name\":\"Abaa tienda online\",\"description\":\"Instrumentos de medici\u00f3n\",\"publisher\":{\"@id\":\"https:\/\/abaa.mx\/tienda\/#organization\"},\"potentialAction\":[{\"@type\":\"SearchAction\",\"target\":{\"@type\":\"EntryPoint\",\"urlTemplate\":\"https:\/\/abaa.mx\/tienda\/?s={search_term_string}\"},\"query-input\":{\"@type\":\"PropertyValueSpecification\",\"valueRequired\":true,\"valueName\":\"search_term_string\"}}],\"inLanguage\":\"es\"},{\"@type\":\"Organization\",\"@id\":\"https:\/\/abaa.mx\/tienda\/#organization\",\"name\":\"Abaa tienda online\",\"url\":\"https:\/\/abaa.mx\/tienda\/\",\"logo\":{\"@type\":\"ImageObject\",\"inLanguage\":\"es\",\"@id\":\"https:\/\/abaa.mx\/tienda\/#\/schema\/logo\/image\/\",\"url\":\"https:\/\/abaa.mx\/tienda\/wp-content\/uploads\/2024\/01\/abaa-metrologia-tienda.png\",\"contentUrl\":\"https:\/\/abaa.mx\/tienda\/wp-content\/uploads\/2024\/01\/abaa-metrologia-tienda.png\",\"width\":300,\"height\":141,\"caption\":\"Abaa tienda online\"},\"image\":{\"@id\":\"https:\/\/abaa.mx\/tienda\/#\/schema\/logo\/image\/\"}}]}<\/script>\n<!-- \/ Yoast SEO plugin. -->","yoast_head_json":{"title":"Kit de boroscopio para tuber\u00eda-S710DNK - Abaa tienda online","robots":{"index":"index","follow":"follow","max-snippet":"max-snippet:-1","max-image-preview":"max-image-preview:large","max-video-preview":"max-video-preview:-1"},"canonical":"https:\/\/abaa.mx\/tienda\/kit-de-boroscopio-para-tuberia-s710dnk\/","og_locale":"es_MX","og_type":"article","og_title":"Kit de boroscopio para tuber\u00eda-S710DNK - Abaa tienda online","og_description":"Ficha tecnica:  Kit de boroscopio para inspecci\u00f3n de tuber\u00eda pantalla color 7\" con sonda de 20 metros El sistema permite la grabaci\u00f3n de video y audio, as\u00ed como la toma de fotograf\u00edas. Adem\u00e1s cuenta con detecci\u00f3n de movimiento y la capacidad de modificar la sensibilidad y resoluci\u00f3n de la imagen. El boroscopio est\u00e1 desarrollado con una c\u00e1mara a color con lente de zafiro resistente al agua, conectado a una pantalla de 7\u201d de alta definici\u00f3n. La c\u00e1mara tiene iluminaci\u00f3n LED que se puede graduar para poder una mejor visi\u00f3n en sitios claros o muy obscuros. Adem\u00e1s , incluye accesorios para la protecci\u00f3n de ca\u00eddas y golpes que pudiera sufrir la c\u00e1mara, al momento de la inspecci\u00f3n. El cable de fibra de vidrio con una longitud de 20m, permite la inspecci\u00f3n a grandes distancias y sitios rec\u00f3nditos. Tiene un riel para su f\u00e1cil enrollo. El monitor permite ver en el mismo instante y en alta definici\u00f3n las instalaciones inspeccionadas. Y tambi\u00e9n se puede accesar al controlador del boroscopio. Todo el kit viene empacado en un portafolio para ambientes robustos, dise\u00f1ado a la medida para la protecci\u00f3n del boroscopio y sus complementos.","og_url":"https:\/\/abaa.mx\/tienda\/kit-de-boroscopio-para-tuberia-s710dnk\/","og_site_name":"Abaa tienda online","article_modified_time":"2023-10-26T14:42:13+00:00","og_image":[{"width":533,"height":535,"url":"https:\/\/abaa.mx\/tienda\/wp-content\/uploads\/2023\/10\/WOPSON-S71ODNK-1.jpg","type":"image\/jpeg"}],"twitter_card":"summary_large_image","twitter_misc":{"Tiempo de lectura":"1 minuto"},"schema":{"@context":"https:\/\/schema.org","@graph":[{"@type":"WebPage","@id":"https:\/\/abaa.mx\/tienda\/kit-de-boroscopio-para-tuberia-s710dnk\/","url":"https:\/\/abaa.mx\/tienda\/kit-de-boroscopio-para-tuberia-s710dnk\/","name":"Kit de boroscopio para tuber\u00eda-S710DNK - Abaa tienda online","isPartOf":{"@id":"https:\/\/abaa.mx\/tienda\/#website"},"primaryImageOfPage":{"@id":"https:\/\/abaa.mx\/tienda\/kit-de-boroscopio-para-tuberia-s710dnk\/#primaryimage"},"image":{"@id":"https:\/\/abaa.mx\/tienda\/kit-de-boroscopio-para-tuberia-s710dnk\/#primaryimage"},"thumbnailUrl":"https:\/\/abaa.mx\/tienda\/wp-content\/uploads\/2023\/10\/WOPSON-S71ODNK-1.jpg","datePublished":"2023-10-26T14:42:12+00:00","dateModified":"2023-10-26T14:42:13+00:00","breadcrumb":{"@id":"https:\/\/abaa.mx\/tienda\/kit-de-boroscopio-para-tuberia-s710dnk\/#breadcrumb"},"inLanguage":"es","potentialAction":[{"@type":"ReadAction","target":["https:\/\/abaa.mx\/tienda\/kit-de-boroscopio-para-tuberia-s710dnk\/"]}]},{"@type":"ImageObject","inLanguage":"es","@id":"https:\/\/abaa.mx\/tienda\/kit-de-boroscopio-para-tuberia-s710dnk\/#primaryimage","url":"https:\/\/abaa.mx\/tienda\/wp-content\/uploads\/2023\/10\/WOPSON-S71ODNK-1.jpg","contentUrl":"https:\/\/abaa.mx\/tienda\/wp-content\/uploads\/2023\/10\/WOPSON-S71ODNK-1.jpg","width":533,"height":535,"caption":"WOPSON-S71ODNK-1"},{"@type":"BreadcrumbList","@id":"https:\/\/abaa.mx\/tienda\/kit-de-boroscopio-para-tuberia-s710dnk\/#breadcrumb","itemListElement":[{"@type":"ListItem","position":1,"name":"Inicio","item":"https:\/\/abaa.mx\/tienda\/"},{"@type":"ListItem","position":2,"name":"Tienda","item":"https:\/\/abaa.mx\/tienda\/"},{"@type":"ListItem","position":3,"name":"Kit de boroscopio para tuber\u00eda-S710DNK"}]},{"@type":"WebSite","@id":"https:\/\/abaa.mx\/tienda\/#website","url":"https:\/\/abaa.mx\/tienda\/","name":"Abaa tienda online","description":"Instrumentos de medici\u00f3n","publisher":{"@id":"https:\/\/abaa.mx\/tienda\/#organization"},"potentialAction":[{"@type":"SearchAction","target":{"@type":"EntryPoint","urlTemplate":"https:\/\/abaa.mx\/tienda\/?s={search_term_string}"},"query-input":{"@type":"PropertyValueSpecification","valueRequired":true,"valueName":"search_term_string"}}],"inLanguage":"es"},{"@type":"Organization","@id":"https:\/\/abaa.mx\/tienda\/#organization","name":"Abaa tienda online","url":"https:\/\/abaa.mx\/tienda\/","logo":{"@type":"ImageObject","inLanguage":"es","@id":"https:\/\/abaa.mx\/tienda\/#\/schema\/logo\/image\/","url":"https:\/\/abaa.mx\/tienda\/wp-content\/uploads\/2024\/01\/abaa-metrologia-tienda.png","contentUrl":"https:\/\/abaa.mx\/tienda\/wp-content\/uploads\/2024\/01\/abaa-metrologia-tienda.png","width":300,"height":141,"caption":"Abaa tienda online"},"image":{"@id":"https:\/\/abaa.mx\/tienda\/#\/schema\/logo\/image\/"}}]}},"_links":{"self":[{"href":"https:\/\/abaa.mx\/tienda\/wp-json\/wp\/v2\/product\/7985","targetHints":{"allow":["GET"]}}],"collection":[{"href":"https:\/\/abaa.mx\/tienda\/wp-json\/wp\/v2\/product"}],"about":[{"href":"https:\/\/abaa.mx\/tienda\/wp-json\/wp\/v2\/types\/product"}],"replies":[{"embeddable":true,"href":"https:\/\/abaa.mx\/tienda\/wp-json\/wp\/v2\/comments?post=7985"}],"wp:featuredmedia":[{"embeddable":true,"href":"https:\/\/abaa.mx\/tienda\/wp-json\/wp\/v2\/media\/7992"}],"wp:attachment":[{"href":"https:\/\/abaa.mx\/tienda\/wp-json\/wp\/v2\/media?parent=7985"}],"wp:term":[{"taxonomy":"product_brand","embeddable":true,"href":"https:\/\/abaa.mx\/tienda\/wp-json\/wp\/v2\/product_brand?post=7985"},{"taxonomy":"product_cat","embeddable":true,"href":"https:\/\/abaa.mx\/tienda\/wp-json\/wp\/v2\/product_cat?post=7985"},{"taxonomy":"product_tag","embeddable":true,"href":"https:\/\/abaa.mx\/tienda\/wp-json\/wp\/v2\/product_tag?post=7985"}],"curies":[{"name":"wp","href":"https:\/\/api.w.org\/{rel}","templated":true}]}}