{"id":7968,"date":"2023-10-25T20:59:56","date_gmt":"2023-10-25T20:59:56","guid":{"rendered":"https:\/\/abaa.mx\/tienda\/?post_type=product&#038;p=7968"},"modified":"2023-12-01T15:26:57","modified_gmt":"2023-12-01T15:26:57","slug":"balanza-digital-4kg-0-01g-huazhi-ptqa4","status":"publish","type":"product","link":"https:\/\/abaa.mx\/tienda\/balanza-digital-4kg-0-01g-huazhi-ptqa4\/","title":{"rendered":"Balanza Digital 4kg-0.01g Huazhi &#8211; PTQA4"},"content":{"rendered":"<p>Balanza Digital 4kg\/0.01g Huazhi &#8211; PTQA4<\/p>\n","protected":false},"excerpt":{"rendered":"<p>Serie avanzada PTQ, b\u00e1sculas de pesaje destacadas de alta aptitud , de doble alcance, autom\u00e1ticas PTQ Balance en serie es un g\u00e9nero de prospectiva y t\u00e9cnica innovadora en pesaje industrial. PTQ tiene estructura fuerte y c\u00e1scara para cerciorarse de que se pueda utilizar en mal \u00e1mbito. La serie PTQ est\u00e1 dise\u00f1ada para el cliente que necesita un c\u00f3mputo de gran capacidad.<\/p>\n<p><b>Caracter\u00edsticas:<\/b><\/p>\n<ul>\n<li>Modo de pesaje predeterminado autom\u00e1ticamente<\/li>\n<li>Funci\u00f3n ajustable de seis niveles<\/li>\n<li>Funci\u00f3n CAL externa<\/li>\n<li>Gama de pesaje dual Automaric \/ dos pesos de precisi\u00f3n<\/li>\n<li>Tiempo de estabilidad de pesaje ajustable<\/li>\n<li>Ajuste de hora y fecha<\/li>\n<li>20 Escudo de la unidad: g, ct, lb, onza, ozt, GN, dwt, N, t, T \/ AR<\/li>\n<li>Bater\u00eda de reserva<\/li>\n<li>Con indicador de temperatura<\/li>\n<\/ul>\n","protected":false},"featured_media":7972,"comment_status":"open","ping_status":"closed","template":"","meta":{"_joinchat":[]},"product_brand":[],"product_cat":[87],"product_tag":[],"class_list":{"0":"post-7968","1":"product","2":"type-product","3":"status-publish","4":"has-post-thumbnail","6":"product_cat-balanzas-y-basculas","8":"first","9":"instock","10":"shipping-taxable","11":"product-type-simple"},"yoast_head":"<!-- This site is optimized with the Yoast SEO plugin v26.4 - https:\/\/yoast.com\/wordpress\/plugins\/seo\/ -->\n<title>Balanza Digital 4kg-0.01g Huazhi - PTQA4 - Abaa tienda online<\/title>\n<meta name=\"robots\" content=\"index, follow, max-snippet:-1, max-image-preview:large, max-video-preview:-1\" \/>\n<link rel=\"canonical\" href=\"https:\/\/abaa.mx\/tienda\/balanza-digital-4kg-0-01g-huazhi-ptqa4\/\" \/>\n<meta property=\"og:locale\" content=\"es_MX\" \/>\n<meta property=\"og:type\" content=\"article\" \/>\n<meta property=\"og:title\" content=\"Balanza Digital 4kg-0.01g Huazhi - PTQA4 - Abaa tienda online\" \/>\n<meta property=\"og:description\" content=\"Serie avanzada PTQ, b\u00e1sculas de pesaje destacadas de alta aptitud , de doble alcance, autom\u00e1ticas PTQ Balance en serie es un g\u00e9nero de prospectiva y t\u00e9cnica innovadora en pesaje industrial. PTQ tiene estructura fuerte y c\u00e1scara para cerciorarse de que se pueda utilizar en mal \u00e1mbito. La serie PTQ est\u00e1 dise\u00f1ada para el cliente que necesita un c\u00f3mputo de gran capacidad.  Caracter\u00edsticas:   Modo de pesaje predeterminado autom\u00e1ticamente  Funci\u00f3n ajustable de seis niveles  Funci\u00f3n CAL externa  Gama de pesaje dual Automaric \/ dos pesos de precisi\u00f3n  Tiempo de estabilidad de pesaje ajustable  Ajuste de hora y fecha  20 Escudo de la unidad: g, ct, lb, onza, ozt, GN, dwt, N, t, T \/ AR  Bater\u00eda de reserva  Con indicador de temperatura\" \/>\n<meta property=\"og:url\" content=\"https:\/\/abaa.mx\/tienda\/balanza-digital-4kg-0-01g-huazhi-ptqa4\/\" \/>\n<meta property=\"og:site_name\" content=\"Abaa tienda online\" \/>\n<meta property=\"article:modified_time\" content=\"2023-12-01T15:26:57+00:00\" \/>\n<meta property=\"og:image\" content=\"https:\/\/abaa.mx\/tienda\/wp-content\/uploads\/2023\/10\/HUAZHI-PTQA4.jpg\" \/>\n\t<meta property=\"og:image:width\" content=\"517\" \/>\n\t<meta property=\"og:image:height\" content=\"347\" \/>\n\t<meta property=\"og:image:type\" content=\"image\/jpeg\" \/>\n<meta name=\"twitter:card\" content=\"summary_large_image\" \/>\n<meta name=\"twitter:label1\" content=\"Tiempo de lectura\" \/>\n\t<meta name=\"twitter:data1\" content=\"1 minuto\" \/>\n<script type=\"application\/ld+json\" class=\"yoast-schema-graph\">{\"@context\":\"https:\/\/schema.org\",\"@graph\":[{\"@type\":\"WebPage\",\"@id\":\"https:\/\/abaa.mx\/tienda\/balanza-digital-4kg-0-01g-huazhi-ptqa4\/\",\"url\":\"https:\/\/abaa.mx\/tienda\/balanza-digital-4kg-0-01g-huazhi-ptqa4\/\",\"name\":\"Balanza Digital 4kg-0.01g Huazhi - PTQA4 - Abaa tienda online\",\"isPartOf\":{\"@id\":\"https:\/\/abaa.mx\/tienda\/#website\"},\"primaryImageOfPage\":{\"@id\":\"https:\/\/abaa.mx\/tienda\/balanza-digital-4kg-0-01g-huazhi-ptqa4\/#primaryimage\"},\"image\":{\"@id\":\"https:\/\/abaa.mx\/tienda\/balanza-digital-4kg-0-01g-huazhi-ptqa4\/#primaryimage\"},\"thumbnailUrl\":\"https:\/\/abaa.mx\/tienda\/wp-content\/uploads\/2023\/10\/HUAZHI-PTQA4.jpg\",\"datePublished\":\"2023-10-25T20:59:56+00:00\",\"dateModified\":\"2023-12-01T15:26:57+00:00\",\"breadcrumb\":{\"@id\":\"https:\/\/abaa.mx\/tienda\/balanza-digital-4kg-0-01g-huazhi-ptqa4\/#breadcrumb\"},\"inLanguage\":\"es\",\"potentialAction\":[{\"@type\":\"ReadAction\",\"target\":[\"https:\/\/abaa.mx\/tienda\/balanza-digital-4kg-0-01g-huazhi-ptqa4\/\"]}]},{\"@type\":\"ImageObject\",\"inLanguage\":\"es\",\"@id\":\"https:\/\/abaa.mx\/tienda\/balanza-digital-4kg-0-01g-huazhi-ptqa4\/#primaryimage\",\"url\":\"https:\/\/abaa.mx\/tienda\/wp-content\/uploads\/2023\/10\/HUAZHI-PTQA4.jpg\",\"contentUrl\":\"https:\/\/abaa.mx\/tienda\/wp-content\/uploads\/2023\/10\/HUAZHI-PTQA4.jpg\",\"width\":517,\"height\":347,\"caption\":\"HUAZHI-PTQA4\"},{\"@type\":\"BreadcrumbList\",\"@id\":\"https:\/\/abaa.mx\/tienda\/balanza-digital-4kg-0-01g-huazhi-ptqa4\/#breadcrumb\",\"itemListElement\":[{\"@type\":\"ListItem\",\"position\":1,\"name\":\"Inicio\",\"item\":\"https:\/\/abaa.mx\/tienda\/\"},{\"@type\":\"ListItem\",\"position\":2,\"name\":\"Tienda\",\"item\":\"https:\/\/abaa.mx\/tienda\/\"},{\"@type\":\"ListItem\",\"position\":3,\"name\":\"Balanza Digital 4kg-0.01g Huazhi &#8211; PTQA4\"}]},{\"@type\":\"WebSite\",\"@id\":\"https:\/\/abaa.mx\/tienda\/#website\",\"url\":\"https:\/\/abaa.mx\/tienda\/\",\"name\":\"Abaa tienda online\",\"description\":\"Instrumentos de medici\u00f3n\",\"publisher\":{\"@id\":\"https:\/\/abaa.mx\/tienda\/#organization\"},\"potentialAction\":[{\"@type\":\"SearchAction\",\"target\":{\"@type\":\"EntryPoint\",\"urlTemplate\":\"https:\/\/abaa.mx\/tienda\/?s={search_term_string}\"},\"query-input\":{\"@type\":\"PropertyValueSpecification\",\"valueRequired\":true,\"valueName\":\"search_term_string\"}}],\"inLanguage\":\"es\"},{\"@type\":\"Organization\",\"@id\":\"https:\/\/abaa.mx\/tienda\/#organization\",\"name\":\"Abaa tienda online\",\"url\":\"https:\/\/abaa.mx\/tienda\/\",\"logo\":{\"@type\":\"ImageObject\",\"inLanguage\":\"es\",\"@id\":\"https:\/\/abaa.mx\/tienda\/#\/schema\/logo\/image\/\",\"url\":\"https:\/\/abaa.mx\/tienda\/wp-content\/uploads\/2024\/01\/abaa-metrologia-tienda.png\",\"contentUrl\":\"https:\/\/abaa.mx\/tienda\/wp-content\/uploads\/2024\/01\/abaa-metrologia-tienda.png\",\"width\":300,\"height\":141,\"caption\":\"Abaa tienda online\"},\"image\":{\"@id\":\"https:\/\/abaa.mx\/tienda\/#\/schema\/logo\/image\/\"}}]}<\/script>\n<!-- \/ Yoast SEO plugin. -->","yoast_head_json":{"title":"Balanza Digital 4kg-0.01g Huazhi - PTQA4 - Abaa tienda online","robots":{"index":"index","follow":"follow","max-snippet":"max-snippet:-1","max-image-preview":"max-image-preview:large","max-video-preview":"max-video-preview:-1"},"canonical":"https:\/\/abaa.mx\/tienda\/balanza-digital-4kg-0-01g-huazhi-ptqa4\/","og_locale":"es_MX","og_type":"article","og_title":"Balanza Digital 4kg-0.01g Huazhi - PTQA4 - Abaa tienda online","og_description":"Serie avanzada PTQ, b\u00e1sculas de pesaje destacadas de alta aptitud , de doble alcance, autom\u00e1ticas PTQ Balance en serie es un g\u00e9nero de prospectiva y t\u00e9cnica innovadora en pesaje industrial. PTQ tiene estructura fuerte y c\u00e1scara para cerciorarse de que se pueda utilizar en mal \u00e1mbito. La serie PTQ est\u00e1 dise\u00f1ada para el cliente que necesita un c\u00f3mputo de gran capacidad.  Caracter\u00edsticas:   Modo de pesaje predeterminado autom\u00e1ticamente  Funci\u00f3n ajustable de seis niveles  Funci\u00f3n CAL externa  Gama de pesaje dual Automaric \/ dos pesos de precisi\u00f3n  Tiempo de estabilidad de pesaje ajustable  Ajuste de hora y fecha  20 Escudo de la unidad: g, ct, lb, onza, ozt, GN, dwt, N, t, T \/ AR  Bater\u00eda de reserva  Con indicador de temperatura","og_url":"https:\/\/abaa.mx\/tienda\/balanza-digital-4kg-0-01g-huazhi-ptqa4\/","og_site_name":"Abaa tienda online","article_modified_time":"2023-12-01T15:26:57+00:00","og_image":[{"width":517,"height":347,"url":"https:\/\/abaa.mx\/tienda\/wp-content\/uploads\/2023\/10\/HUAZHI-PTQA4.jpg","type":"image\/jpeg"}],"twitter_card":"summary_large_image","twitter_misc":{"Tiempo de lectura":"1 minuto"},"schema":{"@context":"https:\/\/schema.org","@graph":[{"@type":"WebPage","@id":"https:\/\/abaa.mx\/tienda\/balanza-digital-4kg-0-01g-huazhi-ptqa4\/","url":"https:\/\/abaa.mx\/tienda\/balanza-digital-4kg-0-01g-huazhi-ptqa4\/","name":"Balanza Digital 4kg-0.01g Huazhi - PTQA4 - Abaa tienda online","isPartOf":{"@id":"https:\/\/abaa.mx\/tienda\/#website"},"primaryImageOfPage":{"@id":"https:\/\/abaa.mx\/tienda\/balanza-digital-4kg-0-01g-huazhi-ptqa4\/#primaryimage"},"image":{"@id":"https:\/\/abaa.mx\/tienda\/balanza-digital-4kg-0-01g-huazhi-ptqa4\/#primaryimage"},"thumbnailUrl":"https:\/\/abaa.mx\/tienda\/wp-content\/uploads\/2023\/10\/HUAZHI-PTQA4.jpg","datePublished":"2023-10-25T20:59:56+00:00","dateModified":"2023-12-01T15:26:57+00:00","breadcrumb":{"@id":"https:\/\/abaa.mx\/tienda\/balanza-digital-4kg-0-01g-huazhi-ptqa4\/#breadcrumb"},"inLanguage":"es","potentialAction":[{"@type":"ReadAction","target":["https:\/\/abaa.mx\/tienda\/balanza-digital-4kg-0-01g-huazhi-ptqa4\/"]}]},{"@type":"ImageObject","inLanguage":"es","@id":"https:\/\/abaa.mx\/tienda\/balanza-digital-4kg-0-01g-huazhi-ptqa4\/#primaryimage","url":"https:\/\/abaa.mx\/tienda\/wp-content\/uploads\/2023\/10\/HUAZHI-PTQA4.jpg","contentUrl":"https:\/\/abaa.mx\/tienda\/wp-content\/uploads\/2023\/10\/HUAZHI-PTQA4.jpg","width":517,"height":347,"caption":"HUAZHI-PTQA4"},{"@type":"BreadcrumbList","@id":"https:\/\/abaa.mx\/tienda\/balanza-digital-4kg-0-01g-huazhi-ptqa4\/#breadcrumb","itemListElement":[{"@type":"ListItem","position":1,"name":"Inicio","item":"https:\/\/abaa.mx\/tienda\/"},{"@type":"ListItem","position":2,"name":"Tienda","item":"https:\/\/abaa.mx\/tienda\/"},{"@type":"ListItem","position":3,"name":"Balanza Digital 4kg-0.01g Huazhi &#8211; PTQA4"}]},{"@type":"WebSite","@id":"https:\/\/abaa.mx\/tienda\/#website","url":"https:\/\/abaa.mx\/tienda\/","name":"Abaa tienda online","description":"Instrumentos de medici\u00f3n","publisher":{"@id":"https:\/\/abaa.mx\/tienda\/#organization"},"potentialAction":[{"@type":"SearchAction","target":{"@type":"EntryPoint","urlTemplate":"https:\/\/abaa.mx\/tienda\/?s={search_term_string}"},"query-input":{"@type":"PropertyValueSpecification","valueRequired":true,"valueName":"search_term_string"}}],"inLanguage":"es"},{"@type":"Organization","@id":"https:\/\/abaa.mx\/tienda\/#organization","name":"Abaa tienda online","url":"https:\/\/abaa.mx\/tienda\/","logo":{"@type":"ImageObject","inLanguage":"es","@id":"https:\/\/abaa.mx\/tienda\/#\/schema\/logo\/image\/","url":"https:\/\/abaa.mx\/tienda\/wp-content\/uploads\/2024\/01\/abaa-metrologia-tienda.png","contentUrl":"https:\/\/abaa.mx\/tienda\/wp-content\/uploads\/2024\/01\/abaa-metrologia-tienda.png","width":300,"height":141,"caption":"Abaa tienda online"},"image":{"@id":"https:\/\/abaa.mx\/tienda\/#\/schema\/logo\/image\/"}}]}},"_links":{"self":[{"href":"https:\/\/abaa.mx\/tienda\/wp-json\/wp\/v2\/product\/7968","targetHints":{"allow":["GET"]}}],"collection":[{"href":"https:\/\/abaa.mx\/tienda\/wp-json\/wp\/v2\/product"}],"about":[{"href":"https:\/\/abaa.mx\/tienda\/wp-json\/wp\/v2\/types\/product"}],"replies":[{"embeddable":true,"href":"https:\/\/abaa.mx\/tienda\/wp-json\/wp\/v2\/comments?post=7968"}],"wp:featuredmedia":[{"embeddable":true,"href":"https:\/\/abaa.mx\/tienda\/wp-json\/wp\/v2\/media\/7972"}],"wp:attachment":[{"href":"https:\/\/abaa.mx\/tienda\/wp-json\/wp\/v2\/media?parent=7968"}],"wp:term":[{"taxonomy":"product_brand","embeddable":true,"href":"https:\/\/abaa.mx\/tienda\/wp-json\/wp\/v2\/product_brand?post=7968"},{"taxonomy":"product_cat","embeddable":true,"href":"https:\/\/abaa.mx\/tienda\/wp-json\/wp\/v2\/product_cat?post=7968"},{"taxonomy":"product_tag","embeddable":true,"href":"https:\/\/abaa.mx\/tienda\/wp-json\/wp\/v2\/product_tag?post=7968"}],"curies":[{"name":"wp","href":"https:\/\/api.w.org\/{rel}","templated":true}]}}