{"id":7963,"date":"2023-10-25T20:53:56","date_gmt":"2023-10-25T20:53:56","guid":{"rendered":"https:\/\/abaa.mx\/tienda\/?post_type=product&#038;p=7963"},"modified":"2023-12-01T15:24:41","modified_gmt":"2023-12-01T15:24:41","slug":"balanza-digital-300g-0-1mg-huazhi-ptyfa300s","status":"publish","type":"product","link":"https:\/\/abaa.mx\/tienda\/balanza-digital-300g-0-1mg-huazhi-ptyfa300s\/","title":{"rendered":"Balanza Digital 300g-0.1mg, Huazhi &#8211; PTYFA300S"},"content":{"rendered":"<p>Balanza Digital 300g\/0.1mg, Huazhi &#8211; PTYFA300S<\/p>\n","protected":false},"excerpt":{"rendered":"<p><b>Caracteristicas:<\/b><\/p>\n<ul>\n<li>Configurar la funci\u00f3n de calibraci\u00f3n interna inteligente dual<\/li>\n<li>Ajuste con la l\u00ednea RS232<\/li>\n<li>Seis funciones de nivel ajustable<\/li>\n<li>Sensor s\u00faper monobloque<\/li>\n<li>Con bajo gancho<\/li>\n<li>Gran pantalla LCDN VATN<\/li>\n<li>Carcasa de metal antirradiante y antiest\u00e1tica<\/li>\n<li>Ajuste de hora y fecha<\/li>\n<li>Rango de pesaje doble autom\u00e1tico \/ Dos precisi\u00f3n de pesaje<\/li>\n<li>Con temperatura de visualizaci\u00f3n<\/li>\n<li>Panel trasero antiest\u00e1tico de metal a prueba de viento<\/li>\n<li>Tiempo de estabilidad de pesaje ajustable<\/li>\n<li>Modo de ponderaci\u00f3n predeterminado autom\u00e1ticamente<\/li>\n<li>20 blindaje de la unidad: g, ct, lb, oz, ozt, GN, dwt, N, t, T \/ A \/ R &#8230;<\/li>\n<\/ul>\n","protected":false},"featured_media":7967,"comment_status":"open","ping_status":"closed","template":"","meta":{"_joinchat":[]},"product_brand":[],"product_cat":[87],"product_tag":[],"class_list":{"0":"post-7963","1":"product","2":"type-product","3":"status-publish","4":"has-post-thumbnail","6":"product_cat-balanzas-y-basculas","8":"first","9":"instock","10":"shipping-taxable","11":"product-type-simple"},"yoast_head":"<!-- This site is optimized with the Yoast SEO plugin v26.4 - https:\/\/yoast.com\/wordpress\/plugins\/seo\/ -->\n<title>Balanza Digital 300g-0.1mg, Huazhi - PTYFA300S - Abaa tienda online<\/title>\n<meta name=\"robots\" content=\"index, follow, max-snippet:-1, max-image-preview:large, max-video-preview:-1\" \/>\n<link rel=\"canonical\" href=\"https:\/\/abaa.mx\/tienda\/balanza-digital-300g-0-1mg-huazhi-ptyfa300s\/\" \/>\n<meta property=\"og:locale\" content=\"es_MX\" \/>\n<meta property=\"og:type\" content=\"article\" \/>\n<meta property=\"og:title\" content=\"Balanza Digital 300g-0.1mg, Huazhi - PTYFA300S - Abaa tienda online\" \/>\n<meta property=\"og:description\" content=\"Caracteristicas:   Configurar la funci\u00f3n de calibraci\u00f3n interna inteligente dual  Ajuste con la l\u00ednea RS232  Seis funciones de nivel ajustable  Sensor s\u00faper monobloque  Con bajo gancho  Gran pantalla LCDN VATN  Carcasa de metal antirradiante y antiest\u00e1tica  Ajuste de hora y fecha  Rango de pesaje doble autom\u00e1tico \/ Dos precisi\u00f3n de pesaje  Con temperatura de visualizaci\u00f3n  Panel trasero antiest\u00e1tico de metal a prueba de viento  Tiempo de estabilidad de pesaje ajustable  Modo de ponderaci\u00f3n predeterminado autom\u00e1ticamente  20 blindaje de la unidad: g, ct, lb, oz, ozt, GN, dwt, N, t, T \/ A \/ R ...\" \/>\n<meta property=\"og:url\" content=\"https:\/\/abaa.mx\/tienda\/balanza-digital-300g-0-1mg-huazhi-ptyfa300s\/\" \/>\n<meta property=\"og:site_name\" content=\"Abaa tienda online\" \/>\n<meta property=\"article:modified_time\" content=\"2023-12-01T15:24:41+00:00\" \/>\n<meta property=\"og:image\" content=\"https:\/\/abaa.mx\/tienda\/wp-content\/uploads\/2023\/10\/HUAZHI-PTYA300S-1.jpg\" \/>\n\t<meta property=\"og:image:width\" content=\"291\" \/>\n\t<meta property=\"og:image:height\" content=\"500\" \/>\n\t<meta property=\"og:image:type\" content=\"image\/jpeg\" \/>\n<meta name=\"twitter:card\" content=\"summary_large_image\" \/>\n<meta name=\"twitter:label1\" content=\"Tiempo de lectura\" \/>\n\t<meta name=\"twitter:data1\" content=\"1 minuto\" \/>\n<script type=\"application\/ld+json\" class=\"yoast-schema-graph\">{\"@context\":\"https:\/\/schema.org\",\"@graph\":[{\"@type\":\"WebPage\",\"@id\":\"https:\/\/abaa.mx\/tienda\/balanza-digital-300g-0-1mg-huazhi-ptyfa300s\/\",\"url\":\"https:\/\/abaa.mx\/tienda\/balanza-digital-300g-0-1mg-huazhi-ptyfa300s\/\",\"name\":\"Balanza Digital 300g-0.1mg, Huazhi - PTYFA300S - Abaa tienda online\",\"isPartOf\":{\"@id\":\"https:\/\/abaa.mx\/tienda\/#website\"},\"primaryImageOfPage\":{\"@id\":\"https:\/\/abaa.mx\/tienda\/balanza-digital-300g-0-1mg-huazhi-ptyfa300s\/#primaryimage\"},\"image\":{\"@id\":\"https:\/\/abaa.mx\/tienda\/balanza-digital-300g-0-1mg-huazhi-ptyfa300s\/#primaryimage\"},\"thumbnailUrl\":\"https:\/\/abaa.mx\/tienda\/wp-content\/uploads\/2023\/10\/HUAZHI-PTYA300S-1.jpg\",\"datePublished\":\"2023-10-25T20:53:56+00:00\",\"dateModified\":\"2023-12-01T15:24:41+00:00\",\"breadcrumb\":{\"@id\":\"https:\/\/abaa.mx\/tienda\/balanza-digital-300g-0-1mg-huazhi-ptyfa300s\/#breadcrumb\"},\"inLanguage\":\"es\",\"potentialAction\":[{\"@type\":\"ReadAction\",\"target\":[\"https:\/\/abaa.mx\/tienda\/balanza-digital-300g-0-1mg-huazhi-ptyfa300s\/\"]}]},{\"@type\":\"ImageObject\",\"inLanguage\":\"es\",\"@id\":\"https:\/\/abaa.mx\/tienda\/balanza-digital-300g-0-1mg-huazhi-ptyfa300s\/#primaryimage\",\"url\":\"https:\/\/abaa.mx\/tienda\/wp-content\/uploads\/2023\/10\/HUAZHI-PTYA300S-1.jpg\",\"contentUrl\":\"https:\/\/abaa.mx\/tienda\/wp-content\/uploads\/2023\/10\/HUAZHI-PTYA300S-1.jpg\",\"width\":291,\"height\":500,\"caption\":\"HUAZHI-PTYA300S\"},{\"@type\":\"BreadcrumbList\",\"@id\":\"https:\/\/abaa.mx\/tienda\/balanza-digital-300g-0-1mg-huazhi-ptyfa300s\/#breadcrumb\",\"itemListElement\":[{\"@type\":\"ListItem\",\"position\":1,\"name\":\"Inicio\",\"item\":\"https:\/\/abaa.mx\/tienda\/\"},{\"@type\":\"ListItem\",\"position\":2,\"name\":\"Tienda\",\"item\":\"https:\/\/abaa.mx\/tienda\/\"},{\"@type\":\"ListItem\",\"position\":3,\"name\":\"Balanza Digital 300g-0.1mg, Huazhi &#8211; PTYFA300S\"}]},{\"@type\":\"WebSite\",\"@id\":\"https:\/\/abaa.mx\/tienda\/#website\",\"url\":\"https:\/\/abaa.mx\/tienda\/\",\"name\":\"Abaa tienda online\",\"description\":\"Instrumentos de medici\u00f3n\",\"publisher\":{\"@id\":\"https:\/\/abaa.mx\/tienda\/#organization\"},\"potentialAction\":[{\"@type\":\"SearchAction\",\"target\":{\"@type\":\"EntryPoint\",\"urlTemplate\":\"https:\/\/abaa.mx\/tienda\/?s={search_term_string}\"},\"query-input\":{\"@type\":\"PropertyValueSpecification\",\"valueRequired\":true,\"valueName\":\"search_term_string\"}}],\"inLanguage\":\"es\"},{\"@type\":\"Organization\",\"@id\":\"https:\/\/abaa.mx\/tienda\/#organization\",\"name\":\"Abaa tienda online\",\"url\":\"https:\/\/abaa.mx\/tienda\/\",\"logo\":{\"@type\":\"ImageObject\",\"inLanguage\":\"es\",\"@id\":\"https:\/\/abaa.mx\/tienda\/#\/schema\/logo\/image\/\",\"url\":\"https:\/\/abaa.mx\/tienda\/wp-content\/uploads\/2024\/01\/abaa-metrologia-tienda.png\",\"contentUrl\":\"https:\/\/abaa.mx\/tienda\/wp-content\/uploads\/2024\/01\/abaa-metrologia-tienda.png\",\"width\":300,\"height\":141,\"caption\":\"Abaa tienda online\"},\"image\":{\"@id\":\"https:\/\/abaa.mx\/tienda\/#\/schema\/logo\/image\/\"}}]}<\/script>\n<!-- \/ Yoast SEO plugin. -->","yoast_head_json":{"title":"Balanza Digital 300g-0.1mg, Huazhi - PTYFA300S - Abaa tienda online","robots":{"index":"index","follow":"follow","max-snippet":"max-snippet:-1","max-image-preview":"max-image-preview:large","max-video-preview":"max-video-preview:-1"},"canonical":"https:\/\/abaa.mx\/tienda\/balanza-digital-300g-0-1mg-huazhi-ptyfa300s\/","og_locale":"es_MX","og_type":"article","og_title":"Balanza Digital 300g-0.1mg, Huazhi - PTYFA300S - Abaa tienda online","og_description":"Caracteristicas:   Configurar la funci\u00f3n de calibraci\u00f3n interna inteligente dual  Ajuste con la l\u00ednea RS232  Seis funciones de nivel ajustable  Sensor s\u00faper monobloque  Con bajo gancho  Gran pantalla LCDN VATN  Carcasa de metal antirradiante y antiest\u00e1tica  Ajuste de hora y fecha  Rango de pesaje doble autom\u00e1tico \/ Dos precisi\u00f3n de pesaje  Con temperatura de visualizaci\u00f3n  Panel trasero antiest\u00e1tico de metal a prueba de viento  Tiempo de estabilidad de pesaje ajustable  Modo de ponderaci\u00f3n predeterminado autom\u00e1ticamente  20 blindaje de la unidad: g, ct, lb, oz, ozt, GN, dwt, N, t, T \/ A \/ R ...","og_url":"https:\/\/abaa.mx\/tienda\/balanza-digital-300g-0-1mg-huazhi-ptyfa300s\/","og_site_name":"Abaa tienda online","article_modified_time":"2023-12-01T15:24:41+00:00","og_image":[{"width":291,"height":500,"url":"https:\/\/abaa.mx\/tienda\/wp-content\/uploads\/2023\/10\/HUAZHI-PTYA300S-1.jpg","type":"image\/jpeg"}],"twitter_card":"summary_large_image","twitter_misc":{"Tiempo de lectura":"1 minuto"},"schema":{"@context":"https:\/\/schema.org","@graph":[{"@type":"WebPage","@id":"https:\/\/abaa.mx\/tienda\/balanza-digital-300g-0-1mg-huazhi-ptyfa300s\/","url":"https:\/\/abaa.mx\/tienda\/balanza-digital-300g-0-1mg-huazhi-ptyfa300s\/","name":"Balanza Digital 300g-0.1mg, Huazhi - PTYFA300S - Abaa tienda online","isPartOf":{"@id":"https:\/\/abaa.mx\/tienda\/#website"},"primaryImageOfPage":{"@id":"https:\/\/abaa.mx\/tienda\/balanza-digital-300g-0-1mg-huazhi-ptyfa300s\/#primaryimage"},"image":{"@id":"https:\/\/abaa.mx\/tienda\/balanza-digital-300g-0-1mg-huazhi-ptyfa300s\/#primaryimage"},"thumbnailUrl":"https:\/\/abaa.mx\/tienda\/wp-content\/uploads\/2023\/10\/HUAZHI-PTYA300S-1.jpg","datePublished":"2023-10-25T20:53:56+00:00","dateModified":"2023-12-01T15:24:41+00:00","breadcrumb":{"@id":"https:\/\/abaa.mx\/tienda\/balanza-digital-300g-0-1mg-huazhi-ptyfa300s\/#breadcrumb"},"inLanguage":"es","potentialAction":[{"@type":"ReadAction","target":["https:\/\/abaa.mx\/tienda\/balanza-digital-300g-0-1mg-huazhi-ptyfa300s\/"]}]},{"@type":"ImageObject","inLanguage":"es","@id":"https:\/\/abaa.mx\/tienda\/balanza-digital-300g-0-1mg-huazhi-ptyfa300s\/#primaryimage","url":"https:\/\/abaa.mx\/tienda\/wp-content\/uploads\/2023\/10\/HUAZHI-PTYA300S-1.jpg","contentUrl":"https:\/\/abaa.mx\/tienda\/wp-content\/uploads\/2023\/10\/HUAZHI-PTYA300S-1.jpg","width":291,"height":500,"caption":"HUAZHI-PTYA300S"},{"@type":"BreadcrumbList","@id":"https:\/\/abaa.mx\/tienda\/balanza-digital-300g-0-1mg-huazhi-ptyfa300s\/#breadcrumb","itemListElement":[{"@type":"ListItem","position":1,"name":"Inicio","item":"https:\/\/abaa.mx\/tienda\/"},{"@type":"ListItem","position":2,"name":"Tienda","item":"https:\/\/abaa.mx\/tienda\/"},{"@type":"ListItem","position":3,"name":"Balanza Digital 300g-0.1mg, Huazhi &#8211; PTYFA300S"}]},{"@type":"WebSite","@id":"https:\/\/abaa.mx\/tienda\/#website","url":"https:\/\/abaa.mx\/tienda\/","name":"Abaa tienda online","description":"Instrumentos de medici\u00f3n","publisher":{"@id":"https:\/\/abaa.mx\/tienda\/#organization"},"potentialAction":[{"@type":"SearchAction","target":{"@type":"EntryPoint","urlTemplate":"https:\/\/abaa.mx\/tienda\/?s={search_term_string}"},"query-input":{"@type":"PropertyValueSpecification","valueRequired":true,"valueName":"search_term_string"}}],"inLanguage":"es"},{"@type":"Organization","@id":"https:\/\/abaa.mx\/tienda\/#organization","name":"Abaa tienda online","url":"https:\/\/abaa.mx\/tienda\/","logo":{"@type":"ImageObject","inLanguage":"es","@id":"https:\/\/abaa.mx\/tienda\/#\/schema\/logo\/image\/","url":"https:\/\/abaa.mx\/tienda\/wp-content\/uploads\/2024\/01\/abaa-metrologia-tienda.png","contentUrl":"https:\/\/abaa.mx\/tienda\/wp-content\/uploads\/2024\/01\/abaa-metrologia-tienda.png","width":300,"height":141,"caption":"Abaa tienda online"},"image":{"@id":"https:\/\/abaa.mx\/tienda\/#\/schema\/logo\/image\/"}}]}},"_links":{"self":[{"href":"https:\/\/abaa.mx\/tienda\/wp-json\/wp\/v2\/product\/7963","targetHints":{"allow":["GET"]}}],"collection":[{"href":"https:\/\/abaa.mx\/tienda\/wp-json\/wp\/v2\/product"}],"about":[{"href":"https:\/\/abaa.mx\/tienda\/wp-json\/wp\/v2\/types\/product"}],"replies":[{"embeddable":true,"href":"https:\/\/abaa.mx\/tienda\/wp-json\/wp\/v2\/comments?post=7963"}],"wp:featuredmedia":[{"embeddable":true,"href":"https:\/\/abaa.mx\/tienda\/wp-json\/wp\/v2\/media\/7967"}],"wp:attachment":[{"href":"https:\/\/abaa.mx\/tienda\/wp-json\/wp\/v2\/media?parent=7963"}],"wp:term":[{"taxonomy":"product_brand","embeddable":true,"href":"https:\/\/abaa.mx\/tienda\/wp-json\/wp\/v2\/product_brand?post=7963"},{"taxonomy":"product_cat","embeddable":true,"href":"https:\/\/abaa.mx\/tienda\/wp-json\/wp\/v2\/product_cat?post=7963"},{"taxonomy":"product_tag","embeddable":true,"href":"https:\/\/abaa.mx\/tienda\/wp-json\/wp\/v2\/product_tag?post=7963"}],"curies":[{"name":"wp","href":"https:\/\/api.w.org\/{rel}","templated":true}]}}