{"id":7957,"date":"2023-10-25T20:47:57","date_gmt":"2023-10-25T20:47:57","guid":{"rendered":"https:\/\/abaa.mx\/tienda\/?post_type=product&#038;p=7957"},"modified":"2023-12-01T15:20:56","modified_gmt":"2023-12-01T15:20:56","slug":"balanza-analitica-digital-200g-0-0001g-fa2104","status":"publish","type":"product","link":"https:\/\/abaa.mx\/tienda\/balanza-analitica-digital-200g-0-0001g-fa2104\/","title":{"rendered":"Balanza Anal\u00edtica Digital 200g-0.0001g &#8211; FA2104"},"content":{"rendered":"<p>Balanza Anal\u00edtica Digital 200g\/0.0001g &#8211; FA2104<\/p>\n","protected":false},"excerpt":{"rendered":"<p>La balanza anal\u00edtica electr\u00f3nica modelo BL-FA2104 es una herramienta de laboratorio fundamental en aplicaciones qu\u00edmicas, alimentarias y tambi\u00e9n industriales por norma general. Tiene una gran resoluci\u00f3n y una capacidad apropiada para trabajar de laboratorios qu\u00edmicos y de elaboraci\u00f3n de pintura. Calcule con precisi\u00f3n las mezclas de pigmentos, conteo de piezas as\u00ed como tabletas o pellets.<\/p>\n<p><b>Cuenta con las siguientes funciones:<\/b><\/p>\n<ul>\n<li>Compensaci\u00f3n din\u00e1mica de temperatura.<\/li>\n<li>Pantalla LCD de n\u00fameros grandes.<\/li>\n<li>Advertencia de sobrecarga.<\/li>\n<li>Funci\u00f3n de contabilizaci\u00f3n de piezas.<\/li>\n<li>Principio de medici\u00f3n electromagn\u00e9tico.<\/li>\n<li>Conversi\u00f3n de unidades.<\/li>\n<li>Unidades disponibles: g, ox, ct. kg y lb.<\/li>\n<li>Rastreo de cero autom\u00e1tico.<\/li>\n<\/ul>\n","protected":false},"featured_media":7961,"comment_status":"open","ping_status":"closed","template":"","meta":{"_joinchat":[]},"product_brand":[],"product_cat":[87],"product_tag":[],"class_list":{"0":"post-7957","1":"product","2":"type-product","3":"status-publish","4":"has-post-thumbnail","6":"product_cat-balanzas-y-basculas","8":"first","9":"instock","10":"shipping-taxable","11":"product-type-simple"},"yoast_head":"<!-- This site is optimized with the Yoast SEO plugin v26.4 - https:\/\/yoast.com\/wordpress\/plugins\/seo\/ -->\n<title>Balanza Anal\u00edtica Digital 200g-0.0001g - FA2104 - Abaa tienda online<\/title>\n<meta name=\"robots\" content=\"index, follow, max-snippet:-1, max-image-preview:large, max-video-preview:-1\" \/>\n<link rel=\"canonical\" href=\"https:\/\/abaa.mx\/tienda\/balanza-analitica-digital-200g-0-0001g-fa2104\/\" \/>\n<meta property=\"og:locale\" content=\"es_MX\" \/>\n<meta property=\"og:type\" content=\"article\" \/>\n<meta property=\"og:title\" content=\"Balanza Anal\u00edtica Digital 200g-0.0001g - FA2104 - Abaa tienda online\" \/>\n<meta property=\"og:description\" content=\"La balanza anal\u00edtica electr\u00f3nica modelo BL-FA2104 es una herramienta de laboratorio fundamental en aplicaciones qu\u00edmicas, alimentarias y tambi\u00e9n industriales por norma general. Tiene una gran resoluci\u00f3n y una capacidad apropiada para trabajar de laboratorios qu\u00edmicos y de elaboraci\u00f3n de pintura. Calcule con precisi\u00f3n las mezclas de pigmentos, conteo de piezas as\u00ed como tabletas o pellets.  Cuenta con las siguientes funciones:   Compensaci\u00f3n din\u00e1mica de temperatura.  Pantalla LCD de n\u00fameros grandes.  Advertencia de sobrecarga.  Funci\u00f3n de contabilizaci\u00f3n de piezas.  Principio de medici\u00f3n electromagn\u00e9tico.  Conversi\u00f3n de unidades.  Unidades disponibles: g, ox, ct. kg y lb.  Rastreo de cero autom\u00e1tico.\" \/>\n<meta property=\"og:url\" content=\"https:\/\/abaa.mx\/tienda\/balanza-analitica-digital-200g-0-0001g-fa2104\/\" \/>\n<meta property=\"og:site_name\" content=\"Abaa tienda online\" \/>\n<meta property=\"article:modified_time\" content=\"2023-12-01T15:20:56+00:00\" \/>\n<meta property=\"og:image\" content=\"https:\/\/abaa.mx\/tienda\/wp-content\/uploads\/2023\/10\/BIUGED-FA2104.jpg\" \/>\n\t<meta property=\"og:image:width\" content=\"976\" \/>\n\t<meta property=\"og:image:height\" content=\"651\" \/>\n\t<meta property=\"og:image:type\" content=\"image\/jpeg\" \/>\n<meta name=\"twitter:card\" content=\"summary_large_image\" \/>\n<meta name=\"twitter:label1\" content=\"Tiempo de lectura\" \/>\n\t<meta name=\"twitter:data1\" content=\"1 minuto\" \/>\n<script type=\"application\/ld+json\" class=\"yoast-schema-graph\">{\"@context\":\"https:\/\/schema.org\",\"@graph\":[{\"@type\":\"WebPage\",\"@id\":\"https:\/\/abaa.mx\/tienda\/balanza-analitica-digital-200g-0-0001g-fa2104\/\",\"url\":\"https:\/\/abaa.mx\/tienda\/balanza-analitica-digital-200g-0-0001g-fa2104\/\",\"name\":\"Balanza Anal\u00edtica Digital 200g-0.0001g - FA2104 - Abaa tienda online\",\"isPartOf\":{\"@id\":\"https:\/\/abaa.mx\/tienda\/#website\"},\"primaryImageOfPage\":{\"@id\":\"https:\/\/abaa.mx\/tienda\/balanza-analitica-digital-200g-0-0001g-fa2104\/#primaryimage\"},\"image\":{\"@id\":\"https:\/\/abaa.mx\/tienda\/balanza-analitica-digital-200g-0-0001g-fa2104\/#primaryimage\"},\"thumbnailUrl\":\"https:\/\/abaa.mx\/tienda\/wp-content\/uploads\/2023\/10\/BIUGED-FA2104.jpg\",\"datePublished\":\"2023-10-25T20:47:57+00:00\",\"dateModified\":\"2023-12-01T15:20:56+00:00\",\"breadcrumb\":{\"@id\":\"https:\/\/abaa.mx\/tienda\/balanza-analitica-digital-200g-0-0001g-fa2104\/#breadcrumb\"},\"inLanguage\":\"es\",\"potentialAction\":[{\"@type\":\"ReadAction\",\"target\":[\"https:\/\/abaa.mx\/tienda\/balanza-analitica-digital-200g-0-0001g-fa2104\/\"]}]},{\"@type\":\"ImageObject\",\"inLanguage\":\"es\",\"@id\":\"https:\/\/abaa.mx\/tienda\/balanza-analitica-digital-200g-0-0001g-fa2104\/#primaryimage\",\"url\":\"https:\/\/abaa.mx\/tienda\/wp-content\/uploads\/2023\/10\/BIUGED-FA2104.jpg\",\"contentUrl\":\"https:\/\/abaa.mx\/tienda\/wp-content\/uploads\/2023\/10\/BIUGED-FA2104.jpg\",\"width\":976,\"height\":651,\"caption\":\"BIUGED-FA2104\"},{\"@type\":\"BreadcrumbList\",\"@id\":\"https:\/\/abaa.mx\/tienda\/balanza-analitica-digital-200g-0-0001g-fa2104\/#breadcrumb\",\"itemListElement\":[{\"@type\":\"ListItem\",\"position\":1,\"name\":\"Inicio\",\"item\":\"https:\/\/abaa.mx\/tienda\/\"},{\"@type\":\"ListItem\",\"position\":2,\"name\":\"Tienda\",\"item\":\"https:\/\/abaa.mx\/tienda\/\"},{\"@type\":\"ListItem\",\"position\":3,\"name\":\"Balanza Anal\u00edtica Digital 200g-0.0001g &#8211; FA2104\"}]},{\"@type\":\"WebSite\",\"@id\":\"https:\/\/abaa.mx\/tienda\/#website\",\"url\":\"https:\/\/abaa.mx\/tienda\/\",\"name\":\"Abaa tienda online\",\"description\":\"Instrumentos de medici\u00f3n\",\"publisher\":{\"@id\":\"https:\/\/abaa.mx\/tienda\/#organization\"},\"potentialAction\":[{\"@type\":\"SearchAction\",\"target\":{\"@type\":\"EntryPoint\",\"urlTemplate\":\"https:\/\/abaa.mx\/tienda\/?s={search_term_string}\"},\"query-input\":{\"@type\":\"PropertyValueSpecification\",\"valueRequired\":true,\"valueName\":\"search_term_string\"}}],\"inLanguage\":\"es\"},{\"@type\":\"Organization\",\"@id\":\"https:\/\/abaa.mx\/tienda\/#organization\",\"name\":\"Abaa tienda online\",\"url\":\"https:\/\/abaa.mx\/tienda\/\",\"logo\":{\"@type\":\"ImageObject\",\"inLanguage\":\"es\",\"@id\":\"https:\/\/abaa.mx\/tienda\/#\/schema\/logo\/image\/\",\"url\":\"https:\/\/abaa.mx\/tienda\/wp-content\/uploads\/2024\/01\/abaa-metrologia-tienda.png\",\"contentUrl\":\"https:\/\/abaa.mx\/tienda\/wp-content\/uploads\/2024\/01\/abaa-metrologia-tienda.png\",\"width\":300,\"height\":141,\"caption\":\"Abaa tienda online\"},\"image\":{\"@id\":\"https:\/\/abaa.mx\/tienda\/#\/schema\/logo\/image\/\"}}]}<\/script>\n<!-- \/ Yoast SEO plugin. -->","yoast_head_json":{"title":"Balanza Anal\u00edtica Digital 200g-0.0001g - FA2104 - Abaa tienda online","robots":{"index":"index","follow":"follow","max-snippet":"max-snippet:-1","max-image-preview":"max-image-preview:large","max-video-preview":"max-video-preview:-1"},"canonical":"https:\/\/abaa.mx\/tienda\/balanza-analitica-digital-200g-0-0001g-fa2104\/","og_locale":"es_MX","og_type":"article","og_title":"Balanza Anal\u00edtica Digital 200g-0.0001g - FA2104 - Abaa tienda online","og_description":"La balanza anal\u00edtica electr\u00f3nica modelo BL-FA2104 es una herramienta de laboratorio fundamental en aplicaciones qu\u00edmicas, alimentarias y tambi\u00e9n industriales por norma general. Tiene una gran resoluci\u00f3n y una capacidad apropiada para trabajar de laboratorios qu\u00edmicos y de elaboraci\u00f3n de pintura. Calcule con precisi\u00f3n las mezclas de pigmentos, conteo de piezas as\u00ed como tabletas o pellets.  Cuenta con las siguientes funciones:   Compensaci\u00f3n din\u00e1mica de temperatura.  Pantalla LCD de n\u00fameros grandes.  Advertencia de sobrecarga.  Funci\u00f3n de contabilizaci\u00f3n de piezas.  Principio de medici\u00f3n electromagn\u00e9tico.  Conversi\u00f3n de unidades.  Unidades disponibles: g, ox, ct. kg y lb.  Rastreo de cero autom\u00e1tico.","og_url":"https:\/\/abaa.mx\/tienda\/balanza-analitica-digital-200g-0-0001g-fa2104\/","og_site_name":"Abaa tienda online","article_modified_time":"2023-12-01T15:20:56+00:00","og_image":[{"width":976,"height":651,"url":"https:\/\/abaa.mx\/tienda\/wp-content\/uploads\/2023\/10\/BIUGED-FA2104.jpg","type":"image\/jpeg"}],"twitter_card":"summary_large_image","twitter_misc":{"Tiempo de lectura":"1 minuto"},"schema":{"@context":"https:\/\/schema.org","@graph":[{"@type":"WebPage","@id":"https:\/\/abaa.mx\/tienda\/balanza-analitica-digital-200g-0-0001g-fa2104\/","url":"https:\/\/abaa.mx\/tienda\/balanza-analitica-digital-200g-0-0001g-fa2104\/","name":"Balanza Anal\u00edtica Digital 200g-0.0001g - FA2104 - Abaa tienda online","isPartOf":{"@id":"https:\/\/abaa.mx\/tienda\/#website"},"primaryImageOfPage":{"@id":"https:\/\/abaa.mx\/tienda\/balanza-analitica-digital-200g-0-0001g-fa2104\/#primaryimage"},"image":{"@id":"https:\/\/abaa.mx\/tienda\/balanza-analitica-digital-200g-0-0001g-fa2104\/#primaryimage"},"thumbnailUrl":"https:\/\/abaa.mx\/tienda\/wp-content\/uploads\/2023\/10\/BIUGED-FA2104.jpg","datePublished":"2023-10-25T20:47:57+00:00","dateModified":"2023-12-01T15:20:56+00:00","breadcrumb":{"@id":"https:\/\/abaa.mx\/tienda\/balanza-analitica-digital-200g-0-0001g-fa2104\/#breadcrumb"},"inLanguage":"es","potentialAction":[{"@type":"ReadAction","target":["https:\/\/abaa.mx\/tienda\/balanza-analitica-digital-200g-0-0001g-fa2104\/"]}]},{"@type":"ImageObject","inLanguage":"es","@id":"https:\/\/abaa.mx\/tienda\/balanza-analitica-digital-200g-0-0001g-fa2104\/#primaryimage","url":"https:\/\/abaa.mx\/tienda\/wp-content\/uploads\/2023\/10\/BIUGED-FA2104.jpg","contentUrl":"https:\/\/abaa.mx\/tienda\/wp-content\/uploads\/2023\/10\/BIUGED-FA2104.jpg","width":976,"height":651,"caption":"BIUGED-FA2104"},{"@type":"BreadcrumbList","@id":"https:\/\/abaa.mx\/tienda\/balanza-analitica-digital-200g-0-0001g-fa2104\/#breadcrumb","itemListElement":[{"@type":"ListItem","position":1,"name":"Inicio","item":"https:\/\/abaa.mx\/tienda\/"},{"@type":"ListItem","position":2,"name":"Tienda","item":"https:\/\/abaa.mx\/tienda\/"},{"@type":"ListItem","position":3,"name":"Balanza Anal\u00edtica Digital 200g-0.0001g &#8211; FA2104"}]},{"@type":"WebSite","@id":"https:\/\/abaa.mx\/tienda\/#website","url":"https:\/\/abaa.mx\/tienda\/","name":"Abaa tienda online","description":"Instrumentos de medici\u00f3n","publisher":{"@id":"https:\/\/abaa.mx\/tienda\/#organization"},"potentialAction":[{"@type":"SearchAction","target":{"@type":"EntryPoint","urlTemplate":"https:\/\/abaa.mx\/tienda\/?s={search_term_string}"},"query-input":{"@type":"PropertyValueSpecification","valueRequired":true,"valueName":"search_term_string"}}],"inLanguage":"es"},{"@type":"Organization","@id":"https:\/\/abaa.mx\/tienda\/#organization","name":"Abaa tienda online","url":"https:\/\/abaa.mx\/tienda\/","logo":{"@type":"ImageObject","inLanguage":"es","@id":"https:\/\/abaa.mx\/tienda\/#\/schema\/logo\/image\/","url":"https:\/\/abaa.mx\/tienda\/wp-content\/uploads\/2024\/01\/abaa-metrologia-tienda.png","contentUrl":"https:\/\/abaa.mx\/tienda\/wp-content\/uploads\/2024\/01\/abaa-metrologia-tienda.png","width":300,"height":141,"caption":"Abaa tienda online"},"image":{"@id":"https:\/\/abaa.mx\/tienda\/#\/schema\/logo\/image\/"}}]}},"_links":{"self":[{"href":"https:\/\/abaa.mx\/tienda\/wp-json\/wp\/v2\/product\/7957","targetHints":{"allow":["GET"]}}],"collection":[{"href":"https:\/\/abaa.mx\/tienda\/wp-json\/wp\/v2\/product"}],"about":[{"href":"https:\/\/abaa.mx\/tienda\/wp-json\/wp\/v2\/types\/product"}],"replies":[{"embeddable":true,"href":"https:\/\/abaa.mx\/tienda\/wp-json\/wp\/v2\/comments?post=7957"}],"wp:featuredmedia":[{"embeddable":true,"href":"https:\/\/abaa.mx\/tienda\/wp-json\/wp\/v2\/media\/7961"}],"wp:attachment":[{"href":"https:\/\/abaa.mx\/tienda\/wp-json\/wp\/v2\/media?parent=7957"}],"wp:term":[{"taxonomy":"product_brand","embeddable":true,"href":"https:\/\/abaa.mx\/tienda\/wp-json\/wp\/v2\/product_brand?post=7957"},{"taxonomy":"product_cat","embeddable":true,"href":"https:\/\/abaa.mx\/tienda\/wp-json\/wp\/v2\/product_cat?post=7957"},{"taxonomy":"product_tag","embeddable":true,"href":"https:\/\/abaa.mx\/tienda\/wp-json\/wp\/v2\/product_tag?post=7957"}],"curies":[{"name":"wp","href":"https:\/\/api.w.org\/{rel}","templated":true}]}}