{"id":7956,"date":"2023-10-25T20:43:50","date_gmt":"2023-10-25T20:43:50","guid":{"rendered":"https:\/\/abaa.mx\/tienda\/?post_type=product&#038;p=7956"},"modified":"2023-12-01T15:20:04","modified_gmt":"2023-12-01T15:20:04","slug":"balanza-digital-2000g-0-01g-hzta2000","status":"publish","type":"product","link":"https:\/\/abaa.mx\/tienda\/balanza-digital-2000g-0-01g-hzta2000\/","title":{"rendered":"Balanza Digital 2000g-0.01g &#8211; HZTA2000"},"content":{"rendered":"<p>Balanza Digital 2000g\/0.01g &#8211; HZTA2000<\/p>\n","protected":false},"excerpt":{"rendered":"<p>En nuestro cat\u00e1logo de balanzas para laboratorio de pintura se destaca el modelo BL-HTA2000. Estas balanzas digitales tienen la posibilidad de operar conecatadas a corriente electrica o con bater\u00edas alcalinas. Tiene una excelente resolucion de diez miligramos a\u00fan y cuando las balanzas de 2,000 gramos tienden a tener resoluciones mas bajas. Entre otras especificaciones , la balanza puede configurarse para desplegar la medicion en m\u00faltiples opciones de unidades m\u00e9tricas e imperialesa elegir .(por ejemplo : g, oz y lb). En la funci\u00f3n de contador de piezas, la unidad en pantalla se despliega como CT.<\/p>\n<p><b>Caracter\u00edsticas:<\/b><\/p>\n<p>Indicador LED<br \/>\nAlimentaci\u00f3n: CA 110V \u00b1 10% 50HZ \u00b1 1HZ DC 9V<br \/>\nConversi\u00f3n de unidades (g, CT, OZ, 1b)<br \/>\nEspecificaciones:<br \/>\nResoluci\u00f3n: 0.01 gramos<br \/>\nTodo el rango de conversi\u00f3n bruta a neto<br \/>\nCon interfaz RS-232.<br \/>\nMayor resoluci\u00f3n<br \/>\nDi\u00e1metro del plato de prueba:125 mm<br \/>\nCapacidad m\u00e1xima: 2,000 gramos<br \/>\nFunci\u00f3n de calibraci\u00f3n<\/p>\n","protected":false},"featured_media":7959,"comment_status":"open","ping_status":"closed","template":"","meta":{"_joinchat":[]},"product_brand":[],"product_cat":[87],"product_tag":[],"class_list":{"0":"post-7956","1":"product","2":"type-product","3":"status-publish","4":"has-post-thumbnail","6":"product_cat-balanzas-y-basculas","8":"first","9":"instock","10":"shipping-taxable","11":"product-type-simple"},"yoast_head":"<!-- This site is optimized with the Yoast SEO plugin v26.4 - https:\/\/yoast.com\/wordpress\/plugins\/seo\/ -->\n<title>Balanza Digital 2000g-0.01g - HZTA2000 - Abaa tienda online<\/title>\n<meta name=\"robots\" content=\"index, follow, max-snippet:-1, max-image-preview:large, max-video-preview:-1\" \/>\n<link rel=\"canonical\" href=\"https:\/\/abaa.mx\/tienda\/balanza-digital-2000g-0-01g-hzta2000\/\" \/>\n<meta property=\"og:locale\" content=\"es_MX\" \/>\n<meta property=\"og:type\" content=\"article\" \/>\n<meta property=\"og:title\" content=\"Balanza Digital 2000g-0.01g - HZTA2000 - Abaa tienda online\" \/>\n<meta property=\"og:description\" content=\"En nuestro cat\u00e1logo de balanzas para laboratorio de pintura se destaca el modelo BL-HTA2000. Estas balanzas digitales tienen la posibilidad de operar conecatadas a corriente electrica o con bater\u00edas alcalinas. Tiene una excelente resolucion de diez miligramos a\u00fan y cuando las balanzas de 2,000 gramos tienden a tener resoluciones mas bajas. Entre otras especificaciones , la balanza puede configurarse para desplegar la medicion en m\u00faltiples opciones de unidades m\u00e9tricas e imperialesa elegir .(por ejemplo : g, oz y lb). En la funci\u00f3n de contador de piezas, la unidad en pantalla se despliega como CT.  Caracter\u00edsticas:  Indicador LED Alimentaci\u00f3n: CA 110V \u00b1 10% 50HZ \u00b1 1HZ DC 9V Conversi\u00f3n de unidades (g, CT, OZ, 1b) Especificaciones: Resoluci\u00f3n: 0.01 gramos Todo el rango de conversi\u00f3n bruta a neto Con interfaz RS-232. Mayor resoluci\u00f3n Di\u00e1metro del plato de prueba:125 mm Capacidad m\u00e1xima: 2,000 gramos Funci\u00f3n de calibraci\u00f3n\" \/>\n<meta property=\"og:url\" content=\"https:\/\/abaa.mx\/tienda\/balanza-digital-2000g-0-01g-hzta2000\/\" \/>\n<meta property=\"og:site_name\" content=\"Abaa tienda online\" \/>\n<meta property=\"article:modified_time\" content=\"2023-12-01T15:20:04+00:00\" \/>\n<meta property=\"og:image\" content=\"https:\/\/abaa.mx\/tienda\/wp-content\/uploads\/2023\/10\/BIUGED-HZTA2000.jpg\" \/>\n\t<meta property=\"og:image:width\" content=\"752\" \/>\n\t<meta property=\"og:image:height\" content=\"654\" \/>\n\t<meta property=\"og:image:type\" content=\"image\/jpeg\" \/>\n<meta name=\"twitter:card\" content=\"summary_large_image\" \/>\n<meta name=\"twitter:label1\" content=\"Tiempo de lectura\" \/>\n\t<meta name=\"twitter:data1\" content=\"1 minuto\" \/>\n<script type=\"application\/ld+json\" class=\"yoast-schema-graph\">{\"@context\":\"https:\/\/schema.org\",\"@graph\":[{\"@type\":\"WebPage\",\"@id\":\"https:\/\/abaa.mx\/tienda\/balanza-digital-2000g-0-01g-hzta2000\/\",\"url\":\"https:\/\/abaa.mx\/tienda\/balanza-digital-2000g-0-01g-hzta2000\/\",\"name\":\"Balanza Digital 2000g-0.01g - HZTA2000 - Abaa tienda online\",\"isPartOf\":{\"@id\":\"https:\/\/abaa.mx\/tienda\/#website\"},\"primaryImageOfPage\":{\"@id\":\"https:\/\/abaa.mx\/tienda\/balanza-digital-2000g-0-01g-hzta2000\/#primaryimage\"},\"image\":{\"@id\":\"https:\/\/abaa.mx\/tienda\/balanza-digital-2000g-0-01g-hzta2000\/#primaryimage\"},\"thumbnailUrl\":\"https:\/\/abaa.mx\/tienda\/wp-content\/uploads\/2023\/10\/BIUGED-HZTA2000.jpg\",\"datePublished\":\"2023-10-25T20:43:50+00:00\",\"dateModified\":\"2023-12-01T15:20:04+00:00\",\"breadcrumb\":{\"@id\":\"https:\/\/abaa.mx\/tienda\/balanza-digital-2000g-0-01g-hzta2000\/#breadcrumb\"},\"inLanguage\":\"es\",\"potentialAction\":[{\"@type\":\"ReadAction\",\"target\":[\"https:\/\/abaa.mx\/tienda\/balanza-digital-2000g-0-01g-hzta2000\/\"]}]},{\"@type\":\"ImageObject\",\"inLanguage\":\"es\",\"@id\":\"https:\/\/abaa.mx\/tienda\/balanza-digital-2000g-0-01g-hzta2000\/#primaryimage\",\"url\":\"https:\/\/abaa.mx\/tienda\/wp-content\/uploads\/2023\/10\/BIUGED-HZTA2000.jpg\",\"contentUrl\":\"https:\/\/abaa.mx\/tienda\/wp-content\/uploads\/2023\/10\/BIUGED-HZTA2000.jpg\",\"width\":752,\"height\":654,\"caption\":\"BIUGED-HZTA2000\"},{\"@type\":\"BreadcrumbList\",\"@id\":\"https:\/\/abaa.mx\/tienda\/balanza-digital-2000g-0-01g-hzta2000\/#breadcrumb\",\"itemListElement\":[{\"@type\":\"ListItem\",\"position\":1,\"name\":\"Inicio\",\"item\":\"https:\/\/abaa.mx\/tienda\/\"},{\"@type\":\"ListItem\",\"position\":2,\"name\":\"Tienda\",\"item\":\"https:\/\/abaa.mx\/tienda\/\"},{\"@type\":\"ListItem\",\"position\":3,\"name\":\"Balanza Digital 2000g-0.01g &#8211; HZTA2000\"}]},{\"@type\":\"WebSite\",\"@id\":\"https:\/\/abaa.mx\/tienda\/#website\",\"url\":\"https:\/\/abaa.mx\/tienda\/\",\"name\":\"Abaa tienda online\",\"description\":\"Instrumentos de medici\u00f3n\",\"publisher\":{\"@id\":\"https:\/\/abaa.mx\/tienda\/#organization\"},\"potentialAction\":[{\"@type\":\"SearchAction\",\"target\":{\"@type\":\"EntryPoint\",\"urlTemplate\":\"https:\/\/abaa.mx\/tienda\/?s={search_term_string}\"},\"query-input\":{\"@type\":\"PropertyValueSpecification\",\"valueRequired\":true,\"valueName\":\"search_term_string\"}}],\"inLanguage\":\"es\"},{\"@type\":\"Organization\",\"@id\":\"https:\/\/abaa.mx\/tienda\/#organization\",\"name\":\"Abaa tienda online\",\"url\":\"https:\/\/abaa.mx\/tienda\/\",\"logo\":{\"@type\":\"ImageObject\",\"inLanguage\":\"es\",\"@id\":\"https:\/\/abaa.mx\/tienda\/#\/schema\/logo\/image\/\",\"url\":\"https:\/\/abaa.mx\/tienda\/wp-content\/uploads\/2024\/01\/abaa-metrologia-tienda.png\",\"contentUrl\":\"https:\/\/abaa.mx\/tienda\/wp-content\/uploads\/2024\/01\/abaa-metrologia-tienda.png\",\"width\":300,\"height\":141,\"caption\":\"Abaa tienda online\"},\"image\":{\"@id\":\"https:\/\/abaa.mx\/tienda\/#\/schema\/logo\/image\/\"}}]}<\/script>\n<!-- \/ Yoast SEO plugin. -->","yoast_head_json":{"title":"Balanza Digital 2000g-0.01g - HZTA2000 - Abaa tienda online","robots":{"index":"index","follow":"follow","max-snippet":"max-snippet:-1","max-image-preview":"max-image-preview:large","max-video-preview":"max-video-preview:-1"},"canonical":"https:\/\/abaa.mx\/tienda\/balanza-digital-2000g-0-01g-hzta2000\/","og_locale":"es_MX","og_type":"article","og_title":"Balanza Digital 2000g-0.01g - HZTA2000 - Abaa tienda online","og_description":"En nuestro cat\u00e1logo de balanzas para laboratorio de pintura se destaca el modelo BL-HTA2000. Estas balanzas digitales tienen la posibilidad de operar conecatadas a corriente electrica o con bater\u00edas alcalinas. Tiene una excelente resolucion de diez miligramos a\u00fan y cuando las balanzas de 2,000 gramos tienden a tener resoluciones mas bajas. Entre otras especificaciones , la balanza puede configurarse para desplegar la medicion en m\u00faltiples opciones de unidades m\u00e9tricas e imperialesa elegir .(por ejemplo : g, oz y lb). En la funci\u00f3n de contador de piezas, la unidad en pantalla se despliega como CT.  Caracter\u00edsticas:  Indicador LED Alimentaci\u00f3n: CA 110V \u00b1 10% 50HZ \u00b1 1HZ DC 9V Conversi\u00f3n de unidades (g, CT, OZ, 1b) Especificaciones: Resoluci\u00f3n: 0.01 gramos Todo el rango de conversi\u00f3n bruta a neto Con interfaz RS-232. Mayor resoluci\u00f3n Di\u00e1metro del plato de prueba:125 mm Capacidad m\u00e1xima: 2,000 gramos Funci\u00f3n de calibraci\u00f3n","og_url":"https:\/\/abaa.mx\/tienda\/balanza-digital-2000g-0-01g-hzta2000\/","og_site_name":"Abaa tienda online","article_modified_time":"2023-12-01T15:20:04+00:00","og_image":[{"width":752,"height":654,"url":"https:\/\/abaa.mx\/tienda\/wp-content\/uploads\/2023\/10\/BIUGED-HZTA2000.jpg","type":"image\/jpeg"}],"twitter_card":"summary_large_image","twitter_misc":{"Tiempo de lectura":"1 minuto"},"schema":{"@context":"https:\/\/schema.org","@graph":[{"@type":"WebPage","@id":"https:\/\/abaa.mx\/tienda\/balanza-digital-2000g-0-01g-hzta2000\/","url":"https:\/\/abaa.mx\/tienda\/balanza-digital-2000g-0-01g-hzta2000\/","name":"Balanza Digital 2000g-0.01g - HZTA2000 - Abaa tienda online","isPartOf":{"@id":"https:\/\/abaa.mx\/tienda\/#website"},"primaryImageOfPage":{"@id":"https:\/\/abaa.mx\/tienda\/balanza-digital-2000g-0-01g-hzta2000\/#primaryimage"},"image":{"@id":"https:\/\/abaa.mx\/tienda\/balanza-digital-2000g-0-01g-hzta2000\/#primaryimage"},"thumbnailUrl":"https:\/\/abaa.mx\/tienda\/wp-content\/uploads\/2023\/10\/BIUGED-HZTA2000.jpg","datePublished":"2023-10-25T20:43:50+00:00","dateModified":"2023-12-01T15:20:04+00:00","breadcrumb":{"@id":"https:\/\/abaa.mx\/tienda\/balanza-digital-2000g-0-01g-hzta2000\/#breadcrumb"},"inLanguage":"es","potentialAction":[{"@type":"ReadAction","target":["https:\/\/abaa.mx\/tienda\/balanza-digital-2000g-0-01g-hzta2000\/"]}]},{"@type":"ImageObject","inLanguage":"es","@id":"https:\/\/abaa.mx\/tienda\/balanza-digital-2000g-0-01g-hzta2000\/#primaryimage","url":"https:\/\/abaa.mx\/tienda\/wp-content\/uploads\/2023\/10\/BIUGED-HZTA2000.jpg","contentUrl":"https:\/\/abaa.mx\/tienda\/wp-content\/uploads\/2023\/10\/BIUGED-HZTA2000.jpg","width":752,"height":654,"caption":"BIUGED-HZTA2000"},{"@type":"BreadcrumbList","@id":"https:\/\/abaa.mx\/tienda\/balanza-digital-2000g-0-01g-hzta2000\/#breadcrumb","itemListElement":[{"@type":"ListItem","position":1,"name":"Inicio","item":"https:\/\/abaa.mx\/tienda\/"},{"@type":"ListItem","position":2,"name":"Tienda","item":"https:\/\/abaa.mx\/tienda\/"},{"@type":"ListItem","position":3,"name":"Balanza Digital 2000g-0.01g &#8211; HZTA2000"}]},{"@type":"WebSite","@id":"https:\/\/abaa.mx\/tienda\/#website","url":"https:\/\/abaa.mx\/tienda\/","name":"Abaa tienda online","description":"Instrumentos de medici\u00f3n","publisher":{"@id":"https:\/\/abaa.mx\/tienda\/#organization"},"potentialAction":[{"@type":"SearchAction","target":{"@type":"EntryPoint","urlTemplate":"https:\/\/abaa.mx\/tienda\/?s={search_term_string}"},"query-input":{"@type":"PropertyValueSpecification","valueRequired":true,"valueName":"search_term_string"}}],"inLanguage":"es"},{"@type":"Organization","@id":"https:\/\/abaa.mx\/tienda\/#organization","name":"Abaa tienda online","url":"https:\/\/abaa.mx\/tienda\/","logo":{"@type":"ImageObject","inLanguage":"es","@id":"https:\/\/abaa.mx\/tienda\/#\/schema\/logo\/image\/","url":"https:\/\/abaa.mx\/tienda\/wp-content\/uploads\/2024\/01\/abaa-metrologia-tienda.png","contentUrl":"https:\/\/abaa.mx\/tienda\/wp-content\/uploads\/2024\/01\/abaa-metrologia-tienda.png","width":300,"height":141,"caption":"Abaa tienda online"},"image":{"@id":"https:\/\/abaa.mx\/tienda\/#\/schema\/logo\/image\/"}}]}},"_links":{"self":[{"href":"https:\/\/abaa.mx\/tienda\/wp-json\/wp\/v2\/product\/7956","targetHints":{"allow":["GET"]}}],"collection":[{"href":"https:\/\/abaa.mx\/tienda\/wp-json\/wp\/v2\/product"}],"about":[{"href":"https:\/\/abaa.mx\/tienda\/wp-json\/wp\/v2\/types\/product"}],"replies":[{"embeddable":true,"href":"https:\/\/abaa.mx\/tienda\/wp-json\/wp\/v2\/comments?post=7956"}],"wp:featuredmedia":[{"embeddable":true,"href":"https:\/\/abaa.mx\/tienda\/wp-json\/wp\/v2\/media\/7959"}],"wp:attachment":[{"href":"https:\/\/abaa.mx\/tienda\/wp-json\/wp\/v2\/media?parent=7956"}],"wp:term":[{"taxonomy":"product_brand","embeddable":true,"href":"https:\/\/abaa.mx\/tienda\/wp-json\/wp\/v2\/product_brand?post=7956"},{"taxonomy":"product_cat","embeddable":true,"href":"https:\/\/abaa.mx\/tienda\/wp-json\/wp\/v2\/product_cat?post=7956"},{"taxonomy":"product_tag","embeddable":true,"href":"https:\/\/abaa.mx\/tienda\/wp-json\/wp\/v2\/product_tag?post=7956"}],"curies":[{"name":"wp","href":"https:\/\/api.w.org\/{rel}","templated":true}]}}