{"id":7953,"date":"2023-10-25T20:36:43","date_gmt":"2023-10-25T20:36:43","guid":{"rendered":"https:\/\/abaa.mx\/tienda\/?post_type=product&#038;p=7953"},"modified":"2023-12-01T15:19:43","modified_gmt":"2023-12-01T15:19:43","slug":"balanza-digital-300-g-0-1-mg-huazhi-ptxfa300","status":"publish","type":"product","link":"https:\/\/abaa.mx\/tienda\/balanza-digital-300-g-0-1-mg-huazhi-ptxfa300\/","title":{"rendered":"Balanza Digital 300 g-0.1 mg, Huazhi &#8211; PTXFA300"},"content":{"rendered":"<p>Balanza Digital 300 g\/0.1 mg, Huazhi &#8211; PTXFA300<\/p>\n","protected":false},"excerpt":{"rendered":"<p>PTX Professional Tipo de balanzas anal\u00edticas \/ de precisi\u00f3n Serie PTX con nueva placa madre num\u00e9rica: tecnolog\u00eda mainboard m\u00faltiple, mayor integraci\u00f3n Proyecto. El c\u00f3mputo de la serie de PTX tiene mucha diversa app , tecnolog\u00eda anti choque capaz m\u00faltiple, compensaci\u00f3n de la temperatura con la gama entera, tecnolog\u00eda capaz multipunto del anti shock, compensaci\u00f3n de la temperatura con la gama entera, calibraci\u00f3n multipuesto de la linealidad y de esta forma consecutivamente. El software enormemente compatible del software satisface enormemente la solicitud avanzada del usuario del c\u00f3mputo de la alta precisi\u00f3n.<\/p>\n<p><b>Caracter\u00edstica:<\/b><\/p>\n<ul>\n<li>Sensor de bloque mono mono<\/li>\n<li>Pantalla LCD grande<\/li>\n<li>Ajuste con l\u00ednea RS232 \/ USB<\/li>\n<li>Configuraci\u00f3n de hora y fecha<\/li>\n<li>Tiempo de estabilidad de pesaje ajustable<\/li>\n<li>Autom\u00e1tica Funci\u00f3n de calibraci\u00f3n interna inteligente<\/li>\n<li>Modo de pesaje predeterminado autom\u00e1ticamente<\/li>\n<li>20 Escudo de la unidad: g, ct, lb, onza, ozt, GN, dwt, N, t, T \/ A \/ R.<\/li>\n<li>Con la temperatura de visualizaci\u00f3n<\/li>\n<li>Seis niveles de funci\u00f3n anti-choque ajustable<\/li>\n<li>Con debajo del gancho<\/li>\n<\/ul>\n","protected":false},"featured_media":7958,"comment_status":"open","ping_status":"closed","template":"","meta":{"_joinchat":[]},"product_brand":[],"product_cat":[87],"product_tag":[],"class_list":{"0":"post-7953","1":"product","2":"type-product","3":"status-publish","4":"has-post-thumbnail","6":"product_cat-balanzas-y-basculas","8":"first","9":"instock","10":"shipping-taxable","11":"product-type-simple"},"yoast_head":"<!-- This site is optimized with the Yoast SEO plugin v26.4 - https:\/\/yoast.com\/wordpress\/plugins\/seo\/ -->\n<title>Balanza Digital 300 g-0.1 mg, Huazhi - PTXFA300 - Abaa tienda online<\/title>\n<meta name=\"robots\" content=\"index, follow, max-snippet:-1, max-image-preview:large, max-video-preview:-1\" \/>\n<link rel=\"canonical\" href=\"https:\/\/abaa.mx\/tienda\/balanza-digital-300-g-0-1-mg-huazhi-ptxfa300\/\" \/>\n<meta property=\"og:locale\" content=\"es_MX\" \/>\n<meta property=\"og:type\" content=\"article\" \/>\n<meta property=\"og:title\" content=\"Balanza Digital 300 g-0.1 mg, Huazhi - PTXFA300 - Abaa tienda online\" \/>\n<meta property=\"og:description\" content=\"PTX Professional Tipo de balanzas anal\u00edticas \/ de precisi\u00f3n Serie PTX con nueva placa madre num\u00e9rica: tecnolog\u00eda mainboard m\u00faltiple, mayor integraci\u00f3n Proyecto. El c\u00f3mputo de la serie de PTX tiene mucha diversa app , tecnolog\u00eda anti choque capaz m\u00faltiple, compensaci\u00f3n de la temperatura con la gama entera, tecnolog\u00eda capaz multipunto del anti shock, compensaci\u00f3n de la temperatura con la gama entera, calibraci\u00f3n multipuesto de la linealidad y de esta forma consecutivamente. El software enormemente compatible del software satisface enormemente la solicitud avanzada del usuario del c\u00f3mputo de la alta precisi\u00f3n.  Caracter\u00edstica:   Sensor de bloque mono mono  Pantalla LCD grande  Ajuste con l\u00ednea RS232 \/ USB  Configuraci\u00f3n de hora y fecha  Tiempo de estabilidad de pesaje ajustable  Autom\u00e1tica Funci\u00f3n de calibraci\u00f3n interna inteligente  Modo de pesaje predeterminado autom\u00e1ticamente  20 Escudo de la unidad: g, ct, lb, onza, ozt, GN, dwt, N, t, T \/ A \/ R.  Con la temperatura de visualizaci\u00f3n  Seis niveles de funci\u00f3n anti-choque ajustable  Con debajo del gancho\" \/>\n<meta property=\"og:url\" content=\"https:\/\/abaa.mx\/tienda\/balanza-digital-300-g-0-1-mg-huazhi-ptxfa300\/\" \/>\n<meta property=\"og:site_name\" content=\"Abaa tienda online\" \/>\n<meta property=\"article:modified_time\" content=\"2023-12-01T15:19:43+00:00\" \/>\n<meta property=\"og:image\" content=\"https:\/\/abaa.mx\/tienda\/wp-content\/uploads\/2023\/10\/HUAZHI-PTXFA300.jpg\" \/>\n\t<meta property=\"og:image:width\" content=\"579\" \/>\n\t<meta property=\"og:image:height\" content=\"386\" \/>\n\t<meta property=\"og:image:type\" content=\"image\/jpeg\" \/>\n<meta name=\"twitter:card\" content=\"summary_large_image\" \/>\n<meta name=\"twitter:label1\" content=\"Tiempo de lectura\" \/>\n\t<meta name=\"twitter:data1\" content=\"1 minuto\" \/>\n<script type=\"application\/ld+json\" class=\"yoast-schema-graph\">{\"@context\":\"https:\/\/schema.org\",\"@graph\":[{\"@type\":\"WebPage\",\"@id\":\"https:\/\/abaa.mx\/tienda\/balanza-digital-300-g-0-1-mg-huazhi-ptxfa300\/\",\"url\":\"https:\/\/abaa.mx\/tienda\/balanza-digital-300-g-0-1-mg-huazhi-ptxfa300\/\",\"name\":\"Balanza Digital 300 g-0.1 mg, Huazhi - PTXFA300 - Abaa tienda online\",\"isPartOf\":{\"@id\":\"https:\/\/abaa.mx\/tienda\/#website\"},\"primaryImageOfPage\":{\"@id\":\"https:\/\/abaa.mx\/tienda\/balanza-digital-300-g-0-1-mg-huazhi-ptxfa300\/#primaryimage\"},\"image\":{\"@id\":\"https:\/\/abaa.mx\/tienda\/balanza-digital-300-g-0-1-mg-huazhi-ptxfa300\/#primaryimage\"},\"thumbnailUrl\":\"https:\/\/abaa.mx\/tienda\/wp-content\/uploads\/2023\/10\/HUAZHI-PTXFA300.jpg\",\"datePublished\":\"2023-10-25T20:36:43+00:00\",\"dateModified\":\"2023-12-01T15:19:43+00:00\",\"breadcrumb\":{\"@id\":\"https:\/\/abaa.mx\/tienda\/balanza-digital-300-g-0-1-mg-huazhi-ptxfa300\/#breadcrumb\"},\"inLanguage\":\"es\",\"potentialAction\":[{\"@type\":\"ReadAction\",\"target\":[\"https:\/\/abaa.mx\/tienda\/balanza-digital-300-g-0-1-mg-huazhi-ptxfa300\/\"]}]},{\"@type\":\"ImageObject\",\"inLanguage\":\"es\",\"@id\":\"https:\/\/abaa.mx\/tienda\/balanza-digital-300-g-0-1-mg-huazhi-ptxfa300\/#primaryimage\",\"url\":\"https:\/\/abaa.mx\/tienda\/wp-content\/uploads\/2023\/10\/HUAZHI-PTXFA300.jpg\",\"contentUrl\":\"https:\/\/abaa.mx\/tienda\/wp-content\/uploads\/2023\/10\/HUAZHI-PTXFA300.jpg\",\"width\":579,\"height\":386,\"caption\":\"HUAZHI-PTXFA300\"},{\"@type\":\"BreadcrumbList\",\"@id\":\"https:\/\/abaa.mx\/tienda\/balanza-digital-300-g-0-1-mg-huazhi-ptxfa300\/#breadcrumb\",\"itemListElement\":[{\"@type\":\"ListItem\",\"position\":1,\"name\":\"Inicio\",\"item\":\"https:\/\/abaa.mx\/tienda\/\"},{\"@type\":\"ListItem\",\"position\":2,\"name\":\"Tienda\",\"item\":\"https:\/\/abaa.mx\/tienda\/\"},{\"@type\":\"ListItem\",\"position\":3,\"name\":\"Balanza Digital 300 g-0.1 mg, Huazhi &#8211; PTXFA300\"}]},{\"@type\":\"WebSite\",\"@id\":\"https:\/\/abaa.mx\/tienda\/#website\",\"url\":\"https:\/\/abaa.mx\/tienda\/\",\"name\":\"Abaa tienda online\",\"description\":\"Instrumentos de medici\u00f3n\",\"publisher\":{\"@id\":\"https:\/\/abaa.mx\/tienda\/#organization\"},\"potentialAction\":[{\"@type\":\"SearchAction\",\"target\":{\"@type\":\"EntryPoint\",\"urlTemplate\":\"https:\/\/abaa.mx\/tienda\/?s={search_term_string}\"},\"query-input\":{\"@type\":\"PropertyValueSpecification\",\"valueRequired\":true,\"valueName\":\"search_term_string\"}}],\"inLanguage\":\"es\"},{\"@type\":\"Organization\",\"@id\":\"https:\/\/abaa.mx\/tienda\/#organization\",\"name\":\"Abaa tienda online\",\"url\":\"https:\/\/abaa.mx\/tienda\/\",\"logo\":{\"@type\":\"ImageObject\",\"inLanguage\":\"es\",\"@id\":\"https:\/\/abaa.mx\/tienda\/#\/schema\/logo\/image\/\",\"url\":\"https:\/\/abaa.mx\/tienda\/wp-content\/uploads\/2024\/01\/abaa-metrologia-tienda.png\",\"contentUrl\":\"https:\/\/abaa.mx\/tienda\/wp-content\/uploads\/2024\/01\/abaa-metrologia-tienda.png\",\"width\":300,\"height\":141,\"caption\":\"Abaa tienda online\"},\"image\":{\"@id\":\"https:\/\/abaa.mx\/tienda\/#\/schema\/logo\/image\/\"}}]}<\/script>\n<!-- \/ Yoast SEO plugin. -->","yoast_head_json":{"title":"Balanza Digital 300 g-0.1 mg, Huazhi - PTXFA300 - Abaa tienda online","robots":{"index":"index","follow":"follow","max-snippet":"max-snippet:-1","max-image-preview":"max-image-preview:large","max-video-preview":"max-video-preview:-1"},"canonical":"https:\/\/abaa.mx\/tienda\/balanza-digital-300-g-0-1-mg-huazhi-ptxfa300\/","og_locale":"es_MX","og_type":"article","og_title":"Balanza Digital 300 g-0.1 mg, Huazhi - PTXFA300 - Abaa tienda online","og_description":"PTX Professional Tipo de balanzas anal\u00edticas \/ de precisi\u00f3n Serie PTX con nueva placa madre num\u00e9rica: tecnolog\u00eda mainboard m\u00faltiple, mayor integraci\u00f3n Proyecto. El c\u00f3mputo de la serie de PTX tiene mucha diversa app , tecnolog\u00eda anti choque capaz m\u00faltiple, compensaci\u00f3n de la temperatura con la gama entera, tecnolog\u00eda capaz multipunto del anti shock, compensaci\u00f3n de la temperatura con la gama entera, calibraci\u00f3n multipuesto de la linealidad y de esta forma consecutivamente. El software enormemente compatible del software satisface enormemente la solicitud avanzada del usuario del c\u00f3mputo de la alta precisi\u00f3n.  Caracter\u00edstica:   Sensor de bloque mono mono  Pantalla LCD grande  Ajuste con l\u00ednea RS232 \/ USB  Configuraci\u00f3n de hora y fecha  Tiempo de estabilidad de pesaje ajustable  Autom\u00e1tica Funci\u00f3n de calibraci\u00f3n interna inteligente  Modo de pesaje predeterminado autom\u00e1ticamente  20 Escudo de la unidad: g, ct, lb, onza, ozt, GN, dwt, N, t, T \/ A \/ R.  Con la temperatura de visualizaci\u00f3n  Seis niveles de funci\u00f3n anti-choque ajustable  Con debajo del gancho","og_url":"https:\/\/abaa.mx\/tienda\/balanza-digital-300-g-0-1-mg-huazhi-ptxfa300\/","og_site_name":"Abaa tienda online","article_modified_time":"2023-12-01T15:19:43+00:00","og_image":[{"width":579,"height":386,"url":"https:\/\/abaa.mx\/tienda\/wp-content\/uploads\/2023\/10\/HUAZHI-PTXFA300.jpg","type":"image\/jpeg"}],"twitter_card":"summary_large_image","twitter_misc":{"Tiempo de lectura":"1 minuto"},"schema":{"@context":"https:\/\/schema.org","@graph":[{"@type":"WebPage","@id":"https:\/\/abaa.mx\/tienda\/balanza-digital-300-g-0-1-mg-huazhi-ptxfa300\/","url":"https:\/\/abaa.mx\/tienda\/balanza-digital-300-g-0-1-mg-huazhi-ptxfa300\/","name":"Balanza Digital 300 g-0.1 mg, Huazhi - PTXFA300 - Abaa tienda online","isPartOf":{"@id":"https:\/\/abaa.mx\/tienda\/#website"},"primaryImageOfPage":{"@id":"https:\/\/abaa.mx\/tienda\/balanza-digital-300-g-0-1-mg-huazhi-ptxfa300\/#primaryimage"},"image":{"@id":"https:\/\/abaa.mx\/tienda\/balanza-digital-300-g-0-1-mg-huazhi-ptxfa300\/#primaryimage"},"thumbnailUrl":"https:\/\/abaa.mx\/tienda\/wp-content\/uploads\/2023\/10\/HUAZHI-PTXFA300.jpg","datePublished":"2023-10-25T20:36:43+00:00","dateModified":"2023-12-01T15:19:43+00:00","breadcrumb":{"@id":"https:\/\/abaa.mx\/tienda\/balanza-digital-300-g-0-1-mg-huazhi-ptxfa300\/#breadcrumb"},"inLanguage":"es","potentialAction":[{"@type":"ReadAction","target":["https:\/\/abaa.mx\/tienda\/balanza-digital-300-g-0-1-mg-huazhi-ptxfa300\/"]}]},{"@type":"ImageObject","inLanguage":"es","@id":"https:\/\/abaa.mx\/tienda\/balanza-digital-300-g-0-1-mg-huazhi-ptxfa300\/#primaryimage","url":"https:\/\/abaa.mx\/tienda\/wp-content\/uploads\/2023\/10\/HUAZHI-PTXFA300.jpg","contentUrl":"https:\/\/abaa.mx\/tienda\/wp-content\/uploads\/2023\/10\/HUAZHI-PTXFA300.jpg","width":579,"height":386,"caption":"HUAZHI-PTXFA300"},{"@type":"BreadcrumbList","@id":"https:\/\/abaa.mx\/tienda\/balanza-digital-300-g-0-1-mg-huazhi-ptxfa300\/#breadcrumb","itemListElement":[{"@type":"ListItem","position":1,"name":"Inicio","item":"https:\/\/abaa.mx\/tienda\/"},{"@type":"ListItem","position":2,"name":"Tienda","item":"https:\/\/abaa.mx\/tienda\/"},{"@type":"ListItem","position":3,"name":"Balanza Digital 300 g-0.1 mg, Huazhi &#8211; PTXFA300"}]},{"@type":"WebSite","@id":"https:\/\/abaa.mx\/tienda\/#website","url":"https:\/\/abaa.mx\/tienda\/","name":"Abaa tienda online","description":"Instrumentos de medici\u00f3n","publisher":{"@id":"https:\/\/abaa.mx\/tienda\/#organization"},"potentialAction":[{"@type":"SearchAction","target":{"@type":"EntryPoint","urlTemplate":"https:\/\/abaa.mx\/tienda\/?s={search_term_string}"},"query-input":{"@type":"PropertyValueSpecification","valueRequired":true,"valueName":"search_term_string"}}],"inLanguage":"es"},{"@type":"Organization","@id":"https:\/\/abaa.mx\/tienda\/#organization","name":"Abaa tienda online","url":"https:\/\/abaa.mx\/tienda\/","logo":{"@type":"ImageObject","inLanguage":"es","@id":"https:\/\/abaa.mx\/tienda\/#\/schema\/logo\/image\/","url":"https:\/\/abaa.mx\/tienda\/wp-content\/uploads\/2024\/01\/abaa-metrologia-tienda.png","contentUrl":"https:\/\/abaa.mx\/tienda\/wp-content\/uploads\/2024\/01\/abaa-metrologia-tienda.png","width":300,"height":141,"caption":"Abaa tienda online"},"image":{"@id":"https:\/\/abaa.mx\/tienda\/#\/schema\/logo\/image\/"}}]}},"_links":{"self":[{"href":"https:\/\/abaa.mx\/tienda\/wp-json\/wp\/v2\/product\/7953","targetHints":{"allow":["GET"]}}],"collection":[{"href":"https:\/\/abaa.mx\/tienda\/wp-json\/wp\/v2\/product"}],"about":[{"href":"https:\/\/abaa.mx\/tienda\/wp-json\/wp\/v2\/types\/product"}],"replies":[{"embeddable":true,"href":"https:\/\/abaa.mx\/tienda\/wp-json\/wp\/v2\/comments?post=7953"}],"wp:featuredmedia":[{"embeddable":true,"href":"https:\/\/abaa.mx\/tienda\/wp-json\/wp\/v2\/media\/7958"}],"wp:attachment":[{"href":"https:\/\/abaa.mx\/tienda\/wp-json\/wp\/v2\/media?parent=7953"}],"wp:term":[{"taxonomy":"product_brand","embeddable":true,"href":"https:\/\/abaa.mx\/tienda\/wp-json\/wp\/v2\/product_brand?post=7953"},{"taxonomy":"product_cat","embeddable":true,"href":"https:\/\/abaa.mx\/tienda\/wp-json\/wp\/v2\/product_cat?post=7953"},{"taxonomy":"product_tag","embeddable":true,"href":"https:\/\/abaa.mx\/tienda\/wp-json\/wp\/v2\/product_tag?post=7953"}],"curies":[{"name":"wp","href":"https:\/\/api.w.org\/{rel}","templated":true}]}}