{"id":7949,"date":"2023-10-25T20:24:32","date_gmt":"2023-10-25T20:24:32","guid":{"rendered":"https:\/\/abaa.mx\/tienda\/?post_type=product&#038;p=7949"},"modified":"2023-12-01T15:18:01","modified_gmt":"2023-12-01T15:18:01","slug":"balanza-digital-5000g-1g-gm5000","status":"publish","type":"product","link":"https:\/\/abaa.mx\/tienda\/balanza-digital-5000g-1g-gm5000\/","title":{"rendered":"Balanza Digital 5000g-1g &#8211; GM5000"},"content":{"rendered":"<p>Balanza Digital 5000g\/1g &#8211; GM5000<\/p>\n","protected":false},"excerpt":{"rendered":"<p><b>Caracter\u00edsticas:<\/b><\/p>\n<p>Dimensiones:Gabinete: 250 x 188 x 70 mm, Charola: 185 x 185 mm<br \/>\nTemperatura de operaci\u00f3n: 0\u00baC a 50\u00baC<br \/>\nCaja resistente del ABS de la cubierta del ABS.<br \/>\nFuente de poder: 6 pza. de bater\u00eda alcalina tipo AA de 1.5 VCD<br \/>\nHumedad de operaci\u00f3n: 80% m\u00e1xima (no condensante)<br \/>\nAlta resoluci\u00f3n y amplia capacidad de medici\u00f3n, 5.000 g x 1 g.<br \/>\nResoluci\u00f3n: 1 gramo<br \/>\nExhibici\u00f3n grande del LCD, tama\u00f1o del d\u00edgito de 18 mil\u00edmetros (0.7 &#8220;), lectura f\u00e1cil hacia fuera.<br \/>\nUnidades de Medida:gramos (g) y onzas (oz), elegibles por medio de un interruptor<br \/>\nCon la salida de datos de la serie del ordenador.<br \/>\nTransductor: Celda de carga<br \/>\nArt\u00edculos incluidos en la compra:Manual de operaci\u00f3n, balanza de 5000g<br \/>\nCapacidad: 5000 gramos<br \/>\nPrecisi\u00f3n (a 23.5\u00baC):+\/- (3% + 1d)<br \/>\nConstruido en gramos y oz unidad de visualizaci\u00f3n, seleccione por el interruptor deslizante interno.<br \/>\nGM-501 sistema incorporado de la calibraci\u00f3n del uno mismo, alta precisi\u00f3n.<br \/>\nCircuito del microprocesador con alta exactitud y un mejor funcionamiento.<\/p>\n","protected":false},"featured_media":7951,"comment_status":"open","ping_status":"closed","template":"","meta":{"_joinchat":[]},"product_brand":[],"product_cat":[87],"product_tag":[],"class_list":{"0":"post-7949","1":"product","2":"type-product","3":"status-publish","4":"has-post-thumbnail","6":"product_cat-balanzas-y-basculas","8":"first","9":"instock","10":"shipping-taxable","11":"product-type-simple"},"yoast_head":"<!-- This site is optimized with the Yoast SEO plugin v26.4 - https:\/\/yoast.com\/wordpress\/plugins\/seo\/ -->\n<title>Balanza Digital 5000g-1g - GM5000 - Abaa tienda online<\/title>\n<meta name=\"robots\" content=\"index, follow, max-snippet:-1, max-image-preview:large, max-video-preview:-1\" \/>\n<link rel=\"canonical\" href=\"https:\/\/abaa.mx\/tienda\/balanza-digital-5000g-1g-gm5000\/\" \/>\n<meta property=\"og:locale\" content=\"es_MX\" \/>\n<meta property=\"og:type\" content=\"article\" \/>\n<meta property=\"og:title\" content=\"Balanza Digital 5000g-1g - GM5000 - Abaa tienda online\" \/>\n<meta property=\"og:description\" content=\"Caracter\u00edsticas:  Dimensiones:Gabinete: 250 x 188 x 70 mm, Charola: 185 x 185 mm Temperatura de operaci\u00f3n: 0\u00baC a 50\u00baC Caja resistente del ABS de la cubierta del ABS. Fuente de poder: 6 pza. de bater\u00eda alcalina tipo AA de 1.5 VCD Humedad de operaci\u00f3n: 80% m\u00e1xima (no condensante) Alta resoluci\u00f3n y amplia capacidad de medici\u00f3n, 5.000 g x 1 g. Resoluci\u00f3n: 1 gramo Exhibici\u00f3n grande del LCD, tama\u00f1o del d\u00edgito de 18 mil\u00edmetros (0.7 &quot;), lectura f\u00e1cil hacia fuera. Unidades de Medida:gramos (g) y onzas (oz), elegibles por medio de un interruptor Con la salida de datos de la serie del ordenador. Transductor: Celda de carga Art\u00edculos incluidos en la compra:Manual de operaci\u00f3n, balanza de 5000g Capacidad: 5000 gramos Precisi\u00f3n (a 23.5\u00baC):+\/- (3% + 1d) Construido en gramos y oz unidad de visualizaci\u00f3n, seleccione por el interruptor deslizante interno. GM-501 sistema incorporado de la calibraci\u00f3n del uno mismo, alta precisi\u00f3n. Circuito del microprocesador con alta exactitud y un mejor funcionamiento.\" \/>\n<meta property=\"og:url\" content=\"https:\/\/abaa.mx\/tienda\/balanza-digital-5000g-1g-gm5000\/\" \/>\n<meta property=\"og:site_name\" content=\"Abaa tienda online\" \/>\n<meta property=\"article:modified_time\" content=\"2023-12-01T15:18:01+00:00\" \/>\n<meta property=\"og:image\" content=\"https:\/\/abaa.mx\/tienda\/wp-content\/uploads\/2023\/10\/LUTRON-GM5000.jpg\" \/>\n\t<meta property=\"og:image:width\" content=\"578\" \/>\n\t<meta property=\"og:image:height\" content=\"380\" \/>\n\t<meta property=\"og:image:type\" content=\"image\/jpeg\" \/>\n<meta name=\"twitter:card\" content=\"summary_large_image\" \/>\n<meta name=\"twitter:label1\" content=\"Tiempo de lectura\" \/>\n\t<meta name=\"twitter:data1\" content=\"1 minuto\" \/>\n<script type=\"application\/ld+json\" class=\"yoast-schema-graph\">{\"@context\":\"https:\/\/schema.org\",\"@graph\":[{\"@type\":\"WebPage\",\"@id\":\"https:\/\/abaa.mx\/tienda\/balanza-digital-5000g-1g-gm5000\/\",\"url\":\"https:\/\/abaa.mx\/tienda\/balanza-digital-5000g-1g-gm5000\/\",\"name\":\"Balanza Digital 5000g-1g - GM5000 - Abaa tienda online\",\"isPartOf\":{\"@id\":\"https:\/\/abaa.mx\/tienda\/#website\"},\"primaryImageOfPage\":{\"@id\":\"https:\/\/abaa.mx\/tienda\/balanza-digital-5000g-1g-gm5000\/#primaryimage\"},\"image\":{\"@id\":\"https:\/\/abaa.mx\/tienda\/balanza-digital-5000g-1g-gm5000\/#primaryimage\"},\"thumbnailUrl\":\"https:\/\/abaa.mx\/tienda\/wp-content\/uploads\/2023\/10\/LUTRON-GM5000.jpg\",\"datePublished\":\"2023-10-25T20:24:32+00:00\",\"dateModified\":\"2023-12-01T15:18:01+00:00\",\"breadcrumb\":{\"@id\":\"https:\/\/abaa.mx\/tienda\/balanza-digital-5000g-1g-gm5000\/#breadcrumb\"},\"inLanguage\":\"es\",\"potentialAction\":[{\"@type\":\"ReadAction\",\"target\":[\"https:\/\/abaa.mx\/tienda\/balanza-digital-5000g-1g-gm5000\/\"]}]},{\"@type\":\"ImageObject\",\"inLanguage\":\"es\",\"@id\":\"https:\/\/abaa.mx\/tienda\/balanza-digital-5000g-1g-gm5000\/#primaryimage\",\"url\":\"https:\/\/abaa.mx\/tienda\/wp-content\/uploads\/2023\/10\/LUTRON-GM5000.jpg\",\"contentUrl\":\"https:\/\/abaa.mx\/tienda\/wp-content\/uploads\/2023\/10\/LUTRON-GM5000.jpg\",\"width\":578,\"height\":380,\"caption\":\"LUTRON-GM5000\"},{\"@type\":\"BreadcrumbList\",\"@id\":\"https:\/\/abaa.mx\/tienda\/balanza-digital-5000g-1g-gm5000\/#breadcrumb\",\"itemListElement\":[{\"@type\":\"ListItem\",\"position\":1,\"name\":\"Inicio\",\"item\":\"https:\/\/abaa.mx\/tienda\/\"},{\"@type\":\"ListItem\",\"position\":2,\"name\":\"Tienda\",\"item\":\"https:\/\/abaa.mx\/tienda\/\"},{\"@type\":\"ListItem\",\"position\":3,\"name\":\"Balanza Digital 5000g-1g &#8211; GM5000\"}]},{\"@type\":\"WebSite\",\"@id\":\"https:\/\/abaa.mx\/tienda\/#website\",\"url\":\"https:\/\/abaa.mx\/tienda\/\",\"name\":\"Abaa tienda online\",\"description\":\"Instrumentos de medici\u00f3n\",\"publisher\":{\"@id\":\"https:\/\/abaa.mx\/tienda\/#organization\"},\"potentialAction\":[{\"@type\":\"SearchAction\",\"target\":{\"@type\":\"EntryPoint\",\"urlTemplate\":\"https:\/\/abaa.mx\/tienda\/?s={search_term_string}\"},\"query-input\":{\"@type\":\"PropertyValueSpecification\",\"valueRequired\":true,\"valueName\":\"search_term_string\"}}],\"inLanguage\":\"es\"},{\"@type\":\"Organization\",\"@id\":\"https:\/\/abaa.mx\/tienda\/#organization\",\"name\":\"Abaa tienda online\",\"url\":\"https:\/\/abaa.mx\/tienda\/\",\"logo\":{\"@type\":\"ImageObject\",\"inLanguage\":\"es\",\"@id\":\"https:\/\/abaa.mx\/tienda\/#\/schema\/logo\/image\/\",\"url\":\"https:\/\/abaa.mx\/tienda\/wp-content\/uploads\/2024\/01\/abaa-metrologia-tienda.png\",\"contentUrl\":\"https:\/\/abaa.mx\/tienda\/wp-content\/uploads\/2024\/01\/abaa-metrologia-tienda.png\",\"width\":300,\"height\":141,\"caption\":\"Abaa tienda online\"},\"image\":{\"@id\":\"https:\/\/abaa.mx\/tienda\/#\/schema\/logo\/image\/\"}}]}<\/script>\n<!-- \/ Yoast SEO plugin. -->","yoast_head_json":{"title":"Balanza Digital 5000g-1g - GM5000 - Abaa tienda online","robots":{"index":"index","follow":"follow","max-snippet":"max-snippet:-1","max-image-preview":"max-image-preview:large","max-video-preview":"max-video-preview:-1"},"canonical":"https:\/\/abaa.mx\/tienda\/balanza-digital-5000g-1g-gm5000\/","og_locale":"es_MX","og_type":"article","og_title":"Balanza Digital 5000g-1g - GM5000 - Abaa tienda online","og_description":"Caracter\u00edsticas:  Dimensiones:Gabinete: 250 x 188 x 70 mm, Charola: 185 x 185 mm Temperatura de operaci\u00f3n: 0\u00baC a 50\u00baC Caja resistente del ABS de la cubierta del ABS. Fuente de poder: 6 pza. de bater\u00eda alcalina tipo AA de 1.5 VCD Humedad de operaci\u00f3n: 80% m\u00e1xima (no condensante) Alta resoluci\u00f3n y amplia capacidad de medici\u00f3n, 5.000 g x 1 g. Resoluci\u00f3n: 1 gramo Exhibici\u00f3n grande del LCD, tama\u00f1o del d\u00edgito de 18 mil\u00edmetros (0.7 \"), lectura f\u00e1cil hacia fuera. Unidades de Medida:gramos (g) y onzas (oz), elegibles por medio de un interruptor Con la salida de datos de la serie del ordenador. Transductor: Celda de carga Art\u00edculos incluidos en la compra:Manual de operaci\u00f3n, balanza de 5000g Capacidad: 5000 gramos Precisi\u00f3n (a 23.5\u00baC):+\/- (3% + 1d) Construido en gramos y oz unidad de visualizaci\u00f3n, seleccione por el interruptor deslizante interno. GM-501 sistema incorporado de la calibraci\u00f3n del uno mismo, alta precisi\u00f3n. Circuito del microprocesador con alta exactitud y un mejor funcionamiento.","og_url":"https:\/\/abaa.mx\/tienda\/balanza-digital-5000g-1g-gm5000\/","og_site_name":"Abaa tienda online","article_modified_time":"2023-12-01T15:18:01+00:00","og_image":[{"width":578,"height":380,"url":"https:\/\/abaa.mx\/tienda\/wp-content\/uploads\/2023\/10\/LUTRON-GM5000.jpg","type":"image\/jpeg"}],"twitter_card":"summary_large_image","twitter_misc":{"Tiempo de lectura":"1 minuto"},"schema":{"@context":"https:\/\/schema.org","@graph":[{"@type":"WebPage","@id":"https:\/\/abaa.mx\/tienda\/balanza-digital-5000g-1g-gm5000\/","url":"https:\/\/abaa.mx\/tienda\/balanza-digital-5000g-1g-gm5000\/","name":"Balanza Digital 5000g-1g - GM5000 - Abaa tienda online","isPartOf":{"@id":"https:\/\/abaa.mx\/tienda\/#website"},"primaryImageOfPage":{"@id":"https:\/\/abaa.mx\/tienda\/balanza-digital-5000g-1g-gm5000\/#primaryimage"},"image":{"@id":"https:\/\/abaa.mx\/tienda\/balanza-digital-5000g-1g-gm5000\/#primaryimage"},"thumbnailUrl":"https:\/\/abaa.mx\/tienda\/wp-content\/uploads\/2023\/10\/LUTRON-GM5000.jpg","datePublished":"2023-10-25T20:24:32+00:00","dateModified":"2023-12-01T15:18:01+00:00","breadcrumb":{"@id":"https:\/\/abaa.mx\/tienda\/balanza-digital-5000g-1g-gm5000\/#breadcrumb"},"inLanguage":"es","potentialAction":[{"@type":"ReadAction","target":["https:\/\/abaa.mx\/tienda\/balanza-digital-5000g-1g-gm5000\/"]}]},{"@type":"ImageObject","inLanguage":"es","@id":"https:\/\/abaa.mx\/tienda\/balanza-digital-5000g-1g-gm5000\/#primaryimage","url":"https:\/\/abaa.mx\/tienda\/wp-content\/uploads\/2023\/10\/LUTRON-GM5000.jpg","contentUrl":"https:\/\/abaa.mx\/tienda\/wp-content\/uploads\/2023\/10\/LUTRON-GM5000.jpg","width":578,"height":380,"caption":"LUTRON-GM5000"},{"@type":"BreadcrumbList","@id":"https:\/\/abaa.mx\/tienda\/balanza-digital-5000g-1g-gm5000\/#breadcrumb","itemListElement":[{"@type":"ListItem","position":1,"name":"Inicio","item":"https:\/\/abaa.mx\/tienda\/"},{"@type":"ListItem","position":2,"name":"Tienda","item":"https:\/\/abaa.mx\/tienda\/"},{"@type":"ListItem","position":3,"name":"Balanza Digital 5000g-1g &#8211; GM5000"}]},{"@type":"WebSite","@id":"https:\/\/abaa.mx\/tienda\/#website","url":"https:\/\/abaa.mx\/tienda\/","name":"Abaa tienda online","description":"Instrumentos de medici\u00f3n","publisher":{"@id":"https:\/\/abaa.mx\/tienda\/#organization"},"potentialAction":[{"@type":"SearchAction","target":{"@type":"EntryPoint","urlTemplate":"https:\/\/abaa.mx\/tienda\/?s={search_term_string}"},"query-input":{"@type":"PropertyValueSpecification","valueRequired":true,"valueName":"search_term_string"}}],"inLanguage":"es"},{"@type":"Organization","@id":"https:\/\/abaa.mx\/tienda\/#organization","name":"Abaa tienda online","url":"https:\/\/abaa.mx\/tienda\/","logo":{"@type":"ImageObject","inLanguage":"es","@id":"https:\/\/abaa.mx\/tienda\/#\/schema\/logo\/image\/","url":"https:\/\/abaa.mx\/tienda\/wp-content\/uploads\/2024\/01\/abaa-metrologia-tienda.png","contentUrl":"https:\/\/abaa.mx\/tienda\/wp-content\/uploads\/2024\/01\/abaa-metrologia-tienda.png","width":300,"height":141,"caption":"Abaa tienda online"},"image":{"@id":"https:\/\/abaa.mx\/tienda\/#\/schema\/logo\/image\/"}}]}},"_links":{"self":[{"href":"https:\/\/abaa.mx\/tienda\/wp-json\/wp\/v2\/product\/7949","targetHints":{"allow":["GET"]}}],"collection":[{"href":"https:\/\/abaa.mx\/tienda\/wp-json\/wp\/v2\/product"}],"about":[{"href":"https:\/\/abaa.mx\/tienda\/wp-json\/wp\/v2\/types\/product"}],"replies":[{"embeddable":true,"href":"https:\/\/abaa.mx\/tienda\/wp-json\/wp\/v2\/comments?post=7949"}],"wp:featuredmedia":[{"embeddable":true,"href":"https:\/\/abaa.mx\/tienda\/wp-json\/wp\/v2\/media\/7951"}],"wp:attachment":[{"href":"https:\/\/abaa.mx\/tienda\/wp-json\/wp\/v2\/media?parent=7949"}],"wp:term":[{"taxonomy":"product_brand","embeddable":true,"href":"https:\/\/abaa.mx\/tienda\/wp-json\/wp\/v2\/product_brand?post=7949"},{"taxonomy":"product_cat","embeddable":true,"href":"https:\/\/abaa.mx\/tienda\/wp-json\/wp\/v2\/product_cat?post=7949"},{"taxonomy":"product_tag","embeddable":true,"href":"https:\/\/abaa.mx\/tienda\/wp-json\/wp\/v2\/product_tag?post=7949"}],"curies":[{"name":"wp","href":"https:\/\/api.w.org\/{rel}","templated":true}]}}