{"id":7942,"date":"2023-10-25T20:03:50","date_gmt":"2023-10-25T20:03:50","guid":{"rendered":"https:\/\/abaa.mx\/tienda\/?post_type=product&#038;p=7942"},"modified":"2023-12-04T15:07:44","modified_gmt":"2023-12-04T15:07:44","slug":"balanza-electrica-1000g-1-mg-huazhi-ptxja1000","status":"publish","type":"product","link":"https:\/\/abaa.mx\/tienda\/balanza-electrica-1000g-1-mg-huazhi-ptxja1000\/","title":{"rendered":"Balanza el\u00e9ctrica 1000g-1 mg, Huazhi &#8211; PTXJA1000"},"content":{"rendered":"<p>Balanza el\u00e9ctrica 1000g\/1 mg, Huazhi &#8211; PTXJA1000<\/p>\n","protected":false},"excerpt":{"rendered":"<p><b>Caracter\u00edstica:<\/b><\/p>\n<ul>\n<li style=\"list-style-type: none;\"><\/li>\n<\/ul>\n<ul>\n<li>Ajuste con l\u00ednea RS232 \/ USB<\/li>\n<li>Con la temperatura de visualizaci\u00f3n<\/li>\n<li>Sensor de bloque mono mono<\/li>\n<li>Modo de pesaje predeterminado autom\u00e1ticamente<\/li>\n<li>Seis niveles de funci\u00f3n anti-choque ajustable<\/li>\n<li>Autom\u00e1tica Funci\u00f3n de calibraci\u00f3n interna inteligente<\/li>\n<li>Tiempo de estabilidad de pesaje ajustable<\/li>\n<li>Configuraci\u00f3n de hora y fecha<\/li>\n<li>Con debajo del gancho<\/li>\n<li>20 Escudo de la unidad: g, ct, lb, onza, ozt, GN, dwt, N, t, T \/ A \/ R.<\/li>\n<li>Pantalla LCD grande<\/li>\n<\/ul>\n<p><b>Modo de aplicaci\u00f3n:<\/b><\/p>\n<p>Con funci\u00f3n de pesaje din\u00e1mico<br \/>\nFunci\u00f3n de Acumulaci\u00f3n<br \/>\nFunci\u00f3n de pesaje porcentual<br \/>\nFunci\u00f3n de pesaje ligero \/ neto \/ tara<br \/>\nFunci\u00f3n de alto peso bajo<br \/>\nFunci\u00f3n de retenci\u00f3n de pico<br \/>\nModo de pesaje y conteo seleccionable<br \/>\nFunci\u00f3n de fijaci\u00f3n de precios<br \/>\nMedici\u00f3n de la densidad<\/p>\n","protected":false},"featured_media":7946,"comment_status":"open","ping_status":"closed","template":"","meta":{"_joinchat":[]},"product_brand":[],"product_cat":[87],"product_tag":[],"class_list":{"0":"post-7942","1":"product","2":"type-product","3":"status-publish","4":"has-post-thumbnail","6":"product_cat-balanzas-y-basculas","8":"first","9":"instock","10":"shipping-taxable","11":"product-type-simple"},"yoast_head":"<!-- This site is optimized with the Yoast SEO plugin v26.4 - https:\/\/yoast.com\/wordpress\/plugins\/seo\/ -->\n<title>Balanza el\u00e9ctrica 1000g-1 mg, Huazhi - PTXJA1000 - Abaa tienda online<\/title>\n<meta name=\"robots\" content=\"index, follow, max-snippet:-1, max-image-preview:large, max-video-preview:-1\" \/>\n<link rel=\"canonical\" href=\"https:\/\/abaa.mx\/tienda\/balanza-electrica-1000g-1-mg-huazhi-ptxja1000\/\" \/>\n<meta property=\"og:locale\" content=\"es_MX\" \/>\n<meta property=\"og:type\" content=\"article\" \/>\n<meta property=\"og:title\" content=\"Balanza el\u00e9ctrica 1000g-1 mg, Huazhi - PTXJA1000 - Abaa tienda online\" \/>\n<meta property=\"og:description\" content=\"Caracter\u00edstica:       Ajuste con l\u00ednea RS232 \/ USB  Con la temperatura de visualizaci\u00f3n  Sensor de bloque mono mono  Modo de pesaje predeterminado autom\u00e1ticamente  Seis niveles de funci\u00f3n anti-choque ajustable  Autom\u00e1tica Funci\u00f3n de calibraci\u00f3n interna inteligente  Tiempo de estabilidad de pesaje ajustable  Configuraci\u00f3n de hora y fecha  Con debajo del gancho  20 Escudo de la unidad: g, ct, lb, onza, ozt, GN, dwt, N, t, T \/ A \/ R.  Pantalla LCD grande  Modo de aplicaci\u00f3n:  Con funci\u00f3n de pesaje din\u00e1mico Funci\u00f3n de Acumulaci\u00f3n Funci\u00f3n de pesaje porcentual Funci\u00f3n de pesaje ligero \/ neto \/ tara Funci\u00f3n de alto peso bajo Funci\u00f3n de retenci\u00f3n de pico Modo de pesaje y conteo seleccionable Funci\u00f3n de fijaci\u00f3n de precios Medici\u00f3n de la densidad\" \/>\n<meta property=\"og:url\" content=\"https:\/\/abaa.mx\/tienda\/balanza-electrica-1000g-1-mg-huazhi-ptxja1000\/\" \/>\n<meta property=\"og:site_name\" content=\"Abaa tienda online\" \/>\n<meta property=\"article:modified_time\" content=\"2023-12-04T15:07:44+00:00\" \/>\n<meta property=\"og:image\" content=\"https:\/\/abaa.mx\/tienda\/wp-content\/uploads\/2023\/10\/HUAZHI-PTXJA1000.jpg\" \/>\n\t<meta property=\"og:image:width\" content=\"577\" \/>\n\t<meta property=\"og:image:height\" content=\"384\" \/>\n\t<meta property=\"og:image:type\" content=\"image\/jpeg\" \/>\n<meta name=\"twitter:card\" content=\"summary_large_image\" \/>\n<meta name=\"twitter:label1\" content=\"Tiempo de lectura\" \/>\n\t<meta name=\"twitter:data1\" content=\"1 minuto\" \/>\n<script type=\"application\/ld+json\" class=\"yoast-schema-graph\">{\"@context\":\"https:\/\/schema.org\",\"@graph\":[{\"@type\":\"WebPage\",\"@id\":\"https:\/\/abaa.mx\/tienda\/balanza-electrica-1000g-1-mg-huazhi-ptxja1000\/\",\"url\":\"https:\/\/abaa.mx\/tienda\/balanza-electrica-1000g-1-mg-huazhi-ptxja1000\/\",\"name\":\"Balanza el\u00e9ctrica 1000g-1 mg, Huazhi - PTXJA1000 - Abaa tienda online\",\"isPartOf\":{\"@id\":\"https:\/\/abaa.mx\/tienda\/#website\"},\"primaryImageOfPage\":{\"@id\":\"https:\/\/abaa.mx\/tienda\/balanza-electrica-1000g-1-mg-huazhi-ptxja1000\/#primaryimage\"},\"image\":{\"@id\":\"https:\/\/abaa.mx\/tienda\/balanza-electrica-1000g-1-mg-huazhi-ptxja1000\/#primaryimage\"},\"thumbnailUrl\":\"https:\/\/abaa.mx\/tienda\/wp-content\/uploads\/2023\/10\/HUAZHI-PTXJA1000.jpg\",\"datePublished\":\"2023-10-25T20:03:50+00:00\",\"dateModified\":\"2023-12-04T15:07:44+00:00\",\"breadcrumb\":{\"@id\":\"https:\/\/abaa.mx\/tienda\/balanza-electrica-1000g-1-mg-huazhi-ptxja1000\/#breadcrumb\"},\"inLanguage\":\"es\",\"potentialAction\":[{\"@type\":\"ReadAction\",\"target\":[\"https:\/\/abaa.mx\/tienda\/balanza-electrica-1000g-1-mg-huazhi-ptxja1000\/\"]}]},{\"@type\":\"ImageObject\",\"inLanguage\":\"es\",\"@id\":\"https:\/\/abaa.mx\/tienda\/balanza-electrica-1000g-1-mg-huazhi-ptxja1000\/#primaryimage\",\"url\":\"https:\/\/abaa.mx\/tienda\/wp-content\/uploads\/2023\/10\/HUAZHI-PTXJA1000.jpg\",\"contentUrl\":\"https:\/\/abaa.mx\/tienda\/wp-content\/uploads\/2023\/10\/HUAZHI-PTXJA1000.jpg\",\"width\":577,\"height\":384,\"caption\":\"HUAZHI-PTXJA1000\"},{\"@type\":\"BreadcrumbList\",\"@id\":\"https:\/\/abaa.mx\/tienda\/balanza-electrica-1000g-1-mg-huazhi-ptxja1000\/#breadcrumb\",\"itemListElement\":[{\"@type\":\"ListItem\",\"position\":1,\"name\":\"Inicio\",\"item\":\"https:\/\/abaa.mx\/tienda\/\"},{\"@type\":\"ListItem\",\"position\":2,\"name\":\"Tienda\",\"item\":\"https:\/\/abaa.mx\/tienda\/\"},{\"@type\":\"ListItem\",\"position\":3,\"name\":\"Balanza el\u00e9ctrica 1000g-1 mg, Huazhi &#8211; PTXJA1000\"}]},{\"@type\":\"WebSite\",\"@id\":\"https:\/\/abaa.mx\/tienda\/#website\",\"url\":\"https:\/\/abaa.mx\/tienda\/\",\"name\":\"Abaa tienda online\",\"description\":\"Instrumentos de medici\u00f3n\",\"publisher\":{\"@id\":\"https:\/\/abaa.mx\/tienda\/#organization\"},\"potentialAction\":[{\"@type\":\"SearchAction\",\"target\":{\"@type\":\"EntryPoint\",\"urlTemplate\":\"https:\/\/abaa.mx\/tienda\/?s={search_term_string}\"},\"query-input\":{\"@type\":\"PropertyValueSpecification\",\"valueRequired\":true,\"valueName\":\"search_term_string\"}}],\"inLanguage\":\"es\"},{\"@type\":\"Organization\",\"@id\":\"https:\/\/abaa.mx\/tienda\/#organization\",\"name\":\"Abaa tienda online\",\"url\":\"https:\/\/abaa.mx\/tienda\/\",\"logo\":{\"@type\":\"ImageObject\",\"inLanguage\":\"es\",\"@id\":\"https:\/\/abaa.mx\/tienda\/#\/schema\/logo\/image\/\",\"url\":\"https:\/\/abaa.mx\/tienda\/wp-content\/uploads\/2024\/01\/abaa-metrologia-tienda.png\",\"contentUrl\":\"https:\/\/abaa.mx\/tienda\/wp-content\/uploads\/2024\/01\/abaa-metrologia-tienda.png\",\"width\":300,\"height\":141,\"caption\":\"Abaa tienda online\"},\"image\":{\"@id\":\"https:\/\/abaa.mx\/tienda\/#\/schema\/logo\/image\/\"}}]}<\/script>\n<!-- \/ Yoast SEO plugin. -->","yoast_head_json":{"title":"Balanza el\u00e9ctrica 1000g-1 mg, Huazhi - PTXJA1000 - Abaa tienda online","robots":{"index":"index","follow":"follow","max-snippet":"max-snippet:-1","max-image-preview":"max-image-preview:large","max-video-preview":"max-video-preview:-1"},"canonical":"https:\/\/abaa.mx\/tienda\/balanza-electrica-1000g-1-mg-huazhi-ptxja1000\/","og_locale":"es_MX","og_type":"article","og_title":"Balanza el\u00e9ctrica 1000g-1 mg, Huazhi - PTXJA1000 - Abaa tienda online","og_description":"Caracter\u00edstica:       Ajuste con l\u00ednea RS232 \/ USB  Con la temperatura de visualizaci\u00f3n  Sensor de bloque mono mono  Modo de pesaje predeterminado autom\u00e1ticamente  Seis niveles de funci\u00f3n anti-choque ajustable  Autom\u00e1tica Funci\u00f3n de calibraci\u00f3n interna inteligente  Tiempo de estabilidad de pesaje ajustable  Configuraci\u00f3n de hora y fecha  Con debajo del gancho  20 Escudo de la unidad: g, ct, lb, onza, ozt, GN, dwt, N, t, T \/ A \/ R.  Pantalla LCD grande  Modo de aplicaci\u00f3n:  Con funci\u00f3n de pesaje din\u00e1mico Funci\u00f3n de Acumulaci\u00f3n Funci\u00f3n de pesaje porcentual Funci\u00f3n de pesaje ligero \/ neto \/ tara Funci\u00f3n de alto peso bajo Funci\u00f3n de retenci\u00f3n de pico Modo de pesaje y conteo seleccionable Funci\u00f3n de fijaci\u00f3n de precios Medici\u00f3n de la densidad","og_url":"https:\/\/abaa.mx\/tienda\/balanza-electrica-1000g-1-mg-huazhi-ptxja1000\/","og_site_name":"Abaa tienda online","article_modified_time":"2023-12-04T15:07:44+00:00","og_image":[{"width":577,"height":384,"url":"https:\/\/abaa.mx\/tienda\/wp-content\/uploads\/2023\/10\/HUAZHI-PTXJA1000.jpg","type":"image\/jpeg"}],"twitter_card":"summary_large_image","twitter_misc":{"Tiempo de lectura":"1 minuto"},"schema":{"@context":"https:\/\/schema.org","@graph":[{"@type":"WebPage","@id":"https:\/\/abaa.mx\/tienda\/balanza-electrica-1000g-1-mg-huazhi-ptxja1000\/","url":"https:\/\/abaa.mx\/tienda\/balanza-electrica-1000g-1-mg-huazhi-ptxja1000\/","name":"Balanza el\u00e9ctrica 1000g-1 mg, Huazhi - PTXJA1000 - Abaa tienda online","isPartOf":{"@id":"https:\/\/abaa.mx\/tienda\/#website"},"primaryImageOfPage":{"@id":"https:\/\/abaa.mx\/tienda\/balanza-electrica-1000g-1-mg-huazhi-ptxja1000\/#primaryimage"},"image":{"@id":"https:\/\/abaa.mx\/tienda\/balanza-electrica-1000g-1-mg-huazhi-ptxja1000\/#primaryimage"},"thumbnailUrl":"https:\/\/abaa.mx\/tienda\/wp-content\/uploads\/2023\/10\/HUAZHI-PTXJA1000.jpg","datePublished":"2023-10-25T20:03:50+00:00","dateModified":"2023-12-04T15:07:44+00:00","breadcrumb":{"@id":"https:\/\/abaa.mx\/tienda\/balanza-electrica-1000g-1-mg-huazhi-ptxja1000\/#breadcrumb"},"inLanguage":"es","potentialAction":[{"@type":"ReadAction","target":["https:\/\/abaa.mx\/tienda\/balanza-electrica-1000g-1-mg-huazhi-ptxja1000\/"]}]},{"@type":"ImageObject","inLanguage":"es","@id":"https:\/\/abaa.mx\/tienda\/balanza-electrica-1000g-1-mg-huazhi-ptxja1000\/#primaryimage","url":"https:\/\/abaa.mx\/tienda\/wp-content\/uploads\/2023\/10\/HUAZHI-PTXJA1000.jpg","contentUrl":"https:\/\/abaa.mx\/tienda\/wp-content\/uploads\/2023\/10\/HUAZHI-PTXJA1000.jpg","width":577,"height":384,"caption":"HUAZHI-PTXJA1000"},{"@type":"BreadcrumbList","@id":"https:\/\/abaa.mx\/tienda\/balanza-electrica-1000g-1-mg-huazhi-ptxja1000\/#breadcrumb","itemListElement":[{"@type":"ListItem","position":1,"name":"Inicio","item":"https:\/\/abaa.mx\/tienda\/"},{"@type":"ListItem","position":2,"name":"Tienda","item":"https:\/\/abaa.mx\/tienda\/"},{"@type":"ListItem","position":3,"name":"Balanza el\u00e9ctrica 1000g-1 mg, Huazhi &#8211; PTXJA1000"}]},{"@type":"WebSite","@id":"https:\/\/abaa.mx\/tienda\/#website","url":"https:\/\/abaa.mx\/tienda\/","name":"Abaa tienda online","description":"Instrumentos de medici\u00f3n","publisher":{"@id":"https:\/\/abaa.mx\/tienda\/#organization"},"potentialAction":[{"@type":"SearchAction","target":{"@type":"EntryPoint","urlTemplate":"https:\/\/abaa.mx\/tienda\/?s={search_term_string}"},"query-input":{"@type":"PropertyValueSpecification","valueRequired":true,"valueName":"search_term_string"}}],"inLanguage":"es"},{"@type":"Organization","@id":"https:\/\/abaa.mx\/tienda\/#organization","name":"Abaa tienda online","url":"https:\/\/abaa.mx\/tienda\/","logo":{"@type":"ImageObject","inLanguage":"es","@id":"https:\/\/abaa.mx\/tienda\/#\/schema\/logo\/image\/","url":"https:\/\/abaa.mx\/tienda\/wp-content\/uploads\/2024\/01\/abaa-metrologia-tienda.png","contentUrl":"https:\/\/abaa.mx\/tienda\/wp-content\/uploads\/2024\/01\/abaa-metrologia-tienda.png","width":300,"height":141,"caption":"Abaa tienda online"},"image":{"@id":"https:\/\/abaa.mx\/tienda\/#\/schema\/logo\/image\/"}}]}},"_links":{"self":[{"href":"https:\/\/abaa.mx\/tienda\/wp-json\/wp\/v2\/product\/7942","targetHints":{"allow":["GET"]}}],"collection":[{"href":"https:\/\/abaa.mx\/tienda\/wp-json\/wp\/v2\/product"}],"about":[{"href":"https:\/\/abaa.mx\/tienda\/wp-json\/wp\/v2\/types\/product"}],"replies":[{"embeddable":true,"href":"https:\/\/abaa.mx\/tienda\/wp-json\/wp\/v2\/comments?post=7942"}],"wp:featuredmedia":[{"embeddable":true,"href":"https:\/\/abaa.mx\/tienda\/wp-json\/wp\/v2\/media\/7946"}],"wp:attachment":[{"href":"https:\/\/abaa.mx\/tienda\/wp-json\/wp\/v2\/media?parent=7942"}],"wp:term":[{"taxonomy":"product_brand","embeddable":true,"href":"https:\/\/abaa.mx\/tienda\/wp-json\/wp\/v2\/product_brand?post=7942"},{"taxonomy":"product_cat","embeddable":true,"href":"https:\/\/abaa.mx\/tienda\/wp-json\/wp\/v2\/product_cat?post=7942"},{"taxonomy":"product_tag","embeddable":true,"href":"https:\/\/abaa.mx\/tienda\/wp-json\/wp\/v2\/product_tag?post=7942"}],"curies":[{"name":"wp","href":"https:\/\/api.w.org\/{rel}","templated":true}]}}