{"id":7936,"date":"2023-12-12T15:55:23","date_gmt":"2023-12-12T15:55:23","guid":{"rendered":"https:\/\/abaa.mx\/tienda\/?post_type=product&#038;p=7936"},"modified":"2023-12-12T15:55:24","modified_gmt":"2023-12-12T15:55:24","slug":"45170-termo-anemometro-higrometro-c-luxometro","status":"publish","type":"product","link":"https:\/\/abaa.mx\/tienda\/45170-termo-anemometro-higrometro-c-luxometro\/","title":{"rendered":"45170 &#8211; Termo-anemometro-higrometro c-luxometro"},"content":{"rendered":"<p>&nbsp;<\/p>\n<p>45170 &#8211; Termo-anemometro-higrometro c-luxometro<\/p>\n","protected":false},"excerpt":{"rendered":"<p><span style=\"font-size: 21px;\"><b>Caracter\u00edsticas<\/b><\/span><b>:<\/b><\/p>\n<ul>\n<li>La carcasa peque\u00f1a y ergon\u00f3mica con doble LCD grande muestra simult\u00e1neamente la temperatura y la velocidad del aire o la humedad relativa.<\/li>\n<li>Los caracteres en la pantalla cambian de direcci\u00f3n seg\u00fan si est\u00e1 en modo higrotermoanem\u00f3metro o fot\u00f3metro.<\/li>\n<li>Registro de datos para congelar el valor mostrado.<\/li>\n<li>Graba lecturas m\u00ednimas y m\u00e1ximas.<\/li>\n<li>Los brazos de paletas de baja fricci\u00f3n incorporados mejoran la precisi\u00f3n de la velocidad del aire en ft\/min, MPH, m\/s, km\/h y nudos.<\/li>\n<li>Sensor de humedad de capacitancia de pel\u00edcula delgada de precisi\u00f3n incorporado para una mejor respuesta.<\/li>\n<li>Termistor incorporado para medir la temperatura ambiente.<\/li>\n<li>Medidas de altas temperaturas con el termopar tipo K.<\/li>\n<li>Utiliza un filtro de correcci\u00f3n de color y fotodiodos de precisi\u00f3n.<\/li>\n<li>Medidas del fot\u00f3metro de color y coseno corregidas.<\/li>\n<li>Apagado autom\u00e1tico e indicador de bater\u00eda baja y fuera de alcance.<\/li>\n<li>Completo con sensor de humedad incorporado, fotosensor y brazo de paleta, banda para mu\u00f1eca y bater\u00eda de 9 V.<\/li>\n<\/ul>\n","protected":false},"featured_media":9749,"comment_status":"open","ping_status":"closed","template":"","meta":{"_joinchat":[]},"product_brand":[],"product_cat":[15],"product_tag":[],"class_list":{"0":"post-7936","1":"product","2":"type-product","3":"status-publish","4":"has-post-thumbnail","6":"product_cat-sin-categorizar","8":"first","9":"instock","10":"shipping-taxable","11":"product-type-simple"},"yoast_head":"<!-- This site is optimized with the Yoast SEO plugin v26.4 - https:\/\/yoast.com\/wordpress\/plugins\/seo\/ -->\n<title>45170 - Termo-anemometro-higrometro c-luxometro - Abaa tienda online<\/title>\n<meta name=\"robots\" content=\"index, follow, max-snippet:-1, max-image-preview:large, max-video-preview:-1\" \/>\n<link rel=\"canonical\" href=\"https:\/\/abaa.mx\/tienda\/45170-termo-anemometro-higrometro-c-luxometro\/\" \/>\n<meta property=\"og:locale\" content=\"es_MX\" \/>\n<meta property=\"og:type\" content=\"article\" \/>\n<meta property=\"og:title\" content=\"45170 - Termo-anemometro-higrometro c-luxometro - Abaa tienda online\" \/>\n<meta property=\"og:description\" content=\"Caracter\u00edsticas:   La carcasa peque\u00f1a y ergon\u00f3mica con doble LCD grande muestra simult\u00e1neamente la temperatura y la velocidad del aire o la humedad relativa.  Los caracteres en la pantalla cambian de direcci\u00f3n seg\u00fan si est\u00e1 en modo higrotermoanem\u00f3metro o fot\u00f3metro.  Registro de datos para congelar el valor mostrado.  Graba lecturas m\u00ednimas y m\u00e1ximas.  Los brazos de paletas de baja fricci\u00f3n incorporados mejoran la precisi\u00f3n de la velocidad del aire en ft\/min, MPH, m\/s, km\/h y nudos.  Sensor de humedad de capacitancia de pel\u00edcula delgada de precisi\u00f3n incorporado para una mejor respuesta.  Termistor incorporado para medir la temperatura ambiente.  Medidas de altas temperaturas con el termopar tipo K.  Utiliza un filtro de correcci\u00f3n de color y fotodiodos de precisi\u00f3n.  Medidas del fot\u00f3metro de color y coseno corregidas.  Apagado autom\u00e1tico e indicador de bater\u00eda baja y fuera de alcance.  Completo con sensor de humedad incorporado, fotosensor y brazo de paleta, banda para mu\u00f1eca y bater\u00eda de 9 V.\" \/>\n<meta property=\"og:url\" content=\"https:\/\/abaa.mx\/tienda\/45170-termo-anemometro-higrometro-c-luxometro\/\" \/>\n<meta property=\"og:site_name\" content=\"Abaa tienda online\" \/>\n<meta property=\"article:modified_time\" content=\"2023-12-12T15:55:24+00:00\" \/>\n<meta property=\"og:image\" content=\"https:\/\/abaa.mx\/tienda\/wp-content\/uploads\/2023\/12\/luxometro-45170.jpg\" \/>\n\t<meta property=\"og:image:width\" content=\"1024\" \/>\n\t<meta property=\"og:image:height\" content=\"1024\" \/>\n\t<meta property=\"og:image:type\" content=\"image\/jpeg\" \/>\n<meta name=\"twitter:card\" content=\"summary_large_image\" \/>\n<meta name=\"twitter:label1\" content=\"Tiempo de lectura\" \/>\n\t<meta name=\"twitter:data1\" content=\"1 minuto\" \/>\n<script type=\"application\/ld+json\" class=\"yoast-schema-graph\">{\"@context\":\"https:\/\/schema.org\",\"@graph\":[{\"@type\":\"WebPage\",\"@id\":\"https:\/\/abaa.mx\/tienda\/45170-termo-anemometro-higrometro-c-luxometro\/\",\"url\":\"https:\/\/abaa.mx\/tienda\/45170-termo-anemometro-higrometro-c-luxometro\/\",\"name\":\"45170 - Termo-anemometro-higrometro c-luxometro - Abaa tienda online\",\"isPartOf\":{\"@id\":\"https:\/\/abaa.mx\/tienda\/#website\"},\"primaryImageOfPage\":{\"@id\":\"https:\/\/abaa.mx\/tienda\/45170-termo-anemometro-higrometro-c-luxometro\/#primaryimage\"},\"image\":{\"@id\":\"https:\/\/abaa.mx\/tienda\/45170-termo-anemometro-higrometro-c-luxometro\/#primaryimage\"},\"thumbnailUrl\":\"https:\/\/abaa.mx\/tienda\/wp-content\/uploads\/2023\/12\/luxometro-45170.jpg\",\"datePublished\":\"2023-12-12T15:55:23+00:00\",\"dateModified\":\"2023-12-12T15:55:24+00:00\",\"breadcrumb\":{\"@id\":\"https:\/\/abaa.mx\/tienda\/45170-termo-anemometro-higrometro-c-luxometro\/#breadcrumb\"},\"inLanguage\":\"es\",\"potentialAction\":[{\"@type\":\"ReadAction\",\"target\":[\"https:\/\/abaa.mx\/tienda\/45170-termo-anemometro-higrometro-c-luxometro\/\"]}]},{\"@type\":\"ImageObject\",\"inLanguage\":\"es\",\"@id\":\"https:\/\/abaa.mx\/tienda\/45170-termo-anemometro-higrometro-c-luxometro\/#primaryimage\",\"url\":\"https:\/\/abaa.mx\/tienda\/wp-content\/uploads\/2023\/12\/luxometro-45170.jpg\",\"contentUrl\":\"https:\/\/abaa.mx\/tienda\/wp-content\/uploads\/2023\/12\/luxometro-45170.jpg\",\"width\":1024,\"height\":1024,\"caption\":\"luxometro 45170\"},{\"@type\":\"BreadcrumbList\",\"@id\":\"https:\/\/abaa.mx\/tienda\/45170-termo-anemometro-higrometro-c-luxometro\/#breadcrumb\",\"itemListElement\":[{\"@type\":\"ListItem\",\"position\":1,\"name\":\"Inicio\",\"item\":\"https:\/\/abaa.mx\/tienda\/\"},{\"@type\":\"ListItem\",\"position\":2,\"name\":\"Tienda\",\"item\":\"https:\/\/abaa.mx\/tienda\/\"},{\"@type\":\"ListItem\",\"position\":3,\"name\":\"45170 &#8211; Termo-anemometro-higrometro c-luxometro\"}]},{\"@type\":\"WebSite\",\"@id\":\"https:\/\/abaa.mx\/tienda\/#website\",\"url\":\"https:\/\/abaa.mx\/tienda\/\",\"name\":\"Abaa tienda online\",\"description\":\"Instrumentos de medici\u00f3n\",\"publisher\":{\"@id\":\"https:\/\/abaa.mx\/tienda\/#organization\"},\"potentialAction\":[{\"@type\":\"SearchAction\",\"target\":{\"@type\":\"EntryPoint\",\"urlTemplate\":\"https:\/\/abaa.mx\/tienda\/?s={search_term_string}\"},\"query-input\":{\"@type\":\"PropertyValueSpecification\",\"valueRequired\":true,\"valueName\":\"search_term_string\"}}],\"inLanguage\":\"es\"},{\"@type\":\"Organization\",\"@id\":\"https:\/\/abaa.mx\/tienda\/#organization\",\"name\":\"Abaa tienda online\",\"url\":\"https:\/\/abaa.mx\/tienda\/\",\"logo\":{\"@type\":\"ImageObject\",\"inLanguage\":\"es\",\"@id\":\"https:\/\/abaa.mx\/tienda\/#\/schema\/logo\/image\/\",\"url\":\"https:\/\/abaa.mx\/tienda\/wp-content\/uploads\/2024\/01\/abaa-metrologia-tienda.png\",\"contentUrl\":\"https:\/\/abaa.mx\/tienda\/wp-content\/uploads\/2024\/01\/abaa-metrologia-tienda.png\",\"width\":300,\"height\":141,\"caption\":\"Abaa tienda online\"},\"image\":{\"@id\":\"https:\/\/abaa.mx\/tienda\/#\/schema\/logo\/image\/\"}}]}<\/script>\n<!-- \/ Yoast SEO plugin. -->","yoast_head_json":{"title":"45170 - Termo-anemometro-higrometro c-luxometro - Abaa tienda online","robots":{"index":"index","follow":"follow","max-snippet":"max-snippet:-1","max-image-preview":"max-image-preview:large","max-video-preview":"max-video-preview:-1"},"canonical":"https:\/\/abaa.mx\/tienda\/45170-termo-anemometro-higrometro-c-luxometro\/","og_locale":"es_MX","og_type":"article","og_title":"45170 - Termo-anemometro-higrometro c-luxometro - Abaa tienda online","og_description":"Caracter\u00edsticas:   La carcasa peque\u00f1a y ergon\u00f3mica con doble LCD grande muestra simult\u00e1neamente la temperatura y la velocidad del aire o la humedad relativa.  Los caracteres en la pantalla cambian de direcci\u00f3n seg\u00fan si est\u00e1 en modo higrotermoanem\u00f3metro o fot\u00f3metro.  Registro de datos para congelar el valor mostrado.  Graba lecturas m\u00ednimas y m\u00e1ximas.  Los brazos de paletas de baja fricci\u00f3n incorporados mejoran la precisi\u00f3n de la velocidad del aire en ft\/min, MPH, m\/s, km\/h y nudos.  Sensor de humedad de capacitancia de pel\u00edcula delgada de precisi\u00f3n incorporado para una mejor respuesta.  Termistor incorporado para medir la temperatura ambiente.  Medidas de altas temperaturas con el termopar tipo K.  Utiliza un filtro de correcci\u00f3n de color y fotodiodos de precisi\u00f3n.  Medidas del fot\u00f3metro de color y coseno corregidas.  Apagado autom\u00e1tico e indicador de bater\u00eda baja y fuera de alcance.  Completo con sensor de humedad incorporado, fotosensor y brazo de paleta, banda para mu\u00f1eca y bater\u00eda de 9 V.","og_url":"https:\/\/abaa.mx\/tienda\/45170-termo-anemometro-higrometro-c-luxometro\/","og_site_name":"Abaa tienda online","article_modified_time":"2023-12-12T15:55:24+00:00","og_image":[{"width":1024,"height":1024,"url":"https:\/\/abaa.mx\/tienda\/wp-content\/uploads\/2023\/12\/luxometro-45170.jpg","type":"image\/jpeg"}],"twitter_card":"summary_large_image","twitter_misc":{"Tiempo de lectura":"1 minuto"},"schema":{"@context":"https:\/\/schema.org","@graph":[{"@type":"WebPage","@id":"https:\/\/abaa.mx\/tienda\/45170-termo-anemometro-higrometro-c-luxometro\/","url":"https:\/\/abaa.mx\/tienda\/45170-termo-anemometro-higrometro-c-luxometro\/","name":"45170 - Termo-anemometro-higrometro c-luxometro - Abaa tienda online","isPartOf":{"@id":"https:\/\/abaa.mx\/tienda\/#website"},"primaryImageOfPage":{"@id":"https:\/\/abaa.mx\/tienda\/45170-termo-anemometro-higrometro-c-luxometro\/#primaryimage"},"image":{"@id":"https:\/\/abaa.mx\/tienda\/45170-termo-anemometro-higrometro-c-luxometro\/#primaryimage"},"thumbnailUrl":"https:\/\/abaa.mx\/tienda\/wp-content\/uploads\/2023\/12\/luxometro-45170.jpg","datePublished":"2023-12-12T15:55:23+00:00","dateModified":"2023-12-12T15:55:24+00:00","breadcrumb":{"@id":"https:\/\/abaa.mx\/tienda\/45170-termo-anemometro-higrometro-c-luxometro\/#breadcrumb"},"inLanguage":"es","potentialAction":[{"@type":"ReadAction","target":["https:\/\/abaa.mx\/tienda\/45170-termo-anemometro-higrometro-c-luxometro\/"]}]},{"@type":"ImageObject","inLanguage":"es","@id":"https:\/\/abaa.mx\/tienda\/45170-termo-anemometro-higrometro-c-luxometro\/#primaryimage","url":"https:\/\/abaa.mx\/tienda\/wp-content\/uploads\/2023\/12\/luxometro-45170.jpg","contentUrl":"https:\/\/abaa.mx\/tienda\/wp-content\/uploads\/2023\/12\/luxometro-45170.jpg","width":1024,"height":1024,"caption":"luxometro 45170"},{"@type":"BreadcrumbList","@id":"https:\/\/abaa.mx\/tienda\/45170-termo-anemometro-higrometro-c-luxometro\/#breadcrumb","itemListElement":[{"@type":"ListItem","position":1,"name":"Inicio","item":"https:\/\/abaa.mx\/tienda\/"},{"@type":"ListItem","position":2,"name":"Tienda","item":"https:\/\/abaa.mx\/tienda\/"},{"@type":"ListItem","position":3,"name":"45170 &#8211; Termo-anemometro-higrometro c-luxometro"}]},{"@type":"WebSite","@id":"https:\/\/abaa.mx\/tienda\/#website","url":"https:\/\/abaa.mx\/tienda\/","name":"Abaa tienda online","description":"Instrumentos de medici\u00f3n","publisher":{"@id":"https:\/\/abaa.mx\/tienda\/#organization"},"potentialAction":[{"@type":"SearchAction","target":{"@type":"EntryPoint","urlTemplate":"https:\/\/abaa.mx\/tienda\/?s={search_term_string}"},"query-input":{"@type":"PropertyValueSpecification","valueRequired":true,"valueName":"search_term_string"}}],"inLanguage":"es"},{"@type":"Organization","@id":"https:\/\/abaa.mx\/tienda\/#organization","name":"Abaa tienda online","url":"https:\/\/abaa.mx\/tienda\/","logo":{"@type":"ImageObject","inLanguage":"es","@id":"https:\/\/abaa.mx\/tienda\/#\/schema\/logo\/image\/","url":"https:\/\/abaa.mx\/tienda\/wp-content\/uploads\/2024\/01\/abaa-metrologia-tienda.png","contentUrl":"https:\/\/abaa.mx\/tienda\/wp-content\/uploads\/2024\/01\/abaa-metrologia-tienda.png","width":300,"height":141,"caption":"Abaa tienda online"},"image":{"@id":"https:\/\/abaa.mx\/tienda\/#\/schema\/logo\/image\/"}}]}},"_links":{"self":[{"href":"https:\/\/abaa.mx\/tienda\/wp-json\/wp\/v2\/product\/7936","targetHints":{"allow":["GET"]}}],"collection":[{"href":"https:\/\/abaa.mx\/tienda\/wp-json\/wp\/v2\/product"}],"about":[{"href":"https:\/\/abaa.mx\/tienda\/wp-json\/wp\/v2\/types\/product"}],"replies":[{"embeddable":true,"href":"https:\/\/abaa.mx\/tienda\/wp-json\/wp\/v2\/comments?post=7936"}],"wp:featuredmedia":[{"embeddable":true,"href":"https:\/\/abaa.mx\/tienda\/wp-json\/wp\/v2\/media\/9749"}],"wp:attachment":[{"href":"https:\/\/abaa.mx\/tienda\/wp-json\/wp\/v2\/media?parent=7936"}],"wp:term":[{"taxonomy":"product_brand","embeddable":true,"href":"https:\/\/abaa.mx\/tienda\/wp-json\/wp\/v2\/product_brand?post=7936"},{"taxonomy":"product_cat","embeddable":true,"href":"https:\/\/abaa.mx\/tienda\/wp-json\/wp\/v2\/product_cat?post=7936"},{"taxonomy":"product_tag","embeddable":true,"href":"https:\/\/abaa.mx\/tienda\/wp-json\/wp\/v2\/product_tag?post=7936"}],"curies":[{"name":"wp","href":"https:\/\/api.w.org\/{rel}","templated":true}]}}