{"id":7922,"date":"2023-10-25T19:09:44","date_gmt":"2023-10-25T19:09:44","guid":{"rendered":"https:\/\/abaa.mx\/tienda\/?post_type=product&#038;p=7922"},"modified":"2023-10-25T19:09:45","modified_gmt":"2023-10-25T19:09:45","slug":"reed-bx-500-calibrador-de-temperatura-por-infrarrojos-ir-932-f","status":"publish","type":"product","link":"https:\/\/abaa.mx\/tienda\/reed-bx-500-calibrador-de-temperatura-por-infrarrojos-ir-932-f\/","title":{"rendered":"Reed bx-500 calibrador de temperatura por infrarrojos (ir), 932 \u00b0f"},"content":{"rendered":"<p>Este calibrador de temperatura infrarrojo proporciona temperaturas precisas para calibrar instrumentos de temperatura sin contacto. El BX-500 es capaz de generar temperaturas de hasta 932 \u00b0F (500 \u00b0C) y est\u00e1 dise\u00f1ado para acomodar varios term\u00f3metros infrarrojos.<\/p>\n<h5><strong>Funciones<\/strong><\/h5>\n<ul>\n<li>Para calibrar instrumentos de temperatura sin contacto (term\u00f3metros infrarrojos, pir\u00f3metros y c\u00e1maras termogr\u00e1ficas)<\/li>\n<li>La amplia apertura compensa las variaciones del term\u00f3metro infrarrojo \u00f3ptico<\/li>\n<li>P\u00f3ngase en contacto con el pozo de referencia RTD ubicado directamente detr\u00e1s del objetivo del cuerpo negro para asegurar resultados precisos<\/li>\n<\/ul>\n<h4>Especificaciones<\/h4>\n<table class=\"table table-striped\">\n<tbody>\n<tr>\n<td>Rango de temperatura<\/td>\n<td>122 a 932 \u00b0F (50 a 500 \u00b0C)<\/td>\n<\/tr>\n<tr>\n<td>Exactitud<\/td>\n<td>\u2264212 \u00b0F (100 \u00b0C): \u00b11,6 \u00b0F (0,8 \u00b0C) De 212 a 392 \u00b0C (100 a 200 \u00b0F): \u00b13,2 \u00b0C (1,6 \u00b0F) De 392 a 932 \u00b0C (200,500 \u00b0F):<\/p>\n<p>5,6 \u00b0C (\u00b12,8 \u00b0F)<\/td>\n<\/tr>\n<tr>\n<td>Estabilidad<\/td>\n<td>\u2264212 \u00b0F (100 \u00b0C): \u00b10,2 \u00b0F (0,1 \u00b0C) De 212 a 392 \u00b0C (100 a 200 \u00b0F): \u00b10,4 \u00b0F (0,2 \u00b0C) De 392 a 932 \u00b0F (de 200 a 500 \u00b0C):<\/p>\n<p>\u00b10,8 \u00b0F (0,4 \u00b0C)<\/td>\n<\/tr>\n<tr>\n<td>Resoluci\u00f3n<\/td>\n<td>0.1 \u00b0F (0.1 \u00b0C)<\/td>\n<\/tr>\n<tr>\n<td>Emisividad del objetivo<\/td>\n<td>0.95 (fijo)<\/td>\n<\/tr>\n<tr>\n<td>Tiempo de calentamiento<\/td>\n<td>Aprox. 30 minutos como m\u00e1ximo<\/td>\n<\/tr>\n<tr>\n<td>Tiempo de enfriamiento<\/td>\n<td>Aprox. 30 minutos a 122 \u00b0F (100 \u00b0C)<\/td>\n<\/tr>\n<tr>\n<td>Di\u00e1metro de apertura<\/td>\n<td>2,28&#8243; (58 mm)<\/td>\n<\/tr>\n<tr>\n<td>Monitor<\/td>\n<td>Dual LED<\/td>\n<\/tr>\n<tr>\n<td>Fuente de alimentaci\u00f3n<\/td>\n<td>110 VCA, 2,5 A<\/td>\n<\/tr>\n<tr>\n<td>Certificaciones de productos<\/td>\n<td>Despu\u00e9s de Cristo<\/td>\n<\/tr>\n<tr>\n<td>Temperatura de funcionamiento<\/td>\n<td>41 a 95 \u00b0F (5 a 35 \u00b0C)<\/td>\n<\/tr>\n<tr>\n<td>Temperatura de almacenamiento<\/td>\n<td>-4 a 140 \u00b0F (-20 a 60 \u00b0C)<\/td>\n<\/tr>\n<tr>\n<td>Humedad de funcionamiento<\/td>\n<td>Del 15 al 80%<\/td>\n<\/tr>\n<tr>\n<td>Dimensiones<\/td>\n<td>7,1 x 4,5 x 8,8&#8243; (180 x 114 x 233 mm)<\/td>\n<\/tr>\n<tr>\n<td>Peso<\/td>\n<td>6 kg (6,3 libras)<\/td>\n<\/tr>\n<\/tbody>\n<\/table>\n","protected":false},"excerpt":{"rendered":"<p class=\"short-description mhide ipad-view-setting\">Este calibrador de temperatura es para calibrar term\u00f3metros infrarrojos sin contacto de hasta 500 \u00b0C (932 \u00b0F).<\/p>\n<p class=\"comment-tag-product\">\n<div class=\"row-fluid\">\n<div class=\"span12 mobile-pricing-box-padding\">\n<form id=\"142189161\" accept-charset=\"utf-8\" action=\"https:\/\/www.globaltestsupply.com\/shop\/add\" method=\"post\" name=\"addTocartFunction\">\n<div><\/div>\n<\/form>\n<\/div>\n<\/div>\n","protected":false},"featured_media":7927,"comment_status":"open","ping_status":"closed","template":"","meta":{"_joinchat":[]},"product_brand":[],"product_cat":[15],"product_tag":[],"class_list":{"0":"post-7922","1":"product","2":"type-product","3":"status-publish","4":"has-post-thumbnail","6":"product_cat-sin-categorizar","8":"first","9":"instock","10":"shipping-taxable","11":"product-type-simple"},"yoast_head":"<!-- This site is optimized with the Yoast SEO plugin v26.4 - https:\/\/yoast.com\/wordpress\/plugins\/seo\/ -->\n<title>Reed bx-500 calibrador de temperatura por infrarrojos (ir), 932 \u00b0f - Abaa tienda online<\/title>\n<meta name=\"robots\" content=\"index, follow, max-snippet:-1, max-image-preview:large, max-video-preview:-1\" \/>\n<link rel=\"canonical\" href=\"https:\/\/abaa.mx\/tienda\/reed-bx-500-calibrador-de-temperatura-por-infrarrojos-ir-932-f\/\" \/>\n<meta property=\"og:locale\" content=\"es_MX\" \/>\n<meta property=\"og:type\" content=\"article\" \/>\n<meta property=\"og:title\" content=\"Reed bx-500 calibrador de temperatura por infrarrojos (ir), 932 \u00b0f - Abaa tienda online\" \/>\n<meta property=\"og:description\" content=\"Este calibrador de temperatura es para calibrar term\u00f3metros infrarrojos sin contacto de hasta 500 \u00b0C (932 \u00b0F).\" \/>\n<meta property=\"og:url\" content=\"https:\/\/abaa.mx\/tienda\/reed-bx-500-calibrador-de-temperatura-por-infrarrojos-ir-932-f\/\" \/>\n<meta property=\"og:site_name\" content=\"Abaa tienda online\" \/>\n<meta property=\"article:modified_time\" content=\"2023-10-25T19:09:45+00:00\" \/>\n<meta property=\"og:image\" content=\"https:\/\/abaa.mx\/tienda\/wp-content\/uploads\/2023\/10\/BX-500.jpg\" \/>\n\t<meta property=\"og:image:width\" content=\"1125\" \/>\n\t<meta property=\"og:image:height\" content=\"751\" \/>\n\t<meta property=\"og:image:type\" content=\"image\/jpeg\" \/>\n<meta name=\"twitter:card\" content=\"summary_large_image\" \/>\n<meta name=\"twitter:label1\" content=\"Tiempo de lectura\" \/>\n\t<meta name=\"twitter:data1\" content=\"2 minutos\" \/>\n<script type=\"application\/ld+json\" class=\"yoast-schema-graph\">{\"@context\":\"https:\/\/schema.org\",\"@graph\":[{\"@type\":\"WebPage\",\"@id\":\"https:\/\/abaa.mx\/tienda\/reed-bx-500-calibrador-de-temperatura-por-infrarrojos-ir-932-f\/\",\"url\":\"https:\/\/abaa.mx\/tienda\/reed-bx-500-calibrador-de-temperatura-por-infrarrojos-ir-932-f\/\",\"name\":\"Reed bx-500 calibrador de temperatura por infrarrojos (ir), 932 \u00b0f - Abaa tienda online\",\"isPartOf\":{\"@id\":\"https:\/\/abaa.mx\/tienda\/#website\"},\"primaryImageOfPage\":{\"@id\":\"https:\/\/abaa.mx\/tienda\/reed-bx-500-calibrador-de-temperatura-por-infrarrojos-ir-932-f\/#primaryimage\"},\"image\":{\"@id\":\"https:\/\/abaa.mx\/tienda\/reed-bx-500-calibrador-de-temperatura-por-infrarrojos-ir-932-f\/#primaryimage\"},\"thumbnailUrl\":\"https:\/\/abaa.mx\/tienda\/wp-content\/uploads\/2023\/10\/BX-500.jpg\",\"datePublished\":\"2023-10-25T19:09:44+00:00\",\"dateModified\":\"2023-10-25T19:09:45+00:00\",\"breadcrumb\":{\"@id\":\"https:\/\/abaa.mx\/tienda\/reed-bx-500-calibrador-de-temperatura-por-infrarrojos-ir-932-f\/#breadcrumb\"},\"inLanguage\":\"es\",\"potentialAction\":[{\"@type\":\"ReadAction\",\"target\":[\"https:\/\/abaa.mx\/tienda\/reed-bx-500-calibrador-de-temperatura-por-infrarrojos-ir-932-f\/\"]}]},{\"@type\":\"ImageObject\",\"inLanguage\":\"es\",\"@id\":\"https:\/\/abaa.mx\/tienda\/reed-bx-500-calibrador-de-temperatura-por-infrarrojos-ir-932-f\/#primaryimage\",\"url\":\"https:\/\/abaa.mx\/tienda\/wp-content\/uploads\/2023\/10\/BX-500.jpg\",\"contentUrl\":\"https:\/\/abaa.mx\/tienda\/wp-content\/uploads\/2023\/10\/BX-500.jpg\",\"width\":1125,\"height\":751,\"caption\":\"reed-bx-500-calibrador-de-temperatura-por-infrarrojos-ir-932-f\"},{\"@type\":\"BreadcrumbList\",\"@id\":\"https:\/\/abaa.mx\/tienda\/reed-bx-500-calibrador-de-temperatura-por-infrarrojos-ir-932-f\/#breadcrumb\",\"itemListElement\":[{\"@type\":\"ListItem\",\"position\":1,\"name\":\"Inicio\",\"item\":\"https:\/\/abaa.mx\/tienda\/\"},{\"@type\":\"ListItem\",\"position\":2,\"name\":\"Tienda\",\"item\":\"https:\/\/abaa.mx\/tienda\/\"},{\"@type\":\"ListItem\",\"position\":3,\"name\":\"Reed bx-500 calibrador de temperatura por infrarrojos (ir), 932 \u00b0f\"}]},{\"@type\":\"WebSite\",\"@id\":\"https:\/\/abaa.mx\/tienda\/#website\",\"url\":\"https:\/\/abaa.mx\/tienda\/\",\"name\":\"Abaa tienda online\",\"description\":\"Instrumentos de medici\u00f3n\",\"publisher\":{\"@id\":\"https:\/\/abaa.mx\/tienda\/#organization\"},\"potentialAction\":[{\"@type\":\"SearchAction\",\"target\":{\"@type\":\"EntryPoint\",\"urlTemplate\":\"https:\/\/abaa.mx\/tienda\/?s={search_term_string}\"},\"query-input\":{\"@type\":\"PropertyValueSpecification\",\"valueRequired\":true,\"valueName\":\"search_term_string\"}}],\"inLanguage\":\"es\"},{\"@type\":\"Organization\",\"@id\":\"https:\/\/abaa.mx\/tienda\/#organization\",\"name\":\"Abaa tienda online\",\"url\":\"https:\/\/abaa.mx\/tienda\/\",\"logo\":{\"@type\":\"ImageObject\",\"inLanguage\":\"es\",\"@id\":\"https:\/\/abaa.mx\/tienda\/#\/schema\/logo\/image\/\",\"url\":\"https:\/\/abaa.mx\/tienda\/wp-content\/uploads\/2024\/01\/abaa-metrologia-tienda.png\",\"contentUrl\":\"https:\/\/abaa.mx\/tienda\/wp-content\/uploads\/2024\/01\/abaa-metrologia-tienda.png\",\"width\":300,\"height\":141,\"caption\":\"Abaa tienda online\"},\"image\":{\"@id\":\"https:\/\/abaa.mx\/tienda\/#\/schema\/logo\/image\/\"}}]}<\/script>\n<!-- \/ Yoast SEO plugin. -->","yoast_head_json":{"title":"Reed bx-500 calibrador de temperatura por infrarrojos (ir), 932 \u00b0f - Abaa tienda online","robots":{"index":"index","follow":"follow","max-snippet":"max-snippet:-1","max-image-preview":"max-image-preview:large","max-video-preview":"max-video-preview:-1"},"canonical":"https:\/\/abaa.mx\/tienda\/reed-bx-500-calibrador-de-temperatura-por-infrarrojos-ir-932-f\/","og_locale":"es_MX","og_type":"article","og_title":"Reed bx-500 calibrador de temperatura por infrarrojos (ir), 932 \u00b0f - Abaa tienda online","og_description":"Este calibrador de temperatura es para calibrar term\u00f3metros infrarrojos sin contacto de hasta 500 \u00b0C (932 \u00b0F).","og_url":"https:\/\/abaa.mx\/tienda\/reed-bx-500-calibrador-de-temperatura-por-infrarrojos-ir-932-f\/","og_site_name":"Abaa tienda online","article_modified_time":"2023-10-25T19:09:45+00:00","og_image":[{"width":1125,"height":751,"url":"https:\/\/abaa.mx\/tienda\/wp-content\/uploads\/2023\/10\/BX-500.jpg","type":"image\/jpeg"}],"twitter_card":"summary_large_image","twitter_misc":{"Tiempo de lectura":"2 minutos"},"schema":{"@context":"https:\/\/schema.org","@graph":[{"@type":"WebPage","@id":"https:\/\/abaa.mx\/tienda\/reed-bx-500-calibrador-de-temperatura-por-infrarrojos-ir-932-f\/","url":"https:\/\/abaa.mx\/tienda\/reed-bx-500-calibrador-de-temperatura-por-infrarrojos-ir-932-f\/","name":"Reed bx-500 calibrador de temperatura por infrarrojos (ir), 932 \u00b0f - Abaa tienda online","isPartOf":{"@id":"https:\/\/abaa.mx\/tienda\/#website"},"primaryImageOfPage":{"@id":"https:\/\/abaa.mx\/tienda\/reed-bx-500-calibrador-de-temperatura-por-infrarrojos-ir-932-f\/#primaryimage"},"image":{"@id":"https:\/\/abaa.mx\/tienda\/reed-bx-500-calibrador-de-temperatura-por-infrarrojos-ir-932-f\/#primaryimage"},"thumbnailUrl":"https:\/\/abaa.mx\/tienda\/wp-content\/uploads\/2023\/10\/BX-500.jpg","datePublished":"2023-10-25T19:09:44+00:00","dateModified":"2023-10-25T19:09:45+00:00","breadcrumb":{"@id":"https:\/\/abaa.mx\/tienda\/reed-bx-500-calibrador-de-temperatura-por-infrarrojos-ir-932-f\/#breadcrumb"},"inLanguage":"es","potentialAction":[{"@type":"ReadAction","target":["https:\/\/abaa.mx\/tienda\/reed-bx-500-calibrador-de-temperatura-por-infrarrojos-ir-932-f\/"]}]},{"@type":"ImageObject","inLanguage":"es","@id":"https:\/\/abaa.mx\/tienda\/reed-bx-500-calibrador-de-temperatura-por-infrarrojos-ir-932-f\/#primaryimage","url":"https:\/\/abaa.mx\/tienda\/wp-content\/uploads\/2023\/10\/BX-500.jpg","contentUrl":"https:\/\/abaa.mx\/tienda\/wp-content\/uploads\/2023\/10\/BX-500.jpg","width":1125,"height":751,"caption":"reed-bx-500-calibrador-de-temperatura-por-infrarrojos-ir-932-f"},{"@type":"BreadcrumbList","@id":"https:\/\/abaa.mx\/tienda\/reed-bx-500-calibrador-de-temperatura-por-infrarrojos-ir-932-f\/#breadcrumb","itemListElement":[{"@type":"ListItem","position":1,"name":"Inicio","item":"https:\/\/abaa.mx\/tienda\/"},{"@type":"ListItem","position":2,"name":"Tienda","item":"https:\/\/abaa.mx\/tienda\/"},{"@type":"ListItem","position":3,"name":"Reed bx-500 calibrador de temperatura por infrarrojos (ir), 932 \u00b0f"}]},{"@type":"WebSite","@id":"https:\/\/abaa.mx\/tienda\/#website","url":"https:\/\/abaa.mx\/tienda\/","name":"Abaa tienda online","description":"Instrumentos de medici\u00f3n","publisher":{"@id":"https:\/\/abaa.mx\/tienda\/#organization"},"potentialAction":[{"@type":"SearchAction","target":{"@type":"EntryPoint","urlTemplate":"https:\/\/abaa.mx\/tienda\/?s={search_term_string}"},"query-input":{"@type":"PropertyValueSpecification","valueRequired":true,"valueName":"search_term_string"}}],"inLanguage":"es"},{"@type":"Organization","@id":"https:\/\/abaa.mx\/tienda\/#organization","name":"Abaa tienda online","url":"https:\/\/abaa.mx\/tienda\/","logo":{"@type":"ImageObject","inLanguage":"es","@id":"https:\/\/abaa.mx\/tienda\/#\/schema\/logo\/image\/","url":"https:\/\/abaa.mx\/tienda\/wp-content\/uploads\/2024\/01\/abaa-metrologia-tienda.png","contentUrl":"https:\/\/abaa.mx\/tienda\/wp-content\/uploads\/2024\/01\/abaa-metrologia-tienda.png","width":300,"height":141,"caption":"Abaa tienda online"},"image":{"@id":"https:\/\/abaa.mx\/tienda\/#\/schema\/logo\/image\/"}}]}},"_links":{"self":[{"href":"https:\/\/abaa.mx\/tienda\/wp-json\/wp\/v2\/product\/7922","targetHints":{"allow":["GET"]}}],"collection":[{"href":"https:\/\/abaa.mx\/tienda\/wp-json\/wp\/v2\/product"}],"about":[{"href":"https:\/\/abaa.mx\/tienda\/wp-json\/wp\/v2\/types\/product"}],"replies":[{"embeddable":true,"href":"https:\/\/abaa.mx\/tienda\/wp-json\/wp\/v2\/comments?post=7922"}],"wp:featuredmedia":[{"embeddable":true,"href":"https:\/\/abaa.mx\/tienda\/wp-json\/wp\/v2\/media\/7927"}],"wp:attachment":[{"href":"https:\/\/abaa.mx\/tienda\/wp-json\/wp\/v2\/media?parent=7922"}],"wp:term":[{"taxonomy":"product_brand","embeddable":true,"href":"https:\/\/abaa.mx\/tienda\/wp-json\/wp\/v2\/product_brand?post=7922"},{"taxonomy":"product_cat","embeddable":true,"href":"https:\/\/abaa.mx\/tienda\/wp-json\/wp\/v2\/product_cat?post=7922"},{"taxonomy":"product_tag","embeddable":true,"href":"https:\/\/abaa.mx\/tienda\/wp-json\/wp\/v2\/product_tag?post=7922"}],"curies":[{"name":"wp","href":"https:\/\/api.w.org\/{rel}","templated":true}]}}