{"id":7908,"date":"2023-10-25T17:48:11","date_gmt":"2023-10-25T17:48:11","guid":{"rendered":"https:\/\/abaa.mx\/tienda\/?post_type=product&#038;p=7908"},"modified":"2023-12-04T19:20:59","modified_gmt":"2023-12-04T19:20:59","slug":"reed-r3530-nist-medidor-de-conductividad-tds-salinidad","status":"publish","type":"product","link":"https:\/\/abaa.mx\/tienda\/reed-r3530-nist-medidor-de-conductividad-tds-salinidad\/","title":{"rendered":"Reed r3530-nist medidor de conductividad-tds-salinidad"},"content":{"rendered":"<p>El medidor digital tipo bol\u00edgrafo muestra la temperatura y la conductividad, los s\u00f3lidos disueltos totales (TDS) o los niveles de sal simult\u00e1neamente en una pantalla LCD dual. El R3530 cuenta con funciones de retenci\u00f3n de datos y m\u00e1x.\/min., compensaci\u00f3n autom\u00e1tica de temperatura (ATC) y un procedimiento de calibraci\u00f3n incorporado.<\/p>\n<h5><strong>Funciones<\/strong><\/h5>\n<ul>\n<li>Mide la conductividad, los s\u00f3lidos disueltos totales (TDS) y los niveles de sal en un l\u00edquido<\/li>\n<li>Compensaci\u00f3n autom\u00e1tica de temperatura<\/li>\n<li>Retenci\u00f3n de datos y funciones M\u00edn.\/M\u00e1x.<\/li>\n<li>\u00b0F o \u00b0C seleccionables por el usuario<\/li>\n<li>La carcasa resistente al agua cumple con el est\u00e1ndar IP57<\/li>\n<li>M\u00f3dulo de electrodo reemplazable<\/li>\n<li>Indicador de bater\u00eda baja y apagado autom\u00e1tico<\/li>\n<\/ul>\n<h4>Especificaciones de REED R3530-NIST<\/h4>\n<table class=\"table table-striped\">\n<tbody>\n<tr>\n<td colspan=\"2\"><strong>Conductividad<\/strong><\/td>\n<\/tr>\n<tr>\n<td>Rango de medici\u00f3n<\/td>\n<td>De 0 a 2000 \u03bcS De 2 a 20 mS<\/td>\n<\/tr>\n<tr>\n<td>Exactitud<\/td>\n<td>\u00b12%FS<\/td>\n<\/tr>\n<tr>\n<td>Resoluci\u00f3n<\/td>\n<td>1\u03bcS, 0.01mS<\/td>\n<\/tr>\n<tr>\n<td colspan=\"2\"><strong>TDS (S\u00f3lidos Disueltos Totales)<\/strong><\/td>\n<\/tr>\n<tr>\n<td>Rango de medici\u00f3n<\/td>\n<td>De 0 a 1300 ppm<br \/>\nDe 1,30 a 13 ppt<\/td>\n<\/tr>\n<tr>\n<td>Exactitud<\/td>\n<td>\u00b12%FS<\/td>\n<\/tr>\n<tr>\n<td>Resoluci\u00f3n<\/td>\n<td>1 ppm\/0,01 ppt<\/td>\n<\/tr>\n<tr>\n<td colspan=\"2\"><strong>Salinidad<\/strong><\/td>\n<\/tr>\n<tr>\n<td>Rango de medici\u00f3n<\/td>\n<td>De 0 a 1000 ppm<br \/>\nDe 1 a 12 ppt<\/td>\n<\/tr>\n<tr>\n<td>Exactitud<\/td>\n<td>\u00b12%FS<\/td>\n<\/tr>\n<tr>\n<td>Resoluci\u00f3n<\/td>\n<td>1 ppm\/0,01 ppt<\/td>\n<\/tr>\n<tr>\n<td colspan=\"2\"><strong>Temperatura<\/strong><\/td>\n<\/tr>\n<tr>\n<td>Rango de medici\u00f3n<\/td>\n<td>De 32 a 194 \u00b0C (de 0 a 90 \u00b0F)<\/td>\n<\/tr>\n<tr>\n<td>Exactitud<\/td>\n<td>\u00b10,4 \u00b0F (0,2 \u00b0C) +1 dgt.<\/td>\n<\/tr>\n<tr>\n<td>Resoluci\u00f3n<\/td>\n<td>\u00b10.1 \u00b0F (\u00b10.1 \u00b0C)<\/td>\n<\/tr>\n<tr>\n<td colspan=\"2\"><strong>Especificaciones generales<\/strong><\/td>\n<\/tr>\n<tr>\n<td>Monitor<\/td>\n<td>Pantalla dual, LCD<\/td>\n<\/tr>\n<tr>\n<td>Retenci\u00f3n de datos<\/td>\n<td>S\u00ed<\/td>\n<\/tr>\n<tr>\n<td>M\u00edn.\/M\u00e1x.<\/td>\n<td>S\u00ed<\/td>\n<\/tr>\n<tr>\n<td>Apagado autom\u00e1tico<\/td>\n<td>S\u00ed (despu\u00e9s de 10 minutos\/apagado)<\/td>\n<\/tr>\n<tr>\n<td>Indicador de bater\u00eda baja<\/td>\n<td>S\u00ed<\/td>\n<\/tr>\n<tr>\n<td>Fuente de alimentaci\u00f3n<\/td>\n<td>4 pilas AAA<\/td>\n<\/tr>\n<tr>\n<td>Certificaciones de productos<\/td>\n<td>CE, IP57<\/td>\n<\/tr>\n<tr>\n<td>Temperatura de funcionamiento<\/td>\n<td>De 32 a 122 \u00b0C (de 0 a 50 \u00b0F)<\/td>\n<\/tr>\n<tr>\n<td>Temperatura de almacenamiento<\/td>\n<td>De -14 a 140 \u00b0C (de 10 a 60 \u00b0F)<\/td>\n<\/tr>\n<tr>\n<td>Rango de humedad de funcionamiento<\/td>\n<td>Del 10 al 80%<\/td>\n<\/tr>\n<tr>\n<td>Dimensiones<\/td>\n<td>7,7 x 1,6 x 1,4&#8243; (195 x 40 x 36 mm)<\/td>\n<\/tr>\n<tr>\n<td>Peso<\/td>\n<td>0 g (3,135 lb)<\/td>\n<\/tr>\n<\/tbody>\n<\/table>\n","protected":false},"excerpt":{"rendered":"<p class=\"short-description mhide ipad-view-setting\">Este medidor 4 en 1 mide la conductividad, los s\u00f3lidos disueltos totales (TDS), la salinidad y la temperatura.<\/p>\n<div class=\"row-fluid\">\n<div class=\"span12 mobile-pricing-box-padding\">\n<form id=\"142188045\" accept-charset=\"utf-8\" action=\"https:\/\/www.globaltestsupply.com\/shop\/add\" method=\"post\" name=\"addTocartFunction\">\n<div><\/div>\n<\/form>\n<\/div>\n<\/div>\n","protected":false},"featured_media":7910,"comment_status":"open","ping_status":"closed","template":"","meta":{"_joinchat":[]},"product_brand":[],"product_cat":[15],"product_tag":[],"class_list":{"0":"post-7908","1":"product","2":"type-product","3":"status-publish","4":"has-post-thumbnail","6":"product_cat-sin-categorizar","8":"first","9":"instock","10":"shipping-taxable","11":"product-type-simple"},"yoast_head":"<!-- This site is optimized with the Yoast SEO plugin v26.4 - https:\/\/yoast.com\/wordpress\/plugins\/seo\/ -->\n<title>Reed r3530-nist medidor de conductividad-tds-salinidad - Abaa tienda online<\/title>\n<meta name=\"robots\" content=\"index, follow, max-snippet:-1, max-image-preview:large, max-video-preview:-1\" \/>\n<link rel=\"canonical\" href=\"https:\/\/abaa.mx\/tienda\/reed-r3530-nist-medidor-de-conductividad-tds-salinidad\/\" \/>\n<meta property=\"og:locale\" content=\"es_MX\" \/>\n<meta property=\"og:type\" content=\"article\" \/>\n<meta property=\"og:title\" content=\"Reed r3530-nist medidor de conductividad-tds-salinidad - Abaa tienda online\" \/>\n<meta property=\"og:description\" content=\"Este medidor 4 en 1 mide la conductividad, los s\u00f3lidos disueltos totales (TDS), la salinidad y la temperatura.\" \/>\n<meta property=\"og:url\" content=\"https:\/\/abaa.mx\/tienda\/reed-r3530-nist-medidor-de-conductividad-tds-salinidad\/\" \/>\n<meta property=\"og:site_name\" content=\"Abaa tienda online\" \/>\n<meta property=\"article:modified_time\" content=\"2023-12-04T19:20:59+00:00\" \/>\n<meta property=\"og:image\" content=\"https:\/\/abaa.mx\/tienda\/wp-content\/uploads\/2023\/10\/R3530-NIST.jpg\" \/>\n\t<meta property=\"og:image:width\" content=\"300\" \/>\n\t<meta property=\"og:image:height\" content=\"550\" \/>\n\t<meta property=\"og:image:type\" content=\"image\/jpeg\" \/>\n<meta name=\"twitter:card\" content=\"summary_large_image\" \/>\n<meta name=\"twitter:label1\" content=\"Tiempo de lectura\" \/>\n\t<meta name=\"twitter:data1\" content=\"2 minutos\" \/>\n<script type=\"application\/ld+json\" class=\"yoast-schema-graph\">{\"@context\":\"https:\/\/schema.org\",\"@graph\":[{\"@type\":\"WebPage\",\"@id\":\"https:\/\/abaa.mx\/tienda\/reed-r3530-nist-medidor-de-conductividad-tds-salinidad\/\",\"url\":\"https:\/\/abaa.mx\/tienda\/reed-r3530-nist-medidor-de-conductividad-tds-salinidad\/\",\"name\":\"Reed r3530-nist medidor de conductividad-tds-salinidad - Abaa tienda online\",\"isPartOf\":{\"@id\":\"https:\/\/abaa.mx\/tienda\/#website\"},\"primaryImageOfPage\":{\"@id\":\"https:\/\/abaa.mx\/tienda\/reed-r3530-nist-medidor-de-conductividad-tds-salinidad\/#primaryimage\"},\"image\":{\"@id\":\"https:\/\/abaa.mx\/tienda\/reed-r3530-nist-medidor-de-conductividad-tds-salinidad\/#primaryimage\"},\"thumbnailUrl\":\"https:\/\/abaa.mx\/tienda\/wp-content\/uploads\/2023\/10\/R3530-NIST.jpg\",\"datePublished\":\"2023-10-25T17:48:11+00:00\",\"dateModified\":\"2023-12-04T19:20:59+00:00\",\"breadcrumb\":{\"@id\":\"https:\/\/abaa.mx\/tienda\/reed-r3530-nist-medidor-de-conductividad-tds-salinidad\/#breadcrumb\"},\"inLanguage\":\"es\",\"potentialAction\":[{\"@type\":\"ReadAction\",\"target\":[\"https:\/\/abaa.mx\/tienda\/reed-r3530-nist-medidor-de-conductividad-tds-salinidad\/\"]}]},{\"@type\":\"ImageObject\",\"inLanguage\":\"es\",\"@id\":\"https:\/\/abaa.mx\/tienda\/reed-r3530-nist-medidor-de-conductividad-tds-salinidad\/#primaryimage\",\"url\":\"https:\/\/abaa.mx\/tienda\/wp-content\/uploads\/2023\/10\/R3530-NIST.jpg\",\"contentUrl\":\"https:\/\/abaa.mx\/tienda\/wp-content\/uploads\/2023\/10\/R3530-NIST.jpg\",\"width\":300,\"height\":550,\"caption\":\"reed-r3530-nist-medidor-de-conductividad-tds-salinidad\"},{\"@type\":\"BreadcrumbList\",\"@id\":\"https:\/\/abaa.mx\/tienda\/reed-r3530-nist-medidor-de-conductividad-tds-salinidad\/#breadcrumb\",\"itemListElement\":[{\"@type\":\"ListItem\",\"position\":1,\"name\":\"Inicio\",\"item\":\"https:\/\/abaa.mx\/tienda\/\"},{\"@type\":\"ListItem\",\"position\":2,\"name\":\"Tienda\",\"item\":\"https:\/\/abaa.mx\/tienda\/\"},{\"@type\":\"ListItem\",\"position\":3,\"name\":\"Reed r3530-nist medidor de conductividad-tds-salinidad\"}]},{\"@type\":\"WebSite\",\"@id\":\"https:\/\/abaa.mx\/tienda\/#website\",\"url\":\"https:\/\/abaa.mx\/tienda\/\",\"name\":\"Abaa tienda online\",\"description\":\"Instrumentos de medici\u00f3n\",\"publisher\":{\"@id\":\"https:\/\/abaa.mx\/tienda\/#organization\"},\"potentialAction\":[{\"@type\":\"SearchAction\",\"target\":{\"@type\":\"EntryPoint\",\"urlTemplate\":\"https:\/\/abaa.mx\/tienda\/?s={search_term_string}\"},\"query-input\":{\"@type\":\"PropertyValueSpecification\",\"valueRequired\":true,\"valueName\":\"search_term_string\"}}],\"inLanguage\":\"es\"},{\"@type\":\"Organization\",\"@id\":\"https:\/\/abaa.mx\/tienda\/#organization\",\"name\":\"Abaa tienda online\",\"url\":\"https:\/\/abaa.mx\/tienda\/\",\"logo\":{\"@type\":\"ImageObject\",\"inLanguage\":\"es\",\"@id\":\"https:\/\/abaa.mx\/tienda\/#\/schema\/logo\/image\/\",\"url\":\"https:\/\/abaa.mx\/tienda\/wp-content\/uploads\/2024\/01\/abaa-metrologia-tienda.png\",\"contentUrl\":\"https:\/\/abaa.mx\/tienda\/wp-content\/uploads\/2024\/01\/abaa-metrologia-tienda.png\",\"width\":300,\"height\":141,\"caption\":\"Abaa tienda online\"},\"image\":{\"@id\":\"https:\/\/abaa.mx\/tienda\/#\/schema\/logo\/image\/\"}}]}<\/script>\n<!-- \/ Yoast SEO plugin. -->","yoast_head_json":{"title":"Reed r3530-nist medidor de conductividad-tds-salinidad - Abaa tienda online","robots":{"index":"index","follow":"follow","max-snippet":"max-snippet:-1","max-image-preview":"max-image-preview:large","max-video-preview":"max-video-preview:-1"},"canonical":"https:\/\/abaa.mx\/tienda\/reed-r3530-nist-medidor-de-conductividad-tds-salinidad\/","og_locale":"es_MX","og_type":"article","og_title":"Reed r3530-nist medidor de conductividad-tds-salinidad - Abaa tienda online","og_description":"Este medidor 4 en 1 mide la conductividad, los s\u00f3lidos disueltos totales (TDS), la salinidad y la temperatura.","og_url":"https:\/\/abaa.mx\/tienda\/reed-r3530-nist-medidor-de-conductividad-tds-salinidad\/","og_site_name":"Abaa tienda online","article_modified_time":"2023-12-04T19:20:59+00:00","og_image":[{"width":300,"height":550,"url":"https:\/\/abaa.mx\/tienda\/wp-content\/uploads\/2023\/10\/R3530-NIST.jpg","type":"image\/jpeg"}],"twitter_card":"summary_large_image","twitter_misc":{"Tiempo de lectura":"2 minutos"},"schema":{"@context":"https:\/\/schema.org","@graph":[{"@type":"WebPage","@id":"https:\/\/abaa.mx\/tienda\/reed-r3530-nist-medidor-de-conductividad-tds-salinidad\/","url":"https:\/\/abaa.mx\/tienda\/reed-r3530-nist-medidor-de-conductividad-tds-salinidad\/","name":"Reed r3530-nist medidor de conductividad-tds-salinidad - Abaa tienda online","isPartOf":{"@id":"https:\/\/abaa.mx\/tienda\/#website"},"primaryImageOfPage":{"@id":"https:\/\/abaa.mx\/tienda\/reed-r3530-nist-medidor-de-conductividad-tds-salinidad\/#primaryimage"},"image":{"@id":"https:\/\/abaa.mx\/tienda\/reed-r3530-nist-medidor-de-conductividad-tds-salinidad\/#primaryimage"},"thumbnailUrl":"https:\/\/abaa.mx\/tienda\/wp-content\/uploads\/2023\/10\/R3530-NIST.jpg","datePublished":"2023-10-25T17:48:11+00:00","dateModified":"2023-12-04T19:20:59+00:00","breadcrumb":{"@id":"https:\/\/abaa.mx\/tienda\/reed-r3530-nist-medidor-de-conductividad-tds-salinidad\/#breadcrumb"},"inLanguage":"es","potentialAction":[{"@type":"ReadAction","target":["https:\/\/abaa.mx\/tienda\/reed-r3530-nist-medidor-de-conductividad-tds-salinidad\/"]}]},{"@type":"ImageObject","inLanguage":"es","@id":"https:\/\/abaa.mx\/tienda\/reed-r3530-nist-medidor-de-conductividad-tds-salinidad\/#primaryimage","url":"https:\/\/abaa.mx\/tienda\/wp-content\/uploads\/2023\/10\/R3530-NIST.jpg","contentUrl":"https:\/\/abaa.mx\/tienda\/wp-content\/uploads\/2023\/10\/R3530-NIST.jpg","width":300,"height":550,"caption":"reed-r3530-nist-medidor-de-conductividad-tds-salinidad"},{"@type":"BreadcrumbList","@id":"https:\/\/abaa.mx\/tienda\/reed-r3530-nist-medidor-de-conductividad-tds-salinidad\/#breadcrumb","itemListElement":[{"@type":"ListItem","position":1,"name":"Inicio","item":"https:\/\/abaa.mx\/tienda\/"},{"@type":"ListItem","position":2,"name":"Tienda","item":"https:\/\/abaa.mx\/tienda\/"},{"@type":"ListItem","position":3,"name":"Reed r3530-nist medidor de conductividad-tds-salinidad"}]},{"@type":"WebSite","@id":"https:\/\/abaa.mx\/tienda\/#website","url":"https:\/\/abaa.mx\/tienda\/","name":"Abaa tienda online","description":"Instrumentos de medici\u00f3n","publisher":{"@id":"https:\/\/abaa.mx\/tienda\/#organization"},"potentialAction":[{"@type":"SearchAction","target":{"@type":"EntryPoint","urlTemplate":"https:\/\/abaa.mx\/tienda\/?s={search_term_string}"},"query-input":{"@type":"PropertyValueSpecification","valueRequired":true,"valueName":"search_term_string"}}],"inLanguage":"es"},{"@type":"Organization","@id":"https:\/\/abaa.mx\/tienda\/#organization","name":"Abaa tienda online","url":"https:\/\/abaa.mx\/tienda\/","logo":{"@type":"ImageObject","inLanguage":"es","@id":"https:\/\/abaa.mx\/tienda\/#\/schema\/logo\/image\/","url":"https:\/\/abaa.mx\/tienda\/wp-content\/uploads\/2024\/01\/abaa-metrologia-tienda.png","contentUrl":"https:\/\/abaa.mx\/tienda\/wp-content\/uploads\/2024\/01\/abaa-metrologia-tienda.png","width":300,"height":141,"caption":"Abaa tienda online"},"image":{"@id":"https:\/\/abaa.mx\/tienda\/#\/schema\/logo\/image\/"}}]}},"_links":{"self":[{"href":"https:\/\/abaa.mx\/tienda\/wp-json\/wp\/v2\/product\/7908","targetHints":{"allow":["GET"]}}],"collection":[{"href":"https:\/\/abaa.mx\/tienda\/wp-json\/wp\/v2\/product"}],"about":[{"href":"https:\/\/abaa.mx\/tienda\/wp-json\/wp\/v2\/types\/product"}],"replies":[{"embeddable":true,"href":"https:\/\/abaa.mx\/tienda\/wp-json\/wp\/v2\/comments?post=7908"}],"wp:featuredmedia":[{"embeddable":true,"href":"https:\/\/abaa.mx\/tienda\/wp-json\/wp\/v2\/media\/7910"}],"wp:attachment":[{"href":"https:\/\/abaa.mx\/tienda\/wp-json\/wp\/v2\/media?parent=7908"}],"wp:term":[{"taxonomy":"product_brand","embeddable":true,"href":"https:\/\/abaa.mx\/tienda\/wp-json\/wp\/v2\/product_brand?post=7908"},{"taxonomy":"product_cat","embeddable":true,"href":"https:\/\/abaa.mx\/tienda\/wp-json\/wp\/v2\/product_cat?post=7908"},{"taxonomy":"product_tag","embeddable":true,"href":"https:\/\/abaa.mx\/tienda\/wp-json\/wp\/v2\/product_tag?post=7908"}],"curies":[{"name":"wp","href":"https:\/\/api.w.org\/{rel}","templated":true}]}}